{"id":2670,"date":"2025-03-31T12:45:17","date_gmt":"2025-03-31T09:45:17","guid":{"rendered":"https:\/\/safetypartners.fi\/kauppa\/?post_type=product&#038;p=2670"},"modified":"2026-02-02T10:59:50","modified_gmt":"2026-02-02T08:59:50","slug":"medic-hellavarainen-desinfiointivaahto","status":"publish","type":"product","link":"https:\/\/safetypartners.fi\/kauppa\/tuote\/medic-hellavarainen-desinfiointivaahto","title":{"rendered":"Medic hell\u00e4varainen desinfiointivaahto"},"content":{"rendered":"<p>Dermatologisesti testattu desinfiointivaahto pyyhkii iholta pois 99,9% bakteereista ja viruksista.<\/p>\n<p><strong>K\u00e4ytt\u00f6ohje:<\/strong><\/p>\n<p>Annostele nokare vaahtoa k\u00e4siin ja hiero 30 sekunnin ajan. \u00c4l\u00e4 huuhtele.<\/p>\n<p>Ei ravisteltava.<\/p>\n","protected":false},"excerpt":{"rendered":"<p><strong><span id=\"page111R_mcid19\" class=\"markedContent\"><span dir=\"ltr\" role=\"presentation\">Medicin hell\u00e4varainen desinfiointivaahto <\/span><\/span><\/strong><span id=\"page111R_mcid19\" class=\"markedContent\"><span dir=\"ltr\" role=\"presentation\">on alkoholiton vaihtoehto k\u00e4sien puhdistamiseen vesipisteen puuttuessa. Hajusteeton, pehme\u00e4 vaahto tappaa 99,9% bakteereista ja viruksista. 30 sekunnin kuluessa vaahto pyyhkii pois muun muassa salmonella-, listeria- ja rotavirukset. Pieni pakkaus on helppo ja kevyt kantaa mukana. <\/span><\/span><span id=\"page111R_mcid32\" class=\"markedContent\"><\/span>Dermatologisesti testattu.<\/p>\n","protected":false},"featured_media":2672,"comment_status":"open","ping_status":"closed","template":"","meta":{"_uag_custom_page_level_css":"","site-sidebar-layout":"default","site-content-layout":"","ast-site-content-layout":"default","site-content-style":"default","site-sidebar-style":"default","ast-global-header-display":"","ast-banner-title-visibility":"","ast-main-header-display":"","ast-hfb-above-header-display":"","ast-hfb-below-header-display":"","ast-hfb-mobile-header-display":"","site-post-title":"","ast-breadcrumbs-content":"","ast-featured-img":"","footer-sml-layout":"","ast-disable-related-posts":"","theme-transparent-header-meta":"default","adv-header-id-meta":"","stick-header-meta":"default","header-above-stick-meta":"","header-main-stick-meta":"","header-below-stick-meta":"","astra-migrate-meta-layouts":"set","ast-page-background-enabled":"default","ast-page-background-meta":{"desktop":{"background-color":"","background-image":"","background-repeat":"repeat","background-position":"center center","background-size":"auto","background-attachment":"scroll","background-type":"","background-media":"","overlay-type":"","overlay-color":"","overlay-opacity":"","overlay-gradient":""},"tablet":{"background-color":"","background-image":"","background-repeat":"repeat","background-position":"center center","background-size":"auto","background-attachment":"scroll","background-type":"","background-media":"","overlay-type":"","overlay-color":"","overlay-opacity":"","overlay-gradient":""},"mobile":{"background-color":"","background-image":"","background-repeat":"repeat","background-position":"center center","background-size":"auto","background-attachment":"scroll","background-type":"","background-media":"","overlay-type":"","overlay-color":"","overlay-opacity":"","overlay-gradient":""}},"ast-content-background-meta":{"desktop":{"background-color":"var(--ast-global-color-5)","background-image":"","background-repeat":"repeat","background-position":"center center","background-size":"auto","background-attachment":"scroll","background-type":"","background-media":"","overlay-type":"","overlay-color":"","overlay-opacity":"","overlay-gradient":""},"tablet":{"background-color":"var(--ast-global-color-5)","background-image":"","background-repeat":"repeat","background-position":"center center","background-size":"auto","background-attachment":"scroll","background-type":"","background-media":"","overlay-type":"","overlay-color":"","overlay-opacity":"","overlay-gradient":""},"mobile":{"background-color":"var(--ast-global-color-5)","background-image":"","background-repeat":"repeat","background-position":"center center","background-size":"auto","background-attachment":"scroll","background-type":"","background-media":"","overlay-type":"","overlay-color":"","overlay-opacity":"","overlay-gradient":""}}},"product_brand":[],"product_cat":[42,15],"product_tag":[1154,859,1151,1155,1156,1153,1152,666,111,1243],"class_list":{"0":"post-2670","1":"product","2":"type-product","3":"status-publish","4":"has-post-thumbnail","6":"product_cat-ensiapu","7":"product_cat-yleinen","8":"product_tag-alkoholiton","9":"product_tag-desinfiointi","10":"product_tag-desinfiointivaahto","11":"product_tag-hajusteeton","12":"product_tag-hellavarainen","13":"product_tag-kadet","14":"product_tag-kasihygienia","15":"product_tag-medic","16":"product_tag-vaahto","17":"product_tag-varautuminen","18":"product_shipping_class-suomi","19":"desktop-align-center","20":"tablet-align-center","21":"mobile-align-center","22":"ast-product-gallery-layout-horizontal-slider","23":"ast-product-gallery-with-no-image","24":"ast-product-tabs-layout-horizontal","26":"first","27":"instock","28":"sale","29":"taxable","30":"shipping-taxable","31":"purchasable","32":"product-type-simple"},"yoast_head":"<!-- This site is optimized with the Yoast SEO plugin v27.3 - https:\/\/yoast.com\/product\/yoast-seo-wordpress\/ -->\n<title>Medic hell\u00e4varainen desinfiointivaahto - Safety Partners<\/title>\n<meta name=\"description\" content=\"Hell\u00e4varainen desinfiointivaahto on alkoholiton vaihtoehto k\u00e4sien puhdistamiseen. Dermatologisesti testatulla, hajusteettomalla vaahdolla on 99,9% teho.\" \/>\n<meta name=\"robots\" content=\"index, follow, max-snippet:-1, max-image-preview:large, max-video-preview:-1\" \/>\n<link rel=\"canonical\" href=\"https:\/\/safetypartners.fi\/kauppa\/tuote\/medic-hellavarainen-desinfiointivaahto\" \/>\n<meta property=\"og:locale\" content=\"fi_FI\" \/>\n<meta property=\"og:type\" content=\"article\" \/>\n<meta property=\"og:title\" content=\"Medic hell\u00e4varainen desinfiointivaahto - Safety Partners\" \/>\n<meta property=\"og:description\" content=\"Hell\u00e4varainen desinfiointivaahto on alkoholiton vaihtoehto k\u00e4sien puhdistamiseen. Dermatologisesti testatulla, hajusteettomalla vaahdolla on 99,9% teho.\" \/>\n<meta property=\"og:url\" content=\"https:\/\/safetypartners.fi\/kauppa\/tuote\/medic-hellavarainen-desinfiointivaahto\" \/>\n<meta property=\"og:site_name\" content=\"Safety Partners\" \/>\n<meta property=\"article:modified_time\" content=\"2026-02-02T08:59:50+00:00\" \/>\n<meta property=\"og:image\" content=\"https:\/\/safetypartners.fi\/kauppa\/wp-content\/uploads\/2025\/03\/Medic-desinfiointivaahto-e1743416264607.png\" \/>\n\t<meta property=\"og:image:width\" content=\"750\" \/>\n\t<meta property=\"og:image:height\" content=\"1154\" \/>\n\t<meta property=\"og:image:type\" content=\"image\/png\" \/>\n<meta name=\"twitter:card\" content=\"summary_large_image\" \/>\n<meta name=\"twitter:label1\" content=\"Arvioitu lukuaika\" \/>\n\t<meta name=\"twitter:data1\" content=\"1 minuutti\" \/>\n<script type=\"application\/ld+json\" class=\"yoast-schema-graph\">{\"@context\":\"https:\\\/\\\/schema.org\",\"@graph\":[{\"@type\":\"WebPage\",\"@id\":\"https:\\\/\\\/safetypartners.fi\\\/kauppa\\\/tuote\\\/medic-hellavarainen-desinfiointivaahto\",\"url\":\"https:\\\/\\\/safetypartners.fi\\\/kauppa\\\/tuote\\\/medic-hellavarainen-desinfiointivaahto\",\"name\":\"Medic hell\u00e4varainen desinfiointivaahto - Safety Partners\",\"isPartOf\":{\"@id\":\"https:\\\/\\\/safetypartners.fi\\\/kauppa\\\/#website\"},\"primaryImageOfPage\":{\"@id\":\"https:\\\/\\\/safetypartners.fi\\\/kauppa\\\/tuote\\\/medic-hellavarainen-desinfiointivaahto#primaryimage\"},\"image\":{\"@id\":\"https:\\\/\\\/safetypartners.fi\\\/kauppa\\\/tuote\\\/medic-hellavarainen-desinfiointivaahto#primaryimage\"},\"thumbnailUrl\":\"https:\\\/\\\/safetypartners.fi\\\/kauppa\\\/wp-content\\\/uploads\\\/2025\\\/03\\\/Medic-desinfiointivaahto-e1743416264607.png\",\"datePublished\":\"2025-03-31T09:45:17+00:00\",\"dateModified\":\"2026-02-02T08:59:50+00:00\",\"description\":\"Hell\u00e4varainen desinfiointivaahto on alkoholiton vaihtoehto k\u00e4sien puhdistamiseen. Dermatologisesti testatulla, hajusteettomalla vaahdolla on 99,9% teho.\",\"breadcrumb\":{\"@id\":\"https:\\\/\\\/safetypartners.fi\\\/kauppa\\\/tuote\\\/medic-hellavarainen-desinfiointivaahto#breadcrumb\"},\"inLanguage\":\"fi\",\"potentialAction\":[{\"@type\":\"ReadAction\",\"target\":[\"https:\\\/\\\/safetypartners.fi\\\/kauppa\\\/tuote\\\/medic-hellavarainen-desinfiointivaahto\"]}]},{\"@type\":\"ImageObject\",\"inLanguage\":\"fi\",\"@id\":\"https:\\\/\\\/safetypartners.fi\\\/kauppa\\\/tuote\\\/medic-hellavarainen-desinfiointivaahto#primaryimage\",\"url\":\"https:\\\/\\\/safetypartners.fi\\\/kauppa\\\/wp-content\\\/uploads\\\/2025\\\/03\\\/Medic-desinfiointivaahto-e1743416264607.png\",\"contentUrl\":\"https:\\\/\\\/safetypartners.fi\\\/kauppa\\\/wp-content\\\/uploads\\\/2025\\\/03\\\/Medic-desinfiointivaahto-e1743416264607.png\",\"width\":750,\"height\":1154,\"caption\":\"Desinfiointivaahto tappaa 99,9% bakteereista\"},{\"@type\":\"BreadcrumbList\",\"@id\":\"https:\\\/\\\/safetypartners.fi\\\/kauppa\\\/tuote\\\/medic-hellavarainen-desinfiointivaahto#breadcrumb\",\"itemListElement\":[{\"@type\":\"ListItem\",\"position\":1,\"name\":\"Home\",\"item\":\"https:\\\/\\\/safetypartners.fi\\\/kauppa\\\/\"},{\"@type\":\"ListItem\",\"position\":2,\"name\":\"Kauppa\",\"item\":\"https:\\\/\\\/safetypartners.fi\\\/kauppa\\\/kauppa\"},{\"@type\":\"ListItem\",\"position\":3,\"name\":\"Medic hell\u00e4varainen desinfiointivaahto\"}]},{\"@type\":\"WebSite\",\"@id\":\"https:\\\/\\\/safetypartners.fi\\\/kauppa\\\/#website\",\"url\":\"https:\\\/\\\/safetypartners.fi\\\/kauppa\\\/\",\"name\":\"Safety Partners\",\"description\":\"Safety Partners turvakauppa palvelee verkossa 24\\\/7!\",\"publisher\":{\"@id\":\"https:\\\/\\\/safetypartners.fi\\\/kauppa\\\/#organization\"},\"potentialAction\":[{\"@type\":\"SearchAction\",\"target\":{\"@type\":\"EntryPoint\",\"urlTemplate\":\"https:\\\/\\\/safetypartners.fi\\\/kauppa\\\/?s={search_term_string}\"},\"query-input\":{\"@type\":\"PropertyValueSpecification\",\"valueRequired\":true,\"valueName\":\"search_term_string\"}}],\"inLanguage\":\"fi\"},{\"@type\":\"Organization\",\"@id\":\"https:\\\/\\\/safetypartners.fi\\\/kauppa\\\/#organization\",\"name\":\"Safety Partners | Suomen Sammutinpalvelu\",\"url\":\"https:\\\/\\\/safetypartners.fi\\\/kauppa\\\/\",\"logo\":{\"@type\":\"ImageObject\",\"inLanguage\":\"fi\",\"@id\":\"https:\\\/\\\/safetypartners.fi\\\/kauppa\\\/#\\\/schema\\\/logo\\\/image\\\/\",\"url\":\"https:\\\/\\\/safetypartners.fi\\\/kauppa\\\/wp-content\\\/uploads\\\/2020\\\/05\\\/cropped-Logoke-1.jpg\",\"contentUrl\":\"https:\\\/\\\/safetypartners.fi\\\/kauppa\\\/wp-content\\\/uploads\\\/2020\\\/05\\\/cropped-Logoke-1.jpg\",\"width\":847,\"height\":717,\"caption\":\"Safety Partners | Suomen Sammutinpalvelu\"},\"image\":{\"@id\":\"https:\\\/\\\/safetypartners.fi\\\/kauppa\\\/#\\\/schema\\\/logo\\\/image\\\/\"}}]}<\/script>\n<!-- \/ Yoast SEO plugin. -->","yoast_head_json":{"title":"Medic hell\u00e4varainen desinfiointivaahto - Safety Partners","description":"Hell\u00e4varainen desinfiointivaahto on alkoholiton vaihtoehto k\u00e4sien puhdistamiseen. Dermatologisesti testatulla, hajusteettomalla vaahdolla on 99,9% teho.","robots":{"index":"index","follow":"follow","max-snippet":"max-snippet:-1","max-image-preview":"max-image-preview:large","max-video-preview":"max-video-preview:-1"},"canonical":"https:\/\/safetypartners.fi\/kauppa\/tuote\/medic-hellavarainen-desinfiointivaahto","og_locale":"fi_FI","og_type":"article","og_title":"Medic hell\u00e4varainen desinfiointivaahto - Safety Partners","og_description":"Hell\u00e4varainen desinfiointivaahto on alkoholiton vaihtoehto k\u00e4sien puhdistamiseen. Dermatologisesti testatulla, hajusteettomalla vaahdolla on 99,9% teho.","og_url":"https:\/\/safetypartners.fi\/kauppa\/tuote\/medic-hellavarainen-desinfiointivaahto","og_site_name":"Safety Partners","article_modified_time":"2026-02-02T08:59:50+00:00","og_image":[{"width":750,"height":1154,"url":"https:\/\/safetypartners.fi\/kauppa\/wp-content\/uploads\/2025\/03\/Medic-desinfiointivaahto-e1743416264607.png","type":"image\/png"}],"twitter_card":"summary_large_image","twitter_misc":{"Arvioitu lukuaika":"1 minuutti"},"schema":{"@context":"https:\/\/schema.org","@graph":[{"@type":"WebPage","@id":"https:\/\/safetypartners.fi\/kauppa\/tuote\/medic-hellavarainen-desinfiointivaahto","url":"https:\/\/safetypartners.fi\/kauppa\/tuote\/medic-hellavarainen-desinfiointivaahto","name":"Medic hell\u00e4varainen desinfiointivaahto - Safety Partners","isPartOf":{"@id":"https:\/\/safetypartners.fi\/kauppa\/#website"},"primaryImageOfPage":{"@id":"https:\/\/safetypartners.fi\/kauppa\/tuote\/medic-hellavarainen-desinfiointivaahto#primaryimage"},"image":{"@id":"https:\/\/safetypartners.fi\/kauppa\/tuote\/medic-hellavarainen-desinfiointivaahto#primaryimage"},"thumbnailUrl":"https:\/\/safetypartners.fi\/kauppa\/wp-content\/uploads\/2025\/03\/Medic-desinfiointivaahto-e1743416264607.png","datePublished":"2025-03-31T09:45:17+00:00","dateModified":"2026-02-02T08:59:50+00:00","description":"Hell\u00e4varainen desinfiointivaahto on alkoholiton vaihtoehto k\u00e4sien puhdistamiseen. Dermatologisesti testatulla, hajusteettomalla vaahdolla on 99,9% teho.","breadcrumb":{"@id":"https:\/\/safetypartners.fi\/kauppa\/tuote\/medic-hellavarainen-desinfiointivaahto#breadcrumb"},"inLanguage":"fi","potentialAction":[{"@type":"ReadAction","target":["https:\/\/safetypartners.fi\/kauppa\/tuote\/medic-hellavarainen-desinfiointivaahto"]}]},{"@type":"ImageObject","inLanguage":"fi","@id":"https:\/\/safetypartners.fi\/kauppa\/tuote\/medic-hellavarainen-desinfiointivaahto#primaryimage","url":"https:\/\/safetypartners.fi\/kauppa\/wp-content\/uploads\/2025\/03\/Medic-desinfiointivaahto-e1743416264607.png","contentUrl":"https:\/\/safetypartners.fi\/kauppa\/wp-content\/uploads\/2025\/03\/Medic-desinfiointivaahto-e1743416264607.png","width":750,"height":1154,"caption":"Desinfiointivaahto tappaa 99,9% bakteereista"},{"@type":"BreadcrumbList","@id":"https:\/\/safetypartners.fi\/kauppa\/tuote\/medic-hellavarainen-desinfiointivaahto#breadcrumb","itemListElement":[{"@type":"ListItem","position":1,"name":"Home","item":"https:\/\/safetypartners.fi\/kauppa\/"},{"@type":"ListItem","position":2,"name":"Kauppa","item":"https:\/\/safetypartners.fi\/kauppa\/kauppa"},{"@type":"ListItem","position":3,"name":"Medic hell\u00e4varainen desinfiointivaahto"}]},{"@type":"WebSite","@id":"https:\/\/safetypartners.fi\/kauppa\/#website","url":"https:\/\/safetypartners.fi\/kauppa\/","name":"Safety Partners","description":"Safety Partners turvakauppa palvelee verkossa 24\/7!","publisher":{"@id":"https:\/\/safetypartners.fi\/kauppa\/#organization"},"potentialAction":[{"@type":"SearchAction","target":{"@type":"EntryPoint","urlTemplate":"https:\/\/safetypartners.fi\/kauppa\/?s={search_term_string}"},"query-input":{"@type":"PropertyValueSpecification","valueRequired":true,"valueName":"search_term_string"}}],"inLanguage":"fi"},{"@type":"Organization","@id":"https:\/\/safetypartners.fi\/kauppa\/#organization","name":"Safety Partners | Suomen Sammutinpalvelu","url":"https:\/\/safetypartners.fi\/kauppa\/","logo":{"@type":"ImageObject","inLanguage":"fi","@id":"https:\/\/safetypartners.fi\/kauppa\/#\/schema\/logo\/image\/","url":"https:\/\/safetypartners.fi\/kauppa\/wp-content\/uploads\/2020\/05\/cropped-Logoke-1.jpg","contentUrl":"https:\/\/safetypartners.fi\/kauppa\/wp-content\/uploads\/2020\/05\/cropped-Logoke-1.jpg","width":847,"height":717,"caption":"Safety Partners | Suomen Sammutinpalvelu"},"image":{"@id":"https:\/\/safetypartners.fi\/kauppa\/#\/schema\/logo\/image\/"}}]}},"uagb_featured_image_src":{"full":["https:\/\/safetypartners.fi\/kauppa\/wp-content\/uploads\/2025\/03\/Medic-desinfiointivaahto-e1743416264607.png",750,1154,false],"thumbnail":["https:\/\/safetypartners.fi\/kauppa\/wp-content\/uploads\/2025\/03\/Medic-desinfiointivaahto-e1743416264607-150x150.png",150,150,true],"medium":["https:\/\/safetypartners.fi\/kauppa\/wp-content\/uploads\/2025\/03\/Medic-desinfiointivaahto-e1743416264607-195x300.png",195,300,true],"medium_large":["https:\/\/safetypartners.fi\/kauppa\/wp-content\/uploads\/2025\/03\/Medic-desinfiointivaahto-768x1365.png",768,1365,true],"large":["https:\/\/safetypartners.fi\/kauppa\/wp-content\/uploads\/2025\/03\/Medic-desinfiointivaahto-e1743416264607-666x1024.png",666,1024,true],"1536x1536":["https:\/\/safetypartners.fi\/kauppa\/wp-content\/uploads\/2025\/03\/Medic-desinfiointivaahto-864x1536.png",864,1536,true],"2048x2048":["https:\/\/safetypartners.fi\/kauppa\/wp-content\/uploads\/2025\/03\/Medic-desinfiointivaahto-e1743416264607.png",750,1154,false],"woocommerce_thumbnail":["https:\/\/safetypartners.fi\/kauppa\/wp-content\/uploads\/2025\/03\/Medic-desinfiointivaahto-e1743416264607-300x300.png",300,300,true],"woocommerce_single":["https:\/\/safetypartners.fi\/kauppa\/wp-content\/uploads\/2025\/03\/Medic-desinfiointivaahto-e1743416264607-600x923.png",600,923,true],"woocommerce_gallery_thumbnail":["https:\/\/safetypartners.fi\/kauppa\/wp-content\/uploads\/2025\/03\/Medic-desinfiointivaahto-e1743416264607-100x100.png",100,100,true]},"uagb_author_info":{"display_name":"Anu Lehto","author_link":"https:\/\/safetypartners.fi\/kauppa\/author"},"uagb_comment_info":0,"uagb_excerpt":"Medicin hell\u00e4varainen desinfiointivaahto on alkoholiton vaihtoehto k\u00e4sien puhdistamiseen vesipisteen puuttuessa. Hajusteeton, pehme\u00e4 vaahto tappaa 99,9% bakteereista ja viruksista. 30 sekunnin kuluessa vaahto pyyhkii pois muun muassa salmonella-, listeria- ja rotavirukset. Pieni pakkaus on helppo ja kevyt kantaa mukana. Dermatologisesti testattu.","_links":{"self":[{"href":"https:\/\/safetypartners.fi\/kauppa\/wp-json\/wp\/v2\/product\/2670","targetHints":{"allow":["GET"]}}],"collection":[{"href":"https:\/\/safetypartners.fi\/kauppa\/wp-json\/wp\/v2\/product"}],"about":[{"href":"https:\/\/safetypartners.fi\/kauppa\/wp-json\/wp\/v2\/types\/product"}],"replies":[{"embeddable":true,"href":"https:\/\/safetypartners.fi\/kauppa\/wp-json\/wp\/v2\/comments?post=2670"}],"version-history":[{"count":1,"href":"https:\/\/safetypartners.fi\/kauppa\/wp-json\/wp\/v2\/product\/2670\/revisions"}],"predecessor-version":[{"id":2671,"href":"https:\/\/safetypartners.fi\/kauppa\/wp-json\/wp\/v2\/product\/2670\/revisions\/2671"}],"wp:featuredmedia":[{"embeddable":true,"href":"https:\/\/safetypartners.fi\/kauppa\/wp-json\/wp\/v2\/media\/2672"}],"wp:attachment":[{"href":"https:\/\/safetypartners.fi\/kauppa\/wp-json\/wp\/v2\/media?parent=2670"}],"wp:term":[{"taxonomy":"product_brand","embeddable":true,"href":"https:\/\/safetypartners.fi\/kauppa\/wp-json\/wp\/v2\/product_brand?post=2670"},{"taxonomy":"product_cat","embeddable":true,"href":"https:\/\/safetypartners.fi\/kauppa\/wp-json\/wp\/v2\/product_cat?post=2670"},{"taxonomy":"product_tag","embeddable":true,"href":"https:\/\/safetypartners.fi\/kauppa\/wp-json\/wp\/v2\/product_tag?post=2670"}],"curies":[{"name":"wp","href":"https:\/\/api.w.org\/{rel}","templated":true}]}}