{"id":2673,"date":"2025-03-31T13:59:48","date_gmt":"2025-03-31T10:59:48","guid":{"rendered":"https:\/\/safetypartners.fi\/kauppa\/?post_type=product&#038;p=2673"},"modified":"2026-04-16T15:06:30","modified_gmt":"2026-04-16T12:06:30","slug":"medice-pitka-pikakylmapakkaus-29cm","status":"publish","type":"product","link":"https:\/\/safetypartners.fi\/kauppa\/tuote\/medice-pitka-pikakylmapakkaus-29cm","title":{"rendered":"MedIce pitk\u00e4 pikakylm\u00e4pakkaus, 29cm"},"content":{"rendered":"<p>Kertak\u00e4ytt\u00f6inen pikakylm\u00e4pakkaus s\u00e4ilytet\u00e4\u00e4n huoneenl\u00e4mm\u00f6ss\u00e4, kuivassa paikassa. CE-merkitty l\u00e4\u00e4kinn\u00e4llinen tuote. Pidett\u00e4v\u00e4 poissa lasten ulottuvilta.<\/p>\n<p><strong>K\u00e4ytt\u00f6ohjeet<\/strong>:<\/p>\n<p>1) Riko pakkauksen sis\u00e4ll\u00e4 oleva vesipussi puristamalla tiukasti.<\/p>\n<p>2) Sekoita pakkauksen sis\u00e4lt\u00f6 ravistamalla.<\/p>\n<p>3) K\u00e4\u00e4ri side, liina tai pyyhe pakkauksen ymp\u00e4rille ja aseta se vamman p\u00e4\u00e4lle. Pid\u00e4 kylm\u00e4pakkausta vamman p\u00e4\u00e4ll\u00e4 n.20 minuutin ajan.<\/p>\n<p>Pakkaus h\u00e4vitet\u00e4\u00e4n talousj\u00e4tteiden tavoin.<\/p>\n","protected":false},"excerpt":{"rendered":"<p><strong><span id=\"page111R_mcid19\" class=\"markedContent\"><span dir=\"ltr\" role=\"presentation\">MedIce pikakylm\u00e4pakkaus\u00a0<\/span><\/span><\/strong><span id=\"page111R_mcid19\" class=\"markedContent\"><span dir=\"ltr\" role=\"presentation\">on nopea ja tehokas ensiapuhoito nyrj\u00e4hdyksille, ven\u00e4hdyksille, pieniin urheiluvammoihin ja kipuihin. Heti k\u00e4ytt\u00f6valmis pussi on erityisen pitk\u00e4, 29cm, sopien hyvin suurten lihasten, kuten reisilihaksen, hoitoon.<br \/>\n<\/span><\/span><\/p>\n<p>Pakkaus aktivoituu puristamalla pussia tiukasti ja ravistamalla. Pussi pysyy kylm\u00e4n\u00e4 20-30 minuuttia aktivoinnin j\u00e4lkeen.<\/p>\n<p>Kertak\u00e4ytt\u00f6inen.<\/p>\n","protected":false},"featured_media":2674,"comment_status":"open","ping_status":"closed","template":"","meta":{"_uag_custom_page_level_css":"","site-sidebar-layout":"default","site-content-layout":"","ast-site-content-layout":"default","site-content-style":"default","site-sidebar-style":"default","ast-global-header-display":"","ast-banner-title-visibility":"","ast-main-header-display":"","ast-hfb-above-header-display":"","ast-hfb-below-header-display":"","ast-hfb-mobile-header-display":"","site-post-title":"","ast-breadcrumbs-content":"","ast-featured-img":"","footer-sml-layout":"","ast-disable-related-posts":"","theme-transparent-header-meta":"default","adv-header-id-meta":"","stick-header-meta":"default","header-above-stick-meta":"","header-main-stick-meta":"","header-below-stick-meta":"","astra-migrate-meta-layouts":"set","ast-page-background-enabled":"default","ast-page-background-meta":{"desktop":{"background-color":"","background-image":"","background-repeat":"repeat","background-position":"center center","background-size":"auto","background-attachment":"scroll","background-type":"","background-media":"","overlay-type":"","overlay-color":"","overlay-opacity":"","overlay-gradient":""},"tablet":{"background-color":"","background-image":"","background-repeat":"repeat","background-position":"center center","background-size":"auto","background-attachment":"scroll","background-type":"","background-media":"","overlay-type":"","overlay-color":"","overlay-opacity":"","overlay-gradient":""},"mobile":{"background-color":"","background-image":"","background-repeat":"repeat","background-position":"center center","background-size":"auto","background-attachment":"scroll","background-type":"","background-media":"","overlay-type":"","overlay-color":"","overlay-opacity":"","overlay-gradient":""}},"ast-content-background-meta":{"desktop":{"background-color":"var(--ast-global-color-5)","background-image":"","background-repeat":"repeat","background-position":"center center","background-size":"auto","background-attachment":"scroll","background-type":"","background-media":"","overlay-type":"","overlay-color":"","overlay-opacity":"","overlay-gradient":""},"tablet":{"background-color":"var(--ast-global-color-5)","background-image":"","background-repeat":"repeat","background-position":"center center","background-size":"auto","background-attachment":"scroll","background-type":"","background-media":"","overlay-type":"","overlay-color":"","overlay-opacity":"","overlay-gradient":""},"mobile":{"background-color":"var(--ast-global-color-5)","background-image":"","background-repeat":"repeat","background-position":"center center","background-size":"auto","background-attachment":"scroll","background-type":"","background-media":"","overlay-type":"","overlay-color":"","overlay-opacity":"","overlay-gradient":""}}},"product_brand":[],"product_cat":[42,15],"product_tag":[311,958,666,956,1132,1157,1158,957],"class_list":{"0":"post-2673","1":"product","2":"type-product","3":"status-publish","4":"has-post-thumbnail","6":"product_cat-ensiapu","7":"product_cat-yleinen","8":"product_tag-haude","9":"product_tag-kylmapakkaus","10":"product_tag-medic","11":"product_tag-nyrjahdys","12":"product_tag-pikakylmahaude","13":"product_tag-pikakylmapakkaus","14":"product_tag-urheiluvamma","15":"product_tag-venahdys","16":"product_shipping_class-suomi","17":"desktop-align-center","18":"tablet-align-center","19":"mobile-align-center","20":"ast-product-gallery-layout-horizontal-slider","21":"ast-product-tabs-layout-horizontal","23":"first","24":"instock","25":"sale","26":"taxable","27":"shipping-taxable","28":"purchasable","29":"product-type-simple"},"yoast_head":"<!-- This site is optimized with the Yoast SEO plugin v27.3 - https:\/\/yoast.com\/product\/yoast-seo-wordpress\/ -->\n<title>MedIce pitk\u00e4 pikakylm\u00e4pakkaus, 29cm - Safety Partners<\/title>\n<meta name=\"description\" content=\"Erityispitk\u00e4 pikakylm\u00e4pakkaus\u00a0on nopea ja tehokas ensiapuhoito nyrj\u00e4hdyksille, ven\u00e4hdyksille, pieniin urheiluvammoihin ja kipuihin. Heti k\u00e4ytt\u00f6valmis.\" \/>\n<meta name=\"robots\" content=\"index, follow, max-snippet:-1, max-image-preview:large, max-video-preview:-1\" \/>\n<link rel=\"canonical\" href=\"https:\/\/safetypartners.fi\/kauppa\/tuote\/medice-pitka-pikakylmapakkaus-29cm\" \/>\n<meta property=\"og:locale\" content=\"fi_FI\" \/>\n<meta property=\"og:type\" content=\"article\" \/>\n<meta property=\"og:title\" content=\"MedIce pitk\u00e4 pikakylm\u00e4pakkaus, 29cm - Safety Partners\" \/>\n<meta property=\"og:description\" content=\"Erityispitk\u00e4 pikakylm\u00e4pakkaus\u00a0on nopea ja tehokas ensiapuhoito nyrj\u00e4hdyksille, ven\u00e4hdyksille, pieniin urheiluvammoihin ja kipuihin. Heti k\u00e4ytt\u00f6valmis.\" \/>\n<meta property=\"og:url\" content=\"https:\/\/safetypartners.fi\/kauppa\/tuote\/medice-pitka-pikakylmapakkaus-29cm\" \/>\n<meta property=\"og:site_name\" content=\"Safety Partners\" \/>\n<meta property=\"article:modified_time\" content=\"2026-04-16T12:06:30+00:00\" \/>\n<meta property=\"og:image\" content=\"https:\/\/safetypartners.fi\/kauppa\/wp-content\/uploads\/2025\/03\/MedIce.webp\" \/>\n\t<meta property=\"og:image:width\" content=\"1000\" \/>\n\t<meta property=\"og:image:height\" content=\"727\" \/>\n\t<meta property=\"og:image:type\" content=\"image\/webp\" \/>\n<meta name=\"twitter:card\" content=\"summary_large_image\" \/>\n<meta name=\"twitter:label1\" content=\"Arvioitu lukuaika\" \/>\n\t<meta name=\"twitter:data1\" content=\"1 minuutti\" \/>\n<script type=\"application\/ld+json\" class=\"yoast-schema-graph\">{\"@context\":\"https:\\\/\\\/schema.org\",\"@graph\":[{\"@type\":\"WebPage\",\"@id\":\"https:\\\/\\\/safetypartners.fi\\\/kauppa\\\/tuote\\\/medice-pitka-pikakylmapakkaus-29cm\",\"url\":\"https:\\\/\\\/safetypartners.fi\\\/kauppa\\\/tuote\\\/medice-pitka-pikakylmapakkaus-29cm\",\"name\":\"MedIce pitk\u00e4 pikakylm\u00e4pakkaus, 29cm - Safety Partners\",\"isPartOf\":{\"@id\":\"https:\\\/\\\/safetypartners.fi\\\/kauppa\\\/#website\"},\"primaryImageOfPage\":{\"@id\":\"https:\\\/\\\/safetypartners.fi\\\/kauppa\\\/tuote\\\/medice-pitka-pikakylmapakkaus-29cm#primaryimage\"},\"image\":{\"@id\":\"https:\\\/\\\/safetypartners.fi\\\/kauppa\\\/tuote\\\/medice-pitka-pikakylmapakkaus-29cm#primaryimage\"},\"thumbnailUrl\":\"https:\\\/\\\/safetypartners.fi\\\/kauppa\\\/wp-content\\\/uploads\\\/2025\\\/03\\\/MedIce.webp\",\"datePublished\":\"2025-03-31T10:59:48+00:00\",\"dateModified\":\"2026-04-16T12:06:30+00:00\",\"description\":\"Erityispitk\u00e4 pikakylm\u00e4pakkaus\u00a0on nopea ja tehokas ensiapuhoito nyrj\u00e4hdyksille, ven\u00e4hdyksille, pieniin urheiluvammoihin ja kipuihin. Heti k\u00e4ytt\u00f6valmis.\",\"breadcrumb\":{\"@id\":\"https:\\\/\\\/safetypartners.fi\\\/kauppa\\\/tuote\\\/medice-pitka-pikakylmapakkaus-29cm#breadcrumb\"},\"inLanguage\":\"fi\",\"potentialAction\":[{\"@type\":\"ReadAction\",\"target\":[\"https:\\\/\\\/safetypartners.fi\\\/kauppa\\\/tuote\\\/medice-pitka-pikakylmapakkaus-29cm\"]}]},{\"@type\":\"ImageObject\",\"inLanguage\":\"fi\",\"@id\":\"https:\\\/\\\/safetypartners.fi\\\/kauppa\\\/tuote\\\/medice-pitka-pikakylmapakkaus-29cm#primaryimage\",\"url\":\"https:\\\/\\\/safetypartners.fi\\\/kauppa\\\/wp-content\\\/uploads\\\/2025\\\/03\\\/MedIce.webp\",\"contentUrl\":\"https:\\\/\\\/safetypartners.fi\\\/kauppa\\\/wp-content\\\/uploads\\\/2025\\\/03\\\/MedIce.webp\",\"width\":1000,\"height\":727,\"caption\":\"K\u00e4ytt\u00f6valmis kylm\u00e4haude lihaksille\"},{\"@type\":\"BreadcrumbList\",\"@id\":\"https:\\\/\\\/safetypartners.fi\\\/kauppa\\\/tuote\\\/medice-pitka-pikakylmapakkaus-29cm#breadcrumb\",\"itemListElement\":[{\"@type\":\"ListItem\",\"position\":1,\"name\":\"Home\",\"item\":\"https:\\\/\\\/safetypartners.fi\\\/kauppa\\\/\"},{\"@type\":\"ListItem\",\"position\":2,\"name\":\"Kauppa\",\"item\":\"https:\\\/\\\/safetypartners.fi\\\/kauppa\\\/kauppa\"},{\"@type\":\"ListItem\",\"position\":3,\"name\":\"MedIce pitk\u00e4 pikakylm\u00e4pakkaus, 29cm\"}]},{\"@type\":\"WebSite\",\"@id\":\"https:\\\/\\\/safetypartners.fi\\\/kauppa\\\/#website\",\"url\":\"https:\\\/\\\/safetypartners.fi\\\/kauppa\\\/\",\"name\":\"Safety Partners\",\"description\":\"Safety Partners turvakauppa palvelee verkossa 24\\\/7!\",\"publisher\":{\"@id\":\"https:\\\/\\\/safetypartners.fi\\\/kauppa\\\/#organization\"},\"potentialAction\":[{\"@type\":\"SearchAction\",\"target\":{\"@type\":\"EntryPoint\",\"urlTemplate\":\"https:\\\/\\\/safetypartners.fi\\\/kauppa\\\/?s={search_term_string}\"},\"query-input\":{\"@type\":\"PropertyValueSpecification\",\"valueRequired\":true,\"valueName\":\"search_term_string\"}}],\"inLanguage\":\"fi\"},{\"@type\":\"Organization\",\"@id\":\"https:\\\/\\\/safetypartners.fi\\\/kauppa\\\/#organization\",\"name\":\"Safety Partners | Suomen Sammutinpalvelu\",\"url\":\"https:\\\/\\\/safetypartners.fi\\\/kauppa\\\/\",\"logo\":{\"@type\":\"ImageObject\",\"inLanguage\":\"fi\",\"@id\":\"https:\\\/\\\/safetypartners.fi\\\/kauppa\\\/#\\\/schema\\\/logo\\\/image\\\/\",\"url\":\"https:\\\/\\\/safetypartners.fi\\\/kauppa\\\/wp-content\\\/uploads\\\/2020\\\/05\\\/cropped-Logoke-1.jpg\",\"contentUrl\":\"https:\\\/\\\/safetypartners.fi\\\/kauppa\\\/wp-content\\\/uploads\\\/2020\\\/05\\\/cropped-Logoke-1.jpg\",\"width\":847,\"height\":717,\"caption\":\"Safety Partners | Suomen Sammutinpalvelu\"},\"image\":{\"@id\":\"https:\\\/\\\/safetypartners.fi\\\/kauppa\\\/#\\\/schema\\\/logo\\\/image\\\/\"}}]}<\/script>\n<!-- \/ Yoast SEO plugin. -->","yoast_head_json":{"title":"MedIce pitk\u00e4 pikakylm\u00e4pakkaus, 29cm - Safety Partners","description":"Erityispitk\u00e4 pikakylm\u00e4pakkaus\u00a0on nopea ja tehokas ensiapuhoito nyrj\u00e4hdyksille, ven\u00e4hdyksille, pieniin urheiluvammoihin ja kipuihin. Heti k\u00e4ytt\u00f6valmis.","robots":{"index":"index","follow":"follow","max-snippet":"max-snippet:-1","max-image-preview":"max-image-preview:large","max-video-preview":"max-video-preview:-1"},"canonical":"https:\/\/safetypartners.fi\/kauppa\/tuote\/medice-pitka-pikakylmapakkaus-29cm","og_locale":"fi_FI","og_type":"article","og_title":"MedIce pitk\u00e4 pikakylm\u00e4pakkaus, 29cm - Safety Partners","og_description":"Erityispitk\u00e4 pikakylm\u00e4pakkaus\u00a0on nopea ja tehokas ensiapuhoito nyrj\u00e4hdyksille, ven\u00e4hdyksille, pieniin urheiluvammoihin ja kipuihin. Heti k\u00e4ytt\u00f6valmis.","og_url":"https:\/\/safetypartners.fi\/kauppa\/tuote\/medice-pitka-pikakylmapakkaus-29cm","og_site_name":"Safety Partners","article_modified_time":"2026-04-16T12:06:30+00:00","og_image":[{"width":1000,"height":727,"url":"https:\/\/safetypartners.fi\/kauppa\/wp-content\/uploads\/2025\/03\/MedIce.webp","type":"image\/webp"}],"twitter_card":"summary_large_image","twitter_misc":{"Arvioitu lukuaika":"1 minuutti"},"schema":{"@context":"https:\/\/schema.org","@graph":[{"@type":"WebPage","@id":"https:\/\/safetypartners.fi\/kauppa\/tuote\/medice-pitka-pikakylmapakkaus-29cm","url":"https:\/\/safetypartners.fi\/kauppa\/tuote\/medice-pitka-pikakylmapakkaus-29cm","name":"MedIce pitk\u00e4 pikakylm\u00e4pakkaus, 29cm - Safety Partners","isPartOf":{"@id":"https:\/\/safetypartners.fi\/kauppa\/#website"},"primaryImageOfPage":{"@id":"https:\/\/safetypartners.fi\/kauppa\/tuote\/medice-pitka-pikakylmapakkaus-29cm#primaryimage"},"image":{"@id":"https:\/\/safetypartners.fi\/kauppa\/tuote\/medice-pitka-pikakylmapakkaus-29cm#primaryimage"},"thumbnailUrl":"https:\/\/safetypartners.fi\/kauppa\/wp-content\/uploads\/2025\/03\/MedIce.webp","datePublished":"2025-03-31T10:59:48+00:00","dateModified":"2026-04-16T12:06:30+00:00","description":"Erityispitk\u00e4 pikakylm\u00e4pakkaus\u00a0on nopea ja tehokas ensiapuhoito nyrj\u00e4hdyksille, ven\u00e4hdyksille, pieniin urheiluvammoihin ja kipuihin. Heti k\u00e4ytt\u00f6valmis.","breadcrumb":{"@id":"https:\/\/safetypartners.fi\/kauppa\/tuote\/medice-pitka-pikakylmapakkaus-29cm#breadcrumb"},"inLanguage":"fi","potentialAction":[{"@type":"ReadAction","target":["https:\/\/safetypartners.fi\/kauppa\/tuote\/medice-pitka-pikakylmapakkaus-29cm"]}]},{"@type":"ImageObject","inLanguage":"fi","@id":"https:\/\/safetypartners.fi\/kauppa\/tuote\/medice-pitka-pikakylmapakkaus-29cm#primaryimage","url":"https:\/\/safetypartners.fi\/kauppa\/wp-content\/uploads\/2025\/03\/MedIce.webp","contentUrl":"https:\/\/safetypartners.fi\/kauppa\/wp-content\/uploads\/2025\/03\/MedIce.webp","width":1000,"height":727,"caption":"K\u00e4ytt\u00f6valmis kylm\u00e4haude lihaksille"},{"@type":"BreadcrumbList","@id":"https:\/\/safetypartners.fi\/kauppa\/tuote\/medice-pitka-pikakylmapakkaus-29cm#breadcrumb","itemListElement":[{"@type":"ListItem","position":1,"name":"Home","item":"https:\/\/safetypartners.fi\/kauppa\/"},{"@type":"ListItem","position":2,"name":"Kauppa","item":"https:\/\/safetypartners.fi\/kauppa\/kauppa"},{"@type":"ListItem","position":3,"name":"MedIce pitk\u00e4 pikakylm\u00e4pakkaus, 29cm"}]},{"@type":"WebSite","@id":"https:\/\/safetypartners.fi\/kauppa\/#website","url":"https:\/\/safetypartners.fi\/kauppa\/","name":"Safety Partners","description":"Safety Partners turvakauppa palvelee verkossa 24\/7!","publisher":{"@id":"https:\/\/safetypartners.fi\/kauppa\/#organization"},"potentialAction":[{"@type":"SearchAction","target":{"@type":"EntryPoint","urlTemplate":"https:\/\/safetypartners.fi\/kauppa\/?s={search_term_string}"},"query-input":{"@type":"PropertyValueSpecification","valueRequired":true,"valueName":"search_term_string"}}],"inLanguage":"fi"},{"@type":"Organization","@id":"https:\/\/safetypartners.fi\/kauppa\/#organization","name":"Safety Partners | Suomen Sammutinpalvelu","url":"https:\/\/safetypartners.fi\/kauppa\/","logo":{"@type":"ImageObject","inLanguage":"fi","@id":"https:\/\/safetypartners.fi\/kauppa\/#\/schema\/logo\/image\/","url":"https:\/\/safetypartners.fi\/kauppa\/wp-content\/uploads\/2020\/05\/cropped-Logoke-1.jpg","contentUrl":"https:\/\/safetypartners.fi\/kauppa\/wp-content\/uploads\/2020\/05\/cropped-Logoke-1.jpg","width":847,"height":717,"caption":"Safety Partners | Suomen Sammutinpalvelu"},"image":{"@id":"https:\/\/safetypartners.fi\/kauppa\/#\/schema\/logo\/image\/"}}]}},"uagb_featured_image_src":{"full":["https:\/\/safetypartners.fi\/kauppa\/wp-content\/uploads\/2025\/03\/MedIce.webp",1000,727,false],"thumbnail":["https:\/\/safetypartners.fi\/kauppa\/wp-content\/uploads\/2025\/03\/MedIce-150x150.webp",150,150,true],"medium":["https:\/\/safetypartners.fi\/kauppa\/wp-content\/uploads\/2025\/03\/MedIce-300x218.webp",300,218,true],"medium_large":["https:\/\/safetypartners.fi\/kauppa\/wp-content\/uploads\/2025\/03\/MedIce-768x558.webp",768,558,true],"large":["https:\/\/safetypartners.fi\/kauppa\/wp-content\/uploads\/2025\/03\/MedIce.webp",1000,727,false],"1536x1536":["https:\/\/safetypartners.fi\/kauppa\/wp-content\/uploads\/2025\/03\/MedIce.webp",1000,727,false],"2048x2048":["https:\/\/safetypartners.fi\/kauppa\/wp-content\/uploads\/2025\/03\/MedIce.webp",1000,727,false],"woocommerce_thumbnail":["https:\/\/safetypartners.fi\/kauppa\/wp-content\/uploads\/2025\/03\/MedIce-300x300.webp",300,300,true],"woocommerce_single":["https:\/\/safetypartners.fi\/kauppa\/wp-content\/uploads\/2025\/03\/MedIce-600x436.webp",600,436,true],"woocommerce_gallery_thumbnail":["https:\/\/safetypartners.fi\/kauppa\/wp-content\/uploads\/2025\/03\/MedIce-100x100.webp",100,100,true]},"uagb_author_info":{"display_name":"Anu Lehto","author_link":"https:\/\/safetypartners.fi\/kauppa\/author"},"uagb_comment_info":0,"uagb_excerpt":"MedIce pikakylm\u00e4pakkaus\u00a0on nopea ja tehokas ensiapuhoito nyrj\u00e4hdyksille, ven\u00e4hdyksille, pieniin urheiluvammoihin ja kipuihin. Heti k\u00e4ytt\u00f6valmis pussi on erityisen pitk\u00e4, 29cm, sopien hyvin suurten lihasten, kuten reisilihaksen, hoitoon. Pakkaus aktivoituu puristamalla pussia tiukasti ja ravistamalla. Pussi pysyy kylm\u00e4n\u00e4 20-30 minuuttia aktivoinnin j\u00e4lkeen. Kertak\u00e4ytt\u00f6inen.","_links":{"self":[{"href":"https:\/\/safetypartners.fi\/kauppa\/wp-json\/wp\/v2\/product\/2673","targetHints":{"allow":["GET"]}}],"collection":[{"href":"https:\/\/safetypartners.fi\/kauppa\/wp-json\/wp\/v2\/product"}],"about":[{"href":"https:\/\/safetypartners.fi\/kauppa\/wp-json\/wp\/v2\/types\/product"}],"replies":[{"embeddable":true,"href":"https:\/\/safetypartners.fi\/kauppa\/wp-json\/wp\/v2\/comments?post=2673"}],"version-history":[{"count":2,"href":"https:\/\/safetypartners.fi\/kauppa\/wp-json\/wp\/v2\/product\/2673\/revisions"}],"predecessor-version":[{"id":3444,"href":"https:\/\/safetypartners.fi\/kauppa\/wp-json\/wp\/v2\/product\/2673\/revisions\/3444"}],"wp:featuredmedia":[{"embeddable":true,"href":"https:\/\/safetypartners.fi\/kauppa\/wp-json\/wp\/v2\/media\/2674"}],"wp:attachment":[{"href":"https:\/\/safetypartners.fi\/kauppa\/wp-json\/wp\/v2\/media?parent=2673"}],"wp:term":[{"taxonomy":"product_brand","embeddable":true,"href":"https:\/\/safetypartners.fi\/kauppa\/wp-json\/wp\/v2\/product_brand?post=2673"},{"taxonomy":"product_cat","embeddable":true,"href":"https:\/\/safetypartners.fi\/kauppa\/wp-json\/wp\/v2\/product_cat?post=2673"},{"taxonomy":"product_tag","embeddable":true,"href":"https:\/\/safetypartners.fi\/kauppa\/wp-json\/wp\/v2\/product_tag?post=2673"}],"curies":[{"name":"wp","href":"https:\/\/api.w.org\/{rel}","templated":true}]}}