{"id":2692,"date":"2025-04-02T15:54:05","date_gmt":"2025-04-02T12:54:05","guid":{"rendered":"https:\/\/safetypartners.fi\/kauppa\/?post_type=product&#038;p=2692"},"modified":"2026-01-05T11:26:39","modified_gmt":"2026-01-05T09:26:39","slug":"housegard-hakavaroitin-lcd-naytolla-ca108","status":"publish","type":"product","link":"https:\/\/safetypartners.fi\/kauppa\/tuote\/housegard-hakavaroitin-lcd-naytolla-ca108","title":{"rendered":"H\u00e4k\u00e4varoitin &#8211; Housegard LCD-n\u00e4yt\u00f6ll\u00e4, CA108"},"content":{"rendered":"<p>Asenna h\u00e4k\u00e4varoitin 1\u20133 metrin p\u00e4\u00e4h\u00e4n kaikista polttoainetta polttavista laitteista, hengitysilman korkeudelle n. puoleentoista metriin. Asennus onnistuu helposti 3M-teipill\u00e4, ilman porakonetta. Varmista, ett\u00e4 h\u00e4lytys kuuluu selke\u00e4sti olo- ja makuuhuoneissa olijoille, my\u00f6s \u00f6iseen aikaan.<\/p>\n<p>H\u00e4k\u00e4varoittimen tekniset tiedot l\u00f6ytyv\u00e4t <a href=\"https:\/\/gpbmnordic.com\/pdfsheet\/fdv?sku=604024&amp;lang=fi\" target=\"_blank\" rel=\"noopener\">t\u00e4\u00e4lt\u00e4<\/a>.<\/p>\n<table class=\"table single-product__table zebra\">\n<tbody>\n<tr>\n<th>H\u00e4lytyssignaali<\/th>\n<td>\u2265 85 dB \/ 3 m<\/td>\n<\/tr>\n<tr>\n<th>Vaihdettava akku<\/th>\n<td>Kyll\u00e4<\/td>\n<\/tr>\n<tr>\n<th>L\u00e4mp\u00f6tila-alue<\/th>\n<td>-10 \u00b0C &#8230; +40 \u00b0C<\/td>\n<\/tr>\n<tr>\n<th>Taukotoiminto<\/th>\n<td>Kyll\u00e4<\/td>\n<\/tr>\n<tr>\n<th>Virtal\u00e4hde<\/th>\n<td>2 X AA-paristo<\/td>\n<\/tr>\n<tr>\n<th>Ilmaisintyyppi<\/th>\n<td>H\u00e4k\u00e4varoitin<\/td>\n<\/tr>\n<tr>\n<th>Sertifiointi<\/th>\n<td>CE, EN 50291-1:2018, EN50291-2:2019<\/td>\n<\/tr>\n<\/tbody>\n<\/table>\n","protected":false},"excerpt":{"rendered":"<p><strong>Housegard CA108 h\u00e4k\u00e4varoitin LCD-n\u00e4yt\u00f6ll\u00e4<\/strong> reagoi nopeasti vaarallisiksi nouseviin hiilimonoksiditasoihin. H\u00e4k\u00e4varoitin suositellaan asennettavan erityisesti huoneisiin, joissa on polttoainek\u00e4ytt\u00f6isi\u00e4 l\u00e4mmitysl\u00e4hteit\u00e4 tai -laitteita.<\/p>\n<p>H\u00e4k\u00e4 on n\u00e4kym\u00e4t\u00f6nt\u00e4 ja mautonta kaasua, mik\u00e4 tekee siit\u00e4 havaitsemattoman ihmisen aisteille. Varoittimen h\u00e4lytys on ainoa tapa varoittaa h\u00e4k\u00e4p\u00e4\u00e4st\u00f6n sattuessa. H\u00e4k\u00e4\u00e4 syntyy ep\u00e4t\u00e4ydellisest\u00e4 palamisesta esimerkiksi takank\u00e4yt\u00f6n yhteydess\u00e4, mutta my\u00f6s esimerkiksi kerosiinik\u00e4ytt\u00f6isten laitteiden, \u00f6ljykattiloiden ja kaasuliesien k\u00e4yt\u00f6st\u00e4. Tukkeutuneet savupiiput, grillit, autotallien vuodot ja viallinen veneen l\u00e4mmitysj\u00e4rjestelm\u00e4 saattavat my\u00f6s p\u00e4\u00e4st\u00e4\u00e4 ilmaan h\u00e4k\u00e4\u00e4.<\/p>\n<p>CA108-h\u00e4k\u00e4varoittimen selke\u00e4 LCD-n\u00e4ytt\u00f6 n\u00e4ytt\u00e4\u00e4 ajantasaisen CO-tason. H\u00e4lytysmuistitoiminnon avulla n\u00e4et, onko h\u00e4lytys lauennut 48 tunnin sis\u00e4ll\u00e4. Taukopainike hiljent\u00e4\u00e4 h\u00e4lytyksen 10 minuutiksi. Laite ilmoittaa my\u00f6s kun on aika vaihtaa paristo.<\/p>\n<p>CA108 t\u00e4ytt\u00e4\u00e4 hiilimonoksidi-ilmaisimien standardit 50291-1:2018 ja EN50291-2:2019, ja on hyv\u00e4ksytty k\u00e4ytett\u00e4v\u00e4ksi kodeissa, asuntovaunuissa ja veneiss\u00e4.<\/p>\n","protected":false},"featured_media":2743,"comment_status":"open","ping_status":"closed","template":"","meta":{"_uag_custom_page_level_css":"","site-sidebar-layout":"default","site-content-layout":"default","ast-site-content-layout":"default","site-content-style":"default","site-sidebar-style":"default","ast-global-header-display":"","ast-banner-title-visibility":"","ast-main-header-display":"","ast-hfb-above-header-display":"","ast-hfb-below-header-display":"","ast-hfb-mobile-header-display":"","site-post-title":"","ast-breadcrumbs-content":"","ast-featured-img":"","footer-sml-layout":"","ast-disable-related-posts":"","theme-transparent-header-meta":"default","adv-header-id-meta":"","stick-header-meta":"default","header-above-stick-meta":"","header-main-stick-meta":"","header-below-stick-meta":"","astra-migrate-meta-layouts":"set","ast-page-background-enabled":"default","ast-page-background-meta":{"desktop":{"background-color":"","background-image":"","background-repeat":"repeat","background-position":"center center","background-size":"auto","background-attachment":"scroll","background-type":"","background-media":"","overlay-type":"","overlay-color":"","overlay-opacity":"","overlay-gradient":""},"tablet":{"background-color":"","background-image":"","background-repeat":"repeat","background-position":"center center","background-size":"auto","background-attachment":"scroll","background-type":"","background-media":"","overlay-type":"","overlay-color":"","overlay-opacity":"","overlay-gradient":""},"mobile":{"background-color":"","background-image":"","background-repeat":"repeat","background-position":"center center","background-size":"auto","background-attachment":"scroll","background-type":"","background-media":"","overlay-type":"","overlay-color":"","overlay-opacity":"","overlay-gradient":""}},"ast-content-background-meta":{"desktop":{"background-color":"var(--ast-global-color-5)","background-image":"","background-repeat":"repeat","background-position":"center center","background-size":"auto","background-attachment":"scroll","background-type":"","background-media":"","overlay-type":"","overlay-color":"","overlay-opacity":"","overlay-gradient":""},"tablet":{"background-color":"var(--ast-global-color-5)","background-image":"","background-repeat":"repeat","background-position":"center center","background-size":"auto","background-attachment":"scroll","background-type":"","background-media":"","overlay-type":"","overlay-color":"","overlay-opacity":"","overlay-gradient":""},"mobile":{"background-color":"var(--ast-global-color-5)","background-image":"","background-repeat":"repeat","background-position":"center center","background-size":"auto","background-attachment":"scroll","background-type":"","background-media":"","overlay-type":"","overlay-color":"","overlay-opacity":"","overlay-gradient":""}}},"product_brand":[],"product_cat":[314,15,30],"product_tag":[1162,1174,422,415,331,485,1175,113,1163,1242,1178,34,1041,237],"class_list":{"0":"post-2692","1":"product","2":"type-product","3":"status-publish","4":"has-post-thumbnail","6":"product_cat-hakavaroittimet","7":"product_cat-yleinen","8":"product_cat-paloturvallisuus","9":"product_tag-ca108","10":"product_tag-en50291-2","11":"product_tag-haka","12":"product_tag-hakavaroitin","13":"product_tag-halytin","14":"product_tag-hiilimonoksidi","15":"product_tag-hiilimonoksidi-ilmaisin","16":"product_tag-housegard","17":"product_tag-lcd-naytto","18":"product_tag-mokki","19":"product_tag-takka","20":"product_tag-varoitin","21":"product_tag-vene","22":"product_tag-veneeseen","23":"product_shipping_class-suomi","24":"desktop-align-center","25":"tablet-align-center","26":"mobile-align-center","27":"ast-product-gallery-layout-horizontal-slider","28":"ast-product-tabs-layout-horizontal","30":"first","31":"instock","32":"taxable","33":"shipping-taxable","34":"purchasable","35":"product-type-simple"},"yoast_head":"<!-- This site is optimized with the Yoast SEO plugin v27.3 - https:\/\/yoast.com\/product\/yoast-seo-wordpress\/ -->\n<title>H\u00e4k\u00e4varoitin - Housegard LCD-n\u00e4yt\u00f6ll\u00e4, CA108 - Safety Partners<\/title>\n<meta name=\"description\" content=\"H\u00e4k\u00e4varoitin - EN50291-2 -hyv\u00e4ksytty h\u00e4k\u00e4varoitin reagoi nopeasti. Selke\u00e4n\u00e4ytt\u00f6inen h\u00e4lytin sopii kotiin, m\u00f6kille, asuntovaunuun ja veneeseen.\" \/>\n<meta name=\"robots\" content=\"index, follow, max-snippet:-1, max-image-preview:large, max-video-preview:-1\" \/>\n<link rel=\"canonical\" href=\"https:\/\/safetypartners.fi\/kauppa\/tuote\/housegard-hakavaroitin-lcd-naytolla-ca108\" \/>\n<meta property=\"og:locale\" content=\"fi_FI\" \/>\n<meta property=\"og:type\" content=\"article\" \/>\n<meta property=\"og:title\" content=\"H\u00e4k\u00e4varoitin - Housegard LCD-n\u00e4yt\u00f6ll\u00e4, CA108 - Safety Partners\" \/>\n<meta property=\"og:description\" content=\"H\u00e4k\u00e4varoitin - EN50291-2 -hyv\u00e4ksytty h\u00e4k\u00e4varoitin reagoi nopeasti. Selke\u00e4n\u00e4ytt\u00f6inen h\u00e4lytin sopii kotiin, m\u00f6kille, asuntovaunuun ja veneeseen.\" \/>\n<meta property=\"og:url\" content=\"https:\/\/safetypartners.fi\/kauppa\/tuote\/housegard-hakavaroitin-lcd-naytolla-ca108\" \/>\n<meta property=\"og:site_name\" content=\"Safety Partners\" \/>\n<meta property=\"article:modified_time\" content=\"2026-01-05T09:26:39+00:00\" \/>\n<meta property=\"og:image\" content=\"https:\/\/safetypartners.fi\/kauppa\/wp-content\/uploads\/2025\/04\/Housegard-CA108-hakavaroitin-3-vuoden-paristolla_1.png\" \/>\n\t<meta property=\"og:image:width\" content=\"1096\" \/>\n\t<meta property=\"og:image:height\" content=\"906\" \/>\n\t<meta property=\"og:image:type\" content=\"image\/png\" \/>\n<meta name=\"twitter:card\" content=\"summary_large_image\" \/>\n<meta name=\"twitter:label1\" content=\"Arvioitu lukuaika\" \/>\n\t<meta name=\"twitter:data1\" content=\"1 minuutti\" \/>\n<script type=\"application\/ld+json\" class=\"yoast-schema-graph\">{\"@context\":\"https:\\\/\\\/schema.org\",\"@graph\":[{\"@type\":\"WebPage\",\"@id\":\"https:\\\/\\\/safetypartners.fi\\\/kauppa\\\/tuote\\\/housegard-hakavaroitin-lcd-naytolla-ca108\",\"url\":\"https:\\\/\\\/safetypartners.fi\\\/kauppa\\\/tuote\\\/housegard-hakavaroitin-lcd-naytolla-ca108\",\"name\":\"H\u00e4k\u00e4varoitin - Housegard LCD-n\u00e4yt\u00f6ll\u00e4, CA108 - Safety Partners\",\"isPartOf\":{\"@id\":\"https:\\\/\\\/safetypartners.fi\\\/kauppa\\\/#website\"},\"primaryImageOfPage\":{\"@id\":\"https:\\\/\\\/safetypartners.fi\\\/kauppa\\\/tuote\\\/housegard-hakavaroitin-lcd-naytolla-ca108#primaryimage\"},\"image\":{\"@id\":\"https:\\\/\\\/safetypartners.fi\\\/kauppa\\\/tuote\\\/housegard-hakavaroitin-lcd-naytolla-ca108#primaryimage\"},\"thumbnailUrl\":\"https:\\\/\\\/safetypartners.fi\\\/kauppa\\\/wp-content\\\/uploads\\\/2025\\\/04\\\/Housegard-CA108-hakavaroitin-3-vuoden-paristolla_1.png\",\"datePublished\":\"2025-04-02T12:54:05+00:00\",\"dateModified\":\"2026-01-05T09:26:39+00:00\",\"description\":\"H\u00e4k\u00e4varoitin - EN50291-2 -hyv\u00e4ksytty h\u00e4k\u00e4varoitin reagoi nopeasti. Selke\u00e4n\u00e4ytt\u00f6inen h\u00e4lytin sopii kotiin, m\u00f6kille, asuntovaunuun ja veneeseen.\",\"breadcrumb\":{\"@id\":\"https:\\\/\\\/safetypartners.fi\\\/kauppa\\\/tuote\\\/housegard-hakavaroitin-lcd-naytolla-ca108#breadcrumb\"},\"inLanguage\":\"fi\",\"potentialAction\":[{\"@type\":\"ReadAction\",\"target\":[\"https:\\\/\\\/safetypartners.fi\\\/kauppa\\\/tuote\\\/housegard-hakavaroitin-lcd-naytolla-ca108\"]}]},{\"@type\":\"ImageObject\",\"inLanguage\":\"fi\",\"@id\":\"https:\\\/\\\/safetypartners.fi\\\/kauppa\\\/tuote\\\/housegard-hakavaroitin-lcd-naytolla-ca108#primaryimage\",\"url\":\"https:\\\/\\\/safetypartners.fi\\\/kauppa\\\/wp-content\\\/uploads\\\/2025\\\/04\\\/Housegard-CA108-hakavaroitin-3-vuoden-paristolla_1.png\",\"contentUrl\":\"https:\\\/\\\/safetypartners.fi\\\/kauppa\\\/wp-content\\\/uploads\\\/2025\\\/04\\\/Housegard-CA108-hakavaroitin-3-vuoden-paristolla_1.png\",\"width\":1096,\"height\":906,\"caption\":\"Standardit 50291-1:2018 ja EN50291-2:2019 t\u00e4ytt\u00e4v\u00e4 h\u00e4k\u00e4varoitin\"},{\"@type\":\"BreadcrumbList\",\"@id\":\"https:\\\/\\\/safetypartners.fi\\\/kauppa\\\/tuote\\\/housegard-hakavaroitin-lcd-naytolla-ca108#breadcrumb\",\"itemListElement\":[{\"@type\":\"ListItem\",\"position\":1,\"name\":\"Home\",\"item\":\"https:\\\/\\\/safetypartners.fi\\\/kauppa\\\/\"},{\"@type\":\"ListItem\",\"position\":2,\"name\":\"Kauppa\",\"item\":\"https:\\\/\\\/safetypartners.fi\\\/kauppa\\\/kauppa\"},{\"@type\":\"ListItem\",\"position\":3,\"name\":\"H\u00e4k\u00e4varoitin &#8211; Housegard LCD-n\u00e4yt\u00f6ll\u00e4, CA108\"}]},{\"@type\":\"WebSite\",\"@id\":\"https:\\\/\\\/safetypartners.fi\\\/kauppa\\\/#website\",\"url\":\"https:\\\/\\\/safetypartners.fi\\\/kauppa\\\/\",\"name\":\"Safety Partners\",\"description\":\"Safety Partners turvakauppa palvelee verkossa 24\\\/7!\",\"publisher\":{\"@id\":\"https:\\\/\\\/safetypartners.fi\\\/kauppa\\\/#organization\"},\"potentialAction\":[{\"@type\":\"SearchAction\",\"target\":{\"@type\":\"EntryPoint\",\"urlTemplate\":\"https:\\\/\\\/safetypartners.fi\\\/kauppa\\\/?s={search_term_string}\"},\"query-input\":{\"@type\":\"PropertyValueSpecification\",\"valueRequired\":true,\"valueName\":\"search_term_string\"}}],\"inLanguage\":\"fi\"},{\"@type\":\"Organization\",\"@id\":\"https:\\\/\\\/safetypartners.fi\\\/kauppa\\\/#organization\",\"name\":\"Safety Partners | Suomen Sammutinpalvelu\",\"url\":\"https:\\\/\\\/safetypartners.fi\\\/kauppa\\\/\",\"logo\":{\"@type\":\"ImageObject\",\"inLanguage\":\"fi\",\"@id\":\"https:\\\/\\\/safetypartners.fi\\\/kauppa\\\/#\\\/schema\\\/logo\\\/image\\\/\",\"url\":\"https:\\\/\\\/safetypartners.fi\\\/kauppa\\\/wp-content\\\/uploads\\\/2020\\\/05\\\/cropped-Logoke-1.jpg\",\"contentUrl\":\"https:\\\/\\\/safetypartners.fi\\\/kauppa\\\/wp-content\\\/uploads\\\/2020\\\/05\\\/cropped-Logoke-1.jpg\",\"width\":847,\"height\":717,\"caption\":\"Safety Partners | Suomen Sammutinpalvelu\"},\"image\":{\"@id\":\"https:\\\/\\\/safetypartners.fi\\\/kauppa\\\/#\\\/schema\\\/logo\\\/image\\\/\"}}]}<\/script>\n<!-- \/ Yoast SEO plugin. -->","yoast_head_json":{"title":"H\u00e4k\u00e4varoitin - Housegard LCD-n\u00e4yt\u00f6ll\u00e4, CA108 - Safety Partners","description":"H\u00e4k\u00e4varoitin - EN50291-2 -hyv\u00e4ksytty h\u00e4k\u00e4varoitin reagoi nopeasti. Selke\u00e4n\u00e4ytt\u00f6inen h\u00e4lytin sopii kotiin, m\u00f6kille, asuntovaunuun ja veneeseen.","robots":{"index":"index","follow":"follow","max-snippet":"max-snippet:-1","max-image-preview":"max-image-preview:large","max-video-preview":"max-video-preview:-1"},"canonical":"https:\/\/safetypartners.fi\/kauppa\/tuote\/housegard-hakavaroitin-lcd-naytolla-ca108","og_locale":"fi_FI","og_type":"article","og_title":"H\u00e4k\u00e4varoitin - Housegard LCD-n\u00e4yt\u00f6ll\u00e4, CA108 - Safety Partners","og_description":"H\u00e4k\u00e4varoitin - EN50291-2 -hyv\u00e4ksytty h\u00e4k\u00e4varoitin reagoi nopeasti. Selke\u00e4n\u00e4ytt\u00f6inen h\u00e4lytin sopii kotiin, m\u00f6kille, asuntovaunuun ja veneeseen.","og_url":"https:\/\/safetypartners.fi\/kauppa\/tuote\/housegard-hakavaroitin-lcd-naytolla-ca108","og_site_name":"Safety Partners","article_modified_time":"2026-01-05T09:26:39+00:00","og_image":[{"width":1096,"height":906,"url":"https:\/\/safetypartners.fi\/kauppa\/wp-content\/uploads\/2025\/04\/Housegard-CA108-hakavaroitin-3-vuoden-paristolla_1.png","type":"image\/png"}],"twitter_card":"summary_large_image","twitter_misc":{"Arvioitu lukuaika":"1 minuutti"},"schema":{"@context":"https:\/\/schema.org","@graph":[{"@type":"WebPage","@id":"https:\/\/safetypartners.fi\/kauppa\/tuote\/housegard-hakavaroitin-lcd-naytolla-ca108","url":"https:\/\/safetypartners.fi\/kauppa\/tuote\/housegard-hakavaroitin-lcd-naytolla-ca108","name":"H\u00e4k\u00e4varoitin - Housegard LCD-n\u00e4yt\u00f6ll\u00e4, CA108 - Safety Partners","isPartOf":{"@id":"https:\/\/safetypartners.fi\/kauppa\/#website"},"primaryImageOfPage":{"@id":"https:\/\/safetypartners.fi\/kauppa\/tuote\/housegard-hakavaroitin-lcd-naytolla-ca108#primaryimage"},"image":{"@id":"https:\/\/safetypartners.fi\/kauppa\/tuote\/housegard-hakavaroitin-lcd-naytolla-ca108#primaryimage"},"thumbnailUrl":"https:\/\/safetypartners.fi\/kauppa\/wp-content\/uploads\/2025\/04\/Housegard-CA108-hakavaroitin-3-vuoden-paristolla_1.png","datePublished":"2025-04-02T12:54:05+00:00","dateModified":"2026-01-05T09:26:39+00:00","description":"H\u00e4k\u00e4varoitin - EN50291-2 -hyv\u00e4ksytty h\u00e4k\u00e4varoitin reagoi nopeasti. Selke\u00e4n\u00e4ytt\u00f6inen h\u00e4lytin sopii kotiin, m\u00f6kille, asuntovaunuun ja veneeseen.","breadcrumb":{"@id":"https:\/\/safetypartners.fi\/kauppa\/tuote\/housegard-hakavaroitin-lcd-naytolla-ca108#breadcrumb"},"inLanguage":"fi","potentialAction":[{"@type":"ReadAction","target":["https:\/\/safetypartners.fi\/kauppa\/tuote\/housegard-hakavaroitin-lcd-naytolla-ca108"]}]},{"@type":"ImageObject","inLanguage":"fi","@id":"https:\/\/safetypartners.fi\/kauppa\/tuote\/housegard-hakavaroitin-lcd-naytolla-ca108#primaryimage","url":"https:\/\/safetypartners.fi\/kauppa\/wp-content\/uploads\/2025\/04\/Housegard-CA108-hakavaroitin-3-vuoden-paristolla_1.png","contentUrl":"https:\/\/safetypartners.fi\/kauppa\/wp-content\/uploads\/2025\/04\/Housegard-CA108-hakavaroitin-3-vuoden-paristolla_1.png","width":1096,"height":906,"caption":"Standardit 50291-1:2018 ja EN50291-2:2019 t\u00e4ytt\u00e4v\u00e4 h\u00e4k\u00e4varoitin"},{"@type":"BreadcrumbList","@id":"https:\/\/safetypartners.fi\/kauppa\/tuote\/housegard-hakavaroitin-lcd-naytolla-ca108#breadcrumb","itemListElement":[{"@type":"ListItem","position":1,"name":"Home","item":"https:\/\/safetypartners.fi\/kauppa\/"},{"@type":"ListItem","position":2,"name":"Kauppa","item":"https:\/\/safetypartners.fi\/kauppa\/kauppa"},{"@type":"ListItem","position":3,"name":"H\u00e4k\u00e4varoitin &#8211; Housegard LCD-n\u00e4yt\u00f6ll\u00e4, CA108"}]},{"@type":"WebSite","@id":"https:\/\/safetypartners.fi\/kauppa\/#website","url":"https:\/\/safetypartners.fi\/kauppa\/","name":"Safety Partners","description":"Safety Partners turvakauppa palvelee verkossa 24\/7!","publisher":{"@id":"https:\/\/safetypartners.fi\/kauppa\/#organization"},"potentialAction":[{"@type":"SearchAction","target":{"@type":"EntryPoint","urlTemplate":"https:\/\/safetypartners.fi\/kauppa\/?s={search_term_string}"},"query-input":{"@type":"PropertyValueSpecification","valueRequired":true,"valueName":"search_term_string"}}],"inLanguage":"fi"},{"@type":"Organization","@id":"https:\/\/safetypartners.fi\/kauppa\/#organization","name":"Safety Partners | Suomen Sammutinpalvelu","url":"https:\/\/safetypartners.fi\/kauppa\/","logo":{"@type":"ImageObject","inLanguage":"fi","@id":"https:\/\/safetypartners.fi\/kauppa\/#\/schema\/logo\/image\/","url":"https:\/\/safetypartners.fi\/kauppa\/wp-content\/uploads\/2020\/05\/cropped-Logoke-1.jpg","contentUrl":"https:\/\/safetypartners.fi\/kauppa\/wp-content\/uploads\/2020\/05\/cropped-Logoke-1.jpg","width":847,"height":717,"caption":"Safety Partners | Suomen Sammutinpalvelu"},"image":{"@id":"https:\/\/safetypartners.fi\/kauppa\/#\/schema\/logo\/image\/"}}]}},"uagb_featured_image_src":{"full":["https:\/\/safetypartners.fi\/kauppa\/wp-content\/uploads\/2025\/04\/Housegard-CA108-hakavaroitin-3-vuoden-paristolla_1.png",1096,906,false],"thumbnail":["https:\/\/safetypartners.fi\/kauppa\/wp-content\/uploads\/2025\/04\/Housegard-CA108-hakavaroitin-3-vuoden-paristolla_1-150x150.png",150,150,true],"medium":["https:\/\/safetypartners.fi\/kauppa\/wp-content\/uploads\/2025\/04\/Housegard-CA108-hakavaroitin-3-vuoden-paristolla_1-300x248.png",300,248,true],"medium_large":["https:\/\/safetypartners.fi\/kauppa\/wp-content\/uploads\/2025\/04\/Housegard-CA108-hakavaroitin-3-vuoden-paristolla_1-768x635.png",768,635,true],"large":["https:\/\/safetypartners.fi\/kauppa\/wp-content\/uploads\/2025\/04\/Housegard-CA108-hakavaroitin-3-vuoden-paristolla_1-1024x846.png",1024,846,true],"1536x1536":["https:\/\/safetypartners.fi\/kauppa\/wp-content\/uploads\/2025\/04\/Housegard-CA108-hakavaroitin-3-vuoden-paristolla_1.png",1096,906,false],"2048x2048":["https:\/\/safetypartners.fi\/kauppa\/wp-content\/uploads\/2025\/04\/Housegard-CA108-hakavaroitin-3-vuoden-paristolla_1.png",1096,906,false],"woocommerce_thumbnail":["https:\/\/safetypartners.fi\/kauppa\/wp-content\/uploads\/2025\/04\/Housegard-CA108-hakavaroitin-3-vuoden-paristolla_1-300x300.png",300,300,true],"woocommerce_single":["https:\/\/safetypartners.fi\/kauppa\/wp-content\/uploads\/2025\/04\/Housegard-CA108-hakavaroitin-3-vuoden-paristolla_1-600x496.png",600,496,true],"woocommerce_gallery_thumbnail":["https:\/\/safetypartners.fi\/kauppa\/wp-content\/uploads\/2025\/04\/Housegard-CA108-hakavaroitin-3-vuoden-paristolla_1-100x100.png",100,100,true]},"uagb_author_info":{"display_name":"Anu Lehto","author_link":"https:\/\/safetypartners.fi\/kauppa\/author"},"uagb_comment_info":0,"uagb_excerpt":"Housegard CA108 h\u00e4k\u00e4varoitin LCD-n\u00e4yt\u00f6ll\u00e4 reagoi nopeasti vaarallisiksi nouseviin hiilimonoksiditasoihin. H\u00e4k\u00e4varoitin suositellaan asennettavan erityisesti huoneisiin, joissa on polttoainek\u00e4ytt\u00f6isi\u00e4 l\u00e4mmitysl\u00e4hteit\u00e4 tai -laitteita. H\u00e4k\u00e4 on n\u00e4kym\u00e4t\u00f6nt\u00e4 ja mautonta kaasua, mik\u00e4 tekee siit\u00e4 havaitsemattoman ihmisen aisteille. Varoittimen h\u00e4lytys on ainoa tapa varoittaa h\u00e4k\u00e4p\u00e4\u00e4st\u00f6n sattuessa. H\u00e4k\u00e4\u00e4 syntyy ep\u00e4t\u00e4ydellisest\u00e4 palamisesta esimerkiksi takank\u00e4yt\u00f6n yhteydess\u00e4, mutta my\u00f6s esimerkiksi kerosiinik\u00e4ytt\u00f6isten laitteiden, \u00f6ljykattiloiden ja kaasuliesien&hellip;","_links":{"self":[{"href":"https:\/\/safetypartners.fi\/kauppa\/wp-json\/wp\/v2\/product\/2692","targetHints":{"allow":["GET"]}}],"collection":[{"href":"https:\/\/safetypartners.fi\/kauppa\/wp-json\/wp\/v2\/product"}],"about":[{"href":"https:\/\/safetypartners.fi\/kauppa\/wp-json\/wp\/v2\/types\/product"}],"replies":[{"embeddable":true,"href":"https:\/\/safetypartners.fi\/kauppa\/wp-json\/wp\/v2\/comments?post=2692"}],"version-history":[{"count":4,"href":"https:\/\/safetypartners.fi\/kauppa\/wp-json\/wp\/v2\/product\/2692\/revisions"}],"predecessor-version":[{"id":2742,"href":"https:\/\/safetypartners.fi\/kauppa\/wp-json\/wp\/v2\/product\/2692\/revisions\/2742"}],"wp:featuredmedia":[{"embeddable":true,"href":"https:\/\/safetypartners.fi\/kauppa\/wp-json\/wp\/v2\/media\/2743"}],"wp:attachment":[{"href":"https:\/\/safetypartners.fi\/kauppa\/wp-json\/wp\/v2\/media?parent=2692"}],"wp:term":[{"taxonomy":"product_brand","embeddable":true,"href":"https:\/\/safetypartners.fi\/kauppa\/wp-json\/wp\/v2\/product_brand?post=2692"},{"taxonomy":"product_cat","embeddable":true,"href":"https:\/\/safetypartners.fi\/kauppa\/wp-json\/wp\/v2\/product_cat?post=2692"},{"taxonomy":"product_tag","embeddable":true,"href":"https:\/\/safetypartners.fi\/kauppa\/wp-json\/wp\/v2\/product_tag?post=2692"}],"curies":[{"name":"wp","href":"https:\/\/api.w.org\/{rel}","templated":true}]}}