{"id":2703,"date":"2025-04-17T11:01:44","date_gmt":"2025-04-17T08:01:44","guid":{"rendered":"https:\/\/safetypartners.fi\/kauppa\/?post_type=product&#038;p=2703"},"modified":"2026-01-03T13:39:49","modified_gmt":"2026-01-03T11:39:49","slug":"cool-x-kuumakylmahaude","status":"publish","type":"product","link":"https:\/\/safetypartners.fi\/kauppa\/tuote\/cool-x-kuumakylmahaude","title":{"rendered":"Cool-X kuumakylm\u00e4haude"},"content":{"rendered":"<p><strong>K\u00e4ytt\u00f6ohje kylm\u00e4hoitoon:<\/strong><\/p>\n<p>Cool-X suositellaan viilennett\u00e4v\u00e4ksi pakastimessa (max. -25 \u00baC) n. 2 tuntia. Pussia voi my\u00f6s s\u00e4ilytt\u00e4\u00e4 pakastimessa, jolloin se on tarvittaessa heti k\u00e4ytt\u00f6valmis.<\/p>\n<p>Aseta kangas viilennetyn kylm\u00e4pussin ja ihon v\u00e4liin. \u00c4l\u00e4 aseta pussia suoraan iholle.<br \/>\nHuom!: jos sinulla on heikentynyt verenkierto, \u00e4l\u00e4 k\u00e4yt\u00e4 kylm\u00e4pussia.<\/p>\n<p><strong>K\u00e4ytt\u00f6ohje l\u00e4mp\u00f6hoitoon:<\/strong><\/p>\n<p>L\u00e4mmit\u00e4 kuumahaudepussi vesiastiassa mikrossa tai liedell\u00e4 (max. +80 \u00baC). Mikrossa l\u00e4mmitett\u00e4ess\u00e4 kannattaa sopiva l\u00e4mmitysteho ja -aika etsi\u00e4 kokeillen, sill\u00e4 mikrot ovat tehoiltaan hyvin erilaisia. Huomioithan, ett\u00e4 mikron mahdolliset ep\u00e4puhtaudet (esim. rasva) voivat polttaa haudepussiin rei\u00e4n, mik\u00e4li pussi asetetaan suoraan mikron alustalle.<\/p>\n<p>Tasoita pussin sis\u00e4ll\u00e4 oleva geeli\u00a0tasaiseksi ja aseta pussi vesikulhossa mikroon. Mik\u00e4li pussi on huoneenl\u00e4mp\u00f6inen, l\u00e4mmit\u00e4 t\u00e4ydell\u00e4 teholla 1 min.\u00a0Etene tarvittaessa 10 sekunnin l\u00e4mmitysjaksoin, kunnes haluamasi l\u00e4mp\u00f6tila on saavutettu. Mik\u00e4li pussi on j\u00e4\u00e4ss\u00e4, l\u00e4mmit\u00e4 t\u00e4ydell\u00e4 teholla 75 sekuntia ja pid\u00e4 sen j\u00e4lkeen 75 sekunnin tauko. Etene tarvittaessa 10 sekunnin l\u00e4mmitysjaksoin, kunnes haluamasi l\u00e4mp\u00f6tila on saavutettu.<\/p>\n","protected":false},"excerpt":{"rendered":"<p><strong>Cool-X kuumakylm\u00e4haude<\/strong> toimii tarpeen mukaan sek\u00e4 kuuma- ett\u00e4 kylm\u00e4hauteena. Reilun kokoinen haude ja taipuisa nylon-pussi helpottavat k\u00e4ytt\u00f6\u00e4. Pussi voidaan viilent\u00e4\u00e4 pakastimessa ja kuumentaa mikrossa tai vesihauteessa.<\/p>\n<p>Uuden materiaalin ansiosta haudepussi on entist\u00e4 taipuisampi viilent\u00e4misen j\u00e4lkeen. Materiaali kest\u00e4\u00e4 kulutusta huomattavasti paremmin kuin yleisesti k\u00e4ytetty muovinen materiaali, ja onkin monik\u00e4ytt\u00f6inen.<\/p>\n<p>K\u00e4yt\u00e4 Cool-X kuumakylm\u00e4haudetta tehokkaaseen ensiapuun ven\u00e4hdysten, rev\u00e4hdysten ja ruhjevammojen hoidossa. Kylm\u00e4hoito v\u00e4hent\u00e4\u00e4 turvotuksen ja verenpurkauman muodostumista, lievitt\u00e4en samalla kipua. L\u00e4mp\u00f6haude soveltuu samoin kiputilojen lievitt\u00e4miseen silloin, kun niihin ei liity tulehdusta.<\/p>\n","protected":false},"featured_media":2704,"comment_status":"open","ping_status":"closed","template":"","meta":{"_uag_custom_page_level_css":"","site-sidebar-layout":"default","site-content-layout":"default","ast-site-content-layout":"default","site-content-style":"default","site-sidebar-style":"default","ast-global-header-display":"","ast-banner-title-visibility":"","ast-main-header-display":"","ast-hfb-above-header-display":"","ast-hfb-below-header-display":"","ast-hfb-mobile-header-display":"","site-post-title":"","ast-breadcrumbs-content":"","ast-featured-img":"","footer-sml-layout":"","ast-disable-related-posts":"","theme-transparent-header-meta":"default","adv-header-id-meta":"","stick-header-meta":"default","header-above-stick-meta":"","header-main-stick-meta":"","header-below-stick-meta":"","astra-migrate-meta-layouts":"set","ast-page-background-enabled":"default","ast-page-background-meta":{"desktop":{"background-color":"","background-image":"","background-repeat":"repeat","background-position":"center center","background-size":"auto","background-attachment":"scroll","background-type":"","background-media":"","overlay-type":"","overlay-color":"","overlay-opacity":"","overlay-gradient":""},"tablet":{"background-color":"","background-image":"","background-repeat":"repeat","background-position":"center center","background-size":"auto","background-attachment":"scroll","background-type":"","background-media":"","overlay-type":"","overlay-color":"","overlay-opacity":"","overlay-gradient":""},"mobile":{"background-color":"","background-image":"","background-repeat":"repeat","background-position":"center center","background-size":"auto","background-attachment":"scroll","background-type":"","background-media":"","overlay-type":"","overlay-color":"","overlay-opacity":"","overlay-gradient":""}},"ast-content-background-meta":{"desktop":{"background-color":"var(--ast-global-color-5)","background-image":"","background-repeat":"repeat","background-position":"center center","background-size":"auto","background-attachment":"scroll","background-type":"","background-media":"","overlay-type":"","overlay-color":"","overlay-opacity":"","overlay-gradient":""},"tablet":{"background-color":"var(--ast-global-color-5)","background-image":"","background-repeat":"repeat","background-position":"center center","background-size":"auto","background-attachment":"scroll","background-type":"","background-media":"","overlay-type":"","overlay-color":"","overlay-opacity":"","overlay-gradient":""},"mobile":{"background-color":"var(--ast-global-color-5)","background-image":"","background-repeat":"repeat","background-position":"center center","background-size":"auto","background-attachment":"scroll","background-type":"","background-media":"","overlay-type":"","overlay-color":"","overlay-opacity":"","overlay-gradient":""}}},"product_brand":[],"product_cat":[42,15],"product_tag":[306,120,311,1167,310,312,1165,1166],"class_list":{"0":"post-2703","1":"product","2":"type-product","3":"status-publish","4":"has-post-thumbnail","6":"product_cat-ensiapu","7":"product_cat-yleinen","8":"product_tag-cool-x","9":"product_tag-ensiapu","10":"product_tag-haude","11":"product_tag-kuumakylmahaude","12":"product_tag-kylma-kuuma","13":"product_tag-kylmakuumahaude","14":"product_tag-lihaksille","15":"product_tag-venahdyksille","16":"product_shipping_class-suomi","17":"desktop-align-center","18":"tablet-align-center","19":"mobile-align-center","20":"ast-product-gallery-layout-horizontal-slider","21":"ast-product-gallery-with-no-image","22":"ast-product-tabs-layout-horizontal","24":"first","25":"instock","26":"taxable","27":"shipping-taxable","28":"purchasable","29":"product-type-simple"},"yoast_head":"<!-- This site is optimized with the Yoast SEO plugin v27.3 - https:\/\/yoast.com\/product\/yoast-seo-wordpress\/ -->\n<title>Cool-X kuumakylm\u00e4haude - Safety Partners<\/title>\n<meta name=\"description\" content=\"Cool-X kuumakylm\u00e4haude tehokkaaseen ensiapuun ven\u00e4hdysten, rev\u00e4hdysten ja ruhjevammojen hoidossa. Lievitt\u00e4\u00e4 kiputiloja. K\u00e4tev\u00e4 ja taipuisa nylon-pussi.\" \/>\n<meta name=\"robots\" content=\"index, follow, max-snippet:-1, max-image-preview:large, max-video-preview:-1\" \/>\n<link rel=\"canonical\" href=\"https:\/\/safetypartners.fi\/kauppa\/tuote\/cool-x-kuumakylmahaude\" \/>\n<meta property=\"og:locale\" content=\"fi_FI\" \/>\n<meta property=\"og:type\" content=\"article\" \/>\n<meta property=\"og:title\" content=\"Cool-X kuumakylm\u00e4haude - Safety Partners\" \/>\n<meta property=\"og:description\" content=\"Cool-X kuumakylm\u00e4haude tehokkaaseen ensiapuun ven\u00e4hdysten, rev\u00e4hdysten ja ruhjevammojen hoidossa. Lievitt\u00e4\u00e4 kiputiloja. K\u00e4tev\u00e4 ja taipuisa nylon-pussi.\" \/>\n<meta property=\"og:url\" content=\"https:\/\/safetypartners.fi\/kauppa\/tuote\/cool-x-kuumakylmahaude\" \/>\n<meta property=\"og:site_name\" content=\"Safety Partners\" \/>\n<meta property=\"article:modified_time\" content=\"2026-01-03T11:39:49+00:00\" \/>\n<meta property=\"og:image\" content=\"https:\/\/safetypartners.fi\/kauppa\/wp-content\/uploads\/2025\/04\/Kylma-kuumahaude.jpg\" \/>\n\t<meta property=\"og:image:width\" content=\"1024\" \/>\n\t<meta property=\"og:image:height\" content=\"1024\" \/>\n\t<meta property=\"og:image:type\" content=\"image\/jpeg\" \/>\n<meta name=\"twitter:card\" content=\"summary_large_image\" \/>\n<meta name=\"twitter:label1\" content=\"Arvioitu lukuaika\" \/>\n\t<meta name=\"twitter:data1\" content=\"2 minuuttia\" \/>\n<script type=\"application\/ld+json\" class=\"yoast-schema-graph\">{\"@context\":\"https:\\\/\\\/schema.org\",\"@graph\":[{\"@type\":\"WebPage\",\"@id\":\"https:\\\/\\\/safetypartners.fi\\\/kauppa\\\/tuote\\\/cool-x-kuumakylmahaude\",\"url\":\"https:\\\/\\\/safetypartners.fi\\\/kauppa\\\/tuote\\\/cool-x-kuumakylmahaude\",\"name\":\"Cool-X kuumakylm\u00e4haude - Safety Partners\",\"isPartOf\":{\"@id\":\"https:\\\/\\\/safetypartners.fi\\\/kauppa\\\/#website\"},\"primaryImageOfPage\":{\"@id\":\"https:\\\/\\\/safetypartners.fi\\\/kauppa\\\/tuote\\\/cool-x-kuumakylmahaude#primaryimage\"},\"image\":{\"@id\":\"https:\\\/\\\/safetypartners.fi\\\/kauppa\\\/tuote\\\/cool-x-kuumakylmahaude#primaryimage\"},\"thumbnailUrl\":\"https:\\\/\\\/safetypartners.fi\\\/kauppa\\\/wp-content\\\/uploads\\\/2025\\\/04\\\/Kylma-kuumahaude.jpg\",\"datePublished\":\"2025-04-17T08:01:44+00:00\",\"dateModified\":\"2026-01-03T11:39:49+00:00\",\"description\":\"Cool-X kuumakylm\u00e4haude tehokkaaseen ensiapuun ven\u00e4hdysten, rev\u00e4hdysten ja ruhjevammojen hoidossa. Lievitt\u00e4\u00e4 kiputiloja. K\u00e4tev\u00e4 ja taipuisa nylon-pussi.\",\"breadcrumb\":{\"@id\":\"https:\\\/\\\/safetypartners.fi\\\/kauppa\\\/tuote\\\/cool-x-kuumakylmahaude#breadcrumb\"},\"inLanguage\":\"fi\",\"potentialAction\":[{\"@type\":\"ReadAction\",\"target\":[\"https:\\\/\\\/safetypartners.fi\\\/kauppa\\\/tuote\\\/cool-x-kuumakylmahaude\"]}]},{\"@type\":\"ImageObject\",\"inLanguage\":\"fi\",\"@id\":\"https:\\\/\\\/safetypartners.fi\\\/kauppa\\\/tuote\\\/cool-x-kuumakylmahaude#primaryimage\",\"url\":\"https:\\\/\\\/safetypartners.fi\\\/kauppa\\\/wp-content\\\/uploads\\\/2025\\\/04\\\/Kylma-kuumahaude.jpg\",\"contentUrl\":\"https:\\\/\\\/safetypartners.fi\\\/kauppa\\\/wp-content\\\/uploads\\\/2025\\\/04\\\/Kylma-kuumahaude.jpg\",\"width\":1024,\"height\":1024,\"caption\":\"Ven\u00e4hdyksille, rev\u00e4hdyksille, lihaksille\"},{\"@type\":\"BreadcrumbList\",\"@id\":\"https:\\\/\\\/safetypartners.fi\\\/kauppa\\\/tuote\\\/cool-x-kuumakylmahaude#breadcrumb\",\"itemListElement\":[{\"@type\":\"ListItem\",\"position\":1,\"name\":\"Home\",\"item\":\"https:\\\/\\\/safetypartners.fi\\\/kauppa\\\/\"},{\"@type\":\"ListItem\",\"position\":2,\"name\":\"Kauppa\",\"item\":\"https:\\\/\\\/safetypartners.fi\\\/kauppa\\\/kauppa\"},{\"@type\":\"ListItem\",\"position\":3,\"name\":\"Cool-X kuumakylm\u00e4haude\"}]},{\"@type\":\"WebSite\",\"@id\":\"https:\\\/\\\/safetypartners.fi\\\/kauppa\\\/#website\",\"url\":\"https:\\\/\\\/safetypartners.fi\\\/kauppa\\\/\",\"name\":\"Safety Partners\",\"description\":\"Safety Partners turvakauppa palvelee verkossa 24\\\/7!\",\"publisher\":{\"@id\":\"https:\\\/\\\/safetypartners.fi\\\/kauppa\\\/#organization\"},\"potentialAction\":[{\"@type\":\"SearchAction\",\"target\":{\"@type\":\"EntryPoint\",\"urlTemplate\":\"https:\\\/\\\/safetypartners.fi\\\/kauppa\\\/?s={search_term_string}\"},\"query-input\":{\"@type\":\"PropertyValueSpecification\",\"valueRequired\":true,\"valueName\":\"search_term_string\"}}],\"inLanguage\":\"fi\"},{\"@type\":\"Organization\",\"@id\":\"https:\\\/\\\/safetypartners.fi\\\/kauppa\\\/#organization\",\"name\":\"Safety Partners | Suomen Sammutinpalvelu\",\"url\":\"https:\\\/\\\/safetypartners.fi\\\/kauppa\\\/\",\"logo\":{\"@type\":\"ImageObject\",\"inLanguage\":\"fi\",\"@id\":\"https:\\\/\\\/safetypartners.fi\\\/kauppa\\\/#\\\/schema\\\/logo\\\/image\\\/\",\"url\":\"https:\\\/\\\/safetypartners.fi\\\/kauppa\\\/wp-content\\\/uploads\\\/2020\\\/05\\\/cropped-Logoke-1.jpg\",\"contentUrl\":\"https:\\\/\\\/safetypartners.fi\\\/kauppa\\\/wp-content\\\/uploads\\\/2020\\\/05\\\/cropped-Logoke-1.jpg\",\"width\":847,\"height\":717,\"caption\":\"Safety Partners | Suomen Sammutinpalvelu\"},\"image\":{\"@id\":\"https:\\\/\\\/safetypartners.fi\\\/kauppa\\\/#\\\/schema\\\/logo\\\/image\\\/\"}}]}<\/script>\n<!-- \/ Yoast SEO plugin. -->","yoast_head_json":{"title":"Cool-X kuumakylm\u00e4haude - Safety Partners","description":"Cool-X kuumakylm\u00e4haude tehokkaaseen ensiapuun ven\u00e4hdysten, rev\u00e4hdysten ja ruhjevammojen hoidossa. Lievitt\u00e4\u00e4 kiputiloja. K\u00e4tev\u00e4 ja taipuisa nylon-pussi.","robots":{"index":"index","follow":"follow","max-snippet":"max-snippet:-1","max-image-preview":"max-image-preview:large","max-video-preview":"max-video-preview:-1"},"canonical":"https:\/\/safetypartners.fi\/kauppa\/tuote\/cool-x-kuumakylmahaude","og_locale":"fi_FI","og_type":"article","og_title":"Cool-X kuumakylm\u00e4haude - Safety Partners","og_description":"Cool-X kuumakylm\u00e4haude tehokkaaseen ensiapuun ven\u00e4hdysten, rev\u00e4hdysten ja ruhjevammojen hoidossa. Lievitt\u00e4\u00e4 kiputiloja. K\u00e4tev\u00e4 ja taipuisa nylon-pussi.","og_url":"https:\/\/safetypartners.fi\/kauppa\/tuote\/cool-x-kuumakylmahaude","og_site_name":"Safety Partners","article_modified_time":"2026-01-03T11:39:49+00:00","og_image":[{"width":1024,"height":1024,"url":"https:\/\/safetypartners.fi\/kauppa\/wp-content\/uploads\/2025\/04\/Kylma-kuumahaude.jpg","type":"image\/jpeg"}],"twitter_card":"summary_large_image","twitter_misc":{"Arvioitu lukuaika":"2 minuuttia"},"schema":{"@context":"https:\/\/schema.org","@graph":[{"@type":"WebPage","@id":"https:\/\/safetypartners.fi\/kauppa\/tuote\/cool-x-kuumakylmahaude","url":"https:\/\/safetypartners.fi\/kauppa\/tuote\/cool-x-kuumakylmahaude","name":"Cool-X kuumakylm\u00e4haude - Safety Partners","isPartOf":{"@id":"https:\/\/safetypartners.fi\/kauppa\/#website"},"primaryImageOfPage":{"@id":"https:\/\/safetypartners.fi\/kauppa\/tuote\/cool-x-kuumakylmahaude#primaryimage"},"image":{"@id":"https:\/\/safetypartners.fi\/kauppa\/tuote\/cool-x-kuumakylmahaude#primaryimage"},"thumbnailUrl":"https:\/\/safetypartners.fi\/kauppa\/wp-content\/uploads\/2025\/04\/Kylma-kuumahaude.jpg","datePublished":"2025-04-17T08:01:44+00:00","dateModified":"2026-01-03T11:39:49+00:00","description":"Cool-X kuumakylm\u00e4haude tehokkaaseen ensiapuun ven\u00e4hdysten, rev\u00e4hdysten ja ruhjevammojen hoidossa. Lievitt\u00e4\u00e4 kiputiloja. K\u00e4tev\u00e4 ja taipuisa nylon-pussi.","breadcrumb":{"@id":"https:\/\/safetypartners.fi\/kauppa\/tuote\/cool-x-kuumakylmahaude#breadcrumb"},"inLanguage":"fi","potentialAction":[{"@type":"ReadAction","target":["https:\/\/safetypartners.fi\/kauppa\/tuote\/cool-x-kuumakylmahaude"]}]},{"@type":"ImageObject","inLanguage":"fi","@id":"https:\/\/safetypartners.fi\/kauppa\/tuote\/cool-x-kuumakylmahaude#primaryimage","url":"https:\/\/safetypartners.fi\/kauppa\/wp-content\/uploads\/2025\/04\/Kylma-kuumahaude.jpg","contentUrl":"https:\/\/safetypartners.fi\/kauppa\/wp-content\/uploads\/2025\/04\/Kylma-kuumahaude.jpg","width":1024,"height":1024,"caption":"Ven\u00e4hdyksille, rev\u00e4hdyksille, lihaksille"},{"@type":"BreadcrumbList","@id":"https:\/\/safetypartners.fi\/kauppa\/tuote\/cool-x-kuumakylmahaude#breadcrumb","itemListElement":[{"@type":"ListItem","position":1,"name":"Home","item":"https:\/\/safetypartners.fi\/kauppa\/"},{"@type":"ListItem","position":2,"name":"Kauppa","item":"https:\/\/safetypartners.fi\/kauppa\/kauppa"},{"@type":"ListItem","position":3,"name":"Cool-X kuumakylm\u00e4haude"}]},{"@type":"WebSite","@id":"https:\/\/safetypartners.fi\/kauppa\/#website","url":"https:\/\/safetypartners.fi\/kauppa\/","name":"Safety Partners","description":"Safety Partners turvakauppa palvelee verkossa 24\/7!","publisher":{"@id":"https:\/\/safetypartners.fi\/kauppa\/#organization"},"potentialAction":[{"@type":"SearchAction","target":{"@type":"EntryPoint","urlTemplate":"https:\/\/safetypartners.fi\/kauppa\/?s={search_term_string}"},"query-input":{"@type":"PropertyValueSpecification","valueRequired":true,"valueName":"search_term_string"}}],"inLanguage":"fi"},{"@type":"Organization","@id":"https:\/\/safetypartners.fi\/kauppa\/#organization","name":"Safety Partners | Suomen Sammutinpalvelu","url":"https:\/\/safetypartners.fi\/kauppa\/","logo":{"@type":"ImageObject","inLanguage":"fi","@id":"https:\/\/safetypartners.fi\/kauppa\/#\/schema\/logo\/image\/","url":"https:\/\/safetypartners.fi\/kauppa\/wp-content\/uploads\/2020\/05\/cropped-Logoke-1.jpg","contentUrl":"https:\/\/safetypartners.fi\/kauppa\/wp-content\/uploads\/2020\/05\/cropped-Logoke-1.jpg","width":847,"height":717,"caption":"Safety Partners | Suomen Sammutinpalvelu"},"image":{"@id":"https:\/\/safetypartners.fi\/kauppa\/#\/schema\/logo\/image\/"}}]}},"uagb_featured_image_src":{"full":["https:\/\/safetypartners.fi\/kauppa\/wp-content\/uploads\/2025\/04\/Kylma-kuumahaude.jpg",1024,1024,false],"thumbnail":["https:\/\/safetypartners.fi\/kauppa\/wp-content\/uploads\/2025\/04\/Kylma-kuumahaude-150x150.jpg",150,150,true],"medium":["https:\/\/safetypartners.fi\/kauppa\/wp-content\/uploads\/2025\/04\/Kylma-kuumahaude-300x300.jpg",300,300,true],"medium_large":["https:\/\/safetypartners.fi\/kauppa\/wp-content\/uploads\/2025\/04\/Kylma-kuumahaude-768x768.jpg",768,768,true],"large":["https:\/\/safetypartners.fi\/kauppa\/wp-content\/uploads\/2025\/04\/Kylma-kuumahaude.jpg",1024,1024,false],"1536x1536":["https:\/\/safetypartners.fi\/kauppa\/wp-content\/uploads\/2025\/04\/Kylma-kuumahaude.jpg",1024,1024,false],"2048x2048":["https:\/\/safetypartners.fi\/kauppa\/wp-content\/uploads\/2025\/04\/Kylma-kuumahaude.jpg",1024,1024,false],"woocommerce_thumbnail":["https:\/\/safetypartners.fi\/kauppa\/wp-content\/uploads\/2025\/04\/Kylma-kuumahaude-300x300.jpg",300,300,true],"woocommerce_single":["https:\/\/safetypartners.fi\/kauppa\/wp-content\/uploads\/2025\/04\/Kylma-kuumahaude-600x600.jpg",600,600,true],"woocommerce_gallery_thumbnail":["https:\/\/safetypartners.fi\/kauppa\/wp-content\/uploads\/2025\/04\/Kylma-kuumahaude-100x100.jpg",100,100,true]},"uagb_author_info":{"display_name":"Anu Lehto","author_link":"https:\/\/safetypartners.fi\/kauppa\/author"},"uagb_comment_info":0,"uagb_excerpt":"Cool-X kuumakylm\u00e4haude toimii tarpeen mukaan sek\u00e4 kuuma- ett\u00e4 kylm\u00e4hauteena. Reilun kokoinen haude ja taipuisa nylon-pussi helpottavat k\u00e4ytt\u00f6\u00e4. Pussi voidaan viilent\u00e4\u00e4 pakastimessa ja kuumentaa mikrossa tai vesihauteessa. Uuden materiaalin ansiosta haudepussi on entist\u00e4 taipuisampi viilent\u00e4misen j\u00e4lkeen. Materiaali kest\u00e4\u00e4 kulutusta huomattavasti paremmin kuin yleisesti k\u00e4ytetty muovinen materiaali, ja onkin monik\u00e4ytt\u00f6inen. K\u00e4yt\u00e4 Cool-X kuumakylm\u00e4haudetta tehokkaaseen ensiapuun ven\u00e4hdysten, rev\u00e4hdysten&hellip;","_links":{"self":[{"href":"https:\/\/safetypartners.fi\/kauppa\/wp-json\/wp\/v2\/product\/2703","targetHints":{"allow":["GET"]}}],"collection":[{"href":"https:\/\/safetypartners.fi\/kauppa\/wp-json\/wp\/v2\/product"}],"about":[{"href":"https:\/\/safetypartners.fi\/kauppa\/wp-json\/wp\/v2\/types\/product"}],"replies":[{"embeddable":true,"href":"https:\/\/safetypartners.fi\/kauppa\/wp-json\/wp\/v2\/comments?post=2703"}],"version-history":[{"count":2,"href":"https:\/\/safetypartners.fi\/kauppa\/wp-json\/wp\/v2\/product\/2703\/revisions"}],"predecessor-version":[{"id":2706,"href":"https:\/\/safetypartners.fi\/kauppa\/wp-json\/wp\/v2\/product\/2703\/revisions\/2706"}],"wp:featuredmedia":[{"embeddable":true,"href":"https:\/\/safetypartners.fi\/kauppa\/wp-json\/wp\/v2\/media\/2704"}],"wp:attachment":[{"href":"https:\/\/safetypartners.fi\/kauppa\/wp-json\/wp\/v2\/media?parent=2703"}],"wp:term":[{"taxonomy":"product_brand","embeddable":true,"href":"https:\/\/safetypartners.fi\/kauppa\/wp-json\/wp\/v2\/product_brand?post=2703"},{"taxonomy":"product_cat","embeddable":true,"href":"https:\/\/safetypartners.fi\/kauppa\/wp-json\/wp\/v2\/product_cat?post=2703"},{"taxonomy":"product_tag","embeddable":true,"href":"https:\/\/safetypartners.fi\/kauppa\/wp-json\/wp\/v2\/product_tag?post=2703"}],"curies":[{"name":"wp","href":"https:\/\/api.w.org\/{rel}","templated":true}]}}