{"id":2709,"date":"2025-04-17T12:15:28","date_gmt":"2025-04-17T09:15:28","guid":{"rendered":"https:\/\/safetypartners.fi\/kauppa\/?post_type=product&#038;p=2709"},"modified":"2026-02-02T10:54:35","modified_gmt":"2026-02-02T08:54:35","slug":"vedenkestava-ensiapulaukku-housegard","status":"publish","type":"product","link":"https:\/\/safetypartners.fi\/kauppa\/tuote\/vedenkestava-ensiapulaukku-housegard","title":{"rendered":"Vedenkest\u00e4v\u00e4 ensiapulaukku, Housegard"},"content":{"rendered":"<h5>Vedenkest\u00e4v\u00e4 ensiapulaukku vaativiin ulkoilmaolosuhteisiin. Tarvikkeet pysyv\u00e4t kuivina ja k\u00e4ytt\u00f6valmiina. V\u00e4lineist\u00f6 soveltuu pienten ja keskikokoisten haavojen hoitoon.<\/h5>\n<h5><\/h5>\n<h5>Sis\u00e4lt\u00f6<\/h5>\n<p><strong><br \/>\nPienet haavat:\u00a0<\/strong><\/p>\n<ul>\n<li>1 rulla teippi\u00e4 (1,25 cm x 5 m)<\/li>\n<li>3 kuivapesuliinaa<\/li>\n<li>2 hiertym\u00e4laastaria (37 x 55 mm)<\/li>\n<li>30 vett\u00e4hylkiv\u00e4\u00e4 laastaria (72 x 19 mm)<\/li>\n<li>15 kirkasta laastaria<\/li>\n<li>10 PU-laastaria (72 x 19 mm)<\/li>\n<\/ul>\n<p><strong>Keskikokoiset haavat:\u00a0<\/strong><\/p>\n<ul>\n<li>8 itsekiinnittyv\u00e4\u00e4 sidett\u00e4 (10 x 6 cm)<\/li>\n<li>2 rullaa sideharsoa (8 cm x 3 m)<\/li>\n<li>2 steriili\u00e4 haavasidett\u00e4 (10 x 16 cm)<\/li>\n<li>1 kolmioliina (136 x 96 x 96 cm)<\/li>\n<\/ul>\n<p><strong>Suuret haavat:\u00a0<\/strong><\/p>\n<ul>\n<li>1 hengityssuoja suusta suuhun -elvytykseen<\/li>\n<li>1 ensiapuavaruuspeitto<\/li>\n<li>6 turvaneulaa<\/li>\n<li>1 sakset (12,7 cm)<\/li>\n<li>1 metallipinsetti (8,8 cm)<\/li>\n<li>4 paria lateksittomia hanskoja<\/li>\n<li>1 punkkipihdit<\/li>\n<\/ul>\n<p>Vedenkest\u00e4v\u00e4 ensiapulaukku &#8211; tekniset tiedot l\u00f6yd\u00e4t <a href=\"https:\/\/gpbmnordic.com\/pdfsheet\/fdv?sku=611014&amp;lang=fi\" target=\"_blank\" rel=\"noopener\">t\u00e4\u00e4lt\u00e4<\/a>.<\/p>\n<p>&nbsp;<\/p>\n<p><a href=\"https:\/\/safetypartners.fi\/turvallisuusblogi\/\" target=\"_blank\" rel=\"noopener\"><em>Huomioi turvallisuus \u2013 Lue artikkeleja kodin, vapaa-ajan ja ty\u00f6paikan turvallisuuteen liittyen.<\/em><\/a><\/p>\n","protected":false},"excerpt":{"rendered":"<p><strong>Housegardin vesitiivis ensiapulaukku<\/strong> valmistaa sinut toimimaan onnettomuuksien yhteydess\u00e4, my\u00f6s vaativissa ulkoilmaolosuhteissa. Laukun sis\u00e4lt\u00e4m\u00e4 v\u00e4lineist\u00f6 soveltuu pienten ja keskikokoisten haavojen hoitoon. Pussin kest\u00e4v\u00e4 muotoilu takaa, ett\u00e4 tarvikkeet pysyv\u00e4t kuivina ja k\u00e4ytt\u00f6valmiina.<\/p>\n<p>89-osainen ensiaputarvikkeisto kattaa tarpeet tilanteissa, joissa nopea toiminta on t\u00e4rke\u00e4\u00e4. Vesitiivis EA-laukku on t\u00e4ydellinen paketti ulkoiluun, veneilyyn tai kaikkiin tilanteisiin, joissa laukku voi altistua kosteudelle. Kevyt (0,35kg) pussi on helppo ja kompakti kantaa mukana.<\/p>\n","protected":false},"featured_media":2710,"comment_status":"open","ping_status":"closed","template":"","meta":{"_uag_custom_page_level_css":"","site-sidebar-layout":"default","site-content-layout":"default","ast-site-content-layout":"default","site-content-style":"default","site-sidebar-style":"default","ast-global-header-display":"","ast-banner-title-visibility":"","ast-main-header-display":"","ast-hfb-above-header-display":"","ast-hfb-below-header-display":"","ast-hfb-mobile-header-display":"","site-post-title":"","ast-breadcrumbs-content":"","ast-featured-img":"","footer-sml-layout":"","ast-disable-related-posts":"","theme-transparent-header-meta":"default","adv-header-id-meta":"","stick-header-meta":"default","header-above-stick-meta":"","header-main-stick-meta":"","header-below-stick-meta":"","astra-migrate-meta-layouts":"set","ast-page-background-enabled":"default","ast-page-background-meta":{"desktop":{"background-color":"","background-image":"","background-repeat":"repeat","background-position":"center center","background-size":"auto","background-attachment":"scroll","background-type":"","background-media":"","overlay-type":"","overlay-color":"","overlay-opacity":"","overlay-gradient":""},"tablet":{"background-color":"","background-image":"","background-repeat":"repeat","background-position":"center center","background-size":"auto","background-attachment":"scroll","background-type":"","background-media":"","overlay-type":"","overlay-color":"","overlay-opacity":"","overlay-gradient":""},"mobile":{"background-color":"","background-image":"","background-repeat":"repeat","background-position":"center center","background-size":"auto","background-attachment":"scroll","background-type":"","background-media":"","overlay-type":"","overlay-color":"","overlay-opacity":"","overlay-gradient":""}},"ast-content-background-meta":{"desktop":{"background-color":"var(--ast-global-color-5)","background-image":"","background-repeat":"repeat","background-position":"center center","background-size":"auto","background-attachment":"scroll","background-type":"","background-media":"","overlay-type":"","overlay-color":"","overlay-opacity":"","overlay-gradient":""},"tablet":{"background-color":"var(--ast-global-color-5)","background-image":"","background-repeat":"repeat","background-position":"center center","background-size":"auto","background-attachment":"scroll","background-type":"","background-media":"","overlay-type":"","overlay-color":"","overlay-opacity":"","overlay-gradient":""},"mobile":{"background-color":"var(--ast-global-color-5)","background-image":"","background-repeat":"repeat","background-position":"center center","background-size":"auto","background-attachment":"scroll","background-type":"","background-media":"","overlay-type":"","overlay-color":"","overlay-opacity":"","overlay-gradient":""}}},"product_brand":[],"product_cat":[42,15,41],"product_tag":[1188,120,1129,570,113,52,1169,827,1243,645,237,1168,1170],"class_list":{"0":"post-2709","1":"product","2":"type-product","3":"status-publish","4":"has-post-thumbnail","6":"product_cat-ensiapu","7":"product_cat-yleinen","8":"product_cat-koti-vapaa-aika","9":"product_tag-ea-laukku","10":"product_tag-ensiapu","11":"product_tag-ensiapu-pakkaus","12":"product_tag-ensiapulaukku","13":"product_tag-housegard","14":"product_tag-kevyt","15":"product_tag-melomaan","16":"product_tag-retkelle","17":"product_tag-varautuminen","18":"product_tag-vedenkestava","19":"product_tag-veneeseen","20":"product_tag-vesille","21":"product_tag-waterproof","22":"product_shipping_class-suomi","23":"desktop-align-center","24":"tablet-align-center","25":"mobile-align-center","26":"ast-product-gallery-layout-horizontal-slider","27":"ast-product-tabs-layout-horizontal","29":"first","30":"instock","31":"taxable","32":"shipping-taxable","33":"purchasable","34":"product-type-simple"},"yoast_head":"<!-- This site is optimized with the Yoast SEO plugin v27.3 - https:\/\/yoast.com\/product\/yoast-seo-wordpress\/ -->\n<title>Vedenkest\u00e4v\u00e4 ensiapulaukku, Housegard - Safety Partners<\/title>\n<meta name=\"description\" content=\"Vedenkest\u00e4v\u00e4 ensiapulaukku on kevyt mutta kattava. 89-osainen ensiaputarvikkeisto pysyy kuivana ja k\u00e4ytt\u00f6valmiina, haastavissakin olosuhteissa. Paino 350g.\" \/>\n<meta name=\"robots\" content=\"index, follow, max-snippet:-1, max-image-preview:large, max-video-preview:-1\" \/>\n<link rel=\"canonical\" href=\"https:\/\/safetypartners.fi\/kauppa\/tuote\/vedenkestava-ensiapulaukku-housegard\" \/>\n<meta property=\"og:locale\" content=\"fi_FI\" \/>\n<meta property=\"og:type\" content=\"article\" \/>\n<meta property=\"og:title\" content=\"Vedenkest\u00e4v\u00e4 ensiapulaukku, Housegard - Safety Partners\" \/>\n<meta property=\"og:description\" content=\"Vedenkest\u00e4v\u00e4 ensiapulaukku on kevyt mutta kattava. 89-osainen ensiaputarvikkeisto pysyy kuivana ja k\u00e4ytt\u00f6valmiina, haastavissakin olosuhteissa. Paino 350g.\" \/>\n<meta property=\"og:url\" content=\"https:\/\/safetypartners.fi\/kauppa\/tuote\/vedenkestava-ensiapulaukku-housegard\" \/>\n<meta property=\"og:site_name\" content=\"Safety Partners\" \/>\n<meta property=\"article:modified_time\" content=\"2026-02-02T08:54:35+00:00\" \/>\n<meta property=\"og:image\" content=\"https:\/\/safetypartners.fi\/kauppa\/wp-content\/uploads\/2025\/04\/Vedenkestava-ensiapulaukku-HG.png\" \/>\n\t<meta property=\"og:image:width\" content=\"1500\" \/>\n\t<meta property=\"og:image:height\" content=\"1500\" \/>\n\t<meta property=\"og:image:type\" content=\"image\/png\" \/>\n<meta name=\"twitter:card\" content=\"summary_large_image\" \/>\n<meta name=\"twitter:label1\" content=\"Arvioitu lukuaika\" \/>\n\t<meta name=\"twitter:data1\" content=\"1 minuutti\" \/>\n<script type=\"application\/ld+json\" class=\"yoast-schema-graph\">{\"@context\":\"https:\\\/\\\/schema.org\",\"@graph\":[{\"@type\":\"WebPage\",\"@id\":\"https:\\\/\\\/safetypartners.fi\\\/kauppa\\\/tuote\\\/vedenkestava-ensiapulaukku-housegard\",\"url\":\"https:\\\/\\\/safetypartners.fi\\\/kauppa\\\/tuote\\\/vedenkestava-ensiapulaukku-housegard\",\"name\":\"Vedenkest\u00e4v\u00e4 ensiapulaukku, Housegard - Safety Partners\",\"isPartOf\":{\"@id\":\"https:\\\/\\\/safetypartners.fi\\\/kauppa\\\/#website\"},\"primaryImageOfPage\":{\"@id\":\"https:\\\/\\\/safetypartners.fi\\\/kauppa\\\/tuote\\\/vedenkestava-ensiapulaukku-housegard#primaryimage\"},\"image\":{\"@id\":\"https:\\\/\\\/safetypartners.fi\\\/kauppa\\\/tuote\\\/vedenkestava-ensiapulaukku-housegard#primaryimage\"},\"thumbnailUrl\":\"https:\\\/\\\/safetypartners.fi\\\/kauppa\\\/wp-content\\\/uploads\\\/2025\\\/04\\\/Vedenkestava-ensiapulaukku-HG.png\",\"datePublished\":\"2025-04-17T09:15:28+00:00\",\"dateModified\":\"2026-02-02T08:54:35+00:00\",\"description\":\"Vedenkest\u00e4v\u00e4 ensiapulaukku on kevyt mutta kattava. 89-osainen ensiaputarvikkeisto pysyy kuivana ja k\u00e4ytt\u00f6valmiina, haastavissakin olosuhteissa. Paino 350g.\",\"breadcrumb\":{\"@id\":\"https:\\\/\\\/safetypartners.fi\\\/kauppa\\\/tuote\\\/vedenkestava-ensiapulaukku-housegard#breadcrumb\"},\"inLanguage\":\"fi\",\"potentialAction\":[{\"@type\":\"ReadAction\",\"target\":[\"https:\\\/\\\/safetypartners.fi\\\/kauppa\\\/tuote\\\/vedenkestava-ensiapulaukku-housegard\"]}]},{\"@type\":\"ImageObject\",\"inLanguage\":\"fi\",\"@id\":\"https:\\\/\\\/safetypartners.fi\\\/kauppa\\\/tuote\\\/vedenkestava-ensiapulaukku-housegard#primaryimage\",\"url\":\"https:\\\/\\\/safetypartners.fi\\\/kauppa\\\/wp-content\\\/uploads\\\/2025\\\/04\\\/Vedenkestava-ensiapulaukku-HG.png\",\"contentUrl\":\"https:\\\/\\\/safetypartners.fi\\\/kauppa\\\/wp-content\\\/uploads\\\/2025\\\/04\\\/Vedenkestava-ensiapulaukku-HG.png\",\"width\":1500,\"height\":1500,\"caption\":\"Vesitiivis ensiapulaukku perusv\u00e4lineill\u00e4, pienten ja keskikokoisten haavojen hoitoon\"},{\"@type\":\"BreadcrumbList\",\"@id\":\"https:\\\/\\\/safetypartners.fi\\\/kauppa\\\/tuote\\\/vedenkestava-ensiapulaukku-housegard#breadcrumb\",\"itemListElement\":[{\"@type\":\"ListItem\",\"position\":1,\"name\":\"Home\",\"item\":\"https:\\\/\\\/safetypartners.fi\\\/kauppa\\\/\"},{\"@type\":\"ListItem\",\"position\":2,\"name\":\"Kauppa\",\"item\":\"https:\\\/\\\/safetypartners.fi\\\/kauppa\\\/kauppa\"},{\"@type\":\"ListItem\",\"position\":3,\"name\":\"Vedenkest\u00e4v\u00e4 ensiapulaukku, Housegard\"}]},{\"@type\":\"WebSite\",\"@id\":\"https:\\\/\\\/safetypartners.fi\\\/kauppa\\\/#website\",\"url\":\"https:\\\/\\\/safetypartners.fi\\\/kauppa\\\/\",\"name\":\"Safety Partners\",\"description\":\"Safety Partners turvakauppa palvelee verkossa 24\\\/7!\",\"publisher\":{\"@id\":\"https:\\\/\\\/safetypartners.fi\\\/kauppa\\\/#organization\"},\"potentialAction\":[{\"@type\":\"SearchAction\",\"target\":{\"@type\":\"EntryPoint\",\"urlTemplate\":\"https:\\\/\\\/safetypartners.fi\\\/kauppa\\\/?s={search_term_string}\"},\"query-input\":{\"@type\":\"PropertyValueSpecification\",\"valueRequired\":true,\"valueName\":\"search_term_string\"}}],\"inLanguage\":\"fi\"},{\"@type\":\"Organization\",\"@id\":\"https:\\\/\\\/safetypartners.fi\\\/kauppa\\\/#organization\",\"name\":\"Safety Partners | Suomen Sammutinpalvelu\",\"url\":\"https:\\\/\\\/safetypartners.fi\\\/kauppa\\\/\",\"logo\":{\"@type\":\"ImageObject\",\"inLanguage\":\"fi\",\"@id\":\"https:\\\/\\\/safetypartners.fi\\\/kauppa\\\/#\\\/schema\\\/logo\\\/image\\\/\",\"url\":\"https:\\\/\\\/safetypartners.fi\\\/kauppa\\\/wp-content\\\/uploads\\\/2020\\\/05\\\/cropped-Logoke-1.jpg\",\"contentUrl\":\"https:\\\/\\\/safetypartners.fi\\\/kauppa\\\/wp-content\\\/uploads\\\/2020\\\/05\\\/cropped-Logoke-1.jpg\",\"width\":847,\"height\":717,\"caption\":\"Safety Partners | Suomen Sammutinpalvelu\"},\"image\":{\"@id\":\"https:\\\/\\\/safetypartners.fi\\\/kauppa\\\/#\\\/schema\\\/logo\\\/image\\\/\"}}]}<\/script>\n<!-- \/ Yoast SEO plugin. -->","yoast_head_json":{"title":"Vedenkest\u00e4v\u00e4 ensiapulaukku, Housegard - Safety Partners","description":"Vedenkest\u00e4v\u00e4 ensiapulaukku on kevyt mutta kattava. 89-osainen ensiaputarvikkeisto pysyy kuivana ja k\u00e4ytt\u00f6valmiina, haastavissakin olosuhteissa. Paino 350g.","robots":{"index":"index","follow":"follow","max-snippet":"max-snippet:-1","max-image-preview":"max-image-preview:large","max-video-preview":"max-video-preview:-1"},"canonical":"https:\/\/safetypartners.fi\/kauppa\/tuote\/vedenkestava-ensiapulaukku-housegard","og_locale":"fi_FI","og_type":"article","og_title":"Vedenkest\u00e4v\u00e4 ensiapulaukku, Housegard - Safety Partners","og_description":"Vedenkest\u00e4v\u00e4 ensiapulaukku on kevyt mutta kattava. 89-osainen ensiaputarvikkeisto pysyy kuivana ja k\u00e4ytt\u00f6valmiina, haastavissakin olosuhteissa. Paino 350g.","og_url":"https:\/\/safetypartners.fi\/kauppa\/tuote\/vedenkestava-ensiapulaukku-housegard","og_site_name":"Safety Partners","article_modified_time":"2026-02-02T08:54:35+00:00","og_image":[{"width":1500,"height":1500,"url":"https:\/\/safetypartners.fi\/kauppa\/wp-content\/uploads\/2025\/04\/Vedenkestava-ensiapulaukku-HG.png","type":"image\/png"}],"twitter_card":"summary_large_image","twitter_misc":{"Arvioitu lukuaika":"1 minuutti"},"schema":{"@context":"https:\/\/schema.org","@graph":[{"@type":"WebPage","@id":"https:\/\/safetypartners.fi\/kauppa\/tuote\/vedenkestava-ensiapulaukku-housegard","url":"https:\/\/safetypartners.fi\/kauppa\/tuote\/vedenkestava-ensiapulaukku-housegard","name":"Vedenkest\u00e4v\u00e4 ensiapulaukku, Housegard - Safety Partners","isPartOf":{"@id":"https:\/\/safetypartners.fi\/kauppa\/#website"},"primaryImageOfPage":{"@id":"https:\/\/safetypartners.fi\/kauppa\/tuote\/vedenkestava-ensiapulaukku-housegard#primaryimage"},"image":{"@id":"https:\/\/safetypartners.fi\/kauppa\/tuote\/vedenkestava-ensiapulaukku-housegard#primaryimage"},"thumbnailUrl":"https:\/\/safetypartners.fi\/kauppa\/wp-content\/uploads\/2025\/04\/Vedenkestava-ensiapulaukku-HG.png","datePublished":"2025-04-17T09:15:28+00:00","dateModified":"2026-02-02T08:54:35+00:00","description":"Vedenkest\u00e4v\u00e4 ensiapulaukku on kevyt mutta kattava. 89-osainen ensiaputarvikkeisto pysyy kuivana ja k\u00e4ytt\u00f6valmiina, haastavissakin olosuhteissa. Paino 350g.","breadcrumb":{"@id":"https:\/\/safetypartners.fi\/kauppa\/tuote\/vedenkestava-ensiapulaukku-housegard#breadcrumb"},"inLanguage":"fi","potentialAction":[{"@type":"ReadAction","target":["https:\/\/safetypartners.fi\/kauppa\/tuote\/vedenkestava-ensiapulaukku-housegard"]}]},{"@type":"ImageObject","inLanguage":"fi","@id":"https:\/\/safetypartners.fi\/kauppa\/tuote\/vedenkestava-ensiapulaukku-housegard#primaryimage","url":"https:\/\/safetypartners.fi\/kauppa\/wp-content\/uploads\/2025\/04\/Vedenkestava-ensiapulaukku-HG.png","contentUrl":"https:\/\/safetypartners.fi\/kauppa\/wp-content\/uploads\/2025\/04\/Vedenkestava-ensiapulaukku-HG.png","width":1500,"height":1500,"caption":"Vesitiivis ensiapulaukku perusv\u00e4lineill\u00e4, pienten ja keskikokoisten haavojen hoitoon"},{"@type":"BreadcrumbList","@id":"https:\/\/safetypartners.fi\/kauppa\/tuote\/vedenkestava-ensiapulaukku-housegard#breadcrumb","itemListElement":[{"@type":"ListItem","position":1,"name":"Home","item":"https:\/\/safetypartners.fi\/kauppa\/"},{"@type":"ListItem","position":2,"name":"Kauppa","item":"https:\/\/safetypartners.fi\/kauppa\/kauppa"},{"@type":"ListItem","position":3,"name":"Vedenkest\u00e4v\u00e4 ensiapulaukku, Housegard"}]},{"@type":"WebSite","@id":"https:\/\/safetypartners.fi\/kauppa\/#website","url":"https:\/\/safetypartners.fi\/kauppa\/","name":"Safety Partners","description":"Safety Partners turvakauppa palvelee verkossa 24\/7!","publisher":{"@id":"https:\/\/safetypartners.fi\/kauppa\/#organization"},"potentialAction":[{"@type":"SearchAction","target":{"@type":"EntryPoint","urlTemplate":"https:\/\/safetypartners.fi\/kauppa\/?s={search_term_string}"},"query-input":{"@type":"PropertyValueSpecification","valueRequired":true,"valueName":"search_term_string"}}],"inLanguage":"fi"},{"@type":"Organization","@id":"https:\/\/safetypartners.fi\/kauppa\/#organization","name":"Safety Partners | Suomen Sammutinpalvelu","url":"https:\/\/safetypartners.fi\/kauppa\/","logo":{"@type":"ImageObject","inLanguage":"fi","@id":"https:\/\/safetypartners.fi\/kauppa\/#\/schema\/logo\/image\/","url":"https:\/\/safetypartners.fi\/kauppa\/wp-content\/uploads\/2020\/05\/cropped-Logoke-1.jpg","contentUrl":"https:\/\/safetypartners.fi\/kauppa\/wp-content\/uploads\/2020\/05\/cropped-Logoke-1.jpg","width":847,"height":717,"caption":"Safety Partners | Suomen Sammutinpalvelu"},"image":{"@id":"https:\/\/safetypartners.fi\/kauppa\/#\/schema\/logo\/image\/"}}]}},"uagb_featured_image_src":{"full":["https:\/\/safetypartners.fi\/kauppa\/wp-content\/uploads\/2025\/04\/Vedenkestava-ensiapulaukku-HG.png",1500,1500,false],"thumbnail":["https:\/\/safetypartners.fi\/kauppa\/wp-content\/uploads\/2025\/04\/Vedenkestava-ensiapulaukku-HG-150x150.png",150,150,true],"medium":["https:\/\/safetypartners.fi\/kauppa\/wp-content\/uploads\/2025\/04\/Vedenkestava-ensiapulaukku-HG-300x300.png",300,300,true],"medium_large":["https:\/\/safetypartners.fi\/kauppa\/wp-content\/uploads\/2025\/04\/Vedenkestava-ensiapulaukku-HG-768x768.png",768,768,true],"large":["https:\/\/safetypartners.fi\/kauppa\/wp-content\/uploads\/2025\/04\/Vedenkestava-ensiapulaukku-HG-1024x1024.png",1024,1024,true],"1536x1536":["https:\/\/safetypartners.fi\/kauppa\/wp-content\/uploads\/2025\/04\/Vedenkestava-ensiapulaukku-HG.png",1500,1500,false],"2048x2048":["https:\/\/safetypartners.fi\/kauppa\/wp-content\/uploads\/2025\/04\/Vedenkestava-ensiapulaukku-HG.png",1500,1500,false],"woocommerce_thumbnail":["https:\/\/safetypartners.fi\/kauppa\/wp-content\/uploads\/2025\/04\/Vedenkestava-ensiapulaukku-HG-300x300.png",300,300,true],"woocommerce_single":["https:\/\/safetypartners.fi\/kauppa\/wp-content\/uploads\/2025\/04\/Vedenkestava-ensiapulaukku-HG-600x600.png",600,600,true],"woocommerce_gallery_thumbnail":["https:\/\/safetypartners.fi\/kauppa\/wp-content\/uploads\/2025\/04\/Vedenkestava-ensiapulaukku-HG-100x100.png",100,100,true]},"uagb_author_info":{"display_name":"Anu Lehto","author_link":"https:\/\/safetypartners.fi\/kauppa\/author"},"uagb_comment_info":1,"uagb_excerpt":"Housegardin vesitiivis ensiapulaukku valmistaa sinut toimimaan onnettomuuksien yhteydess\u00e4, my\u00f6s vaativissa ulkoilmaolosuhteissa. Laukun sis\u00e4lt\u00e4m\u00e4 v\u00e4lineist\u00f6 soveltuu pienten ja keskikokoisten haavojen hoitoon. Pussin kest\u00e4v\u00e4 muotoilu takaa, ett\u00e4 tarvikkeet pysyv\u00e4t kuivina ja k\u00e4ytt\u00f6valmiina. 89-osainen ensiaputarvikkeisto kattaa tarpeet tilanteissa, joissa nopea toiminta on t\u00e4rke\u00e4\u00e4. Vesitiivis EA-laukku on t\u00e4ydellinen paketti ulkoiluun, veneilyyn tai kaikkiin tilanteisiin, joissa laukku voi altistua kosteudelle.&hellip;","_links":{"self":[{"href":"https:\/\/safetypartners.fi\/kauppa\/wp-json\/wp\/v2\/product\/2709","targetHints":{"allow":["GET"]}}],"collection":[{"href":"https:\/\/safetypartners.fi\/kauppa\/wp-json\/wp\/v2\/product"}],"about":[{"href":"https:\/\/safetypartners.fi\/kauppa\/wp-json\/wp\/v2\/types\/product"}],"replies":[{"embeddable":true,"href":"https:\/\/safetypartners.fi\/kauppa\/wp-json\/wp\/v2\/comments?post=2709"}],"version-history":[{"count":9,"href":"https:\/\/safetypartners.fi\/kauppa\/wp-json\/wp\/v2\/product\/2709\/revisions"}],"predecessor-version":[{"id":3394,"href":"https:\/\/safetypartners.fi\/kauppa\/wp-json\/wp\/v2\/product\/2709\/revisions\/3394"}],"wp:featuredmedia":[{"embeddable":true,"href":"https:\/\/safetypartners.fi\/kauppa\/wp-json\/wp\/v2\/media\/2710"}],"wp:attachment":[{"href":"https:\/\/safetypartners.fi\/kauppa\/wp-json\/wp\/v2\/media?parent=2709"}],"wp:term":[{"taxonomy":"product_brand","embeddable":true,"href":"https:\/\/safetypartners.fi\/kauppa\/wp-json\/wp\/v2\/product_brand?post=2709"},{"taxonomy":"product_cat","embeddable":true,"href":"https:\/\/safetypartners.fi\/kauppa\/wp-json\/wp\/v2\/product_cat?post=2709"},{"taxonomy":"product_tag","embeddable":true,"href":"https:\/\/safetypartners.fi\/kauppa\/wp-json\/wp\/v2\/product_tag?post=2709"}],"curies":[{"name":"wp","href":"https:\/\/api.w.org\/{rel}","templated":true}]}}