{"id":272,"date":"2022-10-03T15:54:43","date_gmt":"2022-10-03T12:54:43","guid":{"rendered":"https:\/\/safetypartners.fi\/kauppa\/?post_type=product&#038;p=272"},"modified":"2025-01-08T12:20:08","modified_gmt":"2025-01-08T10:20:08","slug":"poistumisopaste-jalkivalaiseva","status":"publish","type":"product","link":"https:\/\/safetypartners.fi\/kauppa\/tuote\/poistumisopaste-jalkivalaiseva","title":{"rendered":"Poistumisopaste, j\u00e4lkivalaiseva"},"content":{"rendered":"<p>Poistumisopasteet asennetaan osoittamaan turvalliset poistumisreitit muun muassa<\/p>\n<ul>\n<li>hotelleissa ja muissa majoitustiloissa<\/li>\n<li>hoitolaitoksissa<\/li>\n<li>liike- ja toimistotiloissa<\/li>\n<li>tuotantotiloissa<\/li>\n<li>varastoissa, joissa ty\u00f6skennell\u00e4\u00e4n aktiivisesti<\/li>\n<li>ty\u00f6paikoilla sek\u00e4 kaikissa muissa sis\u00e4tiloissa, joista poistuminen on vaikeaa tai joissa poistumisj\u00e4rjestelyt ovat tavanomaisesta poikkeavat<\/li>\n<\/ul>\n<p>Levyn luminanssi on 55\/8 mcd\/m\u00b2. J\u00e4lkivalaiseva muovilevy t\u00e4ytt\u00e4\u00e4 DIN 67510-standardin vaatimukset. Opastekyltti kest\u00e4\u00e4 kylmyytt\u00e4 ja l\u00e4mp\u00f6\u00e4 hyvin (-30\u00b0C\/+50\u00b0C).<\/p>\n<p>Opasteen yksityiskohdissa voi esiinty\u00e4 pieni\u00e4 vaihteluja kuviin n\u00e4hden.<\/p>\n<p>Mik\u00e4li et l\u00f6yd\u00e4 tarvitsemaasi tuotetta listasta, olethan meihin yhteydess\u00e4!<\/p>\n","protected":false},"excerpt":{"rendered":"<p><strong>Poistumisopaste<\/strong> auttaa l\u00f6yt\u00e4m\u00e4\u00e4n nopeimman tien rakennuksesta ulos h\u00e4t\u00e4tilanteessa. J\u00e4lkivalaisevat poistumisopasteet hohtavat pime\u00e4ss\u00e4 keskim\u00e4\u00e4rin 16 tuntia, ja n\u00e4in poistuminen rakennuksista onnistuu s\u00e4hk\u00f6jen katkettuakin.<\/p>\n<p>Opaste sopii sek\u00e4 sis\u00e4- ett\u00e4 ulkok\u00e4ytt\u00f6\u00f6n. J\u00e4lkivalaiseva ominaisuus n\u00e4kyy kilven valkoisissa osissa. Opasteet sijoitetaan niin, ett\u00e4 ne yksiselitteisesti osoittavat ulosk\u00e4yt\u00e4vien sijainnit ja poistumisen kannalta helpoimmat kulkureitit. Opasteiden n\u00e4kyvyys on t\u00e4rke\u00e4\u00e4 ja ne on t\u00e4ten sijoitettava valol\u00e4hteen l\u00e4heisyyteen niin, ett\u00e4 ne saavat p\u00e4iv\u00e4saikaan tarpeeksi valoa hohtaakseen tarpeen tullen pime\u00e4ss\u00e4.<\/p>\n<p>Valitse alta tarvitsemasi poistumisopasteen suunta sek\u00e4 koko:<\/p>\n","protected":false},"featured_media":2506,"comment_status":"open","ping_status":"closed","template":"","meta":{"_uag_custom_page_level_css":"","site-sidebar-layout":"default","site-content-layout":"default","ast-site-content-layout":"default","site-content-style":"default","site-sidebar-style":"default","ast-global-header-display":"","ast-banner-title-visibility":"","ast-main-header-display":"","ast-hfb-above-header-display":"","ast-hfb-below-header-display":"","ast-hfb-mobile-header-display":"","site-post-title":"","ast-breadcrumbs-content":"","ast-featured-img":"","footer-sml-layout":"","ast-disable-related-posts":"","theme-transparent-header-meta":"default","adv-header-id-meta":"","stick-header-meta":"default","header-above-stick-meta":"","header-main-stick-meta":"","header-below-stick-meta":"","astra-migrate-meta-layouts":"set","ast-page-background-enabled":"default","ast-page-background-meta":{"desktop":{"background-color":"","background-image":"","background-repeat":"repeat","background-position":"center center","background-size":"auto","background-attachment":"scroll","background-type":"","background-media":"","overlay-type":"","overlay-color":"","overlay-opacity":"","overlay-gradient":""},"tablet":{"background-color":"","background-image":"","background-repeat":"repeat","background-position":"center center","background-size":"auto","background-attachment":"scroll","background-type":"","background-media":"","overlay-type":"","overlay-color":"","overlay-opacity":"","overlay-gradient":""},"mobile":{"background-color":"","background-image":"","background-repeat":"repeat","background-position":"center center","background-size":"auto","background-attachment":"scroll","background-type":"","background-media":"","overlay-type":"","overlay-color":"","overlay-opacity":"","overlay-gradient":""}},"ast-content-background-meta":{"desktop":{"background-color":"var(--ast-global-color-5)","background-image":"","background-repeat":"repeat","background-position":"center center","background-size":"auto","background-attachment":"scroll","background-type":"","background-media":"","overlay-type":"","overlay-color":"","overlay-opacity":"","overlay-gradient":""},"tablet":{"background-color":"var(--ast-global-color-5)","background-image":"","background-repeat":"repeat","background-position":"center center","background-size":"auto","background-attachment":"scroll","background-type":"","background-media":"","overlay-type":"","overlay-color":"","overlay-opacity":"","overlay-gradient":""},"mobile":{"background-color":"var(--ast-global-color-5)","background-image":"","background-repeat":"repeat","background-position":"center center","background-size":"auto","background-attachment":"scroll","background-type":"","background-media":"","overlay-type":"","overlay-color":"","overlay-opacity":"","overlay-gradient":""}}},"product_brand":[],"product_cat":[15,45,30],"product_tag":[1105,1087,1091,58,1103,1090,1086,1089,1088,56,155,1106,1037],"class_list":{"0":"post-272","1":"product","2":"type-product","3":"status-publish","4":"has-post-thumbnail","6":"product_cat-yleinen","7":"product_cat-opastekyltit-ja-paloturvakilvet","8":"product_cat-paloturvallisuus","9":"product_tag-hatatie","10":"product_tag-hohtaa-pimeassa","11":"product_tag-hotelliin","12":"product_tag-jalkivalaiseva","13":"product_tag-kilpi","14":"product_tag-kyltti","15":"product_tag-opaste","16":"product_tag-opastekyltti","17":"product_tag-pelastustie","18":"product_tag-poistumisopaste","19":"product_tag-tyopaikalle","20":"product_tag-ulos","21":"product_tag-vihrea","22":"product_shipping_class-suomi","23":"desktop-align-center","24":"tablet-align-center","25":"mobile-align-center","26":"ast-product-gallery-layout-horizontal-slider","27":"ast-product-single-variable","28":"ast-product-tabs-layout-horizontal","30":"first","31":"instock","32":"taxable","33":"shipping-taxable","34":"purchasable","35":"product-type-variable"},"yoast_head":"<!-- This site is optimized with the Yoast SEO plugin v27.3 - https:\/\/yoast.com\/product\/yoast-seo-wordpress\/ -->\n<title>Poistumisopaste, j\u00e4lkivalaiseva - Safety Partners<\/title>\n<meta name=\"description\" content=\"Poistumisopaste auttaa l\u00f6yt\u00e4m\u00e4\u00e4n ulos rakennuksesta h\u00e4t\u00e4tilanteessa. J\u00e4lkivalaiseva kyltti hohtaa pime\u00e4ss\u00e4 16 tuntia. Sopii sek\u00e4 sis\u00e4- ett\u00e4 ulkok\u00e4ytt\u00f6\u00f6n.\" \/>\n<meta name=\"robots\" content=\"index, follow, max-snippet:-1, max-image-preview:large, max-video-preview:-1\" \/>\n<link rel=\"canonical\" href=\"https:\/\/safetypartners.fi\/kauppa\/tuote\/poistumisopaste-jalkivalaiseva\" \/>\n<meta property=\"og:locale\" content=\"fi_FI\" \/>\n<meta property=\"og:type\" content=\"article\" \/>\n<meta property=\"og:title\" content=\"Poistumisopaste, j\u00e4lkivalaiseva - Safety Partners\" \/>\n<meta property=\"og:description\" content=\"Poistumisopaste auttaa l\u00f6yt\u00e4m\u00e4\u00e4n ulos rakennuksesta h\u00e4t\u00e4tilanteessa. J\u00e4lkivalaiseva kyltti hohtaa pime\u00e4ss\u00e4 16 tuntia. Sopii sek\u00e4 sis\u00e4- ett\u00e4 ulkok\u00e4ytt\u00f6\u00f6n.\" \/>\n<meta property=\"og:url\" content=\"https:\/\/safetypartners.fi\/kauppa\/tuote\/poistumisopaste-jalkivalaiseva\" \/>\n<meta property=\"og:site_name\" content=\"Safety Partners\" \/>\n<meta property=\"article:modified_time\" content=\"2025-01-08T10:20:08+00:00\" \/>\n<meta property=\"og:image\" content=\"https:\/\/safetypartners.fi\/kauppa\/wp-content\/uploads\/2022\/10\/Poistumisreitti-oikealle.png\" \/>\n\t<meta property=\"og:image:width\" content=\"600\" \/>\n\t<meta property=\"og:image:height\" content=\"600\" \/>\n\t<meta property=\"og:image:type\" content=\"image\/png\" \/>\n<meta name=\"twitter:card\" content=\"summary_large_image\" \/>\n<meta name=\"twitter:label1\" content=\"Arvioitu lukuaika\" \/>\n\t<meta name=\"twitter:data1\" content=\"1 minuutti\" \/>\n<script type=\"application\/ld+json\" class=\"yoast-schema-graph\">{\"@context\":\"https:\\\/\\\/schema.org\",\"@graph\":[{\"@type\":\"WebPage\",\"@id\":\"https:\\\/\\\/safetypartners.fi\\\/kauppa\\\/tuote\\\/poistumisopaste-jalkivalaiseva\",\"url\":\"https:\\\/\\\/safetypartners.fi\\\/kauppa\\\/tuote\\\/poistumisopaste-jalkivalaiseva\",\"name\":\"Poistumisopaste, j\u00e4lkivalaiseva - Safety Partners\",\"isPartOf\":{\"@id\":\"https:\\\/\\\/safetypartners.fi\\\/kauppa\\\/#website\"},\"primaryImageOfPage\":{\"@id\":\"https:\\\/\\\/safetypartners.fi\\\/kauppa\\\/tuote\\\/poistumisopaste-jalkivalaiseva#primaryimage\"},\"image\":{\"@id\":\"https:\\\/\\\/safetypartners.fi\\\/kauppa\\\/tuote\\\/poistumisopaste-jalkivalaiseva#primaryimage\"},\"thumbnailUrl\":\"https:\\\/\\\/safetypartners.fi\\\/kauppa\\\/wp-content\\\/uploads\\\/2022\\\/10\\\/Poistumisreitti-oikealle.png\",\"datePublished\":\"2022-10-03T12:54:43+00:00\",\"dateModified\":\"2025-01-08T10:20:08+00:00\",\"description\":\"Poistumisopaste auttaa l\u00f6yt\u00e4m\u00e4\u00e4n ulos rakennuksesta h\u00e4t\u00e4tilanteessa. J\u00e4lkivalaiseva kyltti hohtaa pime\u00e4ss\u00e4 16 tuntia. Sopii sek\u00e4 sis\u00e4- ett\u00e4 ulkok\u00e4ytt\u00f6\u00f6n.\",\"breadcrumb\":{\"@id\":\"https:\\\/\\\/safetypartners.fi\\\/kauppa\\\/tuote\\\/poistumisopaste-jalkivalaiseva#breadcrumb\"},\"inLanguage\":\"fi\",\"potentialAction\":[{\"@type\":\"ReadAction\",\"target\":[\"https:\\\/\\\/safetypartners.fi\\\/kauppa\\\/tuote\\\/poistumisopaste-jalkivalaiseva\"]}]},{\"@type\":\"ImageObject\",\"inLanguage\":\"fi\",\"@id\":\"https:\\\/\\\/safetypartners.fi\\\/kauppa\\\/tuote\\\/poistumisopaste-jalkivalaiseva#primaryimage\",\"url\":\"https:\\\/\\\/safetypartners.fi\\\/kauppa\\\/wp-content\\\/uploads\\\/2022\\\/10\\\/Poistumisreitti-oikealle.png\",\"contentUrl\":\"https:\\\/\\\/safetypartners.fi\\\/kauppa\\\/wp-content\\\/uploads\\\/2022\\\/10\\\/Poistumisreitti-oikealle.png\",\"width\":600,\"height\":600,\"caption\":\"J\u00e4lkivalaiseva poistumisopaste auttaa ulos rakennuksesta h\u00e4t\u00e4tilanteessa\"},{\"@type\":\"BreadcrumbList\",\"@id\":\"https:\\\/\\\/safetypartners.fi\\\/kauppa\\\/tuote\\\/poistumisopaste-jalkivalaiseva#breadcrumb\",\"itemListElement\":[{\"@type\":\"ListItem\",\"position\":1,\"name\":\"Home\",\"item\":\"https:\\\/\\\/safetypartners.fi\\\/kauppa\\\/\"},{\"@type\":\"ListItem\",\"position\":2,\"name\":\"Kauppa\",\"item\":\"https:\\\/\\\/safetypartners.fi\\\/kauppa\\\/kauppa\"},{\"@type\":\"ListItem\",\"position\":3,\"name\":\"Poistumisopaste, j\u00e4lkivalaiseva\"}]},{\"@type\":\"WebSite\",\"@id\":\"https:\\\/\\\/safetypartners.fi\\\/kauppa\\\/#website\",\"url\":\"https:\\\/\\\/safetypartners.fi\\\/kauppa\\\/\",\"name\":\"Safety Partners\",\"description\":\"Safety Partners turvakauppa palvelee verkossa 24\\\/7!\",\"publisher\":{\"@id\":\"https:\\\/\\\/safetypartners.fi\\\/kauppa\\\/#organization\"},\"potentialAction\":[{\"@type\":\"SearchAction\",\"target\":{\"@type\":\"EntryPoint\",\"urlTemplate\":\"https:\\\/\\\/safetypartners.fi\\\/kauppa\\\/?s={search_term_string}\"},\"query-input\":{\"@type\":\"PropertyValueSpecification\",\"valueRequired\":true,\"valueName\":\"search_term_string\"}}],\"inLanguage\":\"fi\"},{\"@type\":\"Organization\",\"@id\":\"https:\\\/\\\/safetypartners.fi\\\/kauppa\\\/#organization\",\"name\":\"Safety Partners | Suomen Sammutinpalvelu\",\"url\":\"https:\\\/\\\/safetypartners.fi\\\/kauppa\\\/\",\"logo\":{\"@type\":\"ImageObject\",\"inLanguage\":\"fi\",\"@id\":\"https:\\\/\\\/safetypartners.fi\\\/kauppa\\\/#\\\/schema\\\/logo\\\/image\\\/\",\"url\":\"https:\\\/\\\/safetypartners.fi\\\/kauppa\\\/wp-content\\\/uploads\\\/2020\\\/05\\\/cropped-Logoke-1.jpg\",\"contentUrl\":\"https:\\\/\\\/safetypartners.fi\\\/kauppa\\\/wp-content\\\/uploads\\\/2020\\\/05\\\/cropped-Logoke-1.jpg\",\"width\":847,\"height\":717,\"caption\":\"Safety Partners | Suomen Sammutinpalvelu\"},\"image\":{\"@id\":\"https:\\\/\\\/safetypartners.fi\\\/kauppa\\\/#\\\/schema\\\/logo\\\/image\\\/\"}}]}<\/script>\n<!-- \/ Yoast SEO plugin. -->","yoast_head_json":{"title":"Poistumisopaste, j\u00e4lkivalaiseva - Safety Partners","description":"Poistumisopaste auttaa l\u00f6yt\u00e4m\u00e4\u00e4n ulos rakennuksesta h\u00e4t\u00e4tilanteessa. J\u00e4lkivalaiseva kyltti hohtaa pime\u00e4ss\u00e4 16 tuntia. Sopii sek\u00e4 sis\u00e4- ett\u00e4 ulkok\u00e4ytt\u00f6\u00f6n.","robots":{"index":"index","follow":"follow","max-snippet":"max-snippet:-1","max-image-preview":"max-image-preview:large","max-video-preview":"max-video-preview:-1"},"canonical":"https:\/\/safetypartners.fi\/kauppa\/tuote\/poistumisopaste-jalkivalaiseva","og_locale":"fi_FI","og_type":"article","og_title":"Poistumisopaste, j\u00e4lkivalaiseva - Safety Partners","og_description":"Poistumisopaste auttaa l\u00f6yt\u00e4m\u00e4\u00e4n ulos rakennuksesta h\u00e4t\u00e4tilanteessa. J\u00e4lkivalaiseva kyltti hohtaa pime\u00e4ss\u00e4 16 tuntia. Sopii sek\u00e4 sis\u00e4- ett\u00e4 ulkok\u00e4ytt\u00f6\u00f6n.","og_url":"https:\/\/safetypartners.fi\/kauppa\/tuote\/poistumisopaste-jalkivalaiseva","og_site_name":"Safety Partners","article_modified_time":"2025-01-08T10:20:08+00:00","og_image":[{"width":600,"height":600,"url":"https:\/\/safetypartners.fi\/kauppa\/wp-content\/uploads\/2022\/10\/Poistumisreitti-oikealle.png","type":"image\/png"}],"twitter_card":"summary_large_image","twitter_misc":{"Arvioitu lukuaika":"1 minuutti"},"schema":{"@context":"https:\/\/schema.org","@graph":[{"@type":"WebPage","@id":"https:\/\/safetypartners.fi\/kauppa\/tuote\/poistumisopaste-jalkivalaiseva","url":"https:\/\/safetypartners.fi\/kauppa\/tuote\/poistumisopaste-jalkivalaiseva","name":"Poistumisopaste, j\u00e4lkivalaiseva - Safety Partners","isPartOf":{"@id":"https:\/\/safetypartners.fi\/kauppa\/#website"},"primaryImageOfPage":{"@id":"https:\/\/safetypartners.fi\/kauppa\/tuote\/poistumisopaste-jalkivalaiseva#primaryimage"},"image":{"@id":"https:\/\/safetypartners.fi\/kauppa\/tuote\/poistumisopaste-jalkivalaiseva#primaryimage"},"thumbnailUrl":"https:\/\/safetypartners.fi\/kauppa\/wp-content\/uploads\/2022\/10\/Poistumisreitti-oikealle.png","datePublished":"2022-10-03T12:54:43+00:00","dateModified":"2025-01-08T10:20:08+00:00","description":"Poistumisopaste auttaa l\u00f6yt\u00e4m\u00e4\u00e4n ulos rakennuksesta h\u00e4t\u00e4tilanteessa. J\u00e4lkivalaiseva kyltti hohtaa pime\u00e4ss\u00e4 16 tuntia. Sopii sek\u00e4 sis\u00e4- ett\u00e4 ulkok\u00e4ytt\u00f6\u00f6n.","breadcrumb":{"@id":"https:\/\/safetypartners.fi\/kauppa\/tuote\/poistumisopaste-jalkivalaiseva#breadcrumb"},"inLanguage":"fi","potentialAction":[{"@type":"ReadAction","target":["https:\/\/safetypartners.fi\/kauppa\/tuote\/poistumisopaste-jalkivalaiseva"]}]},{"@type":"ImageObject","inLanguage":"fi","@id":"https:\/\/safetypartners.fi\/kauppa\/tuote\/poistumisopaste-jalkivalaiseva#primaryimage","url":"https:\/\/safetypartners.fi\/kauppa\/wp-content\/uploads\/2022\/10\/Poistumisreitti-oikealle.png","contentUrl":"https:\/\/safetypartners.fi\/kauppa\/wp-content\/uploads\/2022\/10\/Poistumisreitti-oikealle.png","width":600,"height":600,"caption":"J\u00e4lkivalaiseva poistumisopaste auttaa ulos rakennuksesta h\u00e4t\u00e4tilanteessa"},{"@type":"BreadcrumbList","@id":"https:\/\/safetypartners.fi\/kauppa\/tuote\/poistumisopaste-jalkivalaiseva#breadcrumb","itemListElement":[{"@type":"ListItem","position":1,"name":"Home","item":"https:\/\/safetypartners.fi\/kauppa\/"},{"@type":"ListItem","position":2,"name":"Kauppa","item":"https:\/\/safetypartners.fi\/kauppa\/kauppa"},{"@type":"ListItem","position":3,"name":"Poistumisopaste, j\u00e4lkivalaiseva"}]},{"@type":"WebSite","@id":"https:\/\/safetypartners.fi\/kauppa\/#website","url":"https:\/\/safetypartners.fi\/kauppa\/","name":"Safety Partners","description":"Safety Partners turvakauppa palvelee verkossa 24\/7!","publisher":{"@id":"https:\/\/safetypartners.fi\/kauppa\/#organization"},"potentialAction":[{"@type":"SearchAction","target":{"@type":"EntryPoint","urlTemplate":"https:\/\/safetypartners.fi\/kauppa\/?s={search_term_string}"},"query-input":{"@type":"PropertyValueSpecification","valueRequired":true,"valueName":"search_term_string"}}],"inLanguage":"fi"},{"@type":"Organization","@id":"https:\/\/safetypartners.fi\/kauppa\/#organization","name":"Safety Partners | Suomen Sammutinpalvelu","url":"https:\/\/safetypartners.fi\/kauppa\/","logo":{"@type":"ImageObject","inLanguage":"fi","@id":"https:\/\/safetypartners.fi\/kauppa\/#\/schema\/logo\/image\/","url":"https:\/\/safetypartners.fi\/kauppa\/wp-content\/uploads\/2020\/05\/cropped-Logoke-1.jpg","contentUrl":"https:\/\/safetypartners.fi\/kauppa\/wp-content\/uploads\/2020\/05\/cropped-Logoke-1.jpg","width":847,"height":717,"caption":"Safety Partners | Suomen Sammutinpalvelu"},"image":{"@id":"https:\/\/safetypartners.fi\/kauppa\/#\/schema\/logo\/image\/"}}]}},"uagb_featured_image_src":{"full":["https:\/\/safetypartners.fi\/kauppa\/wp-content\/uploads\/2022\/10\/Poistumisreitti-oikealle.png",600,600,false],"thumbnail":["https:\/\/safetypartners.fi\/kauppa\/wp-content\/uploads\/2022\/10\/Poistumisreitti-oikealle-150x150.png",150,150,true],"medium":["https:\/\/safetypartners.fi\/kauppa\/wp-content\/uploads\/2022\/10\/Poistumisreitti-oikealle-300x300.png",300,300,true],"medium_large":["https:\/\/safetypartners.fi\/kauppa\/wp-content\/uploads\/2022\/10\/Poistumisreitti-oikealle.png",600,600,false],"large":["https:\/\/safetypartners.fi\/kauppa\/wp-content\/uploads\/2022\/10\/Poistumisreitti-oikealle.png",600,600,false],"1536x1536":["https:\/\/safetypartners.fi\/kauppa\/wp-content\/uploads\/2022\/10\/Poistumisreitti-oikealle.png",600,600,false],"2048x2048":["https:\/\/safetypartners.fi\/kauppa\/wp-content\/uploads\/2022\/10\/Poistumisreitti-oikealle.png",600,600,false],"woocommerce_thumbnail":["https:\/\/safetypartners.fi\/kauppa\/wp-content\/uploads\/2022\/10\/Poistumisreitti-oikealle-300x300.png",300,300,true],"woocommerce_single":["https:\/\/safetypartners.fi\/kauppa\/wp-content\/uploads\/2022\/10\/Poistumisreitti-oikealle.png",600,600,false],"woocommerce_gallery_thumbnail":["https:\/\/safetypartners.fi\/kauppa\/wp-content\/uploads\/2022\/10\/Poistumisreitti-oikealle-100x100.png",100,100,true]},"uagb_author_info":{"display_name":"Anu Lehto","author_link":"https:\/\/safetypartners.fi\/kauppa\/author"},"uagb_comment_info":0,"uagb_excerpt":"Poistumisopaste auttaa l\u00f6yt\u00e4m\u00e4\u00e4n nopeimman tien rakennuksesta ulos h\u00e4t\u00e4tilanteessa. J\u00e4lkivalaisevat poistumisopasteet hohtavat pime\u00e4ss\u00e4 keskim\u00e4\u00e4rin 16 tuntia, ja n\u00e4in poistuminen rakennuksista onnistuu s\u00e4hk\u00f6jen katkettuakin. Opaste sopii sek\u00e4 sis\u00e4- ett\u00e4 ulkok\u00e4ytt\u00f6\u00f6n. J\u00e4lkivalaiseva ominaisuus n\u00e4kyy kilven valkoisissa osissa. Opasteet sijoitetaan niin, ett\u00e4 ne yksiselitteisesti osoittavat ulosk\u00e4yt\u00e4vien sijainnit ja poistumisen kannalta helpoimmat kulkureitit. Opasteiden n\u00e4kyvyys on t\u00e4rke\u00e4\u00e4 ja ne on&hellip;","_links":{"self":[{"href":"https:\/\/safetypartners.fi\/kauppa\/wp-json\/wp\/v2\/product\/272","targetHints":{"allow":["GET"]}}],"collection":[{"href":"https:\/\/safetypartners.fi\/kauppa\/wp-json\/wp\/v2\/product"}],"about":[{"href":"https:\/\/safetypartners.fi\/kauppa\/wp-json\/wp\/v2\/types\/product"}],"replies":[{"embeddable":true,"href":"https:\/\/safetypartners.fi\/kauppa\/wp-json\/wp\/v2\/comments?post=272"}],"version-history":[{"count":5,"href":"https:\/\/safetypartners.fi\/kauppa\/wp-json\/wp\/v2\/product\/272\/revisions"}],"predecessor-version":[{"id":2513,"href":"https:\/\/safetypartners.fi\/kauppa\/wp-json\/wp\/v2\/product\/272\/revisions\/2513"}],"wp:featuredmedia":[{"embeddable":true,"href":"https:\/\/safetypartners.fi\/kauppa\/wp-json\/wp\/v2\/media\/2506"}],"wp:attachment":[{"href":"https:\/\/safetypartners.fi\/kauppa\/wp-json\/wp\/v2\/media?parent=272"}],"wp:term":[{"taxonomy":"product_brand","embeddable":true,"href":"https:\/\/safetypartners.fi\/kauppa\/wp-json\/wp\/v2\/product_brand?post=272"},{"taxonomy":"product_cat","embeddable":true,"href":"https:\/\/safetypartners.fi\/kauppa\/wp-json\/wp\/v2\/product_cat?post=272"},{"taxonomy":"product_tag","embeddable":true,"href":"https:\/\/safetypartners.fi\/kauppa\/wp-json\/wp\/v2\/product_tag?post=272"}],"curies":[{"name":"wp","href":"https:\/\/api.w.org\/{rel}","templated":true}]}}