{"id":2784,"date":"2025-07-10T21:50:58","date_gmt":"2025-07-10T18:50:58","guid":{"rendered":"https:\/\/safetypartners.fi\/kauppa\/?post_type=product&#038;p=2784"},"modified":"2026-02-02T10:52:01","modified_gmt":"2026-02-02T08:52:01","slug":"kompakti-ensiapulaukku-housegard","status":"publish","type":"product","link":"https:\/\/safetypartners.fi\/kauppa\/tuote\/kompakti-ensiapulaukku-housegard","title":{"rendered":"Kevyt ensiapulaukku, Housegard"},"content":{"rendered":"<h6>Pienikokoinen EA-pakkaus kotiin, autoon ja matkoille. Pakkaus sis\u00e4lt\u00e4\u00e4 kaiken tarpeellisen pienten haavojen ja vammojen hoitoon.<\/h6>\n<p><strong><br \/>\nSis\u00e4lt\u00f6<\/strong><\/p>\n<p><strong>Pieniin haavoihin:<\/strong><\/p>\n<ul>\n<li>1 rulla teippi\u00e4 (1,25 cm x 5 m)<\/li>\n<li>25 vett\u00e4hylkiv\u00e4\u00e4 laastaria (72 x 19 mm)<\/li>\n<li>2 ihon puhdistuspyyhett\u00e4<\/li>\n<li>1 steriili haavakompressi (10 x 16 cm)<\/li>\n<\/ul>\n<p><strong>Tarvikkeet:\u00a0<\/strong><\/p>\n<ul>\n<li>lateksiton hanskapari<\/li>\n<li>sakset (9 cm)<\/li>\n<li>metallipinsetit (8,8 cm)<\/li>\n<\/ul>\n<p>Laukku t\u00e4ytt\u00e4\u00e4 Ruotsin turvallisuusvirasto MSB:n suositukset kriisivalmiuden ja turvallisuuden osalta.<\/p>\n<p>&nbsp;<\/p>\n<p><a href=\"https:\/\/safetypartners.fi\/turvallisuusblogi\/\" target=\"_blank\" rel=\"noopener\"><em>Huomioi turvallisuus \u2013 Lue artikkeleja kodin, vapaa-ajan ja ty\u00f6paikan turvallisuuteen liittyen.<\/em><\/a><\/p>\n","protected":false},"excerpt":{"rendered":"<p><strong>Kevyt ensiapulaukku &#8211; Housegardin kompakti ensiapulaukku<\/strong> on pienikokoinen EA-pakkaus kotiin, autoon ja matkoille. Kompaktista koostaan huolimatta pakkaus sis\u00e4lt\u00e4\u00e4 kaiken tarpeellisen pienten haavojen ja vammojen hoitoon. Kest\u00e4v\u00e4 pikkulaukku tekee ensiaputarvikkeiden s\u00e4ilytt\u00e4misest\u00e4 ja mukana kuljettamisesta helppoa, pienemm\u00e4ss\u00e4kin repussa tai tilassa.<\/p>\n<p>Pakkauksen sis\u00e4lt\u00f6\u00f6n p\u00e4\u00e4see k\u00e4siksi nopeasti. Hanskat ja muut lis\u00e4tarvikkeet edesauttavat turvallista hoitoa. 32-osainen setti.<\/p>\n","protected":false},"featured_media":2797,"comment_status":"open","ping_status":"closed","template":"","meta":{"_uag_custom_page_level_css":"","site-sidebar-layout":"default","site-content-layout":"default","ast-site-content-layout":"default","site-content-style":"default","site-sidebar-style":"default","ast-global-header-display":"","ast-banner-title-visibility":"","ast-main-header-display":"","ast-hfb-above-header-display":"","ast-hfb-below-header-display":"","ast-hfb-mobile-header-display":"","site-post-title":"","ast-breadcrumbs-content":"","ast-featured-img":"","footer-sml-layout":"","ast-disable-related-posts":"","theme-transparent-header-meta":"default","adv-header-id-meta":"","stick-header-meta":"default","header-above-stick-meta":"","header-main-stick-meta":"","header-below-stick-meta":"","astra-migrate-meta-layouts":"set","ast-page-background-enabled":"default","ast-page-background-meta":{"desktop":{"background-color":"","background-image":"","background-repeat":"repeat","background-position":"center center","background-size":"auto","background-attachment":"scroll","background-type":"","background-media":"","overlay-type":"","overlay-color":"","overlay-opacity":"","overlay-gradient":""},"tablet":{"background-color":"","background-image":"","background-repeat":"repeat","background-position":"center center","background-size":"auto","background-attachment":"scroll","background-type":"","background-media":"","overlay-type":"","overlay-color":"","overlay-opacity":"","overlay-gradient":""},"mobile":{"background-color":"","background-image":"","background-repeat":"repeat","background-position":"center center","background-size":"auto","background-attachment":"scroll","background-type":"","background-media":"","overlay-type":"","overlay-color":"","overlay-opacity":"","overlay-gradient":""}},"ast-content-background-meta":{"desktop":{"background-color":"var(--ast-global-color-5)","background-image":"","background-repeat":"repeat","background-position":"center center","background-size":"auto","background-attachment":"scroll","background-type":"","background-media":"","overlay-type":"","overlay-color":"","overlay-opacity":"","overlay-gradient":""},"tablet":{"background-color":"var(--ast-global-color-5)","background-image":"","background-repeat":"repeat","background-position":"center center","background-size":"auto","background-attachment":"scroll","background-type":"","background-media":"","overlay-type":"","overlay-color":"","overlay-opacity":"","overlay-gradient":""},"mobile":{"background-color":"var(--ast-global-color-5)","background-image":"","background-repeat":"repeat","background-position":"center center","background-size":"auto","background-attachment":"scroll","background-type":"","background-media":"","overlay-type":"","overlay-color":"","overlay-opacity":"","overlay-gradient":""}}},"product_brand":[],"product_cat":[42,15,41],"product_tag":[1180,120,570,574,90,113,52,1179,166,96],"class_list":{"0":"post-2784","1":"product","2":"type-product","3":"status-publish","4":"has-post-thumbnail","6":"product_cat-ensiapu","7":"product_cat-yleinen","8":"product_cat-koti-vapaa-aika","9":"product_tag-ea-pakkaus","10":"product_tag-ensiapu","11":"product_tag-ensiapulaukku","12":"product_tag-ensiapuopas","13":"product_tag-ensiapupakkaus","14":"product_tag-housegard","15":"product_tag-kevyt","16":"product_tag-kompakti","17":"product_tag-laastari","18":"product_tag-laukku","19":"product_shipping_class-suomi","20":"desktop-align-center","21":"tablet-align-center","22":"mobile-align-center","23":"ast-product-gallery-layout-horizontal-slider","24":"ast-product-tabs-layout-horizontal","26":"first","27":"instock","28":"taxable","29":"shipping-taxable","30":"purchasable","31":"product-type-simple"},"yoast_head":"<!-- This site is optimized with the Yoast SEO plugin v27.3 - https:\/\/yoast.com\/product\/yoast-seo-wordpress\/ -->\n<title>Kevyt ensiapulaukku, Housegard - Safety Partners<\/title>\n<meta name=\"description\" content=\"Kevyt ensiapulaukku | Kompakti ja pienikokoinen EA-pakkaus kotiin, autoon ja matkoille. Pienten haavojen ja vammojen hoitoon.\" \/>\n<meta name=\"robots\" content=\"index, follow, max-snippet:-1, max-image-preview:large, max-video-preview:-1\" \/>\n<link rel=\"canonical\" href=\"https:\/\/safetypartners.fi\/kauppa\/tuote\/kompakti-ensiapulaukku-housegard\" \/>\n<meta property=\"og:locale\" content=\"fi_FI\" \/>\n<meta property=\"og:type\" content=\"article\" \/>\n<meta property=\"og:title\" content=\"Kevyt ensiapulaukku, Housegard - Safety Partners\" \/>\n<meta property=\"og:description\" content=\"Kevyt ensiapulaukku | Kompakti ja pienikokoinen EA-pakkaus kotiin, autoon ja matkoille. Pienten haavojen ja vammojen hoitoon.\" \/>\n<meta property=\"og:url\" content=\"https:\/\/safetypartners.fi\/kauppa\/tuote\/kompakti-ensiapulaukku-housegard\" \/>\n<meta property=\"og:site_name\" content=\"Safety Partners\" \/>\n<meta property=\"article:modified_time\" content=\"2026-02-02T08:52:01+00:00\" \/>\n<meta property=\"og:image\" content=\"https:\/\/safetypartners.fi\/kauppa\/wp-content\/uploads\/2025\/07\/Kompakti-ensiapulaukku-Housegard.png\" \/>\n\t<meta property=\"og:image:width\" content=\"1060\" \/>\n\t<meta property=\"og:image:height\" content=\"1060\" \/>\n\t<meta property=\"og:image:type\" content=\"image\/png\" \/>\n<meta name=\"twitter:card\" content=\"summary_large_image\" \/>\n<meta name=\"twitter:label1\" content=\"Arvioitu lukuaika\" \/>\n\t<meta name=\"twitter:data1\" content=\"1 minuutti\" \/>\n<script type=\"application\/ld+json\" class=\"yoast-schema-graph\">{\"@context\":\"https:\\\/\\\/schema.org\",\"@graph\":[{\"@type\":\"WebPage\",\"@id\":\"https:\\\/\\\/safetypartners.fi\\\/kauppa\\\/tuote\\\/kompakti-ensiapulaukku-housegard\",\"url\":\"https:\\\/\\\/safetypartners.fi\\\/kauppa\\\/tuote\\\/kompakti-ensiapulaukku-housegard\",\"name\":\"Kevyt ensiapulaukku, Housegard - Safety Partners\",\"isPartOf\":{\"@id\":\"https:\\\/\\\/safetypartners.fi\\\/kauppa\\\/#website\"},\"primaryImageOfPage\":{\"@id\":\"https:\\\/\\\/safetypartners.fi\\\/kauppa\\\/tuote\\\/kompakti-ensiapulaukku-housegard#primaryimage\"},\"image\":{\"@id\":\"https:\\\/\\\/safetypartners.fi\\\/kauppa\\\/tuote\\\/kompakti-ensiapulaukku-housegard#primaryimage\"},\"thumbnailUrl\":\"https:\\\/\\\/safetypartners.fi\\\/kauppa\\\/wp-content\\\/uploads\\\/2025\\\/07\\\/Kompakti-ensiapulaukku-Housegard.png\",\"datePublished\":\"2025-07-10T18:50:58+00:00\",\"dateModified\":\"2026-02-02T08:52:01+00:00\",\"description\":\"Kevyt ensiapulaukku | Kompakti ja pienikokoinen EA-pakkaus kotiin, autoon ja matkoille. Pienten haavojen ja vammojen hoitoon.\",\"breadcrumb\":{\"@id\":\"https:\\\/\\\/safetypartners.fi\\\/kauppa\\\/tuote\\\/kompakti-ensiapulaukku-housegard#breadcrumb\"},\"inLanguage\":\"fi\",\"potentialAction\":[{\"@type\":\"ReadAction\",\"target\":[\"https:\\\/\\\/safetypartners.fi\\\/kauppa\\\/tuote\\\/kompakti-ensiapulaukku-housegard\"]}]},{\"@type\":\"ImageObject\",\"inLanguage\":\"fi\",\"@id\":\"https:\\\/\\\/safetypartners.fi\\\/kauppa\\\/tuote\\\/kompakti-ensiapulaukku-housegard#primaryimage\",\"url\":\"https:\\\/\\\/safetypartners.fi\\\/kauppa\\\/wp-content\\\/uploads\\\/2025\\\/07\\\/Kompakti-ensiapulaukku-Housegard.png\",\"contentUrl\":\"https:\\\/\\\/safetypartners.fi\\\/kauppa\\\/wp-content\\\/uploads\\\/2025\\\/07\\\/Kompakti-ensiapulaukku-Housegard.png\",\"width\":1060,\"height\":1060,\"caption\":\"EA-laukku\"},{\"@type\":\"BreadcrumbList\",\"@id\":\"https:\\\/\\\/safetypartners.fi\\\/kauppa\\\/tuote\\\/kompakti-ensiapulaukku-housegard#breadcrumb\",\"itemListElement\":[{\"@type\":\"ListItem\",\"position\":1,\"name\":\"Home\",\"item\":\"https:\\\/\\\/safetypartners.fi\\\/kauppa\\\/\"},{\"@type\":\"ListItem\",\"position\":2,\"name\":\"Kauppa\",\"item\":\"https:\\\/\\\/safetypartners.fi\\\/kauppa\\\/kauppa\"},{\"@type\":\"ListItem\",\"position\":3,\"name\":\"Kevyt ensiapulaukku, Housegard\"}]},{\"@type\":\"WebSite\",\"@id\":\"https:\\\/\\\/safetypartners.fi\\\/kauppa\\\/#website\",\"url\":\"https:\\\/\\\/safetypartners.fi\\\/kauppa\\\/\",\"name\":\"Safety Partners\",\"description\":\"Safety Partners turvakauppa palvelee verkossa 24\\\/7!\",\"publisher\":{\"@id\":\"https:\\\/\\\/safetypartners.fi\\\/kauppa\\\/#organization\"},\"potentialAction\":[{\"@type\":\"SearchAction\",\"target\":{\"@type\":\"EntryPoint\",\"urlTemplate\":\"https:\\\/\\\/safetypartners.fi\\\/kauppa\\\/?s={search_term_string}\"},\"query-input\":{\"@type\":\"PropertyValueSpecification\",\"valueRequired\":true,\"valueName\":\"search_term_string\"}}],\"inLanguage\":\"fi\"},{\"@type\":\"Organization\",\"@id\":\"https:\\\/\\\/safetypartners.fi\\\/kauppa\\\/#organization\",\"name\":\"Safety Partners | Suomen Sammutinpalvelu\",\"url\":\"https:\\\/\\\/safetypartners.fi\\\/kauppa\\\/\",\"logo\":{\"@type\":\"ImageObject\",\"inLanguage\":\"fi\",\"@id\":\"https:\\\/\\\/safetypartners.fi\\\/kauppa\\\/#\\\/schema\\\/logo\\\/image\\\/\",\"url\":\"https:\\\/\\\/safetypartners.fi\\\/kauppa\\\/wp-content\\\/uploads\\\/2020\\\/05\\\/cropped-Logoke-1.jpg\",\"contentUrl\":\"https:\\\/\\\/safetypartners.fi\\\/kauppa\\\/wp-content\\\/uploads\\\/2020\\\/05\\\/cropped-Logoke-1.jpg\",\"width\":847,\"height\":717,\"caption\":\"Safety Partners | Suomen Sammutinpalvelu\"},\"image\":{\"@id\":\"https:\\\/\\\/safetypartners.fi\\\/kauppa\\\/#\\\/schema\\\/logo\\\/image\\\/\"}}]}<\/script>\n<!-- \/ Yoast SEO plugin. -->","yoast_head_json":{"title":"Kevyt ensiapulaukku, Housegard - Safety Partners","description":"Kevyt ensiapulaukku | Kompakti ja pienikokoinen EA-pakkaus kotiin, autoon ja matkoille. Pienten haavojen ja vammojen hoitoon.","robots":{"index":"index","follow":"follow","max-snippet":"max-snippet:-1","max-image-preview":"max-image-preview:large","max-video-preview":"max-video-preview:-1"},"canonical":"https:\/\/safetypartners.fi\/kauppa\/tuote\/kompakti-ensiapulaukku-housegard","og_locale":"fi_FI","og_type":"article","og_title":"Kevyt ensiapulaukku, Housegard - Safety Partners","og_description":"Kevyt ensiapulaukku | Kompakti ja pienikokoinen EA-pakkaus kotiin, autoon ja matkoille. Pienten haavojen ja vammojen hoitoon.","og_url":"https:\/\/safetypartners.fi\/kauppa\/tuote\/kompakti-ensiapulaukku-housegard","og_site_name":"Safety Partners","article_modified_time":"2026-02-02T08:52:01+00:00","og_image":[{"width":1060,"height":1060,"url":"https:\/\/safetypartners.fi\/kauppa\/wp-content\/uploads\/2025\/07\/Kompakti-ensiapulaukku-Housegard.png","type":"image\/png"}],"twitter_card":"summary_large_image","twitter_misc":{"Arvioitu lukuaika":"1 minuutti"},"schema":{"@context":"https:\/\/schema.org","@graph":[{"@type":"WebPage","@id":"https:\/\/safetypartners.fi\/kauppa\/tuote\/kompakti-ensiapulaukku-housegard","url":"https:\/\/safetypartners.fi\/kauppa\/tuote\/kompakti-ensiapulaukku-housegard","name":"Kevyt ensiapulaukku, Housegard - Safety Partners","isPartOf":{"@id":"https:\/\/safetypartners.fi\/kauppa\/#website"},"primaryImageOfPage":{"@id":"https:\/\/safetypartners.fi\/kauppa\/tuote\/kompakti-ensiapulaukku-housegard#primaryimage"},"image":{"@id":"https:\/\/safetypartners.fi\/kauppa\/tuote\/kompakti-ensiapulaukku-housegard#primaryimage"},"thumbnailUrl":"https:\/\/safetypartners.fi\/kauppa\/wp-content\/uploads\/2025\/07\/Kompakti-ensiapulaukku-Housegard.png","datePublished":"2025-07-10T18:50:58+00:00","dateModified":"2026-02-02T08:52:01+00:00","description":"Kevyt ensiapulaukku | Kompakti ja pienikokoinen EA-pakkaus kotiin, autoon ja matkoille. Pienten haavojen ja vammojen hoitoon.","breadcrumb":{"@id":"https:\/\/safetypartners.fi\/kauppa\/tuote\/kompakti-ensiapulaukku-housegard#breadcrumb"},"inLanguage":"fi","potentialAction":[{"@type":"ReadAction","target":["https:\/\/safetypartners.fi\/kauppa\/tuote\/kompakti-ensiapulaukku-housegard"]}]},{"@type":"ImageObject","inLanguage":"fi","@id":"https:\/\/safetypartners.fi\/kauppa\/tuote\/kompakti-ensiapulaukku-housegard#primaryimage","url":"https:\/\/safetypartners.fi\/kauppa\/wp-content\/uploads\/2025\/07\/Kompakti-ensiapulaukku-Housegard.png","contentUrl":"https:\/\/safetypartners.fi\/kauppa\/wp-content\/uploads\/2025\/07\/Kompakti-ensiapulaukku-Housegard.png","width":1060,"height":1060,"caption":"EA-laukku"},{"@type":"BreadcrumbList","@id":"https:\/\/safetypartners.fi\/kauppa\/tuote\/kompakti-ensiapulaukku-housegard#breadcrumb","itemListElement":[{"@type":"ListItem","position":1,"name":"Home","item":"https:\/\/safetypartners.fi\/kauppa\/"},{"@type":"ListItem","position":2,"name":"Kauppa","item":"https:\/\/safetypartners.fi\/kauppa\/kauppa"},{"@type":"ListItem","position":3,"name":"Kevyt ensiapulaukku, Housegard"}]},{"@type":"WebSite","@id":"https:\/\/safetypartners.fi\/kauppa\/#website","url":"https:\/\/safetypartners.fi\/kauppa\/","name":"Safety Partners","description":"Safety Partners turvakauppa palvelee verkossa 24\/7!","publisher":{"@id":"https:\/\/safetypartners.fi\/kauppa\/#organization"},"potentialAction":[{"@type":"SearchAction","target":{"@type":"EntryPoint","urlTemplate":"https:\/\/safetypartners.fi\/kauppa\/?s={search_term_string}"},"query-input":{"@type":"PropertyValueSpecification","valueRequired":true,"valueName":"search_term_string"}}],"inLanguage":"fi"},{"@type":"Organization","@id":"https:\/\/safetypartners.fi\/kauppa\/#organization","name":"Safety Partners | Suomen Sammutinpalvelu","url":"https:\/\/safetypartners.fi\/kauppa\/","logo":{"@type":"ImageObject","inLanguage":"fi","@id":"https:\/\/safetypartners.fi\/kauppa\/#\/schema\/logo\/image\/","url":"https:\/\/safetypartners.fi\/kauppa\/wp-content\/uploads\/2020\/05\/cropped-Logoke-1.jpg","contentUrl":"https:\/\/safetypartners.fi\/kauppa\/wp-content\/uploads\/2020\/05\/cropped-Logoke-1.jpg","width":847,"height":717,"caption":"Safety Partners | Suomen Sammutinpalvelu"},"image":{"@id":"https:\/\/safetypartners.fi\/kauppa\/#\/schema\/logo\/image\/"}}]}},"uagb_featured_image_src":{"full":["https:\/\/safetypartners.fi\/kauppa\/wp-content\/uploads\/2025\/07\/Kompakti-ensiapulaukku-Housegard.png",1060,1060,false],"thumbnail":["https:\/\/safetypartners.fi\/kauppa\/wp-content\/uploads\/2025\/07\/Kompakti-ensiapulaukku-Housegard-150x150.png",150,150,true],"medium":["https:\/\/safetypartners.fi\/kauppa\/wp-content\/uploads\/2025\/07\/Kompakti-ensiapulaukku-Housegard-300x300.png",300,300,true],"medium_large":["https:\/\/safetypartners.fi\/kauppa\/wp-content\/uploads\/2025\/07\/Kompakti-ensiapulaukku-Housegard-768x768.png",768,768,true],"large":["https:\/\/safetypartners.fi\/kauppa\/wp-content\/uploads\/2025\/07\/Kompakti-ensiapulaukku-Housegard-1024x1024.png",1024,1024,true],"1536x1536":["https:\/\/safetypartners.fi\/kauppa\/wp-content\/uploads\/2025\/07\/Kompakti-ensiapulaukku-Housegard.png",1060,1060,false],"2048x2048":["https:\/\/safetypartners.fi\/kauppa\/wp-content\/uploads\/2025\/07\/Kompakti-ensiapulaukku-Housegard.png",1060,1060,false],"woocommerce_thumbnail":["https:\/\/safetypartners.fi\/kauppa\/wp-content\/uploads\/2025\/07\/Kompakti-ensiapulaukku-Housegard-300x300.png",300,300,true],"woocommerce_single":["https:\/\/safetypartners.fi\/kauppa\/wp-content\/uploads\/2025\/07\/Kompakti-ensiapulaukku-Housegard-600x600.png",600,600,true],"woocommerce_gallery_thumbnail":["https:\/\/safetypartners.fi\/kauppa\/wp-content\/uploads\/2025\/07\/Kompakti-ensiapulaukku-Housegard-100x100.png",100,100,true]},"uagb_author_info":{"display_name":"Anu Lehto","author_link":"https:\/\/safetypartners.fi\/kauppa\/author"},"uagb_comment_info":0,"uagb_excerpt":"Kevyt ensiapulaukku - Housegardin kompakti ensiapulaukku on pienikokoinen EA-pakkaus kotiin, autoon ja matkoille. Kompaktista koostaan huolimatta pakkaus sis\u00e4lt\u00e4\u00e4 kaiken tarpeellisen pienten haavojen ja vammojen hoitoon. Kest\u00e4v\u00e4 pikkulaukku tekee ensiaputarvikkeiden s\u00e4ilytt\u00e4misest\u00e4 ja mukana kuljettamisesta helppoa, pienemm\u00e4ss\u00e4kin repussa tai tilassa. Pakkauksen sis\u00e4lt\u00f6\u00f6n p\u00e4\u00e4see k\u00e4siksi nopeasti. Hanskat ja muut lis\u00e4tarvikkeet edesauttavat turvallista hoitoa. 32-osainen setti.","_links":{"self":[{"href":"https:\/\/safetypartners.fi\/kauppa\/wp-json\/wp\/v2\/product\/2784","targetHints":{"allow":["GET"]}}],"collection":[{"href":"https:\/\/safetypartners.fi\/kauppa\/wp-json\/wp\/v2\/product"}],"about":[{"href":"https:\/\/safetypartners.fi\/kauppa\/wp-json\/wp\/v2\/types\/product"}],"replies":[{"embeddable":true,"href":"https:\/\/safetypartners.fi\/kauppa\/wp-json\/wp\/v2\/comments?post=2784"}],"version-history":[{"count":9,"href":"https:\/\/safetypartners.fi\/kauppa\/wp-json\/wp\/v2\/product\/2784\/revisions"}],"predecessor-version":[{"id":2795,"href":"https:\/\/safetypartners.fi\/kauppa\/wp-json\/wp\/v2\/product\/2784\/revisions\/2795"}],"wp:featuredmedia":[{"embeddable":true,"href":"https:\/\/safetypartners.fi\/kauppa\/wp-json\/wp\/v2\/media\/2797"}],"wp:attachment":[{"href":"https:\/\/safetypartners.fi\/kauppa\/wp-json\/wp\/v2\/media?parent=2784"}],"wp:term":[{"taxonomy":"product_brand","embeddable":true,"href":"https:\/\/safetypartners.fi\/kauppa\/wp-json\/wp\/v2\/product_brand?post=2784"},{"taxonomy":"product_cat","embeddable":true,"href":"https:\/\/safetypartners.fi\/kauppa\/wp-json\/wp\/v2\/product_cat?post=2784"},{"taxonomy":"product_tag","embeddable":true,"href":"https:\/\/safetypartners.fi\/kauppa\/wp-json\/wp\/v2\/product_tag?post=2784"}],"curies":[{"name":"wp","href":"https:\/\/api.w.org\/{rel}","templated":true}]}}