{"id":279,"date":"2022-06-30T16:11:19","date_gmt":"2022-06-30T13:11:19","guid":{"rendered":"https:\/\/safetypartners.fi\/kauppa\/?post_type=product&#038;p=279"},"modified":"2026-01-02T21:35:25","modified_gmt":"2026-01-02T19:35:25","slug":"heijastava-scootliivi-huomio","status":"publish","type":"product","link":"https:\/\/safetypartners.fi\/kauppa\/tuote\/heijastava-scootliivi-huomio","title":{"rendered":"Heijastava Scootliivi, Huomio"},"content":{"rendered":"<p>Koko sopii kaikille.<br \/>\nMolemmat valot ladataan usb-laturilla.<\/p>\n<p>Merkki Mastermark Huomio<\/p>\n<p>Korkeus: 10 mm<br \/>\nLeveys: 180 mm<br \/>\nPaino: 0,1 kg<\/p>\n","protected":false},"excerpt":{"rendered":"<p><strong>Heijastava Scoot-liivi<\/strong> p\u00e4\u00e4ll\u00e4si et varmasti j\u00e4\u00e4 huomaamattomaksi liikenteess\u00e4. K\u00e4velylenkill\u00e4, s\u00e4hk\u00f6potkulaudalla tai py\u00f6r\u00e4ll\u00e4 liikkuessasi on t\u00e4rke\u00e4\u00e4 ett\u00e4 autoilijat, muut motoristit ja kevyen liikenteen kulkijat n\u00e4kev\u00e4t sinut pime\u00e4ll\u00e4kin. Liivin etupuolella loistaa valkoinen valo, takapuolella punainen. Heijastavat raidat loistavat vastaantulijan valoissa silloinkin, kun liivit valot ovat pois p\u00e4\u00e4lt\u00e4.<\/p>\n<p>Scoot on malliltaan avoin liivi ja t\u00e4ten helposti sujautettavissa olkap\u00e4ille. Liivi taittuu n\u00e4pp\u00e4r\u00e4sti pieneen tilaan ja toimitaan kuljetuspussukan kera. Heijastava valoliivi on erinomainen varuste my\u00f6s autoilijalle, jottei pimeille teille ja pys\u00e4k\u00f6intialueille tarvitsisi astua n\u00e4kym\u00e4tt\u00f6miss\u00e4.<\/p>\n","protected":false},"featured_media":280,"comment_status":"open","ping_status":"closed","template":"","meta":{"_uag_custom_page_level_css":"","site-sidebar-layout":"default","site-content-layout":"default","ast-site-content-layout":"default","site-content-style":"default","site-sidebar-style":"default","ast-global-header-display":"","ast-banner-title-visibility":"","ast-main-header-display":"","ast-hfb-above-header-display":"","ast-hfb-below-header-display":"","ast-hfb-mobile-header-display":"","site-post-title":"","ast-breadcrumbs-content":"","ast-featured-img":"","footer-sml-layout":"","ast-disable-related-posts":"","theme-transparent-header-meta":"default","adv-header-id-meta":"","stick-header-meta":"default","header-above-stick-meta":"","header-main-stick-meta":"","header-below-stick-meta":"","astra-migrate-meta-layouts":"set","ast-page-background-enabled":"default","ast-page-background-meta":{"desktop":{"background-color":"","background-image":"","background-repeat":"repeat","background-position":"center center","background-size":"auto","background-attachment":"scroll","background-type":"","background-media":"","overlay-type":"","overlay-color":"","overlay-opacity":"","overlay-gradient":""},"tablet":{"background-color":"","background-image":"","background-repeat":"repeat","background-position":"center center","background-size":"auto","background-attachment":"scroll","background-type":"","background-media":"","overlay-type":"","overlay-color":"","overlay-opacity":"","overlay-gradient":""},"mobile":{"background-color":"","background-image":"","background-repeat":"repeat","background-position":"center center","background-size":"auto","background-attachment":"scroll","background-type":"","background-media":"","overlay-type":"","overlay-color":"","overlay-opacity":"","overlay-gradient":""}},"ast-content-background-meta":{"desktop":{"background-color":"var(--ast-global-color-5)","background-image":"","background-repeat":"repeat","background-position":"center center","background-size":"auto","background-attachment":"scroll","background-type":"","background-media":"","overlay-type":"","overlay-color":"","overlay-opacity":"","overlay-gradient":""},"tablet":{"background-color":"var(--ast-global-color-5)","background-image":"","background-repeat":"repeat","background-position":"center center","background-size":"auto","background-attachment":"scroll","background-type":"","background-media":"","overlay-type":"","overlay-color":"","overlay-opacity":"","overlay-gradient":""},"mobile":{"background-color":"var(--ast-global-color-5)","background-image":"","background-repeat":"repeat","background-position":"center center","background-size":"auto","background-attachment":"scroll","background-type":"","background-media":"","overlay-type":"","overlay-color":"","overlay-opacity":"","overlay-gradient":""}}},"product_brand":[],"product_cat":[15,41],"product_tag":[548,76,99,79,1198,1199],"class_list":{"0":"post-279","1":"product","2":"type-product","3":"status-publish","4":"has-post-thumbnail","6":"product_cat-yleinen","7":"product_cat-koti-vapaa-aika","8":"product_tag-heijastavat-tuotteet","9":"product_tag-huomio","10":"product_tag-ladattava","11":"product_tag-liikenteeseen","12":"product_tag-scoot","13":"product_tag-valoliivi","14":"product_shipping_class-suomi","15":"desktop-align-center","16":"tablet-align-center","17":"mobile-align-center","18":"ast-product-gallery-layout-horizontal-slider","19":"ast-product-tabs-layout-horizontal","21":"first","22":"instock","23":"sale","24":"taxable","25":"shipping-taxable","26":"purchasable","27":"product-type-simple"},"yoast_head":"<!-- This site is optimized with the Yoast SEO plugin v27.3 - https:\/\/yoast.com\/product\/yoast-seo-wordpress\/ -->\n<title>Heijastava Scootliivi, Huomio - Safety Partners<\/title>\n<meta name=\"description\" content=\"Heijastava Scoot-liivi valoilla | K\u00e4tev\u00e4 valoliivi heijastavilla raidoilla pit\u00e4\u00e4 sinut n\u00e4kyv\u00e4n\u00e4 s\u00e4\u00e4st\u00e4, vuorokauden tai vuodenajasta riippumatta!\" \/>\n<meta name=\"robots\" content=\"index, follow, max-snippet:-1, max-image-preview:large, max-video-preview:-1\" \/>\n<link rel=\"canonical\" href=\"https:\/\/safetypartners.fi\/kauppa\/tuote\/heijastava-scootliivi-huomio\" \/>\n<meta property=\"og:locale\" content=\"fi_FI\" \/>\n<meta property=\"og:type\" content=\"article\" \/>\n<meta property=\"og:title\" content=\"Heijastava Scootliivi, Huomio - Safety Partners\" \/>\n<meta property=\"og:description\" content=\"Heijastava Scoot-liivi valoilla | K\u00e4tev\u00e4 valoliivi heijastavilla raidoilla pit\u00e4\u00e4 sinut n\u00e4kyv\u00e4n\u00e4 s\u00e4\u00e4st\u00e4, vuorokauden tai vuodenajasta riippumatta!\" \/>\n<meta property=\"og:url\" content=\"https:\/\/safetypartners.fi\/kauppa\/tuote\/heijastava-scootliivi-huomio\" \/>\n<meta property=\"og:site_name\" content=\"Safety Partners\" \/>\n<meta property=\"article:modified_time\" content=\"2026-01-02T19:35:25+00:00\" \/>\n<meta property=\"og:image\" content=\"https:\/\/safetypartners.fi\/kauppa\/wp-content\/uploads\/2022\/06\/Huomio-Scoot.jpg\" \/>\n\t<meta property=\"og:image:width\" content=\"2375\" \/>\n\t<meta property=\"og:image:height\" content=\"2375\" \/>\n\t<meta property=\"og:image:type\" content=\"image\/jpeg\" \/>\n<meta name=\"twitter:card\" content=\"summary_large_image\" \/>\n<meta name=\"twitter:label1\" content=\"Arvioitu lukuaika\" \/>\n\t<meta name=\"twitter:data1\" content=\"1 minuutti\" \/>\n<script type=\"application\/ld+json\" class=\"yoast-schema-graph\">{\"@context\":\"https:\\\/\\\/schema.org\",\"@graph\":[{\"@type\":\"WebPage\",\"@id\":\"https:\\\/\\\/safetypartners.fi\\\/kauppa\\\/tuote\\\/heijastava-scootliivi-huomio\",\"url\":\"https:\\\/\\\/safetypartners.fi\\\/kauppa\\\/tuote\\\/heijastava-scootliivi-huomio\",\"name\":\"Heijastava Scootliivi, Huomio - Safety Partners\",\"isPartOf\":{\"@id\":\"https:\\\/\\\/safetypartners.fi\\\/kauppa\\\/#website\"},\"primaryImageOfPage\":{\"@id\":\"https:\\\/\\\/safetypartners.fi\\\/kauppa\\\/tuote\\\/heijastava-scootliivi-huomio#primaryimage\"},\"image\":{\"@id\":\"https:\\\/\\\/safetypartners.fi\\\/kauppa\\\/tuote\\\/heijastava-scootliivi-huomio#primaryimage\"},\"thumbnailUrl\":\"https:\\\/\\\/safetypartners.fi\\\/kauppa\\\/wp-content\\\/uploads\\\/2022\\\/06\\\/Huomio-Scoot.jpg\",\"datePublished\":\"2022-06-30T13:11:19+00:00\",\"dateModified\":\"2026-01-02T19:35:25+00:00\",\"description\":\"Heijastava Scoot-liivi valoilla | K\u00e4tev\u00e4 valoliivi heijastavilla raidoilla pit\u00e4\u00e4 sinut n\u00e4kyv\u00e4n\u00e4 s\u00e4\u00e4st\u00e4, vuorokauden tai vuodenajasta riippumatta!\",\"breadcrumb\":{\"@id\":\"https:\\\/\\\/safetypartners.fi\\\/kauppa\\\/tuote\\\/heijastava-scootliivi-huomio#breadcrumb\"},\"inLanguage\":\"fi\",\"potentialAction\":[{\"@type\":\"ReadAction\",\"target\":[\"https:\\\/\\\/safetypartners.fi\\\/kauppa\\\/tuote\\\/heijastava-scootliivi-huomio\"]}]},{\"@type\":\"ImageObject\",\"inLanguage\":\"fi\",\"@id\":\"https:\\\/\\\/safetypartners.fi\\\/kauppa\\\/tuote\\\/heijastava-scootliivi-huomio#primaryimage\",\"url\":\"https:\\\/\\\/safetypartners.fi\\\/kauppa\\\/wp-content\\\/uploads\\\/2022\\\/06\\\/Huomio-Scoot.jpg\",\"contentUrl\":\"https:\\\/\\\/safetypartners.fi\\\/kauppa\\\/wp-content\\\/uploads\\\/2022\\\/06\\\/Huomio-Scoot.jpg\",\"width\":2375,\"height\":2375},{\"@type\":\"BreadcrumbList\",\"@id\":\"https:\\\/\\\/safetypartners.fi\\\/kauppa\\\/tuote\\\/heijastava-scootliivi-huomio#breadcrumb\",\"itemListElement\":[{\"@type\":\"ListItem\",\"position\":1,\"name\":\"Home\",\"item\":\"https:\\\/\\\/safetypartners.fi\\\/kauppa\\\/\"},{\"@type\":\"ListItem\",\"position\":2,\"name\":\"Kauppa\",\"item\":\"https:\\\/\\\/safetypartners.fi\\\/kauppa\\\/kauppa\"},{\"@type\":\"ListItem\",\"position\":3,\"name\":\"Heijastava Scootliivi, Huomio\"}]},{\"@type\":\"WebSite\",\"@id\":\"https:\\\/\\\/safetypartners.fi\\\/kauppa\\\/#website\",\"url\":\"https:\\\/\\\/safetypartners.fi\\\/kauppa\\\/\",\"name\":\"Safety Partners\",\"description\":\"Safety Partners turvakauppa palvelee verkossa 24\\\/7!\",\"publisher\":{\"@id\":\"https:\\\/\\\/safetypartners.fi\\\/kauppa\\\/#organization\"},\"potentialAction\":[{\"@type\":\"SearchAction\",\"target\":{\"@type\":\"EntryPoint\",\"urlTemplate\":\"https:\\\/\\\/safetypartners.fi\\\/kauppa\\\/?s={search_term_string}\"},\"query-input\":{\"@type\":\"PropertyValueSpecification\",\"valueRequired\":true,\"valueName\":\"search_term_string\"}}],\"inLanguage\":\"fi\"},{\"@type\":\"Organization\",\"@id\":\"https:\\\/\\\/safetypartners.fi\\\/kauppa\\\/#organization\",\"name\":\"Safety Partners | Suomen Sammutinpalvelu\",\"url\":\"https:\\\/\\\/safetypartners.fi\\\/kauppa\\\/\",\"logo\":{\"@type\":\"ImageObject\",\"inLanguage\":\"fi\",\"@id\":\"https:\\\/\\\/safetypartners.fi\\\/kauppa\\\/#\\\/schema\\\/logo\\\/image\\\/\",\"url\":\"https:\\\/\\\/safetypartners.fi\\\/kauppa\\\/wp-content\\\/uploads\\\/2020\\\/05\\\/cropped-Logoke-1.jpg\",\"contentUrl\":\"https:\\\/\\\/safetypartners.fi\\\/kauppa\\\/wp-content\\\/uploads\\\/2020\\\/05\\\/cropped-Logoke-1.jpg\",\"width\":847,\"height\":717,\"caption\":\"Safety Partners | Suomen Sammutinpalvelu\"},\"image\":{\"@id\":\"https:\\\/\\\/safetypartners.fi\\\/kauppa\\\/#\\\/schema\\\/logo\\\/image\\\/\"}}]}<\/script>\n<!-- \/ Yoast SEO plugin. -->","yoast_head_json":{"title":"Heijastava Scootliivi, Huomio - Safety Partners","description":"Heijastava Scoot-liivi valoilla | K\u00e4tev\u00e4 valoliivi heijastavilla raidoilla pit\u00e4\u00e4 sinut n\u00e4kyv\u00e4n\u00e4 s\u00e4\u00e4st\u00e4, vuorokauden tai vuodenajasta riippumatta!","robots":{"index":"index","follow":"follow","max-snippet":"max-snippet:-1","max-image-preview":"max-image-preview:large","max-video-preview":"max-video-preview:-1"},"canonical":"https:\/\/safetypartners.fi\/kauppa\/tuote\/heijastava-scootliivi-huomio","og_locale":"fi_FI","og_type":"article","og_title":"Heijastava Scootliivi, Huomio - Safety Partners","og_description":"Heijastava Scoot-liivi valoilla | K\u00e4tev\u00e4 valoliivi heijastavilla raidoilla pit\u00e4\u00e4 sinut n\u00e4kyv\u00e4n\u00e4 s\u00e4\u00e4st\u00e4, vuorokauden tai vuodenajasta riippumatta!","og_url":"https:\/\/safetypartners.fi\/kauppa\/tuote\/heijastava-scootliivi-huomio","og_site_name":"Safety Partners","article_modified_time":"2026-01-02T19:35:25+00:00","og_image":[{"width":2375,"height":2375,"url":"https:\/\/safetypartners.fi\/kauppa\/wp-content\/uploads\/2022\/06\/Huomio-Scoot.jpg","type":"image\/jpeg"}],"twitter_card":"summary_large_image","twitter_misc":{"Arvioitu lukuaika":"1 minuutti"},"schema":{"@context":"https:\/\/schema.org","@graph":[{"@type":"WebPage","@id":"https:\/\/safetypartners.fi\/kauppa\/tuote\/heijastava-scootliivi-huomio","url":"https:\/\/safetypartners.fi\/kauppa\/tuote\/heijastava-scootliivi-huomio","name":"Heijastava Scootliivi, Huomio - Safety Partners","isPartOf":{"@id":"https:\/\/safetypartners.fi\/kauppa\/#website"},"primaryImageOfPage":{"@id":"https:\/\/safetypartners.fi\/kauppa\/tuote\/heijastava-scootliivi-huomio#primaryimage"},"image":{"@id":"https:\/\/safetypartners.fi\/kauppa\/tuote\/heijastava-scootliivi-huomio#primaryimage"},"thumbnailUrl":"https:\/\/safetypartners.fi\/kauppa\/wp-content\/uploads\/2022\/06\/Huomio-Scoot.jpg","datePublished":"2022-06-30T13:11:19+00:00","dateModified":"2026-01-02T19:35:25+00:00","description":"Heijastava Scoot-liivi valoilla | K\u00e4tev\u00e4 valoliivi heijastavilla raidoilla pit\u00e4\u00e4 sinut n\u00e4kyv\u00e4n\u00e4 s\u00e4\u00e4st\u00e4, vuorokauden tai vuodenajasta riippumatta!","breadcrumb":{"@id":"https:\/\/safetypartners.fi\/kauppa\/tuote\/heijastava-scootliivi-huomio#breadcrumb"},"inLanguage":"fi","potentialAction":[{"@type":"ReadAction","target":["https:\/\/safetypartners.fi\/kauppa\/tuote\/heijastava-scootliivi-huomio"]}]},{"@type":"ImageObject","inLanguage":"fi","@id":"https:\/\/safetypartners.fi\/kauppa\/tuote\/heijastava-scootliivi-huomio#primaryimage","url":"https:\/\/safetypartners.fi\/kauppa\/wp-content\/uploads\/2022\/06\/Huomio-Scoot.jpg","contentUrl":"https:\/\/safetypartners.fi\/kauppa\/wp-content\/uploads\/2022\/06\/Huomio-Scoot.jpg","width":2375,"height":2375},{"@type":"BreadcrumbList","@id":"https:\/\/safetypartners.fi\/kauppa\/tuote\/heijastava-scootliivi-huomio#breadcrumb","itemListElement":[{"@type":"ListItem","position":1,"name":"Home","item":"https:\/\/safetypartners.fi\/kauppa\/"},{"@type":"ListItem","position":2,"name":"Kauppa","item":"https:\/\/safetypartners.fi\/kauppa\/kauppa"},{"@type":"ListItem","position":3,"name":"Heijastava Scootliivi, Huomio"}]},{"@type":"WebSite","@id":"https:\/\/safetypartners.fi\/kauppa\/#website","url":"https:\/\/safetypartners.fi\/kauppa\/","name":"Safety Partners","description":"Safety Partners turvakauppa palvelee verkossa 24\/7!","publisher":{"@id":"https:\/\/safetypartners.fi\/kauppa\/#organization"},"potentialAction":[{"@type":"SearchAction","target":{"@type":"EntryPoint","urlTemplate":"https:\/\/safetypartners.fi\/kauppa\/?s={search_term_string}"},"query-input":{"@type":"PropertyValueSpecification","valueRequired":true,"valueName":"search_term_string"}}],"inLanguage":"fi"},{"@type":"Organization","@id":"https:\/\/safetypartners.fi\/kauppa\/#organization","name":"Safety Partners | Suomen Sammutinpalvelu","url":"https:\/\/safetypartners.fi\/kauppa\/","logo":{"@type":"ImageObject","inLanguage":"fi","@id":"https:\/\/safetypartners.fi\/kauppa\/#\/schema\/logo\/image\/","url":"https:\/\/safetypartners.fi\/kauppa\/wp-content\/uploads\/2020\/05\/cropped-Logoke-1.jpg","contentUrl":"https:\/\/safetypartners.fi\/kauppa\/wp-content\/uploads\/2020\/05\/cropped-Logoke-1.jpg","width":847,"height":717,"caption":"Safety Partners | Suomen Sammutinpalvelu"},"image":{"@id":"https:\/\/safetypartners.fi\/kauppa\/#\/schema\/logo\/image\/"}}]}},"uagb_featured_image_src":{"full":["https:\/\/safetypartners.fi\/kauppa\/wp-content\/uploads\/2022\/06\/Huomio-Scoot.jpg",2375,2375,false],"thumbnail":["https:\/\/safetypartners.fi\/kauppa\/wp-content\/uploads\/2022\/06\/Huomio-Scoot-150x150.jpg",150,150,true],"medium":["https:\/\/safetypartners.fi\/kauppa\/wp-content\/uploads\/2022\/06\/Huomio-Scoot-300x300.jpg",300,300,true],"medium_large":["https:\/\/safetypartners.fi\/kauppa\/wp-content\/uploads\/2022\/06\/Huomio-Scoot-768x768.jpg",768,768,true],"large":["https:\/\/safetypartners.fi\/kauppa\/wp-content\/uploads\/2022\/06\/Huomio-Scoot-1024x1024.jpg",1024,1024,true],"1536x1536":["https:\/\/safetypartners.fi\/kauppa\/wp-content\/uploads\/2022\/06\/Huomio-Scoot-1536x1536.jpg",1536,1536,true],"2048x2048":["https:\/\/safetypartners.fi\/kauppa\/wp-content\/uploads\/2022\/06\/Huomio-Scoot-2048x2048.jpg",2048,2048,true],"woocommerce_thumbnail":["https:\/\/safetypartners.fi\/kauppa\/wp-content\/uploads\/2022\/06\/Huomio-Scoot-300x300.jpg",300,300,true],"woocommerce_single":["https:\/\/safetypartners.fi\/kauppa\/wp-content\/uploads\/2022\/06\/Huomio-Scoot-600x600.jpg",600,600,true],"woocommerce_gallery_thumbnail":["https:\/\/safetypartners.fi\/kauppa\/wp-content\/uploads\/2022\/06\/Huomio-Scoot-100x100.jpg",100,100,true]},"uagb_author_info":{"display_name":"Anu Lehto","author_link":"https:\/\/safetypartners.fi\/kauppa\/author"},"uagb_comment_info":0,"uagb_excerpt":"Heijastava Scoot-liivi p\u00e4\u00e4ll\u00e4si et varmasti j\u00e4\u00e4 huomaamattomaksi liikenteess\u00e4. K\u00e4velylenkill\u00e4, s\u00e4hk\u00f6potkulaudalla tai py\u00f6r\u00e4ll\u00e4 liikkuessasi on t\u00e4rke\u00e4\u00e4 ett\u00e4 autoilijat, muut motoristit ja kevyen liikenteen kulkijat n\u00e4kev\u00e4t sinut pime\u00e4ll\u00e4kin. Liivin etupuolella loistaa valkoinen valo, takapuolella punainen. Heijastavat raidat loistavat vastaantulijan valoissa silloinkin, kun liivit valot ovat pois p\u00e4\u00e4lt\u00e4. Scoot on malliltaan avoin liivi ja t\u00e4ten helposti sujautettavissa olkap\u00e4ille.&hellip;","_links":{"self":[{"href":"https:\/\/safetypartners.fi\/kauppa\/wp-json\/wp\/v2\/product\/279","targetHints":{"allow":["GET"]}}],"collection":[{"href":"https:\/\/safetypartners.fi\/kauppa\/wp-json\/wp\/v2\/product"}],"about":[{"href":"https:\/\/safetypartners.fi\/kauppa\/wp-json\/wp\/v2\/types\/product"}],"replies":[{"embeddable":true,"href":"https:\/\/safetypartners.fi\/kauppa\/wp-json\/wp\/v2\/comments?post=279"}],"version-history":[{"count":3,"href":"https:\/\/safetypartners.fi\/kauppa\/wp-json\/wp\/v2\/product\/279\/revisions"}],"predecessor-version":[{"id":3323,"href":"https:\/\/safetypartners.fi\/kauppa\/wp-json\/wp\/v2\/product\/279\/revisions\/3323"}],"wp:featuredmedia":[{"embeddable":true,"href":"https:\/\/safetypartners.fi\/kauppa\/wp-json\/wp\/v2\/media\/280"}],"wp:attachment":[{"href":"https:\/\/safetypartners.fi\/kauppa\/wp-json\/wp\/v2\/media?parent=279"}],"wp:term":[{"taxonomy":"product_brand","embeddable":true,"href":"https:\/\/safetypartners.fi\/kauppa\/wp-json\/wp\/v2\/product_brand?post=279"},{"taxonomy":"product_cat","embeddable":true,"href":"https:\/\/safetypartners.fi\/kauppa\/wp-json\/wp\/v2\/product_cat?post=279"},{"taxonomy":"product_tag","embeddable":true,"href":"https:\/\/safetypartners.fi\/kauppa\/wp-json\/wp\/v2\/product_tag?post=279"}],"curies":[{"name":"wp","href":"https:\/\/api.w.org\/{rel}","templated":true}]}}