{"id":2804,"date":"2025-07-11T13:41:28","date_gmt":"2025-07-11T10:41:28","guid":{"rendered":"https:\/\/safetypartners.fi\/kauppa\/?post_type=product&#038;p=2804"},"modified":"2026-02-02T10:49:15","modified_gmt":"2026-02-02T08:49:15","slug":"standardi-ensiapulaukku-housegard","status":"publish","type":"product","link":"https:\/\/safetypartners.fi\/kauppa\/tuote\/standardi-ensiapulaukku-housegard","title":{"rendered":"Standardi ensiapulaukku, Housegard"},"content":{"rendered":"<h5>Monipuolinen valikoima siteit\u00e4, haavanpuhdistusv\u00e4lineit\u00e4 ja muita tarvikkeita kevyess\u00e4, 53-osaisessa EA-pakkauksessa.<\/h5>\n<h5><\/h5>\n<h5>Sis\u00e4lt\u00f6<\/h5>\n<p><strong><br \/>\nPieniin haavoihin:<\/strong><\/p>\n<ul>\n<li>1 rulla teippi\u00e4 (1,25 cm x 5 m)<\/li>\n<li>30 kpl vett\u00e4hylkiv\u00e4\u00e4 laastaria (72 x 19 mm)<\/li>\n<li>4 ihon puhdistuspyyhett\u00e4<\/li>\n<li>4 NaCl 0,9% puhdistuspyyhett\u00e4<\/li>\n<\/ul>\n<p><strong>Keskikokoisiin haavoihin:<\/strong><\/p>\n<ul>\n<li>8 itsekiinnittyv\u00e4\u00e4 sidett\u00e4 (10 x 6 cm)<\/li>\n<li>1 palovammageeli (3,5 g)<\/li>\n<li>1 steriili haavakompressi (10 x 16 cm)<\/li>\n<li>2 rullaa sideharsoa (8 cm x 3 m)<\/li>\n<\/ul>\n<p><strong>Tarvikkeet:\u00a0<\/strong><\/p>\n<ul>\n<li>lateksiton hanskapari<\/li>\n<li>sakset (12,7 cm)<\/li>\n<\/ul>\n<p>Laukku t\u00e4ytt\u00e4\u00e4 Ruotsin turvallisuusvirasto MSB:n suositukset kriisivalmiuden ja turvallisuuden osalta.<\/p>\n<p>&nbsp;<\/p>\n<p><a href=\"https:\/\/safetypartners.fi\/turvallisuusblogi\/\" target=\"_blank\" rel=\"noopener\"><em>Huomioi turvallisuus \u2013 Lue artikkeleja kodin, vapaa-ajan ja ty\u00f6paikan turvallisuuteen liittyen.<\/em><\/a><\/p>\n","protected":false},"excerpt":{"rendered":"<p><strong>Housegardin Standard-ensiapulaukku<\/strong> soveltuu sek\u00e4 pienten ett\u00e4 keskikokoisten vammojen hoitamiseen. Huolella suunniteltu EA-pakkaus sis\u00e4lt\u00e4\u00e4 53-osaisen, monipuolisen valikoiman siteit\u00e4, haavanpuhdistusv\u00e4lineit\u00e4 ja muita tarvikkeita, jotka voivat olla ratkaisevia onnettomuustilanteessa.<\/p>\n<p>Laukku on mahtuu pieneen tilaan, mutta sis\u00e4lt\u00e4\u00e4 kaiken tarvittavan ripe\u00e4\u00e4n haavojen, palovammojen ja verenvuotojen hoitoon. Kest\u00e4v\u00e4 rakenne ja selke\u00e4sti taskuihin jaotellut tarvikkeet helpottavat oikeiden v\u00e4lineiden l\u00f6ytymist\u00e4 h\u00e4t\u00e4tilanteessa.<\/p>\n","protected":false},"featured_media":2805,"comment_status":"open","ping_status":"closed","template":"","meta":{"_uag_custom_page_level_css":"","site-sidebar-layout":"default","site-content-layout":"default","ast-site-content-layout":"default","site-content-style":"default","site-sidebar-style":"default","ast-global-header-display":"","ast-banner-title-visibility":"","ast-main-header-display":"","ast-hfb-above-header-display":"","ast-hfb-below-header-display":"","ast-hfb-mobile-header-display":"","site-post-title":"","ast-breadcrumbs-content":"","ast-featured-img":"","footer-sml-layout":"","ast-disable-related-posts":"","theme-transparent-header-meta":"default","adv-header-id-meta":"","stick-header-meta":"default","header-above-stick-meta":"","header-main-stick-meta":"","header-below-stick-meta":"","astra-migrate-meta-layouts":"set","ast-page-background-enabled":"default","ast-page-background-meta":{"desktop":{"background-color":"","background-image":"","background-repeat":"repeat","background-position":"center center","background-size":"auto","background-attachment":"scroll","background-type":"","background-media":"","overlay-type":"","overlay-color":"","overlay-opacity":"","overlay-gradient":""},"tablet":{"background-color":"","background-image":"","background-repeat":"repeat","background-position":"center center","background-size":"auto","background-attachment":"scroll","background-type":"","background-media":"","overlay-type":"","overlay-color":"","overlay-opacity":"","overlay-gradient":""},"mobile":{"background-color":"","background-image":"","background-repeat":"repeat","background-position":"center center","background-size":"auto","background-attachment":"scroll","background-type":"","background-media":"","overlay-type":"","overlay-color":"","overlay-opacity":"","overlay-gradient":""}},"ast-content-background-meta":{"desktop":{"background-color":"var(--ast-global-color-5)","background-image":"","background-repeat":"repeat","background-position":"center center","background-size":"auto","background-attachment":"scroll","background-type":"","background-media":"","overlay-type":"","overlay-color":"","overlay-opacity":"","overlay-gradient":""},"tablet":{"background-color":"var(--ast-global-color-5)","background-image":"","background-repeat":"repeat","background-position":"center center","background-size":"auto","background-attachment":"scroll","background-type":"","background-media":"","overlay-type":"","overlay-color":"","overlay-opacity":"","overlay-gradient":""},"mobile":{"background-color":"var(--ast-global-color-5)","background-image":"","background-repeat":"repeat","background-position":"center center","background-size":"auto","background-attachment":"scroll","background-type":"","background-media":"","overlay-type":"","overlay-color":"","overlay-opacity":"","overlay-gradient":""}}},"product_brand":[],"product_cat":[42,15,44],"product_tag":[1180,120,570,574,90,987,113,166,96,1183,1182,1243,1184],"class_list":{"0":"post-2804","1":"product","2":"type-product","3":"status-publish","4":"has-post-thumbnail","6":"product_cat-ensiapu","7":"product_cat-yleinen","8":"product_cat-tyoturvallisuus","9":"product_tag-ea-pakkaus","10":"product_tag-ensiapu","11":"product_tag-ensiapulaukku","12":"product_tag-ensiapuopas","13":"product_tag-ensiapupakkaus","14":"product_tag-haavanhoito","15":"product_tag-housegard","16":"product_tag-laastari","17":"product_tag-laukku","18":"product_tag-palovammat","19":"product_tag-standard","20":"product_tag-varautuminen","21":"product_tag-verenvuoto","22":"product_shipping_class-suomi","23":"desktop-align-center","24":"tablet-align-center","25":"mobile-align-center","26":"ast-product-gallery-layout-horizontal-slider","27":"ast-product-tabs-layout-horizontal","29":"first","30":"instock","31":"taxable","32":"shipping-taxable","33":"purchasable","34":"product-type-simple"},"yoast_head":"<!-- This site is optimized with the Yoast SEO plugin v27.3 - https:\/\/yoast.com\/product\/yoast-seo-wordpress\/ -->\n<title>Standardi ensiapulaukku, Housegard - Safety Partners<\/title>\n<meta name=\"description\" content=\"Standardi ensiapulaukku | Kevyt, pieneen tilaan mahtuva 53-osainen EA-pakkaus haavojen, palovammojen ja verenvuotojen hoitoon.\" \/>\n<meta name=\"robots\" content=\"index, follow, max-snippet:-1, max-image-preview:large, max-video-preview:-1\" \/>\n<link rel=\"canonical\" href=\"https:\/\/safetypartners.fi\/kauppa\/tuote\/standardi-ensiapulaukku-housegard\" \/>\n<meta property=\"og:locale\" content=\"fi_FI\" \/>\n<meta property=\"og:type\" content=\"article\" \/>\n<meta property=\"og:title\" content=\"Standardi ensiapulaukku, Housegard - Safety Partners\" \/>\n<meta property=\"og:description\" content=\"Standardi ensiapulaukku | Kevyt, pieneen tilaan mahtuva 53-osainen EA-pakkaus haavojen, palovammojen ja verenvuotojen hoitoon.\" \/>\n<meta property=\"og:url\" content=\"https:\/\/safetypartners.fi\/kauppa\/tuote\/standardi-ensiapulaukku-housegard\" \/>\n<meta property=\"og:site_name\" content=\"Safety Partners\" \/>\n<meta property=\"article:modified_time\" content=\"2026-02-02T08:49:15+00:00\" \/>\n<meta property=\"og:image\" content=\"https:\/\/safetypartners.fi\/kauppa\/wp-content\/uploads\/2025\/07\/Standardi-ensiapulaukku-Housegard.png\" \/>\n\t<meta property=\"og:image:width\" content=\"1163\" \/>\n\t<meta property=\"og:image:height\" content=\"1163\" \/>\n\t<meta property=\"og:image:type\" content=\"image\/png\" \/>\n<meta name=\"twitter:card\" content=\"summary_large_image\" \/>\n<meta name=\"twitter:label1\" content=\"Arvioitu lukuaika\" \/>\n\t<meta name=\"twitter:data1\" content=\"1 minuutti\" \/>\n<script type=\"application\/ld+json\" class=\"yoast-schema-graph\">{\"@context\":\"https:\\\/\\\/schema.org\",\"@graph\":[{\"@type\":\"WebPage\",\"@id\":\"https:\\\/\\\/safetypartners.fi\\\/kauppa\\\/tuote\\\/standardi-ensiapulaukku-housegard\",\"url\":\"https:\\\/\\\/safetypartners.fi\\\/kauppa\\\/tuote\\\/standardi-ensiapulaukku-housegard\",\"name\":\"Standardi ensiapulaukku, Housegard - Safety Partners\",\"isPartOf\":{\"@id\":\"https:\\\/\\\/safetypartners.fi\\\/kauppa\\\/#website\"},\"primaryImageOfPage\":{\"@id\":\"https:\\\/\\\/safetypartners.fi\\\/kauppa\\\/tuote\\\/standardi-ensiapulaukku-housegard#primaryimage\"},\"image\":{\"@id\":\"https:\\\/\\\/safetypartners.fi\\\/kauppa\\\/tuote\\\/standardi-ensiapulaukku-housegard#primaryimage\"},\"thumbnailUrl\":\"https:\\\/\\\/safetypartners.fi\\\/kauppa\\\/wp-content\\\/uploads\\\/2025\\\/07\\\/Standardi-ensiapulaukku-Housegard.png\",\"datePublished\":\"2025-07-11T10:41:28+00:00\",\"dateModified\":\"2026-02-02T08:49:15+00:00\",\"description\":\"Standardi ensiapulaukku | Kevyt, pieneen tilaan mahtuva 53-osainen EA-pakkaus haavojen, palovammojen ja verenvuotojen hoitoon.\",\"breadcrumb\":{\"@id\":\"https:\\\/\\\/safetypartners.fi\\\/kauppa\\\/tuote\\\/standardi-ensiapulaukku-housegard#breadcrumb\"},\"inLanguage\":\"fi\",\"potentialAction\":[{\"@type\":\"ReadAction\",\"target\":[\"https:\\\/\\\/safetypartners.fi\\\/kauppa\\\/tuote\\\/standardi-ensiapulaukku-housegard\"]}]},{\"@type\":\"ImageObject\",\"inLanguage\":\"fi\",\"@id\":\"https:\\\/\\\/safetypartners.fi\\\/kauppa\\\/tuote\\\/standardi-ensiapulaukku-housegard#primaryimage\",\"url\":\"https:\\\/\\\/safetypartners.fi\\\/kauppa\\\/wp-content\\\/uploads\\\/2025\\\/07\\\/Standardi-ensiapulaukku-Housegard.png\",\"contentUrl\":\"https:\\\/\\\/safetypartners.fi\\\/kauppa\\\/wp-content\\\/uploads\\\/2025\\\/07\\\/Standardi-ensiapulaukku-Housegard.png\",\"width\":1163,\"height\":1163,\"caption\":\"standardi ensiapulaukku - K\u00e4tev\u00e4 ensiapupakkaus\"},{\"@type\":\"BreadcrumbList\",\"@id\":\"https:\\\/\\\/safetypartners.fi\\\/kauppa\\\/tuote\\\/standardi-ensiapulaukku-housegard#breadcrumb\",\"itemListElement\":[{\"@type\":\"ListItem\",\"position\":1,\"name\":\"Home\",\"item\":\"https:\\\/\\\/safetypartners.fi\\\/kauppa\\\/\"},{\"@type\":\"ListItem\",\"position\":2,\"name\":\"Kauppa\",\"item\":\"https:\\\/\\\/safetypartners.fi\\\/kauppa\\\/kauppa\"},{\"@type\":\"ListItem\",\"position\":3,\"name\":\"Standardi ensiapulaukku, Housegard\"}]},{\"@type\":\"WebSite\",\"@id\":\"https:\\\/\\\/safetypartners.fi\\\/kauppa\\\/#website\",\"url\":\"https:\\\/\\\/safetypartners.fi\\\/kauppa\\\/\",\"name\":\"Safety Partners\",\"description\":\"Safety Partners turvakauppa palvelee verkossa 24\\\/7!\",\"publisher\":{\"@id\":\"https:\\\/\\\/safetypartners.fi\\\/kauppa\\\/#organization\"},\"potentialAction\":[{\"@type\":\"SearchAction\",\"target\":{\"@type\":\"EntryPoint\",\"urlTemplate\":\"https:\\\/\\\/safetypartners.fi\\\/kauppa\\\/?s={search_term_string}\"},\"query-input\":{\"@type\":\"PropertyValueSpecification\",\"valueRequired\":true,\"valueName\":\"search_term_string\"}}],\"inLanguage\":\"fi\"},{\"@type\":\"Organization\",\"@id\":\"https:\\\/\\\/safetypartners.fi\\\/kauppa\\\/#organization\",\"name\":\"Safety Partners | Suomen Sammutinpalvelu\",\"url\":\"https:\\\/\\\/safetypartners.fi\\\/kauppa\\\/\",\"logo\":{\"@type\":\"ImageObject\",\"inLanguage\":\"fi\",\"@id\":\"https:\\\/\\\/safetypartners.fi\\\/kauppa\\\/#\\\/schema\\\/logo\\\/image\\\/\",\"url\":\"https:\\\/\\\/safetypartners.fi\\\/kauppa\\\/wp-content\\\/uploads\\\/2020\\\/05\\\/cropped-Logoke-1.jpg\",\"contentUrl\":\"https:\\\/\\\/safetypartners.fi\\\/kauppa\\\/wp-content\\\/uploads\\\/2020\\\/05\\\/cropped-Logoke-1.jpg\",\"width\":847,\"height\":717,\"caption\":\"Safety Partners | Suomen Sammutinpalvelu\"},\"image\":{\"@id\":\"https:\\\/\\\/safetypartners.fi\\\/kauppa\\\/#\\\/schema\\\/logo\\\/image\\\/\"}}]}<\/script>\n<!-- \/ Yoast SEO plugin. -->","yoast_head_json":{"title":"Standardi ensiapulaukku, Housegard - Safety Partners","description":"Standardi ensiapulaukku | Kevyt, pieneen tilaan mahtuva 53-osainen EA-pakkaus haavojen, palovammojen ja verenvuotojen hoitoon.","robots":{"index":"index","follow":"follow","max-snippet":"max-snippet:-1","max-image-preview":"max-image-preview:large","max-video-preview":"max-video-preview:-1"},"canonical":"https:\/\/safetypartners.fi\/kauppa\/tuote\/standardi-ensiapulaukku-housegard","og_locale":"fi_FI","og_type":"article","og_title":"Standardi ensiapulaukku, Housegard - Safety Partners","og_description":"Standardi ensiapulaukku | Kevyt, pieneen tilaan mahtuva 53-osainen EA-pakkaus haavojen, palovammojen ja verenvuotojen hoitoon.","og_url":"https:\/\/safetypartners.fi\/kauppa\/tuote\/standardi-ensiapulaukku-housegard","og_site_name":"Safety Partners","article_modified_time":"2026-02-02T08:49:15+00:00","og_image":[{"width":1163,"height":1163,"url":"https:\/\/safetypartners.fi\/kauppa\/wp-content\/uploads\/2025\/07\/Standardi-ensiapulaukku-Housegard.png","type":"image\/png"}],"twitter_card":"summary_large_image","twitter_misc":{"Arvioitu lukuaika":"1 minuutti"},"schema":{"@context":"https:\/\/schema.org","@graph":[{"@type":"WebPage","@id":"https:\/\/safetypartners.fi\/kauppa\/tuote\/standardi-ensiapulaukku-housegard","url":"https:\/\/safetypartners.fi\/kauppa\/tuote\/standardi-ensiapulaukku-housegard","name":"Standardi ensiapulaukku, Housegard - Safety Partners","isPartOf":{"@id":"https:\/\/safetypartners.fi\/kauppa\/#website"},"primaryImageOfPage":{"@id":"https:\/\/safetypartners.fi\/kauppa\/tuote\/standardi-ensiapulaukku-housegard#primaryimage"},"image":{"@id":"https:\/\/safetypartners.fi\/kauppa\/tuote\/standardi-ensiapulaukku-housegard#primaryimage"},"thumbnailUrl":"https:\/\/safetypartners.fi\/kauppa\/wp-content\/uploads\/2025\/07\/Standardi-ensiapulaukku-Housegard.png","datePublished":"2025-07-11T10:41:28+00:00","dateModified":"2026-02-02T08:49:15+00:00","description":"Standardi ensiapulaukku | Kevyt, pieneen tilaan mahtuva 53-osainen EA-pakkaus haavojen, palovammojen ja verenvuotojen hoitoon.","breadcrumb":{"@id":"https:\/\/safetypartners.fi\/kauppa\/tuote\/standardi-ensiapulaukku-housegard#breadcrumb"},"inLanguage":"fi","potentialAction":[{"@type":"ReadAction","target":["https:\/\/safetypartners.fi\/kauppa\/tuote\/standardi-ensiapulaukku-housegard"]}]},{"@type":"ImageObject","inLanguage":"fi","@id":"https:\/\/safetypartners.fi\/kauppa\/tuote\/standardi-ensiapulaukku-housegard#primaryimage","url":"https:\/\/safetypartners.fi\/kauppa\/wp-content\/uploads\/2025\/07\/Standardi-ensiapulaukku-Housegard.png","contentUrl":"https:\/\/safetypartners.fi\/kauppa\/wp-content\/uploads\/2025\/07\/Standardi-ensiapulaukku-Housegard.png","width":1163,"height":1163,"caption":"standardi ensiapulaukku - K\u00e4tev\u00e4 ensiapupakkaus"},{"@type":"BreadcrumbList","@id":"https:\/\/safetypartners.fi\/kauppa\/tuote\/standardi-ensiapulaukku-housegard#breadcrumb","itemListElement":[{"@type":"ListItem","position":1,"name":"Home","item":"https:\/\/safetypartners.fi\/kauppa\/"},{"@type":"ListItem","position":2,"name":"Kauppa","item":"https:\/\/safetypartners.fi\/kauppa\/kauppa"},{"@type":"ListItem","position":3,"name":"Standardi ensiapulaukku, Housegard"}]},{"@type":"WebSite","@id":"https:\/\/safetypartners.fi\/kauppa\/#website","url":"https:\/\/safetypartners.fi\/kauppa\/","name":"Safety Partners","description":"Safety Partners turvakauppa palvelee verkossa 24\/7!","publisher":{"@id":"https:\/\/safetypartners.fi\/kauppa\/#organization"},"potentialAction":[{"@type":"SearchAction","target":{"@type":"EntryPoint","urlTemplate":"https:\/\/safetypartners.fi\/kauppa\/?s={search_term_string}"},"query-input":{"@type":"PropertyValueSpecification","valueRequired":true,"valueName":"search_term_string"}}],"inLanguage":"fi"},{"@type":"Organization","@id":"https:\/\/safetypartners.fi\/kauppa\/#organization","name":"Safety Partners | Suomen Sammutinpalvelu","url":"https:\/\/safetypartners.fi\/kauppa\/","logo":{"@type":"ImageObject","inLanguage":"fi","@id":"https:\/\/safetypartners.fi\/kauppa\/#\/schema\/logo\/image\/","url":"https:\/\/safetypartners.fi\/kauppa\/wp-content\/uploads\/2020\/05\/cropped-Logoke-1.jpg","contentUrl":"https:\/\/safetypartners.fi\/kauppa\/wp-content\/uploads\/2020\/05\/cropped-Logoke-1.jpg","width":847,"height":717,"caption":"Safety Partners | Suomen Sammutinpalvelu"},"image":{"@id":"https:\/\/safetypartners.fi\/kauppa\/#\/schema\/logo\/image\/"}}]}},"uagb_featured_image_src":{"full":["https:\/\/safetypartners.fi\/kauppa\/wp-content\/uploads\/2025\/07\/Standardi-ensiapulaukku-Housegard.png",1163,1163,false],"thumbnail":["https:\/\/safetypartners.fi\/kauppa\/wp-content\/uploads\/2025\/07\/Standardi-ensiapulaukku-Housegard-150x150.png",150,150,true],"medium":["https:\/\/safetypartners.fi\/kauppa\/wp-content\/uploads\/2025\/07\/Standardi-ensiapulaukku-Housegard-300x300.png",300,300,true],"medium_large":["https:\/\/safetypartners.fi\/kauppa\/wp-content\/uploads\/2025\/07\/Standardi-ensiapulaukku-Housegard-768x768.png",768,768,true],"large":["https:\/\/safetypartners.fi\/kauppa\/wp-content\/uploads\/2025\/07\/Standardi-ensiapulaukku-Housegard-1024x1024.png",1024,1024,true],"1536x1536":["https:\/\/safetypartners.fi\/kauppa\/wp-content\/uploads\/2025\/07\/Standardi-ensiapulaukku-Housegard.png",1163,1163,false],"2048x2048":["https:\/\/safetypartners.fi\/kauppa\/wp-content\/uploads\/2025\/07\/Standardi-ensiapulaukku-Housegard.png",1163,1163,false],"woocommerce_thumbnail":["https:\/\/safetypartners.fi\/kauppa\/wp-content\/uploads\/2025\/07\/Standardi-ensiapulaukku-Housegard-300x300.png",300,300,true],"woocommerce_single":["https:\/\/safetypartners.fi\/kauppa\/wp-content\/uploads\/2025\/07\/Standardi-ensiapulaukku-Housegard-600x600.png",600,600,true],"woocommerce_gallery_thumbnail":["https:\/\/safetypartners.fi\/kauppa\/wp-content\/uploads\/2025\/07\/Standardi-ensiapulaukku-Housegard-100x100.png",100,100,true]},"uagb_author_info":{"display_name":"Anu Lehto","author_link":"https:\/\/safetypartners.fi\/kauppa\/author"},"uagb_comment_info":1,"uagb_excerpt":"Housegardin Standard-ensiapulaukku soveltuu sek\u00e4 pienten ett\u00e4 keskikokoisten vammojen hoitamiseen. Huolella suunniteltu EA-pakkaus sis\u00e4lt\u00e4\u00e4 53-osaisen, monipuolisen valikoiman siteit\u00e4, haavanpuhdistusv\u00e4lineit\u00e4 ja muita tarvikkeita, jotka voivat olla ratkaisevia onnettomuustilanteessa. Laukku on mahtuu pieneen tilaan, mutta sis\u00e4lt\u00e4\u00e4 kaiken tarvittavan ripe\u00e4\u00e4n haavojen, palovammojen ja verenvuotojen hoitoon. Kest\u00e4v\u00e4 rakenne ja selke\u00e4sti taskuihin jaotellut tarvikkeet helpottavat oikeiden v\u00e4lineiden l\u00f6ytymist\u00e4 h\u00e4t\u00e4tilanteessa.","_links":{"self":[{"href":"https:\/\/safetypartners.fi\/kauppa\/wp-json\/wp\/v2\/product\/2804","targetHints":{"allow":["GET"]}}],"collection":[{"href":"https:\/\/safetypartners.fi\/kauppa\/wp-json\/wp\/v2\/product"}],"about":[{"href":"https:\/\/safetypartners.fi\/kauppa\/wp-json\/wp\/v2\/types\/product"}],"replies":[{"embeddable":true,"href":"https:\/\/safetypartners.fi\/kauppa\/wp-json\/wp\/v2\/comments?post=2804"}],"version-history":[{"count":5,"href":"https:\/\/safetypartners.fi\/kauppa\/wp-json\/wp\/v2\/product\/2804\/revisions"}],"predecessor-version":[{"id":3134,"href":"https:\/\/safetypartners.fi\/kauppa\/wp-json\/wp\/v2\/product\/2804\/revisions\/3134"}],"wp:featuredmedia":[{"embeddable":true,"href":"https:\/\/safetypartners.fi\/kauppa\/wp-json\/wp\/v2\/media\/2805"}],"wp:attachment":[{"href":"https:\/\/safetypartners.fi\/kauppa\/wp-json\/wp\/v2\/media?parent=2804"}],"wp:term":[{"taxonomy":"product_brand","embeddable":true,"href":"https:\/\/safetypartners.fi\/kauppa\/wp-json\/wp\/v2\/product_brand?post=2804"},{"taxonomy":"product_cat","embeddable":true,"href":"https:\/\/safetypartners.fi\/kauppa\/wp-json\/wp\/v2\/product_cat?post=2804"},{"taxonomy":"product_tag","embeddable":true,"href":"https:\/\/safetypartners.fi\/kauppa\/wp-json\/wp\/v2\/product_tag?post=2804"}],"curies":[{"name":"wp","href":"https:\/\/api.w.org\/{rel}","templated":true}]}}