{"id":2831,"date":"2025-07-15T16:31:06","date_gmt":"2025-07-15T13:31:06","guid":{"rendered":"https:\/\/safetypartners.fi\/kauppa\/?post_type=product&#038;p=2831"},"modified":"2026-02-02T10:44:50","modified_gmt":"2026-02-02T08:44:50","slug":"premium-ensiapulaukku-housegard","status":"publish","type":"product","link":"https:\/\/safetypartners.fi\/kauppa\/tuote\/premium-ensiapulaukku-housegard","title":{"rendered":"Premium ensiapulaukku, Housegard"},"content":{"rendered":"<h5>Kattava EA-pakkaus pienille ja suurille vammoille. 152-osainen setti.<\/h5>\n<h5><\/h5>\n<h5>Sis\u00e4lt\u00f6<\/h5>\n<p><strong><br \/>\nPieniin haavoihin:<\/strong><\/p>\n<ul>\n<li>rulla teippi\u00e4 (1,25 cm x 5 m)<\/li>\n<li>6 kpl ihon puhdistuspyyhkeit\u00e4<\/li>\n<li>6 kpl NaCl 0,9% suolaliuosta kertak\u00e4ytt\u00f6pipetiss\u00e4<\/li>\n<li>40 kpl vett\u00e4hylkivi\u00e4 laastareita (72 x 19 mm)<\/li>\n<li>10 kpl sormilaastari<\/li>\n<li>20 kpl laastari (72 x 25 mm)<\/li>\n<li>10 kpl PU-laastari (72 x 19 mm)<\/li>\n<li>20 kpl lastenlaastari<\/li>\n<\/ul>\n<p><strong>Keskikokoisiin haavoihin:<\/strong><\/p>\n<ul>\n<li>5 kpl rakkolaastareita (62 x 42 mm)<\/li>\n<li>kolmioliina (136 x 96 x 96 cm)<\/li>\n<li>keskikokoinen kylm\u00e4pakkaus (100 g)<\/li>\n<li>6 kpl painesiteit\u00e4 (5 x 5 cm)<\/li>\n<li>2 kpl palovammageelej\u00e4 (3,5 g)<\/li>\n<li>3 kpl sideharsorullia (8 cm x 3 m)<\/li>\n<li>8 kpl itsekiinnittyvi\u00e4 siteit\u00e4 (10 x 6 cm)<\/li>\n<li>2 kpl steriili haavasidos (10 x 16 cm)<\/li>\n<\/ul>\n<p><strong>Suurempiin haavoihin:\u00a0<\/strong><\/p>\n<ul>\n<li>hengityssuoja suusta suuhun -elvytykseen<\/li>\n<li>ensiapuavaruuspeitto<\/li>\n<li>2 kpl silm\u00e4tippoja (NaCl 0,9% 15 ml)<\/li>\n<\/ul>\n<p><strong>Tarvikkeet:\u00a0<\/strong><\/p>\n<ul>\n<li>2 kpl turvaneuloja<\/li>\n<li>sakset (12,7 cm)<\/li>\n<li>metallipinsetit (8,8 cm)<\/li>\n<li>pari lateksittomia hanskoja<\/li>\n<li>punkkipihdit<\/li>\n<\/ul>\n<p>Laukku t\u00e4ytt\u00e4\u00e4 Ruotsin turvallisuusvirasto MSB:n suositukset kriisivalmiuden ja turvallisuuden osalta.<\/p>\n<p>&nbsp;<\/p>\n<p><a href=\"https:\/\/safetypartners.fi\/turvallisuusblogi\/\" target=\"_blank\" rel=\"noopener\"><em>Huomioi turvallisuus \u2013 Lue artikkeleja kodin, vapaa-ajan ja ty\u00f6paikan turvallisuuteen liittyen.<\/em><\/a><\/p>\n","protected":false},"excerpt":{"rendered":"<p><strong>Housegard Premium ensiapulaukku<\/strong> on kattava EA-pakkaus pienille ja suurille vammoille. 152-osainen sis\u00e4lt\u00f6 tarjoaa ensiapuv\u00e4lineet pienist\u00e4 haavoista suuriin, palovammoihin, silm\u00e4n \u00e4rsytykseen ja moneen muuhun akuuttiin tilanteeseen. Tehokas ensiapu helpottuu selke\u00e4sti v\u00e4rikoodattujen ja jaoteltujen tarvikkeiden johdosta. T\u00e4m\u00e4 laukku on\u00a0niille, jotka haluavat olla eritt\u00e4in hyvin valmistautuneita.<\/p>\n<p>Kentt\u00e4ty\u00f6h\u00f6n, matkalle, kotiin ja m\u00f6kille sopiva ensiapulaukku sis\u00e4lt\u00e4\u00e4 monipuolisesti sidetarvikkeita, silm\u00e4nhuoltov\u00e4lineit\u00e4 sek\u00e4 elint\u00e4rkeit\u00e4 ensiapuv\u00e4lineit\u00e4, kuten hengityssuojan ja ensiapuavaruuspeiton. Laukku on helppo kantaa mukana.<\/p>\n","protected":false},"featured_media":2840,"comment_status":"open","ping_status":"closed","template":"","meta":{"_uag_custom_page_level_css":"","site-sidebar-layout":"default","site-content-layout":"default","ast-site-content-layout":"default","site-content-style":"default","site-sidebar-style":"default","ast-global-header-display":"","ast-banner-title-visibility":"","ast-main-header-display":"","ast-hfb-above-header-display":"","ast-hfb-below-header-display":"","ast-hfb-mobile-header-display":"","site-post-title":"","ast-breadcrumbs-content":"","ast-featured-img":"","footer-sml-layout":"","ast-disable-related-posts":"","theme-transparent-header-meta":"default","adv-header-id-meta":"","stick-header-meta":"default","header-above-stick-meta":"","header-main-stick-meta":"","header-below-stick-meta":"","astra-migrate-meta-layouts":"set","ast-page-background-enabled":"default","ast-page-background-meta":{"desktop":{"background-color":"","background-image":"","background-repeat":"repeat","background-position":"center center","background-size":"auto","background-attachment":"scroll","background-type":"","background-media":"","overlay-type":"","overlay-color":"","overlay-opacity":"","overlay-gradient":""},"tablet":{"background-color":"","background-image":"","background-repeat":"repeat","background-position":"center center","background-size":"auto","background-attachment":"scroll","background-type":"","background-media":"","overlay-type":"","overlay-color":"","overlay-opacity":"","overlay-gradient":""},"mobile":{"background-color":"","background-image":"","background-repeat":"repeat","background-position":"center center","background-size":"auto","background-attachment":"scroll","background-type":"","background-media":"","overlay-type":"","overlay-color":"","overlay-opacity":"","overlay-gradient":""}},"ast-content-background-meta":{"desktop":{"background-color":"var(--ast-global-color-5)","background-image":"","background-repeat":"repeat","background-position":"center center","background-size":"auto","background-attachment":"scroll","background-type":"","background-media":"","overlay-type":"","overlay-color":"","overlay-opacity":"","overlay-gradient":""},"tablet":{"background-color":"var(--ast-global-color-5)","background-image":"","background-repeat":"repeat","background-position":"center center","background-size":"auto","background-attachment":"scroll","background-type":"","background-media":"","overlay-type":"","overlay-color":"","overlay-opacity":"","overlay-gradient":""},"mobile":{"background-color":"var(--ast-global-color-5)","background-image":"","background-repeat":"repeat","background-position":"center center","background-size":"auto","background-attachment":"scroll","background-type":"","background-media":"","overlay-type":"","overlay-color":"","overlay-opacity":"","overlay-gradient":""}}},"product_brand":[],"product_cat":[42,15,41,44],"product_tag":[1187,1188,120,570,574,90,1185,987,1186,113,166,1183,152,1189,1243,1192,1184],"class_list":{"0":"post-2831","1":"product","2":"type-product","3":"status-publish","4":"has-post-thumbnail","6":"product_cat-ensiapu","7":"product_cat-yleinen","8":"product_cat-koti-vapaa-aika","9":"product_cat-tyoturvallisuus","10":"product_tag-avaruuslakana","11":"product_tag-ea-laukku","12":"product_tag-ensiapu","13":"product_tag-ensiapulaukku","14":"product_tag-ensiapuopas","15":"product_tag-ensiapupakkaus","16":"product_tag-ensihoito","17":"product_tag-haavanhoito","18":"product_tag-hengityssuoja","19":"product_tag-housegard","20":"product_tag-laastari","21":"product_tag-palovammat","22":"product_tag-side","23":"product_tag-silmanhuolto","24":"product_tag-varautuminen","25":"product_tag-varikoodattu","26":"product_tag-verenvuoto","27":"product_shipping_class-suomi","28":"desktop-align-center","29":"tablet-align-center","30":"mobile-align-center","31":"ast-product-gallery-layout-horizontal-slider","32":"ast-product-tabs-layout-horizontal","34":"first","35":"instock","36":"taxable","37":"shipping-taxable","38":"purchasable","39":"product-type-simple"},"yoast_head":"<!-- This site is optimized with the Yoast SEO plugin v27.3 - https:\/\/yoast.com\/product\/yoast-seo-wordpress\/ -->\n<title>Premium ensiapulaukku, Housegard - Safety Partners<\/title>\n<meta name=\"description\" content=\"Premium ensiapulaukku | 152-osainen EA-laukku kentt\u00e4ty\u00f6h\u00f6n, kotiin ja reissuun - niille, jotka haluavat olla eritt\u00e4in valmiita kaikkiin tilanteisiin.\" \/>\n<meta name=\"robots\" content=\"index, follow, max-snippet:-1, max-image-preview:large, max-video-preview:-1\" \/>\n<link rel=\"canonical\" href=\"https:\/\/safetypartners.fi\/kauppa\/tuote\/premium-ensiapulaukku-housegard\" \/>\n<meta property=\"og:locale\" content=\"fi_FI\" \/>\n<meta property=\"og:type\" content=\"article\" \/>\n<meta property=\"og:title\" content=\"Premium ensiapulaukku, Housegard - Safety Partners\" \/>\n<meta property=\"og:description\" content=\"Premium ensiapulaukku | 152-osainen EA-laukku kentt\u00e4ty\u00f6h\u00f6n, kotiin ja reissuun - niille, jotka haluavat olla eritt\u00e4in valmiita kaikkiin tilanteisiin.\" \/>\n<meta property=\"og:url\" content=\"https:\/\/safetypartners.fi\/kauppa\/tuote\/premium-ensiapulaukku-housegard\" \/>\n<meta property=\"og:site_name\" content=\"Safety Partners\" \/>\n<meta property=\"article:modified_time\" content=\"2026-02-02T08:44:50+00:00\" \/>\n<meta property=\"og:image\" content=\"https:\/\/safetypartners.fi\/kauppa\/wp-content\/uploads\/2025\/07\/Premium-ensiapulaukku-Housegard.png\" \/>\n\t<meta property=\"og:image:width\" content=\"1385\" \/>\n\t<meta property=\"og:image:height\" content=\"1385\" \/>\n\t<meta property=\"og:image:type\" content=\"image\/png\" \/>\n<meta name=\"twitter:card\" content=\"summary_large_image\" \/>\n<meta name=\"twitter:label1\" content=\"Arvioitu lukuaika\" \/>\n\t<meta name=\"twitter:data1\" content=\"2 minuuttia\" \/>\n<script type=\"application\/ld+json\" class=\"yoast-schema-graph\">{\"@context\":\"https:\\\/\\\/schema.org\",\"@graph\":[{\"@type\":\"WebPage\",\"@id\":\"https:\\\/\\\/safetypartners.fi\\\/kauppa\\\/tuote\\\/premium-ensiapulaukku-housegard\",\"url\":\"https:\\\/\\\/safetypartners.fi\\\/kauppa\\\/tuote\\\/premium-ensiapulaukku-housegard\",\"name\":\"Premium ensiapulaukku, Housegard - Safety Partners\",\"isPartOf\":{\"@id\":\"https:\\\/\\\/safetypartners.fi\\\/kauppa\\\/#website\"},\"primaryImageOfPage\":{\"@id\":\"https:\\\/\\\/safetypartners.fi\\\/kauppa\\\/tuote\\\/premium-ensiapulaukku-housegard#primaryimage\"},\"image\":{\"@id\":\"https:\\\/\\\/safetypartners.fi\\\/kauppa\\\/tuote\\\/premium-ensiapulaukku-housegard#primaryimage\"},\"thumbnailUrl\":\"https:\\\/\\\/safetypartners.fi\\\/kauppa\\\/wp-content\\\/uploads\\\/2025\\\/07\\\/Premium-ensiapulaukku-Housegard.png\",\"datePublished\":\"2025-07-15T13:31:06+00:00\",\"dateModified\":\"2026-02-02T08:44:50+00:00\",\"description\":\"Premium ensiapulaukku | 152-osainen EA-laukku kentt\u00e4ty\u00f6h\u00f6n, kotiin ja reissuun - niille, jotka haluavat olla eritt\u00e4in valmiita kaikkiin tilanteisiin.\",\"breadcrumb\":{\"@id\":\"https:\\\/\\\/safetypartners.fi\\\/kauppa\\\/tuote\\\/premium-ensiapulaukku-housegard#breadcrumb\"},\"inLanguage\":\"fi\",\"potentialAction\":[{\"@type\":\"ReadAction\",\"target\":[\"https:\\\/\\\/safetypartners.fi\\\/kauppa\\\/tuote\\\/premium-ensiapulaukku-housegard\"]}]},{\"@type\":\"ImageObject\",\"inLanguage\":\"fi\",\"@id\":\"https:\\\/\\\/safetypartners.fi\\\/kauppa\\\/tuote\\\/premium-ensiapulaukku-housegard#primaryimage\",\"url\":\"https:\\\/\\\/safetypartners.fi\\\/kauppa\\\/wp-content\\\/uploads\\\/2025\\\/07\\\/Premium-ensiapulaukku-Housegard.png\",\"contentUrl\":\"https:\\\/\\\/safetypartners.fi\\\/kauppa\\\/wp-content\\\/uploads\\\/2025\\\/07\\\/Premium-ensiapulaukku-Housegard.png\",\"width\":1385,\"height\":1385,\"caption\":\"152-osainen EA-laukku\"},{\"@type\":\"BreadcrumbList\",\"@id\":\"https:\\\/\\\/safetypartners.fi\\\/kauppa\\\/tuote\\\/premium-ensiapulaukku-housegard#breadcrumb\",\"itemListElement\":[{\"@type\":\"ListItem\",\"position\":1,\"name\":\"Home\",\"item\":\"https:\\\/\\\/safetypartners.fi\\\/kauppa\\\/\"},{\"@type\":\"ListItem\",\"position\":2,\"name\":\"Kauppa\",\"item\":\"https:\\\/\\\/safetypartners.fi\\\/kauppa\\\/kauppa\"},{\"@type\":\"ListItem\",\"position\":3,\"name\":\"Premium ensiapulaukku, Housegard\"}]},{\"@type\":\"WebSite\",\"@id\":\"https:\\\/\\\/safetypartners.fi\\\/kauppa\\\/#website\",\"url\":\"https:\\\/\\\/safetypartners.fi\\\/kauppa\\\/\",\"name\":\"Safety Partners\",\"description\":\"Safety Partners turvakauppa palvelee verkossa 24\\\/7!\",\"publisher\":{\"@id\":\"https:\\\/\\\/safetypartners.fi\\\/kauppa\\\/#organization\"},\"potentialAction\":[{\"@type\":\"SearchAction\",\"target\":{\"@type\":\"EntryPoint\",\"urlTemplate\":\"https:\\\/\\\/safetypartners.fi\\\/kauppa\\\/?s={search_term_string}\"},\"query-input\":{\"@type\":\"PropertyValueSpecification\",\"valueRequired\":true,\"valueName\":\"search_term_string\"}}],\"inLanguage\":\"fi\"},{\"@type\":\"Organization\",\"@id\":\"https:\\\/\\\/safetypartners.fi\\\/kauppa\\\/#organization\",\"name\":\"Safety Partners | Suomen Sammutinpalvelu\",\"url\":\"https:\\\/\\\/safetypartners.fi\\\/kauppa\\\/\",\"logo\":{\"@type\":\"ImageObject\",\"inLanguage\":\"fi\",\"@id\":\"https:\\\/\\\/safetypartners.fi\\\/kauppa\\\/#\\\/schema\\\/logo\\\/image\\\/\",\"url\":\"https:\\\/\\\/safetypartners.fi\\\/kauppa\\\/wp-content\\\/uploads\\\/2020\\\/05\\\/cropped-Logoke-1.jpg\",\"contentUrl\":\"https:\\\/\\\/safetypartners.fi\\\/kauppa\\\/wp-content\\\/uploads\\\/2020\\\/05\\\/cropped-Logoke-1.jpg\",\"width\":847,\"height\":717,\"caption\":\"Safety Partners | Suomen Sammutinpalvelu\"},\"image\":{\"@id\":\"https:\\\/\\\/safetypartners.fi\\\/kauppa\\\/#\\\/schema\\\/logo\\\/image\\\/\"}}]}<\/script>\n<!-- \/ Yoast SEO plugin. -->","yoast_head_json":{"title":"Premium ensiapulaukku, Housegard - Safety Partners","description":"Premium ensiapulaukku | 152-osainen EA-laukku kentt\u00e4ty\u00f6h\u00f6n, kotiin ja reissuun - niille, jotka haluavat olla eritt\u00e4in valmiita kaikkiin tilanteisiin.","robots":{"index":"index","follow":"follow","max-snippet":"max-snippet:-1","max-image-preview":"max-image-preview:large","max-video-preview":"max-video-preview:-1"},"canonical":"https:\/\/safetypartners.fi\/kauppa\/tuote\/premium-ensiapulaukku-housegard","og_locale":"fi_FI","og_type":"article","og_title":"Premium ensiapulaukku, Housegard - Safety Partners","og_description":"Premium ensiapulaukku | 152-osainen EA-laukku kentt\u00e4ty\u00f6h\u00f6n, kotiin ja reissuun - niille, jotka haluavat olla eritt\u00e4in valmiita kaikkiin tilanteisiin.","og_url":"https:\/\/safetypartners.fi\/kauppa\/tuote\/premium-ensiapulaukku-housegard","og_site_name":"Safety Partners","article_modified_time":"2026-02-02T08:44:50+00:00","og_image":[{"width":1385,"height":1385,"url":"https:\/\/safetypartners.fi\/kauppa\/wp-content\/uploads\/2025\/07\/Premium-ensiapulaukku-Housegard.png","type":"image\/png"}],"twitter_card":"summary_large_image","twitter_misc":{"Arvioitu lukuaika":"2 minuuttia"},"schema":{"@context":"https:\/\/schema.org","@graph":[{"@type":"WebPage","@id":"https:\/\/safetypartners.fi\/kauppa\/tuote\/premium-ensiapulaukku-housegard","url":"https:\/\/safetypartners.fi\/kauppa\/tuote\/premium-ensiapulaukku-housegard","name":"Premium ensiapulaukku, Housegard - Safety Partners","isPartOf":{"@id":"https:\/\/safetypartners.fi\/kauppa\/#website"},"primaryImageOfPage":{"@id":"https:\/\/safetypartners.fi\/kauppa\/tuote\/premium-ensiapulaukku-housegard#primaryimage"},"image":{"@id":"https:\/\/safetypartners.fi\/kauppa\/tuote\/premium-ensiapulaukku-housegard#primaryimage"},"thumbnailUrl":"https:\/\/safetypartners.fi\/kauppa\/wp-content\/uploads\/2025\/07\/Premium-ensiapulaukku-Housegard.png","datePublished":"2025-07-15T13:31:06+00:00","dateModified":"2026-02-02T08:44:50+00:00","description":"Premium ensiapulaukku | 152-osainen EA-laukku kentt\u00e4ty\u00f6h\u00f6n, kotiin ja reissuun - niille, jotka haluavat olla eritt\u00e4in valmiita kaikkiin tilanteisiin.","breadcrumb":{"@id":"https:\/\/safetypartners.fi\/kauppa\/tuote\/premium-ensiapulaukku-housegard#breadcrumb"},"inLanguage":"fi","potentialAction":[{"@type":"ReadAction","target":["https:\/\/safetypartners.fi\/kauppa\/tuote\/premium-ensiapulaukku-housegard"]}]},{"@type":"ImageObject","inLanguage":"fi","@id":"https:\/\/safetypartners.fi\/kauppa\/tuote\/premium-ensiapulaukku-housegard#primaryimage","url":"https:\/\/safetypartners.fi\/kauppa\/wp-content\/uploads\/2025\/07\/Premium-ensiapulaukku-Housegard.png","contentUrl":"https:\/\/safetypartners.fi\/kauppa\/wp-content\/uploads\/2025\/07\/Premium-ensiapulaukku-Housegard.png","width":1385,"height":1385,"caption":"152-osainen EA-laukku"},{"@type":"BreadcrumbList","@id":"https:\/\/safetypartners.fi\/kauppa\/tuote\/premium-ensiapulaukku-housegard#breadcrumb","itemListElement":[{"@type":"ListItem","position":1,"name":"Home","item":"https:\/\/safetypartners.fi\/kauppa\/"},{"@type":"ListItem","position":2,"name":"Kauppa","item":"https:\/\/safetypartners.fi\/kauppa\/kauppa"},{"@type":"ListItem","position":3,"name":"Premium ensiapulaukku, Housegard"}]},{"@type":"WebSite","@id":"https:\/\/safetypartners.fi\/kauppa\/#website","url":"https:\/\/safetypartners.fi\/kauppa\/","name":"Safety Partners","description":"Safety Partners turvakauppa palvelee verkossa 24\/7!","publisher":{"@id":"https:\/\/safetypartners.fi\/kauppa\/#organization"},"potentialAction":[{"@type":"SearchAction","target":{"@type":"EntryPoint","urlTemplate":"https:\/\/safetypartners.fi\/kauppa\/?s={search_term_string}"},"query-input":{"@type":"PropertyValueSpecification","valueRequired":true,"valueName":"search_term_string"}}],"inLanguage":"fi"},{"@type":"Organization","@id":"https:\/\/safetypartners.fi\/kauppa\/#organization","name":"Safety Partners | Suomen Sammutinpalvelu","url":"https:\/\/safetypartners.fi\/kauppa\/","logo":{"@type":"ImageObject","inLanguage":"fi","@id":"https:\/\/safetypartners.fi\/kauppa\/#\/schema\/logo\/image\/","url":"https:\/\/safetypartners.fi\/kauppa\/wp-content\/uploads\/2020\/05\/cropped-Logoke-1.jpg","contentUrl":"https:\/\/safetypartners.fi\/kauppa\/wp-content\/uploads\/2020\/05\/cropped-Logoke-1.jpg","width":847,"height":717,"caption":"Safety Partners | Suomen Sammutinpalvelu"},"image":{"@id":"https:\/\/safetypartners.fi\/kauppa\/#\/schema\/logo\/image\/"}}]}},"uagb_featured_image_src":{"full":["https:\/\/safetypartners.fi\/kauppa\/wp-content\/uploads\/2025\/07\/Premium-ensiapulaukku-Housegard.png",1385,1385,false],"thumbnail":["https:\/\/safetypartners.fi\/kauppa\/wp-content\/uploads\/2025\/07\/Premium-ensiapulaukku-Housegard-150x150.png",150,150,true],"medium":["https:\/\/safetypartners.fi\/kauppa\/wp-content\/uploads\/2025\/07\/Premium-ensiapulaukku-Housegard-300x300.png",300,300,true],"medium_large":["https:\/\/safetypartners.fi\/kauppa\/wp-content\/uploads\/2025\/07\/Premium-ensiapulaukku-Housegard-768x768.png",768,768,true],"large":["https:\/\/safetypartners.fi\/kauppa\/wp-content\/uploads\/2025\/07\/Premium-ensiapulaukku-Housegard-1024x1024.png",1024,1024,true],"1536x1536":["https:\/\/safetypartners.fi\/kauppa\/wp-content\/uploads\/2025\/07\/Premium-ensiapulaukku-Housegard.png",1385,1385,false],"2048x2048":["https:\/\/safetypartners.fi\/kauppa\/wp-content\/uploads\/2025\/07\/Premium-ensiapulaukku-Housegard.png",1385,1385,false],"woocommerce_thumbnail":["https:\/\/safetypartners.fi\/kauppa\/wp-content\/uploads\/2025\/07\/Premium-ensiapulaukku-Housegard-300x300.png",300,300,true],"woocommerce_single":["https:\/\/safetypartners.fi\/kauppa\/wp-content\/uploads\/2025\/07\/Premium-ensiapulaukku-Housegard-600x600.png",600,600,true],"woocommerce_gallery_thumbnail":["https:\/\/safetypartners.fi\/kauppa\/wp-content\/uploads\/2025\/07\/Premium-ensiapulaukku-Housegard-100x100.png",100,100,true]},"uagb_author_info":{"display_name":"Anu Lehto","author_link":"https:\/\/safetypartners.fi\/kauppa\/author"},"uagb_comment_info":0,"uagb_excerpt":"Housegard Premium ensiapulaukku on kattava EA-pakkaus pienille ja suurille vammoille. 152-osainen sis\u00e4lt\u00f6 tarjoaa ensiapuv\u00e4lineet pienist\u00e4 haavoista suuriin, palovammoihin, silm\u00e4n \u00e4rsytykseen ja moneen muuhun akuuttiin tilanteeseen. Tehokas ensiapu helpottuu selke\u00e4sti v\u00e4rikoodattujen ja jaoteltujen tarvikkeiden johdosta. T\u00e4m\u00e4 laukku on\u00a0niille, jotka haluavat olla eritt\u00e4in hyvin valmistautuneita. Kentt\u00e4ty\u00f6h\u00f6n, matkalle, kotiin ja m\u00f6kille sopiva ensiapulaukku sis\u00e4lt\u00e4\u00e4 monipuolisesti sidetarvikkeita, silm\u00e4nhuoltov\u00e4lineit\u00e4 sek\u00e4&hellip;","_links":{"self":[{"href":"https:\/\/safetypartners.fi\/kauppa\/wp-json\/wp\/v2\/product\/2831","targetHints":{"allow":["GET"]}}],"collection":[{"href":"https:\/\/safetypartners.fi\/kauppa\/wp-json\/wp\/v2\/product"}],"about":[{"href":"https:\/\/safetypartners.fi\/kauppa\/wp-json\/wp\/v2\/types\/product"}],"replies":[{"embeddable":true,"href":"https:\/\/safetypartners.fi\/kauppa\/wp-json\/wp\/v2\/comments?post=2831"}],"version-history":[{"count":6,"href":"https:\/\/safetypartners.fi\/kauppa\/wp-json\/wp\/v2\/product\/2831\/revisions"}],"predecessor-version":[{"id":2965,"href":"https:\/\/safetypartners.fi\/kauppa\/wp-json\/wp\/v2\/product\/2831\/revisions\/2965"}],"wp:featuredmedia":[{"embeddable":true,"href":"https:\/\/safetypartners.fi\/kauppa\/wp-json\/wp\/v2\/media\/2840"}],"wp:attachment":[{"href":"https:\/\/safetypartners.fi\/kauppa\/wp-json\/wp\/v2\/media?parent=2831"}],"wp:term":[{"taxonomy":"product_brand","embeddable":true,"href":"https:\/\/safetypartners.fi\/kauppa\/wp-json\/wp\/v2\/product_brand?post=2831"},{"taxonomy":"product_cat","embeddable":true,"href":"https:\/\/safetypartners.fi\/kauppa\/wp-json\/wp\/v2\/product_cat?post=2831"},{"taxonomy":"product_tag","embeddable":true,"href":"https:\/\/safetypartners.fi\/kauppa\/wp-json\/wp\/v2\/product_tag?post=2831"}],"curies":[{"name":"wp","href":"https:\/\/api.w.org\/{rel}","templated":true}]}}