{"id":2857,"date":"2025-08-08T14:29:56","date_gmt":"2025-08-08T11:29:56","guid":{"rendered":"https:\/\/safetypartners.fi\/kauppa\/?post_type=product&#038;p=2857"},"modified":"2025-11-14T11:48:06","modified_gmt":"2025-11-14T09:48:06","slug":"avd-sammutin-litiumioniakkupaloihin-2l-lithex2","status":"publish","type":"product","link":"https:\/\/safetypartners.fi\/kauppa\/tuote\/avd-sammutin-litiumioniakkupaloihin-2l-lithex2","title":{"rendered":"AVD-sammutin litiumioniakkupaloihin 2L, LITHEX2"},"content":{"rendered":"<p>CGS-sammuttimet valmistetaan laadukkaasta ter\u00e4ksest\u00e4 ja ne on suunniteltu kest\u00e4m\u00e4\u00e4n vaativia olosuhteita. Venttiileiss\u00e4 ja kahvoissa k\u00e4ytet\u00e4\u00e4n ruostumattomia materiaaleja, mik\u00e4 takaa korkean korroosionkest\u00e4vyyden. Sammutin on vapaa sek\u00e4 PFAS-yhdisteist\u00e4 ett\u00e4 tensideist\u00e4.<\/p>\n<ul>\n<li><span class=\"data\" data-th=\"Korkeus\">Malli<\/span>: CGS LITHEX2<\/li>\n<li>Tyyppi: 2L AVD litiumioniakkupaloille<\/li>\n<li>Paloluokitus: 5A (koskee vain tavallisia A-luokan paloja)<\/li>\n<li>Toimintal\u00e4mp\u00f6tila: +5\u00b0C \/ +60 \u00b0C<\/li>\n<\/ul>\n<p><strong>AVD-sammutusaine<\/strong><\/p>\n<p>Litiumioniakkujen yh\u00e4 yleistyess\u00e4 sammutusmenetelmien tulee kehitty\u00e4 niiden rinnalla. Perinteisill\u00e4 jauhesammuttimilla litiumioniakkupaloja on k\u00e4yt\u00e4nn\u00f6ss\u00e4 mahdotonta saada sammumaan, eik\u00e4 vaahtosammuttimenkaan j\u00e4\u00e4hdytysteho usein riit\u00e4.<\/p>\n<p>AVD-sammutusaine (=Aqueous Vermiculite Dispersion) luo akulle j\u00e4\u00e4hdytt\u00e4v\u00e4n kuoren, pieni\u00e4 mineraalihiukkasia sis\u00e4lt\u00e4v\u00e4\u00e4 vesipohjaista seosta hy\u00f6dyt\u00e4en. AVD:ll\u00e4 on erinomainen pystysuuntainen tarttuvuus, mink\u00e4 ansiosta se j\u00e4\u00e4hdytt\u00e4\u00e4 my\u00f6s pystysuoria pintoja, joilta muut sammutusaineet valuvat nopeasti pois.\u00a0Vermikuliittiseos kest\u00e4\u00e4 jopa yli 1000\u00b0C\u00a0 l\u00e4mp\u00f6tiloja ja n\u00e4in keraamisen kuoren kaltainen AVD-kalvo s\u00e4ilyy ehj\u00e4n\u00e4 vaikeimmissakin sammutustilanteissa. Sammutusaine sopii my\u00f6s suojaamaan palavan akun ymp\u00e4rist\u00f6\u00e4, ja n\u00e4in tulipalon aiheuttamaa vahinkoa voidaan v\u00e4hent\u00e4\u00e4.<\/p>\n<p>Riskikohteisiin kehitetty AVD-sammutin torjuu tehokkaasti palot nimenomaan niiden alkuvaiheessa. Litiumioniakut ovat yleistyneet henkil\u00f6kohtaisissa elektronisissa laitteissa, kuten matkapuhelimissa, tableteissa, RC-tuotteissa ja leluissa. Katukuvassakin tihe\u00e4sti n\u00e4kyv\u00e4t s\u00e4hk\u00f6polkupy\u00f6r\u00e4t sek\u00e4 -potkulaudat k\u00e4ytt\u00e4v\u00e4t nekin litiumioniakkuja.<\/p>\n<p>S\u00e4hk\u00f6autojen litiumioniakkujen sammuttamiseen eiv\u00e4t k\u00e4sisammuttimet ole kuitenkaan riitt\u00e4vi\u00e4. Ensisijaisesti h\u00e4lyt\u00e4 aina paikalle palokunta &#8211; omin keinoin emme suosittele s\u00e4hk\u00f6autojen sammuttamista kokeilemaan. S\u00e4hk\u00f6autoja tulisi s\u00e4ilytt\u00e4\u00e4 paikoissa, joissa ne eiv\u00e4t palaessaan ole vaaraksi ymp\u00e4rist\u00f6lleen.<\/p>\n<p><strong><br \/>\nHUOMIOI, ett\u00e4 sammuttajan turvallisuus on aina ensisijaisen t\u00e4rke\u00e4\u00e4. Mik\u00e4li akusta sinkoilee palavia heitteit\u00e4, tai joudut hengitt\u00e4m\u00e4\u00e4n palossa muodostuvia kaasuja, poistu turvaan, \u00c4L\u00c4 YRIT\u00c4 SAMMUTUSTA ITSE, vaan h\u00e4lyt\u00e4 v\u00e4litt\u00f6m\u00e4sti apua.<\/strong><\/p>\n<p><strong>HUOM<\/strong>: Mik\u00e4li tilaat yhden sammuttimen lis\u00e4ksi jonkin muun tuotteen, tilaus on yleens\u00e4 toimitettava monipakettil\u00e4hetyksen\u00e4. Matkahuollon pakettiautomaattiin ei voi ohjata usean paketin l\u00e4hetyst\u00e4, joten huomioithan t\u00e4m\u00e4n noutopistett\u00e4 valitessasi.<\/p>\n","protected":false},"excerpt":{"rendered":"<p><strong>2 litran AVD-k\u00e4sisammutin<\/strong> on suunniteltu erityisesti pienten litiumioniakkupalojen sammuttamiseen. Sammutusaine soveltuu sellaisten savuavien tai syttyvien litiumioniakkujen tukahduttamiseen, joiden akun kapasiteetti on enint\u00e4\u00e4n 250 Wh, kuten kodinelektroniikka, droonit ja s\u00e4hk\u00f6ty\u00f6kalut.<\/p>\n<p>Sammutin on testattu ja hyv\u00e4ksytty standardin EN3-7 mukaisesti. Suorituskyky ja korkea laatu ovat t\u00e4m\u00e4n vermikuliittiliuosta sis\u00e4lt\u00e4v\u00e4n AVD-sammuttimen valtteja. Sammute sopii my\u00f6s\u00a0kiinteiden metallien paloihin sek\u00e4 palon rajoittamiseen. Litiumioniakkupalosammutin on hyv\u00e4 lis\u00e4 muiden sammuttimien rinnalle paikkoihin, miss\u00e4 elektronisia laitteita k\u00e4ytet\u00e4\u00e4n runsaasti. Kotona, m\u00f6kill\u00e4, veneess\u00e4 ja matkailuautoissa AVD-sammutin tukahduttaa tehokkaasti matkapuhelimista, tietokoneista ja leluista. Liekkien torjuminen varhaisessa vaiheessa on ratkaisevaa.<\/p>\n<p>Sammuttimen sammutusaine suositellaan vaihdettavan viiden vuoden v\u00e4lein. Katso my\u00f6s AVD-sammuttimen n\u00e4pp\u00e4r\u00e4n kevyt pikkuveli, <a href=\"https:\/\/safetypartners.fi\/kauppa\/tuote\/sammutusspray-lith-ex-avd-500ml\">500ml AVD-sammutusspray<\/a>.<\/p>\n<p><strong>Huom: T\u00e4ll\u00e4 sammuttimella on 5-7 ty\u00f6p\u00e4iv\u00e4n toimitusaika. Kaikki sammuttimemme saapuvat meilt\u00e4 sinulle valmiiksi tarkastettuina.<\/strong><\/p>\n","protected":false},"featured_media":2858,"comment_status":"open","ping_status":"closed","template":"","meta":{"_uag_custom_page_level_css":"","site-sidebar-layout":"default","site-content-layout":"default","ast-site-content-layout":"default","site-content-style":"default","site-sidebar-style":"default","ast-global-header-display":"","ast-banner-title-visibility":"","ast-main-header-display":"","ast-hfb-above-header-display":"","ast-hfb-below-header-display":"","ast-hfb-mobile-header-display":"","site-post-title":"","ast-breadcrumbs-content":"","ast-featured-img":"","footer-sml-layout":"","ast-disable-related-posts":"","theme-transparent-header-meta":"default","adv-header-id-meta":"","stick-header-meta":"default","header-above-stick-meta":"","header-main-stick-meta":"","header-below-stick-meta":"","astra-migrate-meta-layouts":"set","ast-page-background-enabled":"default","ast-page-background-meta":{"desktop":{"background-color":"","background-image":"","background-repeat":"repeat","background-position":"center center","background-size":"auto","background-attachment":"scroll","background-type":"","background-media":"","overlay-type":"","overlay-color":"","overlay-opacity":"","overlay-gradient":""},"tablet":{"background-color":"","background-image":"","background-repeat":"repeat","background-position":"center center","background-size":"auto","background-attachment":"scroll","background-type":"","background-media":"","overlay-type":"","overlay-color":"","overlay-opacity":"","overlay-gradient":""},"mobile":{"background-color":"","background-image":"","background-repeat":"repeat","background-position":"center center","background-size":"auto","background-attachment":"scroll","background-type":"","background-media":"","overlay-type":"","overlay-color":"","overlay-opacity":"","overlay-gradient":""}},"ast-content-background-meta":{"desktop":{"background-color":"var(--ast-global-color-5)","background-image":"","background-repeat":"repeat","background-position":"center center","background-size":"auto","background-attachment":"scroll","background-type":"","background-media":"","overlay-type":"","overlay-color":"","overlay-opacity":"","overlay-gradient":""},"tablet":{"background-color":"var(--ast-global-color-5)","background-image":"","background-repeat":"repeat","background-position":"center center","background-size":"auto","background-attachment":"scroll","background-type":"","background-media":"","overlay-type":"","overlay-color":"","overlay-opacity":"","overlay-gradient":""},"mobile":{"background-color":"var(--ast-global-color-5)","background-image":"","background-repeat":"repeat","background-position":"center center","background-size":"auto","background-attachment":"scroll","background-type":"","background-media":"","overlay-type":"","overlay-color":"","overlay-opacity":"","overlay-gradient":""}}},"product_brand":[],"product_cat":[15,43,217],"product_tag":[279,225,274,117,1194,481,1193,1228,603,109,1022,634,278],"class_list":{"0":"post-2857","1":"product","2":"type-product","3":"status-publish","4":"has-post-thumbnail","6":"product_cat-yleinen","7":"product_cat-sahkoturvallisuus","8":"product_cat-sammuttimet","9":"product_tag-akkupalo","10":"product_tag-alkusammutus","11":"product_tag-avd-sammutin","12":"product_tag-kasisammutin","13":"product_tag-lithex2","14":"product_tag-litiumakku","15":"product_tag-litiumioniakkupalosammutin","16":"product_tag-palosammutin","17":"product_tag-sahkopalo","18":"product_tag-sammutin","19":"product_tag-tarkastettu","20":"product_tag-tulipalo","21":"product_tag-vermikuliitti","22":"product_shipping_class-suomi","23":"desktop-align-center","24":"tablet-align-center","25":"mobile-align-center","26":"ast-product-gallery-layout-horizontal-slider","27":"ast-product-gallery-with-no-image","28":"ast-product-tabs-layout-horizontal","30":"first","31":"instock","32":"taxable","33":"shipping-taxable","34":"purchasable","35":"product-type-simple"},"yoast_head":"<!-- This site is optimized with the Yoast SEO plugin v27.3 - https:\/\/yoast.com\/product\/yoast-seo-wordpress\/ -->\n<title>AVD-sammutin litiumioniakkupaloihin 2L, LITHEX2 - Safety Partners<\/title>\n<meta name=\"description\" content=\"Erityisesti pienten litiumioniakkupalojen sammuttamiseen. Enint\u00e4\u00e4n 250 Wh akullisille laitteille, kuten kodinelektroniikka, droonit ja s\u00e4hk\u00f6ty\u00f6kalut.\" \/>\n<meta name=\"robots\" content=\"index, follow, max-snippet:-1, max-image-preview:large, max-video-preview:-1\" \/>\n<link rel=\"canonical\" href=\"https:\/\/safetypartners.fi\/kauppa\/tuote\/avd-sammutin-litiumioniakkupaloihin-2l-lithex2\" \/>\n<meta property=\"og:locale\" content=\"fi_FI\" \/>\n<meta property=\"og:type\" content=\"article\" \/>\n<meta property=\"og:title\" content=\"AVD-sammutin litiumioniakkupaloihin 2L, LITHEX2 - Safety Partners\" \/>\n<meta property=\"og:description\" content=\"Erityisesti pienten litiumioniakkupalojen sammuttamiseen. Enint\u00e4\u00e4n 250 Wh akullisille laitteille, kuten kodinelektroniikka, droonit ja s\u00e4hk\u00f6ty\u00f6kalut.\" \/>\n<meta property=\"og:url\" content=\"https:\/\/safetypartners.fi\/kauppa\/tuote\/avd-sammutin-litiumioniakkupaloihin-2l-lithex2\" \/>\n<meta property=\"og:site_name\" content=\"Safety Partners\" \/>\n<meta property=\"article:modified_time\" content=\"2025-11-14T09:48:06+00:00\" \/>\n<meta property=\"og:image\" content=\"https:\/\/safetypartners.fi\/kauppa\/wp-content\/uploads\/2025\/08\/CGS-AVD-palosammutin-2L-LITHEX2.png\" \/>\n\t<meta property=\"og:image:width\" content=\"1000\" \/>\n\t<meta property=\"og:image:height\" content=\"1135\" \/>\n\t<meta property=\"og:image:type\" content=\"image\/png\" \/>\n<meta name=\"twitter:card\" content=\"summary_large_image\" \/>\n<meta name=\"twitter:label1\" content=\"Arvioitu lukuaika\" \/>\n\t<meta name=\"twitter:data1\" content=\"2 minuuttia\" \/>\n<script type=\"application\/ld+json\" class=\"yoast-schema-graph\">{\"@context\":\"https:\\\/\\\/schema.org\",\"@graph\":[{\"@type\":\"WebPage\",\"@id\":\"https:\\\/\\\/safetypartners.fi\\\/kauppa\\\/tuote\\\/avd-sammutin-litiumioniakkupaloihin-2l-lithex2\",\"url\":\"https:\\\/\\\/safetypartners.fi\\\/kauppa\\\/tuote\\\/avd-sammutin-litiumioniakkupaloihin-2l-lithex2\",\"name\":\"AVD-sammutin litiumioniakkupaloihin 2L, LITHEX2 - Safety Partners\",\"isPartOf\":{\"@id\":\"https:\\\/\\\/safetypartners.fi\\\/kauppa\\\/#website\"},\"primaryImageOfPage\":{\"@id\":\"https:\\\/\\\/safetypartners.fi\\\/kauppa\\\/tuote\\\/avd-sammutin-litiumioniakkupaloihin-2l-lithex2#primaryimage\"},\"image\":{\"@id\":\"https:\\\/\\\/safetypartners.fi\\\/kauppa\\\/tuote\\\/avd-sammutin-litiumioniakkupaloihin-2l-lithex2#primaryimage\"},\"thumbnailUrl\":\"https:\\\/\\\/safetypartners.fi\\\/kauppa\\\/wp-content\\\/uploads\\\/2025\\\/08\\\/CGS-AVD-palosammutin-2L-LITHEX2.png\",\"datePublished\":\"2025-08-08T11:29:56+00:00\",\"dateModified\":\"2025-11-14T09:48:06+00:00\",\"description\":\"Erityisesti pienten litiumioniakkupalojen sammuttamiseen. Enint\u00e4\u00e4n 250 Wh akullisille laitteille, kuten kodinelektroniikka, droonit ja s\u00e4hk\u00f6ty\u00f6kalut.\",\"breadcrumb\":{\"@id\":\"https:\\\/\\\/safetypartners.fi\\\/kauppa\\\/tuote\\\/avd-sammutin-litiumioniakkupaloihin-2l-lithex2#breadcrumb\"},\"inLanguage\":\"fi\",\"potentialAction\":[{\"@type\":\"ReadAction\",\"target\":[\"https:\\\/\\\/safetypartners.fi\\\/kauppa\\\/tuote\\\/avd-sammutin-litiumioniakkupaloihin-2l-lithex2\"]}]},{\"@type\":\"ImageObject\",\"inLanguage\":\"fi\",\"@id\":\"https:\\\/\\\/safetypartners.fi\\\/kauppa\\\/tuote\\\/avd-sammutin-litiumioniakkupaloihin-2l-lithex2#primaryimage\",\"url\":\"https:\\\/\\\/safetypartners.fi\\\/kauppa\\\/wp-content\\\/uploads\\\/2025\\\/08\\\/CGS-AVD-palosammutin-2L-LITHEX2.png\",\"contentUrl\":\"https:\\\/\\\/safetypartners.fi\\\/kauppa\\\/wp-content\\\/uploads\\\/2025\\\/08\\\/CGS-AVD-palosammutin-2L-LITHEX2.png\",\"width\":1000,\"height\":1135},{\"@type\":\"BreadcrumbList\",\"@id\":\"https:\\\/\\\/safetypartners.fi\\\/kauppa\\\/tuote\\\/avd-sammutin-litiumioniakkupaloihin-2l-lithex2#breadcrumb\",\"itemListElement\":[{\"@type\":\"ListItem\",\"position\":1,\"name\":\"Home\",\"item\":\"https:\\\/\\\/safetypartners.fi\\\/kauppa\\\/\"},{\"@type\":\"ListItem\",\"position\":2,\"name\":\"Kauppa\",\"item\":\"https:\\\/\\\/safetypartners.fi\\\/kauppa\\\/kauppa\"},{\"@type\":\"ListItem\",\"position\":3,\"name\":\"AVD-sammutin litiumioniakkupaloihin 2L, LITHEX2\"}]},{\"@type\":\"WebSite\",\"@id\":\"https:\\\/\\\/safetypartners.fi\\\/kauppa\\\/#website\",\"url\":\"https:\\\/\\\/safetypartners.fi\\\/kauppa\\\/\",\"name\":\"Safety Partners\",\"description\":\"Safety Partners turvakauppa palvelee verkossa 24\\\/7!\",\"publisher\":{\"@id\":\"https:\\\/\\\/safetypartners.fi\\\/kauppa\\\/#organization\"},\"potentialAction\":[{\"@type\":\"SearchAction\",\"target\":{\"@type\":\"EntryPoint\",\"urlTemplate\":\"https:\\\/\\\/safetypartners.fi\\\/kauppa\\\/?s={search_term_string}\"},\"query-input\":{\"@type\":\"PropertyValueSpecification\",\"valueRequired\":true,\"valueName\":\"search_term_string\"}}],\"inLanguage\":\"fi\"},{\"@type\":\"Organization\",\"@id\":\"https:\\\/\\\/safetypartners.fi\\\/kauppa\\\/#organization\",\"name\":\"Safety Partners | Suomen Sammutinpalvelu\",\"url\":\"https:\\\/\\\/safetypartners.fi\\\/kauppa\\\/\",\"logo\":{\"@type\":\"ImageObject\",\"inLanguage\":\"fi\",\"@id\":\"https:\\\/\\\/safetypartners.fi\\\/kauppa\\\/#\\\/schema\\\/logo\\\/image\\\/\",\"url\":\"https:\\\/\\\/safetypartners.fi\\\/kauppa\\\/wp-content\\\/uploads\\\/2020\\\/05\\\/cropped-Logoke-1.jpg\",\"contentUrl\":\"https:\\\/\\\/safetypartners.fi\\\/kauppa\\\/wp-content\\\/uploads\\\/2020\\\/05\\\/cropped-Logoke-1.jpg\",\"width\":847,\"height\":717,\"caption\":\"Safety Partners | Suomen Sammutinpalvelu\"},\"image\":{\"@id\":\"https:\\\/\\\/safetypartners.fi\\\/kauppa\\\/#\\\/schema\\\/logo\\\/image\\\/\"}}]}<\/script>\n<!-- \/ Yoast SEO plugin. -->","yoast_head_json":{"title":"AVD-sammutin litiumioniakkupaloihin 2L, LITHEX2 - Safety Partners","description":"Erityisesti pienten litiumioniakkupalojen sammuttamiseen. Enint\u00e4\u00e4n 250 Wh akullisille laitteille, kuten kodinelektroniikka, droonit ja s\u00e4hk\u00f6ty\u00f6kalut.","robots":{"index":"index","follow":"follow","max-snippet":"max-snippet:-1","max-image-preview":"max-image-preview:large","max-video-preview":"max-video-preview:-1"},"canonical":"https:\/\/safetypartners.fi\/kauppa\/tuote\/avd-sammutin-litiumioniakkupaloihin-2l-lithex2","og_locale":"fi_FI","og_type":"article","og_title":"AVD-sammutin litiumioniakkupaloihin 2L, LITHEX2 - Safety Partners","og_description":"Erityisesti pienten litiumioniakkupalojen sammuttamiseen. Enint\u00e4\u00e4n 250 Wh akullisille laitteille, kuten kodinelektroniikka, droonit ja s\u00e4hk\u00f6ty\u00f6kalut.","og_url":"https:\/\/safetypartners.fi\/kauppa\/tuote\/avd-sammutin-litiumioniakkupaloihin-2l-lithex2","og_site_name":"Safety Partners","article_modified_time":"2025-11-14T09:48:06+00:00","og_image":[{"width":1000,"height":1135,"url":"https:\/\/safetypartners.fi\/kauppa\/wp-content\/uploads\/2025\/08\/CGS-AVD-palosammutin-2L-LITHEX2.png","type":"image\/png"}],"twitter_card":"summary_large_image","twitter_misc":{"Arvioitu lukuaika":"2 minuuttia"},"schema":{"@context":"https:\/\/schema.org","@graph":[{"@type":"WebPage","@id":"https:\/\/safetypartners.fi\/kauppa\/tuote\/avd-sammutin-litiumioniakkupaloihin-2l-lithex2","url":"https:\/\/safetypartners.fi\/kauppa\/tuote\/avd-sammutin-litiumioniakkupaloihin-2l-lithex2","name":"AVD-sammutin litiumioniakkupaloihin 2L, LITHEX2 - Safety Partners","isPartOf":{"@id":"https:\/\/safetypartners.fi\/kauppa\/#website"},"primaryImageOfPage":{"@id":"https:\/\/safetypartners.fi\/kauppa\/tuote\/avd-sammutin-litiumioniakkupaloihin-2l-lithex2#primaryimage"},"image":{"@id":"https:\/\/safetypartners.fi\/kauppa\/tuote\/avd-sammutin-litiumioniakkupaloihin-2l-lithex2#primaryimage"},"thumbnailUrl":"https:\/\/safetypartners.fi\/kauppa\/wp-content\/uploads\/2025\/08\/CGS-AVD-palosammutin-2L-LITHEX2.png","datePublished":"2025-08-08T11:29:56+00:00","dateModified":"2025-11-14T09:48:06+00:00","description":"Erityisesti pienten litiumioniakkupalojen sammuttamiseen. Enint\u00e4\u00e4n 250 Wh akullisille laitteille, kuten kodinelektroniikka, droonit ja s\u00e4hk\u00f6ty\u00f6kalut.","breadcrumb":{"@id":"https:\/\/safetypartners.fi\/kauppa\/tuote\/avd-sammutin-litiumioniakkupaloihin-2l-lithex2#breadcrumb"},"inLanguage":"fi","potentialAction":[{"@type":"ReadAction","target":["https:\/\/safetypartners.fi\/kauppa\/tuote\/avd-sammutin-litiumioniakkupaloihin-2l-lithex2"]}]},{"@type":"ImageObject","inLanguage":"fi","@id":"https:\/\/safetypartners.fi\/kauppa\/tuote\/avd-sammutin-litiumioniakkupaloihin-2l-lithex2#primaryimage","url":"https:\/\/safetypartners.fi\/kauppa\/wp-content\/uploads\/2025\/08\/CGS-AVD-palosammutin-2L-LITHEX2.png","contentUrl":"https:\/\/safetypartners.fi\/kauppa\/wp-content\/uploads\/2025\/08\/CGS-AVD-palosammutin-2L-LITHEX2.png","width":1000,"height":1135},{"@type":"BreadcrumbList","@id":"https:\/\/safetypartners.fi\/kauppa\/tuote\/avd-sammutin-litiumioniakkupaloihin-2l-lithex2#breadcrumb","itemListElement":[{"@type":"ListItem","position":1,"name":"Home","item":"https:\/\/safetypartners.fi\/kauppa\/"},{"@type":"ListItem","position":2,"name":"Kauppa","item":"https:\/\/safetypartners.fi\/kauppa\/kauppa"},{"@type":"ListItem","position":3,"name":"AVD-sammutin litiumioniakkupaloihin 2L, LITHEX2"}]},{"@type":"WebSite","@id":"https:\/\/safetypartners.fi\/kauppa\/#website","url":"https:\/\/safetypartners.fi\/kauppa\/","name":"Safety Partners","description":"Safety Partners turvakauppa palvelee verkossa 24\/7!","publisher":{"@id":"https:\/\/safetypartners.fi\/kauppa\/#organization"},"potentialAction":[{"@type":"SearchAction","target":{"@type":"EntryPoint","urlTemplate":"https:\/\/safetypartners.fi\/kauppa\/?s={search_term_string}"},"query-input":{"@type":"PropertyValueSpecification","valueRequired":true,"valueName":"search_term_string"}}],"inLanguage":"fi"},{"@type":"Organization","@id":"https:\/\/safetypartners.fi\/kauppa\/#organization","name":"Safety Partners | Suomen Sammutinpalvelu","url":"https:\/\/safetypartners.fi\/kauppa\/","logo":{"@type":"ImageObject","inLanguage":"fi","@id":"https:\/\/safetypartners.fi\/kauppa\/#\/schema\/logo\/image\/","url":"https:\/\/safetypartners.fi\/kauppa\/wp-content\/uploads\/2020\/05\/cropped-Logoke-1.jpg","contentUrl":"https:\/\/safetypartners.fi\/kauppa\/wp-content\/uploads\/2020\/05\/cropped-Logoke-1.jpg","width":847,"height":717,"caption":"Safety Partners | Suomen Sammutinpalvelu"},"image":{"@id":"https:\/\/safetypartners.fi\/kauppa\/#\/schema\/logo\/image\/"}}]}},"uagb_featured_image_src":{"full":["https:\/\/safetypartners.fi\/kauppa\/wp-content\/uploads\/2025\/08\/CGS-AVD-palosammutin-2L-LITHEX2.png",1000,1135,false],"thumbnail":["https:\/\/safetypartners.fi\/kauppa\/wp-content\/uploads\/2025\/08\/CGS-AVD-palosammutin-2L-LITHEX2-150x150.png",150,150,true],"medium":["https:\/\/safetypartners.fi\/kauppa\/wp-content\/uploads\/2025\/08\/CGS-AVD-palosammutin-2L-LITHEX2-264x300.png",264,300,true],"medium_large":["https:\/\/safetypartners.fi\/kauppa\/wp-content\/uploads\/2025\/08\/CGS-AVD-palosammutin-2L-LITHEX2-768x872.png",768,872,true],"large":["https:\/\/safetypartners.fi\/kauppa\/wp-content\/uploads\/2025\/08\/CGS-AVD-palosammutin-2L-LITHEX2-902x1024.png",902,1024,true],"1536x1536":["https:\/\/safetypartners.fi\/kauppa\/wp-content\/uploads\/2025\/08\/CGS-AVD-palosammutin-2L-LITHEX2.png",1000,1135,false],"2048x2048":["https:\/\/safetypartners.fi\/kauppa\/wp-content\/uploads\/2025\/08\/CGS-AVD-palosammutin-2L-LITHEX2.png",1000,1135,false],"woocommerce_thumbnail":["https:\/\/safetypartners.fi\/kauppa\/wp-content\/uploads\/2025\/08\/CGS-AVD-palosammutin-2L-LITHEX2-300x300.png",300,300,true],"woocommerce_single":["https:\/\/safetypartners.fi\/kauppa\/wp-content\/uploads\/2025\/08\/CGS-AVD-palosammutin-2L-LITHEX2-600x681.png",600,681,true],"woocommerce_gallery_thumbnail":["https:\/\/safetypartners.fi\/kauppa\/wp-content\/uploads\/2025\/08\/CGS-AVD-palosammutin-2L-LITHEX2-100x100.png",100,100,true]},"uagb_author_info":{"display_name":"Anu Lehto","author_link":"https:\/\/safetypartners.fi\/kauppa\/author"},"uagb_comment_info":0,"uagb_excerpt":"2 litran AVD-k\u00e4sisammutin on suunniteltu erityisesti pienten litiumioniakkupalojen sammuttamiseen. Sammutusaine soveltuu sellaisten savuavien tai syttyvien litiumioniakkujen tukahduttamiseen, joiden akun kapasiteetti on enint\u00e4\u00e4n 250 Wh, kuten kodinelektroniikka, droonit ja s\u00e4hk\u00f6ty\u00f6kalut. Sammutin on testattu ja hyv\u00e4ksytty standardin EN3-7 mukaisesti. Suorituskyky ja korkea laatu ovat t\u00e4m\u00e4n vermikuliittiliuosta sis\u00e4lt\u00e4v\u00e4n AVD-sammuttimen valtteja. Sammute sopii my\u00f6s\u00a0kiinteiden metallien paloihin sek\u00e4 palon rajoittamiseen.&hellip;","_links":{"self":[{"href":"https:\/\/safetypartners.fi\/kauppa\/wp-json\/wp\/v2\/product\/2857","targetHints":{"allow":["GET"]}}],"collection":[{"href":"https:\/\/safetypartners.fi\/kauppa\/wp-json\/wp\/v2\/product"}],"about":[{"href":"https:\/\/safetypartners.fi\/kauppa\/wp-json\/wp\/v2\/types\/product"}],"replies":[{"embeddable":true,"href":"https:\/\/safetypartners.fi\/kauppa\/wp-json\/wp\/v2\/comments?post=2857"}],"version-history":[{"count":3,"href":"https:\/\/safetypartners.fi\/kauppa\/wp-json\/wp\/v2\/product\/2857\/revisions"}],"predecessor-version":[{"id":3140,"href":"https:\/\/safetypartners.fi\/kauppa\/wp-json\/wp\/v2\/product\/2857\/revisions\/3140"}],"wp:featuredmedia":[{"embeddable":true,"href":"https:\/\/safetypartners.fi\/kauppa\/wp-json\/wp\/v2\/media\/2858"}],"wp:attachment":[{"href":"https:\/\/safetypartners.fi\/kauppa\/wp-json\/wp\/v2\/media?parent=2857"}],"wp:term":[{"taxonomy":"product_brand","embeddable":true,"href":"https:\/\/safetypartners.fi\/kauppa\/wp-json\/wp\/v2\/product_brand?post=2857"},{"taxonomy":"product_cat","embeddable":true,"href":"https:\/\/safetypartners.fi\/kauppa\/wp-json\/wp\/v2\/product_cat?post=2857"},{"taxonomy":"product_tag","embeddable":true,"href":"https:\/\/safetypartners.fi\/kauppa\/wp-json\/wp\/v2\/product_tag?post=2857"}],"curies":[{"name":"wp","href":"https:\/\/api.w.org\/{rel}","templated":true}]}}