{"id":3072,"date":"2025-10-20T10:34:27","date_gmt":"2025-10-20T07:34:27","guid":{"rendered":"https:\/\/safetypartners.fi\/kauppa\/?post_type=product&#038;p=3072"},"modified":"2026-01-29T13:50:33","modified_gmt":"2026-01-29T11:50:33","slug":"pfas-vapaa-vaahtosammutin-6l-27a-144b-housegard","status":"publish","type":"product","link":"https:\/\/safetypartners.fi\/kauppa\/tuote\/pfas-vapaa-vaahtosammutin-6l-27a-144b-housegard","title":{"rendered":"PFAS-vapaa vaahtosammutin 6L, 27A 144B, Housegard"},"content":{"rendered":"<div id=\"description-2\" class=\"js-description-item description-item\">\n<div data-content-type=\"row\" data-appearance=\"contained\" data-element=\"main\">\n<div data-enable-parallax=\"0\" data-parallax-speed=\"0.5\" data-background-images=\"{}\" data-background-type=\"image\" data-video-loop=\"true\" data-video-play-only-visible=\"true\" data-video-lazy-load=\"true\" data-video-fallback-src=\"\" data-element=\"inner\" data-pb-style=\"PFEV81M\">\n<div data-content-type=\"text\" data-appearance=\"default\" data-element=\"main\">\n<p>PFAS-vapaa vaahtosammutin merenkulkuun, teollisuuteen, korjaamoille ja konetiloihin<\/p>\n<p><strong>Ominaisuudet:<\/strong><\/p>\n<ul>\n<li>Paloluokka: A, B<\/li>\n<li>Teholuokka: 27A 144B<\/li>\n<li>Toimintal\u00e4mp\u00f6tila: 0 \u00b0C \/ +60 \u00b0C<\/li>\n<li>Wheelmark-sertifioitu merenkulkua varten<\/li>\n<li>Muut sertifioinnit: EN3, CE<\/li>\n<li>Est\u00e4\u00e4 uudelleen syttymist\u00e4<\/li>\n<li>Sein\u00e4teline mukana<\/li>\n<\/ul>\n<p>Lue lis\u00e4\u00e4 PFAS-yhdisteist\u00e4 ja niist\u00e4 luopumisesta <span style=\"color: #3366ff;\"><a style=\"color: #3366ff;\" href=\"https:\/\/safetypartners.fi\/pfas-yhdisteiden-haitat\/\" target=\"_blank\" rel=\"noopener\"><strong>blogissamme<\/strong><\/a><\/span>.<\/p>\n<p><strong>HUOM<\/strong>: Mik\u00e4li tilaat yhden sammuttimen lis\u00e4ksi muitakin tuotteita, tilaus on yleens\u00e4 toimitettava monipakettil\u00e4hetyksen\u00e4. Matkahuollon pakettiautomaattiin ei voi ohjata usean paketin l\u00e4hetyst\u00e4, joten huomioithan t\u00e4m\u00e4n noutopistett\u00e4 valitessasi.<\/p>\n<\/div>\n<\/div>\n<\/div>\n<\/div>\n","protected":false},"excerpt":{"rendered":"<div class=\"product attribute overview\">\n<div class=\"value\">\n<p><strong>Housegardin FE6HR-C -vaahtosammutin on PFAS-vapaa<\/strong> alkusammutusv\u00e4line ty\u00f6ymp\u00e4rist\u00f6ihin, joissa k\u00e4sitell\u00e4\u00e4n nestemuotoisia, palovaarallisia aineita. Muun muassa \u00f6ljy-, muovi- ja bensiinipalot sammuvat AB-vaahdolla. Sammutin sopii hyvin teollisuuteen, konepajoille, huoltoasemien sis\u00e4tiloihin ja konehuoneisiin.<\/p>\n<p>Korkealaatuisessa sammuttimessa on tehokas skumitulistin \u2013 t\u00e4ysin ilman PFAS-yhdisteit\u00e4. Vaahtosammuttimen toimintal\u00e4mp\u00f6tila on 0\u00b0C&#8230;+60\u00b0C, joten ulkotiloihin sit\u00e4 ei sovi sijoittaa, kylmiss\u00e4 olosuhteissa. Sammutin on sertifioitu merenkulkua varten.<\/p>\n<p><strong>Huom: Kaikki sammuttimemme saapuvat meilt\u00e4 sinulle valmiiksi tarkastettuina. T\u00e4m\u00e4n sammuttimen toimitusaika on 5-7 ty\u00f6p\u00e4iv\u00e4\u00e4.<\/strong><\/p>\n<\/div>\n<\/div>\n","protected":false},"featured_media":3073,"comment_status":"open","ping_status":"closed","template":"","meta":{"_uag_custom_page_level_css":"","site-sidebar-layout":"default","site-content-layout":"default","ast-site-content-layout":"default","site-content-style":"default","site-sidebar-style":"default","ast-global-header-display":"","ast-banner-title-visibility":"","ast-main-header-display":"","ast-hfb-above-header-display":"","ast-hfb-below-header-display":"","ast-hfb-mobile-header-display":"","site-post-title":"","ast-breadcrumbs-content":"","ast-featured-img":"","footer-sml-layout":"","ast-disable-related-posts":"","theme-transparent-header-meta":"default","adv-header-id-meta":"","stick-header-meta":"default","header-above-stick-meta":"","header-main-stick-meta":"","header-below-stick-meta":"","astra-migrate-meta-layouts":"set","ast-page-background-enabled":"default","ast-page-background-meta":{"desktop":{"background-color":"","background-image":"","background-repeat":"repeat","background-position":"center center","background-size":"auto","background-attachment":"scroll","background-type":"","background-media":"","overlay-type":"","overlay-color":"","overlay-opacity":"","overlay-gradient":""},"tablet":{"background-color":"","background-image":"","background-repeat":"repeat","background-position":"center center","background-size":"auto","background-attachment":"scroll","background-type":"","background-media":"","overlay-type":"","overlay-color":"","overlay-opacity":"","overlay-gradient":""},"mobile":{"background-color":"","background-image":"","background-repeat":"repeat","background-position":"center center","background-size":"auto","background-attachment":"scroll","background-type":"","background-media":"","overlay-type":"","overlay-color":"","overlay-opacity":"","overlay-gradient":""}},"ast-content-background-meta":{"desktop":{"background-color":"var(--ast-global-color-5)","background-image":"","background-repeat":"repeat","background-position":"center center","background-size":"auto","background-attachment":"scroll","background-type":"","background-media":"","overlay-type":"","overlay-color":"","overlay-opacity":"","overlay-gradient":""},"tablet":{"background-color":"var(--ast-global-color-5)","background-image":"","background-repeat":"repeat","background-position":"center center","background-size":"auto","background-attachment":"scroll","background-type":"","background-media":"","overlay-type":"","overlay-color":"","overlay-opacity":"","overlay-gradient":""},"mobile":{"background-color":"var(--ast-global-color-5)","background-image":"","background-repeat":"repeat","background-position":"center center","background-size":"auto","background-attachment":"scroll","background-type":"","background-media":"","overlay-type":"","overlay-color":"","overlay-opacity":"","overlay-gradient":""}}},"product_brand":[],"product_cat":[15,30,217],"product_tag":[1225,1226,113,117,357,1228,1224,109,1022,1026,108],"class_list":{"0":"post-3072","1":"product","2":"type-product","3":"status-publish","4":"has-post-thumbnail","6":"product_cat-yleinen","7":"product_cat-paloturvallisuus","8":"product_cat-sammuttimet","9":"product_tag-27a-144b","10":"product_tag-ab-sammutin","11":"product_tag-housegard","12":"product_tag-kasisammutin","13":"product_tag-nestesammutin","14":"product_tag-palosammutin","15":"product_tag-pfas-vapaa","16":"product_tag-sammutin","17":"product_tag-tarkastettu","18":"product_tag-teollisuuteen","19":"product_tag-vaahtosammutin","20":"product_shipping_class-suomi","21":"desktop-align-center","22":"tablet-align-center","23":"mobile-align-center","24":"ast-product-gallery-layout-horizontal-slider","25":"ast-product-tabs-layout-horizontal","27":"first","28":"instock","29":"taxable","30":"shipping-taxable","31":"purchasable","32":"product-type-simple"},"yoast_head":"<!-- This site is optimized with the Yoast SEO plugin v27.3 - https:\/\/yoast.com\/product\/yoast-seo-wordpress\/ -->\n<title>PFAS-vapaa vaahtosammutin 6L, 27A 144B, Housegard - Safety Partners<\/title>\n<meta name=\"description\" content=\"Korkealaatuinen, PFAS-vapaa vaahtosammutin teollisuuteen, konepajoille, korjaamoille ja merenkulkuun. AB-sammuttimen toimintal\u00e4mp\u00f6tila on 0 \u00b0C...+60 \u00b0C.\" \/>\n<meta name=\"robots\" content=\"index, follow, max-snippet:-1, max-image-preview:large, max-video-preview:-1\" \/>\n<link rel=\"canonical\" href=\"https:\/\/safetypartners.fi\/kauppa\/tuote\/pfas-vapaa-vaahtosammutin-6l-27a-144b-housegard\" \/>\n<meta property=\"og:locale\" content=\"fi_FI\" \/>\n<meta property=\"og:type\" content=\"article\" \/>\n<meta property=\"og:title\" content=\"PFAS-vapaa vaahtosammutin 6L, 27A 144B, Housegard - Safety Partners\" \/>\n<meta property=\"og:description\" content=\"Korkealaatuinen, PFAS-vapaa vaahtosammutin teollisuuteen, konepajoille, korjaamoille ja merenkulkuun. AB-sammuttimen toimintal\u00e4mp\u00f6tila on 0 \u00b0C...+60 \u00b0C.\" \/>\n<meta property=\"og:url\" content=\"https:\/\/safetypartners.fi\/kauppa\/tuote\/pfas-vapaa-vaahtosammutin-6l-27a-144b-housegard\" \/>\n<meta property=\"og:site_name\" content=\"Safety Partners\" \/>\n<meta property=\"article:modified_time\" content=\"2026-01-29T11:50:33+00:00\" \/>\n<meta property=\"og:image\" content=\"https:\/\/safetypartners.fi\/kauppa\/wp-content\/uploads\/2025\/10\/Vaahtosammutin-PFAS-vapaa-6L-FE6HR-C-27A-144B.webp\" \/>\n\t<meta property=\"og:image:width\" content=\"1000\" \/>\n\t<meta property=\"og:image:height\" content=\"1500\" \/>\n\t<meta property=\"og:image:type\" content=\"image\/webp\" \/>\n<meta name=\"twitter:card\" content=\"summary_large_image\" \/>\n<meta name=\"twitter:label1\" content=\"Arvioitu lukuaika\" \/>\n\t<meta name=\"twitter:data1\" content=\"1 minuutti\" \/>\n<script type=\"application\/ld+json\" class=\"yoast-schema-graph\">{\"@context\":\"https:\\\/\\\/schema.org\",\"@graph\":[{\"@type\":\"WebPage\",\"@id\":\"https:\\\/\\\/safetypartners.fi\\\/kauppa\\\/tuote\\\/pfas-vapaa-vaahtosammutin-6l-27a-144b-housegard\",\"url\":\"https:\\\/\\\/safetypartners.fi\\\/kauppa\\\/tuote\\\/pfas-vapaa-vaahtosammutin-6l-27a-144b-housegard\",\"name\":\"PFAS-vapaa vaahtosammutin 6L, 27A 144B, Housegard - Safety Partners\",\"isPartOf\":{\"@id\":\"https:\\\/\\\/safetypartners.fi\\\/kauppa\\\/#website\"},\"primaryImageOfPage\":{\"@id\":\"https:\\\/\\\/safetypartners.fi\\\/kauppa\\\/tuote\\\/pfas-vapaa-vaahtosammutin-6l-27a-144b-housegard#primaryimage\"},\"image\":{\"@id\":\"https:\\\/\\\/safetypartners.fi\\\/kauppa\\\/tuote\\\/pfas-vapaa-vaahtosammutin-6l-27a-144b-housegard#primaryimage\"},\"thumbnailUrl\":\"https:\\\/\\\/safetypartners.fi\\\/kauppa\\\/wp-content\\\/uploads\\\/2025\\\/10\\\/Vaahtosammutin-PFAS-vapaa-6L-FE6HR-C-27A-144B.webp\",\"datePublished\":\"2025-10-20T07:34:27+00:00\",\"dateModified\":\"2026-01-29T11:50:33+00:00\",\"description\":\"Korkealaatuinen, PFAS-vapaa vaahtosammutin teollisuuteen, konepajoille, korjaamoille ja merenkulkuun. AB-sammuttimen toimintal\u00e4mp\u00f6tila on 0 \u00b0C...+60 \u00b0C.\",\"breadcrumb\":{\"@id\":\"https:\\\/\\\/safetypartners.fi\\\/kauppa\\\/tuote\\\/pfas-vapaa-vaahtosammutin-6l-27a-144b-housegard#breadcrumb\"},\"inLanguage\":\"fi\",\"potentialAction\":[{\"@type\":\"ReadAction\",\"target\":[\"https:\\\/\\\/safetypartners.fi\\\/kauppa\\\/tuote\\\/pfas-vapaa-vaahtosammutin-6l-27a-144b-housegard\"]}]},{\"@type\":\"ImageObject\",\"inLanguage\":\"fi\",\"@id\":\"https:\\\/\\\/safetypartners.fi\\\/kauppa\\\/tuote\\\/pfas-vapaa-vaahtosammutin-6l-27a-144b-housegard#primaryimage\",\"url\":\"https:\\\/\\\/safetypartners.fi\\\/kauppa\\\/wp-content\\\/uploads\\\/2025\\\/10\\\/Vaahtosammutin-PFAS-vapaa-6L-FE6HR-C-27A-144B.webp\",\"contentUrl\":\"https:\\\/\\\/safetypartners.fi\\\/kauppa\\\/wp-content\\\/uploads\\\/2025\\\/10\\\/Vaahtosammutin-PFAS-vapaa-6L-FE6HR-C-27A-144B.webp\",\"width\":1000,\"height\":1500,\"caption\":\"PFAS-vapaa vaahtosammutin Housegardilta\"},{\"@type\":\"BreadcrumbList\",\"@id\":\"https:\\\/\\\/safetypartners.fi\\\/kauppa\\\/tuote\\\/pfas-vapaa-vaahtosammutin-6l-27a-144b-housegard#breadcrumb\",\"itemListElement\":[{\"@type\":\"ListItem\",\"position\":1,\"name\":\"Home\",\"item\":\"https:\\\/\\\/safetypartners.fi\\\/kauppa\\\/\"},{\"@type\":\"ListItem\",\"position\":2,\"name\":\"Kauppa\",\"item\":\"https:\\\/\\\/safetypartners.fi\\\/kauppa\\\/kauppa\"},{\"@type\":\"ListItem\",\"position\":3,\"name\":\"PFAS-vapaa vaahtosammutin 6L, 27A 144B, Housegard\"}]},{\"@type\":\"WebSite\",\"@id\":\"https:\\\/\\\/safetypartners.fi\\\/kauppa\\\/#website\",\"url\":\"https:\\\/\\\/safetypartners.fi\\\/kauppa\\\/\",\"name\":\"Safety Partners\",\"description\":\"Safety Partners turvakauppa palvelee verkossa 24\\\/7!\",\"publisher\":{\"@id\":\"https:\\\/\\\/safetypartners.fi\\\/kauppa\\\/#organization\"},\"potentialAction\":[{\"@type\":\"SearchAction\",\"target\":{\"@type\":\"EntryPoint\",\"urlTemplate\":\"https:\\\/\\\/safetypartners.fi\\\/kauppa\\\/?s={search_term_string}\"},\"query-input\":{\"@type\":\"PropertyValueSpecification\",\"valueRequired\":true,\"valueName\":\"search_term_string\"}}],\"inLanguage\":\"fi\"},{\"@type\":\"Organization\",\"@id\":\"https:\\\/\\\/safetypartners.fi\\\/kauppa\\\/#organization\",\"name\":\"Safety Partners | Suomen Sammutinpalvelu\",\"url\":\"https:\\\/\\\/safetypartners.fi\\\/kauppa\\\/\",\"logo\":{\"@type\":\"ImageObject\",\"inLanguage\":\"fi\",\"@id\":\"https:\\\/\\\/safetypartners.fi\\\/kauppa\\\/#\\\/schema\\\/logo\\\/image\\\/\",\"url\":\"https:\\\/\\\/safetypartners.fi\\\/kauppa\\\/wp-content\\\/uploads\\\/2020\\\/05\\\/cropped-Logoke-1.jpg\",\"contentUrl\":\"https:\\\/\\\/safetypartners.fi\\\/kauppa\\\/wp-content\\\/uploads\\\/2020\\\/05\\\/cropped-Logoke-1.jpg\",\"width\":847,\"height\":717,\"caption\":\"Safety Partners | Suomen Sammutinpalvelu\"},\"image\":{\"@id\":\"https:\\\/\\\/safetypartners.fi\\\/kauppa\\\/#\\\/schema\\\/logo\\\/image\\\/\"}}]}<\/script>\n<!-- \/ Yoast SEO plugin. -->","yoast_head_json":{"title":"PFAS-vapaa vaahtosammutin 6L, 27A 144B, Housegard - Safety Partners","description":"Korkealaatuinen, PFAS-vapaa vaahtosammutin teollisuuteen, konepajoille, korjaamoille ja merenkulkuun. AB-sammuttimen toimintal\u00e4mp\u00f6tila on 0 \u00b0C...+60 \u00b0C.","robots":{"index":"index","follow":"follow","max-snippet":"max-snippet:-1","max-image-preview":"max-image-preview:large","max-video-preview":"max-video-preview:-1"},"canonical":"https:\/\/safetypartners.fi\/kauppa\/tuote\/pfas-vapaa-vaahtosammutin-6l-27a-144b-housegard","og_locale":"fi_FI","og_type":"article","og_title":"PFAS-vapaa vaahtosammutin 6L, 27A 144B, Housegard - Safety Partners","og_description":"Korkealaatuinen, PFAS-vapaa vaahtosammutin teollisuuteen, konepajoille, korjaamoille ja merenkulkuun. AB-sammuttimen toimintal\u00e4mp\u00f6tila on 0 \u00b0C...+60 \u00b0C.","og_url":"https:\/\/safetypartners.fi\/kauppa\/tuote\/pfas-vapaa-vaahtosammutin-6l-27a-144b-housegard","og_site_name":"Safety Partners","article_modified_time":"2026-01-29T11:50:33+00:00","og_image":[{"width":1000,"height":1500,"url":"https:\/\/safetypartners.fi\/kauppa\/wp-content\/uploads\/2025\/10\/Vaahtosammutin-PFAS-vapaa-6L-FE6HR-C-27A-144B.webp","type":"image\/webp"}],"twitter_card":"summary_large_image","twitter_misc":{"Arvioitu lukuaika":"1 minuutti"},"schema":{"@context":"https:\/\/schema.org","@graph":[{"@type":"WebPage","@id":"https:\/\/safetypartners.fi\/kauppa\/tuote\/pfas-vapaa-vaahtosammutin-6l-27a-144b-housegard","url":"https:\/\/safetypartners.fi\/kauppa\/tuote\/pfas-vapaa-vaahtosammutin-6l-27a-144b-housegard","name":"PFAS-vapaa vaahtosammutin 6L, 27A 144B, Housegard - Safety Partners","isPartOf":{"@id":"https:\/\/safetypartners.fi\/kauppa\/#website"},"primaryImageOfPage":{"@id":"https:\/\/safetypartners.fi\/kauppa\/tuote\/pfas-vapaa-vaahtosammutin-6l-27a-144b-housegard#primaryimage"},"image":{"@id":"https:\/\/safetypartners.fi\/kauppa\/tuote\/pfas-vapaa-vaahtosammutin-6l-27a-144b-housegard#primaryimage"},"thumbnailUrl":"https:\/\/safetypartners.fi\/kauppa\/wp-content\/uploads\/2025\/10\/Vaahtosammutin-PFAS-vapaa-6L-FE6HR-C-27A-144B.webp","datePublished":"2025-10-20T07:34:27+00:00","dateModified":"2026-01-29T11:50:33+00:00","description":"Korkealaatuinen, PFAS-vapaa vaahtosammutin teollisuuteen, konepajoille, korjaamoille ja merenkulkuun. AB-sammuttimen toimintal\u00e4mp\u00f6tila on 0 \u00b0C...+60 \u00b0C.","breadcrumb":{"@id":"https:\/\/safetypartners.fi\/kauppa\/tuote\/pfas-vapaa-vaahtosammutin-6l-27a-144b-housegard#breadcrumb"},"inLanguage":"fi","potentialAction":[{"@type":"ReadAction","target":["https:\/\/safetypartners.fi\/kauppa\/tuote\/pfas-vapaa-vaahtosammutin-6l-27a-144b-housegard"]}]},{"@type":"ImageObject","inLanguage":"fi","@id":"https:\/\/safetypartners.fi\/kauppa\/tuote\/pfas-vapaa-vaahtosammutin-6l-27a-144b-housegard#primaryimage","url":"https:\/\/safetypartners.fi\/kauppa\/wp-content\/uploads\/2025\/10\/Vaahtosammutin-PFAS-vapaa-6L-FE6HR-C-27A-144B.webp","contentUrl":"https:\/\/safetypartners.fi\/kauppa\/wp-content\/uploads\/2025\/10\/Vaahtosammutin-PFAS-vapaa-6L-FE6HR-C-27A-144B.webp","width":1000,"height":1500,"caption":"PFAS-vapaa vaahtosammutin Housegardilta"},{"@type":"BreadcrumbList","@id":"https:\/\/safetypartners.fi\/kauppa\/tuote\/pfas-vapaa-vaahtosammutin-6l-27a-144b-housegard#breadcrumb","itemListElement":[{"@type":"ListItem","position":1,"name":"Home","item":"https:\/\/safetypartners.fi\/kauppa\/"},{"@type":"ListItem","position":2,"name":"Kauppa","item":"https:\/\/safetypartners.fi\/kauppa\/kauppa"},{"@type":"ListItem","position":3,"name":"PFAS-vapaa vaahtosammutin 6L, 27A 144B, Housegard"}]},{"@type":"WebSite","@id":"https:\/\/safetypartners.fi\/kauppa\/#website","url":"https:\/\/safetypartners.fi\/kauppa\/","name":"Safety Partners","description":"Safety Partners turvakauppa palvelee verkossa 24\/7!","publisher":{"@id":"https:\/\/safetypartners.fi\/kauppa\/#organization"},"potentialAction":[{"@type":"SearchAction","target":{"@type":"EntryPoint","urlTemplate":"https:\/\/safetypartners.fi\/kauppa\/?s={search_term_string}"},"query-input":{"@type":"PropertyValueSpecification","valueRequired":true,"valueName":"search_term_string"}}],"inLanguage":"fi"},{"@type":"Organization","@id":"https:\/\/safetypartners.fi\/kauppa\/#organization","name":"Safety Partners | Suomen Sammutinpalvelu","url":"https:\/\/safetypartners.fi\/kauppa\/","logo":{"@type":"ImageObject","inLanguage":"fi","@id":"https:\/\/safetypartners.fi\/kauppa\/#\/schema\/logo\/image\/","url":"https:\/\/safetypartners.fi\/kauppa\/wp-content\/uploads\/2020\/05\/cropped-Logoke-1.jpg","contentUrl":"https:\/\/safetypartners.fi\/kauppa\/wp-content\/uploads\/2020\/05\/cropped-Logoke-1.jpg","width":847,"height":717,"caption":"Safety Partners | Suomen Sammutinpalvelu"},"image":{"@id":"https:\/\/safetypartners.fi\/kauppa\/#\/schema\/logo\/image\/"}}]}},"uagb_featured_image_src":{"full":["https:\/\/safetypartners.fi\/kauppa\/wp-content\/uploads\/2025\/10\/Vaahtosammutin-PFAS-vapaa-6L-FE6HR-C-27A-144B.webp",1000,1500,false],"thumbnail":["https:\/\/safetypartners.fi\/kauppa\/wp-content\/uploads\/2025\/10\/Vaahtosammutin-PFAS-vapaa-6L-FE6HR-C-27A-144B-150x150.webp",150,150,true],"medium":["https:\/\/safetypartners.fi\/kauppa\/wp-content\/uploads\/2025\/10\/Vaahtosammutin-PFAS-vapaa-6L-FE6HR-C-27A-144B-200x300.webp",200,300,true],"medium_large":["https:\/\/safetypartners.fi\/kauppa\/wp-content\/uploads\/2025\/10\/Vaahtosammutin-PFAS-vapaa-6L-FE6HR-C-27A-144B-768x1152.webp",768,1152,true],"large":["https:\/\/safetypartners.fi\/kauppa\/wp-content\/uploads\/2025\/10\/Vaahtosammutin-PFAS-vapaa-6L-FE6HR-C-27A-144B-683x1024.webp",683,1024,true],"1536x1536":["https:\/\/safetypartners.fi\/kauppa\/wp-content\/uploads\/2025\/10\/Vaahtosammutin-PFAS-vapaa-6L-FE6HR-C-27A-144B.webp",1000,1500,false],"2048x2048":["https:\/\/safetypartners.fi\/kauppa\/wp-content\/uploads\/2025\/10\/Vaahtosammutin-PFAS-vapaa-6L-FE6HR-C-27A-144B.webp",1000,1500,false],"woocommerce_thumbnail":["https:\/\/safetypartners.fi\/kauppa\/wp-content\/uploads\/2025\/10\/Vaahtosammutin-PFAS-vapaa-6L-FE6HR-C-27A-144B-300x300.webp",300,300,true],"woocommerce_single":["https:\/\/safetypartners.fi\/kauppa\/wp-content\/uploads\/2025\/10\/Vaahtosammutin-PFAS-vapaa-6L-FE6HR-C-27A-144B-600x900.webp",600,900,true],"woocommerce_gallery_thumbnail":["https:\/\/safetypartners.fi\/kauppa\/wp-content\/uploads\/2025\/10\/Vaahtosammutin-PFAS-vapaa-6L-FE6HR-C-27A-144B-100x100.webp",100,100,true]},"uagb_author_info":{"display_name":"Anu Lehto","author_link":"https:\/\/safetypartners.fi\/kauppa\/author"},"uagb_comment_info":0,"uagb_excerpt":"Housegardin FE6HR-C -vaahtosammutin on PFAS-vapaa alkusammutusv\u00e4line ty\u00f6ymp\u00e4rist\u00f6ihin, joissa k\u00e4sitell\u00e4\u00e4n nestemuotoisia, palovaarallisia aineita. Muun muassa \u00f6ljy-, muovi- ja bensiinipalot sammuvat AB-vaahdolla. Sammutin sopii hyvin teollisuuteen, konepajoille, huoltoasemien sis\u00e4tiloihin ja konehuoneisiin. Korkealaatuisessa sammuttimessa on tehokas skumitulistin \u2013 t\u00e4ysin ilman PFAS-yhdisteit\u00e4. Vaahtosammuttimen toimintal\u00e4mp\u00f6tila on 0\u00b0C...+60\u00b0C, joten ulkotiloihin sit\u00e4 ei sovi sijoittaa, kylmiss\u00e4 olosuhteissa. Sammutin on sertifioitu merenkulkua varten.&hellip;","_links":{"self":[{"href":"https:\/\/safetypartners.fi\/kauppa\/wp-json\/wp\/v2\/product\/3072","targetHints":{"allow":["GET"]}}],"collection":[{"href":"https:\/\/safetypartners.fi\/kauppa\/wp-json\/wp\/v2\/product"}],"about":[{"href":"https:\/\/safetypartners.fi\/kauppa\/wp-json\/wp\/v2\/types\/product"}],"replies":[{"embeddable":true,"href":"https:\/\/safetypartners.fi\/kauppa\/wp-json\/wp\/v2\/comments?post=3072"}],"version-history":[{"count":6,"href":"https:\/\/safetypartners.fi\/kauppa\/wp-json\/wp\/v2\/product\/3072\/revisions"}],"predecessor-version":[{"id":3391,"href":"https:\/\/safetypartners.fi\/kauppa\/wp-json\/wp\/v2\/product\/3072\/revisions\/3391"}],"wp:featuredmedia":[{"embeddable":true,"href":"https:\/\/safetypartners.fi\/kauppa\/wp-json\/wp\/v2\/media\/3073"}],"wp:attachment":[{"href":"https:\/\/safetypartners.fi\/kauppa\/wp-json\/wp\/v2\/media?parent=3072"}],"wp:term":[{"taxonomy":"product_brand","embeddable":true,"href":"https:\/\/safetypartners.fi\/kauppa\/wp-json\/wp\/v2\/product_brand?post=3072"},{"taxonomy":"product_cat","embeddable":true,"href":"https:\/\/safetypartners.fi\/kauppa\/wp-json\/wp\/v2\/product_cat?post=3072"},{"taxonomy":"product_tag","embeddable":true,"href":"https:\/\/safetypartners.fi\/kauppa\/wp-json\/wp\/v2\/product_tag?post=3072"}],"curies":[{"name":"wp","href":"https:\/\/api.w.org\/{rel}","templated":true}]}}