{"id":3088,"date":"2025-10-24T11:32:11","date_gmt":"2025-10-24T08:32:11","guid":{"rendered":"https:\/\/safetypartners.fi\/kauppa\/?post_type=product&#038;p=3088"},"modified":"2026-02-11T12:14:28","modified_gmt":"2026-02-11T10:14:28","slug":"jauhesammutin-6-kg-55a-233b-c","status":"publish","type":"product","link":"https:\/\/safetypartners.fi\/kauppa\/tuote\/jauhesammutin-6-kg-55a-233b-c","title":{"rendered":"Jauhesammutin 6 kg, 55A 233B C"},"content":{"rendered":"<p><b>Jauhesammutin 6 kg sammuttaa palot kaikista materiaaleista:<\/b><br \/>\n&#8211; Orgaaniset materiaalit (paperi, puu, kangas jne.)<br \/>\n&#8211; Palavat nesteet<br \/>\n&#8211; Kaasu<br \/>\n&#8211; S\u00e4hk\u00f6laitteistot 1000V asti<\/p>\n<p><b>K\u00e4ytt\u00f6alueet:<\/b><\/p>\n<ul>\n<li>Talo<\/li>\n<li>Asunto<\/li>\n<li>Vapaa-ajan asunto<\/li>\n<li>Toimisto<\/li>\n<li>Teollisuus<\/li>\n<\/ul>\n<p><b>Teholuokka: <\/b>55A 233B C<br \/>\n<strong>Sammutinmalli<\/strong>: PE6NSR-A<br \/>\nPakkaukseen sis\u00e4ltyy sein\u00e4teline<br \/>\nPaloluokat: ABC<br \/>\n<strong>Toimintal\u00e4mp\u00f6tila<\/strong> -30\u00b0C \/ +60\u00b0C<br \/>\n<strong>Sertifiointi<\/strong>: SS-EN3, CE, Wheelmark<br \/>\nDNV:n lisensoima<\/p>\n<p><strong>HUOM<\/strong>: Mik\u00e4li tilaat yhden sammuttimen lis\u00e4ksi jonkin muun tuotteen, tilaus on yleens\u00e4 toimitettava monipakettil\u00e4hetyksen\u00e4. Matkahuollon pakettiautomaattiin ei voi ohjata usean paketin l\u00e4hetyst\u00e4, joten huomioithan t\u00e4m\u00e4n noutopistett\u00e4 valitessasi.<\/p>\n","protected":false},"excerpt":{"rendered":"<p><strong>Next Safety Group jauhesammutin 6 kg &#8211; huippuluokan sammutusteho kuuden kilon paketissa! <\/strong>55A:n k\u00e4sisammuttimessa on markkinoiden korkein teholuokka. T\u00e4m\u00e4 tarkoittaa, ett\u00e4 kuuden kilon sammutin tukahduttaa my\u00f6s suurehkot tulipalot. T\u00e4m\u00e4 jauhesammutin on ensisijainen valinta omakotitaloon, huoneistoon ja loma-asuntoon, ja hyv\u00e4 valinta my\u00f6s julkiselle sektorille, toimistoihin ja teollisuuteen.<\/p>\n<p>Kuuden kilon jauhesammutin k\u00e4ytt\u00e4\u00e4 sammutusaineenaan ABC-jauhetta, jota voidaan hy\u00f6dynt\u00e4\u00e4 kaikentyyppisten palojen torjuntaan. Sammutin kest\u00e4\u00e4 pakkasia aina -30\u00b0C asti, ja l\u00e4mp\u00f6\u00e4 +60\u00b0C asti.<\/p>\n<p><strong>Huom: Kaikki sammuttimemme saapuvat meilt\u00e4 sinulle valmiiksi tarkastettuina.<\/strong><\/p>\n","protected":false},"featured_media":3089,"comment_status":"open","ping_status":"closed","template":"","meta":{"_uag_custom_page_level_css":"","site-sidebar-layout":"default","site-content-layout":"default","ast-site-content-layout":"default","site-content-style":"default","site-sidebar-style":"default","ast-global-header-display":"","ast-banner-title-visibility":"","ast-main-header-display":"","ast-hfb-above-header-display":"","ast-hfb-below-header-display":"","ast-hfb-mobile-header-display":"","site-post-title":"","ast-breadcrumbs-content":"","ast-featured-img":"","footer-sml-layout":"","ast-disable-related-posts":"","theme-transparent-header-meta":"default","adv-header-id-meta":"","stick-header-meta":"default","header-above-stick-meta":"","header-main-stick-meta":"","header-below-stick-meta":"","astra-migrate-meta-layouts":"set","ast-page-background-enabled":"default","ast-page-background-meta":{"desktop":{"background-color":"","background-image":"","background-repeat":"repeat","background-position":"center center","background-size":"auto","background-attachment":"scroll","background-type":"","background-media":"","overlay-type":"","overlay-color":"","overlay-opacity":"","overlay-gradient":""},"tablet":{"background-color":"","background-image":"","background-repeat":"repeat","background-position":"center center","background-size":"auto","background-attachment":"scroll","background-type":"","background-media":"","overlay-type":"","overlay-color":"","overlay-opacity":"","overlay-gradient":""},"mobile":{"background-color":"","background-image":"","background-repeat":"repeat","background-position":"center center","background-size":"auto","background-attachment":"scroll","background-type":"","background-media":"","overlay-type":"","overlay-color":"","overlay-opacity":"","overlay-gradient":""}},"ast-content-background-meta":{"desktop":{"background-color":"var(--ast-global-color-5)","background-image":"","background-repeat":"repeat","background-position":"center center","background-size":"auto","background-attachment":"scroll","background-type":"","background-media":"","overlay-type":"","overlay-color":"","overlay-opacity":"","overlay-gradient":""},"tablet":{"background-color":"var(--ast-global-color-5)","background-image":"","background-repeat":"repeat","background-position":"center center","background-size":"auto","background-attachment":"scroll","background-type":"","background-media":"","overlay-type":"","overlay-color":"","overlay-opacity":"","overlay-gradient":""},"mobile":{"background-color":"var(--ast-global-color-5)","background-image":"","background-repeat":"repeat","background-position":"center center","background-size":"auto","background-attachment":"scroll","background-type":"","background-media":"","overlay-type":"","overlay-color":"","overlay-opacity":"","overlay-gradient":""}}},"product_brand":[],"product_cat":[15,30,217],"product_tag":[247,251,225,248,1029,117,255,1229,1227,1228,109,1022,617],"class_list":{"0":"post-3088","1":"product","2":"type-product","3":"status-publish","4":"has-post-thumbnail","6":"product_cat-yleinen","7":"product_cat-paloturvallisuus","8":"product_cat-sammuttimet","9":"product_tag-55a","10":"product_tag-abc","11":"product_tag-alkusammutus","12":"product_tag-jauhesammutin","13":"product_tag-kaikkiin-paloihin","14":"product_tag-kasisammutin","15":"product_tag-kestaa-pakkasta","16":"product_tag-next-safety-group","17":"product_tag-nsg","18":"product_tag-palosammutin","19":"product_tag-sammutin","20":"product_tag-tarkastettu","21":"product_tag-tehokas","22":"product_shipping_class-suomi","23":"desktop-align-center","24":"tablet-align-center","25":"mobile-align-center","26":"ast-product-gallery-layout-horizontal-slider","27":"ast-product-gallery-with-no-image","28":"ast-product-tabs-layout-horizontal","30":"first","31":"instock","32":"taxable","33":"shipping-taxable","34":"purchasable","35":"product-type-simple"},"yoast_head":"<!-- This site is optimized with the Yoast SEO plugin v27.3 - https:\/\/yoast.com\/product\/yoast-seo-wordpress\/ -->\n<title>Jauhesammutin 6 kg, 55A 233B C - Safety Partners<\/title>\n<meta name=\"description\" content=\"Jauhesammutin 6 kg - huippuluokan sammutusteho tiukassa paketissa! 55A-teholuokka on markkinoiden korkein ja sill\u00e4 saat tukahdutettua suurempiakin paloja.\" \/>\n<meta name=\"robots\" content=\"index, follow, max-snippet:-1, max-image-preview:large, max-video-preview:-1\" \/>\n<link rel=\"canonical\" href=\"https:\/\/safetypartners.fi\/kauppa\/tuote\/jauhesammutin-6-kg-55a-233b-c\" \/>\n<meta property=\"og:locale\" content=\"fi_FI\" \/>\n<meta property=\"og:type\" content=\"article\" \/>\n<meta property=\"og:title\" content=\"Jauhesammutin 6 kg, 55A 233B C - Safety Partners\" \/>\n<meta property=\"og:description\" content=\"Jauhesammutin 6 kg - huippuluokan sammutusteho tiukassa paketissa! 55A-teholuokka on markkinoiden korkein ja sill\u00e4 saat tukahdutettua suurempiakin paloja.\" \/>\n<meta property=\"og:url\" content=\"https:\/\/safetypartners.fi\/kauppa\/tuote\/jauhesammutin-6-kg-55a-233b-c\" \/>\n<meta property=\"og:site_name\" content=\"Safety Partners\" \/>\n<meta property=\"article:modified_time\" content=\"2026-02-11T10:14:28+00:00\" \/>\n<meta property=\"og:image\" content=\"https:\/\/safetypartners.fi\/kauppa\/wp-content\/uploads\/2025\/10\/NSG-6-kg-jauhesammutin-PE6NSR-A.webp\" \/>\n\t<meta property=\"og:image:width\" content=\"1280\" \/>\n\t<meta property=\"og:image:height\" content=\"1920\" \/>\n\t<meta property=\"og:image:type\" content=\"image\/webp\" \/>\n<meta name=\"twitter:card\" content=\"summary_large_image\" \/>\n<meta name=\"twitter:label1\" content=\"Arvioitu lukuaika\" \/>\n\t<meta name=\"twitter:data1\" content=\"1 minuutti\" \/>\n<script type=\"application\/ld+json\" class=\"yoast-schema-graph\">{\"@context\":\"https:\\\/\\\/schema.org\",\"@graph\":[{\"@type\":\"WebPage\",\"@id\":\"https:\\\/\\\/safetypartners.fi\\\/kauppa\\\/tuote\\\/jauhesammutin-6-kg-55a-233b-c\",\"url\":\"https:\\\/\\\/safetypartners.fi\\\/kauppa\\\/tuote\\\/jauhesammutin-6-kg-55a-233b-c\",\"name\":\"Jauhesammutin 6 kg, 55A 233B C - Safety Partners\",\"isPartOf\":{\"@id\":\"https:\\\/\\\/safetypartners.fi\\\/kauppa\\\/#website\"},\"primaryImageOfPage\":{\"@id\":\"https:\\\/\\\/safetypartners.fi\\\/kauppa\\\/tuote\\\/jauhesammutin-6-kg-55a-233b-c#primaryimage\"},\"image\":{\"@id\":\"https:\\\/\\\/safetypartners.fi\\\/kauppa\\\/tuote\\\/jauhesammutin-6-kg-55a-233b-c#primaryimage\"},\"thumbnailUrl\":\"https:\\\/\\\/safetypartners.fi\\\/kauppa\\\/wp-content\\\/uploads\\\/2025\\\/10\\\/NSG-6-kg-jauhesammutin-PE6NSR-A.webp\",\"datePublished\":\"2025-10-24T08:32:11+00:00\",\"dateModified\":\"2026-02-11T10:14:28+00:00\",\"description\":\"Jauhesammutin 6 kg - huippuluokan sammutusteho tiukassa paketissa! 55A-teholuokka on markkinoiden korkein ja sill\u00e4 saat tukahdutettua suurempiakin paloja.\",\"breadcrumb\":{\"@id\":\"https:\\\/\\\/safetypartners.fi\\\/kauppa\\\/tuote\\\/jauhesammutin-6-kg-55a-233b-c#breadcrumb\"},\"inLanguage\":\"fi\",\"potentialAction\":[{\"@type\":\"ReadAction\",\"target\":[\"https:\\\/\\\/safetypartners.fi\\\/kauppa\\\/tuote\\\/jauhesammutin-6-kg-55a-233b-c\"]}]},{\"@type\":\"ImageObject\",\"inLanguage\":\"fi\",\"@id\":\"https:\\\/\\\/safetypartners.fi\\\/kauppa\\\/tuote\\\/jauhesammutin-6-kg-55a-233b-c#primaryimage\",\"url\":\"https:\\\/\\\/safetypartners.fi\\\/kauppa\\\/wp-content\\\/uploads\\\/2025\\\/10\\\/NSG-6-kg-jauhesammutin-PE6NSR-A.webp\",\"contentUrl\":\"https:\\\/\\\/safetypartners.fi\\\/kauppa\\\/wp-content\\\/uploads\\\/2025\\\/10\\\/NSG-6-kg-jauhesammutin-PE6NSR-A.webp\",\"width\":1280,\"height\":1920,\"caption\":\"Next Safety Group 6 kg 55A sammutin\"},{\"@type\":\"BreadcrumbList\",\"@id\":\"https:\\\/\\\/safetypartners.fi\\\/kauppa\\\/tuote\\\/jauhesammutin-6-kg-55a-233b-c#breadcrumb\",\"itemListElement\":[{\"@type\":\"ListItem\",\"position\":1,\"name\":\"Home\",\"item\":\"https:\\\/\\\/safetypartners.fi\\\/kauppa\\\/\"},{\"@type\":\"ListItem\",\"position\":2,\"name\":\"Kauppa\",\"item\":\"https:\\\/\\\/safetypartners.fi\\\/kauppa\\\/kauppa\"},{\"@type\":\"ListItem\",\"position\":3,\"name\":\"Jauhesammutin 6 kg, 55A 233B C\"}]},{\"@type\":\"WebSite\",\"@id\":\"https:\\\/\\\/safetypartners.fi\\\/kauppa\\\/#website\",\"url\":\"https:\\\/\\\/safetypartners.fi\\\/kauppa\\\/\",\"name\":\"Safety Partners\",\"description\":\"Safety Partners turvakauppa palvelee verkossa 24\\\/7!\",\"publisher\":{\"@id\":\"https:\\\/\\\/safetypartners.fi\\\/kauppa\\\/#organization\"},\"potentialAction\":[{\"@type\":\"SearchAction\",\"target\":{\"@type\":\"EntryPoint\",\"urlTemplate\":\"https:\\\/\\\/safetypartners.fi\\\/kauppa\\\/?s={search_term_string}\"},\"query-input\":{\"@type\":\"PropertyValueSpecification\",\"valueRequired\":true,\"valueName\":\"search_term_string\"}}],\"inLanguage\":\"fi\"},{\"@type\":\"Organization\",\"@id\":\"https:\\\/\\\/safetypartners.fi\\\/kauppa\\\/#organization\",\"name\":\"Safety Partners | Suomen Sammutinpalvelu\",\"url\":\"https:\\\/\\\/safetypartners.fi\\\/kauppa\\\/\",\"logo\":{\"@type\":\"ImageObject\",\"inLanguage\":\"fi\",\"@id\":\"https:\\\/\\\/safetypartners.fi\\\/kauppa\\\/#\\\/schema\\\/logo\\\/image\\\/\",\"url\":\"https:\\\/\\\/safetypartners.fi\\\/kauppa\\\/wp-content\\\/uploads\\\/2020\\\/05\\\/cropped-Logoke-1.jpg\",\"contentUrl\":\"https:\\\/\\\/safetypartners.fi\\\/kauppa\\\/wp-content\\\/uploads\\\/2020\\\/05\\\/cropped-Logoke-1.jpg\",\"width\":847,\"height\":717,\"caption\":\"Safety Partners | Suomen Sammutinpalvelu\"},\"image\":{\"@id\":\"https:\\\/\\\/safetypartners.fi\\\/kauppa\\\/#\\\/schema\\\/logo\\\/image\\\/\"}}]}<\/script>\n<!-- \/ Yoast SEO plugin. -->","yoast_head_json":{"title":"Jauhesammutin 6 kg, 55A 233B C - Safety Partners","description":"Jauhesammutin 6 kg - huippuluokan sammutusteho tiukassa paketissa! 55A-teholuokka on markkinoiden korkein ja sill\u00e4 saat tukahdutettua suurempiakin paloja.","robots":{"index":"index","follow":"follow","max-snippet":"max-snippet:-1","max-image-preview":"max-image-preview:large","max-video-preview":"max-video-preview:-1"},"canonical":"https:\/\/safetypartners.fi\/kauppa\/tuote\/jauhesammutin-6-kg-55a-233b-c","og_locale":"fi_FI","og_type":"article","og_title":"Jauhesammutin 6 kg, 55A 233B C - Safety Partners","og_description":"Jauhesammutin 6 kg - huippuluokan sammutusteho tiukassa paketissa! 55A-teholuokka on markkinoiden korkein ja sill\u00e4 saat tukahdutettua suurempiakin paloja.","og_url":"https:\/\/safetypartners.fi\/kauppa\/tuote\/jauhesammutin-6-kg-55a-233b-c","og_site_name":"Safety Partners","article_modified_time":"2026-02-11T10:14:28+00:00","og_image":[{"width":1280,"height":1920,"url":"https:\/\/safetypartners.fi\/kauppa\/wp-content\/uploads\/2025\/10\/NSG-6-kg-jauhesammutin-PE6NSR-A.webp","type":"image\/webp"}],"twitter_card":"summary_large_image","twitter_misc":{"Arvioitu lukuaika":"1 minuutti"},"schema":{"@context":"https:\/\/schema.org","@graph":[{"@type":"WebPage","@id":"https:\/\/safetypartners.fi\/kauppa\/tuote\/jauhesammutin-6-kg-55a-233b-c","url":"https:\/\/safetypartners.fi\/kauppa\/tuote\/jauhesammutin-6-kg-55a-233b-c","name":"Jauhesammutin 6 kg, 55A 233B C - Safety Partners","isPartOf":{"@id":"https:\/\/safetypartners.fi\/kauppa\/#website"},"primaryImageOfPage":{"@id":"https:\/\/safetypartners.fi\/kauppa\/tuote\/jauhesammutin-6-kg-55a-233b-c#primaryimage"},"image":{"@id":"https:\/\/safetypartners.fi\/kauppa\/tuote\/jauhesammutin-6-kg-55a-233b-c#primaryimage"},"thumbnailUrl":"https:\/\/safetypartners.fi\/kauppa\/wp-content\/uploads\/2025\/10\/NSG-6-kg-jauhesammutin-PE6NSR-A.webp","datePublished":"2025-10-24T08:32:11+00:00","dateModified":"2026-02-11T10:14:28+00:00","description":"Jauhesammutin 6 kg - huippuluokan sammutusteho tiukassa paketissa! 55A-teholuokka on markkinoiden korkein ja sill\u00e4 saat tukahdutettua suurempiakin paloja.","breadcrumb":{"@id":"https:\/\/safetypartners.fi\/kauppa\/tuote\/jauhesammutin-6-kg-55a-233b-c#breadcrumb"},"inLanguage":"fi","potentialAction":[{"@type":"ReadAction","target":["https:\/\/safetypartners.fi\/kauppa\/tuote\/jauhesammutin-6-kg-55a-233b-c"]}]},{"@type":"ImageObject","inLanguage":"fi","@id":"https:\/\/safetypartners.fi\/kauppa\/tuote\/jauhesammutin-6-kg-55a-233b-c#primaryimage","url":"https:\/\/safetypartners.fi\/kauppa\/wp-content\/uploads\/2025\/10\/NSG-6-kg-jauhesammutin-PE6NSR-A.webp","contentUrl":"https:\/\/safetypartners.fi\/kauppa\/wp-content\/uploads\/2025\/10\/NSG-6-kg-jauhesammutin-PE6NSR-A.webp","width":1280,"height":1920,"caption":"Next Safety Group 6 kg 55A sammutin"},{"@type":"BreadcrumbList","@id":"https:\/\/safetypartners.fi\/kauppa\/tuote\/jauhesammutin-6-kg-55a-233b-c#breadcrumb","itemListElement":[{"@type":"ListItem","position":1,"name":"Home","item":"https:\/\/safetypartners.fi\/kauppa\/"},{"@type":"ListItem","position":2,"name":"Kauppa","item":"https:\/\/safetypartners.fi\/kauppa\/kauppa"},{"@type":"ListItem","position":3,"name":"Jauhesammutin 6 kg, 55A 233B C"}]},{"@type":"WebSite","@id":"https:\/\/safetypartners.fi\/kauppa\/#website","url":"https:\/\/safetypartners.fi\/kauppa\/","name":"Safety Partners","description":"Safety Partners turvakauppa palvelee verkossa 24\/7!","publisher":{"@id":"https:\/\/safetypartners.fi\/kauppa\/#organization"},"potentialAction":[{"@type":"SearchAction","target":{"@type":"EntryPoint","urlTemplate":"https:\/\/safetypartners.fi\/kauppa\/?s={search_term_string}"},"query-input":{"@type":"PropertyValueSpecification","valueRequired":true,"valueName":"search_term_string"}}],"inLanguage":"fi"},{"@type":"Organization","@id":"https:\/\/safetypartners.fi\/kauppa\/#organization","name":"Safety Partners | Suomen Sammutinpalvelu","url":"https:\/\/safetypartners.fi\/kauppa\/","logo":{"@type":"ImageObject","inLanguage":"fi","@id":"https:\/\/safetypartners.fi\/kauppa\/#\/schema\/logo\/image\/","url":"https:\/\/safetypartners.fi\/kauppa\/wp-content\/uploads\/2020\/05\/cropped-Logoke-1.jpg","contentUrl":"https:\/\/safetypartners.fi\/kauppa\/wp-content\/uploads\/2020\/05\/cropped-Logoke-1.jpg","width":847,"height":717,"caption":"Safety Partners | Suomen Sammutinpalvelu"},"image":{"@id":"https:\/\/safetypartners.fi\/kauppa\/#\/schema\/logo\/image\/"}}]}},"uagb_featured_image_src":{"full":["https:\/\/safetypartners.fi\/kauppa\/wp-content\/uploads\/2025\/10\/NSG-6-kg-jauhesammutin-PE6NSR-A.webp",1280,1920,false],"thumbnail":["https:\/\/safetypartners.fi\/kauppa\/wp-content\/uploads\/2025\/10\/NSG-6-kg-jauhesammutin-PE6NSR-A-150x150.webp",150,150,true],"medium":["https:\/\/safetypartners.fi\/kauppa\/wp-content\/uploads\/2025\/10\/NSG-6-kg-jauhesammutin-PE6NSR-A-200x300.webp",200,300,true],"medium_large":["https:\/\/safetypartners.fi\/kauppa\/wp-content\/uploads\/2025\/10\/NSG-6-kg-jauhesammutin-PE6NSR-A-768x1152.webp",768,1152,true],"large":["https:\/\/safetypartners.fi\/kauppa\/wp-content\/uploads\/2025\/10\/NSG-6-kg-jauhesammutin-PE6NSR-A-683x1024.webp",683,1024,true],"1536x1536":["https:\/\/safetypartners.fi\/kauppa\/wp-content\/uploads\/2025\/10\/NSG-6-kg-jauhesammutin-PE6NSR-A-1024x1536.webp",1024,1536,true],"2048x2048":["https:\/\/safetypartners.fi\/kauppa\/wp-content\/uploads\/2025\/10\/NSG-6-kg-jauhesammutin-PE6NSR-A-1365x2048.webp",1280,1920,true],"woocommerce_thumbnail":["https:\/\/safetypartners.fi\/kauppa\/wp-content\/uploads\/2025\/10\/NSG-6-kg-jauhesammutin-PE6NSR-A-300x300.webp",300,300,true],"woocommerce_single":["https:\/\/safetypartners.fi\/kauppa\/wp-content\/uploads\/2025\/10\/NSG-6-kg-jauhesammutin-PE6NSR-A-600x900.webp",600,900,true],"woocommerce_gallery_thumbnail":["https:\/\/safetypartners.fi\/kauppa\/wp-content\/uploads\/2025\/10\/NSG-6-kg-jauhesammutin-PE6NSR-A-100x100.webp",100,100,true]},"uagb_author_info":{"display_name":"Anu Lehto","author_link":"https:\/\/safetypartners.fi\/kauppa\/author"},"uagb_comment_info":0,"uagb_excerpt":"Next Safety Group jauhesammutin 6 kg - huippuluokan sammutusteho kuuden kilon paketissa! 55A:n k\u00e4sisammuttimessa on markkinoiden korkein teholuokka. T\u00e4m\u00e4 tarkoittaa, ett\u00e4 kuuden kilon sammutin tukahduttaa my\u00f6s suurehkot tulipalot. T\u00e4m\u00e4 jauhesammutin on ensisijainen valinta omakotitaloon, huoneistoon ja loma-asuntoon, ja hyv\u00e4 valinta my\u00f6s julkiselle sektorille, toimistoihin ja teollisuuteen. Kuuden kilon jauhesammutin k\u00e4ytt\u00e4\u00e4 sammutusaineenaan ABC-jauhetta, jota voidaan hy\u00f6dynt\u00e4\u00e4&hellip;","_links":{"self":[{"href":"https:\/\/safetypartners.fi\/kauppa\/wp-json\/wp\/v2\/product\/3088","targetHints":{"allow":["GET"]}}],"collection":[{"href":"https:\/\/safetypartners.fi\/kauppa\/wp-json\/wp\/v2\/product"}],"about":[{"href":"https:\/\/safetypartners.fi\/kauppa\/wp-json\/wp\/v2\/types\/product"}],"replies":[{"embeddable":true,"href":"https:\/\/safetypartners.fi\/kauppa\/wp-json\/wp\/v2\/comments?post=3088"}],"version-history":[{"count":1,"href":"https:\/\/safetypartners.fi\/kauppa\/wp-json\/wp\/v2\/product\/3088\/revisions"}],"predecessor-version":[{"id":3090,"href":"https:\/\/safetypartners.fi\/kauppa\/wp-json\/wp\/v2\/product\/3088\/revisions\/3090"}],"wp:featuredmedia":[{"embeddable":true,"href":"https:\/\/safetypartners.fi\/kauppa\/wp-json\/wp\/v2\/media\/3089"}],"wp:attachment":[{"href":"https:\/\/safetypartners.fi\/kauppa\/wp-json\/wp\/v2\/media?parent=3088"}],"wp:term":[{"taxonomy":"product_brand","embeddable":true,"href":"https:\/\/safetypartners.fi\/kauppa\/wp-json\/wp\/v2\/product_brand?post=3088"},{"taxonomy":"product_cat","embeddable":true,"href":"https:\/\/safetypartners.fi\/kauppa\/wp-json\/wp\/v2\/product_cat?post=3088"},{"taxonomy":"product_tag","embeddable":true,"href":"https:\/\/safetypartners.fi\/kauppa\/wp-json\/wp\/v2\/product_tag?post=3088"}],"curies":[{"name":"wp","href":"https:\/\/api.w.org\/{rel}","templated":true}]}}