{"id":3406,"date":"2026-02-17T11:50:40","date_gmt":"2026-02-17T09:50:40","guid":{"rendered":"https:\/\/safetypartners.fi\/kauppa\/?post_type=product&#038;p=3406"},"modified":"2026-02-17T12:27:00","modified_gmt":"2026-02-17T10:27:00","slug":"fireangel-langaton-hakavaroitin-10-vuoden-paristolla","status":"publish","type":"product","link":"https:\/\/safetypartners.fi\/kauppa\/tuote\/fireangel-langaton-hakavaroitin-10-vuoden-paristolla","title":{"rendered":"FireAngel langaton h\u00e4k\u00e4varoitin 10 vuoden paristolla"},"content":{"rendered":"<p>FireAngel-sarjan h\u00e4k\u00e4varoitin, yhteenliitett\u00e4viss\u00e4 sarjan muihin varoittimiin. Sijoita varoitin mahdollisimman l\u00e4helle nukkumapaikkoja ja varmista, ett\u00e4 makuuhuoneessa olevat ihmiset<br \/>\nkuulevat varoittimen h\u00e4lytyksen. Asenna jokaiseen kerrokseen v\u00e4hint\u00e4\u00e4n yksi varoitin.<\/p>\n<p>Puhdista h\u00e4k\u00e4varoitin v\u00e4hint\u00e4\u00e4n kerran kuukaudessa p\u00f6lyst\u00e4, liasta ja roskista. K\u00e4yt\u00e4 pehme\u00e4\u00e4 harjaa tai<br \/>\nerikoissuulaketta ja imuroi varoittimen kotelo kaikilta sivuilta. Tarkasta, ett\u00e4 ilma-aukot eiv\u00e4t ole tukossa.<br \/>\nPuhdista varoittimen kotelo tarvittaessa kostealla liinalla. \u00c4l\u00e4 yrit\u00e4 avata koteloa ja puhdistaa varoittimen sis\u00e4puolta. Se johtaa takuun raukeamiseen.<\/p>\n<ul>\n<li><strong>10 vuoden <\/strong>sinet\u00f6ity litiumparisto<\/li>\n<li><strong>Yhteenliitett\u00e4vyys: <\/strong>Kyll\u00e4<\/li>\n<li><strong>Testaus:<\/strong>\u00a0Iso keskitetty testi- ja hiljennyspainike<\/li>\n<li><strong>Hyv\u00e4ksynn\u00e4t:<\/strong> CE-merkitty, viranomaisten hyv\u00e4ksym\u00e4<\/li>\n<li><strong>Takuu:<\/strong> 5 vuotta<\/li>\n<\/ul>\n<p>Tutustu h\u00e4k\u00e4varoittimen k\u00e4ytt\u00f6ohjeeseen <a href=\"https:\/\/gpbmnordic.com\/Product\/Files\/Global\/604023%20Manual%20FireAngel%20NM-CO-10X.pdf\" target=\"_blank\" rel=\"noopener\"><strong><span style=\"color: #3366ff;\">t\u00e4\u00e4ll\u00e4<\/span><\/strong><\/a>.<\/p>\n","protected":false},"excerpt":{"rendered":"<p><strong>FireAngelin<\/strong> <strong>langattomassa NM-CO-10X -h\u00e4k\u00e4varoittimessa<\/strong> on valmiina 10 vuoden litiumparisto. Edistyksellinen s\u00e4hk\u00f6kemiallinen sensori tunnistaa CO-kaasun. Monitoimipainike helpottaa testaamista\/mykist\u00e4mist\u00e4, ja paikantamista. 10 vuoden sinet\u00f6ity litiumparisto kest\u00e4\u00e4 l\u00e4pi varoittimen suositellun k\u00e4ytt\u00f6i\u00e4n. W2-modulin avulla jopa 50 h\u00e4lytyst\u00e4 voidaan yhdist\u00e4\u00e4 langattomasti. <strong><span style=\"color: #3366ff;\"><a style=\"color: #3366ff;\" href=\"https:\/\/safetypartners.fi\/kauppa\/yhteystiedot\" target=\"_blank\" rel=\"noopener\">Ota meihin yhteytt\u00e4<\/a><\/span><\/strong>, mik\u00e4li olet kiinnostunut hankkimaan W2-modulin.<\/p>\n<p>H\u00e4k\u00e4varoitin asennetaan hengitysilman korkeudelle sein\u00e4lle. Sopii tiloihin,\u00a0joissa on merkitt\u00e4v\u00e4 riski h\u00e4k\u00e4kaasun muodostumiselle, kuten takkahuoneeseen, puulieden l\u00e4heisyyteen ja l\u00e4mmitett\u00e4v\u00e4\u00e4n veneeseen.<\/p>\n","protected":false},"featured_media":3407,"comment_status":"open","ping_status":"closed","template":"","meta":{"_uag_custom_page_level_css":"","site-sidebar-layout":"default","site-content-layout":"","ast-site-content-layout":"default","site-content-style":"default","site-sidebar-style":"default","ast-global-header-display":"","ast-banner-title-visibility":"","ast-main-header-display":"","ast-hfb-above-header-display":"","ast-hfb-below-header-display":"","ast-hfb-mobile-header-display":"","site-post-title":"","ast-breadcrumbs-content":"","ast-featured-img":"","footer-sml-layout":"","ast-disable-related-posts":"","theme-transparent-header-meta":"default","adv-header-id-meta":"","stick-header-meta":"default","header-above-stick-meta":"","header-main-stick-meta":"","header-below-stick-meta":"","astra-migrate-meta-layouts":"set","ast-page-background-enabled":"default","ast-page-background-meta":{"desktop":{"background-color":"","background-image":"","background-repeat":"repeat","background-position":"center center","background-size":"auto","background-attachment":"scroll","background-type":"","background-media":"","overlay-type":"","overlay-color":"","overlay-opacity":"","overlay-gradient":""},"tablet":{"background-color":"","background-image":"","background-repeat":"repeat","background-position":"center center","background-size":"auto","background-attachment":"scroll","background-type":"","background-media":"","overlay-type":"","overlay-color":"","overlay-opacity":"","overlay-gradient":""},"mobile":{"background-color":"","background-image":"","background-repeat":"repeat","background-position":"center center","background-size":"auto","background-attachment":"scroll","background-type":"","background-media":"","overlay-type":"","overlay-color":"","overlay-opacity":"","overlay-gradient":""}},"ast-content-background-meta":{"desktop":{"background-color":"var(--ast-global-color-5)","background-image":"","background-repeat":"repeat","background-position":"center center","background-size":"auto","background-attachment":"scroll","background-type":"","background-media":"","overlay-type":"","overlay-color":"","overlay-opacity":"","overlay-gradient":""},"tablet":{"background-color":"var(--ast-global-color-5)","background-image":"","background-repeat":"repeat","background-position":"center center","background-size":"auto","background-attachment":"scroll","background-type":"","background-media":"","overlay-type":"","overlay-color":"","overlay-opacity":"","overlay-gradient":""},"mobile":{"background-color":"var(--ast-global-color-5)","background-image":"","background-repeat":"repeat","background-position":"center center","background-size":"auto","background-attachment":"scroll","background-type":"","background-media":"","overlay-type":"","overlay-color":"","overlay-opacity":"","overlay-gradient":""}}},"product_brand":[],"product_cat":[314,15,30],"product_tag":[332,478,417,422,415,331,487,337,480,327,481,705,1233],"class_list":{"0":"post-3406","1":"product","2":"type-product","3":"status-publish","4":"has-post-thumbnail","6":"product_cat-hakavaroittimet","7":"product_cat-yleinen","8":"product_cat-paloturvallisuus","9":"product_tag-10-vuoden-paristo","10":"product_tag-ammattikayttoon","11":"product_tag-fireangel","12":"product_tag-haka","13":"product_tag-hakavaroitin","14":"product_tag-halytin","15":"product_tag-kaasu","16":"product_tag-laadukas","17":"product_tag-lammontunnistus","18":"product_tag-langaton","19":"product_tag-litiumakku","20":"product_tag-sarja","21":"product_tag-yhdistettava","22":"product_shipping_class-suomi","23":"desktop-align-center","24":"tablet-align-center","25":"mobile-align-center","26":"ast-product-gallery-layout-horizontal-slider","27":"ast-product-gallery-with-no-image","28":"ast-product-tabs-layout-horizontal","30":"first","31":"instock","32":"sale","33":"taxable","34":"shipping-taxable","35":"purchasable","36":"product-type-simple"},"yoast_head":"<!-- This site is optimized with the Yoast SEO plugin v27.3 - https:\/\/yoast.com\/product\/yoast-seo-wordpress\/ -->\n<title>FireAngel langaton h\u00e4k\u00e4varoitin 10 vuoden paristolla - Safety Partners<\/title>\n<meta name=\"description\" content=\"Langaton h\u00e4k\u00e4varoitin 10 vuoden litiumparistolla | Edistyksellinen s\u00e4hk\u00f6kemiallinen sensori h\u00e4lytt\u00e4\u00e4 h\u00e4\u00e4st\u00e4 ajoissa. Yhdistett\u00e4v\u00e4, sarjaanliitett\u00e4v\u00e4.\" \/>\n<meta name=\"robots\" content=\"index, follow, max-snippet:-1, max-image-preview:large, max-video-preview:-1\" \/>\n<link rel=\"canonical\" href=\"https:\/\/safetypartners.fi\/kauppa\/tuote\/fireangel-langaton-hakavaroitin-10-vuoden-paristolla\" \/>\n<meta property=\"og:locale\" content=\"fi_FI\" \/>\n<meta property=\"og:type\" content=\"article\" \/>\n<meta property=\"og:title\" content=\"FireAngel langaton h\u00e4k\u00e4varoitin 10 vuoden paristolla - Safety Partners\" \/>\n<meta property=\"og:description\" content=\"Langaton h\u00e4k\u00e4varoitin 10 vuoden litiumparistolla | Edistyksellinen s\u00e4hk\u00f6kemiallinen sensori h\u00e4lytt\u00e4\u00e4 h\u00e4\u00e4st\u00e4 ajoissa. Yhdistett\u00e4v\u00e4, sarjaanliitett\u00e4v\u00e4.\" \/>\n<meta property=\"og:url\" content=\"https:\/\/safetypartners.fi\/kauppa\/tuote\/fireangel-langaton-hakavaroitin-10-vuoden-paristolla\" \/>\n<meta property=\"og:site_name\" content=\"Safety Partners\" \/>\n<meta property=\"article:modified_time\" content=\"2026-02-17T10:27:00+00:00\" \/>\n<meta property=\"og:image\" content=\"https:\/\/safetypartners.fi\/kauppa\/wp-content\/uploads\/2026\/02\/FireAngel-hakavaroitin.png\" \/>\n\t<meta property=\"og:image:width\" content=\"1232\" \/>\n\t<meta property=\"og:image:height\" content=\"1094\" \/>\n\t<meta property=\"og:image:type\" content=\"image\/png\" \/>\n<meta name=\"twitter:card\" content=\"summary_large_image\" \/>\n<meta name=\"twitter:label1\" content=\"Arvioitu lukuaika\" \/>\n\t<meta name=\"twitter:data1\" content=\"1 minuutti\" \/>\n<script type=\"application\/ld+json\" class=\"yoast-schema-graph\">{\"@context\":\"https:\\\/\\\/schema.org\",\"@graph\":[{\"@type\":\"WebPage\",\"@id\":\"https:\\\/\\\/safetypartners.fi\\\/kauppa\\\/tuote\\\/fireangel-langaton-hakavaroitin-10-vuoden-paristolla\",\"url\":\"https:\\\/\\\/safetypartners.fi\\\/kauppa\\\/tuote\\\/fireangel-langaton-hakavaroitin-10-vuoden-paristolla\",\"name\":\"FireAngel langaton h\u00e4k\u00e4varoitin 10 vuoden paristolla - Safety Partners\",\"isPartOf\":{\"@id\":\"https:\\\/\\\/safetypartners.fi\\\/kauppa\\\/#website\"},\"primaryImageOfPage\":{\"@id\":\"https:\\\/\\\/safetypartners.fi\\\/kauppa\\\/tuote\\\/fireangel-langaton-hakavaroitin-10-vuoden-paristolla#primaryimage\"},\"image\":{\"@id\":\"https:\\\/\\\/safetypartners.fi\\\/kauppa\\\/tuote\\\/fireangel-langaton-hakavaroitin-10-vuoden-paristolla#primaryimage\"},\"thumbnailUrl\":\"https:\\\/\\\/safetypartners.fi\\\/kauppa\\\/wp-content\\\/uploads\\\/2026\\\/02\\\/FireAngel-hakavaroitin.png\",\"datePublished\":\"2026-02-17T09:50:40+00:00\",\"dateModified\":\"2026-02-17T10:27:00+00:00\",\"description\":\"Langaton h\u00e4k\u00e4varoitin 10 vuoden litiumparistolla | Edistyksellinen s\u00e4hk\u00f6kemiallinen sensori h\u00e4lytt\u00e4\u00e4 h\u00e4\u00e4st\u00e4 ajoissa. Yhdistett\u00e4v\u00e4, sarjaanliitett\u00e4v\u00e4.\",\"breadcrumb\":{\"@id\":\"https:\\\/\\\/safetypartners.fi\\\/kauppa\\\/tuote\\\/fireangel-langaton-hakavaroitin-10-vuoden-paristolla#breadcrumb\"},\"inLanguage\":\"fi\",\"potentialAction\":[{\"@type\":\"ReadAction\",\"target\":[\"https:\\\/\\\/safetypartners.fi\\\/kauppa\\\/tuote\\\/fireangel-langaton-hakavaroitin-10-vuoden-paristolla\"]}]},{\"@type\":\"ImageObject\",\"inLanguage\":\"fi\",\"@id\":\"https:\\\/\\\/safetypartners.fi\\\/kauppa\\\/tuote\\\/fireangel-langaton-hakavaroitin-10-vuoden-paristolla#primaryimage\",\"url\":\"https:\\\/\\\/safetypartners.fi\\\/kauppa\\\/wp-content\\\/uploads\\\/2026\\\/02\\\/FireAngel-hakavaroitin.png\",\"contentUrl\":\"https:\\\/\\\/safetypartners.fi\\\/kauppa\\\/wp-content\\\/uploads\\\/2026\\\/02\\\/FireAngel-hakavaroitin.png\",\"width\":1232,\"height\":1094,\"caption\":\"Langaton h\u00e4k\u00e4varoitin, NM-CO-10X\"},{\"@type\":\"BreadcrumbList\",\"@id\":\"https:\\\/\\\/safetypartners.fi\\\/kauppa\\\/tuote\\\/fireangel-langaton-hakavaroitin-10-vuoden-paristolla#breadcrumb\",\"itemListElement\":[{\"@type\":\"ListItem\",\"position\":1,\"name\":\"Home\",\"item\":\"https:\\\/\\\/safetypartners.fi\\\/kauppa\\\/\"},{\"@type\":\"ListItem\",\"position\":2,\"name\":\"Kauppa\",\"item\":\"https:\\\/\\\/safetypartners.fi\\\/kauppa\\\/kauppa\"},{\"@type\":\"ListItem\",\"position\":3,\"name\":\"FireAngel langaton h\u00e4k\u00e4varoitin 10 vuoden paristolla\"}]},{\"@type\":\"WebSite\",\"@id\":\"https:\\\/\\\/safetypartners.fi\\\/kauppa\\\/#website\",\"url\":\"https:\\\/\\\/safetypartners.fi\\\/kauppa\\\/\",\"name\":\"Safety Partners\",\"description\":\"Safety Partners turvakauppa palvelee verkossa 24\\\/7!\",\"publisher\":{\"@id\":\"https:\\\/\\\/safetypartners.fi\\\/kauppa\\\/#organization\"},\"potentialAction\":[{\"@type\":\"SearchAction\",\"target\":{\"@type\":\"EntryPoint\",\"urlTemplate\":\"https:\\\/\\\/safetypartners.fi\\\/kauppa\\\/?s={search_term_string}\"},\"query-input\":{\"@type\":\"PropertyValueSpecification\",\"valueRequired\":true,\"valueName\":\"search_term_string\"}}],\"inLanguage\":\"fi\"},{\"@type\":\"Organization\",\"@id\":\"https:\\\/\\\/safetypartners.fi\\\/kauppa\\\/#organization\",\"name\":\"Safety Partners | Suomen Sammutinpalvelu\",\"url\":\"https:\\\/\\\/safetypartners.fi\\\/kauppa\\\/\",\"logo\":{\"@type\":\"ImageObject\",\"inLanguage\":\"fi\",\"@id\":\"https:\\\/\\\/safetypartners.fi\\\/kauppa\\\/#\\\/schema\\\/logo\\\/image\\\/\",\"url\":\"https:\\\/\\\/safetypartners.fi\\\/kauppa\\\/wp-content\\\/uploads\\\/2020\\\/05\\\/cropped-Logoke-1.jpg\",\"contentUrl\":\"https:\\\/\\\/safetypartners.fi\\\/kauppa\\\/wp-content\\\/uploads\\\/2020\\\/05\\\/cropped-Logoke-1.jpg\",\"width\":847,\"height\":717,\"caption\":\"Safety Partners | Suomen Sammutinpalvelu\"},\"image\":{\"@id\":\"https:\\\/\\\/safetypartners.fi\\\/kauppa\\\/#\\\/schema\\\/logo\\\/image\\\/\"}}]}<\/script>\n<!-- \/ Yoast SEO plugin. -->","yoast_head_json":{"title":"FireAngel langaton h\u00e4k\u00e4varoitin 10 vuoden paristolla - Safety Partners","description":"Langaton h\u00e4k\u00e4varoitin 10 vuoden litiumparistolla | Edistyksellinen s\u00e4hk\u00f6kemiallinen sensori h\u00e4lytt\u00e4\u00e4 h\u00e4\u00e4st\u00e4 ajoissa. Yhdistett\u00e4v\u00e4, sarjaanliitett\u00e4v\u00e4.","robots":{"index":"index","follow":"follow","max-snippet":"max-snippet:-1","max-image-preview":"max-image-preview:large","max-video-preview":"max-video-preview:-1"},"canonical":"https:\/\/safetypartners.fi\/kauppa\/tuote\/fireangel-langaton-hakavaroitin-10-vuoden-paristolla","og_locale":"fi_FI","og_type":"article","og_title":"FireAngel langaton h\u00e4k\u00e4varoitin 10 vuoden paristolla - Safety Partners","og_description":"Langaton h\u00e4k\u00e4varoitin 10 vuoden litiumparistolla | Edistyksellinen s\u00e4hk\u00f6kemiallinen sensori h\u00e4lytt\u00e4\u00e4 h\u00e4\u00e4st\u00e4 ajoissa. Yhdistett\u00e4v\u00e4, sarjaanliitett\u00e4v\u00e4.","og_url":"https:\/\/safetypartners.fi\/kauppa\/tuote\/fireangel-langaton-hakavaroitin-10-vuoden-paristolla","og_site_name":"Safety Partners","article_modified_time":"2026-02-17T10:27:00+00:00","og_image":[{"width":1232,"height":1094,"url":"https:\/\/safetypartners.fi\/kauppa\/wp-content\/uploads\/2026\/02\/FireAngel-hakavaroitin.png","type":"image\/png"}],"twitter_card":"summary_large_image","twitter_misc":{"Arvioitu lukuaika":"1 minuutti"},"schema":{"@context":"https:\/\/schema.org","@graph":[{"@type":"WebPage","@id":"https:\/\/safetypartners.fi\/kauppa\/tuote\/fireangel-langaton-hakavaroitin-10-vuoden-paristolla","url":"https:\/\/safetypartners.fi\/kauppa\/tuote\/fireangel-langaton-hakavaroitin-10-vuoden-paristolla","name":"FireAngel langaton h\u00e4k\u00e4varoitin 10 vuoden paristolla - Safety Partners","isPartOf":{"@id":"https:\/\/safetypartners.fi\/kauppa\/#website"},"primaryImageOfPage":{"@id":"https:\/\/safetypartners.fi\/kauppa\/tuote\/fireangel-langaton-hakavaroitin-10-vuoden-paristolla#primaryimage"},"image":{"@id":"https:\/\/safetypartners.fi\/kauppa\/tuote\/fireangel-langaton-hakavaroitin-10-vuoden-paristolla#primaryimage"},"thumbnailUrl":"https:\/\/safetypartners.fi\/kauppa\/wp-content\/uploads\/2026\/02\/FireAngel-hakavaroitin.png","datePublished":"2026-02-17T09:50:40+00:00","dateModified":"2026-02-17T10:27:00+00:00","description":"Langaton h\u00e4k\u00e4varoitin 10 vuoden litiumparistolla | Edistyksellinen s\u00e4hk\u00f6kemiallinen sensori h\u00e4lytt\u00e4\u00e4 h\u00e4\u00e4st\u00e4 ajoissa. Yhdistett\u00e4v\u00e4, sarjaanliitett\u00e4v\u00e4.","breadcrumb":{"@id":"https:\/\/safetypartners.fi\/kauppa\/tuote\/fireangel-langaton-hakavaroitin-10-vuoden-paristolla#breadcrumb"},"inLanguage":"fi","potentialAction":[{"@type":"ReadAction","target":["https:\/\/safetypartners.fi\/kauppa\/tuote\/fireangel-langaton-hakavaroitin-10-vuoden-paristolla"]}]},{"@type":"ImageObject","inLanguage":"fi","@id":"https:\/\/safetypartners.fi\/kauppa\/tuote\/fireangel-langaton-hakavaroitin-10-vuoden-paristolla#primaryimage","url":"https:\/\/safetypartners.fi\/kauppa\/wp-content\/uploads\/2026\/02\/FireAngel-hakavaroitin.png","contentUrl":"https:\/\/safetypartners.fi\/kauppa\/wp-content\/uploads\/2026\/02\/FireAngel-hakavaroitin.png","width":1232,"height":1094,"caption":"Langaton h\u00e4k\u00e4varoitin, NM-CO-10X"},{"@type":"BreadcrumbList","@id":"https:\/\/safetypartners.fi\/kauppa\/tuote\/fireangel-langaton-hakavaroitin-10-vuoden-paristolla#breadcrumb","itemListElement":[{"@type":"ListItem","position":1,"name":"Home","item":"https:\/\/safetypartners.fi\/kauppa\/"},{"@type":"ListItem","position":2,"name":"Kauppa","item":"https:\/\/safetypartners.fi\/kauppa\/kauppa"},{"@type":"ListItem","position":3,"name":"FireAngel langaton h\u00e4k\u00e4varoitin 10 vuoden paristolla"}]},{"@type":"WebSite","@id":"https:\/\/safetypartners.fi\/kauppa\/#website","url":"https:\/\/safetypartners.fi\/kauppa\/","name":"Safety Partners","description":"Safety Partners turvakauppa palvelee verkossa 24\/7!","publisher":{"@id":"https:\/\/safetypartners.fi\/kauppa\/#organization"},"potentialAction":[{"@type":"SearchAction","target":{"@type":"EntryPoint","urlTemplate":"https:\/\/safetypartners.fi\/kauppa\/?s={search_term_string}"},"query-input":{"@type":"PropertyValueSpecification","valueRequired":true,"valueName":"search_term_string"}}],"inLanguage":"fi"},{"@type":"Organization","@id":"https:\/\/safetypartners.fi\/kauppa\/#organization","name":"Safety Partners | Suomen Sammutinpalvelu","url":"https:\/\/safetypartners.fi\/kauppa\/","logo":{"@type":"ImageObject","inLanguage":"fi","@id":"https:\/\/safetypartners.fi\/kauppa\/#\/schema\/logo\/image\/","url":"https:\/\/safetypartners.fi\/kauppa\/wp-content\/uploads\/2020\/05\/cropped-Logoke-1.jpg","contentUrl":"https:\/\/safetypartners.fi\/kauppa\/wp-content\/uploads\/2020\/05\/cropped-Logoke-1.jpg","width":847,"height":717,"caption":"Safety Partners | Suomen Sammutinpalvelu"},"image":{"@id":"https:\/\/safetypartners.fi\/kauppa\/#\/schema\/logo\/image\/"}}]}},"uagb_featured_image_src":{"full":["https:\/\/safetypartners.fi\/kauppa\/wp-content\/uploads\/2026\/02\/FireAngel-hakavaroitin.png",1232,1094,false],"thumbnail":["https:\/\/safetypartners.fi\/kauppa\/wp-content\/uploads\/2026\/02\/FireAngel-hakavaroitin-150x150.png",150,150,true],"medium":["https:\/\/safetypartners.fi\/kauppa\/wp-content\/uploads\/2026\/02\/FireAngel-hakavaroitin-300x266.png",300,266,true],"medium_large":["https:\/\/safetypartners.fi\/kauppa\/wp-content\/uploads\/2026\/02\/FireAngel-hakavaroitin-768x682.png",768,682,true],"large":["https:\/\/safetypartners.fi\/kauppa\/wp-content\/uploads\/2026\/02\/FireAngel-hakavaroitin-1024x909.png",1024,909,true],"1536x1536":["https:\/\/safetypartners.fi\/kauppa\/wp-content\/uploads\/2026\/02\/FireAngel-hakavaroitin.png",1232,1094,false],"2048x2048":["https:\/\/safetypartners.fi\/kauppa\/wp-content\/uploads\/2026\/02\/FireAngel-hakavaroitin.png",1232,1094,false],"woocommerce_thumbnail":["https:\/\/safetypartners.fi\/kauppa\/wp-content\/uploads\/2026\/02\/FireAngel-hakavaroitin-300x300.png",300,300,true],"woocommerce_single":["https:\/\/safetypartners.fi\/kauppa\/wp-content\/uploads\/2026\/02\/FireAngel-hakavaroitin-600x533.png",600,533,true],"woocommerce_gallery_thumbnail":["https:\/\/safetypartners.fi\/kauppa\/wp-content\/uploads\/2026\/02\/FireAngel-hakavaroitin-100x100.png",100,100,true]},"uagb_author_info":{"display_name":"Anu Lehto","author_link":"https:\/\/safetypartners.fi\/kauppa\/author"},"uagb_comment_info":0,"uagb_excerpt":"FireAngelin langattomassa NM-CO-10X -h\u00e4k\u00e4varoittimessa on valmiina 10 vuoden litiumparisto. Edistyksellinen s\u00e4hk\u00f6kemiallinen sensori tunnistaa CO-kaasun. Monitoimipainike helpottaa testaamista\/mykist\u00e4mist\u00e4, ja paikantamista. 10 vuoden sinet\u00f6ity litiumparisto kest\u00e4\u00e4 l\u00e4pi varoittimen suositellun k\u00e4ytt\u00f6i\u00e4n. W2-modulin avulla jopa 50 h\u00e4lytyst\u00e4 voidaan yhdist\u00e4\u00e4 langattomasti. Ota meihin yhteytt\u00e4, mik\u00e4li olet kiinnostunut hankkimaan W2-modulin. H\u00e4k\u00e4varoitin asennetaan hengitysilman korkeudelle sein\u00e4lle. Sopii tiloihin,\u00a0joissa on merkitt\u00e4v\u00e4 riski h\u00e4k\u00e4kaasun&hellip;","_links":{"self":[{"href":"https:\/\/safetypartners.fi\/kauppa\/wp-json\/wp\/v2\/product\/3406","targetHints":{"allow":["GET"]}}],"collection":[{"href":"https:\/\/safetypartners.fi\/kauppa\/wp-json\/wp\/v2\/product"}],"about":[{"href":"https:\/\/safetypartners.fi\/kauppa\/wp-json\/wp\/v2\/types\/product"}],"replies":[{"embeddable":true,"href":"https:\/\/safetypartners.fi\/kauppa\/wp-json\/wp\/v2\/comments?post=3406"}],"version-history":[{"count":1,"href":"https:\/\/safetypartners.fi\/kauppa\/wp-json\/wp\/v2\/product\/3406\/revisions"}],"predecessor-version":[{"id":3408,"href":"https:\/\/safetypartners.fi\/kauppa\/wp-json\/wp\/v2\/product\/3406\/revisions\/3408"}],"wp:featuredmedia":[{"embeddable":true,"href":"https:\/\/safetypartners.fi\/kauppa\/wp-json\/wp\/v2\/media\/3407"}],"wp:attachment":[{"href":"https:\/\/safetypartners.fi\/kauppa\/wp-json\/wp\/v2\/media?parent=3406"}],"wp:term":[{"taxonomy":"product_brand","embeddable":true,"href":"https:\/\/safetypartners.fi\/kauppa\/wp-json\/wp\/v2\/product_brand?post=3406"},{"taxonomy":"product_cat","embeddable":true,"href":"https:\/\/safetypartners.fi\/kauppa\/wp-json\/wp\/v2\/product_cat?post=3406"},{"taxonomy":"product_tag","embeddable":true,"href":"https:\/\/safetypartners.fi\/kauppa\/wp-json\/wp\/v2\/product_tag?post=3406"}],"curies":[{"name":"wp","href":"https:\/\/api.w.org\/{rel}","templated":true}]}}