{"id":478,"date":"2022-08-01T17:22:19","date_gmt":"2022-08-01T14:22:19","guid":{"rendered":"https:\/\/safetypartners.fi\/kauppa\/?post_type=product&#038;p=478"},"modified":"2025-05-12T14:28:53","modified_gmt":"2025-05-12T11:28:53","slug":"cederroth-soft-laastari","status":"publish","type":"product","link":"https:\/\/safetypartners.fi\/kauppa\/tuote\/cederroth-soft-laastari","title":{"rendered":"Cederroth sininen itsekiinnittyv\u00e4 soft-laastari 6cm x 2m"},"content":{"rendered":"<p>\u2022 Sopii Cederroth ensiapuasemaan<br \/>\n\u2022 Liimaton laastari<br \/>\n\u2022 Itsekiinnittyv\u00e4<br \/>\n\u2022 Voidaan k\u00e4ytt\u00e4\u00e4 vedess\u00e4<br \/>\n\u2022 Joustava<br \/>\n\u2022 Ei tartu kiinni haavaan tai ihoon<\/p>\n<p>K\u00c4YTT\u00d6OHJEET<br \/>\nKatkaise rullasta tarvittava m\u00e4\u00e4r\u00e4 laastaria ja muotoile se tiiviisti haavan ymp\u00e4rille. K\u00e4yt\u00e4 Soft-laastaria ns. tyynyn\u00e4, mik\u00e4li verenvuoto on runsasta. Laastari toimii ihanteellisena ja nopeana haavojen hoitotuotteena silloin kun tarvitaan joustavaa ratkaisua.<\/p>\n<p>Nopean huomattavuutensa johdosta sinist\u00e4 v\u00e4ri\u00e4 suositellaan k\u00e4ytett\u00e4v\u00e4ksi erityisesti elintarvikkeita k\u00e4sitelt\u00e4ess\u00e4. Suositellaan hotelli- ja ravintola-alan yrityksille.<\/p>\n<p>Rullan leveys 6 cm x 2 metri\u00e4.<br \/>\nS\u00e4ilyvyys 5 vuotta.<br \/>\nLateksiton.<\/p>\n","protected":false},"excerpt":{"rendered":"<p><strong>Cederrothin sininen Soft-laastari<\/strong> toimii yht\u00e4 lailla laastarina ja siteen\u00e4. Joustava laastari on muotoiltavissa sormeen, k\u00e4teen tai varpaaseen sopivaksi. Soft Foam Bandage soveltuu kaikenlaisten pienten haavojen hoitoon l\u00e4mm\u00f6st\u00e4, kylm\u00e4st\u00e4 tai kosteudesta riippumatta. Itsekiinnittyv\u00e4, liimaton laastari pysyy paikoillaan jopa vedess\u00e4, eik\u00e4 tartu ihoon tai ihokarvoihin kiinni.<\/p>\n","protected":false},"featured_media":709,"comment_status":"open","ping_status":"closed","template":"","meta":{"_uag_custom_page_level_css":"","site-sidebar-layout":"default","site-content-layout":"default","ast-site-content-layout":"default","site-content-style":"default","site-sidebar-style":"default","ast-global-header-display":"","ast-banner-title-visibility":"","ast-main-header-display":"","ast-hfb-above-header-display":"","ast-hfb-below-header-display":"","ast-hfb-mobile-header-display":"","site-post-title":"","ast-breadcrumbs-content":"","ast-featured-img":"","footer-sml-layout":"","ast-disable-related-posts":"","theme-transparent-header-meta":"default","adv-header-id-meta":"","stick-header-meta":"default","header-above-stick-meta":"","header-main-stick-meta":"","header-below-stick-meta":"","astra-migrate-meta-layouts":"set","ast-page-background-enabled":"default","ast-page-background-meta":{"desktop":{"background-color":"","background-image":"","background-repeat":"repeat","background-position":"center center","background-size":"auto","background-attachment":"scroll","background-type":"","background-media":"","overlay-type":"","overlay-color":"","overlay-opacity":"","overlay-gradient":""},"tablet":{"background-color":"","background-image":"","background-repeat":"repeat","background-position":"center center","background-size":"auto","background-attachment":"scroll","background-type":"","background-media":"","overlay-type":"","overlay-color":"","overlay-opacity":"","overlay-gradient":""},"mobile":{"background-color":"","background-image":"","background-repeat":"repeat","background-position":"center center","background-size":"auto","background-attachment":"scroll","background-type":"","background-media":"","overlay-type":"","overlay-color":"","overlay-opacity":"","overlay-gradient":""}},"ast-content-background-meta":{"desktop":{"background-color":"var(--ast-global-color-5)","background-image":"","background-repeat":"repeat","background-position":"center center","background-size":"auto","background-attachment":"scroll","background-type":"","background-media":"","overlay-type":"","overlay-color":"","overlay-opacity":"","overlay-gradient":""},"tablet":{"background-color":"var(--ast-global-color-5)","background-image":"","background-repeat":"repeat","background-position":"center center","background-size":"auto","background-attachment":"scroll","background-type":"","background-media":"","overlay-type":"","overlay-color":"","overlay-opacity":"","overlay-gradient":""},"mobile":{"background-color":"var(--ast-global-color-5)","background-image":"","background-repeat":"repeat","background-position":"center center","background-size":"auto","background-attachment":"scroll","background-type":"","background-media":"","overlay-type":"","overlay-color":"","overlay-opacity":"","overlay-gradient":""}}},"product_brand":[],"product_cat":[42,15],"product_tag":[93,181,120,185,180,166,184,176,779,152,1134],"class_list":{"0":"post-478","1":"product","2":"type-product","3":"status-publish","4":"has-post-thumbnail","6":"product_cat-ensiapu","7":"product_cat-yleinen","8":"product_tag-cederroth","9":"product_tag-elintarvike","10":"product_tag-ensiapu","11":"product_tag-itsekiinnittyva","12":"product_tag-joustava-laastari","13":"product_tag-laastari","14":"product_tag-liimaton","15":"product_tag-muotoiltava","16":"product_tag-pehmea","17":"product_tag-side","18":"product_tag-sininen","19":"product_shipping_class-suomi","20":"desktop-align-center","21":"tablet-align-center","22":"mobile-align-center","23":"ast-product-gallery-layout-horizontal-slider","24":"ast-product-tabs-layout-horizontal","26":"first","27":"instock","28":"taxable","29":"shipping-taxable","30":"purchasable","31":"product-type-simple"},"yoast_head":"<!-- This site is optimized with the Yoast SEO plugin v27.3 - https:\/\/yoast.com\/product\/yoast-seo-wordpress\/ -->\n<title>Cederroth sininen itsekiinnittyv\u00e4 soft-laastari 6cm x 2m - Safety Partners<\/title>\n<meta name=\"description\" content=\"Itsekiinnittyv\u00e4, liimaton laastari on helposti muotoiltavissa sormeen, k\u00e4teen tai varpaaseen sopivaksi. Toimii yht\u00e4 lailla laastarina kuin siteen\u00e4.\" \/>\n<meta name=\"robots\" content=\"index, follow, max-snippet:-1, max-image-preview:large, max-video-preview:-1\" \/>\n<link rel=\"canonical\" href=\"https:\/\/safetypartners.fi\/kauppa\/tuote\/cederroth-soft-laastari\" \/>\n<meta property=\"og:locale\" content=\"fi_FI\" \/>\n<meta property=\"og:type\" content=\"article\" \/>\n<meta property=\"og:title\" content=\"Cederroth sininen itsekiinnittyv\u00e4 soft-laastari 6cm x 2m - Safety Partners\" \/>\n<meta property=\"og:description\" content=\"Itsekiinnittyv\u00e4, liimaton laastari on helposti muotoiltavissa sormeen, k\u00e4teen tai varpaaseen sopivaksi. Toimii yht\u00e4 lailla laastarina kuin siteen\u00e4.\" \/>\n<meta property=\"og:url\" content=\"https:\/\/safetypartners.fi\/kauppa\/tuote\/cederroth-soft-laastari\" \/>\n<meta property=\"og:site_name\" content=\"Safety Partners\" \/>\n<meta property=\"article:modified_time\" content=\"2025-05-12T11:28:53+00:00\" \/>\n<meta property=\"og:image\" content=\"https:\/\/safetypartners.fi\/kauppa\/wp-content\/uploads\/2022\/08\/Softfoambandage_blue_6x200.jpg\" \/>\n\t<meta property=\"og:image:width\" content=\"1024\" \/>\n\t<meta property=\"og:image:height\" content=\"910\" \/>\n\t<meta property=\"og:image:type\" content=\"image\/jpeg\" \/>\n<meta name=\"twitter:card\" content=\"summary_large_image\" \/>\n<meta name=\"twitter:label1\" content=\"Arvioitu lukuaika\" \/>\n\t<meta name=\"twitter:data1\" content=\"1 minuutti\" \/>\n<script type=\"application\/ld+json\" class=\"yoast-schema-graph\">{\"@context\":\"https:\\\/\\\/schema.org\",\"@graph\":[{\"@type\":\"WebPage\",\"@id\":\"https:\\\/\\\/safetypartners.fi\\\/kauppa\\\/tuote\\\/cederroth-soft-laastari\",\"url\":\"https:\\\/\\\/safetypartners.fi\\\/kauppa\\\/tuote\\\/cederroth-soft-laastari\",\"name\":\"Cederroth sininen itsekiinnittyv\u00e4 soft-laastari 6cm x 2m - Safety Partners\",\"isPartOf\":{\"@id\":\"https:\\\/\\\/safetypartners.fi\\\/kauppa\\\/#website\"},\"primaryImageOfPage\":{\"@id\":\"https:\\\/\\\/safetypartners.fi\\\/kauppa\\\/tuote\\\/cederroth-soft-laastari#primaryimage\"},\"image\":{\"@id\":\"https:\\\/\\\/safetypartners.fi\\\/kauppa\\\/tuote\\\/cederroth-soft-laastari#primaryimage\"},\"thumbnailUrl\":\"https:\\\/\\\/safetypartners.fi\\\/kauppa\\\/wp-content\\\/uploads\\\/2022\\\/08\\\/Softfoambandage_blue_6x200.jpg\",\"datePublished\":\"2022-08-01T14:22:19+00:00\",\"dateModified\":\"2025-05-12T11:28:53+00:00\",\"description\":\"Itsekiinnittyv\u00e4, liimaton laastari on helposti muotoiltavissa sormeen, k\u00e4teen tai varpaaseen sopivaksi. Toimii yht\u00e4 lailla laastarina kuin siteen\u00e4.\",\"breadcrumb\":{\"@id\":\"https:\\\/\\\/safetypartners.fi\\\/kauppa\\\/tuote\\\/cederroth-soft-laastari#breadcrumb\"},\"inLanguage\":\"fi\",\"potentialAction\":[{\"@type\":\"ReadAction\",\"target\":[\"https:\\\/\\\/safetypartners.fi\\\/kauppa\\\/tuote\\\/cederroth-soft-laastari\"]}]},{\"@type\":\"ImageObject\",\"inLanguage\":\"fi\",\"@id\":\"https:\\\/\\\/safetypartners.fi\\\/kauppa\\\/tuote\\\/cederroth-soft-laastari#primaryimage\",\"url\":\"https:\\\/\\\/safetypartners.fi\\\/kauppa\\\/wp-content\\\/uploads\\\/2022\\\/08\\\/Softfoambandage_blue_6x200.jpg\",\"contentUrl\":\"https:\\\/\\\/safetypartners.fi\\\/kauppa\\\/wp-content\\\/uploads\\\/2022\\\/08\\\/Softfoambandage_blue_6x200.jpg\",\"width\":1024,\"height\":910},{\"@type\":\"BreadcrumbList\",\"@id\":\"https:\\\/\\\/safetypartners.fi\\\/kauppa\\\/tuote\\\/cederroth-soft-laastari#breadcrumb\",\"itemListElement\":[{\"@type\":\"ListItem\",\"position\":1,\"name\":\"Home\",\"item\":\"https:\\\/\\\/safetypartners.fi\\\/kauppa\\\/\"},{\"@type\":\"ListItem\",\"position\":2,\"name\":\"Kauppa\",\"item\":\"https:\\\/\\\/safetypartners.fi\\\/kauppa\\\/kauppa\"},{\"@type\":\"ListItem\",\"position\":3,\"name\":\"Cederroth sininen itsekiinnittyv\u00e4 soft-laastari 6cm x 2m\"}]},{\"@type\":\"WebSite\",\"@id\":\"https:\\\/\\\/safetypartners.fi\\\/kauppa\\\/#website\",\"url\":\"https:\\\/\\\/safetypartners.fi\\\/kauppa\\\/\",\"name\":\"Safety Partners\",\"description\":\"Safety Partners turvakauppa palvelee verkossa 24\\\/7!\",\"publisher\":{\"@id\":\"https:\\\/\\\/safetypartners.fi\\\/kauppa\\\/#organization\"},\"potentialAction\":[{\"@type\":\"SearchAction\",\"target\":{\"@type\":\"EntryPoint\",\"urlTemplate\":\"https:\\\/\\\/safetypartners.fi\\\/kauppa\\\/?s={search_term_string}\"},\"query-input\":{\"@type\":\"PropertyValueSpecification\",\"valueRequired\":true,\"valueName\":\"search_term_string\"}}],\"inLanguage\":\"fi\"},{\"@type\":\"Organization\",\"@id\":\"https:\\\/\\\/safetypartners.fi\\\/kauppa\\\/#organization\",\"name\":\"Safety Partners | Suomen Sammutinpalvelu\",\"url\":\"https:\\\/\\\/safetypartners.fi\\\/kauppa\\\/\",\"logo\":{\"@type\":\"ImageObject\",\"inLanguage\":\"fi\",\"@id\":\"https:\\\/\\\/safetypartners.fi\\\/kauppa\\\/#\\\/schema\\\/logo\\\/image\\\/\",\"url\":\"https:\\\/\\\/safetypartners.fi\\\/kauppa\\\/wp-content\\\/uploads\\\/2020\\\/05\\\/cropped-Logoke-1.jpg\",\"contentUrl\":\"https:\\\/\\\/safetypartners.fi\\\/kauppa\\\/wp-content\\\/uploads\\\/2020\\\/05\\\/cropped-Logoke-1.jpg\",\"width\":847,\"height\":717,\"caption\":\"Safety Partners | Suomen Sammutinpalvelu\"},\"image\":{\"@id\":\"https:\\\/\\\/safetypartners.fi\\\/kauppa\\\/#\\\/schema\\\/logo\\\/image\\\/\"}}]}<\/script>\n<!-- \/ Yoast SEO plugin. -->","yoast_head_json":{"title":"Cederroth sininen itsekiinnittyv\u00e4 soft-laastari 6cm x 2m - Safety Partners","description":"Itsekiinnittyv\u00e4, liimaton laastari on helposti muotoiltavissa sormeen, k\u00e4teen tai varpaaseen sopivaksi. Toimii yht\u00e4 lailla laastarina kuin siteen\u00e4.","robots":{"index":"index","follow":"follow","max-snippet":"max-snippet:-1","max-image-preview":"max-image-preview:large","max-video-preview":"max-video-preview:-1"},"canonical":"https:\/\/safetypartners.fi\/kauppa\/tuote\/cederroth-soft-laastari","og_locale":"fi_FI","og_type":"article","og_title":"Cederroth sininen itsekiinnittyv\u00e4 soft-laastari 6cm x 2m - Safety Partners","og_description":"Itsekiinnittyv\u00e4, liimaton laastari on helposti muotoiltavissa sormeen, k\u00e4teen tai varpaaseen sopivaksi. Toimii yht\u00e4 lailla laastarina kuin siteen\u00e4.","og_url":"https:\/\/safetypartners.fi\/kauppa\/tuote\/cederroth-soft-laastari","og_site_name":"Safety Partners","article_modified_time":"2025-05-12T11:28:53+00:00","og_image":[{"width":1024,"height":910,"url":"https:\/\/safetypartners.fi\/kauppa\/wp-content\/uploads\/2022\/08\/Softfoambandage_blue_6x200.jpg","type":"image\/jpeg"}],"twitter_card":"summary_large_image","twitter_misc":{"Arvioitu lukuaika":"1 minuutti"},"schema":{"@context":"https:\/\/schema.org","@graph":[{"@type":"WebPage","@id":"https:\/\/safetypartners.fi\/kauppa\/tuote\/cederroth-soft-laastari","url":"https:\/\/safetypartners.fi\/kauppa\/tuote\/cederroth-soft-laastari","name":"Cederroth sininen itsekiinnittyv\u00e4 soft-laastari 6cm x 2m - Safety Partners","isPartOf":{"@id":"https:\/\/safetypartners.fi\/kauppa\/#website"},"primaryImageOfPage":{"@id":"https:\/\/safetypartners.fi\/kauppa\/tuote\/cederroth-soft-laastari#primaryimage"},"image":{"@id":"https:\/\/safetypartners.fi\/kauppa\/tuote\/cederroth-soft-laastari#primaryimage"},"thumbnailUrl":"https:\/\/safetypartners.fi\/kauppa\/wp-content\/uploads\/2022\/08\/Softfoambandage_blue_6x200.jpg","datePublished":"2022-08-01T14:22:19+00:00","dateModified":"2025-05-12T11:28:53+00:00","description":"Itsekiinnittyv\u00e4, liimaton laastari on helposti muotoiltavissa sormeen, k\u00e4teen tai varpaaseen sopivaksi. Toimii yht\u00e4 lailla laastarina kuin siteen\u00e4.","breadcrumb":{"@id":"https:\/\/safetypartners.fi\/kauppa\/tuote\/cederroth-soft-laastari#breadcrumb"},"inLanguage":"fi","potentialAction":[{"@type":"ReadAction","target":["https:\/\/safetypartners.fi\/kauppa\/tuote\/cederroth-soft-laastari"]}]},{"@type":"ImageObject","inLanguage":"fi","@id":"https:\/\/safetypartners.fi\/kauppa\/tuote\/cederroth-soft-laastari#primaryimage","url":"https:\/\/safetypartners.fi\/kauppa\/wp-content\/uploads\/2022\/08\/Softfoambandage_blue_6x200.jpg","contentUrl":"https:\/\/safetypartners.fi\/kauppa\/wp-content\/uploads\/2022\/08\/Softfoambandage_blue_6x200.jpg","width":1024,"height":910},{"@type":"BreadcrumbList","@id":"https:\/\/safetypartners.fi\/kauppa\/tuote\/cederroth-soft-laastari#breadcrumb","itemListElement":[{"@type":"ListItem","position":1,"name":"Home","item":"https:\/\/safetypartners.fi\/kauppa\/"},{"@type":"ListItem","position":2,"name":"Kauppa","item":"https:\/\/safetypartners.fi\/kauppa\/kauppa"},{"@type":"ListItem","position":3,"name":"Cederroth sininen itsekiinnittyv\u00e4 soft-laastari 6cm x 2m"}]},{"@type":"WebSite","@id":"https:\/\/safetypartners.fi\/kauppa\/#website","url":"https:\/\/safetypartners.fi\/kauppa\/","name":"Safety Partners","description":"Safety Partners turvakauppa palvelee verkossa 24\/7!","publisher":{"@id":"https:\/\/safetypartners.fi\/kauppa\/#organization"},"potentialAction":[{"@type":"SearchAction","target":{"@type":"EntryPoint","urlTemplate":"https:\/\/safetypartners.fi\/kauppa\/?s={search_term_string}"},"query-input":{"@type":"PropertyValueSpecification","valueRequired":true,"valueName":"search_term_string"}}],"inLanguage":"fi"},{"@type":"Organization","@id":"https:\/\/safetypartners.fi\/kauppa\/#organization","name":"Safety Partners | Suomen Sammutinpalvelu","url":"https:\/\/safetypartners.fi\/kauppa\/","logo":{"@type":"ImageObject","inLanguage":"fi","@id":"https:\/\/safetypartners.fi\/kauppa\/#\/schema\/logo\/image\/","url":"https:\/\/safetypartners.fi\/kauppa\/wp-content\/uploads\/2020\/05\/cropped-Logoke-1.jpg","contentUrl":"https:\/\/safetypartners.fi\/kauppa\/wp-content\/uploads\/2020\/05\/cropped-Logoke-1.jpg","width":847,"height":717,"caption":"Safety Partners | Suomen Sammutinpalvelu"},"image":{"@id":"https:\/\/safetypartners.fi\/kauppa\/#\/schema\/logo\/image\/"}}]}},"uagb_featured_image_src":{"full":["https:\/\/safetypartners.fi\/kauppa\/wp-content\/uploads\/2022\/08\/Softfoambandage_blue_6x200.jpg",1024,910,false],"thumbnail":["https:\/\/safetypartners.fi\/kauppa\/wp-content\/uploads\/2022\/08\/Softfoambandage_blue_6x200-150x150.jpg",150,150,true],"medium":["https:\/\/safetypartners.fi\/kauppa\/wp-content\/uploads\/2022\/08\/Softfoambandage_blue_6x200-300x267.jpg",300,267,true],"medium_large":["https:\/\/safetypartners.fi\/kauppa\/wp-content\/uploads\/2022\/08\/Softfoambandage_blue_6x200-768x683.jpg",768,683,true],"large":["https:\/\/safetypartners.fi\/kauppa\/wp-content\/uploads\/2022\/08\/Softfoambandage_blue_6x200.jpg",1024,910,false],"1536x1536":["https:\/\/safetypartners.fi\/kauppa\/wp-content\/uploads\/2022\/08\/Softfoambandage_blue_6x200.jpg",1024,910,false],"2048x2048":["https:\/\/safetypartners.fi\/kauppa\/wp-content\/uploads\/2022\/08\/Softfoambandage_blue_6x200.jpg",1024,910,false],"woocommerce_thumbnail":["https:\/\/safetypartners.fi\/kauppa\/wp-content\/uploads\/2022\/08\/Softfoambandage_blue_6x200-300x300.jpg",300,300,true],"woocommerce_single":["https:\/\/safetypartners.fi\/kauppa\/wp-content\/uploads\/2022\/08\/Softfoambandage_blue_6x200-600x533.jpg",600,533,true],"woocommerce_gallery_thumbnail":["https:\/\/safetypartners.fi\/kauppa\/wp-content\/uploads\/2022\/08\/Softfoambandage_blue_6x200-100x100.jpg",100,100,true]},"uagb_author_info":{"display_name":"Anu Lehto","author_link":"https:\/\/safetypartners.fi\/kauppa\/author"},"uagb_comment_info":0,"uagb_excerpt":"Cederrothin sininen Soft-laastari toimii yht\u00e4 lailla laastarina ja siteen\u00e4. Joustava laastari on muotoiltavissa sormeen, k\u00e4teen tai varpaaseen sopivaksi. Soft Foam Bandage soveltuu kaikenlaisten pienten haavojen hoitoon l\u00e4mm\u00f6st\u00e4, kylm\u00e4st\u00e4 tai kosteudesta riippumatta. Itsekiinnittyv\u00e4, liimaton laastari pysyy paikoillaan jopa vedess\u00e4, eik\u00e4 tartu ihoon tai ihokarvoihin kiinni.","_links":{"self":[{"href":"https:\/\/safetypartners.fi\/kauppa\/wp-json\/wp\/v2\/product\/478","targetHints":{"allow":["GET"]}}],"collection":[{"href":"https:\/\/safetypartners.fi\/kauppa\/wp-json\/wp\/v2\/product"}],"about":[{"href":"https:\/\/safetypartners.fi\/kauppa\/wp-json\/wp\/v2\/types\/product"}],"replies":[{"embeddable":true,"href":"https:\/\/safetypartners.fi\/kauppa\/wp-json\/wp\/v2\/comments?post=478"}],"version-history":[{"count":3,"href":"https:\/\/safetypartners.fi\/kauppa\/wp-json\/wp\/v2\/product\/478\/revisions"}],"predecessor-version":[{"id":2757,"href":"https:\/\/safetypartners.fi\/kauppa\/wp-json\/wp\/v2\/product\/478\/revisions\/2757"}],"wp:featuredmedia":[{"embeddable":true,"href":"https:\/\/safetypartners.fi\/kauppa\/wp-json\/wp\/v2\/media\/709"}],"wp:attachment":[{"href":"https:\/\/safetypartners.fi\/kauppa\/wp-json\/wp\/v2\/media?parent=478"}],"wp:term":[{"taxonomy":"product_brand","embeddable":true,"href":"https:\/\/safetypartners.fi\/kauppa\/wp-json\/wp\/v2\/product_brand?post=478"},{"taxonomy":"product_cat","embeddable":true,"href":"https:\/\/safetypartners.fi\/kauppa\/wp-json\/wp\/v2\/product_cat?post=478"},{"taxonomy":"product_tag","embeddable":true,"href":"https:\/\/safetypartners.fi\/kauppa\/wp-json\/wp\/v2\/product_tag?post=478"}],"curies":[{"name":"wp","href":"https:\/\/api.w.org\/{rel}","templated":true}]}}