{"id":479,"date":"2022-08-01T17:22:20","date_gmt":"2022-08-01T14:22:20","guid":{"rendered":"https:\/\/safetypartners.fi\/kauppa\/?post_type=product&#038;p=479"},"modified":"2025-09-11T12:33:32","modified_gmt":"2025-09-11T09:33:32","slug":"burn-gel-palovammataitos","status":"publish","type":"product","link":"https:\/\/safetypartners.fi\/kauppa\/tuote\/burn-gel-palovammataitos","title":{"rendered":"Burn Gel palovammataitos"},"content":{"rendered":"<p>Nopea j\u00e4\u00e4hdytys ja kivunlievitys. Vesiliukoinen sek\u00e4 myrkyt\u00f6n.<\/p>\n<p>K\u00c4YTT\u00d6OHJEET<\/p>\n<p>1. H\u00e4t\u00e4tilanteissa aseta taitos paikalleen heti palovamman saamisen j\u00e4lkeen.<br \/>\n2. K\u00e4yt\u00e4 pussissa viel\u00e4 j\u00e4ljell\u00e4 oleva geeli, j\u00e4\u00e4hdytt\u00e4en vain vammakohtaa.<br \/>\n3. Anna vaikuttaa 15-20 minuuttia.<br \/>\n4. Mik\u00e4li kiinnitys on tarpeen, kierr\u00e4 side l\u00f6ys\u00e4sti ja ilmavasti. \u00c4l\u00e4 peit\u00e4 sidett\u00e4 ilmatiiviill\u00e4 materiaalilla, sill\u00e4 t\u00e4ll\u00f6in ilman vaihtuminen ja viilentyminen estyy.<br \/>\n5. Hakeudu l\u00e4\u00e4k\u00e4riin, mik\u00e4li palovamma on vakava tai palanut ihon alue on laaja.<\/p>\n<p>\u00c4l\u00e4 k\u00e4yt\u00e4 palovammataitosta uudelleen, t\u00e4m\u00e4 saattaa aiheuttaa infektion. Levit\u00e4 geeli\u00e4 hell\u00e4sti ja runsaasti, ilman hieromista. Lopeta k\u00e4ytt\u00f6 v\u00e4litt\u00f6m\u00e4sti, jos ihossa ilmenee \u00e4rsytyst\u00e4.<\/p>\n<p>Sis\u00e4lt\u00e4\u00e4 vesipohjaista (&gt;90 % vett\u00e4) geeli\u00e4 ja luonnollisesti antiseptist\u00e4 Tea Tree Oil \u2013\u00f6ljy\u00e4 (Mecaleuca Oil).\u00a0 \u00d6ljy on tutkitusti bakteereja ehk\u00e4isev\u00e4 ja auttaa suojaamaan tulehduksilta.<\/p>\n<p>2 taitosta, 10&#215;10 cm\/pakkaus.<br \/>\nKertak\u00e4ytt\u00f6inen. S\u00e4ilyvyys 5 vuotta.<\/p>\n","protected":false},"excerpt":{"rendered":"<p><strong>Cederrothin Burn Gel<\/strong> lievent\u00e4\u00e4 tehokkaasti kipua viilent\u00e4en palovamman koskettamaa ihoa, ja est\u00e4\u00e4 vamman etenemist\u00e4 ihokudoksen syvempiin osiin. Geeli j\u00e4\u00e4hdytt\u00e4v\u00e4 voima on yht\u00e4 tehokas kuin juokseva vesi ja n\u00e4in palovamman paraneminen nopeutuu.<\/p>\n","protected":false},"featured_media":711,"comment_status":"open","ping_status":"closed","template":"","meta":{"_uag_custom_page_level_css":"","site-sidebar-layout":"default","site-content-layout":"default","ast-site-content-layout":"default","site-content-style":"default","site-sidebar-style":"default","ast-global-header-display":"","ast-banner-title-visibility":"","ast-main-header-display":"","ast-hfb-above-header-display":"","ast-hfb-below-header-display":"","ast-hfb-mobile-header-display":"","site-post-title":"","ast-breadcrumbs-content":"","ast-featured-img":"","footer-sml-layout":"","ast-disable-related-posts":"","theme-transparent-header-meta":"default","adv-header-id-meta":"","stick-header-meta":"default","header-above-stick-meta":"","header-main-stick-meta":"","header-below-stick-meta":"","astra-migrate-meta-layouts":"set","ast-page-background-enabled":"default","ast-page-background-meta":{"desktop":{"background-color":"","background-image":"","background-repeat":"repeat","background-position":"center center","background-size":"auto","background-attachment":"scroll","background-type":"","background-media":"","overlay-type":"","overlay-color":"","overlay-opacity":"","overlay-gradient":""},"tablet":{"background-color":"","background-image":"","background-repeat":"repeat","background-position":"center center","background-size":"auto","background-attachment":"scroll","background-type":"","background-media":"","overlay-type":"","overlay-color":"","overlay-opacity":"","overlay-gradient":""},"mobile":{"background-color":"","background-image":"","background-repeat":"repeat","background-position":"center center","background-size":"auto","background-attachment":"scroll","background-type":"","background-media":"","overlay-type":"","overlay-color":"","overlay-opacity":"","overlay-gradient":""}},"ast-content-background-meta":{"desktop":{"background-color":"var(--ast-global-color-5)","background-image":"","background-repeat":"repeat","background-position":"center center","background-size":"auto","background-attachment":"scroll","background-type":"","background-media":"","overlay-type":"","overlay-color":"","overlay-opacity":"","overlay-gradient":""},"tablet":{"background-color":"var(--ast-global-color-5)","background-image":"","background-repeat":"repeat","background-position":"center center","background-size":"auto","background-attachment":"scroll","background-type":"","background-media":"","overlay-type":"","overlay-color":"","overlay-opacity":"","overlay-gradient":""},"mobile":{"background-color":"var(--ast-global-color-5)","background-image":"","background-repeat":"repeat","background-position":"center center","background-size":"auto","background-attachment":"scroll","background-type":"","background-media":"","overlay-type":"","overlay-color":"","overlay-opacity":"","overlay-gradient":""}}},"product_brand":[],"product_cat":[42,15],"product_tag":[169,93,120,1164,124,123,125,121],"class_list":{"0":"post-479","1":"product","2":"type-product","3":"status-publish","4":"has-post-thumbnail","6":"product_cat-ensiapu","7":"product_cat-yleinen","8":"product_tag-burn-gel","9":"product_tag-cederroth","10":"product_tag-ensiapu","11":"product_tag-geeli","12":"product_tag-ihon-jaahdytys","13":"product_tag-kivunlievitys","14":"product_tag-myrkyton","15":"product_tag-palovamma","16":"product_shipping_class-suomi","17":"desktop-align-center","18":"tablet-align-center","19":"mobile-align-center","20":"ast-product-gallery-layout-horizontal-slider","21":"ast-product-gallery-with-no-image","22":"ast-product-tabs-layout-horizontal","24":"first","25":"instock","26":"taxable","27":"shipping-taxable","28":"purchasable","29":"product-type-simple"},"yoast_head":"<!-- This site is optimized with the Yoast SEO plugin v27.3 - https:\/\/yoast.com\/product\/yoast-seo-wordpress\/ -->\n<title>Burn Gel palovammataitos - Safety Partners<\/title>\n<meta name=\"description\" content=\"Cederrothin Burn Gel lievent\u00e4\u00e4 tehokkaasti kipua, viilent\u00e4\u00e4 palovamman koskettamaa ihoa ja est\u00e4\u00e4 vamman etenemist\u00e4 ihokudoksen syvempiin osiin.\" \/>\n<meta name=\"robots\" content=\"index, follow, max-snippet:-1, max-image-preview:large, max-video-preview:-1\" \/>\n<link rel=\"canonical\" href=\"https:\/\/safetypartners.fi\/kauppa\/tuote\/burn-gel-palovammataitos\" \/>\n<meta property=\"og:locale\" content=\"fi_FI\" \/>\n<meta property=\"og:type\" content=\"article\" \/>\n<meta property=\"og:title\" content=\"Burn Gel palovammataitos - Safety Partners\" \/>\n<meta property=\"og:description\" content=\"Cederrothin Burn Gel lievent\u00e4\u00e4 tehokkaasti kipua, viilent\u00e4\u00e4 palovamman koskettamaa ihoa ja est\u00e4\u00e4 vamman etenemist\u00e4 ihokudoksen syvempiin osiin.\" \/>\n<meta property=\"og:url\" content=\"https:\/\/safetypartners.fi\/kauppa\/tuote\/burn-gel-palovammataitos\" \/>\n<meta property=\"og:site_name\" content=\"Safety Partners\" \/>\n<meta property=\"article:modified_time\" content=\"2025-09-11T09:33:32+00:00\" \/>\n<meta property=\"og:image\" content=\"https:\/\/safetypartners.fi\/kauppa\/wp-content\/uploads\/2022\/08\/Cederroth-Burn-Gel.png\" \/>\n\t<meta property=\"og:image:width\" content=\"1033\" \/>\n\t<meta property=\"og:image:height\" content=\"815\" \/>\n\t<meta property=\"og:image:type\" content=\"image\/png\" \/>\n<meta name=\"twitter:card\" content=\"summary_large_image\" \/>\n<meta name=\"twitter:label1\" content=\"Arvioitu lukuaika\" \/>\n\t<meta name=\"twitter:data1\" content=\"1 minuutti\" \/>\n<script type=\"application\/ld+json\" class=\"yoast-schema-graph\">{\"@context\":\"https:\\\/\\\/schema.org\",\"@graph\":[{\"@type\":\"WebPage\",\"@id\":\"https:\\\/\\\/safetypartners.fi\\\/kauppa\\\/tuote\\\/burn-gel-palovammataitos\",\"url\":\"https:\\\/\\\/safetypartners.fi\\\/kauppa\\\/tuote\\\/burn-gel-palovammataitos\",\"name\":\"Burn Gel palovammataitos - Safety Partners\",\"isPartOf\":{\"@id\":\"https:\\\/\\\/safetypartners.fi\\\/kauppa\\\/#website\"},\"primaryImageOfPage\":{\"@id\":\"https:\\\/\\\/safetypartners.fi\\\/kauppa\\\/tuote\\\/burn-gel-palovammataitos#primaryimage\"},\"image\":{\"@id\":\"https:\\\/\\\/safetypartners.fi\\\/kauppa\\\/tuote\\\/burn-gel-palovammataitos#primaryimage\"},\"thumbnailUrl\":\"https:\\\/\\\/safetypartners.fi\\\/kauppa\\\/wp-content\\\/uploads\\\/2022\\\/08\\\/Cederroth-Burn-Gel.png\",\"datePublished\":\"2022-08-01T14:22:20+00:00\",\"dateModified\":\"2025-09-11T09:33:32+00:00\",\"description\":\"Cederrothin Burn Gel lievent\u00e4\u00e4 tehokkaasti kipua, viilent\u00e4\u00e4 palovamman koskettamaa ihoa ja est\u00e4\u00e4 vamman etenemist\u00e4 ihokudoksen syvempiin osiin.\",\"breadcrumb\":{\"@id\":\"https:\\\/\\\/safetypartners.fi\\\/kauppa\\\/tuote\\\/burn-gel-palovammataitos#breadcrumb\"},\"inLanguage\":\"fi\",\"potentialAction\":[{\"@type\":\"ReadAction\",\"target\":[\"https:\\\/\\\/safetypartners.fi\\\/kauppa\\\/tuote\\\/burn-gel-palovammataitos\"]}]},{\"@type\":\"ImageObject\",\"inLanguage\":\"fi\",\"@id\":\"https:\\\/\\\/safetypartners.fi\\\/kauppa\\\/tuote\\\/burn-gel-palovammataitos#primaryimage\",\"url\":\"https:\\\/\\\/safetypartners.fi\\\/kauppa\\\/wp-content\\\/uploads\\\/2022\\\/08\\\/Cederroth-Burn-Gel.png\",\"contentUrl\":\"https:\\\/\\\/safetypartners.fi\\\/kauppa\\\/wp-content\\\/uploads\\\/2022\\\/08\\\/Cederroth-Burn-Gel.png\",\"width\":1033,\"height\":815},{\"@type\":\"BreadcrumbList\",\"@id\":\"https:\\\/\\\/safetypartners.fi\\\/kauppa\\\/tuote\\\/burn-gel-palovammataitos#breadcrumb\",\"itemListElement\":[{\"@type\":\"ListItem\",\"position\":1,\"name\":\"Home\",\"item\":\"https:\\\/\\\/safetypartners.fi\\\/kauppa\\\/\"},{\"@type\":\"ListItem\",\"position\":2,\"name\":\"Kauppa\",\"item\":\"https:\\\/\\\/safetypartners.fi\\\/kauppa\\\/kauppa\"},{\"@type\":\"ListItem\",\"position\":3,\"name\":\"Burn Gel palovammataitos\"}]},{\"@type\":\"WebSite\",\"@id\":\"https:\\\/\\\/safetypartners.fi\\\/kauppa\\\/#website\",\"url\":\"https:\\\/\\\/safetypartners.fi\\\/kauppa\\\/\",\"name\":\"Safety Partners\",\"description\":\"Safety Partners turvakauppa palvelee verkossa 24\\\/7!\",\"publisher\":{\"@id\":\"https:\\\/\\\/safetypartners.fi\\\/kauppa\\\/#organization\"},\"potentialAction\":[{\"@type\":\"SearchAction\",\"target\":{\"@type\":\"EntryPoint\",\"urlTemplate\":\"https:\\\/\\\/safetypartners.fi\\\/kauppa\\\/?s={search_term_string}\"},\"query-input\":{\"@type\":\"PropertyValueSpecification\",\"valueRequired\":true,\"valueName\":\"search_term_string\"}}],\"inLanguage\":\"fi\"},{\"@type\":\"Organization\",\"@id\":\"https:\\\/\\\/safetypartners.fi\\\/kauppa\\\/#organization\",\"name\":\"Safety Partners | Suomen Sammutinpalvelu\",\"url\":\"https:\\\/\\\/safetypartners.fi\\\/kauppa\\\/\",\"logo\":{\"@type\":\"ImageObject\",\"inLanguage\":\"fi\",\"@id\":\"https:\\\/\\\/safetypartners.fi\\\/kauppa\\\/#\\\/schema\\\/logo\\\/image\\\/\",\"url\":\"https:\\\/\\\/safetypartners.fi\\\/kauppa\\\/wp-content\\\/uploads\\\/2020\\\/05\\\/cropped-Logoke-1.jpg\",\"contentUrl\":\"https:\\\/\\\/safetypartners.fi\\\/kauppa\\\/wp-content\\\/uploads\\\/2020\\\/05\\\/cropped-Logoke-1.jpg\",\"width\":847,\"height\":717,\"caption\":\"Safety Partners | Suomen Sammutinpalvelu\"},\"image\":{\"@id\":\"https:\\\/\\\/safetypartners.fi\\\/kauppa\\\/#\\\/schema\\\/logo\\\/image\\\/\"}}]}<\/script>\n<!-- \/ Yoast SEO plugin. -->","yoast_head_json":{"title":"Burn Gel palovammataitos - Safety Partners","description":"Cederrothin Burn Gel lievent\u00e4\u00e4 tehokkaasti kipua, viilent\u00e4\u00e4 palovamman koskettamaa ihoa ja est\u00e4\u00e4 vamman etenemist\u00e4 ihokudoksen syvempiin osiin.","robots":{"index":"index","follow":"follow","max-snippet":"max-snippet:-1","max-image-preview":"max-image-preview:large","max-video-preview":"max-video-preview:-1"},"canonical":"https:\/\/safetypartners.fi\/kauppa\/tuote\/burn-gel-palovammataitos","og_locale":"fi_FI","og_type":"article","og_title":"Burn Gel palovammataitos - Safety Partners","og_description":"Cederrothin Burn Gel lievent\u00e4\u00e4 tehokkaasti kipua, viilent\u00e4\u00e4 palovamman koskettamaa ihoa ja est\u00e4\u00e4 vamman etenemist\u00e4 ihokudoksen syvempiin osiin.","og_url":"https:\/\/safetypartners.fi\/kauppa\/tuote\/burn-gel-palovammataitos","og_site_name":"Safety Partners","article_modified_time":"2025-09-11T09:33:32+00:00","og_image":[{"width":1033,"height":815,"url":"https:\/\/safetypartners.fi\/kauppa\/wp-content\/uploads\/2022\/08\/Cederroth-Burn-Gel.png","type":"image\/png"}],"twitter_card":"summary_large_image","twitter_misc":{"Arvioitu lukuaika":"1 minuutti"},"schema":{"@context":"https:\/\/schema.org","@graph":[{"@type":"WebPage","@id":"https:\/\/safetypartners.fi\/kauppa\/tuote\/burn-gel-palovammataitos","url":"https:\/\/safetypartners.fi\/kauppa\/tuote\/burn-gel-palovammataitos","name":"Burn Gel palovammataitos - Safety Partners","isPartOf":{"@id":"https:\/\/safetypartners.fi\/kauppa\/#website"},"primaryImageOfPage":{"@id":"https:\/\/safetypartners.fi\/kauppa\/tuote\/burn-gel-palovammataitos#primaryimage"},"image":{"@id":"https:\/\/safetypartners.fi\/kauppa\/tuote\/burn-gel-palovammataitos#primaryimage"},"thumbnailUrl":"https:\/\/safetypartners.fi\/kauppa\/wp-content\/uploads\/2022\/08\/Cederroth-Burn-Gel.png","datePublished":"2022-08-01T14:22:20+00:00","dateModified":"2025-09-11T09:33:32+00:00","description":"Cederrothin Burn Gel lievent\u00e4\u00e4 tehokkaasti kipua, viilent\u00e4\u00e4 palovamman koskettamaa ihoa ja est\u00e4\u00e4 vamman etenemist\u00e4 ihokudoksen syvempiin osiin.","breadcrumb":{"@id":"https:\/\/safetypartners.fi\/kauppa\/tuote\/burn-gel-palovammataitos#breadcrumb"},"inLanguage":"fi","potentialAction":[{"@type":"ReadAction","target":["https:\/\/safetypartners.fi\/kauppa\/tuote\/burn-gel-palovammataitos"]}]},{"@type":"ImageObject","inLanguage":"fi","@id":"https:\/\/safetypartners.fi\/kauppa\/tuote\/burn-gel-palovammataitos#primaryimage","url":"https:\/\/safetypartners.fi\/kauppa\/wp-content\/uploads\/2022\/08\/Cederroth-Burn-Gel.png","contentUrl":"https:\/\/safetypartners.fi\/kauppa\/wp-content\/uploads\/2022\/08\/Cederroth-Burn-Gel.png","width":1033,"height":815},{"@type":"BreadcrumbList","@id":"https:\/\/safetypartners.fi\/kauppa\/tuote\/burn-gel-palovammataitos#breadcrumb","itemListElement":[{"@type":"ListItem","position":1,"name":"Home","item":"https:\/\/safetypartners.fi\/kauppa\/"},{"@type":"ListItem","position":2,"name":"Kauppa","item":"https:\/\/safetypartners.fi\/kauppa\/kauppa"},{"@type":"ListItem","position":3,"name":"Burn Gel palovammataitos"}]},{"@type":"WebSite","@id":"https:\/\/safetypartners.fi\/kauppa\/#website","url":"https:\/\/safetypartners.fi\/kauppa\/","name":"Safety Partners","description":"Safety Partners turvakauppa palvelee verkossa 24\/7!","publisher":{"@id":"https:\/\/safetypartners.fi\/kauppa\/#organization"},"potentialAction":[{"@type":"SearchAction","target":{"@type":"EntryPoint","urlTemplate":"https:\/\/safetypartners.fi\/kauppa\/?s={search_term_string}"},"query-input":{"@type":"PropertyValueSpecification","valueRequired":true,"valueName":"search_term_string"}}],"inLanguage":"fi"},{"@type":"Organization","@id":"https:\/\/safetypartners.fi\/kauppa\/#organization","name":"Safety Partners | Suomen Sammutinpalvelu","url":"https:\/\/safetypartners.fi\/kauppa\/","logo":{"@type":"ImageObject","inLanguage":"fi","@id":"https:\/\/safetypartners.fi\/kauppa\/#\/schema\/logo\/image\/","url":"https:\/\/safetypartners.fi\/kauppa\/wp-content\/uploads\/2020\/05\/cropped-Logoke-1.jpg","contentUrl":"https:\/\/safetypartners.fi\/kauppa\/wp-content\/uploads\/2020\/05\/cropped-Logoke-1.jpg","width":847,"height":717,"caption":"Safety Partners | Suomen Sammutinpalvelu"},"image":{"@id":"https:\/\/safetypartners.fi\/kauppa\/#\/schema\/logo\/image\/"}}]}},"uagb_featured_image_src":{"full":["https:\/\/safetypartners.fi\/kauppa\/wp-content\/uploads\/2022\/08\/Cederroth-Burn-Gel.png",1033,815,false],"thumbnail":["https:\/\/safetypartners.fi\/kauppa\/wp-content\/uploads\/2022\/08\/Cederroth-Burn-Gel-150x150.png",150,150,true],"medium":["https:\/\/safetypartners.fi\/kauppa\/wp-content\/uploads\/2022\/08\/Cederroth-Burn-Gel-300x237.png",300,237,true],"medium_large":["https:\/\/safetypartners.fi\/kauppa\/wp-content\/uploads\/2022\/08\/Cederroth-Burn-Gel-768x606.png",768,606,true],"large":["https:\/\/safetypartners.fi\/kauppa\/wp-content\/uploads\/2022\/08\/Cederroth-Burn-Gel-1024x808.png",1024,808,true],"1536x1536":["https:\/\/safetypartners.fi\/kauppa\/wp-content\/uploads\/2022\/08\/Cederroth-Burn-Gel.png",1033,815,false],"2048x2048":["https:\/\/safetypartners.fi\/kauppa\/wp-content\/uploads\/2022\/08\/Cederroth-Burn-Gel.png",1033,815,false],"woocommerce_thumbnail":["https:\/\/safetypartners.fi\/kauppa\/wp-content\/uploads\/2022\/08\/Cederroth-Burn-Gel-300x300.png",300,300,true],"woocommerce_single":["https:\/\/safetypartners.fi\/kauppa\/wp-content\/uploads\/2022\/08\/Cederroth-Burn-Gel-600x473.png",600,473,true],"woocommerce_gallery_thumbnail":["https:\/\/safetypartners.fi\/kauppa\/wp-content\/uploads\/2022\/08\/Cederroth-Burn-Gel-100x100.png",100,100,true]},"uagb_author_info":{"display_name":"Anu Lehto","author_link":"https:\/\/safetypartners.fi\/kauppa\/author"},"uagb_comment_info":0,"uagb_excerpt":"Cederrothin Burn Gel lievent\u00e4\u00e4 tehokkaasti kipua viilent\u00e4en palovamman koskettamaa ihoa, ja est\u00e4\u00e4 vamman etenemist\u00e4 ihokudoksen syvempiin osiin. Geeli j\u00e4\u00e4hdytt\u00e4v\u00e4 voima on yht\u00e4 tehokas kuin juokseva vesi ja n\u00e4in palovamman paraneminen nopeutuu.","_links":{"self":[{"href":"https:\/\/safetypartners.fi\/kauppa\/wp-json\/wp\/v2\/product\/479","targetHints":{"allow":["GET"]}}],"collection":[{"href":"https:\/\/safetypartners.fi\/kauppa\/wp-json\/wp\/v2\/product"}],"about":[{"href":"https:\/\/safetypartners.fi\/kauppa\/wp-json\/wp\/v2\/types\/product"}],"replies":[{"embeddable":true,"href":"https:\/\/safetypartners.fi\/kauppa\/wp-json\/wp\/v2\/comments?post=479"}],"version-history":[{"count":3,"href":"https:\/\/safetypartners.fi\/kauppa\/wp-json\/wp\/v2\/product\/479\/revisions"}],"predecessor-version":[{"id":2968,"href":"https:\/\/safetypartners.fi\/kauppa\/wp-json\/wp\/v2\/product\/479\/revisions\/2968"}],"wp:featuredmedia":[{"embeddable":true,"href":"https:\/\/safetypartners.fi\/kauppa\/wp-json\/wp\/v2\/media\/711"}],"wp:attachment":[{"href":"https:\/\/safetypartners.fi\/kauppa\/wp-json\/wp\/v2\/media?parent=479"}],"wp:term":[{"taxonomy":"product_brand","embeddable":true,"href":"https:\/\/safetypartners.fi\/kauppa\/wp-json\/wp\/v2\/product_brand?post=479"},{"taxonomy":"product_cat","embeddable":true,"href":"https:\/\/safetypartners.fi\/kauppa\/wp-json\/wp\/v2\/product_cat?post=479"},{"taxonomy":"product_tag","embeddable":true,"href":"https:\/\/safetypartners.fi\/kauppa\/wp-json\/wp\/v2\/product_tag?post=479"}],"curies":[{"name":"wp","href":"https:\/\/api.w.org\/{rel}","templated":true}]}}