{"id":481,"date":"2022-08-01T17:22:20","date_gmt":"2022-08-01T14:22:20","guid":{"rendered":"https:\/\/safetypartners.fi\/kauppa\/?post_type=product&#038;p=481"},"modified":"2026-01-02T12:58:48","modified_gmt":"2026-01-02T10:58:48","slug":"cederroth-elvytyssuoja","status":"publish","type":"product","link":"https:\/\/safetypartners.fi\/kauppa\/tuote\/cederroth-elvytyssuoja","title":{"rendered":"Cederroth elvytyssuoja"},"content":{"rendered":"<p>Elvytyssuojan suukappaleen muoto on suunniteltu auttamaan elvytt\u00e4j\u00e4\u00e4 avaamaan suunsa tarpeeksi isolle ja painamaan huulet tiiviisti elvytett\u00e4v\u00e4n suun ymp\u00e4rille. Venttiilin isot ilmarei\u00e4t v\u00e4hent\u00e4v\u00e4t vastusta ja elvytt\u00e4j\u00e4 jaksaa n\u00e4in antaa tekohengityst\u00e4 pidemp\u00e4\u00e4n.<\/p>\n","protected":false},"excerpt":{"rendered":"<p><strong>Cederrothin elvytyssuoja<\/strong> auttaa puhalluselvytyksen antamiseen oikein sek\u00e4 suojaa suoralta kosketukselta elvytystilanteessa. Elvytyssuoja koostuu muovisesta suojaliinasta ja yksisuuntaisesta venttiilist\u00e4.<\/p>\n<p>Selke\u00e4t puhalluselvytysohjeet on painettu muovikankaaseen. Siit\u00e4 n\u00e4et ohjeet, miten suoja asetetaan elvytett\u00e4v\u00e4n kasvoille. Venttiilist\u00e4 vihre\u00e4 puoli tulee elvytt\u00e4j\u00e4\u00e4n p\u00e4in ja punainen puoli asetetaan elvytett\u00e4v\u00e4n suuhun. Suojaliinan reilu koko est\u00e4\u00e4 auttajaa joutumasta kontaktiin mahdollisen veren tai oksennuksen kanssa.<\/p>\n","protected":false},"featured_media":544,"comment_status":"open","ping_status":"closed","template":"","meta":{"_uag_custom_page_level_css":"","site-sidebar-layout":"default","site-content-layout":"default","ast-site-content-layout":"default","site-content-style":"default","site-sidebar-style":"default","ast-global-header-display":"","ast-banner-title-visibility":"","ast-main-header-display":"","ast-hfb-above-header-display":"","ast-hfb-below-header-display":"","ast-hfb-mobile-header-display":"","site-post-title":"","ast-breadcrumbs-content":"","ast-featured-img":"","footer-sml-layout":"","ast-disable-related-posts":"","theme-transparent-header-meta":"default","adv-header-id-meta":"","stick-header-meta":"default","header-above-stick-meta":"","header-main-stick-meta":"","header-below-stick-meta":"","astra-migrate-meta-layouts":"set","ast-page-background-enabled":"default","ast-page-background-meta":{"desktop":{"background-color":"","background-image":"","background-repeat":"repeat","background-position":"center center","background-size":"auto","background-attachment":"scroll","background-type":"","background-media":"","overlay-type":"","overlay-color":"","overlay-opacity":"","overlay-gradient":""},"tablet":{"background-color":"","background-image":"","background-repeat":"repeat","background-position":"center center","background-size":"auto","background-attachment":"scroll","background-type":"","background-media":"","overlay-type":"","overlay-color":"","overlay-opacity":"","overlay-gradient":""},"mobile":{"background-color":"","background-image":"","background-repeat":"repeat","background-position":"center center","background-size":"auto","background-attachment":"scroll","background-type":"","background-media":"","overlay-type":"","overlay-color":"","overlay-opacity":"","overlay-gradient":""}},"ast-content-background-meta":{"desktop":{"background-color":"var(--ast-global-color-5)","background-image":"","background-repeat":"repeat","background-position":"center center","background-size":"auto","background-attachment":"scroll","background-type":"","background-media":"","overlay-type":"","overlay-color":"","overlay-opacity":"","overlay-gradient":""},"tablet":{"background-color":"var(--ast-global-color-5)","background-image":"","background-repeat":"repeat","background-position":"center center","background-size":"auto","background-attachment":"scroll","background-type":"","background-media":"","overlay-type":"","overlay-color":"","overlay-opacity":"","overlay-gradient":""},"mobile":{"background-color":"var(--ast-global-color-5)","background-image":"","background-repeat":"repeat","background-position":"center center","background-size":"auto","background-attachment":"scroll","background-type":"","background-media":"","overlay-type":"","overlay-color":"","overlay-opacity":"","overlay-gradient":""}}},"product_brand":[],"product_cat":[42,15],"product_tag":[87,93,128,120,131,933],"class_list":{"0":"post-481","1":"product","2":"type-product","3":"status-publish","4":"has-post-thumbnail","6":"product_cat-ensiapu","7":"product_cat-yleinen","8":"product_tag-apuvaline","9":"product_tag-cederroth","10":"product_tag-elvytys","11":"product_tag-ensiapu","12":"product_tag-oksennus","13":"product_tag-suoja","14":"product_shipping_class-suomi","15":"desktop-align-center","16":"tablet-align-center","17":"mobile-align-center","18":"ast-product-gallery-layout-horizontal-slider","19":"ast-product-tabs-layout-horizontal","21":"first","22":"instock","23":"taxable","24":"shipping-taxable","25":"purchasable","26":"product-type-simple"},"yoast_head":"<!-- This site is optimized with the Yoast SEO plugin v27.3 - https:\/\/yoast.com\/product\/yoast-seo-wordpress\/ -->\n<title>Cederroth elvytyssuoja - Safety Partners<\/title>\n<meta name=\"description\" content=\"Elvytyssuoja on apuv\u00e4line, joka avittaa puhalluselvytyksen antamisessa oikein ja samalla suojaa suoralta kosketukselta elvytystilanteessa.\" \/>\n<meta name=\"robots\" content=\"index, follow, max-snippet:-1, max-image-preview:large, max-video-preview:-1\" \/>\n<link rel=\"canonical\" href=\"https:\/\/safetypartners.fi\/kauppa\/tuote\/cederroth-elvytyssuoja\" \/>\n<meta property=\"og:locale\" content=\"fi_FI\" \/>\n<meta property=\"og:type\" content=\"article\" \/>\n<meta property=\"og:title\" content=\"Cederroth elvytyssuoja - Safety Partners\" \/>\n<meta property=\"og:description\" content=\"Elvytyssuoja on apuv\u00e4line, joka avittaa puhalluselvytyksen antamisessa oikein ja samalla suojaa suoralta kosketukselta elvytystilanteessa.\" \/>\n<meta property=\"og:url\" content=\"https:\/\/safetypartners.fi\/kauppa\/tuote\/cederroth-elvytyssuoja\" \/>\n<meta property=\"og:site_name\" content=\"Safety Partners\" \/>\n<meta property=\"article:modified_time\" content=\"2026-01-02T10:58:48+00:00\" \/>\n<meta property=\"og:image\" content=\"https:\/\/safetypartners.fi\/kauppa\/wp-content\/uploads\/2022\/08\/1921_Breathing-mask_150.jpg\" \/>\n\t<meta property=\"og:image:width\" content=\"1713\" \/>\n\t<meta property=\"og:image:height\" content=\"1772\" \/>\n\t<meta property=\"og:image:type\" content=\"image\/jpeg\" \/>\n<meta name=\"twitter:card\" content=\"summary_large_image\" \/>\n<meta name=\"twitter:label1\" content=\"Arvioitu lukuaika\" \/>\n\t<meta name=\"twitter:data1\" content=\"1 minuutti\" \/>\n<script type=\"application\/ld+json\" class=\"yoast-schema-graph\">{\"@context\":\"https:\\\/\\\/schema.org\",\"@graph\":[{\"@type\":\"WebPage\",\"@id\":\"https:\\\/\\\/safetypartners.fi\\\/kauppa\\\/tuote\\\/cederroth-elvytyssuoja\",\"url\":\"https:\\\/\\\/safetypartners.fi\\\/kauppa\\\/tuote\\\/cederroth-elvytyssuoja\",\"name\":\"Cederroth elvytyssuoja - Safety Partners\",\"isPartOf\":{\"@id\":\"https:\\\/\\\/safetypartners.fi\\\/kauppa\\\/#website\"},\"primaryImageOfPage\":{\"@id\":\"https:\\\/\\\/safetypartners.fi\\\/kauppa\\\/tuote\\\/cederroth-elvytyssuoja#primaryimage\"},\"image\":{\"@id\":\"https:\\\/\\\/safetypartners.fi\\\/kauppa\\\/tuote\\\/cederroth-elvytyssuoja#primaryimage\"},\"thumbnailUrl\":\"https:\\\/\\\/safetypartners.fi\\\/kauppa\\\/wp-content\\\/uploads\\\/2022\\\/08\\\/1921_Breathing-mask_150.jpg\",\"datePublished\":\"2022-08-01T14:22:20+00:00\",\"dateModified\":\"2026-01-02T10:58:48+00:00\",\"description\":\"Elvytyssuoja on apuv\u00e4line, joka avittaa puhalluselvytyksen antamisessa oikein ja samalla suojaa suoralta kosketukselta elvytystilanteessa.\",\"breadcrumb\":{\"@id\":\"https:\\\/\\\/safetypartners.fi\\\/kauppa\\\/tuote\\\/cederroth-elvytyssuoja#breadcrumb\"},\"inLanguage\":\"fi\",\"potentialAction\":[{\"@type\":\"ReadAction\",\"target\":[\"https:\\\/\\\/safetypartners.fi\\\/kauppa\\\/tuote\\\/cederroth-elvytyssuoja\"]}]},{\"@type\":\"ImageObject\",\"inLanguage\":\"fi\",\"@id\":\"https:\\\/\\\/safetypartners.fi\\\/kauppa\\\/tuote\\\/cederroth-elvytyssuoja#primaryimage\",\"url\":\"https:\\\/\\\/safetypartners.fi\\\/kauppa\\\/wp-content\\\/uploads\\\/2022\\\/08\\\/1921_Breathing-mask_150.jpg\",\"contentUrl\":\"https:\\\/\\\/safetypartners.fi\\\/kauppa\\\/wp-content\\\/uploads\\\/2022\\\/08\\\/1921_Breathing-mask_150.jpg\",\"width\":1713,\"height\":1772,\"caption\":\"Cederroth elvytyssuoja\"},{\"@type\":\"BreadcrumbList\",\"@id\":\"https:\\\/\\\/safetypartners.fi\\\/kauppa\\\/tuote\\\/cederroth-elvytyssuoja#breadcrumb\",\"itemListElement\":[{\"@type\":\"ListItem\",\"position\":1,\"name\":\"Home\",\"item\":\"https:\\\/\\\/safetypartners.fi\\\/kauppa\\\/\"},{\"@type\":\"ListItem\",\"position\":2,\"name\":\"Kauppa\",\"item\":\"https:\\\/\\\/safetypartners.fi\\\/kauppa\\\/kauppa\"},{\"@type\":\"ListItem\",\"position\":3,\"name\":\"Cederroth elvytyssuoja\"}]},{\"@type\":\"WebSite\",\"@id\":\"https:\\\/\\\/safetypartners.fi\\\/kauppa\\\/#website\",\"url\":\"https:\\\/\\\/safetypartners.fi\\\/kauppa\\\/\",\"name\":\"Safety Partners\",\"description\":\"Safety Partners turvakauppa palvelee verkossa 24\\\/7!\",\"publisher\":{\"@id\":\"https:\\\/\\\/safetypartners.fi\\\/kauppa\\\/#organization\"},\"potentialAction\":[{\"@type\":\"SearchAction\",\"target\":{\"@type\":\"EntryPoint\",\"urlTemplate\":\"https:\\\/\\\/safetypartners.fi\\\/kauppa\\\/?s={search_term_string}\"},\"query-input\":{\"@type\":\"PropertyValueSpecification\",\"valueRequired\":true,\"valueName\":\"search_term_string\"}}],\"inLanguage\":\"fi\"},{\"@type\":\"Organization\",\"@id\":\"https:\\\/\\\/safetypartners.fi\\\/kauppa\\\/#organization\",\"name\":\"Safety Partners | Suomen Sammutinpalvelu\",\"url\":\"https:\\\/\\\/safetypartners.fi\\\/kauppa\\\/\",\"logo\":{\"@type\":\"ImageObject\",\"inLanguage\":\"fi\",\"@id\":\"https:\\\/\\\/safetypartners.fi\\\/kauppa\\\/#\\\/schema\\\/logo\\\/image\\\/\",\"url\":\"https:\\\/\\\/safetypartners.fi\\\/kauppa\\\/wp-content\\\/uploads\\\/2020\\\/05\\\/cropped-Logoke-1.jpg\",\"contentUrl\":\"https:\\\/\\\/safetypartners.fi\\\/kauppa\\\/wp-content\\\/uploads\\\/2020\\\/05\\\/cropped-Logoke-1.jpg\",\"width\":847,\"height\":717,\"caption\":\"Safety Partners | Suomen Sammutinpalvelu\"},\"image\":{\"@id\":\"https:\\\/\\\/safetypartners.fi\\\/kauppa\\\/#\\\/schema\\\/logo\\\/image\\\/\"}}]}<\/script>\n<!-- \/ Yoast SEO plugin. -->","yoast_head_json":{"title":"Cederroth elvytyssuoja - Safety Partners","description":"Elvytyssuoja on apuv\u00e4line, joka avittaa puhalluselvytyksen antamisessa oikein ja samalla suojaa suoralta kosketukselta elvytystilanteessa.","robots":{"index":"index","follow":"follow","max-snippet":"max-snippet:-1","max-image-preview":"max-image-preview:large","max-video-preview":"max-video-preview:-1"},"canonical":"https:\/\/safetypartners.fi\/kauppa\/tuote\/cederroth-elvytyssuoja","og_locale":"fi_FI","og_type":"article","og_title":"Cederroth elvytyssuoja - Safety Partners","og_description":"Elvytyssuoja on apuv\u00e4line, joka avittaa puhalluselvytyksen antamisessa oikein ja samalla suojaa suoralta kosketukselta elvytystilanteessa.","og_url":"https:\/\/safetypartners.fi\/kauppa\/tuote\/cederroth-elvytyssuoja","og_site_name":"Safety Partners","article_modified_time":"2026-01-02T10:58:48+00:00","og_image":[{"width":1713,"height":1772,"url":"https:\/\/safetypartners.fi\/kauppa\/wp-content\/uploads\/2022\/08\/1921_Breathing-mask_150.jpg","type":"image\/jpeg"}],"twitter_card":"summary_large_image","twitter_misc":{"Arvioitu lukuaika":"1 minuutti"},"schema":{"@context":"https:\/\/schema.org","@graph":[{"@type":"WebPage","@id":"https:\/\/safetypartners.fi\/kauppa\/tuote\/cederroth-elvytyssuoja","url":"https:\/\/safetypartners.fi\/kauppa\/tuote\/cederroth-elvytyssuoja","name":"Cederroth elvytyssuoja - Safety Partners","isPartOf":{"@id":"https:\/\/safetypartners.fi\/kauppa\/#website"},"primaryImageOfPage":{"@id":"https:\/\/safetypartners.fi\/kauppa\/tuote\/cederroth-elvytyssuoja#primaryimage"},"image":{"@id":"https:\/\/safetypartners.fi\/kauppa\/tuote\/cederroth-elvytyssuoja#primaryimage"},"thumbnailUrl":"https:\/\/safetypartners.fi\/kauppa\/wp-content\/uploads\/2022\/08\/1921_Breathing-mask_150.jpg","datePublished":"2022-08-01T14:22:20+00:00","dateModified":"2026-01-02T10:58:48+00:00","description":"Elvytyssuoja on apuv\u00e4line, joka avittaa puhalluselvytyksen antamisessa oikein ja samalla suojaa suoralta kosketukselta elvytystilanteessa.","breadcrumb":{"@id":"https:\/\/safetypartners.fi\/kauppa\/tuote\/cederroth-elvytyssuoja#breadcrumb"},"inLanguage":"fi","potentialAction":[{"@type":"ReadAction","target":["https:\/\/safetypartners.fi\/kauppa\/tuote\/cederroth-elvytyssuoja"]}]},{"@type":"ImageObject","inLanguage":"fi","@id":"https:\/\/safetypartners.fi\/kauppa\/tuote\/cederroth-elvytyssuoja#primaryimage","url":"https:\/\/safetypartners.fi\/kauppa\/wp-content\/uploads\/2022\/08\/1921_Breathing-mask_150.jpg","contentUrl":"https:\/\/safetypartners.fi\/kauppa\/wp-content\/uploads\/2022\/08\/1921_Breathing-mask_150.jpg","width":1713,"height":1772,"caption":"Cederroth elvytyssuoja"},{"@type":"BreadcrumbList","@id":"https:\/\/safetypartners.fi\/kauppa\/tuote\/cederroth-elvytyssuoja#breadcrumb","itemListElement":[{"@type":"ListItem","position":1,"name":"Home","item":"https:\/\/safetypartners.fi\/kauppa\/"},{"@type":"ListItem","position":2,"name":"Kauppa","item":"https:\/\/safetypartners.fi\/kauppa\/kauppa"},{"@type":"ListItem","position":3,"name":"Cederroth elvytyssuoja"}]},{"@type":"WebSite","@id":"https:\/\/safetypartners.fi\/kauppa\/#website","url":"https:\/\/safetypartners.fi\/kauppa\/","name":"Safety Partners","description":"Safety Partners turvakauppa palvelee verkossa 24\/7!","publisher":{"@id":"https:\/\/safetypartners.fi\/kauppa\/#organization"},"potentialAction":[{"@type":"SearchAction","target":{"@type":"EntryPoint","urlTemplate":"https:\/\/safetypartners.fi\/kauppa\/?s={search_term_string}"},"query-input":{"@type":"PropertyValueSpecification","valueRequired":true,"valueName":"search_term_string"}}],"inLanguage":"fi"},{"@type":"Organization","@id":"https:\/\/safetypartners.fi\/kauppa\/#organization","name":"Safety Partners | Suomen Sammutinpalvelu","url":"https:\/\/safetypartners.fi\/kauppa\/","logo":{"@type":"ImageObject","inLanguage":"fi","@id":"https:\/\/safetypartners.fi\/kauppa\/#\/schema\/logo\/image\/","url":"https:\/\/safetypartners.fi\/kauppa\/wp-content\/uploads\/2020\/05\/cropped-Logoke-1.jpg","contentUrl":"https:\/\/safetypartners.fi\/kauppa\/wp-content\/uploads\/2020\/05\/cropped-Logoke-1.jpg","width":847,"height":717,"caption":"Safety Partners | Suomen Sammutinpalvelu"},"image":{"@id":"https:\/\/safetypartners.fi\/kauppa\/#\/schema\/logo\/image\/"}}]}},"uagb_featured_image_src":{"full":["https:\/\/safetypartners.fi\/kauppa\/wp-content\/uploads\/2022\/08\/1921_Breathing-mask_150.jpg",1713,1772,false],"thumbnail":["https:\/\/safetypartners.fi\/kauppa\/wp-content\/uploads\/2022\/08\/1921_Breathing-mask_150-150x150.jpg",150,150,true],"medium":["https:\/\/safetypartners.fi\/kauppa\/wp-content\/uploads\/2022\/08\/1921_Breathing-mask_150-290x300.jpg",290,300,true],"medium_large":["https:\/\/safetypartners.fi\/kauppa\/wp-content\/uploads\/2022\/08\/1921_Breathing-mask_150-768x794.jpg",768,794,true],"large":["https:\/\/safetypartners.fi\/kauppa\/wp-content\/uploads\/2022\/08\/1921_Breathing-mask_150-990x1024.jpg",990,1024,true],"1536x1536":["https:\/\/safetypartners.fi\/kauppa\/wp-content\/uploads\/2022\/08\/1921_Breathing-mask_150-1485x1536.jpg",1485,1536,true],"2048x2048":["https:\/\/safetypartners.fi\/kauppa\/wp-content\/uploads\/2022\/08\/1921_Breathing-mask_150.jpg",1713,1772,false],"woocommerce_thumbnail":["https:\/\/safetypartners.fi\/kauppa\/wp-content\/uploads\/2022\/08\/1921_Breathing-mask_150-300x300.jpg",300,300,true],"woocommerce_single":["https:\/\/safetypartners.fi\/kauppa\/wp-content\/uploads\/2022\/08\/1921_Breathing-mask_150-600x621.jpg",600,621,true],"woocommerce_gallery_thumbnail":["https:\/\/safetypartners.fi\/kauppa\/wp-content\/uploads\/2022\/08\/1921_Breathing-mask_150-100x100.jpg",100,100,true]},"uagb_author_info":{"display_name":"Anu Lehto","author_link":"https:\/\/safetypartners.fi\/kauppa\/author"},"uagb_comment_info":0,"uagb_excerpt":"Cederrothin elvytyssuoja auttaa puhalluselvytyksen antamiseen oikein sek\u00e4 suojaa suoralta kosketukselta elvytystilanteessa. Elvytyssuoja koostuu muovisesta suojaliinasta ja yksisuuntaisesta venttiilist\u00e4. Selke\u00e4t puhalluselvytysohjeet on painettu muovikankaaseen. Siit\u00e4 n\u00e4et ohjeet, miten suoja asetetaan elvytett\u00e4v\u00e4n kasvoille. Venttiilist\u00e4 vihre\u00e4 puoli tulee elvytt\u00e4j\u00e4\u00e4n p\u00e4in ja punainen puoli asetetaan elvytett\u00e4v\u00e4n suuhun. Suojaliinan reilu koko est\u00e4\u00e4 auttajaa joutumasta kontaktiin mahdollisen veren tai oksennuksen kanssa.","_links":{"self":[{"href":"https:\/\/safetypartners.fi\/kauppa\/wp-json\/wp\/v2\/product\/481","targetHints":{"allow":["GET"]}}],"collection":[{"href":"https:\/\/safetypartners.fi\/kauppa\/wp-json\/wp\/v2\/product"}],"about":[{"href":"https:\/\/safetypartners.fi\/kauppa\/wp-json\/wp\/v2\/types\/product"}],"replies":[{"embeddable":true,"href":"https:\/\/safetypartners.fi\/kauppa\/wp-json\/wp\/v2\/comments?post=481"}],"version-history":[{"count":3,"href":"https:\/\/safetypartners.fi\/kauppa\/wp-json\/wp\/v2\/product\/481\/revisions"}],"predecessor-version":[{"id":2755,"href":"https:\/\/safetypartners.fi\/kauppa\/wp-json\/wp\/v2\/product\/481\/revisions\/2755"}],"wp:featuredmedia":[{"embeddable":true,"href":"https:\/\/safetypartners.fi\/kauppa\/wp-json\/wp\/v2\/media\/544"}],"wp:attachment":[{"href":"https:\/\/safetypartners.fi\/kauppa\/wp-json\/wp\/v2\/media?parent=481"}],"wp:term":[{"taxonomy":"product_brand","embeddable":true,"href":"https:\/\/safetypartners.fi\/kauppa\/wp-json\/wp\/v2\/product_brand?post=481"},{"taxonomy":"product_cat","embeddable":true,"href":"https:\/\/safetypartners.fi\/kauppa\/wp-json\/wp\/v2\/product_cat?post=481"},{"taxonomy":"product_tag","embeddable":true,"href":"https:\/\/safetypartners.fi\/kauppa\/wp-json\/wp\/v2\/product_tag?post=481"}],"curies":[{"name":"wp","href":"https:\/\/api.w.org\/{rel}","templated":true}]}}