{"id":482,"date":"2022-08-01T17:22:20","date_gmt":"2022-08-01T14:22:20","guid":{"rendered":"https:\/\/safetypartners.fi\/kauppa\/?post_type=product&#038;p=482"},"modified":"2025-05-12T14:09:42","modified_gmt":"2025-05-12T11:09:42","slug":"cederroth-elvytyssuoja-avaimenperassa","status":"publish","type":"product","link":"https:\/\/safetypartners.fi\/kauppa\/tuote\/cederroth-elvytyssuoja-avaimenperassa","title":{"rendered":"Cederroth Elvytyssuoja avaimenper\u00e4ss\u00e4"},"content":{"rendered":"<div id=\"tab-description\" class=\"woocommerce-Tabs-panel woocommerce-Tabs-panel--description panel entry-content wc-tab\" role=\"tabpanel\" aria-labelledby=\"tab-title-description\">\n<p>Elvytyssuojan suukappaleen muoto on suunniteltu auttamaan elvytt\u00e4j\u00e4\u00e4 avaamaan suunsa tarpeeksi isolle ja painamaan huulet tiiviisti elvytett\u00e4v\u00e4n suun ymp\u00e4rille. Venttiilin isot ilmarei\u00e4t v\u00e4hent\u00e4v\u00e4t vastusta ja elvytt\u00e4j\u00e4 jaksaa n\u00e4in antaa tekohengityst\u00e4 pidemp\u00e4\u00e4n.<\/p>\n<\/div>\n<p>1 kpl Elvytyssuoja yhdensuuntaisella venttiilill\u00e4<\/p>\n","protected":false},"excerpt":{"rendered":"<div class=\"woocommerce-product-details__short-description\">\n<p><strong>Cederrothin elvytyssuoja on pakattu k\u00e4tev\u00e4\u00e4n avaimeenper\u00e4\u00e4n<\/strong> ja kulkee n\u00e4in huomaamatta aina mukana. Elvytyssuoja auttaa puhalluselvytyksen antamiseen oikein sek\u00e4 suojaa suoralta kosketukselta elvytystilanteessa. Muovinen suoja koostuu suojaliinasta ja yksisuuntaisesta venttiilist\u00e4.<\/p>\n<p>Selke\u00e4t puhalluselvytysohjeet on painettu sis\u00e4lt\u00e4 l\u00f6ytyv\u00e4\u00e4n muovikankaaseen. Siit\u00e4 n\u00e4et ohjeet, miten suoja asetetaan elvytett\u00e4v\u00e4n kasvoille. Venttiilist\u00e4 vihre\u00e4 puoli tulee elvytt\u00e4j\u00e4\u00e4n p\u00e4in ja punainen puoli asetetaan elvytett\u00e4v\u00e4n suuhun. Suojaliinan reilu koko est\u00e4\u00e4 auttajaa joutumasta kontaktiin mahdollisen veren tai oksennuksen kanssa.<\/p>\n<\/div>\n","protected":false},"featured_media":574,"comment_status":"open","ping_status":"closed","template":"","meta":{"_uag_custom_page_level_css":"","site-sidebar-layout":"default","site-content-layout":"default","ast-site-content-layout":"default","site-content-style":"default","site-sidebar-style":"default","ast-global-header-display":"","ast-banner-title-visibility":"","ast-main-header-display":"","ast-hfb-above-header-display":"","ast-hfb-below-header-display":"","ast-hfb-mobile-header-display":"","site-post-title":"","ast-breadcrumbs-content":"","ast-featured-img":"","footer-sml-layout":"","ast-disable-related-posts":"","theme-transparent-header-meta":"default","adv-header-id-meta":"","stick-header-meta":"default","header-above-stick-meta":"","header-main-stick-meta":"","header-below-stick-meta":"","astra-migrate-meta-layouts":"set","ast-page-background-enabled":"default","ast-page-background-meta":{"desktop":{"background-color":"","background-image":"","background-repeat":"repeat","background-position":"center center","background-size":"auto","background-attachment":"scroll","background-type":"","background-media":"","overlay-type":"","overlay-color":"","overlay-opacity":"","overlay-gradient":""},"tablet":{"background-color":"","background-image":"","background-repeat":"repeat","background-position":"center center","background-size":"auto","background-attachment":"scroll","background-type":"","background-media":"","overlay-type":"","overlay-color":"","overlay-opacity":"","overlay-gradient":""},"mobile":{"background-color":"","background-image":"","background-repeat":"repeat","background-position":"center center","background-size":"auto","background-attachment":"scroll","background-type":"","background-media":"","overlay-type":"","overlay-color":"","overlay-opacity":"","overlay-gradient":""}},"ast-content-background-meta":{"desktop":{"background-color":"var(--ast-global-color-5)","background-image":"","background-repeat":"repeat","background-position":"center center","background-size":"auto","background-attachment":"scroll","background-type":"","background-media":"","overlay-type":"","overlay-color":"","overlay-opacity":"","overlay-gradient":""},"tablet":{"background-color":"var(--ast-global-color-5)","background-image":"","background-repeat":"repeat","background-position":"center center","background-size":"auto","background-attachment":"scroll","background-type":"","background-media":"","overlay-type":"","overlay-color":"","overlay-opacity":"","overlay-gradient":""},"mobile":{"background-color":"var(--ast-global-color-5)","background-image":"","background-repeat":"repeat","background-position":"center center","background-size":"auto","background-attachment":"scroll","background-type":"","background-media":"","overlay-type":"","overlay-color":"","overlay-opacity":"","overlay-gradient":""}}},"product_brand":[],"product_cat":[42,15],"product_tag":[135,93,128,136,120,137,138,933],"class_list":{"0":"post-482","1":"product","2":"type-product","3":"status-publish","4":"has-post-thumbnail","6":"product_cat-ensiapu","7":"product_cat-yleinen","8":"product_tag-avaimenpera","9":"product_tag-cederroth","10":"product_tag-elvytys","11":"product_tag-elvytyssuoja","12":"product_tag-ensiapu","13":"product_tag-kanna-mukana","14":"product_tag-kontaktiton","15":"product_tag-suoja","16":"product_shipping_class-suomi","17":"desktop-align-center","18":"tablet-align-center","19":"mobile-align-center","20":"ast-product-gallery-layout-horizontal-slider","21":"ast-product-gallery-with-no-image","22":"ast-product-tabs-layout-horizontal","24":"first","25":"instock","26":"taxable","27":"shipping-taxable","28":"purchasable","29":"product-type-simple"},"yoast_head":"<!-- This site is optimized with the Yoast SEO plugin v27.3 - https:\/\/yoast.com\/product\/yoast-seo-wordpress\/ -->\n<title>Cederroth Elvytyssuoja avaimenper\u00e4ss\u00e4 - Safety Partners<\/title>\n<meta name=\"description\" content=\"Cederrothin elvytyssuoja k\u00e4tev\u00e4ss\u00e4 avaimeenper\u00e4ss\u00e4 kulkee aina mukana. Elvytyssuoja suojaa suoralta ihokosketukselta elvytystilanteessa.\" \/>\n<meta name=\"robots\" content=\"index, follow, max-snippet:-1, max-image-preview:large, max-video-preview:-1\" \/>\n<link rel=\"canonical\" href=\"https:\/\/safetypartners.fi\/kauppa\/tuote\/cederroth-elvytyssuoja-avaimenperassa\" \/>\n<meta property=\"og:locale\" content=\"fi_FI\" \/>\n<meta property=\"og:type\" content=\"article\" \/>\n<meta property=\"og:title\" content=\"Cederroth Elvytyssuoja avaimenper\u00e4ss\u00e4 - Safety Partners\" \/>\n<meta property=\"og:description\" content=\"Cederrothin elvytyssuoja k\u00e4tev\u00e4ss\u00e4 avaimeenper\u00e4ss\u00e4 kulkee aina mukana. Elvytyssuoja suojaa suoralta ihokosketukselta elvytystilanteessa.\" \/>\n<meta property=\"og:url\" content=\"https:\/\/safetypartners.fi\/kauppa\/tuote\/cederroth-elvytyssuoja-avaimenperassa\" \/>\n<meta property=\"og:site_name\" content=\"Safety Partners\" \/>\n<meta property=\"article:modified_time\" content=\"2025-05-12T11:09:42+00:00\" \/>\n<meta property=\"og:image\" content=\"https:\/\/safetypartners.fi\/kauppa\/wp-content\/uploads\/2022\/08\/Cederroth-elvytyssuoja-avaimenperassa_kauempaa-1.png\" \/>\n\t<meta property=\"og:image:width\" content=\"949\" \/>\n\t<meta property=\"og:image:height\" content=\"849\" \/>\n\t<meta property=\"og:image:type\" content=\"image\/png\" \/>\n<meta name=\"twitter:card\" content=\"summary_large_image\" \/>\n<meta name=\"twitter:label1\" content=\"Arvioitu lukuaika\" \/>\n\t<meta name=\"twitter:data1\" content=\"1 minuutti\" \/>\n<script type=\"application\/ld+json\" class=\"yoast-schema-graph\">{\"@context\":\"https:\\\/\\\/schema.org\",\"@graph\":[{\"@type\":\"WebPage\",\"@id\":\"https:\\\/\\\/safetypartners.fi\\\/kauppa\\\/tuote\\\/cederroth-elvytyssuoja-avaimenperassa\",\"url\":\"https:\\\/\\\/safetypartners.fi\\\/kauppa\\\/tuote\\\/cederroth-elvytyssuoja-avaimenperassa\",\"name\":\"Cederroth Elvytyssuoja avaimenper\u00e4ss\u00e4 - Safety Partners\",\"isPartOf\":{\"@id\":\"https:\\\/\\\/safetypartners.fi\\\/kauppa\\\/#website\"},\"primaryImageOfPage\":{\"@id\":\"https:\\\/\\\/safetypartners.fi\\\/kauppa\\\/tuote\\\/cederroth-elvytyssuoja-avaimenperassa#primaryimage\"},\"image\":{\"@id\":\"https:\\\/\\\/safetypartners.fi\\\/kauppa\\\/tuote\\\/cederroth-elvytyssuoja-avaimenperassa#primaryimage\"},\"thumbnailUrl\":\"https:\\\/\\\/safetypartners.fi\\\/kauppa\\\/wp-content\\\/uploads\\\/2022\\\/08\\\/Cederroth-elvytyssuoja-avaimenperassa_kauempaa-1.png\",\"datePublished\":\"2022-08-01T14:22:20+00:00\",\"dateModified\":\"2025-05-12T11:09:42+00:00\",\"description\":\"Cederrothin elvytyssuoja k\u00e4tev\u00e4ss\u00e4 avaimeenper\u00e4ss\u00e4 kulkee aina mukana. Elvytyssuoja suojaa suoralta ihokosketukselta elvytystilanteessa.\",\"breadcrumb\":{\"@id\":\"https:\\\/\\\/safetypartners.fi\\\/kauppa\\\/tuote\\\/cederroth-elvytyssuoja-avaimenperassa#breadcrumb\"},\"inLanguage\":\"fi\",\"potentialAction\":[{\"@type\":\"ReadAction\",\"target\":[\"https:\\\/\\\/safetypartners.fi\\\/kauppa\\\/tuote\\\/cederroth-elvytyssuoja-avaimenperassa\"]}]},{\"@type\":\"ImageObject\",\"inLanguage\":\"fi\",\"@id\":\"https:\\\/\\\/safetypartners.fi\\\/kauppa\\\/tuote\\\/cederroth-elvytyssuoja-avaimenperassa#primaryimage\",\"url\":\"https:\\\/\\\/safetypartners.fi\\\/kauppa\\\/wp-content\\\/uploads\\\/2022\\\/08\\\/Cederroth-elvytyssuoja-avaimenperassa_kauempaa-1.png\",\"contentUrl\":\"https:\\\/\\\/safetypartners.fi\\\/kauppa\\\/wp-content\\\/uploads\\\/2022\\\/08\\\/Cederroth-elvytyssuoja-avaimenperassa_kauempaa-1.png\",\"width\":949,\"height\":849},{\"@type\":\"BreadcrumbList\",\"@id\":\"https:\\\/\\\/safetypartners.fi\\\/kauppa\\\/tuote\\\/cederroth-elvytyssuoja-avaimenperassa#breadcrumb\",\"itemListElement\":[{\"@type\":\"ListItem\",\"position\":1,\"name\":\"Home\",\"item\":\"https:\\\/\\\/safetypartners.fi\\\/kauppa\\\/\"},{\"@type\":\"ListItem\",\"position\":2,\"name\":\"Kauppa\",\"item\":\"https:\\\/\\\/safetypartners.fi\\\/kauppa\\\/kauppa\"},{\"@type\":\"ListItem\",\"position\":3,\"name\":\"Cederroth Elvytyssuoja avaimenper\u00e4ss\u00e4\"}]},{\"@type\":\"WebSite\",\"@id\":\"https:\\\/\\\/safetypartners.fi\\\/kauppa\\\/#website\",\"url\":\"https:\\\/\\\/safetypartners.fi\\\/kauppa\\\/\",\"name\":\"Safety Partners\",\"description\":\"Safety Partners turvakauppa palvelee verkossa 24\\\/7!\",\"publisher\":{\"@id\":\"https:\\\/\\\/safetypartners.fi\\\/kauppa\\\/#organization\"},\"potentialAction\":[{\"@type\":\"SearchAction\",\"target\":{\"@type\":\"EntryPoint\",\"urlTemplate\":\"https:\\\/\\\/safetypartners.fi\\\/kauppa\\\/?s={search_term_string}\"},\"query-input\":{\"@type\":\"PropertyValueSpecification\",\"valueRequired\":true,\"valueName\":\"search_term_string\"}}],\"inLanguage\":\"fi\"},{\"@type\":\"Organization\",\"@id\":\"https:\\\/\\\/safetypartners.fi\\\/kauppa\\\/#organization\",\"name\":\"Safety Partners | Suomen Sammutinpalvelu\",\"url\":\"https:\\\/\\\/safetypartners.fi\\\/kauppa\\\/\",\"logo\":{\"@type\":\"ImageObject\",\"inLanguage\":\"fi\",\"@id\":\"https:\\\/\\\/safetypartners.fi\\\/kauppa\\\/#\\\/schema\\\/logo\\\/image\\\/\",\"url\":\"https:\\\/\\\/safetypartners.fi\\\/kauppa\\\/wp-content\\\/uploads\\\/2020\\\/05\\\/cropped-Logoke-1.jpg\",\"contentUrl\":\"https:\\\/\\\/safetypartners.fi\\\/kauppa\\\/wp-content\\\/uploads\\\/2020\\\/05\\\/cropped-Logoke-1.jpg\",\"width\":847,\"height\":717,\"caption\":\"Safety Partners | Suomen Sammutinpalvelu\"},\"image\":{\"@id\":\"https:\\\/\\\/safetypartners.fi\\\/kauppa\\\/#\\\/schema\\\/logo\\\/image\\\/\"}}]}<\/script>\n<!-- \/ Yoast SEO plugin. -->","yoast_head_json":{"title":"Cederroth Elvytyssuoja avaimenper\u00e4ss\u00e4 - Safety Partners","description":"Cederrothin elvytyssuoja k\u00e4tev\u00e4ss\u00e4 avaimeenper\u00e4ss\u00e4 kulkee aina mukana. Elvytyssuoja suojaa suoralta ihokosketukselta elvytystilanteessa.","robots":{"index":"index","follow":"follow","max-snippet":"max-snippet:-1","max-image-preview":"max-image-preview:large","max-video-preview":"max-video-preview:-1"},"canonical":"https:\/\/safetypartners.fi\/kauppa\/tuote\/cederroth-elvytyssuoja-avaimenperassa","og_locale":"fi_FI","og_type":"article","og_title":"Cederroth Elvytyssuoja avaimenper\u00e4ss\u00e4 - Safety Partners","og_description":"Cederrothin elvytyssuoja k\u00e4tev\u00e4ss\u00e4 avaimeenper\u00e4ss\u00e4 kulkee aina mukana. Elvytyssuoja suojaa suoralta ihokosketukselta elvytystilanteessa.","og_url":"https:\/\/safetypartners.fi\/kauppa\/tuote\/cederroth-elvytyssuoja-avaimenperassa","og_site_name":"Safety Partners","article_modified_time":"2025-05-12T11:09:42+00:00","og_image":[{"width":949,"height":849,"url":"https:\/\/safetypartners.fi\/kauppa\/wp-content\/uploads\/2022\/08\/Cederroth-elvytyssuoja-avaimenperassa_kauempaa-1.png","type":"image\/png"}],"twitter_card":"summary_large_image","twitter_misc":{"Arvioitu lukuaika":"1 minuutti"},"schema":{"@context":"https:\/\/schema.org","@graph":[{"@type":"WebPage","@id":"https:\/\/safetypartners.fi\/kauppa\/tuote\/cederroth-elvytyssuoja-avaimenperassa","url":"https:\/\/safetypartners.fi\/kauppa\/tuote\/cederroth-elvytyssuoja-avaimenperassa","name":"Cederroth Elvytyssuoja avaimenper\u00e4ss\u00e4 - Safety Partners","isPartOf":{"@id":"https:\/\/safetypartners.fi\/kauppa\/#website"},"primaryImageOfPage":{"@id":"https:\/\/safetypartners.fi\/kauppa\/tuote\/cederroth-elvytyssuoja-avaimenperassa#primaryimage"},"image":{"@id":"https:\/\/safetypartners.fi\/kauppa\/tuote\/cederroth-elvytyssuoja-avaimenperassa#primaryimage"},"thumbnailUrl":"https:\/\/safetypartners.fi\/kauppa\/wp-content\/uploads\/2022\/08\/Cederroth-elvytyssuoja-avaimenperassa_kauempaa-1.png","datePublished":"2022-08-01T14:22:20+00:00","dateModified":"2025-05-12T11:09:42+00:00","description":"Cederrothin elvytyssuoja k\u00e4tev\u00e4ss\u00e4 avaimeenper\u00e4ss\u00e4 kulkee aina mukana. Elvytyssuoja suojaa suoralta ihokosketukselta elvytystilanteessa.","breadcrumb":{"@id":"https:\/\/safetypartners.fi\/kauppa\/tuote\/cederroth-elvytyssuoja-avaimenperassa#breadcrumb"},"inLanguage":"fi","potentialAction":[{"@type":"ReadAction","target":["https:\/\/safetypartners.fi\/kauppa\/tuote\/cederroth-elvytyssuoja-avaimenperassa"]}]},{"@type":"ImageObject","inLanguage":"fi","@id":"https:\/\/safetypartners.fi\/kauppa\/tuote\/cederroth-elvytyssuoja-avaimenperassa#primaryimage","url":"https:\/\/safetypartners.fi\/kauppa\/wp-content\/uploads\/2022\/08\/Cederroth-elvytyssuoja-avaimenperassa_kauempaa-1.png","contentUrl":"https:\/\/safetypartners.fi\/kauppa\/wp-content\/uploads\/2022\/08\/Cederroth-elvytyssuoja-avaimenperassa_kauempaa-1.png","width":949,"height":849},{"@type":"BreadcrumbList","@id":"https:\/\/safetypartners.fi\/kauppa\/tuote\/cederroth-elvytyssuoja-avaimenperassa#breadcrumb","itemListElement":[{"@type":"ListItem","position":1,"name":"Home","item":"https:\/\/safetypartners.fi\/kauppa\/"},{"@type":"ListItem","position":2,"name":"Kauppa","item":"https:\/\/safetypartners.fi\/kauppa\/kauppa"},{"@type":"ListItem","position":3,"name":"Cederroth Elvytyssuoja avaimenper\u00e4ss\u00e4"}]},{"@type":"WebSite","@id":"https:\/\/safetypartners.fi\/kauppa\/#website","url":"https:\/\/safetypartners.fi\/kauppa\/","name":"Safety Partners","description":"Safety Partners turvakauppa palvelee verkossa 24\/7!","publisher":{"@id":"https:\/\/safetypartners.fi\/kauppa\/#organization"},"potentialAction":[{"@type":"SearchAction","target":{"@type":"EntryPoint","urlTemplate":"https:\/\/safetypartners.fi\/kauppa\/?s={search_term_string}"},"query-input":{"@type":"PropertyValueSpecification","valueRequired":true,"valueName":"search_term_string"}}],"inLanguage":"fi"},{"@type":"Organization","@id":"https:\/\/safetypartners.fi\/kauppa\/#organization","name":"Safety Partners | Suomen Sammutinpalvelu","url":"https:\/\/safetypartners.fi\/kauppa\/","logo":{"@type":"ImageObject","inLanguage":"fi","@id":"https:\/\/safetypartners.fi\/kauppa\/#\/schema\/logo\/image\/","url":"https:\/\/safetypartners.fi\/kauppa\/wp-content\/uploads\/2020\/05\/cropped-Logoke-1.jpg","contentUrl":"https:\/\/safetypartners.fi\/kauppa\/wp-content\/uploads\/2020\/05\/cropped-Logoke-1.jpg","width":847,"height":717,"caption":"Safety Partners | Suomen Sammutinpalvelu"},"image":{"@id":"https:\/\/safetypartners.fi\/kauppa\/#\/schema\/logo\/image\/"}}]}},"uagb_featured_image_src":{"full":["https:\/\/safetypartners.fi\/kauppa\/wp-content\/uploads\/2022\/08\/Cederroth-elvytyssuoja-avaimenperassa_kauempaa-1.png",949,849,false],"thumbnail":["https:\/\/safetypartners.fi\/kauppa\/wp-content\/uploads\/2022\/08\/Cederroth-elvytyssuoja-avaimenperassa_kauempaa-1-150x150.png",150,150,true],"medium":["https:\/\/safetypartners.fi\/kauppa\/wp-content\/uploads\/2022\/08\/Cederroth-elvytyssuoja-avaimenperassa_kauempaa-1-300x268.png",300,268,true],"medium_large":["https:\/\/safetypartners.fi\/kauppa\/wp-content\/uploads\/2022\/08\/Cederroth-elvytyssuoja-avaimenperassa_kauempaa-1-768x687.png",768,687,true],"large":["https:\/\/safetypartners.fi\/kauppa\/wp-content\/uploads\/2022\/08\/Cederroth-elvytyssuoja-avaimenperassa_kauempaa-1.png",949,849,false],"1536x1536":["https:\/\/safetypartners.fi\/kauppa\/wp-content\/uploads\/2022\/08\/Cederroth-elvytyssuoja-avaimenperassa_kauempaa-1.png",949,849,false],"2048x2048":["https:\/\/safetypartners.fi\/kauppa\/wp-content\/uploads\/2022\/08\/Cederroth-elvytyssuoja-avaimenperassa_kauempaa-1.png",949,849,false],"woocommerce_thumbnail":["https:\/\/safetypartners.fi\/kauppa\/wp-content\/uploads\/2022\/08\/Cederroth-elvytyssuoja-avaimenperassa_kauempaa-1-300x300.png",300,300,true],"woocommerce_single":["https:\/\/safetypartners.fi\/kauppa\/wp-content\/uploads\/2022\/08\/Cederroth-elvytyssuoja-avaimenperassa_kauempaa-1-600x537.png",600,537,true],"woocommerce_gallery_thumbnail":["https:\/\/safetypartners.fi\/kauppa\/wp-content\/uploads\/2022\/08\/Cederroth-elvytyssuoja-avaimenperassa_kauempaa-1-100x100.png",100,100,true]},"uagb_author_info":{"display_name":"Anu Lehto","author_link":"https:\/\/safetypartners.fi\/kauppa\/author"},"uagb_comment_info":0,"uagb_excerpt":"Cederrothin elvytyssuoja on pakattu k\u00e4tev\u00e4\u00e4n avaimeenper\u00e4\u00e4n ja kulkee n\u00e4in huomaamatta aina mukana. Elvytyssuoja auttaa puhalluselvytyksen antamiseen oikein sek\u00e4 suojaa suoralta kosketukselta elvytystilanteessa. Muovinen suoja koostuu suojaliinasta ja yksisuuntaisesta venttiilist\u00e4. Selke\u00e4t puhalluselvytysohjeet on painettu sis\u00e4lt\u00e4 l\u00f6ytyv\u00e4\u00e4n muovikankaaseen. Siit\u00e4 n\u00e4et ohjeet, miten suoja asetetaan elvytett\u00e4v\u00e4n kasvoille. Venttiilist\u00e4 vihre\u00e4 puoli tulee elvytt\u00e4j\u00e4\u00e4n p\u00e4in ja punainen puoli asetetaan elvytett\u00e4v\u00e4n&hellip;","_links":{"self":[{"href":"https:\/\/safetypartners.fi\/kauppa\/wp-json\/wp\/v2\/product\/482","targetHints":{"allow":["GET"]}}],"collection":[{"href":"https:\/\/safetypartners.fi\/kauppa\/wp-json\/wp\/v2\/product"}],"about":[{"href":"https:\/\/safetypartners.fi\/kauppa\/wp-json\/wp\/v2\/types\/product"}],"replies":[{"embeddable":true,"href":"https:\/\/safetypartners.fi\/kauppa\/wp-json\/wp\/v2\/comments?post=482"}],"version-history":[{"count":3,"href":"https:\/\/safetypartners.fi\/kauppa\/wp-json\/wp\/v2\/product\/482\/revisions"}],"predecessor-version":[{"id":569,"href":"https:\/\/safetypartners.fi\/kauppa\/wp-json\/wp\/v2\/product\/482\/revisions\/569"}],"wp:featuredmedia":[{"embeddable":true,"href":"https:\/\/safetypartners.fi\/kauppa\/wp-json\/wp\/v2\/media\/574"}],"wp:attachment":[{"href":"https:\/\/safetypartners.fi\/kauppa\/wp-json\/wp\/v2\/media?parent=482"}],"wp:term":[{"taxonomy":"product_brand","embeddable":true,"href":"https:\/\/safetypartners.fi\/kauppa\/wp-json\/wp\/v2\/product_brand?post=482"},{"taxonomy":"product_cat","embeddable":true,"href":"https:\/\/safetypartners.fi\/kauppa\/wp-json\/wp\/v2\/product_cat?post=482"},{"taxonomy":"product_tag","embeddable":true,"href":"https:\/\/safetypartners.fi\/kauppa\/wp-json\/wp\/v2\/product_tag?post=482"}],"curies":[{"name":"wp","href":"https:\/\/api.w.org\/{rel}","templated":true}]}}