{"id":484,"date":"2022-08-01T17:22:21","date_gmt":"2022-08-01T14:22:21","guid":{"rendered":"https:\/\/safetypartners.fi\/kauppa\/?post_type=product&#038;p=484"},"modified":"2026-02-02T11:03:17","modified_gmt":"2026-02-02T09:03:17","slug":"kertakayttoinen-kylmahaudepussi","status":"publish","type":"product","link":"https:\/\/safetypartners.fi\/kauppa\/tuote\/kertakayttoinen-kylmahaudepussi","title":{"rendered":"Kertak\u00e4ytt\u00f6inen kylm\u00e4haudepussi"},"content":{"rendered":"<p>&#8211; Valmis heti k\u00e4ytett\u00e4v\u00e4ksi, ei vaadi j\u00e4\u00e4hdytt\u00e4mist\u00e4.<\/p>\n<p>&#8211; Erinomainen lis\u00e4 ensiapupakkaukseen.<\/p>\n<p>&#8211; Voidaan h\u00e4vitt\u00e4\u00e4 k\u00e4yt\u00f6n j\u00e4lkeen normaalin talousj\u00e4tteen mukana<\/p>\n<p>Sis\u00e4lt\u00e4\u00e4 ureaa ja vett\u00e4.<br \/>\nPaino 0.35kg.<\/p>\n","protected":false},"excerpt":{"rendered":"<p><strong>Kertak\u00e4ytt\u00f6inen pikakylm\u00e4haude<\/strong> on erinomainen lis\u00e4 ensiapupakkauksiin kotona, autossa ja ty\u00f6paikoilla. Kylm\u00e4haude auttaa v\u00e4litt\u00f6m\u00e4sti ehk\u00e4isten turvotuksen ja verenpurkauman muodostumista, ja lievitt\u00e4\u00e4 kipua pehmytkudosvammojen sattuessa.<\/p>\n<p>Kylm\u00e4haude aktivoidaan painamalla sen sis\u00e4ll\u00e4 oleva nestepussi rikki, t\u00e4m\u00e4n j\u00e4lkeen haude j\u00e4\u00e4htyy v\u00e4litt\u00f6m\u00e4sti. K\u00e4yt\u00f6n j\u00e4lkeen kylm\u00e4pussi voidaan h\u00e4vitt\u00e4\u00e4 normaalina talousj\u00e4tteen\u00e4. K\u00e4ytt\u00e4m\u00e4t\u00f6n pussi s\u00e4ilyy huoneenl\u00e4mm\u00f6ss\u00e4 ja t\u00e4t\u00e4 tulee k\u00e4sitell\u00e4 varoen.<\/p>\n","protected":false},"featured_media":2091,"comment_status":"open","ping_status":"closed","template":"","meta":{"_uag_custom_page_level_css":"","site-sidebar-layout":"default","site-content-layout":"default","ast-site-content-layout":"default","site-content-style":"default","site-sidebar-style":"default","ast-global-header-display":"","ast-banner-title-visibility":"","ast-main-header-display":"","ast-hfb-above-header-display":"","ast-hfb-below-header-display":"","ast-hfb-mobile-header-display":"","site-post-title":"","ast-breadcrumbs-content":"","ast-featured-img":"","footer-sml-layout":"","ast-disable-related-posts":"","theme-transparent-header-meta":"default","adv-header-id-meta":"","stick-header-meta":"default","header-above-stick-meta":"","header-main-stick-meta":"","header-below-stick-meta":"","astra-migrate-meta-layouts":"set","ast-page-background-enabled":"default","ast-page-background-meta":{"desktop":{"background-color":"","background-image":"","background-repeat":"repeat","background-position":"center center","background-size":"auto","background-attachment":"scroll","background-type":"","background-media":"","overlay-type":"","overlay-color":"","overlay-opacity":"","overlay-gradient":""},"tablet":{"background-color":"","background-image":"","background-repeat":"repeat","background-position":"center center","background-size":"auto","background-attachment":"scroll","background-type":"","background-media":"","overlay-type":"","overlay-color":"","overlay-opacity":"","overlay-gradient":""},"mobile":{"background-color":"","background-image":"","background-repeat":"repeat","background-position":"center center","background-size":"auto","background-attachment":"scroll","background-type":"","background-media":"","overlay-type":"","overlay-color":"","overlay-opacity":"","overlay-gradient":""}},"ast-content-background-meta":{"desktop":{"background-color":"var(--ast-global-color-5)","background-image":"","background-repeat":"repeat","background-position":"center center","background-size":"auto","background-attachment":"scroll","background-type":"","background-media":"","overlay-type":"","overlay-color":"","overlay-opacity":"","overlay-gradient":""},"tablet":{"background-color":"var(--ast-global-color-5)","background-image":"","background-repeat":"repeat","background-position":"center center","background-size":"auto","background-attachment":"scroll","background-type":"","background-media":"","overlay-type":"","overlay-color":"","overlay-opacity":"","overlay-gradient":""},"mobile":{"background-color":"var(--ast-global-color-5)","background-image":"","background-repeat":"repeat","background-position":"center center","background-size":"auto","background-attachment":"scroll","background-type":"","background-media":"","overlay-type":"","overlay-color":"","overlay-opacity":"","overlay-gradient":""}}},"product_brand":[],"product_cat":[42,15],"product_tag":[306,303,120,231,301,785,298,302,1132,1133,1243],"class_list":{"0":"post-484","1":"product","2":"type-product","3":"status-publish","4":"has-post-thumbnail","6":"product_cat-ensiapu","7":"product_cat-yleinen","8":"product_tag-cool-x","9":"product_tag-ehkaisee-turvotusta","10":"product_tag-ensiapu","11":"product_tag-helppo","12":"product_tag-kertakayttoinen","13":"product_tag-kylma-haude-pussi","14":"product_tag-kylmahaude","15":"product_tag-lievittaa-kipua","16":"product_tag-pikakylmahaude","17":"product_tag-repeamille","18":"product_tag-varautuminen","19":"product_shipping_class-suomi","20":"desktop-align-center","21":"tablet-align-center","22":"mobile-align-center","23":"ast-product-gallery-layout-horizontal-slider","24":"ast-product-gallery-with-no-image","25":"ast-product-tabs-layout-horizontal","27":"first","28":"instock","29":"taxable","30":"shipping-taxable","31":"purchasable","32":"product-type-simple"},"yoast_head":"<!-- This site is optimized with the Yoast SEO plugin v27.3 - https:\/\/yoast.com\/product\/yoast-seo-wordpress\/ -->\n<title>Kertak\u00e4ytt\u00f6inen kylm\u00e4haudepussi - Safety Partners<\/title>\n<meta name=\"description\" content=\"Kylm\u00e4haude auttaa heti ehk\u00e4isten turvotuksen ja verenpurkauman muodostumista, ja lievitt\u00e4\u00e4 kipua pehmytkudosvammojen sattuessa. S\u00e4ilyy huoneenl\u00e4mm\u00f6ss\u00e4.\" \/>\n<meta name=\"robots\" content=\"index, follow, max-snippet:-1, max-image-preview:large, max-video-preview:-1\" \/>\n<link rel=\"canonical\" href=\"https:\/\/safetypartners.fi\/kauppa\/tuote\/kertakayttoinen-kylmahaudepussi\" \/>\n<meta property=\"og:locale\" content=\"fi_FI\" \/>\n<meta property=\"og:type\" content=\"article\" \/>\n<meta property=\"og:title\" content=\"Kertak\u00e4ytt\u00f6inen kylm\u00e4haudepussi - Safety Partners\" \/>\n<meta property=\"og:description\" content=\"Kylm\u00e4haude auttaa heti ehk\u00e4isten turvotuksen ja verenpurkauman muodostumista, ja lievitt\u00e4\u00e4 kipua pehmytkudosvammojen sattuessa. S\u00e4ilyy huoneenl\u00e4mm\u00f6ss\u00e4.\" \/>\n<meta property=\"og:url\" content=\"https:\/\/safetypartners.fi\/kauppa\/tuote\/kertakayttoinen-kylmahaudepussi\" \/>\n<meta property=\"og:site_name\" content=\"Safety Partners\" \/>\n<meta property=\"article:modified_time\" content=\"2026-02-02T09:03:17+00:00\" \/>\n<meta property=\"og:image\" content=\"https:\/\/safetypartners.fi\/kauppa\/wp-content\/uploads\/2022\/08\/Cool-X-kylmahaudepussi.png\" \/>\n\t<meta property=\"og:image:width\" content=\"1012\" \/>\n\t<meta property=\"og:image:height\" content=\"894\" \/>\n\t<meta property=\"og:image:type\" content=\"image\/png\" \/>\n<meta name=\"twitter:card\" content=\"summary_large_image\" \/>\n<meta name=\"twitter:label1\" content=\"Arvioitu lukuaika\" \/>\n\t<meta name=\"twitter:data1\" content=\"1 minuutti\" \/>\n<script type=\"application\/ld+json\" class=\"yoast-schema-graph\">{\"@context\":\"https:\\\/\\\/schema.org\",\"@graph\":[{\"@type\":\"WebPage\",\"@id\":\"https:\\\/\\\/safetypartners.fi\\\/kauppa\\\/tuote\\\/kertakayttoinen-kylmahaudepussi\",\"url\":\"https:\\\/\\\/safetypartners.fi\\\/kauppa\\\/tuote\\\/kertakayttoinen-kylmahaudepussi\",\"name\":\"Kertak\u00e4ytt\u00f6inen kylm\u00e4haudepussi - Safety Partners\",\"isPartOf\":{\"@id\":\"https:\\\/\\\/safetypartners.fi\\\/kauppa\\\/#website\"},\"primaryImageOfPage\":{\"@id\":\"https:\\\/\\\/safetypartners.fi\\\/kauppa\\\/tuote\\\/kertakayttoinen-kylmahaudepussi#primaryimage\"},\"image\":{\"@id\":\"https:\\\/\\\/safetypartners.fi\\\/kauppa\\\/tuote\\\/kertakayttoinen-kylmahaudepussi#primaryimage\"},\"thumbnailUrl\":\"https:\\\/\\\/safetypartners.fi\\\/kauppa\\\/wp-content\\\/uploads\\\/2022\\\/08\\\/Cool-X-kylmahaudepussi.png\",\"datePublished\":\"2022-08-01T14:22:21+00:00\",\"dateModified\":\"2026-02-02T09:03:17+00:00\",\"description\":\"Kylm\u00e4haude auttaa heti ehk\u00e4isten turvotuksen ja verenpurkauman muodostumista, ja lievitt\u00e4\u00e4 kipua pehmytkudosvammojen sattuessa. S\u00e4ilyy huoneenl\u00e4mm\u00f6ss\u00e4.\",\"breadcrumb\":{\"@id\":\"https:\\\/\\\/safetypartners.fi\\\/kauppa\\\/tuote\\\/kertakayttoinen-kylmahaudepussi#breadcrumb\"},\"inLanguage\":\"fi\",\"potentialAction\":[{\"@type\":\"ReadAction\",\"target\":[\"https:\\\/\\\/safetypartners.fi\\\/kauppa\\\/tuote\\\/kertakayttoinen-kylmahaudepussi\"]}]},{\"@type\":\"ImageObject\",\"inLanguage\":\"fi\",\"@id\":\"https:\\\/\\\/safetypartners.fi\\\/kauppa\\\/tuote\\\/kertakayttoinen-kylmahaudepussi#primaryimage\",\"url\":\"https:\\\/\\\/safetypartners.fi\\\/kauppa\\\/wp-content\\\/uploads\\\/2022\\\/08\\\/Cool-X-kylmahaudepussi.png\",\"contentUrl\":\"https:\\\/\\\/safetypartners.fi\\\/kauppa\\\/wp-content\\\/uploads\\\/2022\\\/08\\\/Cool-X-kylmahaudepussi.png\",\"width\":1012,\"height\":894,\"caption\":\"Cool-X kylm\u00e4haudepussi\"},{\"@type\":\"BreadcrumbList\",\"@id\":\"https:\\\/\\\/safetypartners.fi\\\/kauppa\\\/tuote\\\/kertakayttoinen-kylmahaudepussi#breadcrumb\",\"itemListElement\":[{\"@type\":\"ListItem\",\"position\":1,\"name\":\"Home\",\"item\":\"https:\\\/\\\/safetypartners.fi\\\/kauppa\\\/\"},{\"@type\":\"ListItem\",\"position\":2,\"name\":\"Kauppa\",\"item\":\"https:\\\/\\\/safetypartners.fi\\\/kauppa\\\/kauppa\"},{\"@type\":\"ListItem\",\"position\":3,\"name\":\"Kertak\u00e4ytt\u00f6inen kylm\u00e4haudepussi\"}]},{\"@type\":\"WebSite\",\"@id\":\"https:\\\/\\\/safetypartners.fi\\\/kauppa\\\/#website\",\"url\":\"https:\\\/\\\/safetypartners.fi\\\/kauppa\\\/\",\"name\":\"Safety Partners\",\"description\":\"Safety Partners turvakauppa palvelee verkossa 24\\\/7!\",\"publisher\":{\"@id\":\"https:\\\/\\\/safetypartners.fi\\\/kauppa\\\/#organization\"},\"potentialAction\":[{\"@type\":\"SearchAction\",\"target\":{\"@type\":\"EntryPoint\",\"urlTemplate\":\"https:\\\/\\\/safetypartners.fi\\\/kauppa\\\/?s={search_term_string}\"},\"query-input\":{\"@type\":\"PropertyValueSpecification\",\"valueRequired\":true,\"valueName\":\"search_term_string\"}}],\"inLanguage\":\"fi\"},{\"@type\":\"Organization\",\"@id\":\"https:\\\/\\\/safetypartners.fi\\\/kauppa\\\/#organization\",\"name\":\"Safety Partners | Suomen Sammutinpalvelu\",\"url\":\"https:\\\/\\\/safetypartners.fi\\\/kauppa\\\/\",\"logo\":{\"@type\":\"ImageObject\",\"inLanguage\":\"fi\",\"@id\":\"https:\\\/\\\/safetypartners.fi\\\/kauppa\\\/#\\\/schema\\\/logo\\\/image\\\/\",\"url\":\"https:\\\/\\\/safetypartners.fi\\\/kauppa\\\/wp-content\\\/uploads\\\/2020\\\/05\\\/cropped-Logoke-1.jpg\",\"contentUrl\":\"https:\\\/\\\/safetypartners.fi\\\/kauppa\\\/wp-content\\\/uploads\\\/2020\\\/05\\\/cropped-Logoke-1.jpg\",\"width\":847,\"height\":717,\"caption\":\"Safety Partners | Suomen Sammutinpalvelu\"},\"image\":{\"@id\":\"https:\\\/\\\/safetypartners.fi\\\/kauppa\\\/#\\\/schema\\\/logo\\\/image\\\/\"}}]}<\/script>\n<!-- \/ Yoast SEO plugin. -->","yoast_head_json":{"title":"Kertak\u00e4ytt\u00f6inen kylm\u00e4haudepussi - Safety Partners","description":"Kylm\u00e4haude auttaa heti ehk\u00e4isten turvotuksen ja verenpurkauman muodostumista, ja lievitt\u00e4\u00e4 kipua pehmytkudosvammojen sattuessa. S\u00e4ilyy huoneenl\u00e4mm\u00f6ss\u00e4.","robots":{"index":"index","follow":"follow","max-snippet":"max-snippet:-1","max-image-preview":"max-image-preview:large","max-video-preview":"max-video-preview:-1"},"canonical":"https:\/\/safetypartners.fi\/kauppa\/tuote\/kertakayttoinen-kylmahaudepussi","og_locale":"fi_FI","og_type":"article","og_title":"Kertak\u00e4ytt\u00f6inen kylm\u00e4haudepussi - Safety Partners","og_description":"Kylm\u00e4haude auttaa heti ehk\u00e4isten turvotuksen ja verenpurkauman muodostumista, ja lievitt\u00e4\u00e4 kipua pehmytkudosvammojen sattuessa. S\u00e4ilyy huoneenl\u00e4mm\u00f6ss\u00e4.","og_url":"https:\/\/safetypartners.fi\/kauppa\/tuote\/kertakayttoinen-kylmahaudepussi","og_site_name":"Safety Partners","article_modified_time":"2026-02-02T09:03:17+00:00","og_image":[{"width":1012,"height":894,"url":"https:\/\/safetypartners.fi\/kauppa\/wp-content\/uploads\/2022\/08\/Cool-X-kylmahaudepussi.png","type":"image\/png"}],"twitter_card":"summary_large_image","twitter_misc":{"Arvioitu lukuaika":"1 minuutti"},"schema":{"@context":"https:\/\/schema.org","@graph":[{"@type":"WebPage","@id":"https:\/\/safetypartners.fi\/kauppa\/tuote\/kertakayttoinen-kylmahaudepussi","url":"https:\/\/safetypartners.fi\/kauppa\/tuote\/kertakayttoinen-kylmahaudepussi","name":"Kertak\u00e4ytt\u00f6inen kylm\u00e4haudepussi - Safety Partners","isPartOf":{"@id":"https:\/\/safetypartners.fi\/kauppa\/#website"},"primaryImageOfPage":{"@id":"https:\/\/safetypartners.fi\/kauppa\/tuote\/kertakayttoinen-kylmahaudepussi#primaryimage"},"image":{"@id":"https:\/\/safetypartners.fi\/kauppa\/tuote\/kertakayttoinen-kylmahaudepussi#primaryimage"},"thumbnailUrl":"https:\/\/safetypartners.fi\/kauppa\/wp-content\/uploads\/2022\/08\/Cool-X-kylmahaudepussi.png","datePublished":"2022-08-01T14:22:21+00:00","dateModified":"2026-02-02T09:03:17+00:00","description":"Kylm\u00e4haude auttaa heti ehk\u00e4isten turvotuksen ja verenpurkauman muodostumista, ja lievitt\u00e4\u00e4 kipua pehmytkudosvammojen sattuessa. S\u00e4ilyy huoneenl\u00e4mm\u00f6ss\u00e4.","breadcrumb":{"@id":"https:\/\/safetypartners.fi\/kauppa\/tuote\/kertakayttoinen-kylmahaudepussi#breadcrumb"},"inLanguage":"fi","potentialAction":[{"@type":"ReadAction","target":["https:\/\/safetypartners.fi\/kauppa\/tuote\/kertakayttoinen-kylmahaudepussi"]}]},{"@type":"ImageObject","inLanguage":"fi","@id":"https:\/\/safetypartners.fi\/kauppa\/tuote\/kertakayttoinen-kylmahaudepussi#primaryimage","url":"https:\/\/safetypartners.fi\/kauppa\/wp-content\/uploads\/2022\/08\/Cool-X-kylmahaudepussi.png","contentUrl":"https:\/\/safetypartners.fi\/kauppa\/wp-content\/uploads\/2022\/08\/Cool-X-kylmahaudepussi.png","width":1012,"height":894,"caption":"Cool-X kylm\u00e4haudepussi"},{"@type":"BreadcrumbList","@id":"https:\/\/safetypartners.fi\/kauppa\/tuote\/kertakayttoinen-kylmahaudepussi#breadcrumb","itemListElement":[{"@type":"ListItem","position":1,"name":"Home","item":"https:\/\/safetypartners.fi\/kauppa\/"},{"@type":"ListItem","position":2,"name":"Kauppa","item":"https:\/\/safetypartners.fi\/kauppa\/kauppa"},{"@type":"ListItem","position":3,"name":"Kertak\u00e4ytt\u00f6inen kylm\u00e4haudepussi"}]},{"@type":"WebSite","@id":"https:\/\/safetypartners.fi\/kauppa\/#website","url":"https:\/\/safetypartners.fi\/kauppa\/","name":"Safety Partners","description":"Safety Partners turvakauppa palvelee verkossa 24\/7!","publisher":{"@id":"https:\/\/safetypartners.fi\/kauppa\/#organization"},"potentialAction":[{"@type":"SearchAction","target":{"@type":"EntryPoint","urlTemplate":"https:\/\/safetypartners.fi\/kauppa\/?s={search_term_string}"},"query-input":{"@type":"PropertyValueSpecification","valueRequired":true,"valueName":"search_term_string"}}],"inLanguage":"fi"},{"@type":"Organization","@id":"https:\/\/safetypartners.fi\/kauppa\/#organization","name":"Safety Partners | Suomen Sammutinpalvelu","url":"https:\/\/safetypartners.fi\/kauppa\/","logo":{"@type":"ImageObject","inLanguage":"fi","@id":"https:\/\/safetypartners.fi\/kauppa\/#\/schema\/logo\/image\/","url":"https:\/\/safetypartners.fi\/kauppa\/wp-content\/uploads\/2020\/05\/cropped-Logoke-1.jpg","contentUrl":"https:\/\/safetypartners.fi\/kauppa\/wp-content\/uploads\/2020\/05\/cropped-Logoke-1.jpg","width":847,"height":717,"caption":"Safety Partners | Suomen Sammutinpalvelu"},"image":{"@id":"https:\/\/safetypartners.fi\/kauppa\/#\/schema\/logo\/image\/"}}]}},"uagb_featured_image_src":{"full":["https:\/\/safetypartners.fi\/kauppa\/wp-content\/uploads\/2022\/08\/Cool-X-kylmahaudepussi.png",1012,894,false],"thumbnail":["https:\/\/safetypartners.fi\/kauppa\/wp-content\/uploads\/2022\/08\/Cool-X-kylmahaudepussi-150x150.png",150,150,true],"medium":["https:\/\/safetypartners.fi\/kauppa\/wp-content\/uploads\/2022\/08\/Cool-X-kylmahaudepussi-300x265.png",300,265,true],"medium_large":["https:\/\/safetypartners.fi\/kauppa\/wp-content\/uploads\/2022\/08\/Cool-X-kylmahaudepussi-768x678.png",768,678,true],"large":["https:\/\/safetypartners.fi\/kauppa\/wp-content\/uploads\/2022\/08\/Cool-X-kylmahaudepussi.png",1012,894,false],"1536x1536":["https:\/\/safetypartners.fi\/kauppa\/wp-content\/uploads\/2022\/08\/Cool-X-kylmahaudepussi.png",1012,894,false],"2048x2048":["https:\/\/safetypartners.fi\/kauppa\/wp-content\/uploads\/2022\/08\/Cool-X-kylmahaudepussi.png",1012,894,false],"woocommerce_thumbnail":["https:\/\/safetypartners.fi\/kauppa\/wp-content\/uploads\/2022\/08\/Cool-X-kylmahaudepussi-300x300.png",300,300,true],"woocommerce_single":["https:\/\/safetypartners.fi\/kauppa\/wp-content\/uploads\/2022\/08\/Cool-X-kylmahaudepussi-600x530.png",600,530,true],"woocommerce_gallery_thumbnail":["https:\/\/safetypartners.fi\/kauppa\/wp-content\/uploads\/2022\/08\/Cool-X-kylmahaudepussi-100x100.png",100,100,true]},"uagb_author_info":{"display_name":"Anu Lehto","author_link":"https:\/\/safetypartners.fi\/kauppa\/author"},"uagb_comment_info":0,"uagb_excerpt":"Kertak\u00e4ytt\u00f6inen pikakylm\u00e4haude on erinomainen lis\u00e4 ensiapupakkauksiin kotona, autossa ja ty\u00f6paikoilla. Kylm\u00e4haude auttaa v\u00e4litt\u00f6m\u00e4sti ehk\u00e4isten turvotuksen ja verenpurkauman muodostumista, ja lievitt\u00e4\u00e4 kipua pehmytkudosvammojen sattuessa. Kylm\u00e4haude aktivoidaan painamalla sen sis\u00e4ll\u00e4 oleva nestepussi rikki, t\u00e4m\u00e4n j\u00e4lkeen haude j\u00e4\u00e4htyy v\u00e4litt\u00f6m\u00e4sti. K\u00e4yt\u00f6n j\u00e4lkeen kylm\u00e4pussi voidaan h\u00e4vitt\u00e4\u00e4 normaalina talousj\u00e4tteen\u00e4. K\u00e4ytt\u00e4m\u00e4t\u00f6n pussi s\u00e4ilyy huoneenl\u00e4mm\u00f6ss\u00e4 ja t\u00e4t\u00e4 tulee k\u00e4sitell\u00e4 varoen.","_links":{"self":[{"href":"https:\/\/safetypartners.fi\/kauppa\/wp-json\/wp\/v2\/product\/484","targetHints":{"allow":["GET"]}}],"collection":[{"href":"https:\/\/safetypartners.fi\/kauppa\/wp-json\/wp\/v2\/product"}],"about":[{"href":"https:\/\/safetypartners.fi\/kauppa\/wp-json\/wp\/v2\/types\/product"}],"replies":[{"embeddable":true,"href":"https:\/\/safetypartners.fi\/kauppa\/wp-json\/wp\/v2\/comments?post=484"}],"version-history":[{"count":5,"href":"https:\/\/safetypartners.fi\/kauppa\/wp-json\/wp\/v2\/product\/484\/revisions"}],"predecessor-version":[{"id":2702,"href":"https:\/\/safetypartners.fi\/kauppa\/wp-json\/wp\/v2\/product\/484\/revisions\/2702"}],"wp:featuredmedia":[{"embeddable":true,"href":"https:\/\/safetypartners.fi\/kauppa\/wp-json\/wp\/v2\/media\/2091"}],"wp:attachment":[{"href":"https:\/\/safetypartners.fi\/kauppa\/wp-json\/wp\/v2\/media?parent=484"}],"wp:term":[{"taxonomy":"product_brand","embeddable":true,"href":"https:\/\/safetypartners.fi\/kauppa\/wp-json\/wp\/v2\/product_brand?post=484"},{"taxonomy":"product_cat","embeddable":true,"href":"https:\/\/safetypartners.fi\/kauppa\/wp-json\/wp\/v2\/product_cat?post=484"},{"taxonomy":"product_tag","embeddable":true,"href":"https:\/\/safetypartners.fi\/kauppa\/wp-json\/wp\/v2\/product_tag?post=484"}],"curies":[{"name":"wp","href":"https:\/\/api.w.org\/{rel}","templated":true}]}}