{"id":487,"date":"2022-08-01T17:22:22","date_gmt":"2022-08-01T14:22:22","guid":{"rendered":"https:\/\/safetypartners.fi\/kauppa\/?post_type=product&#038;p=487"},"modified":"2025-05-12T14:26:40","modified_gmt":"2025-05-12T11:26:40","slug":"cederroth-soft-foam-bandage-taskupakkaus","status":"publish","type":"product","link":"https:\/\/safetypartners.fi\/kauppa\/tuote\/cederroth-soft-foam-bandage-taskupakkaus","title":{"rendered":"Cederroth Soft Foam Bandage, taskupakkaus"},"content":{"rendered":"<p>K\u00e4tev\u00e4 taskupakkaus eri toimialoille ja t\u00e4ydennyksen\u00e4 ensiapulaukkuun.<\/p>\n<ul>\n<li>Helppok\u00e4ytt\u00f6inen, nopea kiinnitt\u00e4\u00e4<\/li>\n<li>Itsekiinnittyv\u00e4<\/li>\n<li>Joustava rakenne<\/li>\n<li>Liimaton<\/li>\n<li>Pysyy paikoillaan vedess\u00e4<\/li>\n<\/ul>\n<p>K\u00c4YTT\u00d6OHJEET<br \/>\nKiedo Soft-laastaria haavan ymp\u00e4rille ja muotoile paikoilleen sopivaksi. Purista laastaria tiukasti, jotta se istuu tiiviisti. K\u00e4yt\u00e4 useita laastarikerroksia, mik\u00e4li verenvuoto sen vaatii. Soft-laastari irtoaa rullasta my\u00f6s ilman saksia. Vaihda laastari ja puhdista haava p\u00e4ivitt\u00e4in ja varmista samalla, ettei se ole tulehtunut.<\/p>\n<p>Rullan leveys 6 cm x 40 cm<br \/>\nS\u00e4ilyvyys 5 vuotta<br \/>\nSis\u00e4lt\u00e4\u00e4 lateksia<br \/>\nSininen<\/p>\n","protected":false},"excerpt":{"rendered":"<p><strong>Cederrothin sininen Soft-laastari<\/strong> k\u00e4tev\u00e4ss\u00e4 pikkupakkauksessa mukaan retkille, veneilyyn, m\u00f6kille ja muihin menoihin! Joustava ja liimaton Soft-laastari soveltuu hyvin erilaisten pienten haavojen hoitoon. Monipuolinen laastari on muotoiltavissa k\u00e4teen, sormeen tai varpaaseen sopivaksi. Laastari pysyy paikoillaan vedess\u00e4kin, eik\u00e4 tartu kiinni haavaan, ihoon tai ihokarvoihin.<\/p>\n","protected":false},"featured_media":583,"comment_status":"open","ping_status":"closed","template":"","meta":{"_uag_custom_page_level_css":"","site-sidebar-layout":"default","site-content-layout":"default","ast-site-content-layout":"default","site-content-style":"default","site-sidebar-style":"default","ast-global-header-display":"","ast-banner-title-visibility":"","ast-main-header-display":"","ast-hfb-above-header-display":"","ast-hfb-below-header-display":"","ast-hfb-mobile-header-display":"","site-post-title":"","ast-breadcrumbs-content":"","ast-featured-img":"","footer-sml-layout":"","ast-disable-related-posts":"","theme-transparent-header-meta":"default","adv-header-id-meta":"","stick-header-meta":"default","header-above-stick-meta":"","header-main-stick-meta":"","header-below-stick-meta":"","astra-migrate-meta-layouts":"set","ast-page-background-enabled":"default","ast-page-background-meta":{"desktop":{"background-color":"","background-image":"","background-repeat":"repeat","background-position":"center center","background-size":"auto","background-attachment":"scroll","background-type":"","background-media":"","overlay-type":"","overlay-color":"","overlay-opacity":"","overlay-gradient":""},"tablet":{"background-color":"","background-image":"","background-repeat":"repeat","background-position":"center center","background-size":"auto","background-attachment":"scroll","background-type":"","background-media":"","overlay-type":"","overlay-color":"","overlay-opacity":"","overlay-gradient":""},"mobile":{"background-color":"","background-image":"","background-repeat":"repeat","background-position":"center center","background-size":"auto","background-attachment":"scroll","background-type":"","background-media":"","overlay-type":"","overlay-color":"","overlay-opacity":"","overlay-gradient":""}},"ast-content-background-meta":{"desktop":{"background-color":"var(--ast-global-color-5)","background-image":"","background-repeat":"repeat","background-position":"center center","background-size":"auto","background-attachment":"scroll","background-type":"","background-media":"","overlay-type":"","overlay-color":"","overlay-opacity":"","overlay-gradient":""},"tablet":{"background-color":"var(--ast-global-color-5)","background-image":"","background-repeat":"repeat","background-position":"center center","background-size":"auto","background-attachment":"scroll","background-type":"","background-media":"","overlay-type":"","overlay-color":"","overlay-opacity":"","overlay-gradient":""},"mobile":{"background-color":"var(--ast-global-color-5)","background-image":"","background-repeat":"repeat","background-position":"center center","background-size":"auto","background-attachment":"scroll","background-type":"","background-media":"","overlay-type":"","overlay-color":"","overlay-opacity":"","overlay-gradient":""}}},"product_brand":[],"product_cat":[42,15],"product_tag":[93,120,178,185,166,176,1131,1130,669],"class_list":{"0":"post-487","1":"product","2":"type-product","3":"status-publish","4":"has-post-thumbnail","6":"product_cat-ensiapu","7":"product_cat-yleinen","8":"product_tag-cederroth","9":"product_tag-ensiapu","10":"product_tag-haavojen-hoito","11":"product_tag-itsekiinnittyva","12":"product_tag-laastari","13":"product_tag-muotoiltava","14":"product_tag-pehmea-laastari","15":"product_tag-soft-foam","16":"product_tag-taskupakkaus","17":"product_shipping_class-suomi","18":"desktop-align-center","19":"tablet-align-center","20":"mobile-align-center","21":"ast-product-gallery-layout-horizontal-slider","22":"ast-product-gallery-with-no-image","23":"ast-product-tabs-layout-horizontal","25":"first","26":"instock","27":"taxable","28":"shipping-taxable","29":"purchasable","30":"product-type-simple"},"yoast_head":"<!-- This site is optimized with the Yoast SEO plugin v27.3 - https:\/\/yoast.com\/product\/yoast-seo-wordpress\/ -->\n<title>Cederroth Soft Foam Bandage, taskupakkaus - Safety Partners<\/title>\n<meta name=\"description\" content=\"Joustava ja liimaton, itsekiinnittyv\u00e4 Soft-laastari on muotoiltavissa k\u00e4yt\u00f6n mukaisesti ja soveltuu hyvin erilaisten pienten haavojen hoitoon.\" \/>\n<meta name=\"robots\" content=\"index, follow, max-snippet:-1, max-image-preview:large, max-video-preview:-1\" \/>\n<link rel=\"canonical\" href=\"https:\/\/safetypartners.fi\/kauppa\/tuote\/cederroth-soft-foam-bandage-taskupakkaus\" \/>\n<meta property=\"og:locale\" content=\"fi_FI\" \/>\n<meta property=\"og:type\" content=\"article\" \/>\n<meta property=\"og:title\" content=\"Cederroth Soft Foam Bandage, taskupakkaus - Safety Partners\" \/>\n<meta property=\"og:description\" content=\"Joustava ja liimaton, itsekiinnittyv\u00e4 Soft-laastari on muotoiltavissa k\u00e4yt\u00f6n mukaisesti ja soveltuu hyvin erilaisten pienten haavojen hoitoon.\" \/>\n<meta property=\"og:url\" content=\"https:\/\/safetypartners.fi\/kauppa\/tuote\/cederroth-soft-foam-bandage-taskupakkaus\" \/>\n<meta property=\"og:site_name\" content=\"Safety Partners\" \/>\n<meta property=\"article:modified_time\" content=\"2025-05-12T11:26:40+00:00\" \/>\n<meta property=\"og:image\" content=\"https:\/\/safetypartners.fi\/kauppa\/wp-content\/uploads\/2022\/08\/Soft-foam-bandage-pocketsize.jpg\" \/>\n\t<meta property=\"og:image:width\" content=\"668\" \/>\n\t<meta property=\"og:image:height\" content=\"1024\" \/>\n\t<meta property=\"og:image:type\" content=\"image\/jpeg\" \/>\n<meta name=\"twitter:card\" content=\"summary_large_image\" \/>\n<meta name=\"twitter:label1\" content=\"Arvioitu lukuaika\" \/>\n\t<meta name=\"twitter:data1\" content=\"1 minuutti\" \/>\n<script type=\"application\/ld+json\" class=\"yoast-schema-graph\">{\"@context\":\"https:\\\/\\\/schema.org\",\"@graph\":[{\"@type\":\"WebPage\",\"@id\":\"https:\\\/\\\/safetypartners.fi\\\/kauppa\\\/tuote\\\/cederroth-soft-foam-bandage-taskupakkaus\",\"url\":\"https:\\\/\\\/safetypartners.fi\\\/kauppa\\\/tuote\\\/cederroth-soft-foam-bandage-taskupakkaus\",\"name\":\"Cederroth Soft Foam Bandage, taskupakkaus - Safety Partners\",\"isPartOf\":{\"@id\":\"https:\\\/\\\/safetypartners.fi\\\/kauppa\\\/#website\"},\"primaryImageOfPage\":{\"@id\":\"https:\\\/\\\/safetypartners.fi\\\/kauppa\\\/tuote\\\/cederroth-soft-foam-bandage-taskupakkaus#primaryimage\"},\"image\":{\"@id\":\"https:\\\/\\\/safetypartners.fi\\\/kauppa\\\/tuote\\\/cederroth-soft-foam-bandage-taskupakkaus#primaryimage\"},\"thumbnailUrl\":\"https:\\\/\\\/safetypartners.fi\\\/kauppa\\\/wp-content\\\/uploads\\\/2022\\\/08\\\/Soft-foam-bandage-pocketsize.jpg\",\"datePublished\":\"2022-08-01T14:22:22+00:00\",\"dateModified\":\"2025-05-12T11:26:40+00:00\",\"description\":\"Joustava ja liimaton, itsekiinnittyv\u00e4 Soft-laastari on muotoiltavissa k\u00e4yt\u00f6n mukaisesti ja soveltuu hyvin erilaisten pienten haavojen hoitoon.\",\"breadcrumb\":{\"@id\":\"https:\\\/\\\/safetypartners.fi\\\/kauppa\\\/tuote\\\/cederroth-soft-foam-bandage-taskupakkaus#breadcrumb\"},\"inLanguage\":\"fi\",\"potentialAction\":[{\"@type\":\"ReadAction\",\"target\":[\"https:\\\/\\\/safetypartners.fi\\\/kauppa\\\/tuote\\\/cederroth-soft-foam-bandage-taskupakkaus\"]}]},{\"@type\":\"ImageObject\",\"inLanguage\":\"fi\",\"@id\":\"https:\\\/\\\/safetypartners.fi\\\/kauppa\\\/tuote\\\/cederroth-soft-foam-bandage-taskupakkaus#primaryimage\",\"url\":\"https:\\\/\\\/safetypartners.fi\\\/kauppa\\\/wp-content\\\/uploads\\\/2022\\\/08\\\/Soft-foam-bandage-pocketsize.jpg\",\"contentUrl\":\"https:\\\/\\\/safetypartners.fi\\\/kauppa\\\/wp-content\\\/uploads\\\/2022\\\/08\\\/Soft-foam-bandage-pocketsize.jpg\",\"width\":668,\"height\":1024},{\"@type\":\"BreadcrumbList\",\"@id\":\"https:\\\/\\\/safetypartners.fi\\\/kauppa\\\/tuote\\\/cederroth-soft-foam-bandage-taskupakkaus#breadcrumb\",\"itemListElement\":[{\"@type\":\"ListItem\",\"position\":1,\"name\":\"Home\",\"item\":\"https:\\\/\\\/safetypartners.fi\\\/kauppa\\\/\"},{\"@type\":\"ListItem\",\"position\":2,\"name\":\"Kauppa\",\"item\":\"https:\\\/\\\/safetypartners.fi\\\/kauppa\\\/kauppa\"},{\"@type\":\"ListItem\",\"position\":3,\"name\":\"Cederroth Soft Foam Bandage, taskupakkaus\"}]},{\"@type\":\"WebSite\",\"@id\":\"https:\\\/\\\/safetypartners.fi\\\/kauppa\\\/#website\",\"url\":\"https:\\\/\\\/safetypartners.fi\\\/kauppa\\\/\",\"name\":\"Safety Partners\",\"description\":\"Safety Partners turvakauppa palvelee verkossa 24\\\/7!\",\"publisher\":{\"@id\":\"https:\\\/\\\/safetypartners.fi\\\/kauppa\\\/#organization\"},\"potentialAction\":[{\"@type\":\"SearchAction\",\"target\":{\"@type\":\"EntryPoint\",\"urlTemplate\":\"https:\\\/\\\/safetypartners.fi\\\/kauppa\\\/?s={search_term_string}\"},\"query-input\":{\"@type\":\"PropertyValueSpecification\",\"valueRequired\":true,\"valueName\":\"search_term_string\"}}],\"inLanguage\":\"fi\"},{\"@type\":\"Organization\",\"@id\":\"https:\\\/\\\/safetypartners.fi\\\/kauppa\\\/#organization\",\"name\":\"Safety Partners | Suomen Sammutinpalvelu\",\"url\":\"https:\\\/\\\/safetypartners.fi\\\/kauppa\\\/\",\"logo\":{\"@type\":\"ImageObject\",\"inLanguage\":\"fi\",\"@id\":\"https:\\\/\\\/safetypartners.fi\\\/kauppa\\\/#\\\/schema\\\/logo\\\/image\\\/\",\"url\":\"https:\\\/\\\/safetypartners.fi\\\/kauppa\\\/wp-content\\\/uploads\\\/2020\\\/05\\\/cropped-Logoke-1.jpg\",\"contentUrl\":\"https:\\\/\\\/safetypartners.fi\\\/kauppa\\\/wp-content\\\/uploads\\\/2020\\\/05\\\/cropped-Logoke-1.jpg\",\"width\":847,\"height\":717,\"caption\":\"Safety Partners | Suomen Sammutinpalvelu\"},\"image\":{\"@id\":\"https:\\\/\\\/safetypartners.fi\\\/kauppa\\\/#\\\/schema\\\/logo\\\/image\\\/\"}}]}<\/script>\n<!-- \/ Yoast SEO plugin. -->","yoast_head_json":{"title":"Cederroth Soft Foam Bandage, taskupakkaus - Safety Partners","description":"Joustava ja liimaton, itsekiinnittyv\u00e4 Soft-laastari on muotoiltavissa k\u00e4yt\u00f6n mukaisesti ja soveltuu hyvin erilaisten pienten haavojen hoitoon.","robots":{"index":"index","follow":"follow","max-snippet":"max-snippet:-1","max-image-preview":"max-image-preview:large","max-video-preview":"max-video-preview:-1"},"canonical":"https:\/\/safetypartners.fi\/kauppa\/tuote\/cederroth-soft-foam-bandage-taskupakkaus","og_locale":"fi_FI","og_type":"article","og_title":"Cederroth Soft Foam Bandage, taskupakkaus - Safety Partners","og_description":"Joustava ja liimaton, itsekiinnittyv\u00e4 Soft-laastari on muotoiltavissa k\u00e4yt\u00f6n mukaisesti ja soveltuu hyvin erilaisten pienten haavojen hoitoon.","og_url":"https:\/\/safetypartners.fi\/kauppa\/tuote\/cederroth-soft-foam-bandage-taskupakkaus","og_site_name":"Safety Partners","article_modified_time":"2025-05-12T11:26:40+00:00","og_image":[{"width":668,"height":1024,"url":"https:\/\/safetypartners.fi\/kauppa\/wp-content\/uploads\/2022\/08\/Soft-foam-bandage-pocketsize.jpg","type":"image\/jpeg"}],"twitter_card":"summary_large_image","twitter_misc":{"Arvioitu lukuaika":"1 minuutti"},"schema":{"@context":"https:\/\/schema.org","@graph":[{"@type":"WebPage","@id":"https:\/\/safetypartners.fi\/kauppa\/tuote\/cederroth-soft-foam-bandage-taskupakkaus","url":"https:\/\/safetypartners.fi\/kauppa\/tuote\/cederroth-soft-foam-bandage-taskupakkaus","name":"Cederroth Soft Foam Bandage, taskupakkaus - Safety Partners","isPartOf":{"@id":"https:\/\/safetypartners.fi\/kauppa\/#website"},"primaryImageOfPage":{"@id":"https:\/\/safetypartners.fi\/kauppa\/tuote\/cederroth-soft-foam-bandage-taskupakkaus#primaryimage"},"image":{"@id":"https:\/\/safetypartners.fi\/kauppa\/tuote\/cederroth-soft-foam-bandage-taskupakkaus#primaryimage"},"thumbnailUrl":"https:\/\/safetypartners.fi\/kauppa\/wp-content\/uploads\/2022\/08\/Soft-foam-bandage-pocketsize.jpg","datePublished":"2022-08-01T14:22:22+00:00","dateModified":"2025-05-12T11:26:40+00:00","description":"Joustava ja liimaton, itsekiinnittyv\u00e4 Soft-laastari on muotoiltavissa k\u00e4yt\u00f6n mukaisesti ja soveltuu hyvin erilaisten pienten haavojen hoitoon.","breadcrumb":{"@id":"https:\/\/safetypartners.fi\/kauppa\/tuote\/cederroth-soft-foam-bandage-taskupakkaus#breadcrumb"},"inLanguage":"fi","potentialAction":[{"@type":"ReadAction","target":["https:\/\/safetypartners.fi\/kauppa\/tuote\/cederroth-soft-foam-bandage-taskupakkaus"]}]},{"@type":"ImageObject","inLanguage":"fi","@id":"https:\/\/safetypartners.fi\/kauppa\/tuote\/cederroth-soft-foam-bandage-taskupakkaus#primaryimage","url":"https:\/\/safetypartners.fi\/kauppa\/wp-content\/uploads\/2022\/08\/Soft-foam-bandage-pocketsize.jpg","contentUrl":"https:\/\/safetypartners.fi\/kauppa\/wp-content\/uploads\/2022\/08\/Soft-foam-bandage-pocketsize.jpg","width":668,"height":1024},{"@type":"BreadcrumbList","@id":"https:\/\/safetypartners.fi\/kauppa\/tuote\/cederroth-soft-foam-bandage-taskupakkaus#breadcrumb","itemListElement":[{"@type":"ListItem","position":1,"name":"Home","item":"https:\/\/safetypartners.fi\/kauppa\/"},{"@type":"ListItem","position":2,"name":"Kauppa","item":"https:\/\/safetypartners.fi\/kauppa\/kauppa"},{"@type":"ListItem","position":3,"name":"Cederroth Soft Foam Bandage, taskupakkaus"}]},{"@type":"WebSite","@id":"https:\/\/safetypartners.fi\/kauppa\/#website","url":"https:\/\/safetypartners.fi\/kauppa\/","name":"Safety Partners","description":"Safety Partners turvakauppa palvelee verkossa 24\/7!","publisher":{"@id":"https:\/\/safetypartners.fi\/kauppa\/#organization"},"potentialAction":[{"@type":"SearchAction","target":{"@type":"EntryPoint","urlTemplate":"https:\/\/safetypartners.fi\/kauppa\/?s={search_term_string}"},"query-input":{"@type":"PropertyValueSpecification","valueRequired":true,"valueName":"search_term_string"}}],"inLanguage":"fi"},{"@type":"Organization","@id":"https:\/\/safetypartners.fi\/kauppa\/#organization","name":"Safety Partners | Suomen Sammutinpalvelu","url":"https:\/\/safetypartners.fi\/kauppa\/","logo":{"@type":"ImageObject","inLanguage":"fi","@id":"https:\/\/safetypartners.fi\/kauppa\/#\/schema\/logo\/image\/","url":"https:\/\/safetypartners.fi\/kauppa\/wp-content\/uploads\/2020\/05\/cropped-Logoke-1.jpg","contentUrl":"https:\/\/safetypartners.fi\/kauppa\/wp-content\/uploads\/2020\/05\/cropped-Logoke-1.jpg","width":847,"height":717,"caption":"Safety Partners | Suomen Sammutinpalvelu"},"image":{"@id":"https:\/\/safetypartners.fi\/kauppa\/#\/schema\/logo\/image\/"}}]}},"uagb_featured_image_src":{"full":["https:\/\/safetypartners.fi\/kauppa\/wp-content\/uploads\/2022\/08\/Soft-foam-bandage-pocketsize.jpg",668,1024,false],"thumbnail":["https:\/\/safetypartners.fi\/kauppa\/wp-content\/uploads\/2022\/08\/Soft-foam-bandage-pocketsize-150x150.jpg",150,150,true],"medium":["https:\/\/safetypartners.fi\/kauppa\/wp-content\/uploads\/2022\/08\/Soft-foam-bandage-pocketsize-196x300.jpg",196,300,true],"medium_large":["https:\/\/safetypartners.fi\/kauppa\/wp-content\/uploads\/2022\/08\/Soft-foam-bandage-pocketsize.jpg",668,1024,false],"large":["https:\/\/safetypartners.fi\/kauppa\/wp-content\/uploads\/2022\/08\/Soft-foam-bandage-pocketsize.jpg",668,1024,false],"1536x1536":["https:\/\/safetypartners.fi\/kauppa\/wp-content\/uploads\/2022\/08\/Soft-foam-bandage-pocketsize.jpg",668,1024,false],"2048x2048":["https:\/\/safetypartners.fi\/kauppa\/wp-content\/uploads\/2022\/08\/Soft-foam-bandage-pocketsize.jpg",668,1024,false],"woocommerce_thumbnail":["https:\/\/safetypartners.fi\/kauppa\/wp-content\/uploads\/2022\/08\/Soft-foam-bandage-pocketsize-300x300.jpg",300,300,true],"woocommerce_single":["https:\/\/safetypartners.fi\/kauppa\/wp-content\/uploads\/2022\/08\/Soft-foam-bandage-pocketsize-600x920.jpg",600,920,true],"woocommerce_gallery_thumbnail":["https:\/\/safetypartners.fi\/kauppa\/wp-content\/uploads\/2022\/08\/Soft-foam-bandage-pocketsize-100x100.jpg",100,100,true]},"uagb_author_info":{"display_name":"Anu Lehto","author_link":"https:\/\/safetypartners.fi\/kauppa\/author"},"uagb_comment_info":0,"uagb_excerpt":"Cederrothin sininen Soft-laastari k\u00e4tev\u00e4ss\u00e4 pikkupakkauksessa mukaan retkille, veneilyyn, m\u00f6kille ja muihin menoihin! Joustava ja liimaton Soft-laastari soveltuu hyvin erilaisten pienten haavojen hoitoon. Monipuolinen laastari on muotoiltavissa k\u00e4teen, sormeen tai varpaaseen sopivaksi. Laastari pysyy paikoillaan vedess\u00e4kin, eik\u00e4 tartu kiinni haavaan, ihoon tai ihokarvoihin.","_links":{"self":[{"href":"https:\/\/safetypartners.fi\/kauppa\/wp-json\/wp\/v2\/product\/487","targetHints":{"allow":["GET"]}}],"collection":[{"href":"https:\/\/safetypartners.fi\/kauppa\/wp-json\/wp\/v2\/product"}],"about":[{"href":"https:\/\/safetypartners.fi\/kauppa\/wp-json\/wp\/v2\/types\/product"}],"replies":[{"embeddable":true,"href":"https:\/\/safetypartners.fi\/kauppa\/wp-json\/wp\/v2\/comments?post=487"}],"version-history":[{"count":2,"href":"https:\/\/safetypartners.fi\/kauppa\/wp-json\/wp\/v2\/product\/487\/revisions"}],"predecessor-version":[{"id":2756,"href":"https:\/\/safetypartners.fi\/kauppa\/wp-json\/wp\/v2\/product\/487\/revisions\/2756"}],"wp:featuredmedia":[{"embeddable":true,"href":"https:\/\/safetypartners.fi\/kauppa\/wp-json\/wp\/v2\/media\/583"}],"wp:attachment":[{"href":"https:\/\/safetypartners.fi\/kauppa\/wp-json\/wp\/v2\/media?parent=487"}],"wp:term":[{"taxonomy":"product_brand","embeddable":true,"href":"https:\/\/safetypartners.fi\/kauppa\/wp-json\/wp\/v2\/product_brand?post=487"},{"taxonomy":"product_cat","embeddable":true,"href":"https:\/\/safetypartners.fi\/kauppa\/wp-json\/wp\/v2\/product_cat?post=487"},{"taxonomy":"product_tag","embeddable":true,"href":"https:\/\/safetypartners.fi\/kauppa\/wp-json\/wp\/v2\/product_tag?post=487"}],"curies":[{"name":"wp","href":"https:\/\/api.w.org\/{rel}","templated":true}]}}