{"id":489,"date":"2022-08-01T17:22:22","date_gmt":"2022-08-01T14:22:22","guid":{"rendered":"https:\/\/safetypartners.fi\/kauppa\/?post_type=product&#038;p=489"},"modified":"2025-05-12T14:23:10","modified_gmt":"2025-05-12T11:23:10","slug":"cederroth-mini-ensiapuasema","status":"publish","type":"product","link":"https:\/\/safetypartners.fi\/kauppa\/tuote\/cederroth-mini-ensiapuasema","title":{"rendered":"Cederroth Mini Ensiapuasema"},"content":{"rendered":"<p>Automaattiin voi vaihtaa peruslaastareiden (6036 ja 6444) tilalle my\u00f6s esimerkiksi sormenp\u00e4\u00e4laastarin (6454), sinisen elintarvikelaastarin (6735) tai vaikkapa herk\u00e4n ihon laastarin (6943).<\/p>\n<p><strong>Sis\u00e4lt\u00f6<\/strong><br \/>\n1kpl 4-in-1 iso ensiapuside<br \/>\n3kpl 4-in-1 pieni ensiapuside<br \/>\n1kpl Salvequick-laastariautomaatti<br \/>\n\u2013 45 muovilaastaria<br \/>\n\u2013 40 kangaslaastaria<\/p>\n<p>Mitat: 25 x 40 x 5 cm<\/p>\n","protected":false},"excerpt":{"rendered":"<p><strong>Cederrothin Mini Ensiapuasema<\/strong> on pieni haavanhoitopiste, joka sis\u00e4lt\u00e4\u00e4 laastareita ja ensiapusiteit\u00e4. Asema soveltuu erityisesti toimistoihin ja muille ty\u00f6paikoille, joissa tapaturman riski on v\u00e4h\u00e4inen.<\/p>\n","protected":false},"featured_media":575,"comment_status":"open","ping_status":"closed","template":"","meta":{"_uag_custom_page_level_css":"","site-sidebar-layout":"default","site-content-layout":"default","ast-site-content-layout":"default","site-content-style":"default","site-sidebar-style":"default","ast-global-header-display":"","ast-banner-title-visibility":"","ast-main-header-display":"","ast-hfb-above-header-display":"","ast-hfb-below-header-display":"","ast-hfb-mobile-header-display":"","site-post-title":"","ast-breadcrumbs-content":"","ast-featured-img":"","footer-sml-layout":"","ast-disable-related-posts":"","theme-transparent-header-meta":"default","adv-header-id-meta":"","stick-header-meta":"default","header-above-stick-meta":"","header-main-stick-meta":"","header-below-stick-meta":"","astra-migrate-meta-layouts":"set","ast-page-background-enabled":"default","ast-page-background-meta":{"desktop":{"background-color":"","background-image":"","background-repeat":"repeat","background-position":"center center","background-size":"auto","background-attachment":"scroll","background-type":"","background-media":"","overlay-type":"","overlay-color":"","overlay-opacity":"","overlay-gradient":""},"tablet":{"background-color":"","background-image":"","background-repeat":"repeat","background-position":"center center","background-size":"auto","background-attachment":"scroll","background-type":"","background-media":"","overlay-type":"","overlay-color":"","overlay-opacity":"","overlay-gradient":""},"mobile":{"background-color":"","background-image":"","background-repeat":"repeat","background-position":"center center","background-size":"auto","background-attachment":"scroll","background-type":"","background-media":"","overlay-type":"","overlay-color":"","overlay-opacity":"","overlay-gradient":""}},"ast-content-background-meta":{"desktop":{"background-color":"var(--ast-global-color-5)","background-image":"","background-repeat":"repeat","background-position":"center center","background-size":"auto","background-attachment":"scroll","background-type":"","background-media":"","overlay-type":"","overlay-color":"","overlay-opacity":"","overlay-gradient":""},"tablet":{"background-color":"var(--ast-global-color-5)","background-image":"","background-repeat":"repeat","background-position":"center center","background-size":"auto","background-attachment":"scroll","background-type":"","background-media":"","overlay-type":"","overlay-color":"","overlay-opacity":"","overlay-gradient":""},"mobile":{"background-color":"var(--ast-global-color-5)","background-image":"","background-repeat":"repeat","background-position":"center center","background-size":"auto","background-attachment":"scroll","background-type":"","background-media":"","overlay-type":"","overlay-color":"","overlay-opacity":"","overlay-gradient":""}}},"product_brand":[],"product_cat":[42,15],"product_tag":[148,153,93,120,149,154,151,150,152,155],"class_list":{"0":"post-489","1":"product","2":"type-product","3":"status-publish","4":"has-post-thumbnail","6":"product_cat-ensiapu","7":"product_cat-yleinen","8":"product_tag-asema","9":"product_tag-automaatti","10":"product_tag-cederroth","11":"product_tag-ensiapu","12":"product_tag-ensiapuasema","13":"product_tag-ensiapuside","14":"product_tag-laastarit","15":"product_tag-salvequick","16":"product_tag-side","17":"product_tag-tyopaikalle","18":"product_shipping_class-suomi","19":"desktop-align-center","20":"tablet-align-center","21":"mobile-align-center","22":"ast-product-gallery-layout-horizontal-slider","23":"ast-product-gallery-with-no-image","24":"ast-product-tabs-layout-horizontal","26":"first","27":"instock","28":"taxable","29":"shipping-taxable","30":"purchasable","31":"product-type-simple"},"yoast_head":"<!-- This site is optimized with the Yoast SEO plugin v27.3 - https:\/\/yoast.com\/product\/yoast-seo-wordpress\/ -->\n<title>Cederroth Mini Ensiapuasema - Safety Partners<\/title>\n<meta name=\"description\" content=\"Mini ensiapuasema on pieni haavanhoitopiste, joka sis\u00e4lt\u00e4\u00e4 laastareita ja ensiapusiteit\u00e4. Laastarit voidaan vaihtaa vaihdellen erilaisiin.\" \/>\n<meta name=\"robots\" content=\"index, follow, max-snippet:-1, max-image-preview:large, max-video-preview:-1\" \/>\n<link rel=\"canonical\" href=\"https:\/\/safetypartners.fi\/kauppa\/tuote\/cederroth-mini-ensiapuasema\" \/>\n<meta property=\"og:locale\" content=\"fi_FI\" \/>\n<meta property=\"og:type\" content=\"article\" \/>\n<meta property=\"og:title\" content=\"Cederroth Mini Ensiapuasema - Safety Partners\" \/>\n<meta property=\"og:description\" content=\"Mini ensiapuasema on pieni haavanhoitopiste, joka sis\u00e4lt\u00e4\u00e4 laastareita ja ensiapusiteit\u00e4. Laastarit voidaan vaihtaa vaihdellen erilaisiin.\" \/>\n<meta property=\"og:url\" content=\"https:\/\/safetypartners.fi\/kauppa\/tuote\/cederroth-mini-ensiapuasema\" \/>\n<meta property=\"og:site_name\" content=\"Safety Partners\" \/>\n<meta property=\"article:modified_time\" content=\"2025-05-12T11:23:10+00:00\" \/>\n<meta property=\"og:image\" content=\"https:\/\/safetypartners.fi\/kauppa\/wp-content\/uploads\/2022\/08\/Cederroth-mini-haavanhoitopiste-kauempaa.png\" \/>\n\t<meta property=\"og:image:width\" content=\"842\" \/>\n\t<meta property=\"og:image:height\" content=\"839\" \/>\n\t<meta property=\"og:image:type\" content=\"image\/png\" \/>\n<meta name=\"twitter:card\" content=\"summary_large_image\" \/>\n<meta name=\"twitter:label1\" content=\"Arvioitu lukuaika\" \/>\n\t<meta name=\"twitter:data1\" content=\"1 minuutti\" \/>\n<script type=\"application\/ld+json\" class=\"yoast-schema-graph\">{\"@context\":\"https:\\\/\\\/schema.org\",\"@graph\":[{\"@type\":\"WebPage\",\"@id\":\"https:\\\/\\\/safetypartners.fi\\\/kauppa\\\/tuote\\\/cederroth-mini-ensiapuasema\",\"url\":\"https:\\\/\\\/safetypartners.fi\\\/kauppa\\\/tuote\\\/cederroth-mini-ensiapuasema\",\"name\":\"Cederroth Mini Ensiapuasema - Safety Partners\",\"isPartOf\":{\"@id\":\"https:\\\/\\\/safetypartners.fi\\\/kauppa\\\/#website\"},\"primaryImageOfPage\":{\"@id\":\"https:\\\/\\\/safetypartners.fi\\\/kauppa\\\/tuote\\\/cederroth-mini-ensiapuasema#primaryimage\"},\"image\":{\"@id\":\"https:\\\/\\\/safetypartners.fi\\\/kauppa\\\/tuote\\\/cederroth-mini-ensiapuasema#primaryimage\"},\"thumbnailUrl\":\"https:\\\/\\\/safetypartners.fi\\\/kauppa\\\/wp-content\\\/uploads\\\/2022\\\/08\\\/Cederroth-mini-haavanhoitopiste-kauempaa.png\",\"datePublished\":\"2022-08-01T14:22:22+00:00\",\"dateModified\":\"2025-05-12T11:23:10+00:00\",\"description\":\"Mini ensiapuasema on pieni haavanhoitopiste, joka sis\u00e4lt\u00e4\u00e4 laastareita ja ensiapusiteit\u00e4. Laastarit voidaan vaihtaa vaihdellen erilaisiin.\",\"breadcrumb\":{\"@id\":\"https:\\\/\\\/safetypartners.fi\\\/kauppa\\\/tuote\\\/cederroth-mini-ensiapuasema#breadcrumb\"},\"inLanguage\":\"fi\",\"potentialAction\":[{\"@type\":\"ReadAction\",\"target\":[\"https:\\\/\\\/safetypartners.fi\\\/kauppa\\\/tuote\\\/cederroth-mini-ensiapuasema\"]}]},{\"@type\":\"ImageObject\",\"inLanguage\":\"fi\",\"@id\":\"https:\\\/\\\/safetypartners.fi\\\/kauppa\\\/tuote\\\/cederroth-mini-ensiapuasema#primaryimage\",\"url\":\"https:\\\/\\\/safetypartners.fi\\\/kauppa\\\/wp-content\\\/uploads\\\/2022\\\/08\\\/Cederroth-mini-haavanhoitopiste-kauempaa.png\",\"contentUrl\":\"https:\\\/\\\/safetypartners.fi\\\/kauppa\\\/wp-content\\\/uploads\\\/2022\\\/08\\\/Cederroth-mini-haavanhoitopiste-kauempaa.png\",\"width\":842,\"height\":839},{\"@type\":\"BreadcrumbList\",\"@id\":\"https:\\\/\\\/safetypartners.fi\\\/kauppa\\\/tuote\\\/cederroth-mini-ensiapuasema#breadcrumb\",\"itemListElement\":[{\"@type\":\"ListItem\",\"position\":1,\"name\":\"Home\",\"item\":\"https:\\\/\\\/safetypartners.fi\\\/kauppa\\\/\"},{\"@type\":\"ListItem\",\"position\":2,\"name\":\"Kauppa\",\"item\":\"https:\\\/\\\/safetypartners.fi\\\/kauppa\\\/kauppa\"},{\"@type\":\"ListItem\",\"position\":3,\"name\":\"Cederroth Mini Ensiapuasema\"}]},{\"@type\":\"WebSite\",\"@id\":\"https:\\\/\\\/safetypartners.fi\\\/kauppa\\\/#website\",\"url\":\"https:\\\/\\\/safetypartners.fi\\\/kauppa\\\/\",\"name\":\"Safety Partners\",\"description\":\"Safety Partners turvakauppa palvelee verkossa 24\\\/7!\",\"publisher\":{\"@id\":\"https:\\\/\\\/safetypartners.fi\\\/kauppa\\\/#organization\"},\"potentialAction\":[{\"@type\":\"SearchAction\",\"target\":{\"@type\":\"EntryPoint\",\"urlTemplate\":\"https:\\\/\\\/safetypartners.fi\\\/kauppa\\\/?s={search_term_string}\"},\"query-input\":{\"@type\":\"PropertyValueSpecification\",\"valueRequired\":true,\"valueName\":\"search_term_string\"}}],\"inLanguage\":\"fi\"},{\"@type\":\"Organization\",\"@id\":\"https:\\\/\\\/safetypartners.fi\\\/kauppa\\\/#organization\",\"name\":\"Safety Partners | Suomen Sammutinpalvelu\",\"url\":\"https:\\\/\\\/safetypartners.fi\\\/kauppa\\\/\",\"logo\":{\"@type\":\"ImageObject\",\"inLanguage\":\"fi\",\"@id\":\"https:\\\/\\\/safetypartners.fi\\\/kauppa\\\/#\\\/schema\\\/logo\\\/image\\\/\",\"url\":\"https:\\\/\\\/safetypartners.fi\\\/kauppa\\\/wp-content\\\/uploads\\\/2020\\\/05\\\/cropped-Logoke-1.jpg\",\"contentUrl\":\"https:\\\/\\\/safetypartners.fi\\\/kauppa\\\/wp-content\\\/uploads\\\/2020\\\/05\\\/cropped-Logoke-1.jpg\",\"width\":847,\"height\":717,\"caption\":\"Safety Partners | Suomen Sammutinpalvelu\"},\"image\":{\"@id\":\"https:\\\/\\\/safetypartners.fi\\\/kauppa\\\/#\\\/schema\\\/logo\\\/image\\\/\"}}]}<\/script>\n<!-- \/ Yoast SEO plugin. -->","yoast_head_json":{"title":"Cederroth Mini Ensiapuasema - Safety Partners","description":"Mini ensiapuasema on pieni haavanhoitopiste, joka sis\u00e4lt\u00e4\u00e4 laastareita ja ensiapusiteit\u00e4. Laastarit voidaan vaihtaa vaihdellen erilaisiin.","robots":{"index":"index","follow":"follow","max-snippet":"max-snippet:-1","max-image-preview":"max-image-preview:large","max-video-preview":"max-video-preview:-1"},"canonical":"https:\/\/safetypartners.fi\/kauppa\/tuote\/cederroth-mini-ensiapuasema","og_locale":"fi_FI","og_type":"article","og_title":"Cederroth Mini Ensiapuasema - Safety Partners","og_description":"Mini ensiapuasema on pieni haavanhoitopiste, joka sis\u00e4lt\u00e4\u00e4 laastareita ja ensiapusiteit\u00e4. Laastarit voidaan vaihtaa vaihdellen erilaisiin.","og_url":"https:\/\/safetypartners.fi\/kauppa\/tuote\/cederroth-mini-ensiapuasema","og_site_name":"Safety Partners","article_modified_time":"2025-05-12T11:23:10+00:00","og_image":[{"width":842,"height":839,"url":"https:\/\/safetypartners.fi\/kauppa\/wp-content\/uploads\/2022\/08\/Cederroth-mini-haavanhoitopiste-kauempaa.png","type":"image\/png"}],"twitter_card":"summary_large_image","twitter_misc":{"Arvioitu lukuaika":"1 minuutti"},"schema":{"@context":"https:\/\/schema.org","@graph":[{"@type":"WebPage","@id":"https:\/\/safetypartners.fi\/kauppa\/tuote\/cederroth-mini-ensiapuasema","url":"https:\/\/safetypartners.fi\/kauppa\/tuote\/cederroth-mini-ensiapuasema","name":"Cederroth Mini Ensiapuasema - Safety Partners","isPartOf":{"@id":"https:\/\/safetypartners.fi\/kauppa\/#website"},"primaryImageOfPage":{"@id":"https:\/\/safetypartners.fi\/kauppa\/tuote\/cederroth-mini-ensiapuasema#primaryimage"},"image":{"@id":"https:\/\/safetypartners.fi\/kauppa\/tuote\/cederroth-mini-ensiapuasema#primaryimage"},"thumbnailUrl":"https:\/\/safetypartners.fi\/kauppa\/wp-content\/uploads\/2022\/08\/Cederroth-mini-haavanhoitopiste-kauempaa.png","datePublished":"2022-08-01T14:22:22+00:00","dateModified":"2025-05-12T11:23:10+00:00","description":"Mini ensiapuasema on pieni haavanhoitopiste, joka sis\u00e4lt\u00e4\u00e4 laastareita ja ensiapusiteit\u00e4. Laastarit voidaan vaihtaa vaihdellen erilaisiin.","breadcrumb":{"@id":"https:\/\/safetypartners.fi\/kauppa\/tuote\/cederroth-mini-ensiapuasema#breadcrumb"},"inLanguage":"fi","potentialAction":[{"@type":"ReadAction","target":["https:\/\/safetypartners.fi\/kauppa\/tuote\/cederroth-mini-ensiapuasema"]}]},{"@type":"ImageObject","inLanguage":"fi","@id":"https:\/\/safetypartners.fi\/kauppa\/tuote\/cederroth-mini-ensiapuasema#primaryimage","url":"https:\/\/safetypartners.fi\/kauppa\/wp-content\/uploads\/2022\/08\/Cederroth-mini-haavanhoitopiste-kauempaa.png","contentUrl":"https:\/\/safetypartners.fi\/kauppa\/wp-content\/uploads\/2022\/08\/Cederroth-mini-haavanhoitopiste-kauempaa.png","width":842,"height":839},{"@type":"BreadcrumbList","@id":"https:\/\/safetypartners.fi\/kauppa\/tuote\/cederroth-mini-ensiapuasema#breadcrumb","itemListElement":[{"@type":"ListItem","position":1,"name":"Home","item":"https:\/\/safetypartners.fi\/kauppa\/"},{"@type":"ListItem","position":2,"name":"Kauppa","item":"https:\/\/safetypartners.fi\/kauppa\/kauppa"},{"@type":"ListItem","position":3,"name":"Cederroth Mini Ensiapuasema"}]},{"@type":"WebSite","@id":"https:\/\/safetypartners.fi\/kauppa\/#website","url":"https:\/\/safetypartners.fi\/kauppa\/","name":"Safety Partners","description":"Safety Partners turvakauppa palvelee verkossa 24\/7!","publisher":{"@id":"https:\/\/safetypartners.fi\/kauppa\/#organization"},"potentialAction":[{"@type":"SearchAction","target":{"@type":"EntryPoint","urlTemplate":"https:\/\/safetypartners.fi\/kauppa\/?s={search_term_string}"},"query-input":{"@type":"PropertyValueSpecification","valueRequired":true,"valueName":"search_term_string"}}],"inLanguage":"fi"},{"@type":"Organization","@id":"https:\/\/safetypartners.fi\/kauppa\/#organization","name":"Safety Partners | Suomen Sammutinpalvelu","url":"https:\/\/safetypartners.fi\/kauppa\/","logo":{"@type":"ImageObject","inLanguage":"fi","@id":"https:\/\/safetypartners.fi\/kauppa\/#\/schema\/logo\/image\/","url":"https:\/\/safetypartners.fi\/kauppa\/wp-content\/uploads\/2020\/05\/cropped-Logoke-1.jpg","contentUrl":"https:\/\/safetypartners.fi\/kauppa\/wp-content\/uploads\/2020\/05\/cropped-Logoke-1.jpg","width":847,"height":717,"caption":"Safety Partners | Suomen Sammutinpalvelu"},"image":{"@id":"https:\/\/safetypartners.fi\/kauppa\/#\/schema\/logo\/image\/"}}]}},"uagb_featured_image_src":{"full":["https:\/\/safetypartners.fi\/kauppa\/wp-content\/uploads\/2022\/08\/Cederroth-mini-haavanhoitopiste-kauempaa.png",842,839,false],"thumbnail":["https:\/\/safetypartners.fi\/kauppa\/wp-content\/uploads\/2022\/08\/Cederroth-mini-haavanhoitopiste-kauempaa-150x150.png",150,150,true],"medium":["https:\/\/safetypartners.fi\/kauppa\/wp-content\/uploads\/2022\/08\/Cederroth-mini-haavanhoitopiste-kauempaa-300x300.png",300,300,true],"medium_large":["https:\/\/safetypartners.fi\/kauppa\/wp-content\/uploads\/2022\/08\/Cederroth-mini-haavanhoitopiste-kauempaa-768x765.png",768,765,true],"large":["https:\/\/safetypartners.fi\/kauppa\/wp-content\/uploads\/2022\/08\/Cederroth-mini-haavanhoitopiste-kauempaa.png",842,839,false],"1536x1536":["https:\/\/safetypartners.fi\/kauppa\/wp-content\/uploads\/2022\/08\/Cederroth-mini-haavanhoitopiste-kauempaa.png",842,839,false],"2048x2048":["https:\/\/safetypartners.fi\/kauppa\/wp-content\/uploads\/2022\/08\/Cederroth-mini-haavanhoitopiste-kauempaa.png",842,839,false],"woocommerce_thumbnail":["https:\/\/safetypartners.fi\/kauppa\/wp-content\/uploads\/2022\/08\/Cederroth-mini-haavanhoitopiste-kauempaa-300x300.png",300,300,true],"woocommerce_single":["https:\/\/safetypartners.fi\/kauppa\/wp-content\/uploads\/2022\/08\/Cederroth-mini-haavanhoitopiste-kauempaa-600x598.png",600,598,true],"woocommerce_gallery_thumbnail":["https:\/\/safetypartners.fi\/kauppa\/wp-content\/uploads\/2022\/08\/Cederroth-mini-haavanhoitopiste-kauempaa-100x100.png",100,100,true]},"uagb_author_info":{"display_name":"Anu Lehto","author_link":"https:\/\/safetypartners.fi\/kauppa\/author"},"uagb_comment_info":0,"uagb_excerpt":"Cederrothin Mini Ensiapuasema on pieni haavanhoitopiste, joka sis\u00e4lt\u00e4\u00e4 laastareita ja ensiapusiteit\u00e4. Asema soveltuu erityisesti toimistoihin ja muille ty\u00f6paikoille, joissa tapaturman riski on v\u00e4h\u00e4inen.","_links":{"self":[{"href":"https:\/\/safetypartners.fi\/kauppa\/wp-json\/wp\/v2\/product\/489","targetHints":{"allow":["GET"]}}],"collection":[{"href":"https:\/\/safetypartners.fi\/kauppa\/wp-json\/wp\/v2\/product"}],"about":[{"href":"https:\/\/safetypartners.fi\/kauppa\/wp-json\/wp\/v2\/types\/product"}],"replies":[{"embeddable":true,"href":"https:\/\/safetypartners.fi\/kauppa\/wp-json\/wp\/v2\/comments?post=489"}],"version-history":[{"count":3,"href":"https:\/\/safetypartners.fi\/kauppa\/wp-json\/wp\/v2\/product\/489\/revisions"}],"predecessor-version":[{"id":2633,"href":"https:\/\/safetypartners.fi\/kauppa\/wp-json\/wp\/v2\/product\/489\/revisions\/2633"}],"wp:featuredmedia":[{"embeddable":true,"href":"https:\/\/safetypartners.fi\/kauppa\/wp-json\/wp\/v2\/media\/575"}],"wp:attachment":[{"href":"https:\/\/safetypartners.fi\/kauppa\/wp-json\/wp\/v2\/media?parent=489"}],"wp:term":[{"taxonomy":"product_brand","embeddable":true,"href":"https:\/\/safetypartners.fi\/kauppa\/wp-json\/wp\/v2\/product_brand?post=489"},{"taxonomy":"product_cat","embeddable":true,"href":"https:\/\/safetypartners.fi\/kauppa\/wp-json\/wp\/v2\/product_cat?post=489"},{"taxonomy":"product_tag","embeddable":true,"href":"https:\/\/safetypartners.fi\/kauppa\/wp-json\/wp\/v2\/product_tag?post=489"}],"curies":[{"name":"wp","href":"https:\/\/api.w.org\/{rel}","templated":true}]}}