{"id":493,"date":"2022-08-01T17:22:23","date_gmt":"2022-08-01T14:22:23","guid":{"rendered":"https:\/\/safetypartners.fi\/kauppa\/?post_type=product&#038;p=493"},"modified":"2026-04-16T15:10:04","modified_gmt":"2026-04-16T12:10:04","slug":"cool-x-monikayttoinen-kylma-kuumahaude","status":"publish","type":"product","link":"https:\/\/safetypartners.fi\/kauppa\/tuote\/cool-x-monikayttoinen-kylma-kuumahaude","title":{"rendered":"Cool-X monik\u00e4ytt\u00f6inen kylm\u00e4-kuumahaude"},"content":{"rendered":"<p><strong>K\u00e4ytt\u00f6ohje kylm\u00e4hoitoon:<\/strong><\/p>\n<p>S\u00e4ilyt\u00e4 pussia pakastimessa, jolloin se on tarvittaessa heti k\u00e4ytt\u00f6valmis, tai viilenn\u00e4 pakastimessa (max. -25 \u00baC) n. 2 tunnin ajan. Aseta iholle kangas ja sen p\u00e4\u00e4lle viilennetty kylm\u00e4pussi. <u>\u00c4l\u00e4 aseta pussia suoraan iholle.<\/u><\/p>\n<p>Rakenteensa avulla haude mukautuu t\u00e4ydellisesti vammakohtaan.<br \/>\n<strong>HUOM.<\/strong> \u00c4l\u00e4 k\u00e4yt\u00e4, jos sinulla on heikentynyt verenkierto.<\/p>\n<p><strong>K\u00e4ytt\u00f6ohje l\u00e4mp\u00f6hoitoon:<\/strong><\/p>\n<p>L\u00e4mmit\u00e4 pussi vesiastiassa mikrossa tai liedell\u00e4 (max. +80 \u00baC). Mikron l\u00e4mmitysteho vaikuttaa sopivaan l\u00e4mmitysaikaan. Huomioi, ett\u00e4 mik\u00e4li haude asetetaan mikrossa ep\u00e4puhtauksien kuten rasvan p\u00e4\u00e4lle, kylm\u00e4-kuumapussiin voi synty\u00e4 reik\u00e4.<\/p>\n<p>Tasoita pussin sis\u00e4ll\u00e4 oleva geeli ja <u>aseta pussi <strong>vesikulhossa<\/strong> mikroon<\/u>. Huoneenl\u00e4mp\u00f6inen pussi l\u00e4mpe\u00e4\u00e4 t\u00e4ydell\u00e4 teholla n. 1 minuutin. Tarkista tarvittaessa 10 sekunnin jaksoissa, onko haluamasi l\u00e4mp\u00f6tila saavutettu. J\u00e4inen pussi kannattaa l\u00e4mmitt\u00e4\u00e4 t\u00e4ydell\u00e4 teholla 75 sekuntia, pit\u00e4en sen j\u00e4lkeen 75 sekunnin tauko. Etene tarvittaessa 10 sekunnin l\u00e4mmitysjaksoin.<\/p>\n<p>Cool-X kuuma-kylm\u00e4hauteen ulkomateriaali koostuu muovista.<\/p>\n","protected":false},"excerpt":{"rendered":"<p><strong>Monik\u00e4ytt\u00f6inen ja mukautuva Cool-X helmikylm\u00e4kuumahaude<\/strong> sis\u00e4lt\u00e4\u00e4 kylm\u00e4geelihelmi\u00e4, joiden ansiosta haude asettuu vammakohtaan erityisen hyvin. Notkea pussi s\u00e4ilytt\u00e4\u00e4 kylmyytens\u00e4 pitk\u00e4\u00e4n.<\/p>\n<p>Cool-X kylm\u00e4haude toimii todella tehokkaana ensiapuna ven\u00e4hdysten, rev\u00e4hdysten ja ruhjevammojen hoidossa: turvotuksen ja verenpurkauman muodostuminen v\u00e4henee, samoin kivun m\u00e4\u00e4r\u00e4. Haude voidaan viilent\u00e4\u00e4 pakastimessa ja kuumentaa vesiastiassa, mikrossa tai liedell\u00e4. Helmet varastoivat niihin johdetun l\u00e4mp\u00f6tilan tehokkaasti. K\u00e4yt\u00e4 haudetta kiputilojen lievitt\u00e4miseen silloin, kun niihin ei liity tulehdusta, esimerkiksi lihaskramppien ja noidannuolien sattuessa.<\/p>\n","protected":false},"featured_media":500,"comment_status":"open","ping_status":"closed","template":"","meta":{"_uag_custom_page_level_css":"","site-sidebar-layout":"default","site-content-layout":"default","ast-site-content-layout":"default","site-content-style":"default","site-sidebar-style":"default","ast-global-header-display":"","ast-banner-title-visibility":"","ast-main-header-display":"","ast-hfb-above-header-display":"","ast-hfb-below-header-display":"","ast-hfb-mobile-header-display":"","site-post-title":"","ast-breadcrumbs-content":"","ast-featured-img":"","footer-sml-layout":"","ast-disable-related-posts":"","theme-transparent-header-meta":"default","adv-header-id-meta":"","stick-header-meta":"default","header-above-stick-meta":"","header-main-stick-meta":"","header-below-stick-meta":"","astra-migrate-meta-layouts":"set","ast-page-background-enabled":"default","ast-page-background-meta":{"desktop":{"background-color":"","background-image":"","background-repeat":"repeat","background-position":"center center","background-size":"auto","background-attachment":"scroll","background-type":"","background-media":"","overlay-type":"","overlay-color":"","overlay-opacity":"","overlay-gradient":""},"tablet":{"background-color":"","background-image":"","background-repeat":"repeat","background-position":"center center","background-size":"auto","background-attachment":"scroll","background-type":"","background-media":"","overlay-type":"","overlay-color":"","overlay-opacity":"","overlay-gradient":""},"mobile":{"background-color":"","background-image":"","background-repeat":"repeat","background-position":"center center","background-size":"auto","background-attachment":"scroll","background-type":"","background-media":"","overlay-type":"","overlay-color":"","overlay-opacity":"","overlay-gradient":""}},"ast-content-background-meta":{"desktop":{"background-color":"var(--ast-global-color-5)","background-image":"","background-repeat":"repeat","background-position":"center center","background-size":"auto","background-attachment":"scroll","background-type":"","background-media":"","overlay-type":"","overlay-color":"","overlay-opacity":"","overlay-gradient":""},"tablet":{"background-color":"var(--ast-global-color-5)","background-image":"","background-repeat":"repeat","background-position":"center center","background-size":"auto","background-attachment":"scroll","background-type":"","background-media":"","overlay-type":"","overlay-color":"","overlay-opacity":"","overlay-gradient":""},"mobile":{"background-color":"var(--ast-global-color-5)","background-image":"","background-repeat":"repeat","background-position":"center center","background-size":"auto","background-attachment":"scroll","background-type":"","background-media":"","overlay-type":"","overlay-color":"","overlay-opacity":"","overlay-gradient":""}}},"product_brand":[],"product_cat":[42,15],"product_tag":[306,120,311,309,310,312,307,308],"class_list":{"0":"post-493","1":"product","2":"type-product","3":"status-publish","4":"has-post-thumbnail","6":"product_cat-ensiapu","7":"product_cat-yleinen","8":"product_tag-cool-x","9":"product_tag-ensiapu","10":"product_tag-haude","11":"product_tag-helmi","12":"product_tag-kylma-kuuma","13":"product_tag-kylmakuumahaude","14":"product_tag-monikayttoinen","15":"product_tag-mukautuva","16":"product_shipping_class-suomi","17":"desktop-align-center","18":"tablet-align-center","19":"mobile-align-center","20":"ast-product-gallery-layout-horizontal-slider","21":"ast-product-tabs-layout-horizontal","23":"first","24":"instock","25":"sale","26":"taxable","27":"shipping-taxable","28":"purchasable","29":"product-type-simple"},"yoast_head":"<!-- This site is optimized with the Yoast SEO plugin v27.3 - https:\/\/yoast.com\/product\/yoast-seo-wordpress\/ -->\n<title>Cool-X monik\u00e4ytt\u00f6inen kylm\u00e4-kuumahaude - Safety Partners<\/title>\n<meta name=\"description\" content=\"Tehokas ensiapu ven\u00e4hdysten, rev\u00e4hdysten ja ruhjevammojen hoitoon. Toimii sek\u00e4 kylm\u00e4n\u00e4 ett\u00e4 kuumana, tarpeen mukaan. S\u00e4ilytt\u00e4\u00e4 l\u00e4mp\u00f6tilansa pitk\u00e4\u00e4n.\" \/>\n<meta name=\"robots\" content=\"index, follow, max-snippet:-1, max-image-preview:large, max-video-preview:-1\" \/>\n<link rel=\"canonical\" href=\"https:\/\/safetypartners.fi\/kauppa\/tuote\/cool-x-monikayttoinen-kylma-kuumahaude\" \/>\n<meta property=\"og:locale\" content=\"fi_FI\" \/>\n<meta property=\"og:type\" content=\"article\" \/>\n<meta property=\"og:title\" content=\"Cool-X monik\u00e4ytt\u00f6inen kylm\u00e4-kuumahaude - Safety Partners\" \/>\n<meta property=\"og:description\" content=\"Tehokas ensiapu ven\u00e4hdysten, rev\u00e4hdysten ja ruhjevammojen hoitoon. Toimii sek\u00e4 kylm\u00e4n\u00e4 ett\u00e4 kuumana, tarpeen mukaan. S\u00e4ilytt\u00e4\u00e4 l\u00e4mp\u00f6tilansa pitk\u00e4\u00e4n.\" \/>\n<meta property=\"og:url\" content=\"https:\/\/safetypartners.fi\/kauppa\/tuote\/cool-x-monikayttoinen-kylma-kuumahaude\" \/>\n<meta property=\"og:site_name\" content=\"Safety Partners\" \/>\n<meta property=\"article:modified_time\" content=\"2026-04-16T12:10:04+00:00\" \/>\n<meta property=\"og:image\" content=\"https:\/\/safetypartners.fi\/kauppa\/wp-content\/uploads\/2022\/08\/cool_x_helmi_kylmahaude-2.jpg\" \/>\n\t<meta property=\"og:image:width\" content=\"1000\" \/>\n\t<meta property=\"og:image:height\" content=\"920\" \/>\n\t<meta property=\"og:image:type\" content=\"image\/jpeg\" \/>\n<meta name=\"twitter:card\" content=\"summary_large_image\" \/>\n<meta name=\"twitter:label1\" content=\"Arvioitu lukuaika\" \/>\n\t<meta name=\"twitter:data1\" content=\"2 minuuttia\" \/>\n<script type=\"application\/ld+json\" class=\"yoast-schema-graph\">{\"@context\":\"https:\\\/\\\/schema.org\",\"@graph\":[{\"@type\":\"WebPage\",\"@id\":\"https:\\\/\\\/safetypartners.fi\\\/kauppa\\\/tuote\\\/cool-x-monikayttoinen-kylma-kuumahaude\",\"url\":\"https:\\\/\\\/safetypartners.fi\\\/kauppa\\\/tuote\\\/cool-x-monikayttoinen-kylma-kuumahaude\",\"name\":\"Cool-X monik\u00e4ytt\u00f6inen kylm\u00e4-kuumahaude - Safety Partners\",\"isPartOf\":{\"@id\":\"https:\\\/\\\/safetypartners.fi\\\/kauppa\\\/#website\"},\"primaryImageOfPage\":{\"@id\":\"https:\\\/\\\/safetypartners.fi\\\/kauppa\\\/tuote\\\/cool-x-monikayttoinen-kylma-kuumahaude#primaryimage\"},\"image\":{\"@id\":\"https:\\\/\\\/safetypartners.fi\\\/kauppa\\\/tuote\\\/cool-x-monikayttoinen-kylma-kuumahaude#primaryimage\"},\"thumbnailUrl\":\"https:\\\/\\\/safetypartners.fi\\\/kauppa\\\/wp-content\\\/uploads\\\/2022\\\/08\\\/cool_x_helmi_kylmahaude-2.jpg\",\"datePublished\":\"2022-08-01T14:22:23+00:00\",\"dateModified\":\"2026-04-16T12:10:04+00:00\",\"description\":\"Tehokas ensiapu ven\u00e4hdysten, rev\u00e4hdysten ja ruhjevammojen hoitoon. Toimii sek\u00e4 kylm\u00e4n\u00e4 ett\u00e4 kuumana, tarpeen mukaan. S\u00e4ilytt\u00e4\u00e4 l\u00e4mp\u00f6tilansa pitk\u00e4\u00e4n.\",\"breadcrumb\":{\"@id\":\"https:\\\/\\\/safetypartners.fi\\\/kauppa\\\/tuote\\\/cool-x-monikayttoinen-kylma-kuumahaude#breadcrumb\"},\"inLanguage\":\"fi\",\"potentialAction\":[{\"@type\":\"ReadAction\",\"target\":[\"https:\\\/\\\/safetypartners.fi\\\/kauppa\\\/tuote\\\/cool-x-monikayttoinen-kylma-kuumahaude\"]}]},{\"@type\":\"ImageObject\",\"inLanguage\":\"fi\",\"@id\":\"https:\\\/\\\/safetypartners.fi\\\/kauppa\\\/tuote\\\/cool-x-monikayttoinen-kylma-kuumahaude#primaryimage\",\"url\":\"https:\\\/\\\/safetypartners.fi\\\/kauppa\\\/wp-content\\\/uploads\\\/2022\\\/08\\\/cool_x_helmi_kylmahaude-2.jpg\",\"contentUrl\":\"https:\\\/\\\/safetypartners.fi\\\/kauppa\\\/wp-content\\\/uploads\\\/2022\\\/08\\\/cool_x_helmi_kylmahaude-2.jpg\",\"width\":1000,\"height\":920,\"caption\":\"Cool-x Helmi kylm\u00e4-kuumahaude\"},{\"@type\":\"BreadcrumbList\",\"@id\":\"https:\\\/\\\/safetypartners.fi\\\/kauppa\\\/tuote\\\/cool-x-monikayttoinen-kylma-kuumahaude#breadcrumb\",\"itemListElement\":[{\"@type\":\"ListItem\",\"position\":1,\"name\":\"Home\",\"item\":\"https:\\\/\\\/safetypartners.fi\\\/kauppa\\\/\"},{\"@type\":\"ListItem\",\"position\":2,\"name\":\"Kauppa\",\"item\":\"https:\\\/\\\/safetypartners.fi\\\/kauppa\\\/kauppa\"},{\"@type\":\"ListItem\",\"position\":3,\"name\":\"Cool-X monik\u00e4ytt\u00f6inen kylm\u00e4-kuumahaude\"}]},{\"@type\":\"WebSite\",\"@id\":\"https:\\\/\\\/safetypartners.fi\\\/kauppa\\\/#website\",\"url\":\"https:\\\/\\\/safetypartners.fi\\\/kauppa\\\/\",\"name\":\"Safety Partners\",\"description\":\"Safety Partners turvakauppa palvelee verkossa 24\\\/7!\",\"publisher\":{\"@id\":\"https:\\\/\\\/safetypartners.fi\\\/kauppa\\\/#organization\"},\"potentialAction\":[{\"@type\":\"SearchAction\",\"target\":{\"@type\":\"EntryPoint\",\"urlTemplate\":\"https:\\\/\\\/safetypartners.fi\\\/kauppa\\\/?s={search_term_string}\"},\"query-input\":{\"@type\":\"PropertyValueSpecification\",\"valueRequired\":true,\"valueName\":\"search_term_string\"}}],\"inLanguage\":\"fi\"},{\"@type\":\"Organization\",\"@id\":\"https:\\\/\\\/safetypartners.fi\\\/kauppa\\\/#organization\",\"name\":\"Safety Partners | Suomen Sammutinpalvelu\",\"url\":\"https:\\\/\\\/safetypartners.fi\\\/kauppa\\\/\",\"logo\":{\"@type\":\"ImageObject\",\"inLanguage\":\"fi\",\"@id\":\"https:\\\/\\\/safetypartners.fi\\\/kauppa\\\/#\\\/schema\\\/logo\\\/image\\\/\",\"url\":\"https:\\\/\\\/safetypartners.fi\\\/kauppa\\\/wp-content\\\/uploads\\\/2020\\\/05\\\/cropped-Logoke-1.jpg\",\"contentUrl\":\"https:\\\/\\\/safetypartners.fi\\\/kauppa\\\/wp-content\\\/uploads\\\/2020\\\/05\\\/cropped-Logoke-1.jpg\",\"width\":847,\"height\":717,\"caption\":\"Safety Partners | Suomen Sammutinpalvelu\"},\"image\":{\"@id\":\"https:\\\/\\\/safetypartners.fi\\\/kauppa\\\/#\\\/schema\\\/logo\\\/image\\\/\"}}]}<\/script>\n<!-- \/ Yoast SEO plugin. -->","yoast_head_json":{"title":"Cool-X monik\u00e4ytt\u00f6inen kylm\u00e4-kuumahaude - Safety Partners","description":"Tehokas ensiapu ven\u00e4hdysten, rev\u00e4hdysten ja ruhjevammojen hoitoon. Toimii sek\u00e4 kylm\u00e4n\u00e4 ett\u00e4 kuumana, tarpeen mukaan. S\u00e4ilytt\u00e4\u00e4 l\u00e4mp\u00f6tilansa pitk\u00e4\u00e4n.","robots":{"index":"index","follow":"follow","max-snippet":"max-snippet:-1","max-image-preview":"max-image-preview:large","max-video-preview":"max-video-preview:-1"},"canonical":"https:\/\/safetypartners.fi\/kauppa\/tuote\/cool-x-monikayttoinen-kylma-kuumahaude","og_locale":"fi_FI","og_type":"article","og_title":"Cool-X monik\u00e4ytt\u00f6inen kylm\u00e4-kuumahaude - Safety Partners","og_description":"Tehokas ensiapu ven\u00e4hdysten, rev\u00e4hdysten ja ruhjevammojen hoitoon. Toimii sek\u00e4 kylm\u00e4n\u00e4 ett\u00e4 kuumana, tarpeen mukaan. S\u00e4ilytt\u00e4\u00e4 l\u00e4mp\u00f6tilansa pitk\u00e4\u00e4n.","og_url":"https:\/\/safetypartners.fi\/kauppa\/tuote\/cool-x-monikayttoinen-kylma-kuumahaude","og_site_name":"Safety Partners","article_modified_time":"2026-04-16T12:10:04+00:00","og_image":[{"width":1000,"height":920,"url":"https:\/\/safetypartners.fi\/kauppa\/wp-content\/uploads\/2022\/08\/cool_x_helmi_kylmahaude-2.jpg","type":"image\/jpeg"}],"twitter_card":"summary_large_image","twitter_misc":{"Arvioitu lukuaika":"2 minuuttia"},"schema":{"@context":"https:\/\/schema.org","@graph":[{"@type":"WebPage","@id":"https:\/\/safetypartners.fi\/kauppa\/tuote\/cool-x-monikayttoinen-kylma-kuumahaude","url":"https:\/\/safetypartners.fi\/kauppa\/tuote\/cool-x-monikayttoinen-kylma-kuumahaude","name":"Cool-X monik\u00e4ytt\u00f6inen kylm\u00e4-kuumahaude - Safety Partners","isPartOf":{"@id":"https:\/\/safetypartners.fi\/kauppa\/#website"},"primaryImageOfPage":{"@id":"https:\/\/safetypartners.fi\/kauppa\/tuote\/cool-x-monikayttoinen-kylma-kuumahaude#primaryimage"},"image":{"@id":"https:\/\/safetypartners.fi\/kauppa\/tuote\/cool-x-monikayttoinen-kylma-kuumahaude#primaryimage"},"thumbnailUrl":"https:\/\/safetypartners.fi\/kauppa\/wp-content\/uploads\/2022\/08\/cool_x_helmi_kylmahaude-2.jpg","datePublished":"2022-08-01T14:22:23+00:00","dateModified":"2026-04-16T12:10:04+00:00","description":"Tehokas ensiapu ven\u00e4hdysten, rev\u00e4hdysten ja ruhjevammojen hoitoon. Toimii sek\u00e4 kylm\u00e4n\u00e4 ett\u00e4 kuumana, tarpeen mukaan. S\u00e4ilytt\u00e4\u00e4 l\u00e4mp\u00f6tilansa pitk\u00e4\u00e4n.","breadcrumb":{"@id":"https:\/\/safetypartners.fi\/kauppa\/tuote\/cool-x-monikayttoinen-kylma-kuumahaude#breadcrumb"},"inLanguage":"fi","potentialAction":[{"@type":"ReadAction","target":["https:\/\/safetypartners.fi\/kauppa\/tuote\/cool-x-monikayttoinen-kylma-kuumahaude"]}]},{"@type":"ImageObject","inLanguage":"fi","@id":"https:\/\/safetypartners.fi\/kauppa\/tuote\/cool-x-monikayttoinen-kylma-kuumahaude#primaryimage","url":"https:\/\/safetypartners.fi\/kauppa\/wp-content\/uploads\/2022\/08\/cool_x_helmi_kylmahaude-2.jpg","contentUrl":"https:\/\/safetypartners.fi\/kauppa\/wp-content\/uploads\/2022\/08\/cool_x_helmi_kylmahaude-2.jpg","width":1000,"height":920,"caption":"Cool-x Helmi kylm\u00e4-kuumahaude"},{"@type":"BreadcrumbList","@id":"https:\/\/safetypartners.fi\/kauppa\/tuote\/cool-x-monikayttoinen-kylma-kuumahaude#breadcrumb","itemListElement":[{"@type":"ListItem","position":1,"name":"Home","item":"https:\/\/safetypartners.fi\/kauppa\/"},{"@type":"ListItem","position":2,"name":"Kauppa","item":"https:\/\/safetypartners.fi\/kauppa\/kauppa"},{"@type":"ListItem","position":3,"name":"Cool-X monik\u00e4ytt\u00f6inen kylm\u00e4-kuumahaude"}]},{"@type":"WebSite","@id":"https:\/\/safetypartners.fi\/kauppa\/#website","url":"https:\/\/safetypartners.fi\/kauppa\/","name":"Safety Partners","description":"Safety Partners turvakauppa palvelee verkossa 24\/7!","publisher":{"@id":"https:\/\/safetypartners.fi\/kauppa\/#organization"},"potentialAction":[{"@type":"SearchAction","target":{"@type":"EntryPoint","urlTemplate":"https:\/\/safetypartners.fi\/kauppa\/?s={search_term_string}"},"query-input":{"@type":"PropertyValueSpecification","valueRequired":true,"valueName":"search_term_string"}}],"inLanguage":"fi"},{"@type":"Organization","@id":"https:\/\/safetypartners.fi\/kauppa\/#organization","name":"Safety Partners | Suomen Sammutinpalvelu","url":"https:\/\/safetypartners.fi\/kauppa\/","logo":{"@type":"ImageObject","inLanguage":"fi","@id":"https:\/\/safetypartners.fi\/kauppa\/#\/schema\/logo\/image\/","url":"https:\/\/safetypartners.fi\/kauppa\/wp-content\/uploads\/2020\/05\/cropped-Logoke-1.jpg","contentUrl":"https:\/\/safetypartners.fi\/kauppa\/wp-content\/uploads\/2020\/05\/cropped-Logoke-1.jpg","width":847,"height":717,"caption":"Safety Partners | Suomen Sammutinpalvelu"},"image":{"@id":"https:\/\/safetypartners.fi\/kauppa\/#\/schema\/logo\/image\/"}}]}},"uagb_featured_image_src":{"full":["https:\/\/safetypartners.fi\/kauppa\/wp-content\/uploads\/2022\/08\/cool_x_helmi_kylmahaude-2.jpg",1000,920,false],"thumbnail":["https:\/\/safetypartners.fi\/kauppa\/wp-content\/uploads\/2022\/08\/cool_x_helmi_kylmahaude-2-150x150.jpg",150,150,true],"medium":["https:\/\/safetypartners.fi\/kauppa\/wp-content\/uploads\/2022\/08\/cool_x_helmi_kylmahaude-2-300x276.jpg",300,276,true],"medium_large":["https:\/\/safetypartners.fi\/kauppa\/wp-content\/uploads\/2022\/08\/cool_x_helmi_kylmahaude-2-768x707.jpg",768,707,true],"large":["https:\/\/safetypartners.fi\/kauppa\/wp-content\/uploads\/2022\/08\/cool_x_helmi_kylmahaude-2.jpg",1000,920,false],"1536x1536":["https:\/\/safetypartners.fi\/kauppa\/wp-content\/uploads\/2022\/08\/cool_x_helmi_kylmahaude-2.jpg",1000,920,false],"2048x2048":["https:\/\/safetypartners.fi\/kauppa\/wp-content\/uploads\/2022\/08\/cool_x_helmi_kylmahaude-2.jpg",1000,920,false],"woocommerce_thumbnail":["https:\/\/safetypartners.fi\/kauppa\/wp-content\/uploads\/2022\/08\/cool_x_helmi_kylmahaude-2-300x300.jpg",300,300,true],"woocommerce_single":["https:\/\/safetypartners.fi\/kauppa\/wp-content\/uploads\/2022\/08\/cool_x_helmi_kylmahaude-2-600x552.jpg",600,552,true],"woocommerce_gallery_thumbnail":["https:\/\/safetypartners.fi\/kauppa\/wp-content\/uploads\/2022\/08\/cool_x_helmi_kylmahaude-2-100x100.jpg",100,100,true]},"uagb_author_info":{"display_name":"Anu Lehto","author_link":"https:\/\/safetypartners.fi\/kauppa\/author"},"uagb_comment_info":0,"uagb_excerpt":"Monik\u00e4ytt\u00f6inen ja mukautuva Cool-X helmikylm\u00e4kuumahaude sis\u00e4lt\u00e4\u00e4 kylm\u00e4geelihelmi\u00e4, joiden ansiosta haude asettuu vammakohtaan erityisen hyvin. Notkea pussi s\u00e4ilytt\u00e4\u00e4 kylmyytens\u00e4 pitk\u00e4\u00e4n. Cool-X kylm\u00e4haude toimii todella tehokkaana ensiapuna ven\u00e4hdysten, rev\u00e4hdysten ja ruhjevammojen hoidossa: turvotuksen ja verenpurkauman muodostuminen v\u00e4henee, samoin kivun m\u00e4\u00e4r\u00e4. Haude voidaan viilent\u00e4\u00e4 pakastimessa ja kuumentaa vesiastiassa, mikrossa tai liedell\u00e4. Helmet varastoivat niihin johdetun l\u00e4mp\u00f6tilan tehokkaasti. K\u00e4yt\u00e4&hellip;","_links":{"self":[{"href":"https:\/\/safetypartners.fi\/kauppa\/wp-json\/wp\/v2\/product\/493","targetHints":{"allow":["GET"]}}],"collection":[{"href":"https:\/\/safetypartners.fi\/kauppa\/wp-json\/wp\/v2\/product"}],"about":[{"href":"https:\/\/safetypartners.fi\/kauppa\/wp-json\/wp\/v2\/types\/product"}],"replies":[{"embeddable":true,"href":"https:\/\/safetypartners.fi\/kauppa\/wp-json\/wp\/v2\/comments?post=493"}],"version-history":[{"count":2,"href":"https:\/\/safetypartners.fi\/kauppa\/wp-json\/wp\/v2\/product\/493\/revisions"}],"predecessor-version":[{"id":2636,"href":"https:\/\/safetypartners.fi\/kauppa\/wp-json\/wp\/v2\/product\/493\/revisions\/2636"}],"wp:featuredmedia":[{"embeddable":true,"href":"https:\/\/safetypartners.fi\/kauppa\/wp-json\/wp\/v2\/media\/500"}],"wp:attachment":[{"href":"https:\/\/safetypartners.fi\/kauppa\/wp-json\/wp\/v2\/media?parent=493"}],"wp:term":[{"taxonomy":"product_brand","embeddable":true,"href":"https:\/\/safetypartners.fi\/kauppa\/wp-json\/wp\/v2\/product_brand?post=493"},{"taxonomy":"product_cat","embeddable":true,"href":"https:\/\/safetypartners.fi\/kauppa\/wp-json\/wp\/v2\/product_cat?post=493"},{"taxonomy":"product_tag","embeddable":true,"href":"https:\/\/safetypartners.fi\/kauppa\/wp-json\/wp\/v2\/product_tag?post=493"}],"curies":[{"name":"wp","href":"https:\/\/api.w.org\/{rel}","templated":true}]}}