{"id":777,"date":"2022-08-16T13:36:14","date_gmt":"2022-08-16T10:36:14","guid":{"rendered":"https:\/\/safetypartners.fi\/kauppa\/?post_type=product&#038;p=777"},"modified":"2026-04-01T20:26:29","modified_gmt":"2026-04-01T17:26:29","slug":"jauhesammutin-2kg-firesafe","status":"publish","type":"product","link":"https:\/\/safetypartners.fi\/kauppa\/tuote\/jauhesammutin-2kg-firesafe","title":{"rendered":"Jauhesammutin 2kg, Firesafe"},"content":{"rendered":"<p><strong>Ominaisuudet<\/strong>:<\/p>\n<ul>\n<li>Teholuokka 13A 89B C<\/li>\n<li>Malli P2GM<\/li>\n<li>My\u00f6s s\u00e4hk\u00f6laitepalojen sammutukseen<\/li>\n<li>Pakkasen- ja t\u00e4rin\u00e4nkest\u00e4v\u00e4, &#8211; 30 \u00b0C asti<\/li>\n<li>Tukeva kaksiosainen kiinnitysvy\u00f6<\/li>\n<li>Sopii vastaavan Gloria-sammuttimen telineeseen<\/li>\n<li>Helppok\u00e4ytt\u00f6inen \u2013 sammutus jopa yhdell\u00e4 k\u00e4dell\u00e4<\/li>\n<li>Selke\u00e4 painemittari<\/li>\n<li>2 vuoden takuu<\/li>\n<li>Valmistettu Euroopassa<\/li>\n<li>EN 3, CE ja IMO hyv\u00e4ksynt\u00e4<\/li>\n<li>Valmistusaika merkitty s\u00e4ili\u00f6\u00f6n<\/li>\n<li>Tarroitettu sinua varten<\/li>\n<\/ul>\n<p><strong>HUOM<\/strong>! Mik\u00e4li tilaat yhden sammuttimen lis\u00e4ksi muitakin tuotteita on tilaus yleens\u00e4 toimitettava monipakettil\u00e4hetyksen\u00e4. Matkahuollon pakettiautomaattiin ei voi ohjata usean paketin l\u00e4hetyst\u00e4, joten huomioithan t\u00e4m\u00e4n noutopistett\u00e4 valitessasi.<\/p>\n","protected":false},"excerpt":{"rendered":"<p><strong>Firesafen P2GM 2kg jauhesammutin<\/strong> toimii hyv\u00e4n\u00e4 turvana esimerkiksi veneess\u00e4 ja matkailuautossa. T\u00e4m\u00e4 letkuton sammutinmalli sopii monen muun samankaltaisen sammuttimen sein\u00e4telineeseen ja n\u00e4in s\u00e4\u00e4styt ylim\u00e4\u00e4r\u00e4iselt\u00e4 vaivalta sammutinta vaihtaessasi. Teholuokka ylitt\u00e4\u00e4 kirkkaasti vaaditun minimivaatimuksen mm. veneen sammuttimen osalta.<\/p>\n<p><strong>Huom: Kaikki sammuttimemme saapuvat meilt\u00e4 sinulle valmiiksi tarkastettuina.<\/strong><\/p>\n","protected":false},"featured_media":983,"comment_status":"open","ping_status":"closed","template":"","meta":{"_uag_custom_page_level_css":"","site-sidebar-layout":"default","site-content-layout":"","ast-site-content-layout":"default","site-content-style":"default","site-sidebar-style":"default","ast-global-header-display":"","ast-banner-title-visibility":"","ast-main-header-display":"","ast-hfb-above-header-display":"","ast-hfb-below-header-display":"","ast-hfb-mobile-header-display":"","site-post-title":"","ast-breadcrumbs-content":"","ast-featured-img":"","footer-sml-layout":"","ast-disable-related-posts":"","theme-transparent-header-meta":"default","adv-header-id-meta":"","stick-header-meta":"default","header-above-stick-meta":"","header-main-stick-meta":"","header-below-stick-meta":"","astra-migrate-meta-layouts":"set","ast-page-background-enabled":"default","ast-page-background-meta":{"desktop":{"background-color":"","background-image":"","background-repeat":"repeat","background-position":"center center","background-size":"auto","background-attachment":"scroll","background-type":"","background-media":"","overlay-type":"","overlay-color":"","overlay-opacity":"","overlay-gradient":""},"tablet":{"background-color":"","background-image":"","background-repeat":"repeat","background-position":"center center","background-size":"auto","background-attachment":"scroll","background-type":"","background-media":"","overlay-type":"","overlay-color":"","overlay-opacity":"","overlay-gradient":""},"mobile":{"background-color":"","background-image":"","background-repeat":"repeat","background-position":"center center","background-size":"auto","background-attachment":"scroll","background-type":"","background-media":"","overlay-type":"","overlay-color":"","overlay-opacity":"","overlay-gradient":""}},"ast-content-background-meta":{"desktop":{"background-color":"var(--ast-global-color-5)","background-image":"","background-repeat":"repeat","background-position":"center center","background-size":"auto","background-attachment":"scroll","background-type":"","background-media":"","overlay-type":"","overlay-color":"","overlay-opacity":"","overlay-gradient":""},"tablet":{"background-color":"var(--ast-global-color-5)","background-image":"","background-repeat":"repeat","background-position":"center center","background-size":"auto","background-attachment":"scroll","background-type":"","background-media":"","overlay-type":"","overlay-color":"","overlay-opacity":"","overlay-gradient":""},"mobile":{"background-color":"var(--ast-global-color-5)","background-image":"","background-repeat":"repeat","background-position":"center center","background-size":"auto","background-attachment":"scroll","background-type":"","background-media":"","overlay-type":"","overlay-color":"","overlay-opacity":"","overlay-gradient":""}}},"product_brand":[],"product_cat":[15,41,30,217],"product_tag":[351,349,248,117,484,353,350,1228,109,1022,237],"class_list":{"0":"post-777","1":"product","2":"type-product","3":"status-publish","4":"has-post-thumbnail","6":"product_cat-yleinen","7":"product_cat-koti-vapaa-aika","8":"product_cat-paloturvallisuus","9":"product_cat-sammuttimet","10":"product_tag-2kg","11":"product_tag-firesafe","12":"product_tag-jauhesammutin","13":"product_tag-kasisammutin","14":"product_tag-kidde","15":"product_tag-letkuton","16":"product_tag-matkailuautoon","17":"product_tag-palosammutin","18":"product_tag-sammutin","19":"product_tag-tarkastettu","20":"product_tag-veneeseen","21":"product_shipping_class-suomi","22":"desktop-align-center","23":"tablet-align-center","24":"mobile-align-center","25":"ast-product-gallery-layout-horizontal-slider","26":"ast-product-gallery-with-no-image","27":"ast-product-tabs-layout-horizontal","29":"first","30":"instock","31":"taxable","32":"shipping-taxable","33":"purchasable","34":"product-type-simple"},"yoast_head":"<!-- This site is optimized with the Yoast SEO plugin v27.3 - https:\/\/yoast.com\/product\/yoast-seo-wordpress\/ -->\n<title>Jauhesammutin 2kg, Firesafe - Safety Partners<\/title>\n<meta name=\"description\" content=\"T\u00e4m\u00e4 letkuton 2kg jauhesammutin kulkee n\u00e4pp\u00e4r\u00e4sti mukana veneess\u00e4 tai matkailuautossa. Malli sopii monien samankaltaisten sammuttimien sein\u00e4telineeseen.\" \/>\n<meta name=\"robots\" content=\"index, follow, max-snippet:-1, max-image-preview:large, max-video-preview:-1\" \/>\n<link rel=\"canonical\" href=\"https:\/\/safetypartners.fi\/kauppa\/tuote\/jauhesammutin-2kg-firesafe\" \/>\n<meta property=\"og:locale\" content=\"fi_FI\" \/>\n<meta property=\"og:type\" content=\"article\" \/>\n<meta property=\"og:title\" content=\"Jauhesammutin 2kg, Firesafe - Safety Partners\" \/>\n<meta property=\"og:description\" content=\"T\u00e4m\u00e4 letkuton 2kg jauhesammutin kulkee n\u00e4pp\u00e4r\u00e4sti mukana veneess\u00e4 tai matkailuautossa. Malli sopii monien samankaltaisten sammuttimien sein\u00e4telineeseen.\" \/>\n<meta property=\"og:url\" content=\"https:\/\/safetypartners.fi\/kauppa\/tuote\/jauhesammutin-2kg-firesafe\" \/>\n<meta property=\"og:site_name\" content=\"Safety Partners\" \/>\n<meta property=\"article:modified_time\" content=\"2026-04-01T17:26:29+00:00\" \/>\n<meta property=\"og:image\" content=\"https:\/\/safetypartners.fi\/kauppa\/wp-content\/uploads\/2022\/08\/Firesafe-2kg-sammutin-e1745306799345.webp\" \/>\n\t<meta property=\"og:image:width\" content=\"769\" \/>\n\t<meta property=\"og:image:height\" content=\"882\" \/>\n\t<meta property=\"og:image:type\" content=\"image\/webp\" \/>\n<meta name=\"twitter:card\" content=\"summary_large_image\" \/>\n<meta name=\"twitter:label1\" content=\"Arvioitu lukuaika\" \/>\n\t<meta name=\"twitter:data1\" content=\"1 minuutti\" \/>\n<script type=\"application\/ld+json\" class=\"yoast-schema-graph\">{\"@context\":\"https:\\\/\\\/schema.org\",\"@graph\":[{\"@type\":\"WebPage\",\"@id\":\"https:\\\/\\\/safetypartners.fi\\\/kauppa\\\/tuote\\\/jauhesammutin-2kg-firesafe\",\"url\":\"https:\\\/\\\/safetypartners.fi\\\/kauppa\\\/tuote\\\/jauhesammutin-2kg-firesafe\",\"name\":\"Jauhesammutin 2kg, Firesafe - Safety Partners\",\"isPartOf\":{\"@id\":\"https:\\\/\\\/safetypartners.fi\\\/kauppa\\\/#website\"},\"primaryImageOfPage\":{\"@id\":\"https:\\\/\\\/safetypartners.fi\\\/kauppa\\\/tuote\\\/jauhesammutin-2kg-firesafe#primaryimage\"},\"image\":{\"@id\":\"https:\\\/\\\/safetypartners.fi\\\/kauppa\\\/tuote\\\/jauhesammutin-2kg-firesafe#primaryimage\"},\"thumbnailUrl\":\"https:\\\/\\\/safetypartners.fi\\\/kauppa\\\/wp-content\\\/uploads\\\/2022\\\/08\\\/Firesafe-2kg-sammutin-e1745306799345.webp\",\"datePublished\":\"2022-08-16T10:36:14+00:00\",\"dateModified\":\"2026-04-01T17:26:29+00:00\",\"description\":\"T\u00e4m\u00e4 letkuton 2kg jauhesammutin kulkee n\u00e4pp\u00e4r\u00e4sti mukana veneess\u00e4 tai matkailuautossa. Malli sopii monien samankaltaisten sammuttimien sein\u00e4telineeseen.\",\"breadcrumb\":{\"@id\":\"https:\\\/\\\/safetypartners.fi\\\/kauppa\\\/tuote\\\/jauhesammutin-2kg-firesafe#breadcrumb\"},\"inLanguage\":\"fi\",\"potentialAction\":[{\"@type\":\"ReadAction\",\"target\":[\"https:\\\/\\\/safetypartners.fi\\\/kauppa\\\/tuote\\\/jauhesammutin-2kg-firesafe\"]}]},{\"@type\":\"ImageObject\",\"inLanguage\":\"fi\",\"@id\":\"https:\\\/\\\/safetypartners.fi\\\/kauppa\\\/tuote\\\/jauhesammutin-2kg-firesafe#primaryimage\",\"url\":\"https:\\\/\\\/safetypartners.fi\\\/kauppa\\\/wp-content\\\/uploads\\\/2022\\\/08\\\/Firesafe-2kg-sammutin-e1745306799345.webp\",\"contentUrl\":\"https:\\\/\\\/safetypartners.fi\\\/kauppa\\\/wp-content\\\/uploads\\\/2022\\\/08\\\/Firesafe-2kg-sammutin-e1745306799345.webp\",\"width\":769,\"height\":882,\"caption\":\"Veneen ja matkailuauton n\u00e4pp\u00e4r\u00e4 k\u00e4sisammutin\"},{\"@type\":\"BreadcrumbList\",\"@id\":\"https:\\\/\\\/safetypartners.fi\\\/kauppa\\\/tuote\\\/jauhesammutin-2kg-firesafe#breadcrumb\",\"itemListElement\":[{\"@type\":\"ListItem\",\"position\":1,\"name\":\"Home\",\"item\":\"https:\\\/\\\/safetypartners.fi\\\/kauppa\\\/\"},{\"@type\":\"ListItem\",\"position\":2,\"name\":\"Kauppa\",\"item\":\"https:\\\/\\\/safetypartners.fi\\\/kauppa\\\/kauppa\"},{\"@type\":\"ListItem\",\"position\":3,\"name\":\"Jauhesammutin 2kg, Firesafe\"}]},{\"@type\":\"WebSite\",\"@id\":\"https:\\\/\\\/safetypartners.fi\\\/kauppa\\\/#website\",\"url\":\"https:\\\/\\\/safetypartners.fi\\\/kauppa\\\/\",\"name\":\"Safety Partners\",\"description\":\"Safety Partners turvakauppa palvelee verkossa 24\\\/7!\",\"publisher\":{\"@id\":\"https:\\\/\\\/safetypartners.fi\\\/kauppa\\\/#organization\"},\"potentialAction\":[{\"@type\":\"SearchAction\",\"target\":{\"@type\":\"EntryPoint\",\"urlTemplate\":\"https:\\\/\\\/safetypartners.fi\\\/kauppa\\\/?s={search_term_string}\"},\"query-input\":{\"@type\":\"PropertyValueSpecification\",\"valueRequired\":true,\"valueName\":\"search_term_string\"}}],\"inLanguage\":\"fi\"},{\"@type\":\"Organization\",\"@id\":\"https:\\\/\\\/safetypartners.fi\\\/kauppa\\\/#organization\",\"name\":\"Safety Partners | Suomen Sammutinpalvelu\",\"url\":\"https:\\\/\\\/safetypartners.fi\\\/kauppa\\\/\",\"logo\":{\"@type\":\"ImageObject\",\"inLanguage\":\"fi\",\"@id\":\"https:\\\/\\\/safetypartners.fi\\\/kauppa\\\/#\\\/schema\\\/logo\\\/image\\\/\",\"url\":\"https:\\\/\\\/safetypartners.fi\\\/kauppa\\\/wp-content\\\/uploads\\\/2020\\\/05\\\/cropped-Logoke-1.jpg\",\"contentUrl\":\"https:\\\/\\\/safetypartners.fi\\\/kauppa\\\/wp-content\\\/uploads\\\/2020\\\/05\\\/cropped-Logoke-1.jpg\",\"width\":847,\"height\":717,\"caption\":\"Safety Partners | Suomen Sammutinpalvelu\"},\"image\":{\"@id\":\"https:\\\/\\\/safetypartners.fi\\\/kauppa\\\/#\\\/schema\\\/logo\\\/image\\\/\"}}]}<\/script>\n<!-- \/ Yoast SEO plugin. -->","yoast_head_json":{"title":"Jauhesammutin 2kg, Firesafe - Safety Partners","description":"T\u00e4m\u00e4 letkuton 2kg jauhesammutin kulkee n\u00e4pp\u00e4r\u00e4sti mukana veneess\u00e4 tai matkailuautossa. Malli sopii monien samankaltaisten sammuttimien sein\u00e4telineeseen.","robots":{"index":"index","follow":"follow","max-snippet":"max-snippet:-1","max-image-preview":"max-image-preview:large","max-video-preview":"max-video-preview:-1"},"canonical":"https:\/\/safetypartners.fi\/kauppa\/tuote\/jauhesammutin-2kg-firesafe","og_locale":"fi_FI","og_type":"article","og_title":"Jauhesammutin 2kg, Firesafe - Safety Partners","og_description":"T\u00e4m\u00e4 letkuton 2kg jauhesammutin kulkee n\u00e4pp\u00e4r\u00e4sti mukana veneess\u00e4 tai matkailuautossa. Malli sopii monien samankaltaisten sammuttimien sein\u00e4telineeseen.","og_url":"https:\/\/safetypartners.fi\/kauppa\/tuote\/jauhesammutin-2kg-firesafe","og_site_name":"Safety Partners","article_modified_time":"2026-04-01T17:26:29+00:00","og_image":[{"width":769,"height":882,"url":"https:\/\/safetypartners.fi\/kauppa\/wp-content\/uploads\/2022\/08\/Firesafe-2kg-sammutin-e1745306799345.webp","type":"image\/webp"}],"twitter_card":"summary_large_image","twitter_misc":{"Arvioitu lukuaika":"1 minuutti"},"schema":{"@context":"https:\/\/schema.org","@graph":[{"@type":"WebPage","@id":"https:\/\/safetypartners.fi\/kauppa\/tuote\/jauhesammutin-2kg-firesafe","url":"https:\/\/safetypartners.fi\/kauppa\/tuote\/jauhesammutin-2kg-firesafe","name":"Jauhesammutin 2kg, Firesafe - Safety Partners","isPartOf":{"@id":"https:\/\/safetypartners.fi\/kauppa\/#website"},"primaryImageOfPage":{"@id":"https:\/\/safetypartners.fi\/kauppa\/tuote\/jauhesammutin-2kg-firesafe#primaryimage"},"image":{"@id":"https:\/\/safetypartners.fi\/kauppa\/tuote\/jauhesammutin-2kg-firesafe#primaryimage"},"thumbnailUrl":"https:\/\/safetypartners.fi\/kauppa\/wp-content\/uploads\/2022\/08\/Firesafe-2kg-sammutin-e1745306799345.webp","datePublished":"2022-08-16T10:36:14+00:00","dateModified":"2026-04-01T17:26:29+00:00","description":"T\u00e4m\u00e4 letkuton 2kg jauhesammutin kulkee n\u00e4pp\u00e4r\u00e4sti mukana veneess\u00e4 tai matkailuautossa. Malli sopii monien samankaltaisten sammuttimien sein\u00e4telineeseen.","breadcrumb":{"@id":"https:\/\/safetypartners.fi\/kauppa\/tuote\/jauhesammutin-2kg-firesafe#breadcrumb"},"inLanguage":"fi","potentialAction":[{"@type":"ReadAction","target":["https:\/\/safetypartners.fi\/kauppa\/tuote\/jauhesammutin-2kg-firesafe"]}]},{"@type":"ImageObject","inLanguage":"fi","@id":"https:\/\/safetypartners.fi\/kauppa\/tuote\/jauhesammutin-2kg-firesafe#primaryimage","url":"https:\/\/safetypartners.fi\/kauppa\/wp-content\/uploads\/2022\/08\/Firesafe-2kg-sammutin-e1745306799345.webp","contentUrl":"https:\/\/safetypartners.fi\/kauppa\/wp-content\/uploads\/2022\/08\/Firesafe-2kg-sammutin-e1745306799345.webp","width":769,"height":882,"caption":"Veneen ja matkailuauton n\u00e4pp\u00e4r\u00e4 k\u00e4sisammutin"},{"@type":"BreadcrumbList","@id":"https:\/\/safetypartners.fi\/kauppa\/tuote\/jauhesammutin-2kg-firesafe#breadcrumb","itemListElement":[{"@type":"ListItem","position":1,"name":"Home","item":"https:\/\/safetypartners.fi\/kauppa\/"},{"@type":"ListItem","position":2,"name":"Kauppa","item":"https:\/\/safetypartners.fi\/kauppa\/kauppa"},{"@type":"ListItem","position":3,"name":"Jauhesammutin 2kg, Firesafe"}]},{"@type":"WebSite","@id":"https:\/\/safetypartners.fi\/kauppa\/#website","url":"https:\/\/safetypartners.fi\/kauppa\/","name":"Safety Partners","description":"Safety Partners turvakauppa palvelee verkossa 24\/7!","publisher":{"@id":"https:\/\/safetypartners.fi\/kauppa\/#organization"},"potentialAction":[{"@type":"SearchAction","target":{"@type":"EntryPoint","urlTemplate":"https:\/\/safetypartners.fi\/kauppa\/?s={search_term_string}"},"query-input":{"@type":"PropertyValueSpecification","valueRequired":true,"valueName":"search_term_string"}}],"inLanguage":"fi"},{"@type":"Organization","@id":"https:\/\/safetypartners.fi\/kauppa\/#organization","name":"Safety Partners | Suomen Sammutinpalvelu","url":"https:\/\/safetypartners.fi\/kauppa\/","logo":{"@type":"ImageObject","inLanguage":"fi","@id":"https:\/\/safetypartners.fi\/kauppa\/#\/schema\/logo\/image\/","url":"https:\/\/safetypartners.fi\/kauppa\/wp-content\/uploads\/2020\/05\/cropped-Logoke-1.jpg","contentUrl":"https:\/\/safetypartners.fi\/kauppa\/wp-content\/uploads\/2020\/05\/cropped-Logoke-1.jpg","width":847,"height":717,"caption":"Safety Partners | Suomen Sammutinpalvelu"},"image":{"@id":"https:\/\/safetypartners.fi\/kauppa\/#\/schema\/logo\/image\/"}}]}},"uagb_featured_image_src":{"full":["https:\/\/safetypartners.fi\/kauppa\/wp-content\/uploads\/2022\/08\/Firesafe-2kg-sammutin-e1745306799345.webp",769,882,false],"thumbnail":["https:\/\/safetypartners.fi\/kauppa\/wp-content\/uploads\/2022\/08\/Firesafe-2kg-sammutin-e1745306799345-150x150.webp",150,150,true],"medium":["https:\/\/safetypartners.fi\/kauppa\/wp-content\/uploads\/2022\/08\/Firesafe-2kg-sammutin-e1745306799345-262x300.webp",262,300,true],"medium_large":["https:\/\/safetypartners.fi\/kauppa\/wp-content\/uploads\/2022\/08\/Firesafe-2kg-sammutin-768x1151.webp",768,1151,true],"large":["https:\/\/safetypartners.fi\/kauppa\/wp-content\/uploads\/2022\/08\/Firesafe-2kg-sammutin-683x1024.webp",683,1024,true],"1536x1536":["https:\/\/safetypartners.fi\/kauppa\/wp-content\/uploads\/2022\/08\/Firesafe-2kg-sammutin-e1745306799345.webp",769,882,false],"2048x2048":["https:\/\/safetypartners.fi\/kauppa\/wp-content\/uploads\/2022\/08\/Firesafe-2kg-sammutin-e1745306799345.webp",769,882,false],"woocommerce_thumbnail":["https:\/\/safetypartners.fi\/kauppa\/wp-content\/uploads\/2022\/08\/Firesafe-2kg-sammutin-e1745306799345-300x300.webp",300,300,true],"woocommerce_single":["https:\/\/safetypartners.fi\/kauppa\/wp-content\/uploads\/2022\/08\/Firesafe-2kg-sammutin-e1745306799345-600x688.webp",600,688,true],"woocommerce_gallery_thumbnail":["https:\/\/safetypartners.fi\/kauppa\/wp-content\/uploads\/2022\/08\/Firesafe-2kg-sammutin-e1745306799345-100x100.webp",100,100,true]},"uagb_author_info":{"display_name":"Anu Lehto","author_link":"https:\/\/safetypartners.fi\/kauppa\/author"},"uagb_comment_info":0,"uagb_excerpt":"Firesafen P2GM 2kg jauhesammutin toimii hyv\u00e4n\u00e4 turvana esimerkiksi veneess\u00e4 ja matkailuautossa. T\u00e4m\u00e4 letkuton sammutinmalli sopii monen muun samankaltaisen sammuttimen sein\u00e4telineeseen ja n\u00e4in s\u00e4\u00e4styt ylim\u00e4\u00e4r\u00e4iselt\u00e4 vaivalta sammutinta vaihtaessasi. Teholuokka ylitt\u00e4\u00e4 kirkkaasti vaaditun minimivaatimuksen mm. veneen sammuttimen osalta. Huom: Kaikki sammuttimemme saapuvat meilt\u00e4 sinulle valmiiksi tarkastettuina.","_links":{"self":[{"href":"https:\/\/safetypartners.fi\/kauppa\/wp-json\/wp\/v2\/product\/777","targetHints":{"allow":["GET"]}}],"collection":[{"href":"https:\/\/safetypartners.fi\/kauppa\/wp-json\/wp\/v2\/product"}],"about":[{"href":"https:\/\/safetypartners.fi\/kauppa\/wp-json\/wp\/v2\/types\/product"}],"replies":[{"embeddable":true,"href":"https:\/\/safetypartners.fi\/kauppa\/wp-json\/wp\/v2\/comments?post=777"}],"version-history":[{"count":3,"href":"https:\/\/safetypartners.fi\/kauppa\/wp-json\/wp\/v2\/product\/777\/revisions"}],"predecessor-version":[{"id":2719,"href":"https:\/\/safetypartners.fi\/kauppa\/wp-json\/wp\/v2\/product\/777\/revisions\/2719"}],"wp:featuredmedia":[{"embeddable":true,"href":"https:\/\/safetypartners.fi\/kauppa\/wp-json\/wp\/v2\/media\/983"}],"wp:attachment":[{"href":"https:\/\/safetypartners.fi\/kauppa\/wp-json\/wp\/v2\/media?parent=777"}],"wp:term":[{"taxonomy":"product_brand","embeddable":true,"href":"https:\/\/safetypartners.fi\/kauppa\/wp-json\/wp\/v2\/product_brand?post=777"},{"taxonomy":"product_cat","embeddable":true,"href":"https:\/\/safetypartners.fi\/kauppa\/wp-json\/wp\/v2\/product_cat?post=777"},{"taxonomy":"product_tag","embeddable":true,"href":"https:\/\/safetypartners.fi\/kauppa\/wp-json\/wp\/v2\/product_tag?post=777"}],"curies":[{"name":"wp","href":"https:\/\/api.w.org\/{rel}","templated":true}]}}