{"id":778,"date":"2022-08-16T13:36:15","date_gmt":"2022-08-16T10:36:15","guid":{"rendered":"https:\/\/safetypartners.fi\/kauppa\/?post_type=product&#038;p=778"},"modified":"2026-01-29T13:11:10","modified_gmt":"2026-01-29T11:11:10","slug":"jauhesammutin-2kg-housegard","status":"publish","type":"product","link":"https:\/\/safetypartners.fi\/kauppa\/tuote\/jauhesammutin-2kg-housegard","title":{"rendered":"Jauhesammutin 2 kg, Housegard"},"content":{"rendered":"<p>Jauhesammutin 2 kg &#8211; sammuttimen mukana tulee k\u00e4tev\u00e4 letku, jonka avulla voit suunnata sammutusaineen paremmin liekkeihin. Jauheelle on ominaista korkea sammutuskyky ja pitk\u00e4 kantama. Jauhesammutin antaa suuren sammutustehon painoonsa n\u00e4hden, mahdollistaen samalla sammutust\u00f6iden suorittamisen et\u00e4\u00e4ll\u00e4 tulesta. Kiinnitysteline sopii sein\u00e4\u00e4n ja esimerkiksi veneeseen asennettavaksi.<\/p>\n<p><strong>HUOM<\/strong>: Mik\u00e4li tilaat yhden sammuttimen lis\u00e4ksi muitakin tuotteita, tilaus on yleens\u00e4 toimitettava monipakettil\u00e4hetyksen\u00e4. Matkahuollon pakettiautomaattiin ei voi ohjata usean paketin l\u00e4hetyst\u00e4, joten huomioithan t\u00e4m\u00e4n noutopistett\u00e4 valitessasi.<\/p>\n<p><strong>K\u00e4ytt\u00f6kohteet:<\/strong><\/p>\n<ul>\n<li>Autot<\/li>\n<li>Veneet<\/li>\n<li>Ty\u00f6koneet<\/li>\n<li>Matkailuvaunut \/-autot<\/li>\n<li>Kodin lis\u00e4sammutin 6 kg jauhesammuttimen tai 6 litran nestesammuttimen rinnalle.<\/li>\n<li>Vapaa-ajanasunnot<\/li>\n<li>Kerrostaloasunnot<\/li>\n<\/ul>\n<p><strong>Teholuokka:<\/strong> 13A 89B C<br \/>\n5 vuoden takuu paineen laskulle<br \/>\nToimintal\u00e4mp\u00f6tila -30\u00b0C \/ +60\u00b0C<br \/>\nSertifiointi: SFS-EN3, CE, Wheelmark<br \/>\nDNV:n lisensoima<\/p>\n","protected":false},"excerpt":{"rendered":"<p><strong>Housegardin jauhesammutin<\/strong> on sammutusteholtaan markkinoiden paras. N\u00e4pp\u00e4r\u00e4 k\u00e4sisammutin soveltuu hyvin kaikentyyppisten pienten palojen alkusammutukseen. 2kg jauhesammutin sopii monenlaisiin ajoneuvoihin henkil\u00f6autoista ja asuntovaunuista veneisiin, kuorma-auton hyttiin ja traktoreihin. Sein\u00e4kiinnike sis\u00e4ltyy pakkaukseen.<\/p>\n<p>Pieni jauhesammutin soveltuu erinomaisesti my\u00f6s kodin ja m\u00f6kin lis\u00e4sammuttimeksi <a href=\"https:\/\/safetypartners.fi\/kauppa\/tuote\/jauhesammutin-6kg-housegard\">6kg jauhesammuttimen<\/a> tai <a href=\"https:\/\/safetypartners.fi\/kauppa\/tuote\/cgs-vesisammutin-fluorittomalla-lisaaineella-wae6cr-b\">6 litran nestesammuttimen<\/a> ohelle. Kyteviss\u00e4 ja alkavissa paloissa tehokas kahden kilon sammutin saattaa riitt\u00e4\u00e4, eik\u00e4 suurempaa tarvita lainkaan.<\/p>\n<p><strong>Huom: Kaikki sammuttimemme saapuvat meilt\u00e4 sinulle valmiiksi tarkastettuina.<\/strong><\/p>\n","protected":false},"featured_media":809,"comment_status":"open","ping_status":"closed","template":"","meta":{"_uag_custom_page_level_css":"","site-sidebar-layout":"default","site-content-layout":"default","ast-site-content-layout":"default","site-content-style":"default","site-sidebar-style":"default","ast-global-header-display":"","ast-banner-title-visibility":"","ast-main-header-display":"","ast-hfb-above-header-display":"","ast-hfb-below-header-display":"","ast-hfb-mobile-header-display":"","site-post-title":"","ast-breadcrumbs-content":"","ast-featured-img":"","footer-sml-layout":"","ast-disable-related-posts":"","theme-transparent-header-meta":"default","adv-header-id-meta":"","stick-header-meta":"default","header-above-stick-meta":"","header-main-stick-meta":"","header-below-stick-meta":"","astra-migrate-meta-layouts":"set","ast-page-background-enabled":"default","ast-page-background-meta":{"desktop":{"background-color":"","background-image":"","background-repeat":"repeat","background-position":"center center","background-size":"auto","background-attachment":"scroll","background-type":"","background-media":"","overlay-type":"","overlay-color":"","overlay-opacity":"","overlay-gradient":""},"tablet":{"background-color":"","background-image":"","background-repeat":"repeat","background-position":"center center","background-size":"auto","background-attachment":"scroll","background-type":"","background-media":"","overlay-type":"","overlay-color":"","overlay-opacity":"","overlay-gradient":""},"mobile":{"background-color":"","background-image":"","background-repeat":"repeat","background-position":"center center","background-size":"auto","background-attachment":"scroll","background-type":"","background-media":"","overlay-type":"","overlay-color":"","overlay-opacity":"","overlay-gradient":""}},"ast-content-background-meta":{"desktop":{"background-color":"var(--ast-global-color-5)","background-image":"","background-repeat":"repeat","background-position":"center center","background-size":"auto","background-attachment":"scroll","background-type":"","background-media":"","overlay-type":"","overlay-color":"","overlay-opacity":"","overlay-gradient":""},"tablet":{"background-color":"var(--ast-global-color-5)","background-image":"","background-repeat":"repeat","background-position":"center center","background-size":"auto","background-attachment":"scroll","background-type":"","background-media":"","overlay-type":"","overlay-color":"","overlay-opacity":"","overlay-gradient":""},"mobile":{"background-color":"var(--ast-global-color-5)","background-image":"","background-repeat":"repeat","background-position":"center center","background-size":"auto","background-attachment":"scroll","background-type":"","background-media":"","overlay-type":"","overlay-color":"","overlay-opacity":"","overlay-gradient":""}}},"product_brand":[],"product_cat":[15,41,30,217],"product_tag":[1031,351,251,243,83,113,117,372,1228,1030,109,1022,617,236,237],"class_list":{"0":"post-778","1":"product","2":"type-product","3":"status-publish","4":"has-post-thumbnail","6":"product_cat-yleinen","7":"product_cat-koti-vapaa-aika","8":"product_cat-paloturvallisuus","9":"product_cat-sammuttimet","10":"product_tag-13a","11":"product_tag-2kg","12":"product_tag-abc","13":"product_tag-asuntoauto","14":"product_tag-autoon","15":"product_tag-housegard","16":"product_tag-kasisammutin","17":"product_tag-kuorma-autoon","18":"product_tag-palosammutin","19":"product_tag-pikkusammutin","20":"product_tag-sammutin","21":"product_tag-tarkastettu","22":"product_tag-tehokas","23":"product_tag-teline","24":"product_tag-veneeseen","25":"product_shipping_class-suomi","26":"desktop-align-center","27":"tablet-align-center","28":"mobile-align-center","29":"ast-product-gallery-layout-horizontal-slider","30":"ast-product-tabs-layout-horizontal","32":"first","33":"instock","34":"taxable","35":"shipping-taxable","36":"purchasable","37":"product-type-simple"},"yoast_head":"<!-- This site is optimized with the Yoast SEO plugin v27.3 - https:\/\/yoast.com\/product\/yoast-seo-wordpress\/ -->\n<title>Jauhesammutin 2 kg - Safety Partners<\/title>\n<meta name=\"description\" content=\"Jauhesammutin 2 kg - Markkinoiden paras sammutusteho ja n\u00e4pp\u00e4r\u00e4 koko: t\u00e4ydellinen valinta ajoneuvoihin, veneeseen ja lis\u00e4sammuttimeksi kotiin.\" \/>\n<meta name=\"robots\" content=\"index, follow, max-snippet:-1, max-image-preview:large, max-video-preview:-1\" \/>\n<link rel=\"canonical\" href=\"https:\/\/safetypartners.fi\/kauppa\/tuote\/jauhesammutin-2kg-housegard\" \/>\n<meta property=\"og:locale\" content=\"fi_FI\" \/>\n<meta property=\"og:type\" content=\"article\" \/>\n<meta property=\"og:title\" content=\"Jauhesammutin 2 kg - Safety Partners\" \/>\n<meta property=\"og:description\" content=\"Jauhesammutin 2 kg - Markkinoiden paras sammutusteho ja n\u00e4pp\u00e4r\u00e4 koko: t\u00e4ydellinen valinta ajoneuvoihin, veneeseen ja lis\u00e4sammuttimeksi kotiin.\" \/>\n<meta property=\"og:url\" content=\"https:\/\/safetypartners.fi\/kauppa\/tuote\/jauhesammutin-2kg-housegard\" \/>\n<meta property=\"og:site_name\" content=\"Safety Partners\" \/>\n<meta property=\"article:modified_time\" content=\"2026-01-29T11:11:10+00:00\" \/>\n<meta property=\"og:image\" content=\"https:\/\/safetypartners.fi\/kauppa\/wp-content\/uploads\/2022\/08\/2kg-kauempaa.png\" \/>\n\t<meta property=\"og:image:width\" content=\"1025\" \/>\n\t<meta property=\"og:image:height\" content=\"846\" \/>\n\t<meta property=\"og:image:type\" content=\"image\/png\" \/>\n<meta name=\"twitter:card\" content=\"summary_large_image\" \/>\n<meta name=\"twitter:label1\" content=\"Arvioitu lukuaika\" \/>\n\t<meta name=\"twitter:data1\" content=\"1 minuutti\" \/>\n<script type=\"application\/ld+json\" class=\"yoast-schema-graph\">{\"@context\":\"https:\\\/\\\/schema.org\",\"@graph\":[{\"@type\":\"WebPage\",\"@id\":\"https:\\\/\\\/safetypartners.fi\\\/kauppa\\\/tuote\\\/jauhesammutin-2kg-housegard\",\"url\":\"https:\\\/\\\/safetypartners.fi\\\/kauppa\\\/tuote\\\/jauhesammutin-2kg-housegard\",\"name\":\"Jauhesammutin 2 kg - Safety Partners\",\"isPartOf\":{\"@id\":\"https:\\\/\\\/safetypartners.fi\\\/kauppa\\\/#website\"},\"primaryImageOfPage\":{\"@id\":\"https:\\\/\\\/safetypartners.fi\\\/kauppa\\\/tuote\\\/jauhesammutin-2kg-housegard#primaryimage\"},\"image\":{\"@id\":\"https:\\\/\\\/safetypartners.fi\\\/kauppa\\\/tuote\\\/jauhesammutin-2kg-housegard#primaryimage\"},\"thumbnailUrl\":\"https:\\\/\\\/safetypartners.fi\\\/kauppa\\\/wp-content\\\/uploads\\\/2022\\\/08\\\/2kg-kauempaa.png\",\"datePublished\":\"2022-08-16T10:36:15+00:00\",\"dateModified\":\"2026-01-29T11:11:10+00:00\",\"description\":\"Jauhesammutin 2 kg - Markkinoiden paras sammutusteho ja n\u00e4pp\u00e4r\u00e4 koko: t\u00e4ydellinen valinta ajoneuvoihin, veneeseen ja lis\u00e4sammuttimeksi kotiin.\",\"breadcrumb\":{\"@id\":\"https:\\\/\\\/safetypartners.fi\\\/kauppa\\\/tuote\\\/jauhesammutin-2kg-housegard#breadcrumb\"},\"inLanguage\":\"fi\",\"potentialAction\":[{\"@type\":\"ReadAction\",\"target\":[\"https:\\\/\\\/safetypartners.fi\\\/kauppa\\\/tuote\\\/jauhesammutin-2kg-housegard\"]}]},{\"@type\":\"ImageObject\",\"inLanguage\":\"fi\",\"@id\":\"https:\\\/\\\/safetypartners.fi\\\/kauppa\\\/tuote\\\/jauhesammutin-2kg-housegard#primaryimage\",\"url\":\"https:\\\/\\\/safetypartners.fi\\\/kauppa\\\/wp-content\\\/uploads\\\/2022\\\/08\\\/2kg-kauempaa.png\",\"contentUrl\":\"https:\\\/\\\/safetypartners.fi\\\/kauppa\\\/wp-content\\\/uploads\\\/2022\\\/08\\\/2kg-kauempaa.png\",\"width\":1025,\"height\":846,\"caption\":\"jauhesammutin 2 kg\"},{\"@type\":\"BreadcrumbList\",\"@id\":\"https:\\\/\\\/safetypartners.fi\\\/kauppa\\\/tuote\\\/jauhesammutin-2kg-housegard#breadcrumb\",\"itemListElement\":[{\"@type\":\"ListItem\",\"position\":1,\"name\":\"Home\",\"item\":\"https:\\\/\\\/safetypartners.fi\\\/kauppa\\\/\"},{\"@type\":\"ListItem\",\"position\":2,\"name\":\"Kauppa\",\"item\":\"https:\\\/\\\/safetypartners.fi\\\/kauppa\\\/kauppa\"},{\"@type\":\"ListItem\",\"position\":3,\"name\":\"Jauhesammutin 2 kg, Housegard\"}]},{\"@type\":\"WebSite\",\"@id\":\"https:\\\/\\\/safetypartners.fi\\\/kauppa\\\/#website\",\"url\":\"https:\\\/\\\/safetypartners.fi\\\/kauppa\\\/\",\"name\":\"Safety Partners\",\"description\":\"Safety Partners turvakauppa palvelee verkossa 24\\\/7!\",\"publisher\":{\"@id\":\"https:\\\/\\\/safetypartners.fi\\\/kauppa\\\/#organization\"},\"potentialAction\":[{\"@type\":\"SearchAction\",\"target\":{\"@type\":\"EntryPoint\",\"urlTemplate\":\"https:\\\/\\\/safetypartners.fi\\\/kauppa\\\/?s={search_term_string}\"},\"query-input\":{\"@type\":\"PropertyValueSpecification\",\"valueRequired\":true,\"valueName\":\"search_term_string\"}}],\"inLanguage\":\"fi\"},{\"@type\":\"Organization\",\"@id\":\"https:\\\/\\\/safetypartners.fi\\\/kauppa\\\/#organization\",\"name\":\"Safety Partners | Suomen Sammutinpalvelu\",\"url\":\"https:\\\/\\\/safetypartners.fi\\\/kauppa\\\/\",\"logo\":{\"@type\":\"ImageObject\",\"inLanguage\":\"fi\",\"@id\":\"https:\\\/\\\/safetypartners.fi\\\/kauppa\\\/#\\\/schema\\\/logo\\\/image\\\/\",\"url\":\"https:\\\/\\\/safetypartners.fi\\\/kauppa\\\/wp-content\\\/uploads\\\/2020\\\/05\\\/cropped-Logoke-1.jpg\",\"contentUrl\":\"https:\\\/\\\/safetypartners.fi\\\/kauppa\\\/wp-content\\\/uploads\\\/2020\\\/05\\\/cropped-Logoke-1.jpg\",\"width\":847,\"height\":717,\"caption\":\"Safety Partners | Suomen Sammutinpalvelu\"},\"image\":{\"@id\":\"https:\\\/\\\/safetypartners.fi\\\/kauppa\\\/#\\\/schema\\\/logo\\\/image\\\/\"}}]}<\/script>\n<!-- \/ Yoast SEO plugin. -->","yoast_head_json":{"title":"Jauhesammutin 2 kg - Safety Partners","description":"Jauhesammutin 2 kg - Markkinoiden paras sammutusteho ja n\u00e4pp\u00e4r\u00e4 koko: t\u00e4ydellinen valinta ajoneuvoihin, veneeseen ja lis\u00e4sammuttimeksi kotiin.","robots":{"index":"index","follow":"follow","max-snippet":"max-snippet:-1","max-image-preview":"max-image-preview:large","max-video-preview":"max-video-preview:-1"},"canonical":"https:\/\/safetypartners.fi\/kauppa\/tuote\/jauhesammutin-2kg-housegard","og_locale":"fi_FI","og_type":"article","og_title":"Jauhesammutin 2 kg - Safety Partners","og_description":"Jauhesammutin 2 kg - Markkinoiden paras sammutusteho ja n\u00e4pp\u00e4r\u00e4 koko: t\u00e4ydellinen valinta ajoneuvoihin, veneeseen ja lis\u00e4sammuttimeksi kotiin.","og_url":"https:\/\/safetypartners.fi\/kauppa\/tuote\/jauhesammutin-2kg-housegard","og_site_name":"Safety Partners","article_modified_time":"2026-01-29T11:11:10+00:00","og_image":[{"width":1025,"height":846,"url":"https:\/\/safetypartners.fi\/kauppa\/wp-content\/uploads\/2022\/08\/2kg-kauempaa.png","type":"image\/png"}],"twitter_card":"summary_large_image","twitter_misc":{"Arvioitu lukuaika":"1 minuutti"},"schema":{"@context":"https:\/\/schema.org","@graph":[{"@type":"WebPage","@id":"https:\/\/safetypartners.fi\/kauppa\/tuote\/jauhesammutin-2kg-housegard","url":"https:\/\/safetypartners.fi\/kauppa\/tuote\/jauhesammutin-2kg-housegard","name":"Jauhesammutin 2 kg - Safety Partners","isPartOf":{"@id":"https:\/\/safetypartners.fi\/kauppa\/#website"},"primaryImageOfPage":{"@id":"https:\/\/safetypartners.fi\/kauppa\/tuote\/jauhesammutin-2kg-housegard#primaryimage"},"image":{"@id":"https:\/\/safetypartners.fi\/kauppa\/tuote\/jauhesammutin-2kg-housegard#primaryimage"},"thumbnailUrl":"https:\/\/safetypartners.fi\/kauppa\/wp-content\/uploads\/2022\/08\/2kg-kauempaa.png","datePublished":"2022-08-16T10:36:15+00:00","dateModified":"2026-01-29T11:11:10+00:00","description":"Jauhesammutin 2 kg - Markkinoiden paras sammutusteho ja n\u00e4pp\u00e4r\u00e4 koko: t\u00e4ydellinen valinta ajoneuvoihin, veneeseen ja lis\u00e4sammuttimeksi kotiin.","breadcrumb":{"@id":"https:\/\/safetypartners.fi\/kauppa\/tuote\/jauhesammutin-2kg-housegard#breadcrumb"},"inLanguage":"fi","potentialAction":[{"@type":"ReadAction","target":["https:\/\/safetypartners.fi\/kauppa\/tuote\/jauhesammutin-2kg-housegard"]}]},{"@type":"ImageObject","inLanguage":"fi","@id":"https:\/\/safetypartners.fi\/kauppa\/tuote\/jauhesammutin-2kg-housegard#primaryimage","url":"https:\/\/safetypartners.fi\/kauppa\/wp-content\/uploads\/2022\/08\/2kg-kauempaa.png","contentUrl":"https:\/\/safetypartners.fi\/kauppa\/wp-content\/uploads\/2022\/08\/2kg-kauempaa.png","width":1025,"height":846,"caption":"jauhesammutin 2 kg"},{"@type":"BreadcrumbList","@id":"https:\/\/safetypartners.fi\/kauppa\/tuote\/jauhesammutin-2kg-housegard#breadcrumb","itemListElement":[{"@type":"ListItem","position":1,"name":"Home","item":"https:\/\/safetypartners.fi\/kauppa\/"},{"@type":"ListItem","position":2,"name":"Kauppa","item":"https:\/\/safetypartners.fi\/kauppa\/kauppa"},{"@type":"ListItem","position":3,"name":"Jauhesammutin 2 kg, Housegard"}]},{"@type":"WebSite","@id":"https:\/\/safetypartners.fi\/kauppa\/#website","url":"https:\/\/safetypartners.fi\/kauppa\/","name":"Safety Partners","description":"Safety Partners turvakauppa palvelee verkossa 24\/7!","publisher":{"@id":"https:\/\/safetypartners.fi\/kauppa\/#organization"},"potentialAction":[{"@type":"SearchAction","target":{"@type":"EntryPoint","urlTemplate":"https:\/\/safetypartners.fi\/kauppa\/?s={search_term_string}"},"query-input":{"@type":"PropertyValueSpecification","valueRequired":true,"valueName":"search_term_string"}}],"inLanguage":"fi"},{"@type":"Organization","@id":"https:\/\/safetypartners.fi\/kauppa\/#organization","name":"Safety Partners | Suomen Sammutinpalvelu","url":"https:\/\/safetypartners.fi\/kauppa\/","logo":{"@type":"ImageObject","inLanguage":"fi","@id":"https:\/\/safetypartners.fi\/kauppa\/#\/schema\/logo\/image\/","url":"https:\/\/safetypartners.fi\/kauppa\/wp-content\/uploads\/2020\/05\/cropped-Logoke-1.jpg","contentUrl":"https:\/\/safetypartners.fi\/kauppa\/wp-content\/uploads\/2020\/05\/cropped-Logoke-1.jpg","width":847,"height":717,"caption":"Safety Partners | Suomen Sammutinpalvelu"},"image":{"@id":"https:\/\/safetypartners.fi\/kauppa\/#\/schema\/logo\/image\/"}}]}},"uagb_featured_image_src":{"full":["https:\/\/safetypartners.fi\/kauppa\/wp-content\/uploads\/2022\/08\/2kg-kauempaa.png",1025,846,false],"thumbnail":["https:\/\/safetypartners.fi\/kauppa\/wp-content\/uploads\/2022\/08\/2kg-kauempaa-150x150.png",150,150,true],"medium":["https:\/\/safetypartners.fi\/kauppa\/wp-content\/uploads\/2022\/08\/2kg-kauempaa-300x248.png",300,248,true],"medium_large":["https:\/\/safetypartners.fi\/kauppa\/wp-content\/uploads\/2022\/08\/2kg-kauempaa-768x634.png",768,634,true],"large":["https:\/\/safetypartners.fi\/kauppa\/wp-content\/uploads\/2022\/08\/2kg-kauempaa.png",1024,845,false],"1536x1536":["https:\/\/safetypartners.fi\/kauppa\/wp-content\/uploads\/2022\/08\/2kg-kauempaa.png",1025,846,false],"2048x2048":["https:\/\/safetypartners.fi\/kauppa\/wp-content\/uploads\/2022\/08\/2kg-kauempaa.png",1025,846,false],"woocommerce_thumbnail":["https:\/\/safetypartners.fi\/kauppa\/wp-content\/uploads\/2022\/08\/2kg-kauempaa-300x300.png",300,300,true],"woocommerce_single":["https:\/\/safetypartners.fi\/kauppa\/wp-content\/uploads\/2022\/08\/2kg-kauempaa-600x495.png",600,495,true],"woocommerce_gallery_thumbnail":["https:\/\/safetypartners.fi\/kauppa\/wp-content\/uploads\/2022\/08\/2kg-kauempaa-100x100.png",100,100,true]},"uagb_author_info":{"display_name":"Anu Lehto","author_link":"https:\/\/safetypartners.fi\/kauppa\/author"},"uagb_comment_info":1,"uagb_excerpt":"Housegardin jauhesammutin on sammutusteholtaan markkinoiden paras. N\u00e4pp\u00e4r\u00e4 k\u00e4sisammutin soveltuu hyvin kaikentyyppisten pienten palojen alkusammutukseen. 2kg jauhesammutin sopii monenlaisiin ajoneuvoihin henkil\u00f6autoista ja asuntovaunuista veneisiin, kuorma-auton hyttiin ja traktoreihin. Sein\u00e4kiinnike sis\u00e4ltyy pakkaukseen. Pieni jauhesammutin soveltuu erinomaisesti my\u00f6s kodin ja m\u00f6kin lis\u00e4sammuttimeksi 6kg jauhesammuttimen tai 6 litran nestesammuttimen ohelle. Kyteviss\u00e4 ja alkavissa paloissa tehokas kahden kilon sammutin saattaa&hellip;","_links":{"self":[{"href":"https:\/\/safetypartners.fi\/kauppa\/wp-json\/wp\/v2\/product\/778","targetHints":{"allow":["GET"]}}],"collection":[{"href":"https:\/\/safetypartners.fi\/kauppa\/wp-json\/wp\/v2\/product"}],"about":[{"href":"https:\/\/safetypartners.fi\/kauppa\/wp-json\/wp\/v2\/types\/product"}],"replies":[{"embeddable":true,"href":"https:\/\/safetypartners.fi\/kauppa\/wp-json\/wp\/v2\/comments?post=778"}],"version-history":[{"count":6,"href":"https:\/\/safetypartners.fi\/kauppa\/wp-json\/wp\/v2\/product\/778\/revisions"}],"predecessor-version":[{"id":3147,"href":"https:\/\/safetypartners.fi\/kauppa\/wp-json\/wp\/v2\/product\/778\/revisions\/3147"}],"wp:featuredmedia":[{"embeddable":true,"href":"https:\/\/safetypartners.fi\/kauppa\/wp-json\/wp\/v2\/media\/809"}],"wp:attachment":[{"href":"https:\/\/safetypartners.fi\/kauppa\/wp-json\/wp\/v2\/media?parent=778"}],"wp:term":[{"taxonomy":"product_brand","embeddable":true,"href":"https:\/\/safetypartners.fi\/kauppa\/wp-json\/wp\/v2\/product_brand?post=778"},{"taxonomy":"product_cat","embeddable":true,"href":"https:\/\/safetypartners.fi\/kauppa\/wp-json\/wp\/v2\/product_cat?post=778"},{"taxonomy":"product_tag","embeddable":true,"href":"https:\/\/safetypartners.fi\/kauppa\/wp-json\/wp\/v2\/product_tag?post=778"}],"curies":[{"name":"wp","href":"https:\/\/api.w.org\/{rel}","templated":true}]}}