{"id":780,"date":"2022-08-16T13:36:16","date_gmt":"2022-08-16T10:36:16","guid":{"rendered":"https:\/\/safetypartners.fi\/kauppa\/?post_type=product&#038;p=780"},"modified":"2026-03-05T14:16:19","modified_gmt":"2026-03-05T12:16:19","slug":"hiilidioksidisammutin-5kg-housegard","status":"publish","type":"product","link":"https:\/\/safetypartners.fi\/kauppa\/tuote\/hiilidioksidisammutin-5kg-housegard","title":{"rendered":"Hiilidioksidisammutin 5 kg Housegard"},"content":{"rendered":"<p><b>Hiilidioksidisammutin 5 kg &#8211; sammuttimen k\u00e4ytt\u00f6alueet:<\/b><br \/>\n&#8211; Toimistot ja liiketilat<br \/>\n&#8211; Ravintolat ja suurtalouskeitti\u00f6t<br \/>\n&#8211; Teollisuus<br \/>\n&#8211; Sairaalat ja koulut<br \/>\n&#8211; Koti ja m\u00f6kki<\/p>\n<p><b>Teholuokka: <\/b>89B<br \/>\n<strong>K\u00e4ytt\u00f6l\u00e4mp\u00f6tila: <\/strong>-30 \/ +60 \u00b0C<br \/>\n<strong>Takuu: <\/strong>5 vuotta<br \/>\n<strong>Hyv\u00e4ksynn\u00e4t<\/strong>:\u00a0Suomalainen standardi SFS-EN3, CE, Wheelmark.<br \/>\nDNV:n lisensoima.<\/p>\n<p>Pakkaus sis\u00e4lt\u00e4\u00e4 sein\u00e4telineen<\/p>\n<p><strong>HUOM: Sammutin toimitetaan vain Matkahuollon Jakopakettina tai Kotipakettina. Huomioithan t\u00e4m\u00e4n toimitustapaa valitessasi.<\/strong><\/p>\n<p>Sammuttimen kokonaispaino on <strong>15kg.<\/strong><\/p>\n<table id=\"\" width=\"\" data-table=\"\">\n<tbody>\n<tr class=\"\">\n<td>Pituus (mm)<\/td>\n<td>215.000<\/td>\n<\/tr>\n<tr class=\"\">\n<td>Korkeus (mm)<\/td>\n<td>700.000<\/td>\n<\/tr>\n<tr class=\"\">\n<td>Leveys (mm)<\/td>\n<td>145.000<\/td>\n<\/tr>\n<\/tbody>\n<\/table>\n","protected":false},"excerpt":{"rendered":"<p><strong>Housegardin 5kg hiilidioksidisammutin <\/strong>soveltuu erityisen hyvin s\u00e4hk\u00f6palojen sammutukseen, mutta tehoaa my\u00f6s nestepaloihin. Hiilidioksidisammutin tukahduttaa palot puhtaasti, mik\u00e4 helpottaa j\u00e4lkisiivousta. Suosittelemme t\u00e4t\u00e4 sammutinta muun muassa s\u00e4hk\u00f6huoneisiin, serverikeskuksiin, konttoreihin ja julkisen sektorin suurin tiloihin, kuten sairaaloihin. Lue lis\u00e4\u00e4 CO2-sammuttimesta <span style=\"color: #0000ff;\"><a style=\"color: #0000ff;\" href=\"https:\/\/safetypartners.fi\/hiilidioksidisammuttimet-tehokkaaseen-alkusammutukseen\/\" target=\"_blank\" rel=\"noopener\"><strong>t\u00e4\u00e4lt\u00e4<\/strong><\/a><\/span>.<\/p>\n<p>Viisikiloinen CO2-sammutin painaa kaikkineen 15kg ja on 68cm korkea. Kevyemm\u00e4n ja pienemm\u00e4n <a href=\"https:\/\/safetypartners.fi\/kauppa\/tuote\/hiilidioksidisammutin-2kg-housegard\">kaksikiloisen pikkuveljen l\u00f6yd\u00e4t <span style=\"color: #0000ff;\"><strong>t\u00e4\u00e4lt\u00e4<\/strong><\/span><\/a>.<\/p>\n<p><strong>Huom: Kaikki sammuttimemme saapuvat meilt\u00e4 sinulle valmiiksi tarkastettuina. Sammutin toimitetaan\u00a0Matkahuollon Jakopakettina tai Kotipakettina.<\/strong><\/p>\n","protected":false},"featured_media":877,"comment_status":"open","ping_status":"closed","template":"","meta":{"_uag_custom_page_level_css":"","site-sidebar-layout":"default","site-content-layout":"","ast-site-content-layout":"default","site-content-style":"default","site-sidebar-style":"default","ast-global-header-display":"","ast-banner-title-visibility":"","ast-main-header-display":"","ast-hfb-above-header-display":"","ast-hfb-below-header-display":"","ast-hfb-mobile-header-display":"","site-post-title":"","ast-breadcrumbs-content":"","ast-featured-img":"","footer-sml-layout":"","ast-disable-related-posts":"","theme-transparent-header-meta":"default","adv-header-id-meta":"","stick-header-meta":"default","header-above-stick-meta":"","header-main-stick-meta":"","header-below-stick-meta":"","astra-migrate-meta-layouts":"set","ast-page-background-enabled":"default","ast-page-background-meta":{"desktop":{"background-color":"","background-image":"","background-repeat":"repeat","background-position":"center center","background-size":"auto","background-attachment":"scroll","background-type":"","background-media":"","overlay-type":"","overlay-color":"","overlay-opacity":"","overlay-gradient":""},"tablet":{"background-color":"","background-image":"","background-repeat":"repeat","background-position":"center center","background-size":"auto","background-attachment":"scroll","background-type":"","background-media":"","overlay-type":"","overlay-color":"","overlay-opacity":"","overlay-gradient":""},"mobile":{"background-color":"","background-image":"","background-repeat":"repeat","background-position":"center center","background-size":"auto","background-attachment":"scroll","background-type":"","background-media":"","overlay-type":"","overlay-color":"","overlay-opacity":"","overlay-gradient":""}},"ast-content-background-meta":{"desktop":{"background-color":"var(--ast-global-color-5)","background-image":"","background-repeat":"repeat","background-position":"center center","background-size":"auto","background-attachment":"scroll","background-type":"","background-media":"","overlay-type":"","overlay-color":"","overlay-opacity":"","overlay-gradient":""},"tablet":{"background-color":"var(--ast-global-color-5)","background-image":"","background-repeat":"repeat","background-position":"center center","background-size":"auto","background-attachment":"scroll","background-type":"","background-media":"","overlay-type":"","overlay-color":"","overlay-opacity":"","overlay-gradient":""},"mobile":{"background-color":"var(--ast-global-color-5)","background-image":"","background-repeat":"repeat","background-position":"center center","background-size":"auto","background-attachment":"scroll","background-type":"","background-media":"","overlay-type":"","overlay-color":"","overlay-opacity":"","overlay-gradient":""}}},"product_brand":[],"product_cat":[15,30,43,217],"product_tag":[289,225,1230,599,623,288,113,117,291,1228,603,109,1022,634],"class_list":{"0":"post-780","1":"product","2":"type-product","3":"status-publish","4":"has-post-thumbnail","6":"product_cat-yleinen","7":"product_cat-paloturvallisuus","8":"product_cat-sahkoturvallisuus","9":"product_cat-sammuttimet","10":"product_tag-5kg","11":"product_tag-alkusammutus","12":"product_tag-b-palo","13":"product_tag-co2","14":"product_tag-hiili","15":"product_tag-hiilidioksidisammutin","16":"product_tag-housegard","17":"product_tag-kasisammutin","18":"product_tag-nestepalo","19":"product_tag-palosammutin","20":"product_tag-sahkopalo","21":"product_tag-sammutin","22":"product_tag-tarkastettu","23":"product_tag-tulipalo","24":"product_shipping_class-suomi","25":"desktop-align-center","26":"tablet-align-center","27":"mobile-align-center","28":"ast-product-gallery-layout-horizontal-slider","29":"ast-product-tabs-layout-horizontal","31":"first","32":"instock","33":"sale","34":"taxable","35":"shipping-taxable","36":"purchasable","37":"product-type-simple"},"yoast_head":"<!-- This site is optimized with the Yoast SEO plugin v27.3 - https:\/\/yoast.com\/product\/yoast-seo-wordpress\/ -->\n<title>Hiilidioksidisammutin 5 kg Housegard - Safety Partners<\/title>\n<meta name=\"description\" content=\"Hiilidioksidisammutin 5 kg | Erityisesti s\u00e4hk\u00f6palojen sammutukseen sopiva Housegardin hiilidioksidisammutin tukahduttaa tulipalon siististi.\" \/>\n<meta name=\"robots\" content=\"index, follow, max-snippet:-1, max-image-preview:large, max-video-preview:-1\" \/>\n<link rel=\"canonical\" href=\"https:\/\/safetypartners.fi\/kauppa\/tuote\/hiilidioksidisammutin-5kg-housegard\" \/>\n<meta property=\"og:locale\" content=\"fi_FI\" \/>\n<meta property=\"og:type\" content=\"article\" \/>\n<meta property=\"og:title\" content=\"Hiilidioksidisammutin 5 kg Housegard - Safety Partners\" \/>\n<meta property=\"og:description\" content=\"Hiilidioksidisammutin 5 kg | Erityisesti s\u00e4hk\u00f6palojen sammutukseen sopiva Housegardin hiilidioksidisammutin tukahduttaa tulipalon siististi.\" \/>\n<meta property=\"og:url\" content=\"https:\/\/safetypartners.fi\/kauppa\/tuote\/hiilidioksidisammutin-5kg-housegard\" \/>\n<meta property=\"og:site_name\" content=\"Safety Partners\" \/>\n<meta property=\"article:modified_time\" content=\"2026-03-05T12:16:19+00:00\" \/>\n<meta property=\"og:image\" content=\"https:\/\/safetypartners.fi\/kauppa\/wp-content\/uploads\/2022\/08\/Hiili-5kg_seethru_11247_pim-e1762507294370.png\" \/>\n\t<meta property=\"og:image:width\" content=\"1000\" \/>\n\t<meta property=\"og:image:height\" content=\"1500\" \/>\n\t<meta property=\"og:image:type\" content=\"image\/png\" \/>\n<meta name=\"twitter:card\" content=\"summary_large_image\" \/>\n<meta name=\"twitter:label1\" content=\"Arvioitu lukuaika\" \/>\n\t<meta name=\"twitter:data1\" content=\"1 minuutti\" \/>\n<script type=\"application\/ld+json\" class=\"yoast-schema-graph\">{\"@context\":\"https:\\\/\\\/schema.org\",\"@graph\":[{\"@type\":\"WebPage\",\"@id\":\"https:\\\/\\\/safetypartners.fi\\\/kauppa\\\/tuote\\\/hiilidioksidisammutin-5kg-housegard\",\"url\":\"https:\\\/\\\/safetypartners.fi\\\/kauppa\\\/tuote\\\/hiilidioksidisammutin-5kg-housegard\",\"name\":\"Hiilidioksidisammutin 5 kg Housegard - Safety Partners\",\"isPartOf\":{\"@id\":\"https:\\\/\\\/safetypartners.fi\\\/kauppa\\\/#website\"},\"primaryImageOfPage\":{\"@id\":\"https:\\\/\\\/safetypartners.fi\\\/kauppa\\\/tuote\\\/hiilidioksidisammutin-5kg-housegard#primaryimage\"},\"image\":{\"@id\":\"https:\\\/\\\/safetypartners.fi\\\/kauppa\\\/tuote\\\/hiilidioksidisammutin-5kg-housegard#primaryimage\"},\"thumbnailUrl\":\"https:\\\/\\\/safetypartners.fi\\\/kauppa\\\/wp-content\\\/uploads\\\/2022\\\/08\\\/Hiili-5kg_seethru_11247_pim-e1762507294370.png\",\"datePublished\":\"2022-08-16T10:36:16+00:00\",\"dateModified\":\"2026-03-05T12:16:19+00:00\",\"description\":\"Hiilidioksidisammutin 5 kg | Erityisesti s\u00e4hk\u00f6palojen sammutukseen sopiva Housegardin hiilidioksidisammutin tukahduttaa tulipalon siististi.\",\"breadcrumb\":{\"@id\":\"https:\\\/\\\/safetypartners.fi\\\/kauppa\\\/tuote\\\/hiilidioksidisammutin-5kg-housegard#breadcrumb\"},\"inLanguage\":\"fi\",\"potentialAction\":[{\"@type\":\"ReadAction\",\"target\":[\"https:\\\/\\\/safetypartners.fi\\\/kauppa\\\/tuote\\\/hiilidioksidisammutin-5kg-housegard\"]}]},{\"@type\":\"ImageObject\",\"inLanguage\":\"fi\",\"@id\":\"https:\\\/\\\/safetypartners.fi\\\/kauppa\\\/tuote\\\/hiilidioksidisammutin-5kg-housegard#primaryimage\",\"url\":\"https:\\\/\\\/safetypartners.fi\\\/kauppa\\\/wp-content\\\/uploads\\\/2022\\\/08\\\/Hiili-5kg_seethru_11247_pim-e1762507294370.png\",\"contentUrl\":\"https:\\\/\\\/safetypartners.fi\\\/kauppa\\\/wp-content\\\/uploads\\\/2022\\\/08\\\/Hiili-5kg_seethru_11247_pim-e1762507294370.png\",\"width\":1000,\"height\":1500,\"caption\":\"Puhtaasti sammuttava sammutin\"},{\"@type\":\"BreadcrumbList\",\"@id\":\"https:\\\/\\\/safetypartners.fi\\\/kauppa\\\/tuote\\\/hiilidioksidisammutin-5kg-housegard#breadcrumb\",\"itemListElement\":[{\"@type\":\"ListItem\",\"position\":1,\"name\":\"Home\",\"item\":\"https:\\\/\\\/safetypartners.fi\\\/kauppa\\\/\"},{\"@type\":\"ListItem\",\"position\":2,\"name\":\"Kauppa\",\"item\":\"https:\\\/\\\/safetypartners.fi\\\/kauppa\\\/kauppa\"},{\"@type\":\"ListItem\",\"position\":3,\"name\":\"Hiilidioksidisammutin 5 kg Housegard\"}]},{\"@type\":\"WebSite\",\"@id\":\"https:\\\/\\\/safetypartners.fi\\\/kauppa\\\/#website\",\"url\":\"https:\\\/\\\/safetypartners.fi\\\/kauppa\\\/\",\"name\":\"Safety Partners\",\"description\":\"Safety Partners turvakauppa palvelee verkossa 24\\\/7!\",\"publisher\":{\"@id\":\"https:\\\/\\\/safetypartners.fi\\\/kauppa\\\/#organization\"},\"potentialAction\":[{\"@type\":\"SearchAction\",\"target\":{\"@type\":\"EntryPoint\",\"urlTemplate\":\"https:\\\/\\\/safetypartners.fi\\\/kauppa\\\/?s={search_term_string}\"},\"query-input\":{\"@type\":\"PropertyValueSpecification\",\"valueRequired\":true,\"valueName\":\"search_term_string\"}}],\"inLanguage\":\"fi\"},{\"@type\":\"Organization\",\"@id\":\"https:\\\/\\\/safetypartners.fi\\\/kauppa\\\/#organization\",\"name\":\"Safety Partners | Suomen Sammutinpalvelu\",\"url\":\"https:\\\/\\\/safetypartners.fi\\\/kauppa\\\/\",\"logo\":{\"@type\":\"ImageObject\",\"inLanguage\":\"fi\",\"@id\":\"https:\\\/\\\/safetypartners.fi\\\/kauppa\\\/#\\\/schema\\\/logo\\\/image\\\/\",\"url\":\"https:\\\/\\\/safetypartners.fi\\\/kauppa\\\/wp-content\\\/uploads\\\/2020\\\/05\\\/cropped-Logoke-1.jpg\",\"contentUrl\":\"https:\\\/\\\/safetypartners.fi\\\/kauppa\\\/wp-content\\\/uploads\\\/2020\\\/05\\\/cropped-Logoke-1.jpg\",\"width\":847,\"height\":717,\"caption\":\"Safety Partners | Suomen Sammutinpalvelu\"},\"image\":{\"@id\":\"https:\\\/\\\/safetypartners.fi\\\/kauppa\\\/#\\\/schema\\\/logo\\\/image\\\/\"}}]}<\/script>\n<!-- \/ Yoast SEO plugin. -->","yoast_head_json":{"title":"Hiilidioksidisammutin 5 kg Housegard - Safety Partners","description":"Hiilidioksidisammutin 5 kg | Erityisesti s\u00e4hk\u00f6palojen sammutukseen sopiva Housegardin hiilidioksidisammutin tukahduttaa tulipalon siististi.","robots":{"index":"index","follow":"follow","max-snippet":"max-snippet:-1","max-image-preview":"max-image-preview:large","max-video-preview":"max-video-preview:-1"},"canonical":"https:\/\/safetypartners.fi\/kauppa\/tuote\/hiilidioksidisammutin-5kg-housegard","og_locale":"fi_FI","og_type":"article","og_title":"Hiilidioksidisammutin 5 kg Housegard - Safety Partners","og_description":"Hiilidioksidisammutin 5 kg | Erityisesti s\u00e4hk\u00f6palojen sammutukseen sopiva Housegardin hiilidioksidisammutin tukahduttaa tulipalon siististi.","og_url":"https:\/\/safetypartners.fi\/kauppa\/tuote\/hiilidioksidisammutin-5kg-housegard","og_site_name":"Safety Partners","article_modified_time":"2026-03-05T12:16:19+00:00","og_image":[{"width":1000,"height":1500,"url":"https:\/\/safetypartners.fi\/kauppa\/wp-content\/uploads\/2022\/08\/Hiili-5kg_seethru_11247_pim-e1762507294370.png","type":"image\/png"}],"twitter_card":"summary_large_image","twitter_misc":{"Arvioitu lukuaika":"1 minuutti"},"schema":{"@context":"https:\/\/schema.org","@graph":[{"@type":"WebPage","@id":"https:\/\/safetypartners.fi\/kauppa\/tuote\/hiilidioksidisammutin-5kg-housegard","url":"https:\/\/safetypartners.fi\/kauppa\/tuote\/hiilidioksidisammutin-5kg-housegard","name":"Hiilidioksidisammutin 5 kg Housegard - Safety Partners","isPartOf":{"@id":"https:\/\/safetypartners.fi\/kauppa\/#website"},"primaryImageOfPage":{"@id":"https:\/\/safetypartners.fi\/kauppa\/tuote\/hiilidioksidisammutin-5kg-housegard#primaryimage"},"image":{"@id":"https:\/\/safetypartners.fi\/kauppa\/tuote\/hiilidioksidisammutin-5kg-housegard#primaryimage"},"thumbnailUrl":"https:\/\/safetypartners.fi\/kauppa\/wp-content\/uploads\/2022\/08\/Hiili-5kg_seethru_11247_pim-e1762507294370.png","datePublished":"2022-08-16T10:36:16+00:00","dateModified":"2026-03-05T12:16:19+00:00","description":"Hiilidioksidisammutin 5 kg | Erityisesti s\u00e4hk\u00f6palojen sammutukseen sopiva Housegardin hiilidioksidisammutin tukahduttaa tulipalon siististi.","breadcrumb":{"@id":"https:\/\/safetypartners.fi\/kauppa\/tuote\/hiilidioksidisammutin-5kg-housegard#breadcrumb"},"inLanguage":"fi","potentialAction":[{"@type":"ReadAction","target":["https:\/\/safetypartners.fi\/kauppa\/tuote\/hiilidioksidisammutin-5kg-housegard"]}]},{"@type":"ImageObject","inLanguage":"fi","@id":"https:\/\/safetypartners.fi\/kauppa\/tuote\/hiilidioksidisammutin-5kg-housegard#primaryimage","url":"https:\/\/safetypartners.fi\/kauppa\/wp-content\/uploads\/2022\/08\/Hiili-5kg_seethru_11247_pim-e1762507294370.png","contentUrl":"https:\/\/safetypartners.fi\/kauppa\/wp-content\/uploads\/2022\/08\/Hiili-5kg_seethru_11247_pim-e1762507294370.png","width":1000,"height":1500,"caption":"Puhtaasti sammuttava sammutin"},{"@type":"BreadcrumbList","@id":"https:\/\/safetypartners.fi\/kauppa\/tuote\/hiilidioksidisammutin-5kg-housegard#breadcrumb","itemListElement":[{"@type":"ListItem","position":1,"name":"Home","item":"https:\/\/safetypartners.fi\/kauppa\/"},{"@type":"ListItem","position":2,"name":"Kauppa","item":"https:\/\/safetypartners.fi\/kauppa\/kauppa"},{"@type":"ListItem","position":3,"name":"Hiilidioksidisammutin 5 kg Housegard"}]},{"@type":"WebSite","@id":"https:\/\/safetypartners.fi\/kauppa\/#website","url":"https:\/\/safetypartners.fi\/kauppa\/","name":"Safety Partners","description":"Safety Partners turvakauppa palvelee verkossa 24\/7!","publisher":{"@id":"https:\/\/safetypartners.fi\/kauppa\/#organization"},"potentialAction":[{"@type":"SearchAction","target":{"@type":"EntryPoint","urlTemplate":"https:\/\/safetypartners.fi\/kauppa\/?s={search_term_string}"},"query-input":{"@type":"PropertyValueSpecification","valueRequired":true,"valueName":"search_term_string"}}],"inLanguage":"fi"},{"@type":"Organization","@id":"https:\/\/safetypartners.fi\/kauppa\/#organization","name":"Safety Partners | Suomen Sammutinpalvelu","url":"https:\/\/safetypartners.fi\/kauppa\/","logo":{"@type":"ImageObject","inLanguage":"fi","@id":"https:\/\/safetypartners.fi\/kauppa\/#\/schema\/logo\/image\/","url":"https:\/\/safetypartners.fi\/kauppa\/wp-content\/uploads\/2020\/05\/cropped-Logoke-1.jpg","contentUrl":"https:\/\/safetypartners.fi\/kauppa\/wp-content\/uploads\/2020\/05\/cropped-Logoke-1.jpg","width":847,"height":717,"caption":"Safety Partners | Suomen Sammutinpalvelu"},"image":{"@id":"https:\/\/safetypartners.fi\/kauppa\/#\/schema\/logo\/image\/"}}]}},"uagb_featured_image_src":{"full":["https:\/\/safetypartners.fi\/kauppa\/wp-content\/uploads\/2022\/08\/Hiili-5kg_seethru_11247_pim-e1762507294370.png",1000,1500,false],"thumbnail":["https:\/\/safetypartners.fi\/kauppa\/wp-content\/uploads\/2022\/08\/Hiili-5kg_seethru_11247_pim-150x150.png",150,150,true],"medium":["https:\/\/safetypartners.fi\/kauppa\/wp-content\/uploads\/2022\/08\/Hiili-5kg_seethru_11247_pim-200x300.png",200,300,true],"medium_large":["https:\/\/safetypartners.fi\/kauppa\/wp-content\/uploads\/2022\/08\/Hiili-5kg_seethru_11247_pim-768x1152.png",768,1152,true],"large":["https:\/\/safetypartners.fi\/kauppa\/wp-content\/uploads\/2022\/08\/Hiili-5kg_seethru_11247_pim-683x1024.png",683,1024,true],"1536x1536":["https:\/\/safetypartners.fi\/kauppa\/wp-content\/uploads\/2022\/08\/Hiili-5kg_seethru_11247_pim-1024x1536.png",1024,1536,true],"2048x2048":["https:\/\/safetypartners.fi\/kauppa\/wp-content\/uploads\/2022\/08\/Hiili-5kg_seethru_11247_pim-1365x2048.png",1365,2048,true],"woocommerce_thumbnail":["https:\/\/safetypartners.fi\/kauppa\/wp-content\/uploads\/2022\/08\/Hiili-5kg_seethru_11247_pim-300x300.png",300,300,true],"woocommerce_single":["https:\/\/safetypartners.fi\/kauppa\/wp-content\/uploads\/2022\/08\/Hiili-5kg_seethru_11247_pim-600x900.png",600,900,true],"woocommerce_gallery_thumbnail":["https:\/\/safetypartners.fi\/kauppa\/wp-content\/uploads\/2022\/08\/Hiili-5kg_seethru_11247_pim-100x100.png",100,100,true]},"uagb_author_info":{"display_name":"Anu Lehto","author_link":"https:\/\/safetypartners.fi\/kauppa\/author"},"uagb_comment_info":1,"uagb_excerpt":"Housegardin 5kg hiilidioksidisammutin soveltuu erityisen hyvin s\u00e4hk\u00f6palojen sammutukseen, mutta tehoaa my\u00f6s nestepaloihin. Hiilidioksidisammutin tukahduttaa palot puhtaasti, mik\u00e4 helpottaa j\u00e4lkisiivousta. Suosittelemme t\u00e4t\u00e4 sammutinta muun muassa s\u00e4hk\u00f6huoneisiin, serverikeskuksiin, konttoreihin ja julkisen sektorin suurin tiloihin, kuten sairaaloihin. Lue lis\u00e4\u00e4 CO2-sammuttimesta t\u00e4\u00e4lt\u00e4. Viisikiloinen CO2-sammutin painaa kaikkineen 15kg ja on 68cm korkea. Kevyemm\u00e4n ja pienemm\u00e4n kaksikiloisen pikkuveljen l\u00f6yd\u00e4t t\u00e4\u00e4lt\u00e4. Huom:&hellip;","_links":{"self":[{"href":"https:\/\/safetypartners.fi\/kauppa\/wp-json\/wp\/v2\/product\/780","targetHints":{"allow":["GET"]}}],"collection":[{"href":"https:\/\/safetypartners.fi\/kauppa\/wp-json\/wp\/v2\/product"}],"about":[{"href":"https:\/\/safetypartners.fi\/kauppa\/wp-json\/wp\/v2\/types\/product"}],"replies":[{"embeddable":true,"href":"https:\/\/safetypartners.fi\/kauppa\/wp-json\/wp\/v2\/comments?post=780"}],"version-history":[{"count":13,"href":"https:\/\/safetypartners.fi\/kauppa\/wp-json\/wp\/v2\/product\/780\/revisions"}],"predecessor-version":[{"id":824,"href":"https:\/\/safetypartners.fi\/kauppa\/wp-json\/wp\/v2\/product\/780\/revisions\/824"}],"wp:featuredmedia":[{"embeddable":true,"href":"https:\/\/safetypartners.fi\/kauppa\/wp-json\/wp\/v2\/media\/877"}],"wp:attachment":[{"href":"https:\/\/safetypartners.fi\/kauppa\/wp-json\/wp\/v2\/media?parent=780"}],"wp:term":[{"taxonomy":"product_brand","embeddable":true,"href":"https:\/\/safetypartners.fi\/kauppa\/wp-json\/wp\/v2\/product_brand?post=780"},{"taxonomy":"product_cat","embeddable":true,"href":"https:\/\/safetypartners.fi\/kauppa\/wp-json\/wp\/v2\/product_cat?post=780"},{"taxonomy":"product_tag","embeddable":true,"href":"https:\/\/safetypartners.fi\/kauppa\/wp-json\/wp\/v2\/product_tag?post=780"}],"curies":[{"name":"wp","href":"https:\/\/api.w.org\/{rel}","templated":true}]}}