{"id":782,"date":"2022-08-16T13:36:17","date_gmt":"2022-08-16T10:36:17","guid":{"rendered":"https:\/\/safetypartners.fi\/kauppa\/?post_type=product&#038;p=782"},"modified":"2025-11-14T11:53:11","modified_gmt":"2025-11-14T09:53:11","slug":"avd-sammutin-litiumioniakkupaloihin-6l-lithex6","status":"publish","type":"product","link":"https:\/\/safetypartners.fi\/kauppa\/tuote\/avd-sammutin-litiumioniakkupaloihin-6l-lithex6","title":{"rendered":"AVD-sammutin litiumioniakkupaloihin 6L, LITHEX6"},"content":{"rendered":"<p>CGS-sammuttimet valmistetaan laadukkaasta ter\u00e4ksest\u00e4 ja ne on suunniteltu kest\u00e4m\u00e4\u00e4n vaativia olosuhteita. Venttiileiss\u00e4 ja kahvoissa k\u00e4ytet\u00e4\u00e4n ruostumattomia materiaaleja, mik\u00e4 takaa korkean korroosionkest\u00e4vyyden. Sammutin on vapaa sek\u00e4 PFAS-yhdisteist\u00e4 ett\u00e4 tensideist\u00e4.<\/p>\n<ul>\n<li><span class=\"data\" data-th=\"Korkeus\">Malli<\/span>: CGS LITHEX6<\/li>\n<li>Tyyppi: 6L AVD litiumioniakkupaloille<\/li>\n<li>Paloluokitus: 13A (koskee vain tavallisia A-luokan paloja)<\/li>\n<li>Toimintal\u00e4mp\u00f6tila: +5\u00b0C \/ +60 \u00b0C<\/li>\n<\/ul>\n<p><strong>AVD-sammutusaine<\/strong><\/p>\n<p>Litiumioniakkujen yh\u00e4 yleistyess\u00e4 sammutusmenetelmien tulee kehitty\u00e4 niiden rinnalla. Perinteisill\u00e4 jauhesammuttimilla litiumioniakkupaloja on k\u00e4yt\u00e4nn\u00f6ss\u00e4 mahdotonta saada sammumaan, eik\u00e4 vaahtosammuttimenkaan j\u00e4\u00e4hdytysteho usein riit\u00e4.<\/p>\n<p>AVD-sammutusaine (=Aqueous Vermiculite Dispersion) luo akulle j\u00e4\u00e4hdytt\u00e4v\u00e4n kuoren, pieni\u00e4 mineraalihiukkasia sis\u00e4lt\u00e4v\u00e4\u00e4 vesipohjaista seosta hy\u00f6dyt\u00e4en. AVD:ll\u00e4 on erinomainen pystysuuntainen tarttuvuus, mink\u00e4 ansiosta se j\u00e4\u00e4hdytt\u00e4\u00e4 my\u00f6s pystysuoria pintoja, joilta muut sammutusaineet valuvat nopeasti pois.\u00a0Vermikuliittiseos kest\u00e4\u00e4 jopa yli 1000\u00b0C\u00a0 l\u00e4mp\u00f6tiloja ja n\u00e4in keraamisen kuoren kaltainen AVD-kalvo s\u00e4ilyy ehj\u00e4n\u00e4 vaikeimmissakin sammutustilanteissa. Sammutusaine sopii my\u00f6s suojaamaan palavan akun ymp\u00e4rist\u00f6\u00e4, ja n\u00e4in tulipalon aiheuttamaa vahinkoa voidaan v\u00e4hent\u00e4\u00e4.<\/p>\n<p>Riskikohteisiin kehitetty AVD-sammutin torjuu tehokkaasti palot nimenomaan niiden alkuvaiheessa. Litiumioniakut ovat yleistyneet henkil\u00f6kohtaisissa elektronisissa laitteissa, kuten matkapuhelimissa, tableteissa, RC-tuotteissa ja leluissa. Katukuvassakin tihe\u00e4sti n\u00e4kyv\u00e4t s\u00e4hk\u00f6polkupy\u00f6r\u00e4t sek\u00e4 -potkulaudat k\u00e4ytt\u00e4v\u00e4t nekin litiumioniakkuja.<\/p>\n<p>S\u00e4hk\u00f6autojen litiumioniakkujen sammuttamiseen eiv\u00e4t k\u00e4sisammuttimet ole kuitenkaan riitt\u00e4vi\u00e4. Ensisijaisesti h\u00e4lyt\u00e4 aina paikalle palokunta &#8211; omin keinoin emme suosittele s\u00e4hk\u00f6autojen sammuttamista kokeilemaan. S\u00e4hk\u00f6autoja tulisi s\u00e4ilytt\u00e4\u00e4 paikoissa, joissa ne eiv\u00e4t palaessaan ole vaaraksi ymp\u00e4rist\u00f6lleen.<\/p>\n<p><strong><br \/>\nHUOMIOI, ett\u00e4 sammuttajan turvallisuus on aina ensisijaisen t\u00e4rke\u00e4\u00e4. Mik\u00e4li akusta sinkoilee palavia heitteit\u00e4, tai joudut hengitt\u00e4m\u00e4\u00e4n palossa muodostuvia kaasuja, poistu turvaan, \u00c4L\u00c4 YRIT\u00c4 SAMMUTUSTA ITSE, vaan h\u00e4lyt\u00e4 v\u00e4litt\u00f6m\u00e4sti apua.<\/strong><\/p>\n<p><strong>HUOM<\/strong>: Mik\u00e4li tilaat yhden sammuttimen lis\u00e4ksi jonkin muun tuotteen, tilaus on yleens\u00e4 toimitettava monipakettil\u00e4hetyksen\u00e4. Matkahuollon pakettiautomaattiin ei voi ohjata usean paketin l\u00e4hetyst\u00e4, joten huomioithan t\u00e4m\u00e4n noutopistett\u00e4 valitessasi.<\/p>\n","protected":false},"excerpt":{"rendered":"<p><strong>AVD-k\u00e4sisammutin<\/strong> on suunniteltu erityisesti litiumioniakkupalojen sammuttamiseen. Sammutin on testattu ja hyv\u00e4ksytty standardin EN3-7 mukaisesti. Maksimaalinen suorituskyky ja korkea laatu ovat t\u00e4m\u00e4n vermikuliittiliuosta sis\u00e4lt\u00e4v\u00e4n AVD-sammuttimen valtteja. Sammutin soveltuu kiinteiden metallien ja litiumioniakkujen paloihin, joiden kapasiteetti on enint\u00e4\u00e4n 500 Wh. N\u00e4ihin lukeutuvat mm. s\u00e4hk\u00f6ty\u00f6kalut, s\u00e4hk\u00f6skootterit ja akkujen ker\u00e4yspisteet.<\/p>\n<p>Litiumioniakkupalosammutin on hyv\u00e4 lis\u00e4 muiden sammuttimien rinnalle my\u00f6s ty\u00f6paikoilla, miss\u00e4 elektronisia laitteita k\u00e4ytet\u00e4\u00e4n runsaasti. Isot toimistot, hotellit, sairaalat, suuret ajoneuvot, satamat, tutkimuslaitokset ja lentokoneet hy\u00f6tyv\u00e4t Li-ion-sammuttimesta. Kotona, veneess\u00e4, asuntovaunussa ja matkailuautossa AVD-sammutin tukahduttaa tehokkaasti matkapuhelimista, tietokoneista tai muista litiumioniakuista alkavia tulipaloja. Liekkien torjuminen varhaisessa vaiheessa on ratkaisevaa.<\/p>\n<p>Sammutusaine suositellaan vaihdettavan viiden vuoden v\u00e4lein. Katso my\u00f6s muut valikoimamme <a href=\"https:\/\/safetypartners.fi\/kauppa\/?s=LITHEX&amp;post_type=product&amp;type_aws=true\"><strong>AVD-sammutinkoot<\/strong><\/a>.<\/p>\n<p><strong>Huom: <\/strong><strong>T\u00e4ll\u00e4 sammuttimella on 5-7 ty\u00f6p\u00e4iv\u00e4n toimitusaika.\u00a0<\/strong><strong>Kaikki sammuttimemme saapuvat meilt\u00e4 sinulle valmiiksi tarkastettuina. Mik\u00e4li kaipaat tarjousta yli viidest\u00e4 AVD-sammuttimesta, olethan meihin suoraan <a href=\"https:\/\/safetypartners.fi\/ota-yhteytta\/\">yhteyksiss\u00e4<\/a>.<\/strong><\/p>\n","protected":false},"featured_media":2844,"comment_status":"open","ping_status":"closed","template":"","meta":{"_uag_custom_page_level_css":"","site-sidebar-layout":"default","site-content-layout":"default","ast-site-content-layout":"default","site-content-style":"default","site-sidebar-style":"default","ast-global-header-display":"","ast-banner-title-visibility":"","ast-main-header-display":"","ast-hfb-above-header-display":"","ast-hfb-below-header-display":"","ast-hfb-mobile-header-display":"","site-post-title":"","ast-breadcrumbs-content":"","ast-featured-img":"","footer-sml-layout":"","ast-disable-related-posts":"","theme-transparent-header-meta":"default","adv-header-id-meta":"","stick-header-meta":"default","header-above-stick-meta":"","header-main-stick-meta":"","header-below-stick-meta":"","astra-migrate-meta-layouts":"set","ast-page-background-enabled":"default","ast-page-background-meta":{"desktop":{"background-color":"","background-image":"","background-repeat":"repeat","background-position":"center center","background-size":"auto","background-attachment":"scroll","background-type":"","background-media":"","overlay-type":"","overlay-color":"","overlay-opacity":"","overlay-gradient":""},"tablet":{"background-color":"","background-image":"","background-repeat":"repeat","background-position":"center center","background-size":"auto","background-attachment":"scroll","background-type":"","background-media":"","overlay-type":"","overlay-color":"","overlay-opacity":"","overlay-gradient":""},"mobile":{"background-color":"","background-image":"","background-repeat":"repeat","background-position":"center center","background-size":"auto","background-attachment":"scroll","background-type":"","background-media":"","overlay-type":"","overlay-color":"","overlay-opacity":"","overlay-gradient":""}},"ast-content-background-meta":{"desktop":{"background-color":"var(--ast-global-color-5)","background-image":"","background-repeat":"repeat","background-position":"center center","background-size":"auto","background-attachment":"scroll","background-type":"","background-media":"","overlay-type":"","overlay-color":"","overlay-opacity":"","overlay-gradient":""},"tablet":{"background-color":"var(--ast-global-color-5)","background-image":"","background-repeat":"repeat","background-position":"center center","background-size":"auto","background-attachment":"scroll","background-type":"","background-media":"","overlay-type":"","overlay-color":"","overlay-opacity":"","overlay-gradient":""},"mobile":{"background-color":"var(--ast-global-color-5)","background-image":"","background-repeat":"repeat","background-position":"center center","background-size":"auto","background-attachment":"scroll","background-type":"","background-media":"","overlay-type":"","overlay-color":"","overlay-opacity":"","overlay-gradient":""}}},"product_brand":[],"product_cat":[15,43,217],"product_tag":[279,274,117,1024,659,275,1193,1228,1023,603,109,1022,634,278],"class_list":{"0":"post-782","1":"product","2":"type-product","3":"status-publish","4":"has-post-thumbnail","6":"product_cat-yleinen","7":"product_cat-sahkoturvallisuus","8":"product_cat-sammuttimet","9":"product_tag-akkupalo","10":"product_tag-avd-sammutin","11":"product_tag-kasisammutin","12":"product_tag-lithex6","13":"product_tag-litium","14":"product_tag-litiumioniakkupalo","15":"product_tag-litiumioniakkupalosammutin","16":"product_tag-palosammutin","17":"product_tag-sahkolaite","18":"product_tag-sahkopalo","19":"product_tag-sammutin","20":"product_tag-tarkastettu","21":"product_tag-tulipalo","22":"product_tag-vermikuliitti","23":"product_shipping_class-suomi","24":"desktop-align-center","25":"tablet-align-center","26":"mobile-align-center","27":"ast-product-gallery-layout-horizontal-slider","28":"ast-product-tabs-layout-horizontal","30":"first","31":"instock","32":"taxable","33":"shipping-taxable","34":"purchasable","35":"product-type-simple"},"yoast_head":"<!-- This site is optimized with the Yoast SEO plugin v27.3 - https:\/\/yoast.com\/product\/yoast-seo-wordpress\/ -->\n<title>AVD-sammutin litiumioniakkupaloihin 6L, LITHEX6 - Safety Partners<\/title>\n<meta name=\"description\" content=\"Erityisesti litiumioniakkupalojen sammuttamiseen suunniteltu k\u00e4sisammutin. Litiumioniakut ovat yleisi\u00e4 k\u00e4nnyk\u00f6iss\u00e4, tableteissa, s\u00e4hk\u00f6py\u00f6riss\u00e4 ja leluissa.\" \/>\n<meta name=\"robots\" content=\"index, follow, max-snippet:-1, max-image-preview:large, max-video-preview:-1\" \/>\n<link rel=\"canonical\" href=\"https:\/\/safetypartners.fi\/kauppa\/tuote\/avd-sammutin-litiumioniakkupaloihin-6l-lithex6\" \/>\n<meta property=\"og:locale\" content=\"fi_FI\" \/>\n<meta property=\"og:type\" content=\"article\" \/>\n<meta property=\"og:title\" content=\"AVD-sammutin litiumioniakkupaloihin 6L, LITHEX6 - Safety Partners\" \/>\n<meta property=\"og:description\" content=\"Erityisesti litiumioniakkupalojen sammuttamiseen suunniteltu k\u00e4sisammutin. Litiumioniakut ovat yleisi\u00e4 k\u00e4nnyk\u00f6iss\u00e4, tableteissa, s\u00e4hk\u00f6py\u00f6riss\u00e4 ja leluissa.\" \/>\n<meta property=\"og:url\" content=\"https:\/\/safetypartners.fi\/kauppa\/tuote\/avd-sammutin-litiumioniakkupaloihin-6l-lithex6\" \/>\n<meta property=\"og:site_name\" content=\"Safety Partners\" \/>\n<meta property=\"article:modified_time\" content=\"2025-11-14T09:53:11+00:00\" \/>\n<meta property=\"og:image\" content=\"https:\/\/safetypartners.fi\/kauppa\/wp-content\/uploads\/2022\/08\/CGS-AVD-palosammutin-6-litraa-LITHEX6.png\" \/>\n\t<meta property=\"og:image:width\" content=\"1000\" \/>\n\t<meta property=\"og:image:height\" content=\"1310\" \/>\n\t<meta property=\"og:image:type\" content=\"image\/png\" \/>\n<meta name=\"twitter:card\" content=\"summary_large_image\" \/>\n<meta name=\"twitter:label1\" content=\"Arvioitu lukuaika\" \/>\n\t<meta name=\"twitter:data1\" content=\"2 minuuttia\" \/>\n<script type=\"application\/ld+json\" class=\"yoast-schema-graph\">{\"@context\":\"https:\\\/\\\/schema.org\",\"@graph\":[{\"@type\":\"WebPage\",\"@id\":\"https:\\\/\\\/safetypartners.fi\\\/kauppa\\\/tuote\\\/avd-sammutin-litiumioniakkupaloihin-6l-lithex6\",\"url\":\"https:\\\/\\\/safetypartners.fi\\\/kauppa\\\/tuote\\\/avd-sammutin-litiumioniakkupaloihin-6l-lithex6\",\"name\":\"AVD-sammutin litiumioniakkupaloihin 6L, LITHEX6 - Safety Partners\",\"isPartOf\":{\"@id\":\"https:\\\/\\\/safetypartners.fi\\\/kauppa\\\/#website\"},\"primaryImageOfPage\":{\"@id\":\"https:\\\/\\\/safetypartners.fi\\\/kauppa\\\/tuote\\\/avd-sammutin-litiumioniakkupaloihin-6l-lithex6#primaryimage\"},\"image\":{\"@id\":\"https:\\\/\\\/safetypartners.fi\\\/kauppa\\\/tuote\\\/avd-sammutin-litiumioniakkupaloihin-6l-lithex6#primaryimage\"},\"thumbnailUrl\":\"https:\\\/\\\/safetypartners.fi\\\/kauppa\\\/wp-content\\\/uploads\\\/2022\\\/08\\\/CGS-AVD-palosammutin-6-litraa-LITHEX6.png\",\"datePublished\":\"2022-08-16T10:36:17+00:00\",\"dateModified\":\"2025-11-14T09:53:11+00:00\",\"description\":\"Erityisesti litiumioniakkupalojen sammuttamiseen suunniteltu k\u00e4sisammutin. Litiumioniakut ovat yleisi\u00e4 k\u00e4nnyk\u00f6iss\u00e4, tableteissa, s\u00e4hk\u00f6py\u00f6riss\u00e4 ja leluissa.\",\"breadcrumb\":{\"@id\":\"https:\\\/\\\/safetypartners.fi\\\/kauppa\\\/tuote\\\/avd-sammutin-litiumioniakkupaloihin-6l-lithex6#breadcrumb\"},\"inLanguage\":\"fi\",\"potentialAction\":[{\"@type\":\"ReadAction\",\"target\":[\"https:\\\/\\\/safetypartners.fi\\\/kauppa\\\/tuote\\\/avd-sammutin-litiumioniakkupaloihin-6l-lithex6\"]}]},{\"@type\":\"ImageObject\",\"inLanguage\":\"fi\",\"@id\":\"https:\\\/\\\/safetypartners.fi\\\/kauppa\\\/tuote\\\/avd-sammutin-litiumioniakkupaloihin-6l-lithex6#primaryimage\",\"url\":\"https:\\\/\\\/safetypartners.fi\\\/kauppa\\\/wp-content\\\/uploads\\\/2022\\\/08\\\/CGS-AVD-palosammutin-6-litraa-LITHEX6.png\",\"contentUrl\":\"https:\\\/\\\/safetypartners.fi\\\/kauppa\\\/wp-content\\\/uploads\\\/2022\\\/08\\\/CGS-AVD-palosammutin-6-litraa-LITHEX6.png\",\"width\":1000,\"height\":1310,\"caption\":\"Litiumioniakkusammutin s\u00e4hk\u00f6paloille\"},{\"@type\":\"BreadcrumbList\",\"@id\":\"https:\\\/\\\/safetypartners.fi\\\/kauppa\\\/tuote\\\/avd-sammutin-litiumioniakkupaloihin-6l-lithex6#breadcrumb\",\"itemListElement\":[{\"@type\":\"ListItem\",\"position\":1,\"name\":\"Home\",\"item\":\"https:\\\/\\\/safetypartners.fi\\\/kauppa\\\/\"},{\"@type\":\"ListItem\",\"position\":2,\"name\":\"Kauppa\",\"item\":\"https:\\\/\\\/safetypartners.fi\\\/kauppa\\\/kauppa\"},{\"@type\":\"ListItem\",\"position\":3,\"name\":\"AVD-sammutin litiumioniakkupaloihin 6L, LITHEX6\"}]},{\"@type\":\"WebSite\",\"@id\":\"https:\\\/\\\/safetypartners.fi\\\/kauppa\\\/#website\",\"url\":\"https:\\\/\\\/safetypartners.fi\\\/kauppa\\\/\",\"name\":\"Safety Partners\",\"description\":\"Safety Partners turvakauppa palvelee verkossa 24\\\/7!\",\"publisher\":{\"@id\":\"https:\\\/\\\/safetypartners.fi\\\/kauppa\\\/#organization\"},\"potentialAction\":[{\"@type\":\"SearchAction\",\"target\":{\"@type\":\"EntryPoint\",\"urlTemplate\":\"https:\\\/\\\/safetypartners.fi\\\/kauppa\\\/?s={search_term_string}\"},\"query-input\":{\"@type\":\"PropertyValueSpecification\",\"valueRequired\":true,\"valueName\":\"search_term_string\"}}],\"inLanguage\":\"fi\"},{\"@type\":\"Organization\",\"@id\":\"https:\\\/\\\/safetypartners.fi\\\/kauppa\\\/#organization\",\"name\":\"Safety Partners | Suomen Sammutinpalvelu\",\"url\":\"https:\\\/\\\/safetypartners.fi\\\/kauppa\\\/\",\"logo\":{\"@type\":\"ImageObject\",\"inLanguage\":\"fi\",\"@id\":\"https:\\\/\\\/safetypartners.fi\\\/kauppa\\\/#\\\/schema\\\/logo\\\/image\\\/\",\"url\":\"https:\\\/\\\/safetypartners.fi\\\/kauppa\\\/wp-content\\\/uploads\\\/2020\\\/05\\\/cropped-Logoke-1.jpg\",\"contentUrl\":\"https:\\\/\\\/safetypartners.fi\\\/kauppa\\\/wp-content\\\/uploads\\\/2020\\\/05\\\/cropped-Logoke-1.jpg\",\"width\":847,\"height\":717,\"caption\":\"Safety Partners | Suomen Sammutinpalvelu\"},\"image\":{\"@id\":\"https:\\\/\\\/safetypartners.fi\\\/kauppa\\\/#\\\/schema\\\/logo\\\/image\\\/\"}}]}<\/script>\n<!-- \/ Yoast SEO plugin. -->","yoast_head_json":{"title":"AVD-sammutin litiumioniakkupaloihin 6L, LITHEX6 - Safety Partners","description":"Erityisesti litiumioniakkupalojen sammuttamiseen suunniteltu k\u00e4sisammutin. Litiumioniakut ovat yleisi\u00e4 k\u00e4nnyk\u00f6iss\u00e4, tableteissa, s\u00e4hk\u00f6py\u00f6riss\u00e4 ja leluissa.","robots":{"index":"index","follow":"follow","max-snippet":"max-snippet:-1","max-image-preview":"max-image-preview:large","max-video-preview":"max-video-preview:-1"},"canonical":"https:\/\/safetypartners.fi\/kauppa\/tuote\/avd-sammutin-litiumioniakkupaloihin-6l-lithex6","og_locale":"fi_FI","og_type":"article","og_title":"AVD-sammutin litiumioniakkupaloihin 6L, LITHEX6 - Safety Partners","og_description":"Erityisesti litiumioniakkupalojen sammuttamiseen suunniteltu k\u00e4sisammutin. Litiumioniakut ovat yleisi\u00e4 k\u00e4nnyk\u00f6iss\u00e4, tableteissa, s\u00e4hk\u00f6py\u00f6riss\u00e4 ja leluissa.","og_url":"https:\/\/safetypartners.fi\/kauppa\/tuote\/avd-sammutin-litiumioniakkupaloihin-6l-lithex6","og_site_name":"Safety Partners","article_modified_time":"2025-11-14T09:53:11+00:00","og_image":[{"width":1000,"height":1310,"url":"https:\/\/safetypartners.fi\/kauppa\/wp-content\/uploads\/2022\/08\/CGS-AVD-palosammutin-6-litraa-LITHEX6.png","type":"image\/png"}],"twitter_card":"summary_large_image","twitter_misc":{"Arvioitu lukuaika":"2 minuuttia"},"schema":{"@context":"https:\/\/schema.org","@graph":[{"@type":"WebPage","@id":"https:\/\/safetypartners.fi\/kauppa\/tuote\/avd-sammutin-litiumioniakkupaloihin-6l-lithex6","url":"https:\/\/safetypartners.fi\/kauppa\/tuote\/avd-sammutin-litiumioniakkupaloihin-6l-lithex6","name":"AVD-sammutin litiumioniakkupaloihin 6L, LITHEX6 - Safety Partners","isPartOf":{"@id":"https:\/\/safetypartners.fi\/kauppa\/#website"},"primaryImageOfPage":{"@id":"https:\/\/safetypartners.fi\/kauppa\/tuote\/avd-sammutin-litiumioniakkupaloihin-6l-lithex6#primaryimage"},"image":{"@id":"https:\/\/safetypartners.fi\/kauppa\/tuote\/avd-sammutin-litiumioniakkupaloihin-6l-lithex6#primaryimage"},"thumbnailUrl":"https:\/\/safetypartners.fi\/kauppa\/wp-content\/uploads\/2022\/08\/CGS-AVD-palosammutin-6-litraa-LITHEX6.png","datePublished":"2022-08-16T10:36:17+00:00","dateModified":"2025-11-14T09:53:11+00:00","description":"Erityisesti litiumioniakkupalojen sammuttamiseen suunniteltu k\u00e4sisammutin. Litiumioniakut ovat yleisi\u00e4 k\u00e4nnyk\u00f6iss\u00e4, tableteissa, s\u00e4hk\u00f6py\u00f6riss\u00e4 ja leluissa.","breadcrumb":{"@id":"https:\/\/safetypartners.fi\/kauppa\/tuote\/avd-sammutin-litiumioniakkupaloihin-6l-lithex6#breadcrumb"},"inLanguage":"fi","potentialAction":[{"@type":"ReadAction","target":["https:\/\/safetypartners.fi\/kauppa\/tuote\/avd-sammutin-litiumioniakkupaloihin-6l-lithex6"]}]},{"@type":"ImageObject","inLanguage":"fi","@id":"https:\/\/safetypartners.fi\/kauppa\/tuote\/avd-sammutin-litiumioniakkupaloihin-6l-lithex6#primaryimage","url":"https:\/\/safetypartners.fi\/kauppa\/wp-content\/uploads\/2022\/08\/CGS-AVD-palosammutin-6-litraa-LITHEX6.png","contentUrl":"https:\/\/safetypartners.fi\/kauppa\/wp-content\/uploads\/2022\/08\/CGS-AVD-palosammutin-6-litraa-LITHEX6.png","width":1000,"height":1310,"caption":"Litiumioniakkusammutin s\u00e4hk\u00f6paloille"},{"@type":"BreadcrumbList","@id":"https:\/\/safetypartners.fi\/kauppa\/tuote\/avd-sammutin-litiumioniakkupaloihin-6l-lithex6#breadcrumb","itemListElement":[{"@type":"ListItem","position":1,"name":"Home","item":"https:\/\/safetypartners.fi\/kauppa\/"},{"@type":"ListItem","position":2,"name":"Kauppa","item":"https:\/\/safetypartners.fi\/kauppa\/kauppa"},{"@type":"ListItem","position":3,"name":"AVD-sammutin litiumioniakkupaloihin 6L, LITHEX6"}]},{"@type":"WebSite","@id":"https:\/\/safetypartners.fi\/kauppa\/#website","url":"https:\/\/safetypartners.fi\/kauppa\/","name":"Safety Partners","description":"Safety Partners turvakauppa palvelee verkossa 24\/7!","publisher":{"@id":"https:\/\/safetypartners.fi\/kauppa\/#organization"},"potentialAction":[{"@type":"SearchAction","target":{"@type":"EntryPoint","urlTemplate":"https:\/\/safetypartners.fi\/kauppa\/?s={search_term_string}"},"query-input":{"@type":"PropertyValueSpecification","valueRequired":true,"valueName":"search_term_string"}}],"inLanguage":"fi"},{"@type":"Organization","@id":"https:\/\/safetypartners.fi\/kauppa\/#organization","name":"Safety Partners | Suomen Sammutinpalvelu","url":"https:\/\/safetypartners.fi\/kauppa\/","logo":{"@type":"ImageObject","inLanguage":"fi","@id":"https:\/\/safetypartners.fi\/kauppa\/#\/schema\/logo\/image\/","url":"https:\/\/safetypartners.fi\/kauppa\/wp-content\/uploads\/2020\/05\/cropped-Logoke-1.jpg","contentUrl":"https:\/\/safetypartners.fi\/kauppa\/wp-content\/uploads\/2020\/05\/cropped-Logoke-1.jpg","width":847,"height":717,"caption":"Safety Partners | Suomen Sammutinpalvelu"},"image":{"@id":"https:\/\/safetypartners.fi\/kauppa\/#\/schema\/logo\/image\/"}}]}},"uagb_featured_image_src":{"full":["https:\/\/safetypartners.fi\/kauppa\/wp-content\/uploads\/2022\/08\/CGS-AVD-palosammutin-6-litraa-LITHEX6.png",1000,1310,false],"thumbnail":["https:\/\/safetypartners.fi\/kauppa\/wp-content\/uploads\/2022\/08\/CGS-AVD-palosammutin-6-litraa-LITHEX6-150x150.png",150,150,true],"medium":["https:\/\/safetypartners.fi\/kauppa\/wp-content\/uploads\/2022\/08\/CGS-AVD-palosammutin-6-litraa-LITHEX6-229x300.png",229,300,true],"medium_large":["https:\/\/safetypartners.fi\/kauppa\/wp-content\/uploads\/2022\/08\/CGS-AVD-palosammutin-6-litraa-LITHEX6-768x1006.png",768,1006,true],"large":["https:\/\/safetypartners.fi\/kauppa\/wp-content\/uploads\/2022\/08\/CGS-AVD-palosammutin-6-litraa-LITHEX6-782x1024.png",782,1024,true],"1536x1536":["https:\/\/safetypartners.fi\/kauppa\/wp-content\/uploads\/2022\/08\/CGS-AVD-palosammutin-6-litraa-LITHEX6.png",1000,1310,false],"2048x2048":["https:\/\/safetypartners.fi\/kauppa\/wp-content\/uploads\/2022\/08\/CGS-AVD-palosammutin-6-litraa-LITHEX6.png",1000,1310,false],"woocommerce_thumbnail":["https:\/\/safetypartners.fi\/kauppa\/wp-content\/uploads\/2022\/08\/CGS-AVD-palosammutin-6-litraa-LITHEX6-300x300.png",300,300,true],"woocommerce_single":["https:\/\/safetypartners.fi\/kauppa\/wp-content\/uploads\/2022\/08\/CGS-AVD-palosammutin-6-litraa-LITHEX6-600x786.png",600,786,true],"woocommerce_gallery_thumbnail":["https:\/\/safetypartners.fi\/kauppa\/wp-content\/uploads\/2022\/08\/CGS-AVD-palosammutin-6-litraa-LITHEX6-100x100.png",100,100,true]},"uagb_author_info":{"display_name":"Anu Lehto","author_link":"https:\/\/safetypartners.fi\/kauppa\/author"},"uagb_comment_info":1,"uagb_excerpt":"AVD-k\u00e4sisammutin on suunniteltu erityisesti litiumioniakkupalojen sammuttamiseen. Sammutin on testattu ja hyv\u00e4ksytty standardin EN3-7 mukaisesti. Maksimaalinen suorituskyky ja korkea laatu ovat t\u00e4m\u00e4n vermikuliittiliuosta sis\u00e4lt\u00e4v\u00e4n AVD-sammuttimen valtteja. Sammutin soveltuu kiinteiden metallien ja litiumioniakkujen paloihin, joiden kapasiteetti on enint\u00e4\u00e4n 500 Wh. N\u00e4ihin lukeutuvat mm. s\u00e4hk\u00f6ty\u00f6kalut, s\u00e4hk\u00f6skootterit ja akkujen ker\u00e4yspisteet. Litiumioniakkupalosammutin on hyv\u00e4 lis\u00e4 muiden sammuttimien rinnalle my\u00f6s ty\u00f6paikoilla,&hellip;","_links":{"self":[{"href":"https:\/\/safetypartners.fi\/kauppa\/wp-json\/wp\/v2\/product\/782","targetHints":{"allow":["GET"]}}],"collection":[{"href":"https:\/\/safetypartners.fi\/kauppa\/wp-json\/wp\/v2\/product"}],"about":[{"href":"https:\/\/safetypartners.fi\/kauppa\/wp-json\/wp\/v2\/types\/product"}],"replies":[{"embeddable":true,"href":"https:\/\/safetypartners.fi\/kauppa\/wp-json\/wp\/v2\/comments?post=782"}],"version-history":[{"count":8,"href":"https:\/\/safetypartners.fi\/kauppa\/wp-json\/wp\/v2\/product\/782\/revisions"}],"predecessor-version":[{"id":2921,"href":"https:\/\/safetypartners.fi\/kauppa\/wp-json\/wp\/v2\/product\/782\/revisions\/2921"}],"wp:featuredmedia":[{"embeddable":true,"href":"https:\/\/safetypartners.fi\/kauppa\/wp-json\/wp\/v2\/media\/2844"}],"wp:attachment":[{"href":"https:\/\/safetypartners.fi\/kauppa\/wp-json\/wp\/v2\/media?parent=782"}],"wp:term":[{"taxonomy":"product_brand","embeddable":true,"href":"https:\/\/safetypartners.fi\/kauppa\/wp-json\/wp\/v2\/product_brand?post=782"},{"taxonomy":"product_cat","embeddable":true,"href":"https:\/\/safetypartners.fi\/kauppa\/wp-json\/wp\/v2\/product_cat?post=782"},{"taxonomy":"product_tag","embeddable":true,"href":"https:\/\/safetypartners.fi\/kauppa\/wp-json\/wp\/v2\/product_tag?post=782"}],"curies":[{"name":"wp","href":"https:\/\/api.w.org\/{rel}","templated":true}]}}