{"id":783,"date":"2022-08-16T13:36:17","date_gmt":"2022-08-16T10:36:17","guid":{"rendered":"https:\/\/safetypartners.fi\/kauppa\/?post_type=product&#038;p=783"},"modified":"2026-02-26T14:46:11","modified_gmt":"2026-02-26T12:46:11","slug":"sammutusspray-lith-ex-avd-500ml","status":"publish","type":"product","link":"https:\/\/safetypartners.fi\/kauppa\/tuote\/sammutusspray-lith-ex-avd-500ml","title":{"rendered":"Sammutusspray Lith-EX AVD, 500ml"},"content":{"rendered":"<p><strong>Lith-Ex-sammuttimessa k\u00e4ytet\u00e4\u00e4n ymp\u00e4rist\u00f6yst\u00e4v\u00e4llist\u00e4 sammutusainetta AVD, joka on valmistettu luonnossa esiintyv\u00e4st\u00e4 vermikuliitista. Ponnekaasuna toimii typpi.<\/strong><\/p>\n<p><strong>Lith-EX sammutusspray<\/strong> torjuu palot nimenomaan niiden alkaessa. Sammutusainetta voi k\u00e4ytt\u00e4\u00e4 my\u00f6s suojaamaan palavan akun ymp\u00e4rist\u00f6\u00e4, jolloin aiheutunut vahinko v\u00e4henee. Sammutussuihke on tarkoitettu pienempien laitteiden ja akkujen alkusammutukseen. Mm. s\u00e4hk\u00f6autojen litiumioniakkuja emme suosittele sammutettavan k\u00e4sisammuttimilla. T\u00e4rkeint\u00e4 on huolehtia, ett\u00e4 s\u00e4hk\u00f6autoja s\u00e4ilytet\u00e4\u00e4n paikoissa, joissa ne eiv\u00e4t palaessaan ole vaaraksi ymp\u00e4rist\u00f6lleen.<\/p>\n<p><strong>Sammuttajan turvallisuus on ensisijaisen t\u00e4rke\u00e4\u00e4: mik\u00e4li akusta sinkoilee palavia heitteit\u00e4, \u00e4l\u00e4 yrit\u00e4 sammutusta itse, vaan poistu turvaan ja h\u00e4lyt\u00e4 apua.<\/strong><\/p>\n<p>Tuotetiedot<\/p>\n<ul>\n<li>Testattu ZSW-normin mukaisesti korkeintaan 60 Wh:n litiumioniakuille<\/li>\n<li>Turvallinen s\u00e4hk\u00f6laitteille \u2013 eristyshyv\u00e4ksytty 35 kV:n j\u00e4nnitteell\u00e4<\/li>\n<li>Sammuttaa A-luokan tulipaloja<\/li>\n<li>Sammutusaineena AVD-Li \u2013 ponneaineena typpikaasu<\/li>\n<li>Paineluokitus 12 baaria<\/li>\n<li>Helppok\u00e4ytt\u00f6inen, hallittu tyhjeneminen<\/li>\n<li>Kaasutiivistetty tehtaalla, s\u00e4ilytt\u00e4\u00e4 paineen<\/li>\n<li>Huoltovapaa<\/li>\n<li>Ymp\u00e4rist\u00f6yst\u00e4v\u00e4llinen, myrkyt\u00f6n<\/li>\n<li>5 vuoden k\u00e4ytt\u00f6ik\u00e4<\/li>\n<li>Kevyt alumiinis\u00e4ili\u00f6<\/li>\n<li>Tilavuus: 500 ml<\/li>\n<li>Toimintal\u00e4mp\u00f6tila +5 \u2013 +50 \u00b0C<\/li>\n<\/ul>\n","protected":false},"excerpt":{"rendered":"<p><strong>Housegardin innovatiivinen Lith Ex-litiumsammutinspray <\/strong>on kehitetty erityisesti avuksi pienempien, enint\u00e4\u00e4n 60 Wh litiumioniakkupalojen sammutuksessa. Kepeytens\u00e4 ansiosta suihke sopii isomman sammuttimen kylkeen kotiin, toimistolle sek\u00e4 muihin ymp\u00e4rist\u00f6ihin, miss\u00e4 litiumioniakkuisia laitteita (kuten matkapuhelimet, tabletit, elektroniset lelut ja s\u00e4hk\u00f6akkupy\u00f6r\u00e4t) k\u00e4ytet\u00e4\u00e4n.<\/p>\n<p>Perinteisill\u00e4 jauhe- ja vaahtosammuttimilla litiumioniakkupaloja on likimain mahdotonta saada talttumaan. AVD-sammutusaine (=Aqueous Vermiculite Dispersion) j\u00e4\u00e4hdytt\u00e4\u00e4 palavan akun muodostaen keraamisen kuoren kaltaisen peitt\u00e4v\u00e4n pinnan akun pintaan. Vermikuliittiseos kest\u00e4\u00e4 jopa yli 1000\u00b0C kuumuutta ja n\u00e4in AVD-kalvo s\u00e4ilyy ehj\u00e4n\u00e4 vaikeimmissakin sammutustilanteissa.<\/p>\n<p>Katso my\u00f6s sammutussprayn j\u00e4re\u00e4mm\u00e4t koot, <strong><a href=\"https:\/\/safetypartners.fi\/kauppa\/tuote\/avd-sammutin-litiumioniakkupaloihin-2l-lithex2\">2 litraa<\/a><\/strong>, <strong><a href=\"https:\/\/safetypartners.fi\/kauppa\/tuote\/avd-sammutin-litiumioniakkupaloihin-6l-lithex6\">6 litraa<\/a><\/strong> ja <strong><a href=\"https:\/\/safetypartners.fi\/kauppa\/tuote\/avd-sammutin-litiumioniakkupaloihin-9l-lithex9\">9 litraa<\/a><\/strong>.<\/p>\n","protected":false},"featured_media":875,"comment_status":"open","ping_status":"closed","template":"","meta":{"_uag_custom_page_level_css":"","site-sidebar-layout":"default","site-content-layout":"default","ast-site-content-layout":"default","site-content-style":"default","site-sidebar-style":"default","ast-global-header-display":"","ast-banner-title-visibility":"","ast-main-header-display":"","ast-hfb-above-header-display":"","ast-hfb-below-header-display":"","ast-hfb-mobile-header-display":"","site-post-title":"","ast-breadcrumbs-content":"","ast-featured-img":"","footer-sml-layout":"","ast-disable-related-posts":"","theme-transparent-header-meta":"default","adv-header-id-meta":"","stick-header-meta":"default","header-above-stick-meta":"","header-main-stick-meta":"","header-below-stick-meta":"","astra-migrate-meta-layouts":"set","ast-page-background-enabled":"default","ast-page-background-meta":{"desktop":{"background-color":"","background-image":"","background-repeat":"repeat","background-position":"center center","background-size":"auto","background-attachment":"scroll","background-type":"","background-media":"","overlay-type":"","overlay-color":"","overlay-opacity":"","overlay-gradient":""},"tablet":{"background-color":"","background-image":"","background-repeat":"repeat","background-position":"center center","background-size":"auto","background-attachment":"scroll","background-type":"","background-media":"","overlay-type":"","overlay-color":"","overlay-opacity":"","overlay-gradient":""},"mobile":{"background-color":"","background-image":"","background-repeat":"repeat","background-position":"center center","background-size":"auto","background-attachment":"scroll","background-type":"","background-media":"","overlay-type":"","overlay-color":"","overlay-opacity":"","overlay-gradient":""}},"ast-content-background-meta":{"desktop":{"background-color":"var(--ast-global-color-5)","background-image":"","background-repeat":"repeat","background-position":"center center","background-size":"auto","background-attachment":"scroll","background-type":"","background-media":"","overlay-type":"","overlay-color":"","overlay-opacity":"","overlay-gradient":""},"tablet":{"background-color":"var(--ast-global-color-5)","background-image":"","background-repeat":"repeat","background-position":"center center","background-size":"auto","background-attachment":"scroll","background-type":"","background-media":"","overlay-type":"","overlay-color":"","overlay-opacity":"","overlay-gradient":""},"mobile":{"background-color":"var(--ast-global-color-5)","background-image":"","background-repeat":"repeat","background-position":"center center","background-size":"auto","background-attachment":"scroll","background-type":"","background-media":"","overlay-type":"","overlay-color":"","overlay-opacity":"","overlay-gradient":""}}},"product_brand":[],"product_cat":[15,30,43,217],"product_tag":[279,274,227,113,286,284,52,280,275,282,603,222,278],"class_list":{"0":"post-783","1":"product","2":"type-product","3":"status-publish","4":"has-post-thumbnail","6":"product_cat-yleinen","7":"product_cat-paloturvallisuus","8":"product_cat-sahkoturvallisuus","9":"product_cat-sammuttimet","10":"product_tag-akkupalo","11":"product_tag-avd-sammutin","12":"product_tag-helppokayttoinen","13":"product_tag-housegard","14":"product_tag-kannykka","15":"product_tag-kasisammutus","16":"product_tag-kevyt","17":"product_tag-lithex","18":"product_tag-litiumioniakkupalo","19":"product_tag-litiumsammutin","20":"product_tag-sahkopalo","21":"product_tag-sammutussuihke","22":"product_tag-vermikuliitti","23":"product_shipping_class-suomi","24":"desktop-align-center","25":"tablet-align-center","26":"mobile-align-center","27":"ast-product-gallery-layout-horizontal-slider","28":"ast-product-tabs-layout-horizontal","30":"first","31":"instock","32":"taxable","33":"shipping-taxable","34":"purchasable","35":"product-type-simple"},"yoast_head":"<!-- This site is optimized with the Yoast SEO plugin v27.3 - https:\/\/yoast.com\/product\/yoast-seo-wordpress\/ -->\n<title>Sammutusspray Lith-EX AVD, 500ml - Safety Partners<\/title>\n<meta name=\"description\" content=\"Innovatiivinen sammutinsuihke pienten litiumioniakkupalojen sammutukseen. Sopii muun muassa \u00e4lypuhelimille, leluille, tableteille ja l\u00e4pp\u00e4reille.\" \/>\n<meta name=\"robots\" content=\"index, follow, max-snippet:-1, max-image-preview:large, max-video-preview:-1\" \/>\n<link rel=\"canonical\" href=\"https:\/\/safetypartners.fi\/kauppa\/tuote\/sammutusspray-lith-ex-avd-500ml\" \/>\n<meta property=\"og:locale\" content=\"fi_FI\" \/>\n<meta property=\"og:type\" content=\"article\" \/>\n<meta property=\"og:title\" content=\"Sammutusspray Lith-EX AVD, 500ml - Safety Partners\" \/>\n<meta property=\"og:description\" content=\"Innovatiivinen sammutinsuihke pienten litiumioniakkupalojen sammutukseen. Sopii muun muassa \u00e4lypuhelimille, leluille, tableteille ja l\u00e4pp\u00e4reille.\" \/>\n<meta property=\"og:url\" content=\"https:\/\/safetypartners.fi\/kauppa\/tuote\/sammutusspray-lith-ex-avd-500ml\" \/>\n<meta property=\"og:site_name\" content=\"Safety Partners\" \/>\n<meta property=\"article:modified_time\" content=\"2026-02-26T12:46:11+00:00\" \/>\n<meta property=\"og:image\" content=\"https:\/\/safetypartners.fi\/kauppa\/wp-content\/uploads\/2022\/08\/Litiumsammutusspray-Lith-EX-AVD-500ml.jpg\" \/>\n\t<meta property=\"og:image:width\" content=\"650\" \/>\n\t<meta property=\"og:image:height\" content=\"650\" \/>\n\t<meta property=\"og:image:type\" content=\"image\/jpeg\" \/>\n<meta name=\"twitter:card\" content=\"summary_large_image\" \/>\n<meta name=\"twitter:label1\" content=\"Arvioitu lukuaika\" \/>\n\t<meta name=\"twitter:data1\" content=\"1 minuutti\" \/>\n<script type=\"application\/ld+json\" class=\"yoast-schema-graph\">{\"@context\":\"https:\\\/\\\/schema.org\",\"@graph\":[{\"@type\":\"WebPage\",\"@id\":\"https:\\\/\\\/safetypartners.fi\\\/kauppa\\\/tuote\\\/sammutusspray-lith-ex-avd-500ml\",\"url\":\"https:\\\/\\\/safetypartners.fi\\\/kauppa\\\/tuote\\\/sammutusspray-lith-ex-avd-500ml\",\"name\":\"Sammutusspray Lith-EX AVD, 500ml - Safety Partners\",\"isPartOf\":{\"@id\":\"https:\\\/\\\/safetypartners.fi\\\/kauppa\\\/#website\"},\"primaryImageOfPage\":{\"@id\":\"https:\\\/\\\/safetypartners.fi\\\/kauppa\\\/tuote\\\/sammutusspray-lith-ex-avd-500ml#primaryimage\"},\"image\":{\"@id\":\"https:\\\/\\\/safetypartners.fi\\\/kauppa\\\/tuote\\\/sammutusspray-lith-ex-avd-500ml#primaryimage\"},\"thumbnailUrl\":\"https:\\\/\\\/safetypartners.fi\\\/kauppa\\\/wp-content\\\/uploads\\\/2022\\\/08\\\/Litiumsammutusspray-Lith-EX-AVD-500ml.jpg\",\"datePublished\":\"2022-08-16T10:36:17+00:00\",\"dateModified\":\"2026-02-26T12:46:11+00:00\",\"description\":\"Innovatiivinen sammutinsuihke pienten litiumioniakkupalojen sammutukseen. Sopii muun muassa \u00e4lypuhelimille, leluille, tableteille ja l\u00e4pp\u00e4reille.\",\"breadcrumb\":{\"@id\":\"https:\\\/\\\/safetypartners.fi\\\/kauppa\\\/tuote\\\/sammutusspray-lith-ex-avd-500ml#breadcrumb\"},\"inLanguage\":\"fi\",\"potentialAction\":[{\"@type\":\"ReadAction\",\"target\":[\"https:\\\/\\\/safetypartners.fi\\\/kauppa\\\/tuote\\\/sammutusspray-lith-ex-avd-500ml\"]}]},{\"@type\":\"ImageObject\",\"inLanguage\":\"fi\",\"@id\":\"https:\\\/\\\/safetypartners.fi\\\/kauppa\\\/tuote\\\/sammutusspray-lith-ex-avd-500ml#primaryimage\",\"url\":\"https:\\\/\\\/safetypartners.fi\\\/kauppa\\\/wp-content\\\/uploads\\\/2022\\\/08\\\/Litiumsammutusspray-Lith-EX-AVD-500ml.jpg\",\"contentUrl\":\"https:\\\/\\\/safetypartners.fi\\\/kauppa\\\/wp-content\\\/uploads\\\/2022\\\/08\\\/Litiumsammutusspray-Lith-EX-AVD-500ml.jpg\",\"width\":650,\"height\":650},{\"@type\":\"BreadcrumbList\",\"@id\":\"https:\\\/\\\/safetypartners.fi\\\/kauppa\\\/tuote\\\/sammutusspray-lith-ex-avd-500ml#breadcrumb\",\"itemListElement\":[{\"@type\":\"ListItem\",\"position\":1,\"name\":\"Home\",\"item\":\"https:\\\/\\\/safetypartners.fi\\\/kauppa\\\/\"},{\"@type\":\"ListItem\",\"position\":2,\"name\":\"Kauppa\",\"item\":\"https:\\\/\\\/safetypartners.fi\\\/kauppa\\\/kauppa\"},{\"@type\":\"ListItem\",\"position\":3,\"name\":\"Sammutusspray Lith-EX AVD, 500ml\"}]},{\"@type\":\"WebSite\",\"@id\":\"https:\\\/\\\/safetypartners.fi\\\/kauppa\\\/#website\",\"url\":\"https:\\\/\\\/safetypartners.fi\\\/kauppa\\\/\",\"name\":\"Safety Partners\",\"description\":\"Safety Partners turvakauppa palvelee verkossa 24\\\/7!\",\"publisher\":{\"@id\":\"https:\\\/\\\/safetypartners.fi\\\/kauppa\\\/#organization\"},\"potentialAction\":[{\"@type\":\"SearchAction\",\"target\":{\"@type\":\"EntryPoint\",\"urlTemplate\":\"https:\\\/\\\/safetypartners.fi\\\/kauppa\\\/?s={search_term_string}\"},\"query-input\":{\"@type\":\"PropertyValueSpecification\",\"valueRequired\":true,\"valueName\":\"search_term_string\"}}],\"inLanguage\":\"fi\"},{\"@type\":\"Organization\",\"@id\":\"https:\\\/\\\/safetypartners.fi\\\/kauppa\\\/#organization\",\"name\":\"Safety Partners | Suomen Sammutinpalvelu\",\"url\":\"https:\\\/\\\/safetypartners.fi\\\/kauppa\\\/\",\"logo\":{\"@type\":\"ImageObject\",\"inLanguage\":\"fi\",\"@id\":\"https:\\\/\\\/safetypartners.fi\\\/kauppa\\\/#\\\/schema\\\/logo\\\/image\\\/\",\"url\":\"https:\\\/\\\/safetypartners.fi\\\/kauppa\\\/wp-content\\\/uploads\\\/2020\\\/05\\\/cropped-Logoke-1.jpg\",\"contentUrl\":\"https:\\\/\\\/safetypartners.fi\\\/kauppa\\\/wp-content\\\/uploads\\\/2020\\\/05\\\/cropped-Logoke-1.jpg\",\"width\":847,\"height\":717,\"caption\":\"Safety Partners | Suomen Sammutinpalvelu\"},\"image\":{\"@id\":\"https:\\\/\\\/safetypartners.fi\\\/kauppa\\\/#\\\/schema\\\/logo\\\/image\\\/\"}}]}<\/script>\n<!-- \/ Yoast SEO plugin. -->","yoast_head_json":{"title":"Sammutusspray Lith-EX AVD, 500ml - Safety Partners","description":"Innovatiivinen sammutinsuihke pienten litiumioniakkupalojen sammutukseen. Sopii muun muassa \u00e4lypuhelimille, leluille, tableteille ja l\u00e4pp\u00e4reille.","robots":{"index":"index","follow":"follow","max-snippet":"max-snippet:-1","max-image-preview":"max-image-preview:large","max-video-preview":"max-video-preview:-1"},"canonical":"https:\/\/safetypartners.fi\/kauppa\/tuote\/sammutusspray-lith-ex-avd-500ml","og_locale":"fi_FI","og_type":"article","og_title":"Sammutusspray Lith-EX AVD, 500ml - Safety Partners","og_description":"Innovatiivinen sammutinsuihke pienten litiumioniakkupalojen sammutukseen. Sopii muun muassa \u00e4lypuhelimille, leluille, tableteille ja l\u00e4pp\u00e4reille.","og_url":"https:\/\/safetypartners.fi\/kauppa\/tuote\/sammutusspray-lith-ex-avd-500ml","og_site_name":"Safety Partners","article_modified_time":"2026-02-26T12:46:11+00:00","og_image":[{"width":650,"height":650,"url":"https:\/\/safetypartners.fi\/kauppa\/wp-content\/uploads\/2022\/08\/Litiumsammutusspray-Lith-EX-AVD-500ml.jpg","type":"image\/jpeg"}],"twitter_card":"summary_large_image","twitter_misc":{"Arvioitu lukuaika":"1 minuutti"},"schema":{"@context":"https:\/\/schema.org","@graph":[{"@type":"WebPage","@id":"https:\/\/safetypartners.fi\/kauppa\/tuote\/sammutusspray-lith-ex-avd-500ml","url":"https:\/\/safetypartners.fi\/kauppa\/tuote\/sammutusspray-lith-ex-avd-500ml","name":"Sammutusspray Lith-EX AVD, 500ml - Safety Partners","isPartOf":{"@id":"https:\/\/safetypartners.fi\/kauppa\/#website"},"primaryImageOfPage":{"@id":"https:\/\/safetypartners.fi\/kauppa\/tuote\/sammutusspray-lith-ex-avd-500ml#primaryimage"},"image":{"@id":"https:\/\/safetypartners.fi\/kauppa\/tuote\/sammutusspray-lith-ex-avd-500ml#primaryimage"},"thumbnailUrl":"https:\/\/safetypartners.fi\/kauppa\/wp-content\/uploads\/2022\/08\/Litiumsammutusspray-Lith-EX-AVD-500ml.jpg","datePublished":"2022-08-16T10:36:17+00:00","dateModified":"2026-02-26T12:46:11+00:00","description":"Innovatiivinen sammutinsuihke pienten litiumioniakkupalojen sammutukseen. Sopii muun muassa \u00e4lypuhelimille, leluille, tableteille ja l\u00e4pp\u00e4reille.","breadcrumb":{"@id":"https:\/\/safetypartners.fi\/kauppa\/tuote\/sammutusspray-lith-ex-avd-500ml#breadcrumb"},"inLanguage":"fi","potentialAction":[{"@type":"ReadAction","target":["https:\/\/safetypartners.fi\/kauppa\/tuote\/sammutusspray-lith-ex-avd-500ml"]}]},{"@type":"ImageObject","inLanguage":"fi","@id":"https:\/\/safetypartners.fi\/kauppa\/tuote\/sammutusspray-lith-ex-avd-500ml#primaryimage","url":"https:\/\/safetypartners.fi\/kauppa\/wp-content\/uploads\/2022\/08\/Litiumsammutusspray-Lith-EX-AVD-500ml.jpg","contentUrl":"https:\/\/safetypartners.fi\/kauppa\/wp-content\/uploads\/2022\/08\/Litiumsammutusspray-Lith-EX-AVD-500ml.jpg","width":650,"height":650},{"@type":"BreadcrumbList","@id":"https:\/\/safetypartners.fi\/kauppa\/tuote\/sammutusspray-lith-ex-avd-500ml#breadcrumb","itemListElement":[{"@type":"ListItem","position":1,"name":"Home","item":"https:\/\/safetypartners.fi\/kauppa\/"},{"@type":"ListItem","position":2,"name":"Kauppa","item":"https:\/\/safetypartners.fi\/kauppa\/kauppa"},{"@type":"ListItem","position":3,"name":"Sammutusspray Lith-EX AVD, 500ml"}]},{"@type":"WebSite","@id":"https:\/\/safetypartners.fi\/kauppa\/#website","url":"https:\/\/safetypartners.fi\/kauppa\/","name":"Safety Partners","description":"Safety Partners turvakauppa palvelee verkossa 24\/7!","publisher":{"@id":"https:\/\/safetypartners.fi\/kauppa\/#organization"},"potentialAction":[{"@type":"SearchAction","target":{"@type":"EntryPoint","urlTemplate":"https:\/\/safetypartners.fi\/kauppa\/?s={search_term_string}"},"query-input":{"@type":"PropertyValueSpecification","valueRequired":true,"valueName":"search_term_string"}}],"inLanguage":"fi"},{"@type":"Organization","@id":"https:\/\/safetypartners.fi\/kauppa\/#organization","name":"Safety Partners | Suomen Sammutinpalvelu","url":"https:\/\/safetypartners.fi\/kauppa\/","logo":{"@type":"ImageObject","inLanguage":"fi","@id":"https:\/\/safetypartners.fi\/kauppa\/#\/schema\/logo\/image\/","url":"https:\/\/safetypartners.fi\/kauppa\/wp-content\/uploads\/2020\/05\/cropped-Logoke-1.jpg","contentUrl":"https:\/\/safetypartners.fi\/kauppa\/wp-content\/uploads\/2020\/05\/cropped-Logoke-1.jpg","width":847,"height":717,"caption":"Safety Partners | Suomen Sammutinpalvelu"},"image":{"@id":"https:\/\/safetypartners.fi\/kauppa\/#\/schema\/logo\/image\/"}}]}},"uagb_featured_image_src":{"full":["https:\/\/safetypartners.fi\/kauppa\/wp-content\/uploads\/2022\/08\/Litiumsammutusspray-Lith-EX-AVD-500ml.jpg",650,650,false],"thumbnail":["https:\/\/safetypartners.fi\/kauppa\/wp-content\/uploads\/2022\/08\/Litiumsammutusspray-Lith-EX-AVD-500ml-150x150.jpg",150,150,true],"medium":["https:\/\/safetypartners.fi\/kauppa\/wp-content\/uploads\/2022\/08\/Litiumsammutusspray-Lith-EX-AVD-500ml-300x300.jpg",300,300,true],"medium_large":["https:\/\/safetypartners.fi\/kauppa\/wp-content\/uploads\/2022\/08\/Litiumsammutusspray-Lith-EX-AVD-500ml.jpg",650,650,false],"large":["https:\/\/safetypartners.fi\/kauppa\/wp-content\/uploads\/2022\/08\/Litiumsammutusspray-Lith-EX-AVD-500ml.jpg",650,650,false],"1536x1536":["https:\/\/safetypartners.fi\/kauppa\/wp-content\/uploads\/2022\/08\/Litiumsammutusspray-Lith-EX-AVD-500ml.jpg",650,650,false],"2048x2048":["https:\/\/safetypartners.fi\/kauppa\/wp-content\/uploads\/2022\/08\/Litiumsammutusspray-Lith-EX-AVD-500ml.jpg",650,650,false],"woocommerce_thumbnail":["https:\/\/safetypartners.fi\/kauppa\/wp-content\/uploads\/2022\/08\/Litiumsammutusspray-Lith-EX-AVD-500ml-300x300.jpg",300,300,true],"woocommerce_single":["https:\/\/safetypartners.fi\/kauppa\/wp-content\/uploads\/2022\/08\/Litiumsammutusspray-Lith-EX-AVD-500ml-600x600.jpg",600,600,true],"woocommerce_gallery_thumbnail":["https:\/\/safetypartners.fi\/kauppa\/wp-content\/uploads\/2022\/08\/Litiumsammutusspray-Lith-EX-AVD-500ml-100x100.jpg",100,100,true]},"uagb_author_info":{"display_name":"Anu Lehto","author_link":"https:\/\/safetypartners.fi\/kauppa\/author"},"uagb_comment_info":1,"uagb_excerpt":"Housegardin innovatiivinen Lith Ex-litiumsammutinspray on kehitetty erityisesti avuksi pienempien, enint\u00e4\u00e4n 60 Wh litiumioniakkupalojen sammutuksessa. Kepeytens\u00e4 ansiosta suihke sopii isomman sammuttimen kylkeen kotiin, toimistolle sek\u00e4 muihin ymp\u00e4rist\u00f6ihin, miss\u00e4 litiumioniakkuisia laitteita (kuten matkapuhelimet, tabletit, elektroniset lelut ja s\u00e4hk\u00f6akkupy\u00f6r\u00e4t) k\u00e4ytet\u00e4\u00e4n. Perinteisill\u00e4 jauhe- ja vaahtosammuttimilla litiumioniakkupaloja on likimain mahdotonta saada talttumaan. AVD-sammutusaine (=Aqueous Vermiculite Dispersion) j\u00e4\u00e4hdytt\u00e4\u00e4 palavan akun muodostaen&hellip;","_links":{"self":[{"href":"https:\/\/safetypartners.fi\/kauppa\/wp-json\/wp\/v2\/product\/783","targetHints":{"allow":["GET"]}}],"collection":[{"href":"https:\/\/safetypartners.fi\/kauppa\/wp-json\/wp\/v2\/product"}],"about":[{"href":"https:\/\/safetypartners.fi\/kauppa\/wp-json\/wp\/v2\/types\/product"}],"replies":[{"embeddable":true,"href":"https:\/\/safetypartners.fi\/kauppa\/wp-json\/wp\/v2\/comments?post=783"}],"version-history":[{"count":4,"href":"https:\/\/safetypartners.fi\/kauppa\/wp-json\/wp\/v2\/product\/783\/revisions"}],"predecessor-version":[{"id":823,"href":"https:\/\/safetypartners.fi\/kauppa\/wp-json\/wp\/v2\/product\/783\/revisions\/823"}],"wp:featuredmedia":[{"embeddable":true,"href":"https:\/\/safetypartners.fi\/kauppa\/wp-json\/wp\/v2\/media\/875"}],"wp:attachment":[{"href":"https:\/\/safetypartners.fi\/kauppa\/wp-json\/wp\/v2\/media?parent=783"}],"wp:term":[{"taxonomy":"product_brand","embeddable":true,"href":"https:\/\/safetypartners.fi\/kauppa\/wp-json\/wp\/v2\/product_brand?post=783"},{"taxonomy":"product_cat","embeddable":true,"href":"https:\/\/safetypartners.fi\/kauppa\/wp-json\/wp\/v2\/product_cat?post=783"},{"taxonomy":"product_tag","embeddable":true,"href":"https:\/\/safetypartners.fi\/kauppa\/wp-json\/wp\/v2\/product_tag?post=783"}],"curies":[{"name":"wp","href":"https:\/\/api.w.org\/{rel}","templated":true}]}}