{"id":788,"date":"2022-08-16T13:36:18","date_gmt":"2022-08-16T10:36:18","guid":{"rendered":"https:\/\/safetypartners.fi\/kauppa\/?post_type=product&#038;p=788"},"modified":"2022-08-24T16:25:02","modified_gmt":"2022-08-24T13:25:02","slug":"kasisammutinsuoja-12kg-sammuttimelle","status":"publish","type":"product","link":"https:\/\/safetypartners.fi\/kauppa\/tuote\/kasisammutinsuoja-12kg-sammuttimelle","title":{"rendered":"K\u00e4sisammutinsuoja 12kg sammuttimelle"},"content":{"rendered":"<div id=\"tab-description\" class=\"woocommerce-Tabs-panel woocommerce-Tabs-panel--description panel entry-content wc-tab\" role=\"tabpanel\" aria-labelledby=\"tab-title-description\">\n<ul>\n<li>12kg tai 9L sammuttimelle<\/li>\n<li>Suojassa on ikkuna, josta painemittari on n\u00e4ht\u00e4viss\u00e4<\/li>\n<li>Punainen v\u00e4ri, piktogrammi painettu etupuolelle<\/li>\n<li>Helppo asetus: tarranauha pussin takapuolella<\/li>\n<\/ul>\n<\/div>\n","protected":false},"excerpt":{"rendered":"<div class=\"woocommerce-product-details__short-description\">\n<p>12-kiloisen jauhesammuttimen tai 9-litraisen vaahtosammuttimen yleiseen suojaamiseen suunniteltu punainen pussi. Erityisesti teollisuusymp\u00e4rist\u00f6ihin suositeltu sammuttimen suoja pit\u00e4\u00e4 sammuttimen puhtaampana p\u00f6lyst\u00e4, liasta ja noesta.<\/p>\n<\/div>\n","protected":false},"featured_media":994,"comment_status":"open","ping_status":"closed","template":"","meta":{"_uag_custom_page_level_css":"","site-sidebar-layout":"default","site-content-layout":"default","ast-site-content-layout":"default","site-content-style":"default","site-sidebar-style":"default","ast-global-header-display":"","ast-banner-title-visibility":"","ast-main-header-display":"","ast-hfb-above-header-display":"","ast-hfb-below-header-display":"","ast-hfb-mobile-header-display":"","site-post-title":"","ast-breadcrumbs-content":"","ast-featured-img":"","footer-sml-layout":"","ast-disable-related-posts":"","theme-transparent-header-meta":"default","adv-header-id-meta":"","stick-header-meta":"default","header-above-stick-meta":"","header-main-stick-meta":"","header-below-stick-meta":"","astra-migrate-meta-layouts":"default","ast-page-background-enabled":"default","ast-page-background-meta":{"desktop":{"background-color":"","background-image":"","background-repeat":"repeat","background-position":"center center","background-size":"auto","background-attachment":"scroll","background-type":"","background-media":"","overlay-type":"","overlay-color":"","overlay-opacity":"","overlay-gradient":""},"tablet":{"background-color":"","background-image":"","background-repeat":"repeat","background-position":"center center","background-size":"auto","background-attachment":"scroll","background-type":"","background-media":"","overlay-type":"","overlay-color":"","overlay-opacity":"","overlay-gradient":""},"mobile":{"background-color":"","background-image":"","background-repeat":"repeat","background-position":"center center","background-size":"auto","background-attachment":"scroll","background-type":"","background-media":"","overlay-type":"","overlay-color":"","overlay-opacity":"","overlay-gradient":""}},"ast-content-background-meta":{"desktop":{"background-color":"var(--ast-global-color-5)","background-image":"","background-repeat":"repeat","background-position":"center center","background-size":"auto","background-attachment":"scroll","background-type":"","background-media":"","overlay-type":"","overlay-color":"","overlay-opacity":"","overlay-gradient":""},"tablet":{"background-color":"var(--ast-global-color-5)","background-image":"","background-repeat":"repeat","background-position":"center center","background-size":"auto","background-attachment":"scroll","background-type":"","background-media":"","overlay-type":"","overlay-color":"","overlay-opacity":"","overlay-gradient":""},"mobile":{"background-color":"var(--ast-global-color-5)","background-image":"","background-repeat":"repeat","background-position":"center center","background-size":"auto","background-attachment":"scroll","background-type":"","background-media":"","overlay-type":"","overlay-color":"","overlay-opacity":"","overlay-gradient":""}}},"product_brand":[],"product_cat":[30,218,217],"product_tag":[387,342,388,117,392],"class_list":{"0":"post-788","1":"product","2":"type-product","3":"status-publish","4":"has-post-thumbnail","6":"product_cat-paloturvallisuus","7":"product_cat-sammutintarvikkeet","8":"product_cat-sammuttimet","9":"product_tag-12kg","10":"product_tag-9-litraa","11":"product_tag-jauhesammuttimelle","12":"product_tag-kasisammutin","13":"product_tag-logo","14":"desktop-align-center","15":"tablet-align-center","16":"mobile-align-center","17":"ast-product-gallery-layout-horizontal-slider","18":"ast-product-gallery-with-no-image","19":"ast-product-tabs-layout-horizontal","21":"first","22":"onbackorder","23":"sold-individually","24":"taxable","25":"shipping-taxable","26":"purchasable","27":"product-type-simple"},"yoast_head":"<!-- This site is optimized with the Yoast SEO plugin v27.3 - https:\/\/yoast.com\/product\/yoast-seo-wordpress\/ -->\n<title>K\u00e4sisammutinsuoja 12kg sammuttimelle - Safety Partners<\/title>\n<meta name=\"description\" content=\"12-kiloisen jauhesammuttimen tai 9-litraisen vaahtosammuttimen yleiseen suojaamiseen suunniteltu punainen pussi. Erityisesti teollisuusymp\u00e4rist\u00f6ihin.\" \/>\n<meta name=\"robots\" content=\"index, follow, max-snippet:-1, max-image-preview:large, max-video-preview:-1\" \/>\n<link rel=\"canonical\" href=\"https:\/\/safetypartners.fi\/kauppa\/tuote\/kasisammutinsuoja-12kg-sammuttimelle\" \/>\n<meta property=\"og:locale\" content=\"fi_FI\" \/>\n<meta property=\"og:type\" content=\"article\" \/>\n<meta property=\"og:title\" content=\"K\u00e4sisammutinsuoja 12kg sammuttimelle - Safety Partners\" \/>\n<meta property=\"og:description\" content=\"12-kiloisen jauhesammuttimen tai 9-litraisen vaahtosammuttimen yleiseen suojaamiseen suunniteltu punainen pussi. Erityisesti teollisuusymp\u00e4rist\u00f6ihin.\" \/>\n<meta property=\"og:url\" content=\"https:\/\/safetypartners.fi\/kauppa\/tuote\/kasisammutinsuoja-12kg-sammuttimelle\" \/>\n<meta property=\"og:site_name\" content=\"Safety Partners\" \/>\n<meta property=\"article:modified_time\" content=\"2022-08-24T13:25:02+00:00\" \/>\n<meta property=\"og:image\" content=\"https:\/\/safetypartners.fi\/kauppa\/wp-content\/uploads\/2022\/08\/EC12-Kasisammutinsuoja-12kg12L-sammuttimelle.png\" \/>\n\t<meta property=\"og:image:width\" content=\"883\" \/>\n\t<meta property=\"og:image:height\" content=\"838\" \/>\n\t<meta property=\"og:image:type\" content=\"image\/png\" \/>\n<meta name=\"twitter:card\" content=\"summary_large_image\" \/>\n<meta name=\"twitter:label1\" content=\"Arvioitu lukuaika\" \/>\n\t<meta name=\"twitter:data1\" content=\"1 minuutti\" \/>\n<script type=\"application\/ld+json\" class=\"yoast-schema-graph\">{\"@context\":\"https:\\\/\\\/schema.org\",\"@graph\":[{\"@type\":\"WebPage\",\"@id\":\"https:\\\/\\\/safetypartners.fi\\\/kauppa\\\/tuote\\\/kasisammutinsuoja-12kg-sammuttimelle\",\"url\":\"https:\\\/\\\/safetypartners.fi\\\/kauppa\\\/tuote\\\/kasisammutinsuoja-12kg-sammuttimelle\",\"name\":\"K\u00e4sisammutinsuoja 12kg sammuttimelle - Safety Partners\",\"isPartOf\":{\"@id\":\"https:\\\/\\\/safetypartners.fi\\\/kauppa\\\/#website\"},\"primaryImageOfPage\":{\"@id\":\"https:\\\/\\\/safetypartners.fi\\\/kauppa\\\/tuote\\\/kasisammutinsuoja-12kg-sammuttimelle#primaryimage\"},\"image\":{\"@id\":\"https:\\\/\\\/safetypartners.fi\\\/kauppa\\\/tuote\\\/kasisammutinsuoja-12kg-sammuttimelle#primaryimage\"},\"thumbnailUrl\":\"https:\\\/\\\/safetypartners.fi\\\/kauppa\\\/wp-content\\\/uploads\\\/2022\\\/08\\\/EC12-Kasisammutinsuoja-12kg12L-sammuttimelle.png\",\"datePublished\":\"2022-08-16T10:36:18+00:00\",\"dateModified\":\"2022-08-24T13:25:02+00:00\",\"description\":\"12-kiloisen jauhesammuttimen tai 9-litraisen vaahtosammuttimen yleiseen suojaamiseen suunniteltu punainen pussi. Erityisesti teollisuusymp\u00e4rist\u00f6ihin.\",\"breadcrumb\":{\"@id\":\"https:\\\/\\\/safetypartners.fi\\\/kauppa\\\/tuote\\\/kasisammutinsuoja-12kg-sammuttimelle#breadcrumb\"},\"inLanguage\":\"fi\",\"potentialAction\":[{\"@type\":\"ReadAction\",\"target\":[\"https:\\\/\\\/safetypartners.fi\\\/kauppa\\\/tuote\\\/kasisammutinsuoja-12kg-sammuttimelle\"]}]},{\"@type\":\"ImageObject\",\"inLanguage\":\"fi\",\"@id\":\"https:\\\/\\\/safetypartners.fi\\\/kauppa\\\/tuote\\\/kasisammutinsuoja-12kg-sammuttimelle#primaryimage\",\"url\":\"https:\\\/\\\/safetypartners.fi\\\/kauppa\\\/wp-content\\\/uploads\\\/2022\\\/08\\\/EC12-Kasisammutinsuoja-12kg12L-sammuttimelle.png\",\"contentUrl\":\"https:\\\/\\\/safetypartners.fi\\\/kauppa\\\/wp-content\\\/uploads\\\/2022\\\/08\\\/EC12-Kasisammutinsuoja-12kg12L-sammuttimelle.png\",\"width\":883,\"height\":838},{\"@type\":\"BreadcrumbList\",\"@id\":\"https:\\\/\\\/safetypartners.fi\\\/kauppa\\\/tuote\\\/kasisammutinsuoja-12kg-sammuttimelle#breadcrumb\",\"itemListElement\":[{\"@type\":\"ListItem\",\"position\":1,\"name\":\"Home\",\"item\":\"https:\\\/\\\/safetypartners.fi\\\/kauppa\\\/\"},{\"@type\":\"ListItem\",\"position\":2,\"name\":\"Kauppa\",\"item\":\"https:\\\/\\\/safetypartners.fi\\\/kauppa\\\/kauppa\"},{\"@type\":\"ListItem\",\"position\":3,\"name\":\"K\u00e4sisammutinsuoja 12kg sammuttimelle\"}]},{\"@type\":\"WebSite\",\"@id\":\"https:\\\/\\\/safetypartners.fi\\\/kauppa\\\/#website\",\"url\":\"https:\\\/\\\/safetypartners.fi\\\/kauppa\\\/\",\"name\":\"Safety Partners\",\"description\":\"Safety Partners turvakauppa palvelee verkossa 24\\\/7!\",\"publisher\":{\"@id\":\"https:\\\/\\\/safetypartners.fi\\\/kauppa\\\/#organization\"},\"potentialAction\":[{\"@type\":\"SearchAction\",\"target\":{\"@type\":\"EntryPoint\",\"urlTemplate\":\"https:\\\/\\\/safetypartners.fi\\\/kauppa\\\/?s={search_term_string}\"},\"query-input\":{\"@type\":\"PropertyValueSpecification\",\"valueRequired\":true,\"valueName\":\"search_term_string\"}}],\"inLanguage\":\"fi\"},{\"@type\":\"Organization\",\"@id\":\"https:\\\/\\\/safetypartners.fi\\\/kauppa\\\/#organization\",\"name\":\"Safety Partners | Suomen Sammutinpalvelu\",\"url\":\"https:\\\/\\\/safetypartners.fi\\\/kauppa\\\/\",\"logo\":{\"@type\":\"ImageObject\",\"inLanguage\":\"fi\",\"@id\":\"https:\\\/\\\/safetypartners.fi\\\/kauppa\\\/#\\\/schema\\\/logo\\\/image\\\/\",\"url\":\"https:\\\/\\\/safetypartners.fi\\\/kauppa\\\/wp-content\\\/uploads\\\/2020\\\/05\\\/cropped-Logoke-1.jpg\",\"contentUrl\":\"https:\\\/\\\/safetypartners.fi\\\/kauppa\\\/wp-content\\\/uploads\\\/2020\\\/05\\\/cropped-Logoke-1.jpg\",\"width\":847,\"height\":717,\"caption\":\"Safety Partners | Suomen Sammutinpalvelu\"},\"image\":{\"@id\":\"https:\\\/\\\/safetypartners.fi\\\/kauppa\\\/#\\\/schema\\\/logo\\\/image\\\/\"}}]}<\/script>\n<!-- \/ Yoast SEO plugin. -->","yoast_head_json":{"title":"K\u00e4sisammutinsuoja 12kg sammuttimelle - Safety Partners","description":"12-kiloisen jauhesammuttimen tai 9-litraisen vaahtosammuttimen yleiseen suojaamiseen suunniteltu punainen pussi. Erityisesti teollisuusymp\u00e4rist\u00f6ihin.","robots":{"index":"index","follow":"follow","max-snippet":"max-snippet:-1","max-image-preview":"max-image-preview:large","max-video-preview":"max-video-preview:-1"},"canonical":"https:\/\/safetypartners.fi\/kauppa\/tuote\/kasisammutinsuoja-12kg-sammuttimelle","og_locale":"fi_FI","og_type":"article","og_title":"K\u00e4sisammutinsuoja 12kg sammuttimelle - Safety Partners","og_description":"12-kiloisen jauhesammuttimen tai 9-litraisen vaahtosammuttimen yleiseen suojaamiseen suunniteltu punainen pussi. Erityisesti teollisuusymp\u00e4rist\u00f6ihin.","og_url":"https:\/\/safetypartners.fi\/kauppa\/tuote\/kasisammutinsuoja-12kg-sammuttimelle","og_site_name":"Safety Partners","article_modified_time":"2022-08-24T13:25:02+00:00","og_image":[{"width":883,"height":838,"url":"https:\/\/safetypartners.fi\/kauppa\/wp-content\/uploads\/2022\/08\/EC12-Kasisammutinsuoja-12kg12L-sammuttimelle.png","type":"image\/png"}],"twitter_card":"summary_large_image","twitter_misc":{"Arvioitu lukuaika":"1 minuutti"},"schema":{"@context":"https:\/\/schema.org","@graph":[{"@type":"WebPage","@id":"https:\/\/safetypartners.fi\/kauppa\/tuote\/kasisammutinsuoja-12kg-sammuttimelle","url":"https:\/\/safetypartners.fi\/kauppa\/tuote\/kasisammutinsuoja-12kg-sammuttimelle","name":"K\u00e4sisammutinsuoja 12kg sammuttimelle - Safety Partners","isPartOf":{"@id":"https:\/\/safetypartners.fi\/kauppa\/#website"},"primaryImageOfPage":{"@id":"https:\/\/safetypartners.fi\/kauppa\/tuote\/kasisammutinsuoja-12kg-sammuttimelle#primaryimage"},"image":{"@id":"https:\/\/safetypartners.fi\/kauppa\/tuote\/kasisammutinsuoja-12kg-sammuttimelle#primaryimage"},"thumbnailUrl":"https:\/\/safetypartners.fi\/kauppa\/wp-content\/uploads\/2022\/08\/EC12-Kasisammutinsuoja-12kg12L-sammuttimelle.png","datePublished":"2022-08-16T10:36:18+00:00","dateModified":"2022-08-24T13:25:02+00:00","description":"12-kiloisen jauhesammuttimen tai 9-litraisen vaahtosammuttimen yleiseen suojaamiseen suunniteltu punainen pussi. Erityisesti teollisuusymp\u00e4rist\u00f6ihin.","breadcrumb":{"@id":"https:\/\/safetypartners.fi\/kauppa\/tuote\/kasisammutinsuoja-12kg-sammuttimelle#breadcrumb"},"inLanguage":"fi","potentialAction":[{"@type":"ReadAction","target":["https:\/\/safetypartners.fi\/kauppa\/tuote\/kasisammutinsuoja-12kg-sammuttimelle"]}]},{"@type":"ImageObject","inLanguage":"fi","@id":"https:\/\/safetypartners.fi\/kauppa\/tuote\/kasisammutinsuoja-12kg-sammuttimelle#primaryimage","url":"https:\/\/safetypartners.fi\/kauppa\/wp-content\/uploads\/2022\/08\/EC12-Kasisammutinsuoja-12kg12L-sammuttimelle.png","contentUrl":"https:\/\/safetypartners.fi\/kauppa\/wp-content\/uploads\/2022\/08\/EC12-Kasisammutinsuoja-12kg12L-sammuttimelle.png","width":883,"height":838},{"@type":"BreadcrumbList","@id":"https:\/\/safetypartners.fi\/kauppa\/tuote\/kasisammutinsuoja-12kg-sammuttimelle#breadcrumb","itemListElement":[{"@type":"ListItem","position":1,"name":"Home","item":"https:\/\/safetypartners.fi\/kauppa\/"},{"@type":"ListItem","position":2,"name":"Kauppa","item":"https:\/\/safetypartners.fi\/kauppa\/kauppa"},{"@type":"ListItem","position":3,"name":"K\u00e4sisammutinsuoja 12kg sammuttimelle"}]},{"@type":"WebSite","@id":"https:\/\/safetypartners.fi\/kauppa\/#website","url":"https:\/\/safetypartners.fi\/kauppa\/","name":"Safety Partners","description":"Safety Partners turvakauppa palvelee verkossa 24\/7!","publisher":{"@id":"https:\/\/safetypartners.fi\/kauppa\/#organization"},"potentialAction":[{"@type":"SearchAction","target":{"@type":"EntryPoint","urlTemplate":"https:\/\/safetypartners.fi\/kauppa\/?s={search_term_string}"},"query-input":{"@type":"PropertyValueSpecification","valueRequired":true,"valueName":"search_term_string"}}],"inLanguage":"fi"},{"@type":"Organization","@id":"https:\/\/safetypartners.fi\/kauppa\/#organization","name":"Safety Partners | Suomen Sammutinpalvelu","url":"https:\/\/safetypartners.fi\/kauppa\/","logo":{"@type":"ImageObject","inLanguage":"fi","@id":"https:\/\/safetypartners.fi\/kauppa\/#\/schema\/logo\/image\/","url":"https:\/\/safetypartners.fi\/kauppa\/wp-content\/uploads\/2020\/05\/cropped-Logoke-1.jpg","contentUrl":"https:\/\/safetypartners.fi\/kauppa\/wp-content\/uploads\/2020\/05\/cropped-Logoke-1.jpg","width":847,"height":717,"caption":"Safety Partners | Suomen Sammutinpalvelu"},"image":{"@id":"https:\/\/safetypartners.fi\/kauppa\/#\/schema\/logo\/image\/"}}]}},"uagb_featured_image_src":{"full":["https:\/\/safetypartners.fi\/kauppa\/wp-content\/uploads\/2022\/08\/EC12-Kasisammutinsuoja-12kg12L-sammuttimelle.png",883,838,false],"thumbnail":["https:\/\/safetypartners.fi\/kauppa\/wp-content\/uploads\/2022\/08\/EC12-Kasisammutinsuoja-12kg12L-sammuttimelle-150x150.png",150,150,true],"medium":["https:\/\/safetypartners.fi\/kauppa\/wp-content\/uploads\/2022\/08\/EC12-Kasisammutinsuoja-12kg12L-sammuttimelle-300x285.png",300,285,true],"medium_large":["https:\/\/safetypartners.fi\/kauppa\/wp-content\/uploads\/2022\/08\/EC12-Kasisammutinsuoja-12kg12L-sammuttimelle-768x729.png",768,729,true],"large":["https:\/\/safetypartners.fi\/kauppa\/wp-content\/uploads\/2022\/08\/EC12-Kasisammutinsuoja-12kg12L-sammuttimelle.png",883,838,false],"1536x1536":["https:\/\/safetypartners.fi\/kauppa\/wp-content\/uploads\/2022\/08\/EC12-Kasisammutinsuoja-12kg12L-sammuttimelle.png",883,838,false],"2048x2048":["https:\/\/safetypartners.fi\/kauppa\/wp-content\/uploads\/2022\/08\/EC12-Kasisammutinsuoja-12kg12L-sammuttimelle.png",883,838,false],"woocommerce_thumbnail":["https:\/\/safetypartners.fi\/kauppa\/wp-content\/uploads\/2022\/08\/EC12-Kasisammutinsuoja-12kg12L-sammuttimelle-300x300.png",300,300,true],"woocommerce_single":["https:\/\/safetypartners.fi\/kauppa\/wp-content\/uploads\/2022\/08\/EC12-Kasisammutinsuoja-12kg12L-sammuttimelle-600x569.png",600,569,true],"woocommerce_gallery_thumbnail":["https:\/\/safetypartners.fi\/kauppa\/wp-content\/uploads\/2022\/08\/EC12-Kasisammutinsuoja-12kg12L-sammuttimelle-100x100.png",100,100,true]},"uagb_author_info":{"display_name":"Anu Lehto","author_link":"https:\/\/safetypartners.fi\/kauppa\/author"},"uagb_comment_info":0,"uagb_excerpt":"12-kiloisen jauhesammuttimen tai 9-litraisen vaahtosammuttimen yleiseen suojaamiseen suunniteltu punainen pussi. Erityisesti teollisuusymp\u00e4rist\u00f6ihin suositeltu sammuttimen suoja pit\u00e4\u00e4 sammuttimen puhtaampana p\u00f6lyst\u00e4, liasta ja noesta.","_links":{"self":[{"href":"https:\/\/safetypartners.fi\/kauppa\/wp-json\/wp\/v2\/product\/788","targetHints":{"allow":["GET"]}}],"collection":[{"href":"https:\/\/safetypartners.fi\/kauppa\/wp-json\/wp\/v2\/product"}],"about":[{"href":"https:\/\/safetypartners.fi\/kauppa\/wp-json\/wp\/v2\/types\/product"}],"replies":[{"embeddable":true,"href":"https:\/\/safetypartners.fi\/kauppa\/wp-json\/wp\/v2\/comments?post=788"}],"version-history":[{"count":1,"href":"https:\/\/safetypartners.fi\/kauppa\/wp-json\/wp\/v2\/product\/788\/revisions"}],"predecessor-version":[{"id":995,"href":"https:\/\/safetypartners.fi\/kauppa\/wp-json\/wp\/v2\/product\/788\/revisions\/995"}],"wp:featuredmedia":[{"embeddable":true,"href":"https:\/\/safetypartners.fi\/kauppa\/wp-json\/wp\/v2\/media\/994"}],"wp:attachment":[{"href":"https:\/\/safetypartners.fi\/kauppa\/wp-json\/wp\/v2\/media?parent=788"}],"wp:term":[{"taxonomy":"product_brand","embeddable":true,"href":"https:\/\/safetypartners.fi\/kauppa\/wp-json\/wp\/v2\/product_brand?post=788"},{"taxonomy":"product_cat","embeddable":true,"href":"https:\/\/safetypartners.fi\/kauppa\/wp-json\/wp\/v2\/product_cat?post=788"},{"taxonomy":"product_tag","embeddable":true,"href":"https:\/\/safetypartners.fi\/kauppa\/wp-json\/wp\/v2\/product_tag?post=788"}],"curies":[{"name":"wp","href":"https:\/\/api.w.org\/{rel}","templated":true}]}}