{"id":792,"date":"2022-08-16T13:36:19","date_gmt":"2022-08-16T10:36:19","guid":{"rendered":"https:\/\/safetypartners.fi\/kauppa\/?post_type=product&#038;p=792"},"modified":"2022-10-27T08:49:36","modified_gmt":"2022-10-27T05:49:36","slug":"cgs-kaappi-6-9l-sammuttimelle-ec9sw","status":"publish","type":"product","link":"https:\/\/safetypartners.fi\/kauppa\/tuote\/cgs-kaappi-6-9l-sammuttimelle-ec9sw","title":{"rendered":"CGS kaappi 6-9 litran sammuttimelle, EC9SW"},"content":{"rendered":"<ul class=\"disc\">\n<li>Suuri ikkuna<\/li>\n<li>Luukku, jossa integroitu kahva<\/li>\n<li>Labyrinttisysteemi veden sis\u00e4\u00e4np\u00e4\u00e4syn est\u00e4miseksi<\/li>\n<li>Sopii: 6-9L sammuttimelle<\/li>\n<li>Valmistettu Italiassa<\/li>\n<\/ul>\n<p>Palokaapit on suunniteltu sammuttimen suojaamiseen s\u00e4\u00e4lt\u00e4, tuulelta, p\u00f6lylt\u00e4 ja lialta. Muun muassa satamat ja suuret rakennukset sek\u00e4 ulkoalueet hy\u00f6tyv\u00e4t kest\u00e4v\u00e4st\u00e4 palokaapista. Kaappi suojaa sammutinta my\u00f6s ilkivallalta esimerkiksi kouluissa ja muissa julkisissa tiloissa.<\/p>\n","protected":false},"excerpt":{"rendered":"<div class=\"short-description\">\n<div class=\"std\">\n<p><strong>Tukeva sammutinkaappi\/ajoneuvokaappi<\/strong> 6 tai 9 litran sammuttimelle. EC9SW-mallisessa kaapissa on 22 vahvistettua kiinntyspistett\u00e4, jotka antavat rutkasti mahdollisuuksia sein\u00e4\u00e4n tai ajoneuvoon asennusta varten. Kaappi on asennettavissa sis\u00e4lle tai ulos, ja kest\u00e4\u00e4 siis koviakin olosuhteita esimerkiksi satamissa, ajoneuvoissa ja teollisuudessa.<\/p>\n<\/div>\n<\/div>\n","protected":false},"featured_media":986,"comment_status":"open","ping_status":"closed","template":"","meta":{"_uag_custom_page_level_css":"","site-sidebar-layout":"default","site-content-layout":"default","ast-site-content-layout":"default","site-content-style":"default","site-sidebar-style":"default","ast-global-header-display":"","ast-banner-title-visibility":"","ast-main-header-display":"","ast-hfb-above-header-display":"","ast-hfb-below-header-display":"","ast-hfb-mobile-header-display":"","site-post-title":"","ast-breadcrumbs-content":null,"ast-featured-img":"","footer-sml-layout":"","ast-disable-related-posts":"","theme-transparent-header-meta":"default","adv-header-id-meta":"","stick-header-meta":"default","header-above-stick-meta":null,"header-main-stick-meta":"","header-below-stick-meta":null,"astra-migrate-meta-layouts":"default","ast-page-background-enabled":"default","ast-page-background-meta":{"desktop":{"background-color":"","background-image":"","background-repeat":"repeat","background-position":"center center","background-size":"auto","background-attachment":"scroll","background-type":"","background-media":"","overlay-type":"","overlay-color":"","overlay-opacity":"","overlay-gradient":""},"tablet":{"background-color":"","background-image":"","background-repeat":"repeat","background-position":"center center","background-size":"auto","background-attachment":"scroll","background-type":"","background-media":"","overlay-type":"","overlay-color":"","overlay-opacity":"","overlay-gradient":""},"mobile":{"background-color":"","background-image":"","background-repeat":"repeat","background-position":"center center","background-size":"auto","background-attachment":"scroll","background-type":"","background-media":"","overlay-type":"","overlay-color":"","overlay-opacity":"","overlay-gradient":""}},"ast-content-background-meta":{"desktop":{"background-color":"var(--ast-global-color-5)","background-image":"","background-repeat":"repeat","background-position":"center center","background-size":"auto","background-attachment":"scroll","background-type":"","background-media":"","overlay-type":"","overlay-color":"","overlay-opacity":"","overlay-gradient":""},"tablet":{"background-color":"var(--ast-global-color-5)","background-image":"","background-repeat":"repeat","background-position":"center center","background-size":"auto","background-attachment":"scroll","background-type":"","background-media":"","overlay-type":"","overlay-color":"","overlay-opacity":"","overlay-gradient":""},"mobile":{"background-color":"var(--ast-global-color-5)","background-image":"","background-repeat":"repeat","background-position":"center center","background-size":"auto","background-attachment":"scroll","background-type":"","background-media":"","overlay-type":"","overlay-color":"","overlay-opacity":"","overlay-gradient":""}}},"product_brand":[],"product_cat":[15,218],"product_tag":[367,355,358,357,359],"class_list":{"0":"post-792","1":"product","2":"type-product","3":"status-publish","4":"has-post-thumbnail","6":"product_cat-yleinen","7":"product_cat-sammutintarvikkeet","8":"product_tag-ajoneuvoon","9":"product_tag-cgs","10":"product_tag-ec9sw","11":"product_tag-nestesammutin","12":"product_tag-sammutinkaappi","13":"desktop-align-center","14":"tablet-align-center","15":"mobile-align-center","16":"ast-product-gallery-layout-horizontal-slider","17":"ast-product-gallery-with-no-image","18":"ast-product-tabs-layout-horizontal","20":"first","21":"onbackorder","22":"sold-individually","23":"taxable","24":"shipping-taxable","25":"purchasable","26":"product-type-simple"},"yoast_head":"<!-- This site is optimized with the Yoast SEO plugin v27.3 - https:\/\/yoast.com\/product\/yoast-seo-wordpress\/ -->\n<title>CGS kaappi 6-9 litran sammuttimelle, EC9SW - Safety Partners<\/title>\n<meta name=\"description\" content=\"Tukeva kaappi vaahto- tai nestesammuttimelle. 22 vahvistettua kiinntyspistett\u00e4 helpottavat asennusta sis\u00e4lle tai ulos, sein\u00e4\u00e4n tai ajoneuvoon.\" \/>\n<meta name=\"robots\" content=\"index, follow, max-snippet:-1, max-image-preview:large, max-video-preview:-1\" \/>\n<link rel=\"canonical\" href=\"https:\/\/safetypartners.fi\/kauppa\/tuote\/cgs-kaappi-6-9l-sammuttimelle-ec9sw\" \/>\n<meta property=\"og:locale\" content=\"fi_FI\" \/>\n<meta property=\"og:type\" content=\"article\" \/>\n<meta property=\"og:title\" content=\"CGS kaappi 6-9 litran sammuttimelle, EC9SW - Safety Partners\" \/>\n<meta property=\"og:description\" content=\"Tukeva kaappi vaahto- tai nestesammuttimelle. 22 vahvistettua kiinntyspistett\u00e4 helpottavat asennusta sis\u00e4lle tai ulos, sein\u00e4\u00e4n tai ajoneuvoon.\" \/>\n<meta property=\"og:url\" content=\"https:\/\/safetypartners.fi\/kauppa\/tuote\/cgs-kaappi-6-9l-sammuttimelle-ec9sw\" \/>\n<meta property=\"og:site_name\" content=\"Safety Partners\" \/>\n<meta property=\"article:modified_time\" content=\"2022-10-27T05:49:36+00:00\" \/>\n<meta property=\"og:image\" content=\"https:\/\/safetypartners.fi\/kauppa\/wp-content\/uploads\/2022\/08\/6-9L-kaappi-kauempaa.png\" \/>\n\t<meta property=\"og:image:width\" content=\"883\" \/>\n\t<meta property=\"og:image:height\" content=\"843\" \/>\n\t<meta property=\"og:image:type\" content=\"image\/png\" \/>\n<meta name=\"twitter:card\" content=\"summary_large_image\" \/>\n<meta name=\"twitter:label1\" content=\"Arvioitu lukuaika\" \/>\n\t<meta name=\"twitter:data1\" content=\"1 minuutti\" \/>\n<script type=\"application\/ld+json\" class=\"yoast-schema-graph\">{\"@context\":\"https:\\\/\\\/schema.org\",\"@graph\":[{\"@type\":\"WebPage\",\"@id\":\"https:\\\/\\\/safetypartners.fi\\\/kauppa\\\/tuote\\\/cgs-kaappi-6-9l-sammuttimelle-ec9sw\",\"url\":\"https:\\\/\\\/safetypartners.fi\\\/kauppa\\\/tuote\\\/cgs-kaappi-6-9l-sammuttimelle-ec9sw\",\"name\":\"CGS kaappi 6-9 litran sammuttimelle, EC9SW - Safety Partners\",\"isPartOf\":{\"@id\":\"https:\\\/\\\/safetypartners.fi\\\/kauppa\\\/#website\"},\"primaryImageOfPage\":{\"@id\":\"https:\\\/\\\/safetypartners.fi\\\/kauppa\\\/tuote\\\/cgs-kaappi-6-9l-sammuttimelle-ec9sw#primaryimage\"},\"image\":{\"@id\":\"https:\\\/\\\/safetypartners.fi\\\/kauppa\\\/tuote\\\/cgs-kaappi-6-9l-sammuttimelle-ec9sw#primaryimage\"},\"thumbnailUrl\":\"https:\\\/\\\/safetypartners.fi\\\/kauppa\\\/wp-content\\\/uploads\\\/2022\\\/08\\\/6-9L-kaappi-kauempaa.png\",\"datePublished\":\"2022-08-16T10:36:19+00:00\",\"dateModified\":\"2022-10-27T05:49:36+00:00\",\"description\":\"Tukeva kaappi vaahto- tai nestesammuttimelle. 22 vahvistettua kiinntyspistett\u00e4 helpottavat asennusta sis\u00e4lle tai ulos, sein\u00e4\u00e4n tai ajoneuvoon.\",\"breadcrumb\":{\"@id\":\"https:\\\/\\\/safetypartners.fi\\\/kauppa\\\/tuote\\\/cgs-kaappi-6-9l-sammuttimelle-ec9sw#breadcrumb\"},\"inLanguage\":\"fi\",\"potentialAction\":[{\"@type\":\"ReadAction\",\"target\":[\"https:\\\/\\\/safetypartners.fi\\\/kauppa\\\/tuote\\\/cgs-kaappi-6-9l-sammuttimelle-ec9sw\"]}]},{\"@type\":\"ImageObject\",\"inLanguage\":\"fi\",\"@id\":\"https:\\\/\\\/safetypartners.fi\\\/kauppa\\\/tuote\\\/cgs-kaappi-6-9l-sammuttimelle-ec9sw#primaryimage\",\"url\":\"https:\\\/\\\/safetypartners.fi\\\/kauppa\\\/wp-content\\\/uploads\\\/2022\\\/08\\\/6-9L-kaappi-kauempaa.png\",\"contentUrl\":\"https:\\\/\\\/safetypartners.fi\\\/kauppa\\\/wp-content\\\/uploads\\\/2022\\\/08\\\/6-9L-kaappi-kauempaa.png\",\"width\":883,\"height\":843},{\"@type\":\"BreadcrumbList\",\"@id\":\"https:\\\/\\\/safetypartners.fi\\\/kauppa\\\/tuote\\\/cgs-kaappi-6-9l-sammuttimelle-ec9sw#breadcrumb\",\"itemListElement\":[{\"@type\":\"ListItem\",\"position\":1,\"name\":\"Home\",\"item\":\"https:\\\/\\\/safetypartners.fi\\\/kauppa\\\/\"},{\"@type\":\"ListItem\",\"position\":2,\"name\":\"Kauppa\",\"item\":\"https:\\\/\\\/safetypartners.fi\\\/kauppa\\\/kauppa\"},{\"@type\":\"ListItem\",\"position\":3,\"name\":\"CGS kaappi 6-9 litran sammuttimelle, EC9SW\"}]},{\"@type\":\"WebSite\",\"@id\":\"https:\\\/\\\/safetypartners.fi\\\/kauppa\\\/#website\",\"url\":\"https:\\\/\\\/safetypartners.fi\\\/kauppa\\\/\",\"name\":\"Safety Partners\",\"description\":\"Safety Partners turvakauppa palvelee verkossa 24\\\/7!\",\"publisher\":{\"@id\":\"https:\\\/\\\/safetypartners.fi\\\/kauppa\\\/#organization\"},\"potentialAction\":[{\"@type\":\"SearchAction\",\"target\":{\"@type\":\"EntryPoint\",\"urlTemplate\":\"https:\\\/\\\/safetypartners.fi\\\/kauppa\\\/?s={search_term_string}\"},\"query-input\":{\"@type\":\"PropertyValueSpecification\",\"valueRequired\":true,\"valueName\":\"search_term_string\"}}],\"inLanguage\":\"fi\"},{\"@type\":\"Organization\",\"@id\":\"https:\\\/\\\/safetypartners.fi\\\/kauppa\\\/#organization\",\"name\":\"Safety Partners | Suomen Sammutinpalvelu\",\"url\":\"https:\\\/\\\/safetypartners.fi\\\/kauppa\\\/\",\"logo\":{\"@type\":\"ImageObject\",\"inLanguage\":\"fi\",\"@id\":\"https:\\\/\\\/safetypartners.fi\\\/kauppa\\\/#\\\/schema\\\/logo\\\/image\\\/\",\"url\":\"https:\\\/\\\/safetypartners.fi\\\/kauppa\\\/wp-content\\\/uploads\\\/2020\\\/05\\\/cropped-Logoke-1.jpg\",\"contentUrl\":\"https:\\\/\\\/safetypartners.fi\\\/kauppa\\\/wp-content\\\/uploads\\\/2020\\\/05\\\/cropped-Logoke-1.jpg\",\"width\":847,\"height\":717,\"caption\":\"Safety Partners | Suomen Sammutinpalvelu\"},\"image\":{\"@id\":\"https:\\\/\\\/safetypartners.fi\\\/kauppa\\\/#\\\/schema\\\/logo\\\/image\\\/\"}}]}<\/script>\n<!-- \/ Yoast SEO plugin. -->","yoast_head_json":{"title":"CGS kaappi 6-9 litran sammuttimelle, EC9SW - Safety Partners","description":"Tukeva kaappi vaahto- tai nestesammuttimelle. 22 vahvistettua kiinntyspistett\u00e4 helpottavat asennusta sis\u00e4lle tai ulos, sein\u00e4\u00e4n tai ajoneuvoon.","robots":{"index":"index","follow":"follow","max-snippet":"max-snippet:-1","max-image-preview":"max-image-preview:large","max-video-preview":"max-video-preview:-1"},"canonical":"https:\/\/safetypartners.fi\/kauppa\/tuote\/cgs-kaappi-6-9l-sammuttimelle-ec9sw","og_locale":"fi_FI","og_type":"article","og_title":"CGS kaappi 6-9 litran sammuttimelle, EC9SW - Safety Partners","og_description":"Tukeva kaappi vaahto- tai nestesammuttimelle. 22 vahvistettua kiinntyspistett\u00e4 helpottavat asennusta sis\u00e4lle tai ulos, sein\u00e4\u00e4n tai ajoneuvoon.","og_url":"https:\/\/safetypartners.fi\/kauppa\/tuote\/cgs-kaappi-6-9l-sammuttimelle-ec9sw","og_site_name":"Safety Partners","article_modified_time":"2022-10-27T05:49:36+00:00","og_image":[{"width":883,"height":843,"url":"https:\/\/safetypartners.fi\/kauppa\/wp-content\/uploads\/2022\/08\/6-9L-kaappi-kauempaa.png","type":"image\/png"}],"twitter_card":"summary_large_image","twitter_misc":{"Arvioitu lukuaika":"1 minuutti"},"schema":{"@context":"https:\/\/schema.org","@graph":[{"@type":"WebPage","@id":"https:\/\/safetypartners.fi\/kauppa\/tuote\/cgs-kaappi-6-9l-sammuttimelle-ec9sw","url":"https:\/\/safetypartners.fi\/kauppa\/tuote\/cgs-kaappi-6-9l-sammuttimelle-ec9sw","name":"CGS kaappi 6-9 litran sammuttimelle, EC9SW - Safety Partners","isPartOf":{"@id":"https:\/\/safetypartners.fi\/kauppa\/#website"},"primaryImageOfPage":{"@id":"https:\/\/safetypartners.fi\/kauppa\/tuote\/cgs-kaappi-6-9l-sammuttimelle-ec9sw#primaryimage"},"image":{"@id":"https:\/\/safetypartners.fi\/kauppa\/tuote\/cgs-kaappi-6-9l-sammuttimelle-ec9sw#primaryimage"},"thumbnailUrl":"https:\/\/safetypartners.fi\/kauppa\/wp-content\/uploads\/2022\/08\/6-9L-kaappi-kauempaa.png","datePublished":"2022-08-16T10:36:19+00:00","dateModified":"2022-10-27T05:49:36+00:00","description":"Tukeva kaappi vaahto- tai nestesammuttimelle. 22 vahvistettua kiinntyspistett\u00e4 helpottavat asennusta sis\u00e4lle tai ulos, sein\u00e4\u00e4n tai ajoneuvoon.","breadcrumb":{"@id":"https:\/\/safetypartners.fi\/kauppa\/tuote\/cgs-kaappi-6-9l-sammuttimelle-ec9sw#breadcrumb"},"inLanguage":"fi","potentialAction":[{"@type":"ReadAction","target":["https:\/\/safetypartners.fi\/kauppa\/tuote\/cgs-kaappi-6-9l-sammuttimelle-ec9sw"]}]},{"@type":"ImageObject","inLanguage":"fi","@id":"https:\/\/safetypartners.fi\/kauppa\/tuote\/cgs-kaappi-6-9l-sammuttimelle-ec9sw#primaryimage","url":"https:\/\/safetypartners.fi\/kauppa\/wp-content\/uploads\/2022\/08\/6-9L-kaappi-kauempaa.png","contentUrl":"https:\/\/safetypartners.fi\/kauppa\/wp-content\/uploads\/2022\/08\/6-9L-kaappi-kauempaa.png","width":883,"height":843},{"@type":"BreadcrumbList","@id":"https:\/\/safetypartners.fi\/kauppa\/tuote\/cgs-kaappi-6-9l-sammuttimelle-ec9sw#breadcrumb","itemListElement":[{"@type":"ListItem","position":1,"name":"Home","item":"https:\/\/safetypartners.fi\/kauppa\/"},{"@type":"ListItem","position":2,"name":"Kauppa","item":"https:\/\/safetypartners.fi\/kauppa\/kauppa"},{"@type":"ListItem","position":3,"name":"CGS kaappi 6-9 litran sammuttimelle, EC9SW"}]},{"@type":"WebSite","@id":"https:\/\/safetypartners.fi\/kauppa\/#website","url":"https:\/\/safetypartners.fi\/kauppa\/","name":"Safety Partners","description":"Safety Partners turvakauppa palvelee verkossa 24\/7!","publisher":{"@id":"https:\/\/safetypartners.fi\/kauppa\/#organization"},"potentialAction":[{"@type":"SearchAction","target":{"@type":"EntryPoint","urlTemplate":"https:\/\/safetypartners.fi\/kauppa\/?s={search_term_string}"},"query-input":{"@type":"PropertyValueSpecification","valueRequired":true,"valueName":"search_term_string"}}],"inLanguage":"fi"},{"@type":"Organization","@id":"https:\/\/safetypartners.fi\/kauppa\/#organization","name":"Safety Partners | Suomen Sammutinpalvelu","url":"https:\/\/safetypartners.fi\/kauppa\/","logo":{"@type":"ImageObject","inLanguage":"fi","@id":"https:\/\/safetypartners.fi\/kauppa\/#\/schema\/logo\/image\/","url":"https:\/\/safetypartners.fi\/kauppa\/wp-content\/uploads\/2020\/05\/cropped-Logoke-1.jpg","contentUrl":"https:\/\/safetypartners.fi\/kauppa\/wp-content\/uploads\/2020\/05\/cropped-Logoke-1.jpg","width":847,"height":717,"caption":"Safety Partners | Suomen Sammutinpalvelu"},"image":{"@id":"https:\/\/safetypartners.fi\/kauppa\/#\/schema\/logo\/image\/"}}]}},"uagb_featured_image_src":{"full":["https:\/\/safetypartners.fi\/kauppa\/wp-content\/uploads\/2022\/08\/6-9L-kaappi-kauempaa.png",883,843,false],"thumbnail":["https:\/\/safetypartners.fi\/kauppa\/wp-content\/uploads\/2022\/08\/6-9L-kaappi-kauempaa-150x150.png",150,150,true],"medium":["https:\/\/safetypartners.fi\/kauppa\/wp-content\/uploads\/2022\/08\/6-9L-kaappi-kauempaa-300x286.png",300,286,true],"medium_large":["https:\/\/safetypartners.fi\/kauppa\/wp-content\/uploads\/2022\/08\/6-9L-kaappi-kauempaa-768x733.png",768,733,true],"large":["https:\/\/safetypartners.fi\/kauppa\/wp-content\/uploads\/2022\/08\/6-9L-kaappi-kauempaa.png",883,843,false],"1536x1536":["https:\/\/safetypartners.fi\/kauppa\/wp-content\/uploads\/2022\/08\/6-9L-kaappi-kauempaa.png",883,843,false],"2048x2048":["https:\/\/safetypartners.fi\/kauppa\/wp-content\/uploads\/2022\/08\/6-9L-kaappi-kauempaa.png",883,843,false],"woocommerce_thumbnail":["https:\/\/safetypartners.fi\/kauppa\/wp-content\/uploads\/2022\/08\/6-9L-kaappi-kauempaa-300x300.png",300,300,true],"woocommerce_single":["https:\/\/safetypartners.fi\/kauppa\/wp-content\/uploads\/2022\/08\/6-9L-kaappi-kauempaa-600x573.png",600,573,true],"woocommerce_gallery_thumbnail":["https:\/\/safetypartners.fi\/kauppa\/wp-content\/uploads\/2022\/08\/6-9L-kaappi-kauempaa-100x100.png",100,100,true]},"uagb_author_info":{"display_name":"Anu Lehto","author_link":"https:\/\/safetypartners.fi\/kauppa\/author"},"uagb_comment_info":0,"uagb_excerpt":"Tukeva sammutinkaappi\/ajoneuvokaappi 6 tai 9 litran sammuttimelle. EC9SW-mallisessa kaapissa on 22 vahvistettua kiinntyspistett\u00e4, jotka antavat rutkasti mahdollisuuksia sein\u00e4\u00e4n tai ajoneuvoon asennusta varten. Kaappi on asennettavissa sis\u00e4lle tai ulos, ja kest\u00e4\u00e4 siis koviakin olosuhteita esimerkiksi satamissa, ajoneuvoissa ja teollisuudessa.","_links":{"self":[{"href":"https:\/\/safetypartners.fi\/kauppa\/wp-json\/wp\/v2\/product\/792","targetHints":{"allow":["GET"]}}],"collection":[{"href":"https:\/\/safetypartners.fi\/kauppa\/wp-json\/wp\/v2\/product"}],"about":[{"href":"https:\/\/safetypartners.fi\/kauppa\/wp-json\/wp\/v2\/types\/product"}],"replies":[{"embeddable":true,"href":"https:\/\/safetypartners.fi\/kauppa\/wp-json\/wp\/v2\/comments?post=792"}],"version-history":[{"count":2,"href":"https:\/\/safetypartners.fi\/kauppa\/wp-json\/wp\/v2\/product\/792\/revisions"}],"predecessor-version":[{"id":1500,"href":"https:\/\/safetypartners.fi\/kauppa\/wp-json\/wp\/v2\/product\/792\/revisions\/1500"}],"wp:featuredmedia":[{"embeddable":true,"href":"https:\/\/safetypartners.fi\/kauppa\/wp-json\/wp\/v2\/media\/986"}],"wp:attachment":[{"href":"https:\/\/safetypartners.fi\/kauppa\/wp-json\/wp\/v2\/media?parent=792"}],"wp:term":[{"taxonomy":"product_brand","embeddable":true,"href":"https:\/\/safetypartners.fi\/kauppa\/wp-json\/wp\/v2\/product_brand?post=792"},{"taxonomy":"product_cat","embeddable":true,"href":"https:\/\/safetypartners.fi\/kauppa\/wp-json\/wp\/v2\/product_cat?post=792"},{"taxonomy":"product_tag","embeddable":true,"href":"https:\/\/safetypartners.fi\/kauppa\/wp-json\/wp\/v2\/product_tag?post=792"}],"curies":[{"name":"wp","href":"https:\/\/api.w.org\/{rel}","templated":true}]}}