{"id":891,"date":"2022-08-18T16:51:47","date_gmt":"2022-08-18T13:51:47","guid":{"rendered":"https:\/\/safetypartners.fi\/kauppa\/?post_type=product&#038;p=891"},"modified":"2026-01-28T13:57:07","modified_gmt":"2026-01-28T11:57:07","slug":"palovaroittimen-testikaasu-sleepsafe","status":"publish","type":"product","link":"https:\/\/safetypartners.fi\/kauppa\/tuote\/palovaroittimen-testikaasu-sleepsafe","title":{"rendered":"Palovaroittimen testikaasu SleepSafe"},"content":{"rendered":"<p>SleepSafe soveltuu palovaroittimien testaamisen lis\u00e4ksi hyvin my\u00f6s palo-ovien testaukseen, jotka sulkeutuvat ilmaisimen haistaessa savua. Palovaroittimen testikaasua k\u00e4ytet\u00e4\u00e4n usein ammattitarkoituksessa poistumisharjoituksia j\u00e4rjestett\u00e4ess\u00e4, luomaan todentuntuisemman simulaatiotilanteen.<\/p>\n<p><strong>Ominaisuudet:<\/strong><\/p>\n<ul>\n<li>Reilun kokoinen spraypullo (150 ml) riitt\u00e4\u00e4 hyvin moneen testiin<\/li>\n<li>Testisavu on t\u00e4ysin haihtuvaa, eik\u00e4 vahingoita palovaroittimen ilmaisinta esim. tupakan tai palavan paperin k\u00e4ryn tavoin<\/li>\n<li>K\u00e4ytett\u00e4viss\u00e4 sek\u00e4 optisiin ett\u00e4 ionisiin palovaroittimiin<\/li>\n<li>Tehoaineena ymp\u00e4rist\u00f6yst\u00e4v\u00e4llinen ponnekaasu<\/li>\n<\/ul>\n","protected":false},"excerpt":{"rendered":"<p><strong>SleepSafe-aerosoli<\/strong> j\u00e4ljittelee savua ja on n\u00e4in turvallinen testikaasu palovaroittimille. Suihketta hy\u00f6dynnet\u00e4\u00e4n yksinkertaisissa ja realistisissa palovaroitintesteiss\u00e4. Kun haluat varmistaa, ett\u00e4 varoittimesi varmasti toimii, k\u00e4yt\u00e4 SleepSafe-testikaasua.<\/p>\n<p>Palovaroitinta testattaessa testauspainiketta painamalla ilmenee vain se, ett\u00e4 varoittimen elektroniikka toimii. Ilmaisuherkkyys tositilanteessa selvi\u00e4\u00e4 kuitenkin vain testisavun avulla.<\/p>\n","protected":false},"featured_media":1043,"comment_status":"open","ping_status":"closed","template":"","meta":{"_uag_custom_page_level_css":"","site-sidebar-layout":"default","site-content-layout":"default","ast-site-content-layout":"default","site-content-style":"default","site-sidebar-style":"default","ast-global-header-display":"","ast-banner-title-visibility":"","ast-main-header-display":"","ast-hfb-above-header-display":"","ast-hfb-below-header-display":"","ast-hfb-mobile-header-display":"","site-post-title":"","ast-breadcrumbs-content":"","ast-featured-img":"","footer-sml-layout":"","ast-disable-related-posts":"","theme-transparent-header-meta":"default","adv-header-id-meta":"","stick-header-meta":"default","header-above-stick-meta":"","header-main-stick-meta":"","header-below-stick-meta":"","astra-migrate-meta-layouts":"set","ast-page-background-enabled":"default","ast-page-background-meta":{"desktop":{"background-color":"","background-image":"","background-repeat":"repeat","background-position":"center center","background-size":"auto","background-attachment":"scroll","background-type":"","background-media":"","overlay-type":"","overlay-color":"","overlay-opacity":"","overlay-gradient":""},"tablet":{"background-color":"","background-image":"","background-repeat":"repeat","background-position":"center center","background-size":"auto","background-attachment":"scroll","background-type":"","background-media":"","overlay-type":"","overlay-color":"","overlay-opacity":"","overlay-gradient":""},"mobile":{"background-color":"","background-image":"","background-repeat":"repeat","background-position":"center center","background-size":"auto","background-attachment":"scroll","background-type":"","background-media":"","overlay-type":"","overlay-color":"","overlay-opacity":"","overlay-gradient":""}},"ast-content-background-meta":{"desktop":{"background-color":"var(--ast-global-color-5)","background-image":"","background-repeat":"repeat","background-position":"center center","background-size":"auto","background-attachment":"scroll","background-type":"","background-media":"","overlay-type":"","overlay-color":"","overlay-opacity":"","overlay-gradient":""},"tablet":{"background-color":"var(--ast-global-color-5)","background-image":"","background-repeat":"repeat","background-position":"center center","background-size":"auto","background-attachment":"scroll","background-type":"","background-media":"","overlay-type":"","overlay-color":"","overlay-opacity":"","overlay-gradient":""},"mobile":{"background-color":"var(--ast-global-color-5)","background-image":"","background-repeat":"repeat","background-position":"center center","background-size":"auto","background-attachment":"scroll","background-type":"","background-media":"","overlay-type":"","overlay-color":"","overlay-opacity":"","overlay-gradient":""}}},"product_brand":[],"product_cat":[15,30,313],"product_tag":[331,503,317,465,1237,1239,1238,1236,34],"class_list":{"0":"post-891","1":"product","2":"type-product","3":"status-publish","4":"has-post-thumbnail","6":"product_cat-yleinen","7":"product_cat-paloturvallisuus","8":"product_cat-palovaroitintarvikkeet","9":"product_tag-halytin","10":"product_tag-ilmaisuherkkyys","11":"product_tag-palovaroitin","12":"product_tag-palovaroittimelle","13":"product_tag-sleepsafe","14":"product_tag-suihke","15":"product_tag-testaaminen","16":"product_tag-testikaasu","17":"product_tag-varoitin","18":"product_shipping_class-suomi","19":"desktop-align-center","20":"tablet-align-center","21":"mobile-align-center","22":"ast-product-gallery-layout-horizontal-slider","23":"ast-product-gallery-with-no-image","24":"ast-product-tabs-layout-horizontal","26":"first","27":"instock","28":"taxable","29":"shipping-taxable","30":"purchasable","31":"product-type-simple"},"yoast_head":"<!-- This site is optimized with the Yoast SEO plugin v27.3 - https:\/\/yoast.com\/product\/yoast-seo-wordpress\/ -->\n<title>Palovaroittimen testikaasu SleepSafe - Safety Partners<\/title>\n<meta name=\"description\" content=\"Suihke j\u00e4ljittelee savua ja on n\u00e4in turvallinen testikaasu palovaroittimille. Kun haluat varmistaa, ett\u00e4\u00a0varoittimesi ilmaisuherkkyys toimii.\" \/>\n<meta name=\"robots\" content=\"index, follow, max-snippet:-1, max-image-preview:large, max-video-preview:-1\" \/>\n<link rel=\"canonical\" href=\"https:\/\/safetypartners.fi\/kauppa\/tuote\/palovaroittimen-testikaasu-sleepsafe\" \/>\n<meta property=\"og:locale\" content=\"fi_FI\" \/>\n<meta property=\"og:type\" content=\"article\" \/>\n<meta property=\"og:title\" content=\"Palovaroittimen testikaasu SleepSafe - Safety Partners\" \/>\n<meta property=\"og:description\" content=\"Suihke j\u00e4ljittelee savua ja on n\u00e4in turvallinen testikaasu palovaroittimille. Kun haluat varmistaa, ett\u00e4\u00a0varoittimesi ilmaisuherkkyys toimii.\" \/>\n<meta property=\"og:url\" content=\"https:\/\/safetypartners.fi\/kauppa\/tuote\/palovaroittimen-testikaasu-sleepsafe\" \/>\n<meta property=\"og:site_name\" content=\"Safety Partners\" \/>\n<meta property=\"article:modified_time\" content=\"2026-01-28T11:57:07+00:00\" \/>\n<meta property=\"og:image\" content=\"https:\/\/safetypartners.fi\/kauppa\/wp-content\/uploads\/2022\/08\/SleepSafe-testikaasu.png\" \/>\n\t<meta property=\"og:image:width\" content=\"820\" \/>\n\t<meta property=\"og:image:height\" content=\"827\" \/>\n\t<meta property=\"og:image:type\" content=\"image\/png\" \/>\n<meta name=\"twitter:card\" content=\"summary_large_image\" \/>\n<meta name=\"twitter:label1\" content=\"Arvioitu lukuaika\" \/>\n\t<meta name=\"twitter:data1\" content=\"1 minuutti\" \/>\n<script type=\"application\/ld+json\" class=\"yoast-schema-graph\">{\"@context\":\"https:\\\/\\\/schema.org\",\"@graph\":[{\"@type\":\"WebPage\",\"@id\":\"https:\\\/\\\/safetypartners.fi\\\/kauppa\\\/tuote\\\/palovaroittimen-testikaasu-sleepsafe\",\"url\":\"https:\\\/\\\/safetypartners.fi\\\/kauppa\\\/tuote\\\/palovaroittimen-testikaasu-sleepsafe\",\"name\":\"Palovaroittimen testikaasu SleepSafe - Safety Partners\",\"isPartOf\":{\"@id\":\"https:\\\/\\\/safetypartners.fi\\\/kauppa\\\/#website\"},\"primaryImageOfPage\":{\"@id\":\"https:\\\/\\\/safetypartners.fi\\\/kauppa\\\/tuote\\\/palovaroittimen-testikaasu-sleepsafe#primaryimage\"},\"image\":{\"@id\":\"https:\\\/\\\/safetypartners.fi\\\/kauppa\\\/tuote\\\/palovaroittimen-testikaasu-sleepsafe#primaryimage\"},\"thumbnailUrl\":\"https:\\\/\\\/safetypartners.fi\\\/kauppa\\\/wp-content\\\/uploads\\\/2022\\\/08\\\/SleepSafe-testikaasu.png\",\"datePublished\":\"2022-08-18T13:51:47+00:00\",\"dateModified\":\"2026-01-28T11:57:07+00:00\",\"description\":\"Suihke j\u00e4ljittelee savua ja on n\u00e4in turvallinen testikaasu palovaroittimille. Kun haluat varmistaa, ett\u00e4\u00a0varoittimesi ilmaisuherkkyys toimii.\",\"breadcrumb\":{\"@id\":\"https:\\\/\\\/safetypartners.fi\\\/kauppa\\\/tuote\\\/palovaroittimen-testikaasu-sleepsafe#breadcrumb\"},\"inLanguage\":\"fi\",\"potentialAction\":[{\"@type\":\"ReadAction\",\"target\":[\"https:\\\/\\\/safetypartners.fi\\\/kauppa\\\/tuote\\\/palovaroittimen-testikaasu-sleepsafe\"]}]},{\"@type\":\"ImageObject\",\"inLanguage\":\"fi\",\"@id\":\"https:\\\/\\\/safetypartners.fi\\\/kauppa\\\/tuote\\\/palovaroittimen-testikaasu-sleepsafe#primaryimage\",\"url\":\"https:\\\/\\\/safetypartners.fi\\\/kauppa\\\/wp-content\\\/uploads\\\/2022\\\/08\\\/SleepSafe-testikaasu.png\",\"contentUrl\":\"https:\\\/\\\/safetypartners.fi\\\/kauppa\\\/wp-content\\\/uploads\\\/2022\\\/08\\\/SleepSafe-testikaasu.png\",\"width\":820,\"height\":827},{\"@type\":\"BreadcrumbList\",\"@id\":\"https:\\\/\\\/safetypartners.fi\\\/kauppa\\\/tuote\\\/palovaroittimen-testikaasu-sleepsafe#breadcrumb\",\"itemListElement\":[{\"@type\":\"ListItem\",\"position\":1,\"name\":\"Home\",\"item\":\"https:\\\/\\\/safetypartners.fi\\\/kauppa\\\/\"},{\"@type\":\"ListItem\",\"position\":2,\"name\":\"Kauppa\",\"item\":\"https:\\\/\\\/safetypartners.fi\\\/kauppa\\\/kauppa\"},{\"@type\":\"ListItem\",\"position\":3,\"name\":\"Palovaroittimen testikaasu SleepSafe\"}]},{\"@type\":\"WebSite\",\"@id\":\"https:\\\/\\\/safetypartners.fi\\\/kauppa\\\/#website\",\"url\":\"https:\\\/\\\/safetypartners.fi\\\/kauppa\\\/\",\"name\":\"Safety Partners\",\"description\":\"Safety Partners turvakauppa palvelee verkossa 24\\\/7!\",\"publisher\":{\"@id\":\"https:\\\/\\\/safetypartners.fi\\\/kauppa\\\/#organization\"},\"potentialAction\":[{\"@type\":\"SearchAction\",\"target\":{\"@type\":\"EntryPoint\",\"urlTemplate\":\"https:\\\/\\\/safetypartners.fi\\\/kauppa\\\/?s={search_term_string}\"},\"query-input\":{\"@type\":\"PropertyValueSpecification\",\"valueRequired\":true,\"valueName\":\"search_term_string\"}}],\"inLanguage\":\"fi\"},{\"@type\":\"Organization\",\"@id\":\"https:\\\/\\\/safetypartners.fi\\\/kauppa\\\/#organization\",\"name\":\"Safety Partners | Suomen Sammutinpalvelu\",\"url\":\"https:\\\/\\\/safetypartners.fi\\\/kauppa\\\/\",\"logo\":{\"@type\":\"ImageObject\",\"inLanguage\":\"fi\",\"@id\":\"https:\\\/\\\/safetypartners.fi\\\/kauppa\\\/#\\\/schema\\\/logo\\\/image\\\/\",\"url\":\"https:\\\/\\\/safetypartners.fi\\\/kauppa\\\/wp-content\\\/uploads\\\/2020\\\/05\\\/cropped-Logoke-1.jpg\",\"contentUrl\":\"https:\\\/\\\/safetypartners.fi\\\/kauppa\\\/wp-content\\\/uploads\\\/2020\\\/05\\\/cropped-Logoke-1.jpg\",\"width\":847,\"height\":717,\"caption\":\"Safety Partners | Suomen Sammutinpalvelu\"},\"image\":{\"@id\":\"https:\\\/\\\/safetypartners.fi\\\/kauppa\\\/#\\\/schema\\\/logo\\\/image\\\/\"}}]}<\/script>\n<!-- \/ Yoast SEO plugin. -->","yoast_head_json":{"title":"Palovaroittimen testikaasu SleepSafe - Safety Partners","description":"Suihke j\u00e4ljittelee savua ja on n\u00e4in turvallinen testikaasu palovaroittimille. Kun haluat varmistaa, ett\u00e4\u00a0varoittimesi ilmaisuherkkyys toimii.","robots":{"index":"index","follow":"follow","max-snippet":"max-snippet:-1","max-image-preview":"max-image-preview:large","max-video-preview":"max-video-preview:-1"},"canonical":"https:\/\/safetypartners.fi\/kauppa\/tuote\/palovaroittimen-testikaasu-sleepsafe","og_locale":"fi_FI","og_type":"article","og_title":"Palovaroittimen testikaasu SleepSafe - Safety Partners","og_description":"Suihke j\u00e4ljittelee savua ja on n\u00e4in turvallinen testikaasu palovaroittimille. Kun haluat varmistaa, ett\u00e4\u00a0varoittimesi ilmaisuherkkyys toimii.","og_url":"https:\/\/safetypartners.fi\/kauppa\/tuote\/palovaroittimen-testikaasu-sleepsafe","og_site_name":"Safety Partners","article_modified_time":"2026-01-28T11:57:07+00:00","og_image":[{"width":820,"height":827,"url":"https:\/\/safetypartners.fi\/kauppa\/wp-content\/uploads\/2022\/08\/SleepSafe-testikaasu.png","type":"image\/png"}],"twitter_card":"summary_large_image","twitter_misc":{"Arvioitu lukuaika":"1 minuutti"},"schema":{"@context":"https:\/\/schema.org","@graph":[{"@type":"WebPage","@id":"https:\/\/safetypartners.fi\/kauppa\/tuote\/palovaroittimen-testikaasu-sleepsafe","url":"https:\/\/safetypartners.fi\/kauppa\/tuote\/palovaroittimen-testikaasu-sleepsafe","name":"Palovaroittimen testikaasu SleepSafe - Safety Partners","isPartOf":{"@id":"https:\/\/safetypartners.fi\/kauppa\/#website"},"primaryImageOfPage":{"@id":"https:\/\/safetypartners.fi\/kauppa\/tuote\/palovaroittimen-testikaasu-sleepsafe#primaryimage"},"image":{"@id":"https:\/\/safetypartners.fi\/kauppa\/tuote\/palovaroittimen-testikaasu-sleepsafe#primaryimage"},"thumbnailUrl":"https:\/\/safetypartners.fi\/kauppa\/wp-content\/uploads\/2022\/08\/SleepSafe-testikaasu.png","datePublished":"2022-08-18T13:51:47+00:00","dateModified":"2026-01-28T11:57:07+00:00","description":"Suihke j\u00e4ljittelee savua ja on n\u00e4in turvallinen testikaasu palovaroittimille. Kun haluat varmistaa, ett\u00e4\u00a0varoittimesi ilmaisuherkkyys toimii.","breadcrumb":{"@id":"https:\/\/safetypartners.fi\/kauppa\/tuote\/palovaroittimen-testikaasu-sleepsafe#breadcrumb"},"inLanguage":"fi","potentialAction":[{"@type":"ReadAction","target":["https:\/\/safetypartners.fi\/kauppa\/tuote\/palovaroittimen-testikaasu-sleepsafe"]}]},{"@type":"ImageObject","inLanguage":"fi","@id":"https:\/\/safetypartners.fi\/kauppa\/tuote\/palovaroittimen-testikaasu-sleepsafe#primaryimage","url":"https:\/\/safetypartners.fi\/kauppa\/wp-content\/uploads\/2022\/08\/SleepSafe-testikaasu.png","contentUrl":"https:\/\/safetypartners.fi\/kauppa\/wp-content\/uploads\/2022\/08\/SleepSafe-testikaasu.png","width":820,"height":827},{"@type":"BreadcrumbList","@id":"https:\/\/safetypartners.fi\/kauppa\/tuote\/palovaroittimen-testikaasu-sleepsafe#breadcrumb","itemListElement":[{"@type":"ListItem","position":1,"name":"Home","item":"https:\/\/safetypartners.fi\/kauppa\/"},{"@type":"ListItem","position":2,"name":"Kauppa","item":"https:\/\/safetypartners.fi\/kauppa\/kauppa"},{"@type":"ListItem","position":3,"name":"Palovaroittimen testikaasu SleepSafe"}]},{"@type":"WebSite","@id":"https:\/\/safetypartners.fi\/kauppa\/#website","url":"https:\/\/safetypartners.fi\/kauppa\/","name":"Safety Partners","description":"Safety Partners turvakauppa palvelee verkossa 24\/7!","publisher":{"@id":"https:\/\/safetypartners.fi\/kauppa\/#organization"},"potentialAction":[{"@type":"SearchAction","target":{"@type":"EntryPoint","urlTemplate":"https:\/\/safetypartners.fi\/kauppa\/?s={search_term_string}"},"query-input":{"@type":"PropertyValueSpecification","valueRequired":true,"valueName":"search_term_string"}}],"inLanguage":"fi"},{"@type":"Organization","@id":"https:\/\/safetypartners.fi\/kauppa\/#organization","name":"Safety Partners | Suomen Sammutinpalvelu","url":"https:\/\/safetypartners.fi\/kauppa\/","logo":{"@type":"ImageObject","inLanguage":"fi","@id":"https:\/\/safetypartners.fi\/kauppa\/#\/schema\/logo\/image\/","url":"https:\/\/safetypartners.fi\/kauppa\/wp-content\/uploads\/2020\/05\/cropped-Logoke-1.jpg","contentUrl":"https:\/\/safetypartners.fi\/kauppa\/wp-content\/uploads\/2020\/05\/cropped-Logoke-1.jpg","width":847,"height":717,"caption":"Safety Partners | Suomen Sammutinpalvelu"},"image":{"@id":"https:\/\/safetypartners.fi\/kauppa\/#\/schema\/logo\/image\/"}}]}},"uagb_featured_image_src":{"full":["https:\/\/safetypartners.fi\/kauppa\/wp-content\/uploads\/2022\/08\/SleepSafe-testikaasu.png",820,827,false],"thumbnail":["https:\/\/safetypartners.fi\/kauppa\/wp-content\/uploads\/2022\/08\/SleepSafe-testikaasu-150x150.png",150,150,true],"medium":["https:\/\/safetypartners.fi\/kauppa\/wp-content\/uploads\/2022\/08\/SleepSafe-testikaasu-297x300.png",297,300,true],"medium_large":["https:\/\/safetypartners.fi\/kauppa\/wp-content\/uploads\/2022\/08\/SleepSafe-testikaasu-768x775.png",768,775,true],"large":["https:\/\/safetypartners.fi\/kauppa\/wp-content\/uploads\/2022\/08\/SleepSafe-testikaasu.png",820,827,false],"1536x1536":["https:\/\/safetypartners.fi\/kauppa\/wp-content\/uploads\/2022\/08\/SleepSafe-testikaasu.png",820,827,false],"2048x2048":["https:\/\/safetypartners.fi\/kauppa\/wp-content\/uploads\/2022\/08\/SleepSafe-testikaasu.png",820,827,false],"woocommerce_thumbnail":["https:\/\/safetypartners.fi\/kauppa\/wp-content\/uploads\/2022\/08\/SleepSafe-testikaasu-300x300.png",300,300,true],"woocommerce_single":["https:\/\/safetypartners.fi\/kauppa\/wp-content\/uploads\/2022\/08\/SleepSafe-testikaasu-600x605.png",600,605,true],"woocommerce_gallery_thumbnail":["https:\/\/safetypartners.fi\/kauppa\/wp-content\/uploads\/2022\/08\/SleepSafe-testikaasu-100x100.png",100,100,true]},"uagb_author_info":{"display_name":"Anu Lehto","author_link":"https:\/\/safetypartners.fi\/kauppa\/author"},"uagb_comment_info":0,"uagb_excerpt":"SleepSafe-aerosoli j\u00e4ljittelee savua ja on n\u00e4in turvallinen testikaasu palovaroittimille. Suihketta hy\u00f6dynnet\u00e4\u00e4n yksinkertaisissa ja realistisissa palovaroitintesteiss\u00e4. Kun haluat varmistaa, ett\u00e4 varoittimesi varmasti toimii, k\u00e4yt\u00e4 SleepSafe-testikaasua. Palovaroitinta testattaessa testauspainiketta painamalla ilmenee vain se, ett\u00e4 varoittimen elektroniikka toimii. Ilmaisuherkkyys tositilanteessa selvi\u00e4\u00e4 kuitenkin vain testisavun avulla.","_links":{"self":[{"href":"https:\/\/safetypartners.fi\/kauppa\/wp-json\/wp\/v2\/product\/891","targetHints":{"allow":["GET"]}}],"collection":[{"href":"https:\/\/safetypartners.fi\/kauppa\/wp-json\/wp\/v2\/product"}],"about":[{"href":"https:\/\/safetypartners.fi\/kauppa\/wp-json\/wp\/v2\/types\/product"}],"replies":[{"embeddable":true,"href":"https:\/\/safetypartners.fi\/kauppa\/wp-json\/wp\/v2\/comments?post=891"}],"version-history":[{"count":5,"href":"https:\/\/safetypartners.fi\/kauppa\/wp-json\/wp\/v2\/product\/891\/revisions"}],"predecessor-version":[{"id":3254,"href":"https:\/\/safetypartners.fi\/kauppa\/wp-json\/wp\/v2\/product\/891\/revisions\/3254"}],"wp:featuredmedia":[{"embeddable":true,"href":"https:\/\/safetypartners.fi\/kauppa\/wp-json\/wp\/v2\/media\/1043"}],"wp:attachment":[{"href":"https:\/\/safetypartners.fi\/kauppa\/wp-json\/wp\/v2\/media?parent=891"}],"wp:term":[{"taxonomy":"product_brand","embeddable":true,"href":"https:\/\/safetypartners.fi\/kauppa\/wp-json\/wp\/v2\/product_brand?post=891"},{"taxonomy":"product_cat","embeddable":true,"href":"https:\/\/safetypartners.fi\/kauppa\/wp-json\/wp\/v2\/product_cat?post=891"},{"taxonomy":"product_tag","embeddable":true,"href":"https:\/\/safetypartners.fi\/kauppa\/wp-json\/wp\/v2\/product_tag?post=891"}],"curies":[{"name":"wp","href":"https:\/\/api.w.org\/{rel}","templated":true}]}}