{"id":893,"date":"2022-08-18T16:51:48","date_gmt":"2022-08-18T13:51:48","guid":{"rendered":"https:\/\/safetypartners.fi\/kauppa\/?post_type=product&#038;p=893"},"modified":"2026-01-28T13:18:32","modified_gmt":"2026-01-28T11:18:32","slug":"yhdistelmavaroitin-10sco-kidde","status":"publish","type":"product","link":"https:\/\/safetypartners.fi\/kauppa\/tuote\/yhdistelmavaroitin-10sco-kidde","title":{"rendered":"Yhdistelm\u00e4varoitin 10SCO, Kidde"},"content":{"rendered":"<ul>\n<li>Malli: 10SCO<\/li>\n<li>Voimakas h\u00e4lytys\u00e4\u00e4ni: 85 dB<\/li>\n<li>Testaus- ja kuittauspainike \/ vaiennuspainike<\/li>\n<li id=\"GXRB9BO\">Paristot (2x AA) sek\u00e4 kiinnitystarvikkeet pakkauksessa<\/li>\n<li>Mitat: 145 x 145 x 45 mm<\/li>\n<li>Varoittimen paino 0,360 kg<\/li>\n<li>Takuu ja k\u00e4ytt\u00f6ik\u00e4: 10 vuotta<\/li>\n<\/ul>\n<p>HUOM. Kaikkien varoittimien k\u00e4ytt\u00f6ik\u00e4\u00e4n vaikuttaa ymp\u00e4rist\u00f6n l\u00e4mp\u00f6tila, ilman kosteus, varoittimen mahdollinen likaantuminen ja aktiivisuus (tihe\u00e4t varoitukset). Muistathan puhdistaa varoittimen hell\u00e4varaisesti imuroiden kuukausittain.<\/p>\n","protected":false},"excerpt":{"rendered":"<p><strong>Uudistuneessa Kidden yhdistelm\u00e4varoittimessa <\/strong>toimivat optinen palovaroitin ja h\u00e4k\u00e4varoitin samassa paketissa. Varoitin tunnistaa sek\u00e4 savun ett\u00e4 h\u00e4k\u00e4kaasun (hiilimonoksidin).\u00a0 10SCO-varoitin on n\u00e4in hy\u00f6dyksi kaikissa tiloissa, joissa on tulisija sek\u00e4 esimerkiksi veneiss\u00e4 ja asuntovaunuissa.<\/p>\n<p>Yhdistelm\u00e4varoittimella selvi\u00e4t yhdell\u00e4 asennuksella ja paristonvaihdoilla. H\u00e4lytys\u00e4\u00e4nien lis\u00e4ksi varoitin ilmoittaa puhumalla vaarallisen korkeista h\u00e4k\u00e4arvoista, tulipalon vaarasta sek\u00e4 heikentyv\u00e4st\u00e4 paristonvarauksesta.<\/p>\n<p>10 vuoden k\u00e4ytt\u00f6ik\u00e4 aktivoituu asennuksen yhteydess\u00e4.<\/p>\n","protected":false},"featured_media":1858,"comment_status":"open","ping_status":"closed","template":"","meta":{"_uag_custom_page_level_css":"","site-sidebar-layout":"default","site-content-layout":"default","ast-site-content-layout":"default","site-content-style":"default","site-sidebar-style":"default","ast-global-header-display":"","ast-banner-title-visibility":"","ast-main-header-display":"","ast-hfb-above-header-display":"","ast-hfb-below-header-display":"","ast-hfb-mobile-header-display":"","site-post-title":"","ast-breadcrumbs-content":"","ast-featured-img":"","footer-sml-layout":"","ast-disable-related-posts":"","theme-transparent-header-meta":"default","adv-header-id-meta":"","stick-header-meta":"default","header-above-stick-meta":"","header-main-stick-meta":"","header-below-stick-meta":"","astra-migrate-meta-layouts":"set","ast-page-background-enabled":"default","ast-page-background-meta":{"desktop":{"background-color":"","background-image":"","background-repeat":"repeat","background-position":"center center","background-size":"auto","background-attachment":"scroll","background-type":"","background-media":"","overlay-type":"","overlay-color":"","overlay-opacity":"","overlay-gradient":""},"tablet":{"background-color":"","background-image":"","background-repeat":"repeat","background-position":"center center","background-size":"auto","background-attachment":"scroll","background-type":"","background-media":"","overlay-type":"","overlay-color":"","overlay-opacity":"","overlay-gradient":""},"mobile":{"background-color":"","background-image":"","background-repeat":"repeat","background-position":"center center","background-size":"auto","background-attachment":"scroll","background-type":"","background-media":"","overlay-type":"","overlay-color":"","overlay-opacity":"","overlay-gradient":""}},"ast-content-background-meta":{"desktop":{"background-color":"var(--ast-global-color-5)","background-image":"","background-repeat":"repeat","background-position":"center center","background-size":"auto","background-attachment":"scroll","background-type":"","background-media":"","overlay-type":"","overlay-color":"","overlay-opacity":"","overlay-gradient":""},"tablet":{"background-color":"var(--ast-global-color-5)","background-image":"","background-repeat":"repeat","background-position":"center center","background-size":"auto","background-attachment":"scroll","background-type":"","background-media":"","overlay-type":"","overlay-color":"","overlay-opacity":"","overlay-gradient":""},"mobile":{"background-color":"var(--ast-global-color-5)","background-image":"","background-repeat":"repeat","background-position":"center center","background-size":"auto","background-attachment":"scroll","background-type":"","background-media":"","overlay-type":"","overlay-color":"","overlay-opacity":"","overlay-gradient":""}}},"product_brand":[],"product_cat":[314,15,30,216,601],"product_tag":[422,483,485,487,484,230,318,602],"class_list":{"0":"post-893","1":"product","2":"type-product","3":"status-publish","4":"has-post-thumbnail","6":"product_cat-hakavaroittimet","7":"product_cat-yleinen","8":"product_cat-paloturvallisuus","9":"product_cat-palovaroittimet","10":"product_cat-yksittaiset-palovaroittimet","11":"product_tag-haka","12":"product_tag-haka-ja-palovaroitin","13":"product_tag-hiilimonoksidi","14":"product_tag-kaasu","15":"product_tag-kidde","16":"product_tag-mokille","17":"product_tag-optinen","18":"product_tag-yhdistelmavaroitin","19":"product_shipping_class-suomi","20":"desktop-align-center","21":"tablet-align-center","22":"mobile-align-center","23":"ast-product-gallery-layout-horizontal-slider","24":"ast-product-gallery-with-no-image","25":"ast-product-tabs-layout-horizontal","27":"first","28":"instock","29":"sold-individually","30":"taxable","31":"shipping-taxable","32":"purchasable","33":"product-type-simple"},"yoast_head":"<!-- This site is optimized with the Yoast SEO plugin v27.3 - https:\/\/yoast.com\/product\/yoast-seo-wordpress\/ -->\n<title>Yhdistelm\u00e4varoitin 10SCO, Kidde - Safety Partners<\/title>\n<meta name=\"description\" content=\"Optinen palovaroitin ja h\u00e4k\u00e4varoitin samassa paketissa. Kaikkiin tiloihin, joihin vaaditaan palovaroitinta mutta joissa on my\u00f6s tulisija.\" \/>\n<meta name=\"robots\" content=\"index, follow, max-snippet:-1, max-image-preview:large, max-video-preview:-1\" \/>\n<link rel=\"canonical\" href=\"https:\/\/safetypartners.fi\/kauppa\/tuote\/yhdistelmavaroitin-10sco-kidde\" \/>\n<meta property=\"og:locale\" content=\"fi_FI\" \/>\n<meta property=\"og:type\" content=\"article\" \/>\n<meta property=\"og:title\" content=\"Yhdistelm\u00e4varoitin 10SCO, Kidde - Safety Partners\" \/>\n<meta property=\"og:description\" content=\"Optinen palovaroitin ja h\u00e4k\u00e4varoitin samassa paketissa. Kaikkiin tiloihin, joihin vaaditaan palovaroitinta mutta joissa on my\u00f6s tulisija.\" \/>\n<meta property=\"og:url\" content=\"https:\/\/safetypartners.fi\/kauppa\/tuote\/yhdistelmavaroitin-10sco-kidde\" \/>\n<meta property=\"og:site_name\" content=\"Safety Partners\" \/>\n<meta property=\"article:modified_time\" content=\"2026-01-28T11:18:32+00:00\" \/>\n<meta property=\"og:image\" content=\"https:\/\/safetypartners.fi\/kauppa\/wp-content\/uploads\/2022\/08\/K10SCO.jpg\" \/>\n\t<meta property=\"og:image:width\" content=\"1260\" \/>\n\t<meta property=\"og:image:height\" content=\"1260\" \/>\n\t<meta property=\"og:image:type\" content=\"image\/jpeg\" \/>\n<meta name=\"twitter:card\" content=\"summary_large_image\" \/>\n<meta name=\"twitter:label1\" content=\"Arvioitu lukuaika\" \/>\n\t<meta name=\"twitter:data1\" content=\"1 minuutti\" \/>\n<script type=\"application\/ld+json\" class=\"yoast-schema-graph\">{\"@context\":\"https:\\\/\\\/schema.org\",\"@graph\":[{\"@type\":\"WebPage\",\"@id\":\"https:\\\/\\\/safetypartners.fi\\\/kauppa\\\/tuote\\\/yhdistelmavaroitin-10sco-kidde\",\"url\":\"https:\\\/\\\/safetypartners.fi\\\/kauppa\\\/tuote\\\/yhdistelmavaroitin-10sco-kidde\",\"name\":\"Yhdistelm\u00e4varoitin 10SCO, Kidde - Safety Partners\",\"isPartOf\":{\"@id\":\"https:\\\/\\\/safetypartners.fi\\\/kauppa\\\/#website\"},\"primaryImageOfPage\":{\"@id\":\"https:\\\/\\\/safetypartners.fi\\\/kauppa\\\/tuote\\\/yhdistelmavaroitin-10sco-kidde#primaryimage\"},\"image\":{\"@id\":\"https:\\\/\\\/safetypartners.fi\\\/kauppa\\\/tuote\\\/yhdistelmavaroitin-10sco-kidde#primaryimage\"},\"thumbnailUrl\":\"https:\\\/\\\/safetypartners.fi\\\/kauppa\\\/wp-content\\\/uploads\\\/2022\\\/08\\\/K10SCO.jpg\",\"datePublished\":\"2022-08-18T13:51:48+00:00\",\"dateModified\":\"2026-01-28T11:18:32+00:00\",\"description\":\"Optinen palovaroitin ja h\u00e4k\u00e4varoitin samassa paketissa. Kaikkiin tiloihin, joihin vaaditaan palovaroitinta mutta joissa on my\u00f6s tulisija.\",\"breadcrumb\":{\"@id\":\"https:\\\/\\\/safetypartners.fi\\\/kauppa\\\/tuote\\\/yhdistelmavaroitin-10sco-kidde#breadcrumb\"},\"inLanguage\":\"fi\",\"potentialAction\":[{\"@type\":\"ReadAction\",\"target\":[\"https:\\\/\\\/safetypartners.fi\\\/kauppa\\\/tuote\\\/yhdistelmavaroitin-10sco-kidde\"]}]},{\"@type\":\"ImageObject\",\"inLanguage\":\"fi\",\"@id\":\"https:\\\/\\\/safetypartners.fi\\\/kauppa\\\/tuote\\\/yhdistelmavaroitin-10sco-kidde#primaryimage\",\"url\":\"https:\\\/\\\/safetypartners.fi\\\/kauppa\\\/wp-content\\\/uploads\\\/2022\\\/08\\\/K10SCO.jpg\",\"contentUrl\":\"https:\\\/\\\/safetypartners.fi\\\/kauppa\\\/wp-content\\\/uploads\\\/2022\\\/08\\\/K10SCO.jpg\",\"width\":1260,\"height\":1260},{\"@type\":\"BreadcrumbList\",\"@id\":\"https:\\\/\\\/safetypartners.fi\\\/kauppa\\\/tuote\\\/yhdistelmavaroitin-10sco-kidde#breadcrumb\",\"itemListElement\":[{\"@type\":\"ListItem\",\"position\":1,\"name\":\"Home\",\"item\":\"https:\\\/\\\/safetypartners.fi\\\/kauppa\\\/\"},{\"@type\":\"ListItem\",\"position\":2,\"name\":\"Kauppa\",\"item\":\"https:\\\/\\\/safetypartners.fi\\\/kauppa\\\/kauppa\"},{\"@type\":\"ListItem\",\"position\":3,\"name\":\"Yhdistelm\u00e4varoitin 10SCO, Kidde\"}]},{\"@type\":\"WebSite\",\"@id\":\"https:\\\/\\\/safetypartners.fi\\\/kauppa\\\/#website\",\"url\":\"https:\\\/\\\/safetypartners.fi\\\/kauppa\\\/\",\"name\":\"Safety Partners\",\"description\":\"Safety Partners turvakauppa palvelee verkossa 24\\\/7!\",\"publisher\":{\"@id\":\"https:\\\/\\\/safetypartners.fi\\\/kauppa\\\/#organization\"},\"potentialAction\":[{\"@type\":\"SearchAction\",\"target\":{\"@type\":\"EntryPoint\",\"urlTemplate\":\"https:\\\/\\\/safetypartners.fi\\\/kauppa\\\/?s={search_term_string}\"},\"query-input\":{\"@type\":\"PropertyValueSpecification\",\"valueRequired\":true,\"valueName\":\"search_term_string\"}}],\"inLanguage\":\"fi\"},{\"@type\":\"Organization\",\"@id\":\"https:\\\/\\\/safetypartners.fi\\\/kauppa\\\/#organization\",\"name\":\"Safety Partners | Suomen Sammutinpalvelu\",\"url\":\"https:\\\/\\\/safetypartners.fi\\\/kauppa\\\/\",\"logo\":{\"@type\":\"ImageObject\",\"inLanguage\":\"fi\",\"@id\":\"https:\\\/\\\/safetypartners.fi\\\/kauppa\\\/#\\\/schema\\\/logo\\\/image\\\/\",\"url\":\"https:\\\/\\\/safetypartners.fi\\\/kauppa\\\/wp-content\\\/uploads\\\/2020\\\/05\\\/cropped-Logoke-1.jpg\",\"contentUrl\":\"https:\\\/\\\/safetypartners.fi\\\/kauppa\\\/wp-content\\\/uploads\\\/2020\\\/05\\\/cropped-Logoke-1.jpg\",\"width\":847,\"height\":717,\"caption\":\"Safety Partners | Suomen Sammutinpalvelu\"},\"image\":{\"@id\":\"https:\\\/\\\/safetypartners.fi\\\/kauppa\\\/#\\\/schema\\\/logo\\\/image\\\/\"}}]}<\/script>\n<!-- \/ Yoast SEO plugin. -->","yoast_head_json":{"title":"Yhdistelm\u00e4varoitin 10SCO, Kidde - Safety Partners","description":"Optinen palovaroitin ja h\u00e4k\u00e4varoitin samassa paketissa. Kaikkiin tiloihin, joihin vaaditaan palovaroitinta mutta joissa on my\u00f6s tulisija.","robots":{"index":"index","follow":"follow","max-snippet":"max-snippet:-1","max-image-preview":"max-image-preview:large","max-video-preview":"max-video-preview:-1"},"canonical":"https:\/\/safetypartners.fi\/kauppa\/tuote\/yhdistelmavaroitin-10sco-kidde","og_locale":"fi_FI","og_type":"article","og_title":"Yhdistelm\u00e4varoitin 10SCO, Kidde - Safety Partners","og_description":"Optinen palovaroitin ja h\u00e4k\u00e4varoitin samassa paketissa. Kaikkiin tiloihin, joihin vaaditaan palovaroitinta mutta joissa on my\u00f6s tulisija.","og_url":"https:\/\/safetypartners.fi\/kauppa\/tuote\/yhdistelmavaroitin-10sco-kidde","og_site_name":"Safety Partners","article_modified_time":"2026-01-28T11:18:32+00:00","og_image":[{"width":1260,"height":1260,"url":"https:\/\/safetypartners.fi\/kauppa\/wp-content\/uploads\/2022\/08\/K10SCO.jpg","type":"image\/jpeg"}],"twitter_card":"summary_large_image","twitter_misc":{"Arvioitu lukuaika":"1 minuutti"},"schema":{"@context":"https:\/\/schema.org","@graph":[{"@type":"WebPage","@id":"https:\/\/safetypartners.fi\/kauppa\/tuote\/yhdistelmavaroitin-10sco-kidde","url":"https:\/\/safetypartners.fi\/kauppa\/tuote\/yhdistelmavaroitin-10sco-kidde","name":"Yhdistelm\u00e4varoitin 10SCO, Kidde - Safety Partners","isPartOf":{"@id":"https:\/\/safetypartners.fi\/kauppa\/#website"},"primaryImageOfPage":{"@id":"https:\/\/safetypartners.fi\/kauppa\/tuote\/yhdistelmavaroitin-10sco-kidde#primaryimage"},"image":{"@id":"https:\/\/safetypartners.fi\/kauppa\/tuote\/yhdistelmavaroitin-10sco-kidde#primaryimage"},"thumbnailUrl":"https:\/\/safetypartners.fi\/kauppa\/wp-content\/uploads\/2022\/08\/K10SCO.jpg","datePublished":"2022-08-18T13:51:48+00:00","dateModified":"2026-01-28T11:18:32+00:00","description":"Optinen palovaroitin ja h\u00e4k\u00e4varoitin samassa paketissa. Kaikkiin tiloihin, joihin vaaditaan palovaroitinta mutta joissa on my\u00f6s tulisija.","breadcrumb":{"@id":"https:\/\/safetypartners.fi\/kauppa\/tuote\/yhdistelmavaroitin-10sco-kidde#breadcrumb"},"inLanguage":"fi","potentialAction":[{"@type":"ReadAction","target":["https:\/\/safetypartners.fi\/kauppa\/tuote\/yhdistelmavaroitin-10sco-kidde"]}]},{"@type":"ImageObject","inLanguage":"fi","@id":"https:\/\/safetypartners.fi\/kauppa\/tuote\/yhdistelmavaroitin-10sco-kidde#primaryimage","url":"https:\/\/safetypartners.fi\/kauppa\/wp-content\/uploads\/2022\/08\/K10SCO.jpg","contentUrl":"https:\/\/safetypartners.fi\/kauppa\/wp-content\/uploads\/2022\/08\/K10SCO.jpg","width":1260,"height":1260},{"@type":"BreadcrumbList","@id":"https:\/\/safetypartners.fi\/kauppa\/tuote\/yhdistelmavaroitin-10sco-kidde#breadcrumb","itemListElement":[{"@type":"ListItem","position":1,"name":"Home","item":"https:\/\/safetypartners.fi\/kauppa\/"},{"@type":"ListItem","position":2,"name":"Kauppa","item":"https:\/\/safetypartners.fi\/kauppa\/kauppa"},{"@type":"ListItem","position":3,"name":"Yhdistelm\u00e4varoitin 10SCO, Kidde"}]},{"@type":"WebSite","@id":"https:\/\/safetypartners.fi\/kauppa\/#website","url":"https:\/\/safetypartners.fi\/kauppa\/","name":"Safety Partners","description":"Safety Partners turvakauppa palvelee verkossa 24\/7!","publisher":{"@id":"https:\/\/safetypartners.fi\/kauppa\/#organization"},"potentialAction":[{"@type":"SearchAction","target":{"@type":"EntryPoint","urlTemplate":"https:\/\/safetypartners.fi\/kauppa\/?s={search_term_string}"},"query-input":{"@type":"PropertyValueSpecification","valueRequired":true,"valueName":"search_term_string"}}],"inLanguage":"fi"},{"@type":"Organization","@id":"https:\/\/safetypartners.fi\/kauppa\/#organization","name":"Safety Partners | Suomen Sammutinpalvelu","url":"https:\/\/safetypartners.fi\/kauppa\/","logo":{"@type":"ImageObject","inLanguage":"fi","@id":"https:\/\/safetypartners.fi\/kauppa\/#\/schema\/logo\/image\/","url":"https:\/\/safetypartners.fi\/kauppa\/wp-content\/uploads\/2020\/05\/cropped-Logoke-1.jpg","contentUrl":"https:\/\/safetypartners.fi\/kauppa\/wp-content\/uploads\/2020\/05\/cropped-Logoke-1.jpg","width":847,"height":717,"caption":"Safety Partners | Suomen Sammutinpalvelu"},"image":{"@id":"https:\/\/safetypartners.fi\/kauppa\/#\/schema\/logo\/image\/"}}]}},"uagb_featured_image_src":{"full":["https:\/\/safetypartners.fi\/kauppa\/wp-content\/uploads\/2022\/08\/K10SCO.jpg",1260,1260,false],"thumbnail":["https:\/\/safetypartners.fi\/kauppa\/wp-content\/uploads\/2022\/08\/K10SCO-150x150.jpg",150,150,true],"medium":["https:\/\/safetypartners.fi\/kauppa\/wp-content\/uploads\/2022\/08\/K10SCO-300x300.jpg",300,300,true],"medium_large":["https:\/\/safetypartners.fi\/kauppa\/wp-content\/uploads\/2022\/08\/K10SCO-768x768.jpg",768,768,true],"large":["https:\/\/safetypartners.fi\/kauppa\/wp-content\/uploads\/2022\/08\/K10SCO-1024x1024.jpg",1024,1024,true],"1536x1536":["https:\/\/safetypartners.fi\/kauppa\/wp-content\/uploads\/2022\/08\/K10SCO.jpg",1260,1260,false],"2048x2048":["https:\/\/safetypartners.fi\/kauppa\/wp-content\/uploads\/2022\/08\/K10SCO.jpg",1260,1260,false],"woocommerce_thumbnail":["https:\/\/safetypartners.fi\/kauppa\/wp-content\/uploads\/2022\/08\/K10SCO-300x300.jpg",300,300,true],"woocommerce_single":["https:\/\/safetypartners.fi\/kauppa\/wp-content\/uploads\/2022\/08\/K10SCO-600x600.jpg",600,600,true],"woocommerce_gallery_thumbnail":["https:\/\/safetypartners.fi\/kauppa\/wp-content\/uploads\/2022\/08\/K10SCO-100x100.jpg",100,100,true]},"uagb_author_info":{"display_name":"Anu Lehto","author_link":"https:\/\/safetypartners.fi\/kauppa\/author"},"uagb_comment_info":0,"uagb_excerpt":"Uudistuneessa Kidden yhdistelm\u00e4varoittimessa toimivat optinen palovaroitin ja h\u00e4k\u00e4varoitin samassa paketissa. Varoitin tunnistaa sek\u00e4 savun ett\u00e4 h\u00e4k\u00e4kaasun (hiilimonoksidin).\u00a0 10SCO-varoitin on n\u00e4in hy\u00f6dyksi kaikissa tiloissa, joissa on tulisija sek\u00e4 esimerkiksi veneiss\u00e4 ja asuntovaunuissa. Yhdistelm\u00e4varoittimella selvi\u00e4t yhdell\u00e4 asennuksella ja paristonvaihdoilla. H\u00e4lytys\u00e4\u00e4nien lis\u00e4ksi varoitin ilmoittaa puhumalla vaarallisen korkeista h\u00e4k\u00e4arvoista, tulipalon vaarasta sek\u00e4 heikentyv\u00e4st\u00e4 paristonvarauksesta. 10 vuoden k\u00e4ytt\u00f6ik\u00e4 aktivoituu asennuksen&hellip;","_links":{"self":[{"href":"https:\/\/safetypartners.fi\/kauppa\/wp-json\/wp\/v2\/product\/893","targetHints":{"allow":["GET"]}}],"collection":[{"href":"https:\/\/safetypartners.fi\/kauppa\/wp-json\/wp\/v2\/product"}],"about":[{"href":"https:\/\/safetypartners.fi\/kauppa\/wp-json\/wp\/v2\/types\/product"}],"replies":[{"embeddable":true,"href":"https:\/\/safetypartners.fi\/kauppa\/wp-json\/wp\/v2\/comments?post=893"}],"version-history":[{"count":4,"href":"https:\/\/safetypartners.fi\/kauppa\/wp-json\/wp\/v2\/product\/893\/revisions"}],"predecessor-version":[{"id":1849,"href":"https:\/\/safetypartners.fi\/kauppa\/wp-json\/wp\/v2\/product\/893\/revisions\/1849"}],"wp:featuredmedia":[{"embeddable":true,"href":"https:\/\/safetypartners.fi\/kauppa\/wp-json\/wp\/v2\/media\/1858"}],"wp:attachment":[{"href":"https:\/\/safetypartners.fi\/kauppa\/wp-json\/wp\/v2\/media?parent=893"}],"wp:term":[{"taxonomy":"product_brand","embeddable":true,"href":"https:\/\/safetypartners.fi\/kauppa\/wp-json\/wp\/v2\/product_brand?post=893"},{"taxonomy":"product_cat","embeddable":true,"href":"https:\/\/safetypartners.fi\/kauppa\/wp-json\/wp\/v2\/product_cat?post=893"},{"taxonomy":"product_tag","embeddable":true,"href":"https:\/\/safetypartners.fi\/kauppa\/wp-json\/wp\/v2\/product_tag?post=893"}],"curies":[{"name":"wp","href":"https:\/\/api.w.org\/{rel}","templated":true}]}}