{"id":894,"date":"2022-08-18T16:51:48","date_gmt":"2022-08-18T13:51:48","guid":{"rendered":"https:\/\/safetypartners.fi\/kauppa\/?post_type=product&#038;p=894"},"modified":"2026-01-05T11:04:29","modified_gmt":"2026-01-05T09:04:29","slug":"origo-langaton-palo-ja-lampotilavaroitin-2-kpl","status":"publish","type":"product","link":"https:\/\/safetypartners.fi\/kauppa\/tuote\/origo-langaton-palo-ja-lampotilavaroitin-2-kpl","title":{"rendered":"Langaton palovaroitin ja l\u00e4mp\u00f6tilavaroitin, 2 kpl &#8211; Origo"},"content":{"rendered":"<p><strong>Langaton palovaroitin ja l\u00e4mp\u00f6tilavaroitin<\/strong> &#8211; Kytke kaikki kodin, ty\u00f6paikan ja m\u00f6kkialueen palovaroittimet samaan sarjaan ja saat h\u00e4lytyksen vaaratilanteesta mahdollisimman nopeasti. Tulipalo kehittyy varoittamatta. Nopea reagointi on t\u00e4rke\u00e4\u00e4.<\/p>\n<p>Origo\u2122-palovaroittimia voidaan kytke\u00e4 samaan sarjaan jopa <strong>30 kappaletta<\/strong>. Palovaroittimia on saatavilla kahdessa eri pakkauskoossa. Pieniin asuntoihin riitt\u00e4\u00e4 useimmiten yksi palovaroitin (1 per 60m2), monikerroksisissa taloissa sen sijaan tulee olla v\u00e4hint\u00e4\u00e4n yksi varoitin per kerros.<\/p>\n<ul>\n<li>Malli: Housegard Origo SA422WS-S2<\/li>\n<li>Ilmaisintyyppi: Optinen ilmaisinkammio<\/li>\n<li>Paristot: 2kpl 1.5V AA\/LR6 paristoja (sis\u00e4ltyv\u00e4t)<\/li>\n<li>Radiotaajuus: 433MHz<\/li>\n<li>Kantavuus radioyksikk\u00f6: &gt; 20 m<\/li>\n<li>H\u00e4lytyssignaali: v\u00e4hint\u00e4\u00e4n 85 dB \/ 3 m<\/li>\n<li>L\u00e4mp\u00f6tilasensori: +54 &#8211; +70 \u00baC (riippuen l\u00e4mp\u00f6tilanousun nopeudesta)<\/li>\n<li>K\u00e4ytt\u00f6l\u00e4mp\u00f6tila: + 5 &#8211; +40 \u00b0C<\/li>\n<li>Paikallistamistoiminto: Kyll\u00e4<\/li>\n<\/ul>\n<p>Takuu: 5 vuotta<\/p>\n<p>Testi- ja taukotoiminto: vilkkuva LED ilmaisee normaalin toiminnan.<br \/>\nParistotilan turvatoiminto: Asennusta ei voida suorittaa ilman paristoja.<br \/>\nTestattu ja hyv\u00e4ksytty: CE, EN 14604, R&amp;TT<br \/>\nSamaan sarjaan voidaan kytke\u00e4 jopa 30 varoitinta.<\/p>\n<p>Lue my\u00f6s: <a href=\"https:\/\/gpbmnordic.com\/Product\/Files\/Local\/Smoke%20Detectors%20and%20False%20Alarms%20FI.pdf\" target=\"_blank\" rel=\"attachment noopener wp-att-2582\">Palovaroittimen asentaminen ja virheh\u00e4lytykset<\/a><\/p>\n","protected":false},"excerpt":{"rendered":"<div class=\"woocommerce-product-details__short-description\">\n<p><strong>Housegardin Origo\u2122<\/strong> on savu- ja l\u00e4mp\u00f6tilavaroitin, joka kytkett\u00e4viss\u00e4 langattomasti sarjaan. Varoitin toimii kahdella AA-paristolla. Kun varoitin on yhdistetty muihin saman sarjan varoittimiin ja yksi palovaroitin havaitsee savua, l\u00e4hett\u00e4\u00e4 se muille h\u00e4lyttimille signaalin. Sis\u00e4\u00e4nrakennettu paikallistamistoiminto kertoo, mist\u00e4 varoittimesta h\u00e4lytys on lauennut. Taukotoiminnon avulla koko j\u00e4rjestelm\u00e4 voidaan v\u00e4liaikaisesti vaimentaa, mik\u00e4li virheh\u00e4lytyksi\u00e4 esiintyy.<\/p>\n<p>Myymme Origo-varoittimia sek\u00e4 kahden ett\u00e4 <span style=\"color: #3366ff;\"><strong><a style=\"color: #3366ff;\" href=\"https:\/\/safetypartners.fi\/kauppa\/tuote\/origo-langaton-palo-ja-lampotilavaroitin-3-kpl\">kolmen tuotteen<\/a><\/strong><\/span> pakkauksissa.<\/p>\n<\/div>\n","protected":false},"featured_media":1030,"comment_status":"open","ping_status":"closed","template":"","meta":{"_uag_custom_page_level_css":"","site-sidebar-layout":"default","site-content-layout":"default","ast-site-content-layout":"default","site-content-style":"default","site-sidebar-style":"default","ast-global-header-display":"","ast-banner-title-visibility":"","ast-main-header-display":"","ast-hfb-above-header-display":"","ast-hfb-below-header-display":"","ast-hfb-mobile-header-display":"","site-post-title":"","ast-breadcrumbs-content":"","ast-featured-img":"","footer-sml-layout":"","ast-disable-related-posts":"","theme-transparent-header-meta":"default","adv-header-id-meta":"","stick-header-meta":"default","header-above-stick-meta":"","header-main-stick-meta":"","header-below-stick-meta":"","astra-migrate-meta-layouts":"set","ast-page-background-enabled":"default","ast-page-background-meta":{"desktop":{"background-color":"","background-image":"","background-repeat":"repeat","background-position":"center center","background-size":"auto","background-attachment":"scroll","background-type":"","background-media":"","overlay-type":"","overlay-color":"","overlay-opacity":"","overlay-gradient":""},"tablet":{"background-color":"","background-image":"","background-repeat":"repeat","background-position":"center center","background-size":"auto","background-attachment":"scroll","background-type":"","background-media":"","overlay-type":"","overlay-color":"","overlay-opacity":"","overlay-gradient":""},"mobile":{"background-color":"","background-image":"","background-repeat":"repeat","background-position":"center center","background-size":"auto","background-attachment":"scroll","background-type":"","background-media":"","overlay-type":"","overlay-color":"","overlay-opacity":"","overlay-gradient":""}},"ast-content-background-meta":{"desktop":{"background-color":"var(--ast-global-color-5)","background-image":"","background-repeat":"repeat","background-position":"center center","background-size":"auto","background-attachment":"scroll","background-type":"","background-media":"","overlay-type":"","overlay-color":"","overlay-opacity":"","overlay-gradient":""},"tablet":{"background-color":"var(--ast-global-color-5)","background-image":"","background-repeat":"repeat","background-position":"center center","background-size":"auto","background-attachment":"scroll","background-type":"","background-media":"","overlay-type":"","overlay-color":"","overlay-opacity":"","overlay-gradient":""},"mobile":{"background-color":"var(--ast-global-color-5)","background-image":"","background-repeat":"repeat","background-position":"center center","background-size":"auto","background-attachment":"scroll","background-type":"","background-media":"","overlay-type":"","overlay-color":"","overlay-opacity":"","overlay-gradient":""}}},"product_brand":[],"product_cat":[15,30,216,316],"product_tag":[457,113,1204,1231,456,441,327,1232,453,317,1203,34,602,1233],"class_list":{"0":"post-894","1":"product","2":"type-product","3":"status-publish","4":"has-post-thumbnail","6":"product_cat-yleinen","7":"product_cat-paloturvallisuus","8":"product_cat-palovaroittimet","9":"product_cat-yhdistettavat-palovaroittimet","10":"product_tag-aa-paristo","11":"product_tag-housegard","12":"product_tag-ilmaisin","13":"product_tag-ketjutettava","14":"product_tag-lampotilavaroitin","15":"product_tag-lampovaroitin","16":"product_tag-langaton","17":"product_tag-langattomasti-ketjutettava","18":"product_tag-origo","19":"product_tag-palovaroitin","20":"product_tag-savuvaroitin","21":"product_tag-varoitin","22":"product_tag-yhdistelmavaroitin","23":"product_tag-yhdistettava","24":"product_shipping_class-suomi","25":"desktop-align-center","26":"tablet-align-center","27":"mobile-align-center","28":"ast-product-gallery-layout-horizontal-slider","29":"ast-product-tabs-layout-horizontal","31":"first","32":"instock","33":"taxable","34":"shipping-taxable","35":"purchasable","36":"product-type-simple"},"yoast_head":"<!-- This site is optimized with the Yoast SEO plugin v27.3 - https:\/\/yoast.com\/product\/yoast-seo-wordpress\/ -->\n<title>Langaton palovaroitin ja l\u00e4mp\u00f6tilavaroitin, 2 kpl - Origo - Safety Partners<\/title>\n<meta name=\"description\" content=\"Langaton palovaroitin ja l\u00e4mp\u00f6tilavaroitin samassa laitteessa, kytkett\u00e4viss\u00e4 sarjaan. Paikallistamistoiminto ja taukotoiminto. Paristok\u00e4ytt\u00f6inen.\" \/>\n<meta name=\"robots\" content=\"index, follow, max-snippet:-1, max-image-preview:large, max-video-preview:-1\" \/>\n<link rel=\"canonical\" href=\"https:\/\/safetypartners.fi\/kauppa\/tuote\/origo-langaton-palo-ja-lampotilavaroitin-2-kpl\" \/>\n<meta property=\"og:locale\" content=\"fi_FI\" \/>\n<meta property=\"og:type\" content=\"article\" \/>\n<meta property=\"og:title\" content=\"Langaton palovaroitin ja l\u00e4mp\u00f6tilavaroitin, 2 kpl - Origo - Safety Partners\" \/>\n<meta property=\"og:description\" content=\"Langaton palovaroitin ja l\u00e4mp\u00f6tilavaroitin samassa laitteessa, kytkett\u00e4viss\u00e4 sarjaan. Paikallistamistoiminto ja taukotoiminto. Paristok\u00e4ytt\u00f6inen.\" \/>\n<meta property=\"og:url\" content=\"https:\/\/safetypartners.fi\/kauppa\/tuote\/origo-langaton-palo-ja-lampotilavaroitin-2-kpl\" \/>\n<meta property=\"og:site_name\" content=\"Safety Partners\" \/>\n<meta property=\"article:modified_time\" content=\"2026-01-05T09:04:29+00:00\" \/>\n<meta property=\"og:image\" content=\"https:\/\/safetypartners.fi\/kauppa\/wp-content\/uploads\/2022\/08\/Origo-tuplat-13887_pim.png\" \/>\n\t<meta property=\"og:image:width\" content=\"1500\" \/>\n\t<meta property=\"og:image:height\" content=\"1500\" \/>\n\t<meta property=\"og:image:type\" content=\"image\/png\" \/>\n<meta name=\"twitter:card\" content=\"summary_large_image\" \/>\n<meta name=\"twitter:label1\" content=\"Arvioitu lukuaika\" \/>\n\t<meta name=\"twitter:data1\" content=\"2 minuuttia\" \/>\n<script type=\"application\/ld+json\" class=\"yoast-schema-graph\">{\"@context\":\"https:\\\/\\\/schema.org\",\"@graph\":[{\"@type\":\"WebPage\",\"@id\":\"https:\\\/\\\/safetypartners.fi\\\/kauppa\\\/tuote\\\/origo-langaton-palo-ja-lampotilavaroitin-2-kpl\",\"url\":\"https:\\\/\\\/safetypartners.fi\\\/kauppa\\\/tuote\\\/origo-langaton-palo-ja-lampotilavaroitin-2-kpl\",\"name\":\"Langaton palovaroitin ja l\u00e4mp\u00f6tilavaroitin, 2 kpl - Origo - Safety Partners\",\"isPartOf\":{\"@id\":\"https:\\\/\\\/safetypartners.fi\\\/kauppa\\\/#website\"},\"primaryImageOfPage\":{\"@id\":\"https:\\\/\\\/safetypartners.fi\\\/kauppa\\\/tuote\\\/origo-langaton-palo-ja-lampotilavaroitin-2-kpl#primaryimage\"},\"image\":{\"@id\":\"https:\\\/\\\/safetypartners.fi\\\/kauppa\\\/tuote\\\/origo-langaton-palo-ja-lampotilavaroitin-2-kpl#primaryimage\"},\"thumbnailUrl\":\"https:\\\/\\\/safetypartners.fi\\\/kauppa\\\/wp-content\\\/uploads\\\/2022\\\/08\\\/Origo-tuplat-13887_pim.png\",\"datePublished\":\"2022-08-18T13:51:48+00:00\",\"dateModified\":\"2026-01-05T09:04:29+00:00\",\"description\":\"Langaton palovaroitin ja l\u00e4mp\u00f6tilavaroitin samassa laitteessa, kytkett\u00e4viss\u00e4 sarjaan. Paikallistamistoiminto ja taukotoiminto. Paristok\u00e4ytt\u00f6inen.\",\"breadcrumb\":{\"@id\":\"https:\\\/\\\/safetypartners.fi\\\/kauppa\\\/tuote\\\/origo-langaton-palo-ja-lampotilavaroitin-2-kpl#breadcrumb\"},\"inLanguage\":\"fi\",\"potentialAction\":[{\"@type\":\"ReadAction\",\"target\":[\"https:\\\/\\\/safetypartners.fi\\\/kauppa\\\/tuote\\\/origo-langaton-palo-ja-lampotilavaroitin-2-kpl\"]}]},{\"@type\":\"ImageObject\",\"inLanguage\":\"fi\",\"@id\":\"https:\\\/\\\/safetypartners.fi\\\/kauppa\\\/tuote\\\/origo-langaton-palo-ja-lampotilavaroitin-2-kpl#primaryimage\",\"url\":\"https:\\\/\\\/safetypartners.fi\\\/kauppa\\\/wp-content\\\/uploads\\\/2022\\\/08\\\/Origo-tuplat-13887_pim.png\",\"contentUrl\":\"https:\\\/\\\/safetypartners.fi\\\/kauppa\\\/wp-content\\\/uploads\\\/2022\\\/08\\\/Origo-tuplat-13887_pim.png\",\"width\":1500,\"height\":1500,\"caption\":\"Langaton palovaroitin ja l\u00e4mp\u00f6tilavaroitin\"},{\"@type\":\"BreadcrumbList\",\"@id\":\"https:\\\/\\\/safetypartners.fi\\\/kauppa\\\/tuote\\\/origo-langaton-palo-ja-lampotilavaroitin-2-kpl#breadcrumb\",\"itemListElement\":[{\"@type\":\"ListItem\",\"position\":1,\"name\":\"Home\",\"item\":\"https:\\\/\\\/safetypartners.fi\\\/kauppa\\\/\"},{\"@type\":\"ListItem\",\"position\":2,\"name\":\"Kauppa\",\"item\":\"https:\\\/\\\/safetypartners.fi\\\/kauppa\\\/kauppa\"},{\"@type\":\"ListItem\",\"position\":3,\"name\":\"Langaton palovaroitin ja l\u00e4mp\u00f6tilavaroitin, 2 kpl &#8211; Origo\"}]},{\"@type\":\"WebSite\",\"@id\":\"https:\\\/\\\/safetypartners.fi\\\/kauppa\\\/#website\",\"url\":\"https:\\\/\\\/safetypartners.fi\\\/kauppa\\\/\",\"name\":\"Safety Partners\",\"description\":\"Safety Partners turvakauppa palvelee verkossa 24\\\/7!\",\"publisher\":{\"@id\":\"https:\\\/\\\/safetypartners.fi\\\/kauppa\\\/#organization\"},\"potentialAction\":[{\"@type\":\"SearchAction\",\"target\":{\"@type\":\"EntryPoint\",\"urlTemplate\":\"https:\\\/\\\/safetypartners.fi\\\/kauppa\\\/?s={search_term_string}\"},\"query-input\":{\"@type\":\"PropertyValueSpecification\",\"valueRequired\":true,\"valueName\":\"search_term_string\"}}],\"inLanguage\":\"fi\"},{\"@type\":\"Organization\",\"@id\":\"https:\\\/\\\/safetypartners.fi\\\/kauppa\\\/#organization\",\"name\":\"Safety Partners | Suomen Sammutinpalvelu\",\"url\":\"https:\\\/\\\/safetypartners.fi\\\/kauppa\\\/\",\"logo\":{\"@type\":\"ImageObject\",\"inLanguage\":\"fi\",\"@id\":\"https:\\\/\\\/safetypartners.fi\\\/kauppa\\\/#\\\/schema\\\/logo\\\/image\\\/\",\"url\":\"https:\\\/\\\/safetypartners.fi\\\/kauppa\\\/wp-content\\\/uploads\\\/2020\\\/05\\\/cropped-Logoke-1.jpg\",\"contentUrl\":\"https:\\\/\\\/safetypartners.fi\\\/kauppa\\\/wp-content\\\/uploads\\\/2020\\\/05\\\/cropped-Logoke-1.jpg\",\"width\":847,\"height\":717,\"caption\":\"Safety Partners | Suomen Sammutinpalvelu\"},\"image\":{\"@id\":\"https:\\\/\\\/safetypartners.fi\\\/kauppa\\\/#\\\/schema\\\/logo\\\/image\\\/\"}}]}<\/script>\n<!-- \/ Yoast SEO plugin. -->","yoast_head_json":{"title":"Langaton palovaroitin ja l\u00e4mp\u00f6tilavaroitin, 2 kpl - Origo - Safety Partners","description":"Langaton palovaroitin ja l\u00e4mp\u00f6tilavaroitin samassa laitteessa, kytkett\u00e4viss\u00e4 sarjaan. Paikallistamistoiminto ja taukotoiminto. Paristok\u00e4ytt\u00f6inen.","robots":{"index":"index","follow":"follow","max-snippet":"max-snippet:-1","max-image-preview":"max-image-preview:large","max-video-preview":"max-video-preview:-1"},"canonical":"https:\/\/safetypartners.fi\/kauppa\/tuote\/origo-langaton-palo-ja-lampotilavaroitin-2-kpl","og_locale":"fi_FI","og_type":"article","og_title":"Langaton palovaroitin ja l\u00e4mp\u00f6tilavaroitin, 2 kpl - Origo - Safety Partners","og_description":"Langaton palovaroitin ja l\u00e4mp\u00f6tilavaroitin samassa laitteessa, kytkett\u00e4viss\u00e4 sarjaan. Paikallistamistoiminto ja taukotoiminto. Paristok\u00e4ytt\u00f6inen.","og_url":"https:\/\/safetypartners.fi\/kauppa\/tuote\/origo-langaton-palo-ja-lampotilavaroitin-2-kpl","og_site_name":"Safety Partners","article_modified_time":"2026-01-05T09:04:29+00:00","og_image":[{"width":1500,"height":1500,"url":"https:\/\/safetypartners.fi\/kauppa\/wp-content\/uploads\/2022\/08\/Origo-tuplat-13887_pim.png","type":"image\/png"}],"twitter_card":"summary_large_image","twitter_misc":{"Arvioitu lukuaika":"2 minuuttia"},"schema":{"@context":"https:\/\/schema.org","@graph":[{"@type":"WebPage","@id":"https:\/\/safetypartners.fi\/kauppa\/tuote\/origo-langaton-palo-ja-lampotilavaroitin-2-kpl","url":"https:\/\/safetypartners.fi\/kauppa\/tuote\/origo-langaton-palo-ja-lampotilavaroitin-2-kpl","name":"Langaton palovaroitin ja l\u00e4mp\u00f6tilavaroitin, 2 kpl - Origo - Safety Partners","isPartOf":{"@id":"https:\/\/safetypartners.fi\/kauppa\/#website"},"primaryImageOfPage":{"@id":"https:\/\/safetypartners.fi\/kauppa\/tuote\/origo-langaton-palo-ja-lampotilavaroitin-2-kpl#primaryimage"},"image":{"@id":"https:\/\/safetypartners.fi\/kauppa\/tuote\/origo-langaton-palo-ja-lampotilavaroitin-2-kpl#primaryimage"},"thumbnailUrl":"https:\/\/safetypartners.fi\/kauppa\/wp-content\/uploads\/2022\/08\/Origo-tuplat-13887_pim.png","datePublished":"2022-08-18T13:51:48+00:00","dateModified":"2026-01-05T09:04:29+00:00","description":"Langaton palovaroitin ja l\u00e4mp\u00f6tilavaroitin samassa laitteessa, kytkett\u00e4viss\u00e4 sarjaan. Paikallistamistoiminto ja taukotoiminto. Paristok\u00e4ytt\u00f6inen.","breadcrumb":{"@id":"https:\/\/safetypartners.fi\/kauppa\/tuote\/origo-langaton-palo-ja-lampotilavaroitin-2-kpl#breadcrumb"},"inLanguage":"fi","potentialAction":[{"@type":"ReadAction","target":["https:\/\/safetypartners.fi\/kauppa\/tuote\/origo-langaton-palo-ja-lampotilavaroitin-2-kpl"]}]},{"@type":"ImageObject","inLanguage":"fi","@id":"https:\/\/safetypartners.fi\/kauppa\/tuote\/origo-langaton-palo-ja-lampotilavaroitin-2-kpl#primaryimage","url":"https:\/\/safetypartners.fi\/kauppa\/wp-content\/uploads\/2022\/08\/Origo-tuplat-13887_pim.png","contentUrl":"https:\/\/safetypartners.fi\/kauppa\/wp-content\/uploads\/2022\/08\/Origo-tuplat-13887_pim.png","width":1500,"height":1500,"caption":"Langaton palovaroitin ja l\u00e4mp\u00f6tilavaroitin"},{"@type":"BreadcrumbList","@id":"https:\/\/safetypartners.fi\/kauppa\/tuote\/origo-langaton-palo-ja-lampotilavaroitin-2-kpl#breadcrumb","itemListElement":[{"@type":"ListItem","position":1,"name":"Home","item":"https:\/\/safetypartners.fi\/kauppa\/"},{"@type":"ListItem","position":2,"name":"Kauppa","item":"https:\/\/safetypartners.fi\/kauppa\/kauppa"},{"@type":"ListItem","position":3,"name":"Langaton palovaroitin ja l\u00e4mp\u00f6tilavaroitin, 2 kpl &#8211; Origo"}]},{"@type":"WebSite","@id":"https:\/\/safetypartners.fi\/kauppa\/#website","url":"https:\/\/safetypartners.fi\/kauppa\/","name":"Safety Partners","description":"Safety Partners turvakauppa palvelee verkossa 24\/7!","publisher":{"@id":"https:\/\/safetypartners.fi\/kauppa\/#organization"},"potentialAction":[{"@type":"SearchAction","target":{"@type":"EntryPoint","urlTemplate":"https:\/\/safetypartners.fi\/kauppa\/?s={search_term_string}"},"query-input":{"@type":"PropertyValueSpecification","valueRequired":true,"valueName":"search_term_string"}}],"inLanguage":"fi"},{"@type":"Organization","@id":"https:\/\/safetypartners.fi\/kauppa\/#organization","name":"Safety Partners | Suomen Sammutinpalvelu","url":"https:\/\/safetypartners.fi\/kauppa\/","logo":{"@type":"ImageObject","inLanguage":"fi","@id":"https:\/\/safetypartners.fi\/kauppa\/#\/schema\/logo\/image\/","url":"https:\/\/safetypartners.fi\/kauppa\/wp-content\/uploads\/2020\/05\/cropped-Logoke-1.jpg","contentUrl":"https:\/\/safetypartners.fi\/kauppa\/wp-content\/uploads\/2020\/05\/cropped-Logoke-1.jpg","width":847,"height":717,"caption":"Safety Partners | Suomen Sammutinpalvelu"},"image":{"@id":"https:\/\/safetypartners.fi\/kauppa\/#\/schema\/logo\/image\/"}}]}},"uagb_featured_image_src":{"full":["https:\/\/safetypartners.fi\/kauppa\/wp-content\/uploads\/2022\/08\/Origo-tuplat-13887_pim.png",1500,1500,false],"thumbnail":["https:\/\/safetypartners.fi\/kauppa\/wp-content\/uploads\/2022\/08\/Origo-tuplat-13887_pim-150x150.png",150,150,true],"medium":["https:\/\/safetypartners.fi\/kauppa\/wp-content\/uploads\/2022\/08\/Origo-tuplat-13887_pim-300x300.png",300,300,true],"medium_large":["https:\/\/safetypartners.fi\/kauppa\/wp-content\/uploads\/2022\/08\/Origo-tuplat-13887_pim-768x768.png",768,768,true],"large":["https:\/\/safetypartners.fi\/kauppa\/wp-content\/uploads\/2022\/08\/Origo-tuplat-13887_pim-1024x1024.png",1024,1024,true],"1536x1536":["https:\/\/safetypartners.fi\/kauppa\/wp-content\/uploads\/2022\/08\/Origo-tuplat-13887_pim.png",1500,1500,false],"2048x2048":["https:\/\/safetypartners.fi\/kauppa\/wp-content\/uploads\/2022\/08\/Origo-tuplat-13887_pim.png",1500,1500,false],"woocommerce_thumbnail":["https:\/\/safetypartners.fi\/kauppa\/wp-content\/uploads\/2022\/08\/Origo-tuplat-13887_pim-300x300.png",300,300,true],"woocommerce_single":["https:\/\/safetypartners.fi\/kauppa\/wp-content\/uploads\/2022\/08\/Origo-tuplat-13887_pim-600x600.png",600,600,true],"woocommerce_gallery_thumbnail":["https:\/\/safetypartners.fi\/kauppa\/wp-content\/uploads\/2022\/08\/Origo-tuplat-13887_pim-100x100.png",100,100,true]},"uagb_author_info":{"display_name":"Anu Lehto","author_link":"https:\/\/safetypartners.fi\/kauppa\/author"},"uagb_comment_info":1,"uagb_excerpt":"Housegardin Origo\u2122 on savu- ja l\u00e4mp\u00f6tilavaroitin, joka kytkett\u00e4viss\u00e4 langattomasti sarjaan. Varoitin toimii kahdella AA-paristolla. Kun varoitin on yhdistetty muihin saman sarjan varoittimiin ja yksi palovaroitin havaitsee savua, l\u00e4hett\u00e4\u00e4 se muille h\u00e4lyttimille signaalin. Sis\u00e4\u00e4nrakennettu paikallistamistoiminto kertoo, mist\u00e4 varoittimesta h\u00e4lytys on lauennut. Taukotoiminnon avulla koko j\u00e4rjestelm\u00e4 voidaan v\u00e4liaikaisesti vaimentaa, mik\u00e4li virheh\u00e4lytyksi\u00e4 esiintyy. Myymme Origo-varoittimia sek\u00e4 kahden ett\u00e4&hellip;","_links":{"self":[{"href":"https:\/\/safetypartners.fi\/kauppa\/wp-json\/wp\/v2\/product\/894","targetHints":{"allow":["GET"]}}],"collection":[{"href":"https:\/\/safetypartners.fi\/kauppa\/wp-json\/wp\/v2\/product"}],"about":[{"href":"https:\/\/safetypartners.fi\/kauppa\/wp-json\/wp\/v2\/types\/product"}],"replies":[{"embeddable":true,"href":"https:\/\/safetypartners.fi\/kauppa\/wp-json\/wp\/v2\/comments?post=894"}],"version-history":[{"count":7,"href":"https:\/\/safetypartners.fi\/kauppa\/wp-json\/wp\/v2\/product\/894\/revisions"}],"predecessor-version":[{"id":1029,"href":"https:\/\/safetypartners.fi\/kauppa\/wp-json\/wp\/v2\/product\/894\/revisions\/1029"}],"wp:featuredmedia":[{"embeddable":true,"href":"https:\/\/safetypartners.fi\/kauppa\/wp-json\/wp\/v2\/media\/1030"}],"wp:attachment":[{"href":"https:\/\/safetypartners.fi\/kauppa\/wp-json\/wp\/v2\/media?parent=894"}],"wp:term":[{"taxonomy":"product_brand","embeddable":true,"href":"https:\/\/safetypartners.fi\/kauppa\/wp-json\/wp\/v2\/product_brand?post=894"},{"taxonomy":"product_cat","embeddable":true,"href":"https:\/\/safetypartners.fi\/kauppa\/wp-json\/wp\/v2\/product_cat?post=894"},{"taxonomy":"product_tag","embeddable":true,"href":"https:\/\/safetypartners.fi\/kauppa\/wp-json\/wp\/v2\/product_tag?post=894"}],"curies":[{"name":"wp","href":"https:\/\/api.w.org\/{rel}","templated":true}]}}