{"id":895,"date":"2022-08-18T16:51:48","date_gmt":"2022-08-18T13:51:48","guid":{"rendered":"https:\/\/safetypartners.fi\/kauppa\/?post_type=product&#038;p=895"},"modified":"2026-02-17T12:37:32","modified_gmt":"2026-02-17T10:37:32","slug":"fireangel-thermoptek-palovaroitin-10v-paristolla","status":"publish","type":"product","link":"https:\/\/safetypartners.fi\/kauppa\/tuote\/fireangel-thermoptek-palovaroitin-10v-paristolla","title":{"rendered":"FireAngel Thermoptek -palovaroitin 10v. paristolla"},"content":{"rendered":"<p>Smart Silence -toiminto sallii h\u00e4lytyksen vaimentamisen jopa 10 minuutin ajaksi v\u00e4\u00e4r\u00e4n h\u00e4lytyksen yhteydess\u00e4, esimerkiksi vesih\u00f6yryn osuessa varoittimeen tai joulukinkkua paistettaessa. Mik\u00e4li vaimennuksen j\u00e4lkeen 10min aikana havaitaan lis\u00e4savua, aktivoituu h\u00e4lytys uudelleen.<\/p>\n<p>Thermoptek Multi-Sensor-teknologia on laajalti erityisesti ammattik\u00e4yt\u00f6ss\u00e4. Muun muassa UK Fire &amp; Rescue Services k\u00e4ytt\u00e4\u00e4 yli 90 prosenttisesti t\u00e4t\u00e4 teknologiaa.<\/p>\n<ul>\n<li><strong>10 vuoden <\/strong>sinet\u00f6ity litiumparisto<\/li>\n<li><strong>Yhteenliitett\u00e4vyys: <\/strong>Ei<\/li>\n<li><strong>H\u00e4lytys\u00e4\u00e4nen voimakkuus:<\/strong>\u00a085 dB h\u00e4lytys\u00e4\u00e4ni 3 m et\u00e4isyydell\u00e4, 95 dB 1 m et\u00e4isyydell\u00e4<\/li>\n<li><strong>Kiinnitys<\/strong>: Helppo asentaa asennuslevyn avulla, ruuvit ja tulpat mukana<\/li>\n<li><strong>Testaus:<\/strong>\u00a0Iso keskitetty testi- ja hiljennyspainike<\/li>\n<li><strong>Hyv\u00e4ksynn\u00e4t:<\/strong> CE-merkitty, viranomaisten hyv\u00e4ksym\u00e4<\/li>\n<li><strong>Takuu:<\/strong> 5 vuotta<\/li>\n<\/ul>\n","protected":false},"excerpt":{"rendered":"<p><strong>FireAngelin Thermoptek ST-622 -palovaroittimessa on 10 vuoden paristo valmiina.<\/strong> Thermoptek-teknologia yhdist\u00e4\u00e4 optisen tunnistusteknologian ja l\u00e4mm\u00f6ntunnistustekniikan, jonka johdosta ST-622-varoitin h\u00e4lytt\u00e4\u00e4 molemmista tulipalotyypeist\u00e4. Mekanismi palovaroittimen selk\u00e4puolella aktivoi sis\u00e4isen lithium-akun toimintaan asennuksen yhteydess\u00e4. 10 vuoden sinet\u00f6ity litiumparisto kest\u00e4\u00e4 l\u00e4pi varoittimen suositellun k\u00e4ytt\u00f6i\u00e4n.<\/p>\n","protected":false},"featured_media":960,"comment_status":"open","ping_status":"closed","template":"","meta":{"_uag_custom_page_level_css":"","site-sidebar-layout":"default","site-content-layout":"","ast-site-content-layout":"default","site-content-style":"default","site-sidebar-style":"default","ast-global-header-display":"","ast-banner-title-visibility":"","ast-main-header-display":"","ast-hfb-above-header-display":"","ast-hfb-below-header-display":"","ast-hfb-mobile-header-display":"","site-post-title":"","ast-breadcrumbs-content":"","ast-featured-img":"","footer-sml-layout":"","ast-disable-related-posts":"","theme-transparent-header-meta":"default","adv-header-id-meta":"","stick-header-meta":"default","header-above-stick-meta":"","header-main-stick-meta":"","header-below-stick-meta":"","astra-migrate-meta-layouts":"set","ast-page-background-enabled":"default","ast-page-background-meta":{"desktop":{"background-color":"","background-image":"","background-repeat":"repeat","background-position":"center center","background-size":"auto","background-attachment":"scroll","background-type":"","background-media":"","overlay-type":"","overlay-color":"","overlay-opacity":"","overlay-gradient":""},"tablet":{"background-color":"","background-image":"","background-repeat":"repeat","background-position":"center center","background-size":"auto","background-attachment":"scroll","background-type":"","background-media":"","overlay-type":"","overlay-color":"","overlay-opacity":"","overlay-gradient":""},"mobile":{"background-color":"","background-image":"","background-repeat":"repeat","background-position":"center center","background-size":"auto","background-attachment":"scroll","background-type":"","background-media":"","overlay-type":"","overlay-color":"","overlay-opacity":"","overlay-gradient":""}},"ast-content-background-meta":{"desktop":{"background-color":"var(--ast-global-color-5)","background-image":"","background-repeat":"repeat","background-position":"center center","background-size":"auto","background-attachment":"scroll","background-type":"","background-media":"","overlay-type":"","overlay-color":"","overlay-opacity":"","overlay-gradient":""},"tablet":{"background-color":"var(--ast-global-color-5)","background-image":"","background-repeat":"repeat","background-position":"center center","background-size":"auto","background-attachment":"scroll","background-type":"","background-media":"","overlay-type":"","overlay-color":"","overlay-opacity":"","overlay-gradient":""},"mobile":{"background-color":"var(--ast-global-color-5)","background-image":"","background-repeat":"repeat","background-position":"center center","background-size":"auto","background-attachment":"scroll","background-type":"","background-media":"","overlay-type":"","overlay-color":"","overlay-opacity":"","overlay-gradient":""}}},"product_brand":[],"product_cat":[15,30,216,601],"product_tag":[332,478,417,337,480,481,318,317,421],"class_list":{"0":"post-895","1":"product","2":"type-product","3":"status-publish","4":"has-post-thumbnail","6":"product_cat-yleinen","7":"product_cat-paloturvallisuus","8":"product_cat-palovaroittimet","9":"product_cat-yksittaiset-palovaroittimet","10":"product_tag-10-vuoden-paristo","11":"product_tag-ammattikayttoon","12":"product_tag-fireangel","13":"product_tag-laadukas","14":"product_tag-lammontunnistus","15":"product_tag-litiumakku","16":"product_tag-optinen","17":"product_tag-palovaroitin","18":"product_tag-thermoptek","19":"product_shipping_class-suomi","20":"desktop-align-center","21":"tablet-align-center","22":"mobile-align-center","23":"ast-product-gallery-layout-horizontal-slider","24":"ast-product-tabs-layout-horizontal","26":"first","27":"instock","28":"taxable","29":"shipping-taxable","30":"purchasable","31":"product-type-simple"},"yoast_head":"<!-- This site is optimized with the Yoast SEO plugin v27.3 - https:\/\/yoast.com\/product\/yoast-seo-wordpress\/ -->\n<title>FireAngel Thermoptek -palovaroitin 10v. paristolla - Safety Partners<\/title>\n<meta name=\"description\" content=\"Thermoptek-teknologia yhdist\u00e4\u00e4 optisen tunnistusteknologian ja l\u00e4mm\u00f6ntunnistustekniikan, ja n\u00e4in palovarotin h\u00e4lytt\u00e4\u00e4 varhain molemmista tulipalotyypeist\u00e4.\" \/>\n<meta name=\"robots\" content=\"index, follow, max-snippet:-1, max-image-preview:large, max-video-preview:-1\" \/>\n<link rel=\"canonical\" href=\"https:\/\/safetypartners.fi\/kauppa\/tuote\/fireangel-thermoptek-palovaroitin-10v-paristolla\" \/>\n<meta property=\"og:locale\" content=\"fi_FI\" \/>\n<meta property=\"og:type\" content=\"article\" \/>\n<meta property=\"og:title\" content=\"FireAngel Thermoptek -palovaroitin 10v. paristolla - Safety Partners\" \/>\n<meta property=\"og:description\" content=\"Thermoptek-teknologia yhdist\u00e4\u00e4 optisen tunnistusteknologian ja l\u00e4mm\u00f6ntunnistustekniikan, ja n\u00e4in palovarotin h\u00e4lytt\u00e4\u00e4 varhain molemmista tulipalotyypeist\u00e4.\" \/>\n<meta property=\"og:url\" content=\"https:\/\/safetypartners.fi\/kauppa\/tuote\/fireangel-thermoptek-palovaroitin-10v-paristolla\" \/>\n<meta property=\"og:site_name\" content=\"Safety Partners\" \/>\n<meta property=\"article:modified_time\" content=\"2026-02-17T10:37:32+00:00\" \/>\n<meta property=\"og:image\" content=\"https:\/\/safetypartners.fi\/kauppa\/wp-content\/uploads\/2022\/08\/11205_pim.png\" \/>\n\t<meta property=\"og:image:width\" content=\"1500\" \/>\n\t<meta property=\"og:image:height\" content=\"1500\" \/>\n\t<meta property=\"og:image:type\" content=\"image\/png\" \/>\n<meta name=\"twitter:card\" content=\"summary_large_image\" \/>\n<meta name=\"twitter:label1\" content=\"Arvioitu lukuaika\" \/>\n\t<meta name=\"twitter:data1\" content=\"1 minuutti\" \/>\n<script type=\"application\/ld+json\" class=\"yoast-schema-graph\">{\"@context\":\"https:\\\/\\\/schema.org\",\"@graph\":[{\"@type\":\"WebPage\",\"@id\":\"https:\\\/\\\/safetypartners.fi\\\/kauppa\\\/tuote\\\/fireangel-thermoptek-palovaroitin-10v-paristolla\",\"url\":\"https:\\\/\\\/safetypartners.fi\\\/kauppa\\\/tuote\\\/fireangel-thermoptek-palovaroitin-10v-paristolla\",\"name\":\"FireAngel Thermoptek -palovaroitin 10v. paristolla - Safety Partners\",\"isPartOf\":{\"@id\":\"https:\\\/\\\/safetypartners.fi\\\/kauppa\\\/#website\"},\"primaryImageOfPage\":{\"@id\":\"https:\\\/\\\/safetypartners.fi\\\/kauppa\\\/tuote\\\/fireangel-thermoptek-palovaroitin-10v-paristolla#primaryimage\"},\"image\":{\"@id\":\"https:\\\/\\\/safetypartners.fi\\\/kauppa\\\/tuote\\\/fireangel-thermoptek-palovaroitin-10v-paristolla#primaryimage\"},\"thumbnailUrl\":\"https:\\\/\\\/safetypartners.fi\\\/kauppa\\\/wp-content\\\/uploads\\\/2022\\\/08\\\/11205_pim.png\",\"datePublished\":\"2022-08-18T13:51:48+00:00\",\"dateModified\":\"2026-02-17T10:37:32+00:00\",\"description\":\"Thermoptek-teknologia yhdist\u00e4\u00e4 optisen tunnistusteknologian ja l\u00e4mm\u00f6ntunnistustekniikan, ja n\u00e4in palovarotin h\u00e4lytt\u00e4\u00e4 varhain molemmista tulipalotyypeist\u00e4.\",\"breadcrumb\":{\"@id\":\"https:\\\/\\\/safetypartners.fi\\\/kauppa\\\/tuote\\\/fireangel-thermoptek-palovaroitin-10v-paristolla#breadcrumb\"},\"inLanguage\":\"fi\",\"potentialAction\":[{\"@type\":\"ReadAction\",\"target\":[\"https:\\\/\\\/safetypartners.fi\\\/kauppa\\\/tuote\\\/fireangel-thermoptek-palovaroitin-10v-paristolla\"]}]},{\"@type\":\"ImageObject\",\"inLanguage\":\"fi\",\"@id\":\"https:\\\/\\\/safetypartners.fi\\\/kauppa\\\/tuote\\\/fireangel-thermoptek-palovaroitin-10v-paristolla#primaryimage\",\"url\":\"https:\\\/\\\/safetypartners.fi\\\/kauppa\\\/wp-content\\\/uploads\\\/2022\\\/08\\\/11205_pim.png\",\"contentUrl\":\"https:\\\/\\\/safetypartners.fi\\\/kauppa\\\/wp-content\\\/uploads\\\/2022\\\/08\\\/11205_pim.png\",\"width\":1500,\"height\":1500,\"caption\":\"FireAngel thermoptek palovaroitin 10 vuoden paristolla\"},{\"@type\":\"BreadcrumbList\",\"@id\":\"https:\\\/\\\/safetypartners.fi\\\/kauppa\\\/tuote\\\/fireangel-thermoptek-palovaroitin-10v-paristolla#breadcrumb\",\"itemListElement\":[{\"@type\":\"ListItem\",\"position\":1,\"name\":\"Home\",\"item\":\"https:\\\/\\\/safetypartners.fi\\\/kauppa\\\/\"},{\"@type\":\"ListItem\",\"position\":2,\"name\":\"Kauppa\",\"item\":\"https:\\\/\\\/safetypartners.fi\\\/kauppa\\\/kauppa\"},{\"@type\":\"ListItem\",\"position\":3,\"name\":\"FireAngel Thermoptek -palovaroitin 10v. paristolla\"}]},{\"@type\":\"WebSite\",\"@id\":\"https:\\\/\\\/safetypartners.fi\\\/kauppa\\\/#website\",\"url\":\"https:\\\/\\\/safetypartners.fi\\\/kauppa\\\/\",\"name\":\"Safety Partners\",\"description\":\"Safety Partners turvakauppa palvelee verkossa 24\\\/7!\",\"publisher\":{\"@id\":\"https:\\\/\\\/safetypartners.fi\\\/kauppa\\\/#organization\"},\"potentialAction\":[{\"@type\":\"SearchAction\",\"target\":{\"@type\":\"EntryPoint\",\"urlTemplate\":\"https:\\\/\\\/safetypartners.fi\\\/kauppa\\\/?s={search_term_string}\"},\"query-input\":{\"@type\":\"PropertyValueSpecification\",\"valueRequired\":true,\"valueName\":\"search_term_string\"}}],\"inLanguage\":\"fi\"},{\"@type\":\"Organization\",\"@id\":\"https:\\\/\\\/safetypartners.fi\\\/kauppa\\\/#organization\",\"name\":\"Safety Partners | Suomen Sammutinpalvelu\",\"url\":\"https:\\\/\\\/safetypartners.fi\\\/kauppa\\\/\",\"logo\":{\"@type\":\"ImageObject\",\"inLanguage\":\"fi\",\"@id\":\"https:\\\/\\\/safetypartners.fi\\\/kauppa\\\/#\\\/schema\\\/logo\\\/image\\\/\",\"url\":\"https:\\\/\\\/safetypartners.fi\\\/kauppa\\\/wp-content\\\/uploads\\\/2020\\\/05\\\/cropped-Logoke-1.jpg\",\"contentUrl\":\"https:\\\/\\\/safetypartners.fi\\\/kauppa\\\/wp-content\\\/uploads\\\/2020\\\/05\\\/cropped-Logoke-1.jpg\",\"width\":847,\"height\":717,\"caption\":\"Safety Partners | Suomen Sammutinpalvelu\"},\"image\":{\"@id\":\"https:\\\/\\\/safetypartners.fi\\\/kauppa\\\/#\\\/schema\\\/logo\\\/image\\\/\"}}]}<\/script>\n<!-- \/ Yoast SEO plugin. -->","yoast_head_json":{"title":"FireAngel Thermoptek -palovaroitin 10v. paristolla - Safety Partners","description":"Thermoptek-teknologia yhdist\u00e4\u00e4 optisen tunnistusteknologian ja l\u00e4mm\u00f6ntunnistustekniikan, ja n\u00e4in palovarotin h\u00e4lytt\u00e4\u00e4 varhain molemmista tulipalotyypeist\u00e4.","robots":{"index":"index","follow":"follow","max-snippet":"max-snippet:-1","max-image-preview":"max-image-preview:large","max-video-preview":"max-video-preview:-1"},"canonical":"https:\/\/safetypartners.fi\/kauppa\/tuote\/fireangel-thermoptek-palovaroitin-10v-paristolla","og_locale":"fi_FI","og_type":"article","og_title":"FireAngel Thermoptek -palovaroitin 10v. paristolla - Safety Partners","og_description":"Thermoptek-teknologia yhdist\u00e4\u00e4 optisen tunnistusteknologian ja l\u00e4mm\u00f6ntunnistustekniikan, ja n\u00e4in palovarotin h\u00e4lytt\u00e4\u00e4 varhain molemmista tulipalotyypeist\u00e4.","og_url":"https:\/\/safetypartners.fi\/kauppa\/tuote\/fireangel-thermoptek-palovaroitin-10v-paristolla","og_site_name":"Safety Partners","article_modified_time":"2026-02-17T10:37:32+00:00","og_image":[{"width":1500,"height":1500,"url":"https:\/\/safetypartners.fi\/kauppa\/wp-content\/uploads\/2022\/08\/11205_pim.png","type":"image\/png"}],"twitter_card":"summary_large_image","twitter_misc":{"Arvioitu lukuaika":"1 minuutti"},"schema":{"@context":"https:\/\/schema.org","@graph":[{"@type":"WebPage","@id":"https:\/\/safetypartners.fi\/kauppa\/tuote\/fireangel-thermoptek-palovaroitin-10v-paristolla","url":"https:\/\/safetypartners.fi\/kauppa\/tuote\/fireangel-thermoptek-palovaroitin-10v-paristolla","name":"FireAngel Thermoptek -palovaroitin 10v. paristolla - Safety Partners","isPartOf":{"@id":"https:\/\/safetypartners.fi\/kauppa\/#website"},"primaryImageOfPage":{"@id":"https:\/\/safetypartners.fi\/kauppa\/tuote\/fireangel-thermoptek-palovaroitin-10v-paristolla#primaryimage"},"image":{"@id":"https:\/\/safetypartners.fi\/kauppa\/tuote\/fireangel-thermoptek-palovaroitin-10v-paristolla#primaryimage"},"thumbnailUrl":"https:\/\/safetypartners.fi\/kauppa\/wp-content\/uploads\/2022\/08\/11205_pim.png","datePublished":"2022-08-18T13:51:48+00:00","dateModified":"2026-02-17T10:37:32+00:00","description":"Thermoptek-teknologia yhdist\u00e4\u00e4 optisen tunnistusteknologian ja l\u00e4mm\u00f6ntunnistustekniikan, ja n\u00e4in palovarotin h\u00e4lytt\u00e4\u00e4 varhain molemmista tulipalotyypeist\u00e4.","breadcrumb":{"@id":"https:\/\/safetypartners.fi\/kauppa\/tuote\/fireangel-thermoptek-palovaroitin-10v-paristolla#breadcrumb"},"inLanguage":"fi","potentialAction":[{"@type":"ReadAction","target":["https:\/\/safetypartners.fi\/kauppa\/tuote\/fireangel-thermoptek-palovaroitin-10v-paristolla"]}]},{"@type":"ImageObject","inLanguage":"fi","@id":"https:\/\/safetypartners.fi\/kauppa\/tuote\/fireangel-thermoptek-palovaroitin-10v-paristolla#primaryimage","url":"https:\/\/safetypartners.fi\/kauppa\/wp-content\/uploads\/2022\/08\/11205_pim.png","contentUrl":"https:\/\/safetypartners.fi\/kauppa\/wp-content\/uploads\/2022\/08\/11205_pim.png","width":1500,"height":1500,"caption":"FireAngel thermoptek palovaroitin 10 vuoden paristolla"},{"@type":"BreadcrumbList","@id":"https:\/\/safetypartners.fi\/kauppa\/tuote\/fireangel-thermoptek-palovaroitin-10v-paristolla#breadcrumb","itemListElement":[{"@type":"ListItem","position":1,"name":"Home","item":"https:\/\/safetypartners.fi\/kauppa\/"},{"@type":"ListItem","position":2,"name":"Kauppa","item":"https:\/\/safetypartners.fi\/kauppa\/kauppa"},{"@type":"ListItem","position":3,"name":"FireAngel Thermoptek -palovaroitin 10v. paristolla"}]},{"@type":"WebSite","@id":"https:\/\/safetypartners.fi\/kauppa\/#website","url":"https:\/\/safetypartners.fi\/kauppa\/","name":"Safety Partners","description":"Safety Partners turvakauppa palvelee verkossa 24\/7!","publisher":{"@id":"https:\/\/safetypartners.fi\/kauppa\/#organization"},"potentialAction":[{"@type":"SearchAction","target":{"@type":"EntryPoint","urlTemplate":"https:\/\/safetypartners.fi\/kauppa\/?s={search_term_string}"},"query-input":{"@type":"PropertyValueSpecification","valueRequired":true,"valueName":"search_term_string"}}],"inLanguage":"fi"},{"@type":"Organization","@id":"https:\/\/safetypartners.fi\/kauppa\/#organization","name":"Safety Partners | Suomen Sammutinpalvelu","url":"https:\/\/safetypartners.fi\/kauppa\/","logo":{"@type":"ImageObject","inLanguage":"fi","@id":"https:\/\/safetypartners.fi\/kauppa\/#\/schema\/logo\/image\/","url":"https:\/\/safetypartners.fi\/kauppa\/wp-content\/uploads\/2020\/05\/cropped-Logoke-1.jpg","contentUrl":"https:\/\/safetypartners.fi\/kauppa\/wp-content\/uploads\/2020\/05\/cropped-Logoke-1.jpg","width":847,"height":717,"caption":"Safety Partners | Suomen Sammutinpalvelu"},"image":{"@id":"https:\/\/safetypartners.fi\/kauppa\/#\/schema\/logo\/image\/"}}]}},"uagb_featured_image_src":{"full":["https:\/\/safetypartners.fi\/kauppa\/wp-content\/uploads\/2022\/08\/11205_pim.png",1500,1500,false],"thumbnail":["https:\/\/safetypartners.fi\/kauppa\/wp-content\/uploads\/2022\/08\/11205_pim-150x150.png",150,150,true],"medium":["https:\/\/safetypartners.fi\/kauppa\/wp-content\/uploads\/2022\/08\/11205_pim-300x300.png",300,300,true],"medium_large":["https:\/\/safetypartners.fi\/kauppa\/wp-content\/uploads\/2022\/08\/11205_pim-768x768.png",768,768,true],"large":["https:\/\/safetypartners.fi\/kauppa\/wp-content\/uploads\/2022\/08\/11205_pim-1024x1024.png",1024,1024,true],"1536x1536":["https:\/\/safetypartners.fi\/kauppa\/wp-content\/uploads\/2022\/08\/11205_pim.png",1500,1500,false],"2048x2048":["https:\/\/safetypartners.fi\/kauppa\/wp-content\/uploads\/2022\/08\/11205_pim.png",1500,1500,false],"woocommerce_thumbnail":["https:\/\/safetypartners.fi\/kauppa\/wp-content\/uploads\/2022\/08\/11205_pim-300x300.png",300,300,true],"woocommerce_single":["https:\/\/safetypartners.fi\/kauppa\/wp-content\/uploads\/2022\/08\/11205_pim-600x600.png",600,600,true],"woocommerce_gallery_thumbnail":["https:\/\/safetypartners.fi\/kauppa\/wp-content\/uploads\/2022\/08\/11205_pim-100x100.png",100,100,true]},"uagb_author_info":{"display_name":"Anu Lehto","author_link":"https:\/\/safetypartners.fi\/kauppa\/author"},"uagb_comment_info":0,"uagb_excerpt":"FireAngelin Thermoptek ST-622 -palovaroittimessa on 10 vuoden paristo valmiina. Thermoptek-teknologia yhdist\u00e4\u00e4 optisen tunnistusteknologian ja l\u00e4mm\u00f6ntunnistustekniikan, jonka johdosta ST-622-varoitin h\u00e4lytt\u00e4\u00e4 molemmista tulipalotyypeist\u00e4. Mekanismi palovaroittimen selk\u00e4puolella aktivoi sis\u00e4isen lithium-akun toimintaan asennuksen yhteydess\u00e4. 10 vuoden sinet\u00f6ity litiumparisto kest\u00e4\u00e4 l\u00e4pi varoittimen suositellun k\u00e4ytt\u00f6i\u00e4n.","_links":{"self":[{"href":"https:\/\/safetypartners.fi\/kauppa\/wp-json\/wp\/v2\/product\/895","targetHints":{"allow":["GET"]}}],"collection":[{"href":"https:\/\/safetypartners.fi\/kauppa\/wp-json\/wp\/v2\/product"}],"about":[{"href":"https:\/\/safetypartners.fi\/kauppa\/wp-json\/wp\/v2\/types\/product"}],"replies":[{"embeddable":true,"href":"https:\/\/safetypartners.fi\/kauppa\/wp-json\/wp\/v2\/comments?post=895"}],"version-history":[{"count":3,"href":"https:\/\/safetypartners.fi\/kauppa\/wp-json\/wp\/v2\/product\/895\/revisions"}],"predecessor-version":[{"id":2736,"href":"https:\/\/safetypartners.fi\/kauppa\/wp-json\/wp\/v2\/product\/895\/revisions\/2736"}],"wp:featuredmedia":[{"embeddable":true,"href":"https:\/\/safetypartners.fi\/kauppa\/wp-json\/wp\/v2\/media\/960"}],"wp:attachment":[{"href":"https:\/\/safetypartners.fi\/kauppa\/wp-json\/wp\/v2\/media?parent=895"}],"wp:term":[{"taxonomy":"product_brand","embeddable":true,"href":"https:\/\/safetypartners.fi\/kauppa\/wp-json\/wp\/v2\/product_brand?post=895"},{"taxonomy":"product_cat","embeddable":true,"href":"https:\/\/safetypartners.fi\/kauppa\/wp-json\/wp\/v2\/product_cat?post=895"},{"taxonomy":"product_tag","embeddable":true,"href":"https:\/\/safetypartners.fi\/kauppa\/wp-json\/wp\/v2\/product_tag?post=895"}],"curies":[{"name":"wp","href":"https:\/\/api.w.org\/{rel}","templated":true}]}}