{"id":901,"date":"2022-08-18T16:51:50","date_gmt":"2022-08-18T13:51:50","guid":{"rendered":"https:\/\/safetypartners.fi\/kauppa\/?post_type=product&#038;p=901"},"modified":"2026-02-17T12:34:44","modified_gmt":"2026-02-17T10:34:44","slug":"fireangel-lampohalytin-10v-sinetoidylla-litiumparistolla","status":"publish","type":"product","link":"https:\/\/safetypartners.fi\/kauppa\/tuote\/fireangel-lampohalytin-10v-sinetoidylla-litiumparistolla","title":{"rendered":"FireAngel-l\u00e4mp\u00f6h\u00e4lytin 10v. sinet\u00f6idyll\u00e4 litiumparistolla"},"content":{"rendered":"<div class=\"short-description\">\n<div class=\"std\">\n<p>L\u00e4mp\u00f6varoitin on erinomainen valinta tiloihin, joissa h\u00f6yry tai savu saattaa aiheuttaa turhia h\u00e4lytyksi\u00e4. N\u00e4ihin lukeutuvat mm. keitti\u00f6t, autotallit ja saunojen pukuhuoneet.<\/p>\n<p>Varoittimen ohut asennuspohja mahdollistaa nopean ja yksinkertaisen asennuksen.<\/p>\n<ul class=\"disc\">\n<li>Thermistek-tekniikka tunnistaa merkitt\u00e4v\u00e4sti nousevan l\u00e4mp\u00f6tilan nopeasti<\/li>\n<li>A1-luokan laite<\/li>\n<li>10 vuoden sis\u00e4\u00e4nrakennettu litiumparisto on valmiina laitteessa<\/li>\n<li>Suurikokoinen keskipainike testausta, mykistyst\u00e4 ja paikannusta varten<\/li>\n<li>Smart Silence sallii h\u00e4lytyksen vaimentamisen jopa 10 minuutin ajaksi v\u00e4\u00e4r\u00e4n h\u00e4lytyksen yhteydess\u00e4. Mik\u00e4li t\u00e4m\u00e4n 10 minuutin aikana havaitaan lis\u00e4\u00e4 savua, h\u00e4lytys aktivoituu uudelleen.<\/li>\n<\/ul>\n<\/div>\n<\/div>\n<table id=\"product-attribute-specs-table\" class=\"data-table\" width=\"309\">\n<tbody>\n<tr class=\"odd\">\n<th class=\"label\">Virtal\u00e4hde<\/th>\n<td class=\"data\">3V<\/td>\n<\/tr>\n<tr class=\"even\">\n<th class=\"label\">H\u00e4lytyssignaali<\/th>\n<td class=\"data\">85dB\/3m<\/td>\n<\/tr>\n<tr class=\"odd\">\n<th class=\"label\">Taukotoiminto<\/th>\n<td class=\"data\">Kyll\u00e4<\/td>\n<\/tr>\n<tr class=\"even\">\n<th class=\"label\">Radiotaajuus<\/th>\n<td class=\"data\">n\/a<\/td>\n<\/tr>\n<tr class=\"odd\">\n<th class=\"label\">L\u00e4mp\u00f6tila-alue<\/p>\n<p>Kiinnitys<\/th>\n<td class=\"data\">+4\u00b0C to +38\u00b0C<\/p>\n<p>Ruuvit<\/td>\n<\/tr>\n<\/tbody>\n<\/table>\n","protected":false},"excerpt":{"rendered":"<p><strong>FireAngelin Thermistek HT-630 -l\u00e4mp\u00f6ilmaisimen <\/strong>l\u00e4mp\u00f6tilasensori ja heijastinlevy reagoivat nopeasti huoneenl\u00e4mm\u00f6n noustessa, tunnistaen tulipalon aiheuttaman l\u00e4mp\u00f6s\u00e4teilyn. Edistyksellinen Thermistek-l\u00e4mp\u00f6tilatunnistin k\u00e4ytt\u00e4\u00e4 apunaan sensoria ja heijastinlevy\u00e4, joka heijastaa l\u00e4mp\u00f6\u00e4. N\u00e4m\u00e4 tarkkailevat jatkuvasti muutoksia huoneen l\u00e4mp\u00f6tilassa, reagoiden niin ilman l\u00e4mp\u00f6tilamuutoksiin kuin -s\u00e4teilyyn. A1-luokan tunnistus antaa varhaisen suojavaroituksen kaikkia palotyyppej\u00e4 vastaan.<\/p>\n","protected":false},"featured_media":1035,"comment_status":"open","ping_status":"closed","template":"","meta":{"_uag_custom_page_level_css":"","site-sidebar-layout":"default","site-content-layout":"","ast-site-content-layout":"default","site-content-style":"default","site-sidebar-style":"default","ast-global-header-display":"","ast-banner-title-visibility":"","ast-main-header-display":"","ast-hfb-above-header-display":"","ast-hfb-below-header-display":"","ast-hfb-mobile-header-display":"","site-post-title":"","ast-breadcrumbs-content":"","ast-featured-img":"","footer-sml-layout":"","ast-disable-related-posts":"","theme-transparent-header-meta":"default","adv-header-id-meta":"","stick-header-meta":"default","header-above-stick-meta":"","header-main-stick-meta":"","header-below-stick-meta":"","astra-migrate-meta-layouts":"set","ast-page-background-enabled":"default","ast-page-background-meta":{"desktop":{"background-color":"","background-image":"","background-repeat":"repeat","background-position":"center center","background-size":"auto","background-attachment":"scroll","background-type":"","background-media":"","overlay-type":"","overlay-color":"","overlay-opacity":"","overlay-gradient":""},"tablet":{"background-color":"","background-image":"","background-repeat":"repeat","background-position":"center center","background-size":"auto","background-attachment":"scroll","background-type":"","background-media":"","overlay-type":"","overlay-color":"","overlay-opacity":"","overlay-gradient":""},"mobile":{"background-color":"","background-image":"","background-repeat":"repeat","background-position":"center center","background-size":"auto","background-attachment":"scroll","background-type":"","background-media":"","overlay-type":"","overlay-color":"","overlay-opacity":"","overlay-gradient":""}},"ast-content-background-meta":{"desktop":{"background-color":"var(--ast-global-color-5)","background-image":"","background-repeat":"repeat","background-position":"center center","background-size":"auto","background-attachment":"scroll","background-type":"","background-media":"","overlay-type":"","overlay-color":"","overlay-opacity":"","overlay-gradient":""},"tablet":{"background-color":"var(--ast-global-color-5)","background-image":"","background-repeat":"repeat","background-position":"center center","background-size":"auto","background-attachment":"scroll","background-type":"","background-media":"","overlay-type":"","overlay-color":"","overlay-opacity":"","overlay-gradient":""},"mobile":{"background-color":"var(--ast-global-color-5)","background-image":"","background-repeat":"repeat","background-position":"center center","background-size":"auto","background-attachment":"scroll","background-type":"","background-media":"","overlay-type":"","overlay-color":"","overlay-opacity":"","overlay-gradient":""}}},"product_brand":[],"product_cat":[15,30,216,601],"product_tag":[332,417,475,474,472,473,441,476,442,34],"class_list":{"0":"post-901","1":"product","2":"type-product","3":"status-publish","4":"has-post-thumbnail","6":"product_cat-yleinen","7":"product_cat-paloturvallisuus","8":"product_cat-palovaroittimet","9":"product_cat-yksittaiset-palovaroittimet","10":"product_tag-10-vuoden-paristo","11":"product_tag-fireangel","12":"product_tag-heijastinlevy","13":"product_tag-ht-630","14":"product_tag-lampoilmaisin","15":"product_tag-lampotilasensori","16":"product_tag-lampovaroitin","17":"product_tag-nopea-halytys","18":"product_tag-thermistek","19":"product_tag-varoitin","20":"product_shipping_class-suomi","21":"desktop-align-center","22":"tablet-align-center","23":"mobile-align-center","24":"ast-product-gallery-layout-horizontal-slider","25":"ast-product-tabs-layout-horizontal","27":"first","28":"instock","29":"taxable","30":"shipping-taxable","31":"purchasable","32":"product-type-simple"},"yoast_head":"<!-- This site is optimized with the Yoast SEO plugin v27.3 - https:\/\/yoast.com\/product\/yoast-seo-wordpress\/ -->\n<title>FireAngel-l\u00e4mp\u00f6h\u00e4lytin 10v. sinet\u00f6idyll\u00e4 litiumparistolla - Safety Partners<\/title>\n<meta name=\"description\" content=\"Tiloihin, joissa h\u00f6yry tai savu saattaa aiheuttaa turhia h\u00e4lytyksi\u00e4. N\u00e4ihin lukeutuvat mm. keitti\u00f6t, autotallit ja saunojen pukuhuoneet.\" \/>\n<meta name=\"robots\" content=\"index, follow, max-snippet:-1, max-image-preview:large, max-video-preview:-1\" \/>\n<link rel=\"canonical\" href=\"https:\/\/safetypartners.fi\/kauppa\/tuote\/fireangel-lampohalytin-10v-sinetoidylla-litiumparistolla\" \/>\n<meta property=\"og:locale\" content=\"fi_FI\" \/>\n<meta property=\"og:type\" content=\"article\" \/>\n<meta property=\"og:title\" content=\"FireAngel-l\u00e4mp\u00f6h\u00e4lytin 10v. sinet\u00f6idyll\u00e4 litiumparistolla - Safety Partners\" \/>\n<meta property=\"og:description\" content=\"Tiloihin, joissa h\u00f6yry tai savu saattaa aiheuttaa turhia h\u00e4lytyksi\u00e4. N\u00e4ihin lukeutuvat mm. keitti\u00f6t, autotallit ja saunojen pukuhuoneet.\" \/>\n<meta property=\"og:url\" content=\"https:\/\/safetypartners.fi\/kauppa\/tuote\/fireangel-lampohalytin-10v-sinetoidylla-litiumparistolla\" \/>\n<meta property=\"og:site_name\" content=\"Safety Partners\" \/>\n<meta property=\"article:modified_time\" content=\"2026-02-17T10:34:44+00:00\" \/>\n<meta property=\"og:image\" content=\"https:\/\/safetypartners.fi\/kauppa\/wp-content\/uploads\/2022\/08\/Fireangel-lampohalytin-10-vuoden-sinetoity-litiumparisto-HT-630-11208_pim.png\" \/>\n\t<meta property=\"og:image:width\" content=\"1500\" \/>\n\t<meta property=\"og:image:height\" content=\"1500\" \/>\n\t<meta property=\"og:image:type\" content=\"image\/png\" \/>\n<meta name=\"twitter:card\" content=\"summary_large_image\" \/>\n<meta name=\"twitter:label1\" content=\"Arvioitu lukuaika\" \/>\n\t<meta name=\"twitter:data1\" content=\"1 minuutti\" \/>\n<script type=\"application\/ld+json\" class=\"yoast-schema-graph\">{\"@context\":\"https:\\\/\\\/schema.org\",\"@graph\":[{\"@type\":\"WebPage\",\"@id\":\"https:\\\/\\\/safetypartners.fi\\\/kauppa\\\/tuote\\\/fireangel-lampohalytin-10v-sinetoidylla-litiumparistolla\",\"url\":\"https:\\\/\\\/safetypartners.fi\\\/kauppa\\\/tuote\\\/fireangel-lampohalytin-10v-sinetoidylla-litiumparistolla\",\"name\":\"FireAngel-l\u00e4mp\u00f6h\u00e4lytin 10v. sinet\u00f6idyll\u00e4 litiumparistolla - Safety Partners\",\"isPartOf\":{\"@id\":\"https:\\\/\\\/safetypartners.fi\\\/kauppa\\\/#website\"},\"primaryImageOfPage\":{\"@id\":\"https:\\\/\\\/safetypartners.fi\\\/kauppa\\\/tuote\\\/fireangel-lampohalytin-10v-sinetoidylla-litiumparistolla#primaryimage\"},\"image\":{\"@id\":\"https:\\\/\\\/safetypartners.fi\\\/kauppa\\\/tuote\\\/fireangel-lampohalytin-10v-sinetoidylla-litiumparistolla#primaryimage\"},\"thumbnailUrl\":\"https:\\\/\\\/safetypartners.fi\\\/kauppa\\\/wp-content\\\/uploads\\\/2022\\\/08\\\/Fireangel-lampohalytin-10-vuoden-sinetoity-litiumparisto-HT-630-11208_pim.png\",\"datePublished\":\"2022-08-18T13:51:50+00:00\",\"dateModified\":\"2026-02-17T10:34:44+00:00\",\"description\":\"Tiloihin, joissa h\u00f6yry tai savu saattaa aiheuttaa turhia h\u00e4lytyksi\u00e4. N\u00e4ihin lukeutuvat mm. keitti\u00f6t, autotallit ja saunojen pukuhuoneet.\",\"breadcrumb\":{\"@id\":\"https:\\\/\\\/safetypartners.fi\\\/kauppa\\\/tuote\\\/fireangel-lampohalytin-10v-sinetoidylla-litiumparistolla#breadcrumb\"},\"inLanguage\":\"fi\",\"potentialAction\":[{\"@type\":\"ReadAction\",\"target\":[\"https:\\\/\\\/safetypartners.fi\\\/kauppa\\\/tuote\\\/fireangel-lampohalytin-10v-sinetoidylla-litiumparistolla\"]}]},{\"@type\":\"ImageObject\",\"inLanguage\":\"fi\",\"@id\":\"https:\\\/\\\/safetypartners.fi\\\/kauppa\\\/tuote\\\/fireangel-lampohalytin-10v-sinetoidylla-litiumparistolla#primaryimage\",\"url\":\"https:\\\/\\\/safetypartners.fi\\\/kauppa\\\/wp-content\\\/uploads\\\/2022\\\/08\\\/Fireangel-lampohalytin-10-vuoden-sinetoity-litiumparisto-HT-630-11208_pim.png\",\"contentUrl\":\"https:\\\/\\\/safetypartners.fi\\\/kauppa\\\/wp-content\\\/uploads\\\/2022\\\/08\\\/Fireangel-lampohalytin-10-vuoden-sinetoity-litiumparisto-HT-630-11208_pim.png\",\"width\":1500,\"height\":1500},{\"@type\":\"BreadcrumbList\",\"@id\":\"https:\\\/\\\/safetypartners.fi\\\/kauppa\\\/tuote\\\/fireangel-lampohalytin-10v-sinetoidylla-litiumparistolla#breadcrumb\",\"itemListElement\":[{\"@type\":\"ListItem\",\"position\":1,\"name\":\"Home\",\"item\":\"https:\\\/\\\/safetypartners.fi\\\/kauppa\\\/\"},{\"@type\":\"ListItem\",\"position\":2,\"name\":\"Kauppa\",\"item\":\"https:\\\/\\\/safetypartners.fi\\\/kauppa\\\/kauppa\"},{\"@type\":\"ListItem\",\"position\":3,\"name\":\"FireAngel-l\u00e4mp\u00f6h\u00e4lytin 10v. sinet\u00f6idyll\u00e4 litiumparistolla\"}]},{\"@type\":\"WebSite\",\"@id\":\"https:\\\/\\\/safetypartners.fi\\\/kauppa\\\/#website\",\"url\":\"https:\\\/\\\/safetypartners.fi\\\/kauppa\\\/\",\"name\":\"Safety Partners\",\"description\":\"Safety Partners turvakauppa palvelee verkossa 24\\\/7!\",\"publisher\":{\"@id\":\"https:\\\/\\\/safetypartners.fi\\\/kauppa\\\/#organization\"},\"potentialAction\":[{\"@type\":\"SearchAction\",\"target\":{\"@type\":\"EntryPoint\",\"urlTemplate\":\"https:\\\/\\\/safetypartners.fi\\\/kauppa\\\/?s={search_term_string}\"},\"query-input\":{\"@type\":\"PropertyValueSpecification\",\"valueRequired\":true,\"valueName\":\"search_term_string\"}}],\"inLanguage\":\"fi\"},{\"@type\":\"Organization\",\"@id\":\"https:\\\/\\\/safetypartners.fi\\\/kauppa\\\/#organization\",\"name\":\"Safety Partners | Suomen Sammutinpalvelu\",\"url\":\"https:\\\/\\\/safetypartners.fi\\\/kauppa\\\/\",\"logo\":{\"@type\":\"ImageObject\",\"inLanguage\":\"fi\",\"@id\":\"https:\\\/\\\/safetypartners.fi\\\/kauppa\\\/#\\\/schema\\\/logo\\\/image\\\/\",\"url\":\"https:\\\/\\\/safetypartners.fi\\\/kauppa\\\/wp-content\\\/uploads\\\/2020\\\/05\\\/cropped-Logoke-1.jpg\",\"contentUrl\":\"https:\\\/\\\/safetypartners.fi\\\/kauppa\\\/wp-content\\\/uploads\\\/2020\\\/05\\\/cropped-Logoke-1.jpg\",\"width\":847,\"height\":717,\"caption\":\"Safety Partners | Suomen Sammutinpalvelu\"},\"image\":{\"@id\":\"https:\\\/\\\/safetypartners.fi\\\/kauppa\\\/#\\\/schema\\\/logo\\\/image\\\/\"}}]}<\/script>\n<!-- \/ Yoast SEO plugin. -->","yoast_head_json":{"title":"FireAngel-l\u00e4mp\u00f6h\u00e4lytin 10v. sinet\u00f6idyll\u00e4 litiumparistolla - Safety Partners","description":"Tiloihin, joissa h\u00f6yry tai savu saattaa aiheuttaa turhia h\u00e4lytyksi\u00e4. N\u00e4ihin lukeutuvat mm. keitti\u00f6t, autotallit ja saunojen pukuhuoneet.","robots":{"index":"index","follow":"follow","max-snippet":"max-snippet:-1","max-image-preview":"max-image-preview:large","max-video-preview":"max-video-preview:-1"},"canonical":"https:\/\/safetypartners.fi\/kauppa\/tuote\/fireangel-lampohalytin-10v-sinetoidylla-litiumparistolla","og_locale":"fi_FI","og_type":"article","og_title":"FireAngel-l\u00e4mp\u00f6h\u00e4lytin 10v. sinet\u00f6idyll\u00e4 litiumparistolla - Safety Partners","og_description":"Tiloihin, joissa h\u00f6yry tai savu saattaa aiheuttaa turhia h\u00e4lytyksi\u00e4. N\u00e4ihin lukeutuvat mm. keitti\u00f6t, autotallit ja saunojen pukuhuoneet.","og_url":"https:\/\/safetypartners.fi\/kauppa\/tuote\/fireangel-lampohalytin-10v-sinetoidylla-litiumparistolla","og_site_name":"Safety Partners","article_modified_time":"2026-02-17T10:34:44+00:00","og_image":[{"width":1500,"height":1500,"url":"https:\/\/safetypartners.fi\/kauppa\/wp-content\/uploads\/2022\/08\/Fireangel-lampohalytin-10-vuoden-sinetoity-litiumparisto-HT-630-11208_pim.png","type":"image\/png"}],"twitter_card":"summary_large_image","twitter_misc":{"Arvioitu lukuaika":"1 minuutti"},"schema":{"@context":"https:\/\/schema.org","@graph":[{"@type":"WebPage","@id":"https:\/\/safetypartners.fi\/kauppa\/tuote\/fireangel-lampohalytin-10v-sinetoidylla-litiumparistolla","url":"https:\/\/safetypartners.fi\/kauppa\/tuote\/fireangel-lampohalytin-10v-sinetoidylla-litiumparistolla","name":"FireAngel-l\u00e4mp\u00f6h\u00e4lytin 10v. sinet\u00f6idyll\u00e4 litiumparistolla - Safety Partners","isPartOf":{"@id":"https:\/\/safetypartners.fi\/kauppa\/#website"},"primaryImageOfPage":{"@id":"https:\/\/safetypartners.fi\/kauppa\/tuote\/fireangel-lampohalytin-10v-sinetoidylla-litiumparistolla#primaryimage"},"image":{"@id":"https:\/\/safetypartners.fi\/kauppa\/tuote\/fireangel-lampohalytin-10v-sinetoidylla-litiumparistolla#primaryimage"},"thumbnailUrl":"https:\/\/safetypartners.fi\/kauppa\/wp-content\/uploads\/2022\/08\/Fireangel-lampohalytin-10-vuoden-sinetoity-litiumparisto-HT-630-11208_pim.png","datePublished":"2022-08-18T13:51:50+00:00","dateModified":"2026-02-17T10:34:44+00:00","description":"Tiloihin, joissa h\u00f6yry tai savu saattaa aiheuttaa turhia h\u00e4lytyksi\u00e4. N\u00e4ihin lukeutuvat mm. keitti\u00f6t, autotallit ja saunojen pukuhuoneet.","breadcrumb":{"@id":"https:\/\/safetypartners.fi\/kauppa\/tuote\/fireangel-lampohalytin-10v-sinetoidylla-litiumparistolla#breadcrumb"},"inLanguage":"fi","potentialAction":[{"@type":"ReadAction","target":["https:\/\/safetypartners.fi\/kauppa\/tuote\/fireangel-lampohalytin-10v-sinetoidylla-litiumparistolla"]}]},{"@type":"ImageObject","inLanguage":"fi","@id":"https:\/\/safetypartners.fi\/kauppa\/tuote\/fireangel-lampohalytin-10v-sinetoidylla-litiumparistolla#primaryimage","url":"https:\/\/safetypartners.fi\/kauppa\/wp-content\/uploads\/2022\/08\/Fireangel-lampohalytin-10-vuoden-sinetoity-litiumparisto-HT-630-11208_pim.png","contentUrl":"https:\/\/safetypartners.fi\/kauppa\/wp-content\/uploads\/2022\/08\/Fireangel-lampohalytin-10-vuoden-sinetoity-litiumparisto-HT-630-11208_pim.png","width":1500,"height":1500},{"@type":"BreadcrumbList","@id":"https:\/\/safetypartners.fi\/kauppa\/tuote\/fireangel-lampohalytin-10v-sinetoidylla-litiumparistolla#breadcrumb","itemListElement":[{"@type":"ListItem","position":1,"name":"Home","item":"https:\/\/safetypartners.fi\/kauppa\/"},{"@type":"ListItem","position":2,"name":"Kauppa","item":"https:\/\/safetypartners.fi\/kauppa\/kauppa"},{"@type":"ListItem","position":3,"name":"FireAngel-l\u00e4mp\u00f6h\u00e4lytin 10v. sinet\u00f6idyll\u00e4 litiumparistolla"}]},{"@type":"WebSite","@id":"https:\/\/safetypartners.fi\/kauppa\/#website","url":"https:\/\/safetypartners.fi\/kauppa\/","name":"Safety Partners","description":"Safety Partners turvakauppa palvelee verkossa 24\/7!","publisher":{"@id":"https:\/\/safetypartners.fi\/kauppa\/#organization"},"potentialAction":[{"@type":"SearchAction","target":{"@type":"EntryPoint","urlTemplate":"https:\/\/safetypartners.fi\/kauppa\/?s={search_term_string}"},"query-input":{"@type":"PropertyValueSpecification","valueRequired":true,"valueName":"search_term_string"}}],"inLanguage":"fi"},{"@type":"Organization","@id":"https:\/\/safetypartners.fi\/kauppa\/#organization","name":"Safety Partners | Suomen Sammutinpalvelu","url":"https:\/\/safetypartners.fi\/kauppa\/","logo":{"@type":"ImageObject","inLanguage":"fi","@id":"https:\/\/safetypartners.fi\/kauppa\/#\/schema\/logo\/image\/","url":"https:\/\/safetypartners.fi\/kauppa\/wp-content\/uploads\/2020\/05\/cropped-Logoke-1.jpg","contentUrl":"https:\/\/safetypartners.fi\/kauppa\/wp-content\/uploads\/2020\/05\/cropped-Logoke-1.jpg","width":847,"height":717,"caption":"Safety Partners | Suomen Sammutinpalvelu"},"image":{"@id":"https:\/\/safetypartners.fi\/kauppa\/#\/schema\/logo\/image\/"}}]}},"uagb_featured_image_src":{"full":["https:\/\/safetypartners.fi\/kauppa\/wp-content\/uploads\/2022\/08\/Fireangel-lampohalytin-10-vuoden-sinetoity-litiumparisto-HT-630-11208_pim.png",1500,1500,false],"thumbnail":["https:\/\/safetypartners.fi\/kauppa\/wp-content\/uploads\/2022\/08\/Fireangel-lampohalytin-10-vuoden-sinetoity-litiumparisto-HT-630-11208_pim-150x150.png",150,150,true],"medium":["https:\/\/safetypartners.fi\/kauppa\/wp-content\/uploads\/2022\/08\/Fireangel-lampohalytin-10-vuoden-sinetoity-litiumparisto-HT-630-11208_pim-300x300.png",300,300,true],"medium_large":["https:\/\/safetypartners.fi\/kauppa\/wp-content\/uploads\/2022\/08\/Fireangel-lampohalytin-10-vuoden-sinetoity-litiumparisto-HT-630-11208_pim-768x768.png",768,768,true],"large":["https:\/\/safetypartners.fi\/kauppa\/wp-content\/uploads\/2022\/08\/Fireangel-lampohalytin-10-vuoden-sinetoity-litiumparisto-HT-630-11208_pim-1024x1024.png",1024,1024,true],"1536x1536":["https:\/\/safetypartners.fi\/kauppa\/wp-content\/uploads\/2022\/08\/Fireangel-lampohalytin-10-vuoden-sinetoity-litiumparisto-HT-630-11208_pim.png",1500,1500,false],"2048x2048":["https:\/\/safetypartners.fi\/kauppa\/wp-content\/uploads\/2022\/08\/Fireangel-lampohalytin-10-vuoden-sinetoity-litiumparisto-HT-630-11208_pim.png",1500,1500,false],"woocommerce_thumbnail":["https:\/\/safetypartners.fi\/kauppa\/wp-content\/uploads\/2022\/08\/Fireangel-lampohalytin-10-vuoden-sinetoity-litiumparisto-HT-630-11208_pim-300x300.png",300,300,true],"woocommerce_single":["https:\/\/safetypartners.fi\/kauppa\/wp-content\/uploads\/2022\/08\/Fireangel-lampohalytin-10-vuoden-sinetoity-litiumparisto-HT-630-11208_pim-600x600.png",600,600,true],"woocommerce_gallery_thumbnail":["https:\/\/safetypartners.fi\/kauppa\/wp-content\/uploads\/2022\/08\/Fireangel-lampohalytin-10-vuoden-sinetoity-litiumparisto-HT-630-11208_pim-100x100.png",100,100,true]},"uagb_author_info":{"display_name":"Anu Lehto","author_link":"https:\/\/safetypartners.fi\/kauppa\/author"},"uagb_comment_info":0,"uagb_excerpt":"FireAngelin Thermistek HT-630 -l\u00e4mp\u00f6ilmaisimen l\u00e4mp\u00f6tilasensori ja heijastinlevy reagoivat nopeasti huoneenl\u00e4mm\u00f6n noustessa, tunnistaen tulipalon aiheuttaman l\u00e4mp\u00f6s\u00e4teilyn. Edistyksellinen Thermistek-l\u00e4mp\u00f6tilatunnistin k\u00e4ytt\u00e4\u00e4 apunaan sensoria ja heijastinlevy\u00e4, joka heijastaa l\u00e4mp\u00f6\u00e4. N\u00e4m\u00e4 tarkkailevat jatkuvasti muutoksia huoneen l\u00e4mp\u00f6tilassa, reagoiden niin ilman l\u00e4mp\u00f6tilamuutoksiin kuin -s\u00e4teilyyn. A1-luokan tunnistus antaa varhaisen suojavaroituksen kaikkia palotyyppej\u00e4 vastaan.","_links":{"self":[{"href":"https:\/\/safetypartners.fi\/kauppa\/wp-json\/wp\/v2\/product\/901","targetHints":{"allow":["GET"]}}],"collection":[{"href":"https:\/\/safetypartners.fi\/kauppa\/wp-json\/wp\/v2\/product"}],"about":[{"href":"https:\/\/safetypartners.fi\/kauppa\/wp-json\/wp\/v2\/types\/product"}],"replies":[{"embeddable":true,"href":"https:\/\/safetypartners.fi\/kauppa\/wp-json\/wp\/v2\/comments?post=901"}],"version-history":[{"count":3,"href":"https:\/\/safetypartners.fi\/kauppa\/wp-json\/wp\/v2\/product\/901\/revisions"}],"predecessor-version":[{"id":912,"href":"https:\/\/safetypartners.fi\/kauppa\/wp-json\/wp\/v2\/product\/901\/revisions\/912"}],"wp:featuredmedia":[{"embeddable":true,"href":"https:\/\/safetypartners.fi\/kauppa\/wp-json\/wp\/v2\/media\/1035"}],"wp:attachment":[{"href":"https:\/\/safetypartners.fi\/kauppa\/wp-json\/wp\/v2\/media?parent=901"}],"wp:term":[{"taxonomy":"product_brand","embeddable":true,"href":"https:\/\/safetypartners.fi\/kauppa\/wp-json\/wp\/v2\/product_brand?post=901"},{"taxonomy":"product_cat","embeddable":true,"href":"https:\/\/safetypartners.fi\/kauppa\/wp-json\/wp\/v2\/product_cat?post=901"},{"taxonomy":"product_tag","embeddable":true,"href":"https:\/\/safetypartners.fi\/kauppa\/wp-json\/wp\/v2\/product_tag?post=901"}],"curies":[{"name":"wp","href":"https:\/\/api.w.org\/{rel}","templated":true}]}}