{"id":903,"date":"2022-08-18T16:51:50","date_gmt":"2022-08-18T13:51:50","guid":{"rendered":"https:\/\/safetypartners.fi\/kauppa\/?post_type=product&#038;p=903"},"modified":"2026-01-05T11:42:05","modified_gmt":"2026-01-05T09:42:05","slug":"pebble-optinen-palovaroitin","status":"publish","type":"product","link":"https:\/\/safetypartners.fi\/kauppa\/tuote\/pebble-optinen-palovaroitin","title":{"rendered":"Pebble optinen palovaroitin"},"content":{"rendered":"<p>On yleisin k\u00e4ytetty palovaroitintyyppi. H\u00e4lytt\u00e4\u00e4 kytevist\u00e4 paloista.<\/p>\n<p><strong>Pebble optinen palovaroitin &#8211; K\u00e4ytt\u00f6kohteet:<\/strong><\/p>\n<ul>\n<li>Omakoti- ja rivitalot<\/li>\n<li>Vapaa-ajanasunnot<\/li>\n<li>Kerrostaloasunnot<\/li>\n<li>Tuotanto &#8211; ja toimistotilat<\/li>\n<\/ul>\n<ul>\n<li>Malli: SA700<\/li>\n<li>Ilmaisin: Optinen ilmaisinkammio<\/li>\n<li>Paristo: 9V (sis\u00e4ltyy pakkaukseen)<\/li>\n<li>H\u00e4lytyssignaali: &gt;85 dB\/3 m<\/li>\n<li>Toiminnot: Testitoiminta ja LED, joka vilkkuu normaalitilassa.<\/li>\n<li>Asennus: Ruuvikiinnitys. Kattoon \/ sein\u00e4\u00e4n asennus vaatii, ett\u00e4 paristo on palovaroittimessa paikallaan.<\/li>\n<li>Paristo loppu: Automaattinen pariston loppumisen ilmaisin<\/li>\n<li>Hyv\u00e4ksynn\u00e4t : CE, EN14604.<\/li>\n<\/ul>\n<p><strong>Takuu:<\/strong> 5 vuoden takuu valmistusvirheille (ostop\u00e4iv\u00e4st\u00e4 kuittia vastaan, paristo ei kuulu takuun piiriin)<\/p>\n<p>Voidaan yhdist\u00e4\u00e4 erikseen myyt\u00e4v\u00e4\u00e4n <a href=\"https:\/\/safetypartners.fi\/kauppa\/tuote\/paristokotelo-palovaroittimelle\">paristokoteloon<\/a>.<\/p>\n<p>Lue my\u00f6s: <a href=\"https:\/\/gpbmnordic.com\/Product\/Files\/Local\/Smoke%20Detectors%20and%20False%20Alarms%20FI.pdf\" target=\"_blank\" rel=\"attachment noopener wp-att-2582\">Palovaroittimen asentaminen ja virheh\u00e4lytykset<\/a><\/p>\n","protected":false},"excerpt":{"rendered":"<p><strong>Housegardin Pebble optinen palovaroitin<\/strong> syntyi teollisuussuunnittelija Lars Wettren kyn\u00e4st\u00e4 luonnon innoittamana. Pehme\u00e4linjainen, esteettisesti miellytt\u00e4v\u00e4 ulkon\u00e4k\u00f6 sulautuu osaksi joka kodin sisustustusta ja sopii yht\u00e4 lailla toimistoymp\u00e4rist\u00f6ihin. Varoitin on helppo ja selke\u00e4 k\u00e4ytt\u00e4\u00e4.<\/p>\n<p>Pebble palovaroittimessa on nappula testitoimintoa varten, sek\u00e4 alhaisen paristoj\u00e4nnitteen ilmaisin. Tuotepakkaukseen sis\u00e4ltyy noin vuoden kest\u00e4v\u00e4 paristo. Paristo tulee olla palovaroittimessa paikallaan kattoon asennettaessa, turvallisuussyist\u00e4.<\/p>\n","protected":false},"featured_media":1022,"comment_status":"open","ping_status":"closed","template":"","meta":{"_uag_custom_page_level_css":"","site-sidebar-layout":"default","site-content-layout":"default","ast-site-content-layout":"default","site-content-style":"default","site-sidebar-style":"default","ast-global-header-display":"","ast-banner-title-visibility":"","ast-main-header-display":"","ast-hfb-above-header-display":"","ast-hfb-below-header-display":"","ast-hfb-mobile-header-display":"","site-post-title":"","ast-breadcrumbs-content":"","ast-featured-img":"","footer-sml-layout":"","ast-disable-related-posts":"","theme-transparent-header-meta":"default","adv-header-id-meta":"","stick-header-meta":"default","header-above-stick-meta":"","header-main-stick-meta":"","header-below-stick-meta":"","astra-migrate-meta-layouts":"set","ast-page-background-enabled":"default","ast-page-background-meta":{"desktop":{"background-color":"","background-image":"","background-repeat":"repeat","background-position":"center center","background-size":"auto","background-attachment":"scroll","background-type":"","background-media":"","overlay-type":"","overlay-color":"","overlay-opacity":"","overlay-gradient":""},"tablet":{"background-color":"","background-image":"","background-repeat":"repeat","background-position":"center center","background-size":"auto","background-attachment":"scroll","background-type":"","background-media":"","overlay-type":"","overlay-color":"","overlay-opacity":"","overlay-gradient":""},"mobile":{"background-color":"","background-image":"","background-repeat":"repeat","background-position":"center center","background-size":"auto","background-attachment":"scroll","background-type":"","background-media":"","overlay-type":"","overlay-color":"","overlay-opacity":"","overlay-gradient":""}},"ast-content-background-meta":{"desktop":{"background-color":"var(--ast-global-color-5)","background-image":"","background-repeat":"repeat","background-position":"center center","background-size":"auto","background-attachment":"scroll","background-type":"","background-media":"","overlay-type":"","overlay-color":"","overlay-opacity":"","overlay-gradient":""},"tablet":{"background-color":"var(--ast-global-color-5)","background-image":"","background-repeat":"repeat","background-position":"center center","background-size":"auto","background-attachment":"scroll","background-type":"","background-media":"","overlay-type":"","overlay-color":"","overlay-opacity":"","overlay-gradient":""},"mobile":{"background-color":"var(--ast-global-color-5)","background-image":"","background-repeat":"repeat","background-position":"center center","background-size":"auto","background-attachment":"scroll","background-type":"","background-media":"","overlay-type":"","overlay-color":"","overlay-opacity":"","overlay-gradient":""}}},"product_brand":[],"product_cat":[15,30,216,601],"product_tag":[321,322,331,113,320,114,317,447],"class_list":{"0":"post-903","1":"product","2":"type-product","3":"status-publish","4":"has-post-thumbnail","6":"product_cat-yleinen","7":"product_cat-paloturvallisuus","8":"product_cat-palovaroittimet","9":"product_cat-yksittaiset-palovaroittimet","10":"product_tag-edullinen","11":"product_tag-halpa","12":"product_tag-halytin","13":"product_tag-housegard","14":"product_tag-kaunis","15":"product_tag-kotiin","16":"product_tag-palovaroitin","17":"product_tag-pebble","18":"product_shipping_class-suomi","19":"desktop-align-center","20":"tablet-align-center","21":"mobile-align-center","22":"ast-product-gallery-layout-horizontal-slider","23":"ast-product-tabs-layout-horizontal","25":"first","26":"instock","27":"taxable","28":"shipping-taxable","29":"purchasable","30":"product-type-simple"},"yoast_head":"<!-- This site is optimized with the Yoast SEO plugin v27.3 - https:\/\/yoast.com\/product\/yoast-seo-wordpress\/ -->\n<title>Pebble optinen palovaroitin - Safety Partners<\/title>\n<meta name=\"description\" content=\"Pebble optinen palovaroitin - Esteettisesti miellytt\u00e4v\u00e4 palovaroitin, jota on helppo k\u00e4ytt\u00e4\u00e4. Vuoden paristo sis\u00e4ltyy pakkaukseen. Kiinnitet\u00e4\u00e4n kattoon.\" \/>\n<meta name=\"robots\" content=\"index, follow, max-snippet:-1, max-image-preview:large, max-video-preview:-1\" \/>\n<link rel=\"canonical\" href=\"https:\/\/safetypartners.fi\/kauppa\/tuote\/pebble-optinen-palovaroitin\" \/>\n<meta property=\"og:locale\" content=\"fi_FI\" \/>\n<meta property=\"og:type\" content=\"article\" \/>\n<meta property=\"og:title\" content=\"Pebble optinen palovaroitin - Safety Partners\" \/>\n<meta property=\"og:description\" content=\"Pebble optinen palovaroitin - Esteettisesti miellytt\u00e4v\u00e4 palovaroitin, jota on helppo k\u00e4ytt\u00e4\u00e4. Vuoden paristo sis\u00e4ltyy pakkaukseen. Kiinnitet\u00e4\u00e4n kattoon.\" \/>\n<meta property=\"og:url\" content=\"https:\/\/safetypartners.fi\/kauppa\/tuote\/pebble-optinen-palovaroitin\" \/>\n<meta property=\"og:site_name\" content=\"Safety Partners\" \/>\n<meta property=\"article:modified_time\" content=\"2026-01-05T09:42:05+00:00\" \/>\n<meta property=\"og:image\" content=\"https:\/\/safetypartners.fi\/kauppa\/wp-content\/uploads\/2022\/08\/Pebble-11114_pim.png\" \/>\n\t<meta property=\"og:image:width\" content=\"1500\" \/>\n\t<meta property=\"og:image:height\" content=\"1500\" \/>\n\t<meta property=\"og:image:type\" content=\"image\/png\" \/>\n<meta name=\"twitter:card\" content=\"summary_large_image\" \/>\n<meta name=\"twitter:label1\" content=\"Arvioitu lukuaika\" \/>\n\t<meta name=\"twitter:data1\" content=\"1 minuutti\" \/>\n<script type=\"application\/ld+json\" class=\"yoast-schema-graph\">{\"@context\":\"https:\\\/\\\/schema.org\",\"@graph\":[{\"@type\":\"WebPage\",\"@id\":\"https:\\\/\\\/safetypartners.fi\\\/kauppa\\\/tuote\\\/pebble-optinen-palovaroitin\",\"url\":\"https:\\\/\\\/safetypartners.fi\\\/kauppa\\\/tuote\\\/pebble-optinen-palovaroitin\",\"name\":\"Pebble optinen palovaroitin - Safety Partners\",\"isPartOf\":{\"@id\":\"https:\\\/\\\/safetypartners.fi\\\/kauppa\\\/#website\"},\"primaryImageOfPage\":{\"@id\":\"https:\\\/\\\/safetypartners.fi\\\/kauppa\\\/tuote\\\/pebble-optinen-palovaroitin#primaryimage\"},\"image\":{\"@id\":\"https:\\\/\\\/safetypartners.fi\\\/kauppa\\\/tuote\\\/pebble-optinen-palovaroitin#primaryimage\"},\"thumbnailUrl\":\"https:\\\/\\\/safetypartners.fi\\\/kauppa\\\/wp-content\\\/uploads\\\/2022\\\/08\\\/Pebble-11114_pim.png\",\"datePublished\":\"2022-08-18T13:51:50+00:00\",\"dateModified\":\"2026-01-05T09:42:05+00:00\",\"description\":\"Pebble optinen palovaroitin - Esteettisesti miellytt\u00e4v\u00e4 palovaroitin, jota on helppo k\u00e4ytt\u00e4\u00e4. Vuoden paristo sis\u00e4ltyy pakkaukseen. Kiinnitet\u00e4\u00e4n kattoon.\",\"breadcrumb\":{\"@id\":\"https:\\\/\\\/safetypartners.fi\\\/kauppa\\\/tuote\\\/pebble-optinen-palovaroitin#breadcrumb\"},\"inLanguage\":\"fi\",\"potentialAction\":[{\"@type\":\"ReadAction\",\"target\":[\"https:\\\/\\\/safetypartners.fi\\\/kauppa\\\/tuote\\\/pebble-optinen-palovaroitin\"]}]},{\"@type\":\"ImageObject\",\"inLanguage\":\"fi\",\"@id\":\"https:\\\/\\\/safetypartners.fi\\\/kauppa\\\/tuote\\\/pebble-optinen-palovaroitin#primaryimage\",\"url\":\"https:\\\/\\\/safetypartners.fi\\\/kauppa\\\/wp-content\\\/uploads\\\/2022\\\/08\\\/Pebble-11114_pim.png\",\"contentUrl\":\"https:\\\/\\\/safetypartners.fi\\\/kauppa\\\/wp-content\\\/uploads\\\/2022\\\/08\\\/Pebble-11114_pim.png\",\"width\":1500,\"height\":1500,\"caption\":\"Pebble optinen palovaroitin\"},{\"@type\":\"BreadcrumbList\",\"@id\":\"https:\\\/\\\/safetypartners.fi\\\/kauppa\\\/tuote\\\/pebble-optinen-palovaroitin#breadcrumb\",\"itemListElement\":[{\"@type\":\"ListItem\",\"position\":1,\"name\":\"Home\",\"item\":\"https:\\\/\\\/safetypartners.fi\\\/kauppa\\\/\"},{\"@type\":\"ListItem\",\"position\":2,\"name\":\"Kauppa\",\"item\":\"https:\\\/\\\/safetypartners.fi\\\/kauppa\\\/kauppa\"},{\"@type\":\"ListItem\",\"position\":3,\"name\":\"Pebble optinen palovaroitin\"}]},{\"@type\":\"WebSite\",\"@id\":\"https:\\\/\\\/safetypartners.fi\\\/kauppa\\\/#website\",\"url\":\"https:\\\/\\\/safetypartners.fi\\\/kauppa\\\/\",\"name\":\"Safety Partners\",\"description\":\"Safety Partners turvakauppa palvelee verkossa 24\\\/7!\",\"publisher\":{\"@id\":\"https:\\\/\\\/safetypartners.fi\\\/kauppa\\\/#organization\"},\"potentialAction\":[{\"@type\":\"SearchAction\",\"target\":{\"@type\":\"EntryPoint\",\"urlTemplate\":\"https:\\\/\\\/safetypartners.fi\\\/kauppa\\\/?s={search_term_string}\"},\"query-input\":{\"@type\":\"PropertyValueSpecification\",\"valueRequired\":true,\"valueName\":\"search_term_string\"}}],\"inLanguage\":\"fi\"},{\"@type\":\"Organization\",\"@id\":\"https:\\\/\\\/safetypartners.fi\\\/kauppa\\\/#organization\",\"name\":\"Safety Partners | Suomen Sammutinpalvelu\",\"url\":\"https:\\\/\\\/safetypartners.fi\\\/kauppa\\\/\",\"logo\":{\"@type\":\"ImageObject\",\"inLanguage\":\"fi\",\"@id\":\"https:\\\/\\\/safetypartners.fi\\\/kauppa\\\/#\\\/schema\\\/logo\\\/image\\\/\",\"url\":\"https:\\\/\\\/safetypartners.fi\\\/kauppa\\\/wp-content\\\/uploads\\\/2020\\\/05\\\/cropped-Logoke-1.jpg\",\"contentUrl\":\"https:\\\/\\\/safetypartners.fi\\\/kauppa\\\/wp-content\\\/uploads\\\/2020\\\/05\\\/cropped-Logoke-1.jpg\",\"width\":847,\"height\":717,\"caption\":\"Safety Partners | Suomen Sammutinpalvelu\"},\"image\":{\"@id\":\"https:\\\/\\\/safetypartners.fi\\\/kauppa\\\/#\\\/schema\\\/logo\\\/image\\\/\"}}]}<\/script>\n<!-- \/ Yoast SEO plugin. -->","yoast_head_json":{"title":"Pebble optinen palovaroitin - Safety Partners","description":"Pebble optinen palovaroitin - Esteettisesti miellytt\u00e4v\u00e4 palovaroitin, jota on helppo k\u00e4ytt\u00e4\u00e4. Vuoden paristo sis\u00e4ltyy pakkaukseen. Kiinnitet\u00e4\u00e4n kattoon.","robots":{"index":"index","follow":"follow","max-snippet":"max-snippet:-1","max-image-preview":"max-image-preview:large","max-video-preview":"max-video-preview:-1"},"canonical":"https:\/\/safetypartners.fi\/kauppa\/tuote\/pebble-optinen-palovaroitin","og_locale":"fi_FI","og_type":"article","og_title":"Pebble optinen palovaroitin - Safety Partners","og_description":"Pebble optinen palovaroitin - Esteettisesti miellytt\u00e4v\u00e4 palovaroitin, jota on helppo k\u00e4ytt\u00e4\u00e4. Vuoden paristo sis\u00e4ltyy pakkaukseen. Kiinnitet\u00e4\u00e4n kattoon.","og_url":"https:\/\/safetypartners.fi\/kauppa\/tuote\/pebble-optinen-palovaroitin","og_site_name":"Safety Partners","article_modified_time":"2026-01-05T09:42:05+00:00","og_image":[{"width":1500,"height":1500,"url":"https:\/\/safetypartners.fi\/kauppa\/wp-content\/uploads\/2022\/08\/Pebble-11114_pim.png","type":"image\/png"}],"twitter_card":"summary_large_image","twitter_misc":{"Arvioitu lukuaika":"1 minuutti"},"schema":{"@context":"https:\/\/schema.org","@graph":[{"@type":"WebPage","@id":"https:\/\/safetypartners.fi\/kauppa\/tuote\/pebble-optinen-palovaroitin","url":"https:\/\/safetypartners.fi\/kauppa\/tuote\/pebble-optinen-palovaroitin","name":"Pebble optinen palovaroitin - Safety Partners","isPartOf":{"@id":"https:\/\/safetypartners.fi\/kauppa\/#website"},"primaryImageOfPage":{"@id":"https:\/\/safetypartners.fi\/kauppa\/tuote\/pebble-optinen-palovaroitin#primaryimage"},"image":{"@id":"https:\/\/safetypartners.fi\/kauppa\/tuote\/pebble-optinen-palovaroitin#primaryimage"},"thumbnailUrl":"https:\/\/safetypartners.fi\/kauppa\/wp-content\/uploads\/2022\/08\/Pebble-11114_pim.png","datePublished":"2022-08-18T13:51:50+00:00","dateModified":"2026-01-05T09:42:05+00:00","description":"Pebble optinen palovaroitin - Esteettisesti miellytt\u00e4v\u00e4 palovaroitin, jota on helppo k\u00e4ytt\u00e4\u00e4. Vuoden paristo sis\u00e4ltyy pakkaukseen. Kiinnitet\u00e4\u00e4n kattoon.","breadcrumb":{"@id":"https:\/\/safetypartners.fi\/kauppa\/tuote\/pebble-optinen-palovaroitin#breadcrumb"},"inLanguage":"fi","potentialAction":[{"@type":"ReadAction","target":["https:\/\/safetypartners.fi\/kauppa\/tuote\/pebble-optinen-palovaroitin"]}]},{"@type":"ImageObject","inLanguage":"fi","@id":"https:\/\/safetypartners.fi\/kauppa\/tuote\/pebble-optinen-palovaroitin#primaryimage","url":"https:\/\/safetypartners.fi\/kauppa\/wp-content\/uploads\/2022\/08\/Pebble-11114_pim.png","contentUrl":"https:\/\/safetypartners.fi\/kauppa\/wp-content\/uploads\/2022\/08\/Pebble-11114_pim.png","width":1500,"height":1500,"caption":"Pebble optinen palovaroitin"},{"@type":"BreadcrumbList","@id":"https:\/\/safetypartners.fi\/kauppa\/tuote\/pebble-optinen-palovaroitin#breadcrumb","itemListElement":[{"@type":"ListItem","position":1,"name":"Home","item":"https:\/\/safetypartners.fi\/kauppa\/"},{"@type":"ListItem","position":2,"name":"Kauppa","item":"https:\/\/safetypartners.fi\/kauppa\/kauppa"},{"@type":"ListItem","position":3,"name":"Pebble optinen palovaroitin"}]},{"@type":"WebSite","@id":"https:\/\/safetypartners.fi\/kauppa\/#website","url":"https:\/\/safetypartners.fi\/kauppa\/","name":"Safety Partners","description":"Safety Partners turvakauppa palvelee verkossa 24\/7!","publisher":{"@id":"https:\/\/safetypartners.fi\/kauppa\/#organization"},"potentialAction":[{"@type":"SearchAction","target":{"@type":"EntryPoint","urlTemplate":"https:\/\/safetypartners.fi\/kauppa\/?s={search_term_string}"},"query-input":{"@type":"PropertyValueSpecification","valueRequired":true,"valueName":"search_term_string"}}],"inLanguage":"fi"},{"@type":"Organization","@id":"https:\/\/safetypartners.fi\/kauppa\/#organization","name":"Safety Partners | Suomen Sammutinpalvelu","url":"https:\/\/safetypartners.fi\/kauppa\/","logo":{"@type":"ImageObject","inLanguage":"fi","@id":"https:\/\/safetypartners.fi\/kauppa\/#\/schema\/logo\/image\/","url":"https:\/\/safetypartners.fi\/kauppa\/wp-content\/uploads\/2020\/05\/cropped-Logoke-1.jpg","contentUrl":"https:\/\/safetypartners.fi\/kauppa\/wp-content\/uploads\/2020\/05\/cropped-Logoke-1.jpg","width":847,"height":717,"caption":"Safety Partners | Suomen Sammutinpalvelu"},"image":{"@id":"https:\/\/safetypartners.fi\/kauppa\/#\/schema\/logo\/image\/"}}]}},"uagb_featured_image_src":{"full":["https:\/\/safetypartners.fi\/kauppa\/wp-content\/uploads\/2022\/08\/Pebble-11114_pim.png",1500,1500,false],"thumbnail":["https:\/\/safetypartners.fi\/kauppa\/wp-content\/uploads\/2022\/08\/Pebble-11114_pim-150x150.png",150,150,true],"medium":["https:\/\/safetypartners.fi\/kauppa\/wp-content\/uploads\/2022\/08\/Pebble-11114_pim-300x300.png",300,300,true],"medium_large":["https:\/\/safetypartners.fi\/kauppa\/wp-content\/uploads\/2022\/08\/Pebble-11114_pim-768x768.png",768,768,true],"large":["https:\/\/safetypartners.fi\/kauppa\/wp-content\/uploads\/2022\/08\/Pebble-11114_pim-1024x1024.png",1024,1024,true],"1536x1536":["https:\/\/safetypartners.fi\/kauppa\/wp-content\/uploads\/2022\/08\/Pebble-11114_pim.png",1500,1500,false],"2048x2048":["https:\/\/safetypartners.fi\/kauppa\/wp-content\/uploads\/2022\/08\/Pebble-11114_pim.png",1500,1500,false],"woocommerce_thumbnail":["https:\/\/safetypartners.fi\/kauppa\/wp-content\/uploads\/2022\/08\/Pebble-11114_pim-300x300.png",300,300,true],"woocommerce_single":["https:\/\/safetypartners.fi\/kauppa\/wp-content\/uploads\/2022\/08\/Pebble-11114_pim-600x600.png",600,600,true],"woocommerce_gallery_thumbnail":["https:\/\/safetypartners.fi\/kauppa\/wp-content\/uploads\/2022\/08\/Pebble-11114_pim-100x100.png",100,100,true]},"uagb_author_info":{"display_name":"Anu Lehto","author_link":"https:\/\/safetypartners.fi\/kauppa\/author"},"uagb_comment_info":1,"uagb_excerpt":"Housegardin Pebble optinen palovaroitin syntyi teollisuussuunnittelija Lars Wettren kyn\u00e4st\u00e4 luonnon innoittamana. Pehme\u00e4linjainen, esteettisesti miellytt\u00e4v\u00e4 ulkon\u00e4k\u00f6 sulautuu osaksi joka kodin sisustustusta ja sopii yht\u00e4 lailla toimistoymp\u00e4rist\u00f6ihin. Varoitin on helppo ja selke\u00e4 k\u00e4ytt\u00e4\u00e4. Pebble palovaroittimessa on nappula testitoimintoa varten, sek\u00e4 alhaisen paristoj\u00e4nnitteen ilmaisin. Tuotepakkaukseen sis\u00e4ltyy noin vuoden kest\u00e4v\u00e4 paristo. Paristo tulee olla palovaroittimessa paikallaan kattoon asennettaessa, turvallisuussyist\u00e4.","_links":{"self":[{"href":"https:\/\/safetypartners.fi\/kauppa\/wp-json\/wp\/v2\/product\/903","targetHints":{"allow":["GET"]}}],"collection":[{"href":"https:\/\/safetypartners.fi\/kauppa\/wp-json\/wp\/v2\/product"}],"about":[{"href":"https:\/\/safetypartners.fi\/kauppa\/wp-json\/wp\/v2\/types\/product"}],"replies":[{"embeddable":true,"href":"https:\/\/safetypartners.fi\/kauppa\/wp-json\/wp\/v2\/comments?post=903"}],"version-history":[{"count":8,"href":"https:\/\/safetypartners.fi\/kauppa\/wp-json\/wp\/v2\/product\/903\/revisions"}],"predecessor-version":[{"id":2881,"href":"https:\/\/safetypartners.fi\/kauppa\/wp-json\/wp\/v2\/product\/903\/revisions\/2881"}],"wp:featuredmedia":[{"embeddable":true,"href":"https:\/\/safetypartners.fi\/kauppa\/wp-json\/wp\/v2\/media\/1022"}],"wp:attachment":[{"href":"https:\/\/safetypartners.fi\/kauppa\/wp-json\/wp\/v2\/media?parent=903"}],"wp:term":[{"taxonomy":"product_brand","embeddable":true,"href":"https:\/\/safetypartners.fi\/kauppa\/wp-json\/wp\/v2\/product_brand?post=903"},{"taxonomy":"product_cat","embeddable":true,"href":"https:\/\/safetypartners.fi\/kauppa\/wp-json\/wp\/v2\/product_cat?post=903"},{"taxonomy":"product_tag","embeddable":true,"href":"https:\/\/safetypartners.fi\/kauppa\/wp-json\/wp\/v2\/product_tag?post=903"}],"curies":[{"name":"wp","href":"https:\/\/api.w.org\/{rel}","templated":true}]}}