{"id":904,"date":"2022-08-18T16:51:50","date_gmt":"2022-08-18T13:51:50","guid":{"rendered":"https:\/\/safetypartners.fi\/kauppa\/?post_type=product&#038;p=904"},"modified":"2026-02-16T12:48:24","modified_gmt":"2026-02-16T10:48:24","slug":"origo-langaton-palo-ja-lampotilavaroitin-3-kpl","status":"publish","type":"product","link":"https:\/\/safetypartners.fi\/kauppa\/tuote\/origo-langaton-palo-ja-lampotilavaroitin-3-kpl","title":{"rendered":"Origo langaton palo- ja l\u00e4mp\u00f6tilavaroitin, 3 kpl"},"content":{"rendered":"<p>Tulipalo kehittyy nopeasti, eik\u00e4 odota. Aikainen varoitus on hyvin t\u00e4rke\u00e4\u00e4. Kytke kaikki kodin, toimiston tai muun ty\u00f6paikan palovaroittimet samaan sarjaan ja saat h\u00e4lytyksen vaaratilanteesta mahdollisimman nopeasti.<\/p>\n<p>Origo\u2122-palovaroittimia on saatavilla kahden ja kolmen varoittimen paketeissa. Varoittimia vaaditaan yksi per 60m2 ja asuinkerros. Lis\u00e4varoittimet tuovat lis\u00e4turvaa ja varmuutta aikaiseen h\u00e4lytykseen.<\/p>\n<p><strong>Ominaisuudet<\/strong>:<\/p>\n<ul>\n<li>Optinen tunnistinkammio ja l\u00e4mp\u00f6tilavaroitin<\/li>\n<li>Paristo: 2 kpl 1,5 V AA\/LR6 paristo (tulevat mukana)<\/li>\n<li>L\u00e4hetystaajuus: 433 MHz<\/li>\n<li>Radioyksik\u00f6n kantama: &gt; 30 m<\/li>\n<li>H\u00e4lytys\u00e4\u00e4ni: V\u00e4hint\u00e4\u00e4n 85 dB \/ 3 metri\u00e4<\/li>\n<li>L\u00e4mp\u00f6tilasensori: 54\u201370 \u00b0C (riippuu l\u00e4mp\u00f6tilan nousunopeudesta)<\/li>\n<li>L\u00e4mp\u00f6tila-alue: 5\u201345 \u00b0C<\/li>\n<li>Paikallistamistoiminto<\/li>\n<li>Testi- ja taukotoiminto: vilkkuva LED ilmaisee normaalin toiminnan.<\/li>\n<li>Paristosuoja: palovaroitinta ei voi asentaa ilman paristoa.<\/li>\n<li>Sertifiointi: CE, EN 14604, R&amp;TTE.<\/li>\n<li>5 vuoden takuu<\/li>\n<\/ul>\n<p>Lue my\u00f6s: <a href=\"https:\/\/gpbmnordic.com\/Product\/Files\/Local\/Smoke%20Detectors%20and%20False%20Alarms%20FI.pdf\" target=\"_blank\" rel=\"attachment noopener wp-att-2582\">Palovaroittimen asentaminen ja virheh\u00e4lytykset<\/a><\/p>\n","protected":false},"excerpt":{"rendered":"<p><strong>Housegardin Origo\u2122<\/strong> on savu- ja l\u00e4mp\u00f6tilavaroitin, joka kytkett\u00e4viss\u00e4 langattomasti sarjaan. Varoitin toimii kahdella AA-paristolla. Kun varoitin on yhdistetty muihin saman sarjan varoittimiin ja yksi palovaroitin havaitsee savua, l\u00e4hett\u00e4\u00e4 se muille h\u00e4lyttimille signaalin. Origo havaitsee ja h\u00e4lytt\u00e4\u00e4 savun lis\u00e4ksi my\u00f6s \u00e4\u00e4ril\u00e4mp\u00f6tiloista. Sis\u00e4\u00e4nrakennettu paikallistamistoiminto kertoo, mist\u00e4 varoittimesta h\u00e4lytys on lauennut. Taukotoiminnon avulla koko j\u00e4rjestelm\u00e4 voidaan v\u00e4liaikaisesti vaimentaa, mik\u00e4li virheh\u00e4lytyksi\u00e4 esiintyy.<\/p>\n<p>Origo voidaan kytke\u00e4 sarjaan jopa 30 yksik\u00f6n kanssa. <a href=\"https:\/\/safetypartners.fi\/kauppa\/tuote\/origo-langaton-palo-ja-lampotilavaroitin-2-kpl\"><span style=\"color: #3366ff;\"><strong>T\u00e4\u00e4lt\u00e4<\/strong><\/span><\/a> l\u00f6yd\u00e4t kahden varoittimen pakkauskoon.<\/p>\n","protected":false},"featured_media":2597,"comment_status":"open","ping_status":"closed","template":"","meta":{"_uag_custom_page_level_css":"","site-sidebar-layout":"default","site-content-layout":"","ast-site-content-layout":"default","site-content-style":"default","site-sidebar-style":"default","ast-global-header-display":"","ast-banner-title-visibility":"","ast-main-header-display":"","ast-hfb-above-header-display":"","ast-hfb-below-header-display":"","ast-hfb-mobile-header-display":"","site-post-title":"","ast-breadcrumbs-content":"","ast-featured-img":"","footer-sml-layout":"","ast-disable-related-posts":"","theme-transparent-header-meta":"default","adv-header-id-meta":"","stick-header-meta":"default","header-above-stick-meta":"","header-main-stick-meta":"","header-below-stick-meta":"","astra-migrate-meta-layouts":"set","ast-page-background-enabled":"default","ast-page-background-meta":{"desktop":{"background-color":"","background-image":"","background-repeat":"repeat","background-position":"center center","background-size":"auto","background-attachment":"scroll","background-type":"","background-media":"","overlay-type":"","overlay-color":"","overlay-opacity":"","overlay-gradient":""},"tablet":{"background-color":"","background-image":"","background-repeat":"repeat","background-position":"center center","background-size":"auto","background-attachment":"scroll","background-type":"","background-media":"","overlay-type":"","overlay-color":"","overlay-opacity":"","overlay-gradient":""},"mobile":{"background-color":"","background-image":"","background-repeat":"repeat","background-position":"center center","background-size":"auto","background-attachment":"scroll","background-type":"","background-media":"","overlay-type":"","overlay-color":"","overlay-opacity":"","overlay-gradient":""}},"ast-content-background-meta":{"desktop":{"background-color":"var(--ast-global-color-5)","background-image":"","background-repeat":"repeat","background-position":"center center","background-size":"auto","background-attachment":"scroll","background-type":"","background-media":"","overlay-type":"","overlay-color":"","overlay-opacity":"","overlay-gradient":""},"tablet":{"background-color":"var(--ast-global-color-5)","background-image":"","background-repeat":"repeat","background-position":"center center","background-size":"auto","background-attachment":"scroll","background-type":"","background-media":"","overlay-type":"","overlay-color":"","overlay-opacity":"","overlay-gradient":""},"mobile":{"background-color":"var(--ast-global-color-5)","background-image":"","background-repeat":"repeat","background-position":"center center","background-size":"auto","background-attachment":"scroll","background-type":"","background-media":"","overlay-type":"","overlay-color":"","overlay-opacity":"","overlay-gradient":""}}},"product_brand":[],"product_cat":[15,30,216,316],"product_tag":[457,113,1204,1231,456,441,327,1232,318,453,317,454,1128,1203,602],"class_list":{"0":"post-904","1":"product","2":"type-product","3":"status-publish","4":"has-post-thumbnail","6":"product_cat-yleinen","7":"product_cat-paloturvallisuus","8":"product_cat-palovaroittimet","9":"product_cat-yhdistettavat-palovaroittimet","10":"product_tag-aa-paristo","11":"product_tag-housegard","12":"product_tag-ilmaisin","13":"product_tag-ketjutettava","14":"product_tag-lampotilavaroitin","15":"product_tag-lampovaroitin","16":"product_tag-langaton","17":"product_tag-langattomasti-ketjutettava","18":"product_tag-optinen","19":"product_tag-origo","20":"product_tag-palovaroitin","21":"product_tag-sarjaan-kytkettava","22":"product_tag-sarjapakkaus","23":"product_tag-savuvaroitin","24":"product_tag-yhdistelmavaroitin","25":"product_shipping_class-suomi","26":"desktop-align-center","27":"tablet-align-center","28":"mobile-align-center","29":"ast-product-gallery-layout-horizontal-slider","30":"ast-product-tabs-layout-horizontal","32":"first","33":"instock","34":"taxable","35":"shipping-taxable","36":"purchasable","37":"product-type-simple"},"yoast_head":"<!-- This site is optimized with the Yoast SEO plugin v27.3 - https:\/\/yoast.com\/product\/yoast-seo-wordpress\/ -->\n<title>Origo langaton palo- ja l\u00e4mp\u00f6tilavaroitin, 3 kpl - Safety Partners<\/title>\n<meta name=\"description\" content=\"Origo\u2122-yhdistelm\u00e4varoitin on kytkett\u00e4viss\u00e4 langattomasti sarjaan. Kun yksi palovaroitin havaitsee savua, l\u00e4hett\u00e4\u00e4 se muille h\u00e4lyttimille signaalin.\" \/>\n<meta name=\"robots\" content=\"index, follow, max-snippet:-1, max-image-preview:large, max-video-preview:-1\" \/>\n<link rel=\"canonical\" href=\"https:\/\/safetypartners.fi\/kauppa\/tuote\/origo-langaton-palo-ja-lampotilavaroitin-3-kpl\" \/>\n<meta property=\"og:locale\" content=\"fi_FI\" \/>\n<meta property=\"og:type\" content=\"article\" \/>\n<meta property=\"og:title\" content=\"Origo langaton palo- ja l\u00e4mp\u00f6tilavaroitin, 3 kpl - Safety Partners\" \/>\n<meta property=\"og:description\" content=\"Origo\u2122-yhdistelm\u00e4varoitin on kytkett\u00e4viss\u00e4 langattomasti sarjaan. Kun yksi palovaroitin havaitsee savua, l\u00e4hett\u00e4\u00e4 se muille h\u00e4lyttimille signaalin.\" \/>\n<meta property=\"og:url\" content=\"https:\/\/safetypartners.fi\/kauppa\/tuote\/origo-langaton-palo-ja-lampotilavaroitin-3-kpl\" \/>\n<meta property=\"og:site_name\" content=\"Safety Partners\" \/>\n<meta property=\"article:modified_time\" content=\"2026-02-16T10:48:24+00:00\" \/>\n<meta property=\"og:image\" content=\"https:\/\/safetypartners.fi\/kauppa\/wp-content\/uploads\/2022\/08\/Origo-3kpl.png\" \/>\n\t<meta property=\"og:image:width\" content=\"850\" \/>\n\t<meta property=\"og:image:height\" content=\"850\" \/>\n\t<meta property=\"og:image:type\" content=\"image\/png\" \/>\n<meta name=\"twitter:card\" content=\"summary_large_image\" \/>\n<meta name=\"twitter:label1\" content=\"Arvioitu lukuaika\" \/>\n\t<meta name=\"twitter:data1\" content=\"1 minuutti\" \/>\n<script type=\"application\/ld+json\" class=\"yoast-schema-graph\">{\"@context\":\"https:\\\/\\\/schema.org\",\"@graph\":[{\"@type\":\"WebPage\",\"@id\":\"https:\\\/\\\/safetypartners.fi\\\/kauppa\\\/tuote\\\/origo-langaton-palo-ja-lampotilavaroitin-3-kpl\",\"url\":\"https:\\\/\\\/safetypartners.fi\\\/kauppa\\\/tuote\\\/origo-langaton-palo-ja-lampotilavaroitin-3-kpl\",\"name\":\"Origo langaton palo- ja l\u00e4mp\u00f6tilavaroitin, 3 kpl - Safety Partners\",\"isPartOf\":{\"@id\":\"https:\\\/\\\/safetypartners.fi\\\/kauppa\\\/#website\"},\"primaryImageOfPage\":{\"@id\":\"https:\\\/\\\/safetypartners.fi\\\/kauppa\\\/tuote\\\/origo-langaton-palo-ja-lampotilavaroitin-3-kpl#primaryimage\"},\"image\":{\"@id\":\"https:\\\/\\\/safetypartners.fi\\\/kauppa\\\/tuote\\\/origo-langaton-palo-ja-lampotilavaroitin-3-kpl#primaryimage\"},\"thumbnailUrl\":\"https:\\\/\\\/safetypartners.fi\\\/kauppa\\\/wp-content\\\/uploads\\\/2022\\\/08\\\/Origo-3kpl.png\",\"datePublished\":\"2022-08-18T13:51:50+00:00\",\"dateModified\":\"2026-02-16T10:48:24+00:00\",\"description\":\"Origo\u2122-yhdistelm\u00e4varoitin on kytkett\u00e4viss\u00e4 langattomasti sarjaan. Kun yksi palovaroitin havaitsee savua, l\u00e4hett\u00e4\u00e4 se muille h\u00e4lyttimille signaalin.\",\"breadcrumb\":{\"@id\":\"https:\\\/\\\/safetypartners.fi\\\/kauppa\\\/tuote\\\/origo-langaton-palo-ja-lampotilavaroitin-3-kpl#breadcrumb\"},\"inLanguage\":\"fi\",\"potentialAction\":[{\"@type\":\"ReadAction\",\"target\":[\"https:\\\/\\\/safetypartners.fi\\\/kauppa\\\/tuote\\\/origo-langaton-palo-ja-lampotilavaroitin-3-kpl\"]}]},{\"@type\":\"ImageObject\",\"inLanguage\":\"fi\",\"@id\":\"https:\\\/\\\/safetypartners.fi\\\/kauppa\\\/tuote\\\/origo-langaton-palo-ja-lampotilavaroitin-3-kpl#primaryimage\",\"url\":\"https:\\\/\\\/safetypartners.fi\\\/kauppa\\\/wp-content\\\/uploads\\\/2022\\\/08\\\/Origo-3kpl.png\",\"contentUrl\":\"https:\\\/\\\/safetypartners.fi\\\/kauppa\\\/wp-content\\\/uploads\\\/2022\\\/08\\\/Origo-3kpl.png\",\"width\":850,\"height\":850,\"caption\":\"Langaton savu- ja l\u00e4mp\u00f6varoitin\"},{\"@type\":\"BreadcrumbList\",\"@id\":\"https:\\\/\\\/safetypartners.fi\\\/kauppa\\\/tuote\\\/origo-langaton-palo-ja-lampotilavaroitin-3-kpl#breadcrumb\",\"itemListElement\":[{\"@type\":\"ListItem\",\"position\":1,\"name\":\"Home\",\"item\":\"https:\\\/\\\/safetypartners.fi\\\/kauppa\\\/\"},{\"@type\":\"ListItem\",\"position\":2,\"name\":\"Kauppa\",\"item\":\"https:\\\/\\\/safetypartners.fi\\\/kauppa\\\/kauppa\"},{\"@type\":\"ListItem\",\"position\":3,\"name\":\"Origo langaton palo- ja l\u00e4mp\u00f6tilavaroitin, 3 kpl\"}]},{\"@type\":\"WebSite\",\"@id\":\"https:\\\/\\\/safetypartners.fi\\\/kauppa\\\/#website\",\"url\":\"https:\\\/\\\/safetypartners.fi\\\/kauppa\\\/\",\"name\":\"Safety Partners\",\"description\":\"Safety Partners turvakauppa palvelee verkossa 24\\\/7!\",\"publisher\":{\"@id\":\"https:\\\/\\\/safetypartners.fi\\\/kauppa\\\/#organization\"},\"potentialAction\":[{\"@type\":\"SearchAction\",\"target\":{\"@type\":\"EntryPoint\",\"urlTemplate\":\"https:\\\/\\\/safetypartners.fi\\\/kauppa\\\/?s={search_term_string}\"},\"query-input\":{\"@type\":\"PropertyValueSpecification\",\"valueRequired\":true,\"valueName\":\"search_term_string\"}}],\"inLanguage\":\"fi\"},{\"@type\":\"Organization\",\"@id\":\"https:\\\/\\\/safetypartners.fi\\\/kauppa\\\/#organization\",\"name\":\"Safety Partners | Suomen Sammutinpalvelu\",\"url\":\"https:\\\/\\\/safetypartners.fi\\\/kauppa\\\/\",\"logo\":{\"@type\":\"ImageObject\",\"inLanguage\":\"fi\",\"@id\":\"https:\\\/\\\/safetypartners.fi\\\/kauppa\\\/#\\\/schema\\\/logo\\\/image\\\/\",\"url\":\"https:\\\/\\\/safetypartners.fi\\\/kauppa\\\/wp-content\\\/uploads\\\/2020\\\/05\\\/cropped-Logoke-1.jpg\",\"contentUrl\":\"https:\\\/\\\/safetypartners.fi\\\/kauppa\\\/wp-content\\\/uploads\\\/2020\\\/05\\\/cropped-Logoke-1.jpg\",\"width\":847,\"height\":717,\"caption\":\"Safety Partners | Suomen Sammutinpalvelu\"},\"image\":{\"@id\":\"https:\\\/\\\/safetypartners.fi\\\/kauppa\\\/#\\\/schema\\\/logo\\\/image\\\/\"}}]}<\/script>\n<!-- \/ Yoast SEO plugin. -->","yoast_head_json":{"title":"Origo langaton palo- ja l\u00e4mp\u00f6tilavaroitin, 3 kpl - Safety Partners","description":"Origo\u2122-yhdistelm\u00e4varoitin on kytkett\u00e4viss\u00e4 langattomasti sarjaan. Kun yksi palovaroitin havaitsee savua, l\u00e4hett\u00e4\u00e4 se muille h\u00e4lyttimille signaalin.","robots":{"index":"index","follow":"follow","max-snippet":"max-snippet:-1","max-image-preview":"max-image-preview:large","max-video-preview":"max-video-preview:-1"},"canonical":"https:\/\/safetypartners.fi\/kauppa\/tuote\/origo-langaton-palo-ja-lampotilavaroitin-3-kpl","og_locale":"fi_FI","og_type":"article","og_title":"Origo langaton palo- ja l\u00e4mp\u00f6tilavaroitin, 3 kpl - Safety Partners","og_description":"Origo\u2122-yhdistelm\u00e4varoitin on kytkett\u00e4viss\u00e4 langattomasti sarjaan. Kun yksi palovaroitin havaitsee savua, l\u00e4hett\u00e4\u00e4 se muille h\u00e4lyttimille signaalin.","og_url":"https:\/\/safetypartners.fi\/kauppa\/tuote\/origo-langaton-palo-ja-lampotilavaroitin-3-kpl","og_site_name":"Safety Partners","article_modified_time":"2026-02-16T10:48:24+00:00","og_image":[{"width":850,"height":850,"url":"https:\/\/safetypartners.fi\/kauppa\/wp-content\/uploads\/2022\/08\/Origo-3kpl.png","type":"image\/png"}],"twitter_card":"summary_large_image","twitter_misc":{"Arvioitu lukuaika":"1 minuutti"},"schema":{"@context":"https:\/\/schema.org","@graph":[{"@type":"WebPage","@id":"https:\/\/safetypartners.fi\/kauppa\/tuote\/origo-langaton-palo-ja-lampotilavaroitin-3-kpl","url":"https:\/\/safetypartners.fi\/kauppa\/tuote\/origo-langaton-palo-ja-lampotilavaroitin-3-kpl","name":"Origo langaton palo- ja l\u00e4mp\u00f6tilavaroitin, 3 kpl - Safety Partners","isPartOf":{"@id":"https:\/\/safetypartners.fi\/kauppa\/#website"},"primaryImageOfPage":{"@id":"https:\/\/safetypartners.fi\/kauppa\/tuote\/origo-langaton-palo-ja-lampotilavaroitin-3-kpl#primaryimage"},"image":{"@id":"https:\/\/safetypartners.fi\/kauppa\/tuote\/origo-langaton-palo-ja-lampotilavaroitin-3-kpl#primaryimage"},"thumbnailUrl":"https:\/\/safetypartners.fi\/kauppa\/wp-content\/uploads\/2022\/08\/Origo-3kpl.png","datePublished":"2022-08-18T13:51:50+00:00","dateModified":"2026-02-16T10:48:24+00:00","description":"Origo\u2122-yhdistelm\u00e4varoitin on kytkett\u00e4viss\u00e4 langattomasti sarjaan. Kun yksi palovaroitin havaitsee savua, l\u00e4hett\u00e4\u00e4 se muille h\u00e4lyttimille signaalin.","breadcrumb":{"@id":"https:\/\/safetypartners.fi\/kauppa\/tuote\/origo-langaton-palo-ja-lampotilavaroitin-3-kpl#breadcrumb"},"inLanguage":"fi","potentialAction":[{"@type":"ReadAction","target":["https:\/\/safetypartners.fi\/kauppa\/tuote\/origo-langaton-palo-ja-lampotilavaroitin-3-kpl"]}]},{"@type":"ImageObject","inLanguage":"fi","@id":"https:\/\/safetypartners.fi\/kauppa\/tuote\/origo-langaton-palo-ja-lampotilavaroitin-3-kpl#primaryimage","url":"https:\/\/safetypartners.fi\/kauppa\/wp-content\/uploads\/2022\/08\/Origo-3kpl.png","contentUrl":"https:\/\/safetypartners.fi\/kauppa\/wp-content\/uploads\/2022\/08\/Origo-3kpl.png","width":850,"height":850,"caption":"Langaton savu- ja l\u00e4mp\u00f6varoitin"},{"@type":"BreadcrumbList","@id":"https:\/\/safetypartners.fi\/kauppa\/tuote\/origo-langaton-palo-ja-lampotilavaroitin-3-kpl#breadcrumb","itemListElement":[{"@type":"ListItem","position":1,"name":"Home","item":"https:\/\/safetypartners.fi\/kauppa\/"},{"@type":"ListItem","position":2,"name":"Kauppa","item":"https:\/\/safetypartners.fi\/kauppa\/kauppa"},{"@type":"ListItem","position":3,"name":"Origo langaton palo- ja l\u00e4mp\u00f6tilavaroitin, 3 kpl"}]},{"@type":"WebSite","@id":"https:\/\/safetypartners.fi\/kauppa\/#website","url":"https:\/\/safetypartners.fi\/kauppa\/","name":"Safety Partners","description":"Safety Partners turvakauppa palvelee verkossa 24\/7!","publisher":{"@id":"https:\/\/safetypartners.fi\/kauppa\/#organization"},"potentialAction":[{"@type":"SearchAction","target":{"@type":"EntryPoint","urlTemplate":"https:\/\/safetypartners.fi\/kauppa\/?s={search_term_string}"},"query-input":{"@type":"PropertyValueSpecification","valueRequired":true,"valueName":"search_term_string"}}],"inLanguage":"fi"},{"@type":"Organization","@id":"https:\/\/safetypartners.fi\/kauppa\/#organization","name":"Safety Partners | Suomen Sammutinpalvelu","url":"https:\/\/safetypartners.fi\/kauppa\/","logo":{"@type":"ImageObject","inLanguage":"fi","@id":"https:\/\/safetypartners.fi\/kauppa\/#\/schema\/logo\/image\/","url":"https:\/\/safetypartners.fi\/kauppa\/wp-content\/uploads\/2020\/05\/cropped-Logoke-1.jpg","contentUrl":"https:\/\/safetypartners.fi\/kauppa\/wp-content\/uploads\/2020\/05\/cropped-Logoke-1.jpg","width":847,"height":717,"caption":"Safety Partners | Suomen Sammutinpalvelu"},"image":{"@id":"https:\/\/safetypartners.fi\/kauppa\/#\/schema\/logo\/image\/"}}]}},"uagb_featured_image_src":{"full":["https:\/\/safetypartners.fi\/kauppa\/wp-content\/uploads\/2022\/08\/Origo-3kpl.png",850,850,false],"thumbnail":["https:\/\/safetypartners.fi\/kauppa\/wp-content\/uploads\/2022\/08\/Origo-3kpl-150x150.png",150,150,true],"medium":["https:\/\/safetypartners.fi\/kauppa\/wp-content\/uploads\/2022\/08\/Origo-3kpl-300x300.png",300,300,true],"medium_large":["https:\/\/safetypartners.fi\/kauppa\/wp-content\/uploads\/2022\/08\/Origo-3kpl-768x768.png",768,768,true],"large":["https:\/\/safetypartners.fi\/kauppa\/wp-content\/uploads\/2022\/08\/Origo-3kpl.png",850,850,false],"1536x1536":["https:\/\/safetypartners.fi\/kauppa\/wp-content\/uploads\/2022\/08\/Origo-3kpl.png",850,850,false],"2048x2048":["https:\/\/safetypartners.fi\/kauppa\/wp-content\/uploads\/2022\/08\/Origo-3kpl.png",850,850,false],"woocommerce_thumbnail":["https:\/\/safetypartners.fi\/kauppa\/wp-content\/uploads\/2022\/08\/Origo-3kpl-300x300.png",300,300,true],"woocommerce_single":["https:\/\/safetypartners.fi\/kauppa\/wp-content\/uploads\/2022\/08\/Origo-3kpl-600x600.png",600,600,true],"woocommerce_gallery_thumbnail":["https:\/\/safetypartners.fi\/kauppa\/wp-content\/uploads\/2022\/08\/Origo-3kpl-100x100.png",100,100,true]},"uagb_author_info":{"display_name":"Anu Lehto","author_link":"https:\/\/safetypartners.fi\/kauppa\/author"},"uagb_comment_info":1,"uagb_excerpt":"Housegardin Origo\u2122 on savu- ja l\u00e4mp\u00f6tilavaroitin, joka kytkett\u00e4viss\u00e4 langattomasti sarjaan. Varoitin toimii kahdella AA-paristolla. Kun varoitin on yhdistetty muihin saman sarjan varoittimiin ja yksi palovaroitin havaitsee savua, l\u00e4hett\u00e4\u00e4 se muille h\u00e4lyttimille signaalin. Origo havaitsee ja h\u00e4lytt\u00e4\u00e4 savun lis\u00e4ksi my\u00f6s \u00e4\u00e4ril\u00e4mp\u00f6tiloista. Sis\u00e4\u00e4nrakennettu paikallistamistoiminto kertoo, mist\u00e4 varoittimesta h\u00e4lytys on lauennut. Taukotoiminnon avulla koko j\u00e4rjestelm\u00e4 voidaan v\u00e4liaikaisesti vaimentaa,&hellip;","_links":{"self":[{"href":"https:\/\/safetypartners.fi\/kauppa\/wp-json\/wp\/v2\/product\/904","targetHints":{"allow":["GET"]}}],"collection":[{"href":"https:\/\/safetypartners.fi\/kauppa\/wp-json\/wp\/v2\/product"}],"about":[{"href":"https:\/\/safetypartners.fi\/kauppa\/wp-json\/wp\/v2\/types\/product"}],"replies":[{"embeddable":true,"href":"https:\/\/safetypartners.fi\/kauppa\/wp-json\/wp\/v2\/comments?post=904"}],"version-history":[{"count":6,"href":"https:\/\/safetypartners.fi\/kauppa\/wp-json\/wp\/v2\/product\/904\/revisions"}],"predecessor-version":[{"id":1028,"href":"https:\/\/safetypartners.fi\/kauppa\/wp-json\/wp\/v2\/product\/904\/revisions\/1028"}],"wp:featuredmedia":[{"embeddable":true,"href":"https:\/\/safetypartners.fi\/kauppa\/wp-json\/wp\/v2\/media\/2597"}],"wp:attachment":[{"href":"https:\/\/safetypartners.fi\/kauppa\/wp-json\/wp\/v2\/media?parent=904"}],"wp:term":[{"taxonomy":"product_brand","embeddable":true,"href":"https:\/\/safetypartners.fi\/kauppa\/wp-json\/wp\/v2\/product_brand?post=904"},{"taxonomy":"product_cat","embeddable":true,"href":"https:\/\/safetypartners.fi\/kauppa\/wp-json\/wp\/v2\/product_cat?post=904"},{"taxonomy":"product_tag","embeddable":true,"href":"https:\/\/safetypartners.fi\/kauppa\/wp-json\/wp\/v2\/product_tag?post=904"}],"curies":[{"name":"wp","href":"https:\/\/api.w.org\/{rel}","templated":true}]}}