{"id":906,"date":"2022-08-18T16:51:51","date_gmt":"2022-08-18T13:51:51","guid":{"rendered":"https:\/\/safetypartners.fi\/kauppa\/?post_type=product&#038;p=906"},"modified":"2026-02-17T12:33:42","modified_gmt":"2026-02-17T10:33:42","slug":"fireangel-wi-safe2-10-vuoden-langaton-palovaroitin-230v","status":"publish","type":"product","link":"https:\/\/safetypartners.fi\/kauppa\/tuote\/fireangel-wi-safe2-10-vuoden-langaton-palovaroitin-230v","title":{"rendered":"FireAngel WI-SAFE2 10 vuoden langaton palovaroitin 230V"},"content":{"rendered":"<p>Varoittimen ohut asennuspohja mahdollistaa yksinkertaisen asennuksen. 10 vuoden paristovarmennuksella varustettu\u00a0 WI-SAFE2-varoitin tuovat mielenrauhaa s\u00e4hk\u00f6katkoksen varalta: varoitin toimii paristonsa varassa t\u00e4ll\u00f6inkin.<\/p>\n<ul>\n<li>Muun muassa UK Fire &amp; Rescue Services k\u00e4ytt\u00e4\u00e4 Thermoptek Multi-Sensor -teknologiaa yli 90 prosenttisesti.<\/li>\n<li>Verkkovirralla toimiva, 230V<\/li>\n<li>Sis\u00e4lt\u00e4\u00e4 10 vuoden sinet\u00f6idyn litiumpariston (varavirta)<\/li>\n<li>Suurikokoinen keskipainike testausta, mykistyst\u00e4 ja paikannusta varten<\/li>\n<li>Smart Silence sallii h\u00e4lytyksen vaimentamisen jopa 10 minuutin ajaksi v\u00e4\u00e4r\u00e4n h\u00e4lytyksen yhteydess\u00e4. Mik\u00e4li t\u00e4m\u00e4n 10 minuutin aikana havaitaan lis\u00e4\u00e4 savua, h\u00e4lytys aktivoituu uudelleen.<\/li>\n<li>Paikannustoiminto tarkoittaa, ett\u00e4 kun j\u00e4rjestelm\u00e4 h\u00e4lytt\u00e4\u00e4, yht\u00e4 nappia painamalla kaikki yksik\u00f6t mykistyv\u00e4t &#8211; h\u00e4lytyksen laukaissutta yksikk\u00f6\u00e4 lukuunottamatta.<\/li>\n<\/ul>\n<p>Tyyppi: Optinen palovaroitin<br \/>\nYhteenliitett\u00e4vyys: Kyll\u00e4, langaton (max. 50 laitetta)<br \/>\nTaajuus: 868 Mhz<br \/>\nKantavuus: avoimessa tilassa max. 200m, sis\u00e4tiloissa max 35m.<br \/>\nTaukotoiminto: Kyll\u00e4<br \/>\nVirtal\u00e4hde: Sis\u00e4\u00e4nrakennettu litiumparisto<br \/>\nParisto: 3V \/ CR2<br \/>\nPariston k\u00e4ytt\u00f6ik\u00e4 (noin): 10 vuotta<br \/>\nSignaalin voimakkuus: 85 dB \/ 3m<br \/>\nKiinnitys: Ruuvit<br \/>\nSertifiointi: SS-EN 14604<br \/>\nHyv\u00e4ksynt\u00e4: CE<\/p>\n","protected":false},"excerpt":{"rendered":"<p><strong>FireAngelin WI-SAFE2 10 vuoden langaton palovaroitin<\/strong> hy\u00f6dynt\u00e4\u00e4 uusinta optista sensoriteknologiaa. Edistyksellinen Thermoptek-tekniikka tarkoittaa kahta l\u00e4mp\u00f6tila-anturia, joiden yhteisty\u00f6n\u00e4 syntyy varoittimen kyky reagoida nopeammin sek\u00e4 hitaasti kyteviin ett\u00e4 nopeasti syttyviin tulipaloihin. Varoitin on my\u00f6s aiempaa tarkempi v\u00e4\u00e4rien h\u00e4lytysten suhteen, j\u00e4tt\u00e4en reagoimatta tyypillisiin v\u00e4\u00e4rien h\u00e4lytysten tilanteisiin.<\/p>\n<p>Toimii verkkovirralla ja s\u00e4hk\u00f6katkoksen sattuessa varavirtaparistonsa avulla. Thermoptek-tekniikka ei aiheuta ongelmia tuotteiden varastoinnille tai h\u00e4vitt\u00e4miselle.<\/p>\n","protected":false},"featured_media":966,"comment_status":"open","ping_status":"closed","template":"","meta":{"_uag_custom_page_level_css":"","site-sidebar-layout":"default","site-content-layout":"","ast-site-content-layout":"default","site-content-style":"default","site-sidebar-style":"default","ast-global-header-display":"","ast-banner-title-visibility":"","ast-main-header-display":"","ast-hfb-above-header-display":"","ast-hfb-below-header-display":"","ast-hfb-mobile-header-display":"","site-post-title":"","ast-breadcrumbs-content":"","ast-featured-img":"","footer-sml-layout":"","ast-disable-related-posts":"","theme-transparent-header-meta":"default","adv-header-id-meta":"","stick-header-meta":"default","header-above-stick-meta":"","header-main-stick-meta":"","header-below-stick-meta":"","astra-migrate-meta-layouts":"set","ast-page-background-enabled":"default","ast-page-background-meta":{"desktop":{"background-color":"","background-image":"","background-repeat":"repeat","background-position":"center center","background-size":"auto","background-attachment":"scroll","background-type":"","background-media":"","overlay-type":"","overlay-color":"","overlay-opacity":"","overlay-gradient":""},"tablet":{"background-color":"","background-image":"","background-repeat":"repeat","background-position":"center center","background-size":"auto","background-attachment":"scroll","background-type":"","background-media":"","overlay-type":"","overlay-color":"","overlay-opacity":"","overlay-gradient":""},"mobile":{"background-color":"","background-image":"","background-repeat":"repeat","background-position":"center center","background-size":"auto","background-attachment":"scroll","background-type":"","background-media":"","overlay-type":"","overlay-color":"","overlay-opacity":"","overlay-gradient":""}},"ast-content-background-meta":{"desktop":{"background-color":"var(--ast-global-color-5)","background-image":"","background-repeat":"repeat","background-position":"center center","background-size":"auto","background-attachment":"scroll","background-type":"","background-media":"","overlay-type":"","overlay-color":"","overlay-opacity":"","overlay-gradient":""},"tablet":{"background-color":"var(--ast-global-color-5)","background-image":"","background-repeat":"repeat","background-position":"center center","background-size":"auto","background-attachment":"scroll","background-type":"","background-media":"","overlay-type":"","overlay-color":"","overlay-opacity":"","overlay-gradient":""},"mobile":{"background-color":"var(--ast-global-color-5)","background-image":"","background-repeat":"repeat","background-position":"center center","background-size":"auto","background-attachment":"scroll","background-type":"","background-media":"","overlay-type":"","overlay-color":"","overlay-opacity":"","overlay-gradient":""}}},"product_brand":[],"product_cat":[15,30,216,316],"product_tag":[332,338,326,337,327,318,317,330,340,333,339,328],"class_list":{"0":"post-906","1":"product","2":"type-product","3":"status-publish","4":"has-post-thumbnail","6":"product_cat-yleinen","7":"product_cat-paloturvallisuus","8":"product_cat-palovaroittimet","9":"product_cat-yhdistettavat-palovaroittimet","10":"product_tag-10-vuoden-paristo","11":"product_tag-230v","12":"product_tag-fireangel-10-vuoden-thermoptek-palovaroitin","13":"product_tag-laadukas","14":"product_tag-langaton","15":"product_tag-optinen","16":"product_tag-palovaroitin","17":"product_tag-palovaroittimet","18":"product_tag-sahkoverkkoon-liitettava","19":"product_tag-sisainen-akku","20":"product_tag-verkkovirta","21":"product_tag-wi-safe2","22":"product_shipping_class-suomi","23":"desktop-align-center","24":"tablet-align-center","25":"mobile-align-center","26":"ast-product-gallery-layout-horizontal-slider","27":"ast-product-tabs-layout-horizontal","29":"first","30":"instock","31":"taxable","32":"shipping-taxable","33":"purchasable","34":"product-type-simple"},"yoast_head":"<!-- This site is optimized with the Yoast SEO plugin v27.3 - https:\/\/yoast.com\/product\/yoast-seo-wordpress\/ -->\n<title>FireAngel WI-SAFE2 10 vuoden langaton palovaroitin 230V - Safety Partners<\/title>\n<meta name=\"description\" content=\"Edistyksellinen wi-fi-verkolla toimiva palovaroitin hy\u00f6dynt\u00e4\u00e4 verkkovirtaa ja s\u00e4hk\u00f6katkoksen sattuessa varavirtaparistoansa. Varmasti turvallinen varoitin.\" \/>\n<meta name=\"robots\" content=\"index, follow, max-snippet:-1, max-image-preview:large, max-video-preview:-1\" \/>\n<link rel=\"canonical\" href=\"https:\/\/safetypartners.fi\/kauppa\/tuote\/fireangel-wi-safe2-10-vuoden-langaton-palovaroitin-230v\" \/>\n<meta property=\"og:locale\" content=\"fi_FI\" \/>\n<meta property=\"og:type\" content=\"article\" \/>\n<meta property=\"og:title\" content=\"FireAngel WI-SAFE2 10 vuoden langaton palovaroitin 230V - Safety Partners\" \/>\n<meta property=\"og:description\" content=\"Edistyksellinen wi-fi-verkolla toimiva palovaroitin hy\u00f6dynt\u00e4\u00e4 verkkovirtaa ja s\u00e4hk\u00f6katkoksen sattuessa varavirtaparistoansa. Varmasti turvallinen varoitin.\" \/>\n<meta property=\"og:url\" content=\"https:\/\/safetypartners.fi\/kauppa\/tuote\/fireangel-wi-safe2-10-vuoden-langaton-palovaroitin-230v\" \/>\n<meta property=\"og:site_name\" content=\"Safety Partners\" \/>\n<meta property=\"article:modified_time\" content=\"2026-02-17T10:33:42+00:00\" \/>\n<meta property=\"og:image\" content=\"https:\/\/safetypartners.fi\/kauppa\/wp-content\/uploads\/2022\/08\/11203_pim.png\" \/>\n\t<meta property=\"og:image:width\" content=\"1500\" \/>\n\t<meta property=\"og:image:height\" content=\"1500\" \/>\n\t<meta property=\"og:image:type\" content=\"image\/png\" \/>\n<meta name=\"twitter:card\" content=\"summary_large_image\" \/>\n<meta name=\"twitter:label1\" content=\"Arvioitu lukuaika\" \/>\n\t<meta name=\"twitter:data1\" content=\"2 minuuttia\" \/>\n<script type=\"application\/ld+json\" class=\"yoast-schema-graph\">{\"@context\":\"https:\\\/\\\/schema.org\",\"@graph\":[{\"@type\":\"WebPage\",\"@id\":\"https:\\\/\\\/safetypartners.fi\\\/kauppa\\\/tuote\\\/fireangel-wi-safe2-10-vuoden-langaton-palovaroitin-230v\",\"url\":\"https:\\\/\\\/safetypartners.fi\\\/kauppa\\\/tuote\\\/fireangel-wi-safe2-10-vuoden-langaton-palovaroitin-230v\",\"name\":\"FireAngel WI-SAFE2 10 vuoden langaton palovaroitin 230V - Safety Partners\",\"isPartOf\":{\"@id\":\"https:\\\/\\\/safetypartners.fi\\\/kauppa\\\/#website\"},\"primaryImageOfPage\":{\"@id\":\"https:\\\/\\\/safetypartners.fi\\\/kauppa\\\/tuote\\\/fireangel-wi-safe2-10-vuoden-langaton-palovaroitin-230v#primaryimage\"},\"image\":{\"@id\":\"https:\\\/\\\/safetypartners.fi\\\/kauppa\\\/tuote\\\/fireangel-wi-safe2-10-vuoden-langaton-palovaroitin-230v#primaryimage\"},\"thumbnailUrl\":\"https:\\\/\\\/safetypartners.fi\\\/kauppa\\\/wp-content\\\/uploads\\\/2022\\\/08\\\/11203_pim.png\",\"datePublished\":\"2022-08-18T13:51:51+00:00\",\"dateModified\":\"2026-02-17T10:33:42+00:00\",\"description\":\"Edistyksellinen wi-fi-verkolla toimiva palovaroitin hy\u00f6dynt\u00e4\u00e4 verkkovirtaa ja s\u00e4hk\u00f6katkoksen sattuessa varavirtaparistoansa. Varmasti turvallinen varoitin.\",\"breadcrumb\":{\"@id\":\"https:\\\/\\\/safetypartners.fi\\\/kauppa\\\/tuote\\\/fireangel-wi-safe2-10-vuoden-langaton-palovaroitin-230v#breadcrumb\"},\"inLanguage\":\"fi\",\"potentialAction\":[{\"@type\":\"ReadAction\",\"target\":[\"https:\\\/\\\/safetypartners.fi\\\/kauppa\\\/tuote\\\/fireangel-wi-safe2-10-vuoden-langaton-palovaroitin-230v\"]}]},{\"@type\":\"ImageObject\",\"inLanguage\":\"fi\",\"@id\":\"https:\\\/\\\/safetypartners.fi\\\/kauppa\\\/tuote\\\/fireangel-wi-safe2-10-vuoden-langaton-palovaroitin-230v#primaryimage\",\"url\":\"https:\\\/\\\/safetypartners.fi\\\/kauppa\\\/wp-content\\\/uploads\\\/2022\\\/08\\\/11203_pim.png\",\"contentUrl\":\"https:\\\/\\\/safetypartners.fi\\\/kauppa\\\/wp-content\\\/uploads\\\/2022\\\/08\\\/11203_pim.png\",\"width\":1500,\"height\":1500,\"caption\":\"FireAngel WI-SAFE2 palovaroitin 230V\"},{\"@type\":\"BreadcrumbList\",\"@id\":\"https:\\\/\\\/safetypartners.fi\\\/kauppa\\\/tuote\\\/fireangel-wi-safe2-10-vuoden-langaton-palovaroitin-230v#breadcrumb\",\"itemListElement\":[{\"@type\":\"ListItem\",\"position\":1,\"name\":\"Home\",\"item\":\"https:\\\/\\\/safetypartners.fi\\\/kauppa\\\/\"},{\"@type\":\"ListItem\",\"position\":2,\"name\":\"Kauppa\",\"item\":\"https:\\\/\\\/safetypartners.fi\\\/kauppa\\\/kauppa\"},{\"@type\":\"ListItem\",\"position\":3,\"name\":\"FireAngel WI-SAFE2 10 vuoden langaton palovaroitin 230V\"}]},{\"@type\":\"WebSite\",\"@id\":\"https:\\\/\\\/safetypartners.fi\\\/kauppa\\\/#website\",\"url\":\"https:\\\/\\\/safetypartners.fi\\\/kauppa\\\/\",\"name\":\"Safety Partners\",\"description\":\"Safety Partners turvakauppa palvelee verkossa 24\\\/7!\",\"publisher\":{\"@id\":\"https:\\\/\\\/safetypartners.fi\\\/kauppa\\\/#organization\"},\"potentialAction\":[{\"@type\":\"SearchAction\",\"target\":{\"@type\":\"EntryPoint\",\"urlTemplate\":\"https:\\\/\\\/safetypartners.fi\\\/kauppa\\\/?s={search_term_string}\"},\"query-input\":{\"@type\":\"PropertyValueSpecification\",\"valueRequired\":true,\"valueName\":\"search_term_string\"}}],\"inLanguage\":\"fi\"},{\"@type\":\"Organization\",\"@id\":\"https:\\\/\\\/safetypartners.fi\\\/kauppa\\\/#organization\",\"name\":\"Safety Partners | Suomen Sammutinpalvelu\",\"url\":\"https:\\\/\\\/safetypartners.fi\\\/kauppa\\\/\",\"logo\":{\"@type\":\"ImageObject\",\"inLanguage\":\"fi\",\"@id\":\"https:\\\/\\\/safetypartners.fi\\\/kauppa\\\/#\\\/schema\\\/logo\\\/image\\\/\",\"url\":\"https:\\\/\\\/safetypartners.fi\\\/kauppa\\\/wp-content\\\/uploads\\\/2020\\\/05\\\/cropped-Logoke-1.jpg\",\"contentUrl\":\"https:\\\/\\\/safetypartners.fi\\\/kauppa\\\/wp-content\\\/uploads\\\/2020\\\/05\\\/cropped-Logoke-1.jpg\",\"width\":847,\"height\":717,\"caption\":\"Safety Partners | Suomen Sammutinpalvelu\"},\"image\":{\"@id\":\"https:\\\/\\\/safetypartners.fi\\\/kauppa\\\/#\\\/schema\\\/logo\\\/image\\\/\"}}]}<\/script>\n<!-- \/ Yoast SEO plugin. -->","yoast_head_json":{"title":"FireAngel WI-SAFE2 10 vuoden langaton palovaroitin 230V - Safety Partners","description":"Edistyksellinen wi-fi-verkolla toimiva palovaroitin hy\u00f6dynt\u00e4\u00e4 verkkovirtaa ja s\u00e4hk\u00f6katkoksen sattuessa varavirtaparistoansa. Varmasti turvallinen varoitin.","robots":{"index":"index","follow":"follow","max-snippet":"max-snippet:-1","max-image-preview":"max-image-preview:large","max-video-preview":"max-video-preview:-1"},"canonical":"https:\/\/safetypartners.fi\/kauppa\/tuote\/fireangel-wi-safe2-10-vuoden-langaton-palovaroitin-230v","og_locale":"fi_FI","og_type":"article","og_title":"FireAngel WI-SAFE2 10 vuoden langaton palovaroitin 230V - Safety Partners","og_description":"Edistyksellinen wi-fi-verkolla toimiva palovaroitin hy\u00f6dynt\u00e4\u00e4 verkkovirtaa ja s\u00e4hk\u00f6katkoksen sattuessa varavirtaparistoansa. Varmasti turvallinen varoitin.","og_url":"https:\/\/safetypartners.fi\/kauppa\/tuote\/fireangel-wi-safe2-10-vuoden-langaton-palovaroitin-230v","og_site_name":"Safety Partners","article_modified_time":"2026-02-17T10:33:42+00:00","og_image":[{"width":1500,"height":1500,"url":"https:\/\/safetypartners.fi\/kauppa\/wp-content\/uploads\/2022\/08\/11203_pim.png","type":"image\/png"}],"twitter_card":"summary_large_image","twitter_misc":{"Arvioitu lukuaika":"2 minuuttia"},"schema":{"@context":"https:\/\/schema.org","@graph":[{"@type":"WebPage","@id":"https:\/\/safetypartners.fi\/kauppa\/tuote\/fireangel-wi-safe2-10-vuoden-langaton-palovaroitin-230v","url":"https:\/\/safetypartners.fi\/kauppa\/tuote\/fireangel-wi-safe2-10-vuoden-langaton-palovaroitin-230v","name":"FireAngel WI-SAFE2 10 vuoden langaton palovaroitin 230V - Safety Partners","isPartOf":{"@id":"https:\/\/safetypartners.fi\/kauppa\/#website"},"primaryImageOfPage":{"@id":"https:\/\/safetypartners.fi\/kauppa\/tuote\/fireangel-wi-safe2-10-vuoden-langaton-palovaroitin-230v#primaryimage"},"image":{"@id":"https:\/\/safetypartners.fi\/kauppa\/tuote\/fireangel-wi-safe2-10-vuoden-langaton-palovaroitin-230v#primaryimage"},"thumbnailUrl":"https:\/\/safetypartners.fi\/kauppa\/wp-content\/uploads\/2022\/08\/11203_pim.png","datePublished":"2022-08-18T13:51:51+00:00","dateModified":"2026-02-17T10:33:42+00:00","description":"Edistyksellinen wi-fi-verkolla toimiva palovaroitin hy\u00f6dynt\u00e4\u00e4 verkkovirtaa ja s\u00e4hk\u00f6katkoksen sattuessa varavirtaparistoansa. Varmasti turvallinen varoitin.","breadcrumb":{"@id":"https:\/\/safetypartners.fi\/kauppa\/tuote\/fireangel-wi-safe2-10-vuoden-langaton-palovaroitin-230v#breadcrumb"},"inLanguage":"fi","potentialAction":[{"@type":"ReadAction","target":["https:\/\/safetypartners.fi\/kauppa\/tuote\/fireangel-wi-safe2-10-vuoden-langaton-palovaroitin-230v"]}]},{"@type":"ImageObject","inLanguage":"fi","@id":"https:\/\/safetypartners.fi\/kauppa\/tuote\/fireangel-wi-safe2-10-vuoden-langaton-palovaroitin-230v#primaryimage","url":"https:\/\/safetypartners.fi\/kauppa\/wp-content\/uploads\/2022\/08\/11203_pim.png","contentUrl":"https:\/\/safetypartners.fi\/kauppa\/wp-content\/uploads\/2022\/08\/11203_pim.png","width":1500,"height":1500,"caption":"FireAngel WI-SAFE2 palovaroitin 230V"},{"@type":"BreadcrumbList","@id":"https:\/\/safetypartners.fi\/kauppa\/tuote\/fireangel-wi-safe2-10-vuoden-langaton-palovaroitin-230v#breadcrumb","itemListElement":[{"@type":"ListItem","position":1,"name":"Home","item":"https:\/\/safetypartners.fi\/kauppa\/"},{"@type":"ListItem","position":2,"name":"Kauppa","item":"https:\/\/safetypartners.fi\/kauppa\/kauppa"},{"@type":"ListItem","position":3,"name":"FireAngel WI-SAFE2 10 vuoden langaton palovaroitin 230V"}]},{"@type":"WebSite","@id":"https:\/\/safetypartners.fi\/kauppa\/#website","url":"https:\/\/safetypartners.fi\/kauppa\/","name":"Safety Partners","description":"Safety Partners turvakauppa palvelee verkossa 24\/7!","publisher":{"@id":"https:\/\/safetypartners.fi\/kauppa\/#organization"},"potentialAction":[{"@type":"SearchAction","target":{"@type":"EntryPoint","urlTemplate":"https:\/\/safetypartners.fi\/kauppa\/?s={search_term_string}"},"query-input":{"@type":"PropertyValueSpecification","valueRequired":true,"valueName":"search_term_string"}}],"inLanguage":"fi"},{"@type":"Organization","@id":"https:\/\/safetypartners.fi\/kauppa\/#organization","name":"Safety Partners | Suomen Sammutinpalvelu","url":"https:\/\/safetypartners.fi\/kauppa\/","logo":{"@type":"ImageObject","inLanguage":"fi","@id":"https:\/\/safetypartners.fi\/kauppa\/#\/schema\/logo\/image\/","url":"https:\/\/safetypartners.fi\/kauppa\/wp-content\/uploads\/2020\/05\/cropped-Logoke-1.jpg","contentUrl":"https:\/\/safetypartners.fi\/kauppa\/wp-content\/uploads\/2020\/05\/cropped-Logoke-1.jpg","width":847,"height":717,"caption":"Safety Partners | Suomen Sammutinpalvelu"},"image":{"@id":"https:\/\/safetypartners.fi\/kauppa\/#\/schema\/logo\/image\/"}}]}},"uagb_featured_image_src":{"full":["https:\/\/safetypartners.fi\/kauppa\/wp-content\/uploads\/2022\/08\/11203_pim.png",1500,1500,false],"thumbnail":["https:\/\/safetypartners.fi\/kauppa\/wp-content\/uploads\/2022\/08\/11203_pim-150x150.png",150,150,true],"medium":["https:\/\/safetypartners.fi\/kauppa\/wp-content\/uploads\/2022\/08\/11203_pim-300x300.png",300,300,true],"medium_large":["https:\/\/safetypartners.fi\/kauppa\/wp-content\/uploads\/2022\/08\/11203_pim-768x768.png",768,768,true],"large":["https:\/\/safetypartners.fi\/kauppa\/wp-content\/uploads\/2022\/08\/11203_pim-1024x1024.png",1024,1024,true],"1536x1536":["https:\/\/safetypartners.fi\/kauppa\/wp-content\/uploads\/2022\/08\/11203_pim.png",1500,1500,false],"2048x2048":["https:\/\/safetypartners.fi\/kauppa\/wp-content\/uploads\/2022\/08\/11203_pim.png",1500,1500,false],"woocommerce_thumbnail":["https:\/\/safetypartners.fi\/kauppa\/wp-content\/uploads\/2022\/08\/11203_pim-300x300.png",300,300,true],"woocommerce_single":["https:\/\/safetypartners.fi\/kauppa\/wp-content\/uploads\/2022\/08\/11203_pim-600x600.png",600,600,true],"woocommerce_gallery_thumbnail":["https:\/\/safetypartners.fi\/kauppa\/wp-content\/uploads\/2022\/08\/11203_pim-100x100.png",100,100,true]},"uagb_author_info":{"display_name":"Anu Lehto","author_link":"https:\/\/safetypartners.fi\/kauppa\/author"},"uagb_comment_info":0,"uagb_excerpt":"FireAngelin WI-SAFE2 10 vuoden langaton palovaroitin hy\u00f6dynt\u00e4\u00e4 uusinta optista sensoriteknologiaa. Edistyksellinen Thermoptek-tekniikka tarkoittaa kahta l\u00e4mp\u00f6tila-anturia, joiden yhteisty\u00f6n\u00e4 syntyy varoittimen kyky reagoida nopeammin sek\u00e4 hitaasti kyteviin ett\u00e4 nopeasti syttyviin tulipaloihin. Varoitin on my\u00f6s aiempaa tarkempi v\u00e4\u00e4rien h\u00e4lytysten suhteen, j\u00e4tt\u00e4en reagoimatta tyypillisiin v\u00e4\u00e4rien h\u00e4lytysten tilanteisiin. Toimii verkkovirralla ja s\u00e4hk\u00f6katkoksen sattuessa varavirtaparistonsa avulla. Thermoptek-tekniikka ei aiheuta ongelmia tuotteiden&hellip;","_links":{"self":[{"href":"https:\/\/safetypartners.fi\/kauppa\/wp-json\/wp\/v2\/product\/906","targetHints":{"allow":["GET"]}}],"collection":[{"href":"https:\/\/safetypartners.fi\/kauppa\/wp-json\/wp\/v2\/product"}],"about":[{"href":"https:\/\/safetypartners.fi\/kauppa\/wp-json\/wp\/v2\/types\/product"}],"replies":[{"embeddable":true,"href":"https:\/\/safetypartners.fi\/kauppa\/wp-json\/wp\/v2\/comments?post=906"}],"version-history":[{"count":3,"href":"https:\/\/safetypartners.fi\/kauppa\/wp-json\/wp\/v2\/product\/906\/revisions"}],"predecessor-version":[{"id":3405,"href":"https:\/\/safetypartners.fi\/kauppa\/wp-json\/wp\/v2\/product\/906\/revisions\/3405"}],"wp:featuredmedia":[{"embeddable":true,"href":"https:\/\/safetypartners.fi\/kauppa\/wp-json\/wp\/v2\/media\/966"}],"wp:attachment":[{"href":"https:\/\/safetypartners.fi\/kauppa\/wp-json\/wp\/v2\/media?parent=906"}],"wp:term":[{"taxonomy":"product_brand","embeddable":true,"href":"https:\/\/safetypartners.fi\/kauppa\/wp-json\/wp\/v2\/product_brand?post=906"},{"taxonomy":"product_cat","embeddable":true,"href":"https:\/\/safetypartners.fi\/kauppa\/wp-json\/wp\/v2\/product_cat?post=906"},{"taxonomy":"product_tag","embeddable":true,"href":"https:\/\/safetypartners.fi\/kauppa\/wp-json\/wp\/v2\/product_tag?post=906"}],"curies":[{"name":"wp","href":"https:\/\/api.w.org\/{rel}","templated":true}]}}